{"id":13232,"date":"2025-03-20T15:12:19","date_gmt":"2025-03-20T13:12:19","guid":{"rendered":"https:\/\/idakorea.ee\/?post_type=product&#038;p=13232"},"modified":"2026-01-30T14:31:50","modified_gmt":"2026-01-30T12:31:50","slug":"orn-puhastusvaht-teepuuoliga-dr-ceuracle-tea-tree-purifine-cleansing-foam-150ml","status":"publish","type":"product","link":"https:\/\/idakorea.ee\/fi\/product\/orn-puhastusvaht-teepuuoliga-dr-ceuracle-tea-tree-purifine-cleansing-foam-150ml\/","title":{"rendered":"Hell\u00e4varainen puhdistusvaahto teepuu\u00f6ljyll\u00e4 Dr.Ceuracle Tea Tree Purifine puhdistusvaahto, 150ml"},"content":{"rendered":"<p><strong>Dr.Ceuracle Tea Tree Purifine puhdistusvaahto<\/strong> on pehme\u00e4 puhdistusvaahto, joka poistaa lian, puhdistaa ihohuokoset ja s\u00e4\u00e4telee \u00f6ljynerityst\u00e4 samalla kun se yll\u00e4pit\u00e4\u00e4 ihon luonnollista suojaverkkoa ja rauhoittaa tulehdusta. Tuotteen pH on neutraali (5,0-6,0), mik\u00e4 auttaa yll\u00e4pit\u00e4m\u00e4\u00e4n ihon luonnollista tasapainoa.<\/p>\n<p>Puhdistusvaahto virkist\u00e4\u00e4, rauhoittaa ja kosteuttaa ihoa v\u00e4ltt\u00e4en kirist\u00e4v\u00e4\u00e4 tunnetta eik\u00e4 j\u00e4t\u00e4 rasvaista kiiltoa. Sen geelim\u00e4inen koostumus muuttuu runsaaksi vaahdoksi, joka puhdistaa tehokkaasti kuivattamatta ihoa.<\/p>\n<p><strong>T\u00e4rkeimm\u00e4t vaikuttavat aineet:<\/strong><\/p>\n<ul>\n<li><strong>Teepuuhydrolaatti (40,71%) ja teepuu\u00f6ljy (0,01%).<\/strong> - N\u00e4m\u00e4 Jeju-saaren kasveista per\u00e4isin olevat luonnolliset antiseptiset ainesosat v\u00e4hent\u00e4v\u00e4t tulehdusta, pit\u00e4v\u00e4t ihon kirkkaana ja v\u00e4hent\u00e4v\u00e4t aknea.<\/li>\n<li><strong>Roomalainen kamomilla\u00f6ljy<\/strong> - lievitt\u00e4\u00e4 tulehdusta ja \u00e4rsytyst\u00e4, rauhoittaa, s\u00e4vytt\u00e4\u00e4 ja kosteuttaa ihoa.<\/li>\n<li><strong>Laminaria (ruskealev\u00e4) -uute<\/strong> - sis\u00e4lt\u00e4\u00e4 runsaasti jodia ja antioksidantteja, palauttaa ihon kimmoisuuden ja ehk\u00e4isee kollageenin hajoamista.<\/li>\n<li><strong>Laventeli\u00f6ljy<\/strong> - antibakteerinen vaikutus, rauhoittaa \u00e4rtynytt\u00e4 ihoa ja v\u00e4hent\u00e4\u00e4 tulehdusta.<\/li>\n<li><strong>Eclipta-uute<\/strong> - rauhoittaa ja suojaa ihoa hapettumisstressilt\u00e4 ja vaikuttaa hoitavasti.<\/li>\n<li><strong>Kookosglukosidi<\/strong> - luonnollinen ja hell\u00e4varainen puhdistusaine, joka poistaa lian ja ylim\u00e4\u00e4r\u00e4isen \u00f6ljyn tukkimatta huokosia.<\/li>\n<li><strong>AHA-happo sitruunasta<\/strong> - kuorii hell\u00e4varaisesti kuolleita ihosoluja, v\u00e4hent\u00e4\u00e4 sameutta ja edist\u00e4\u00e4 ihon uudistumista.<\/li>\n<li><strong>Beetaglukaani (kaurasta per\u00e4isin oleva polysakkaridi).<\/strong> - vahvistaa vastustuskyky\u00e4, nopeuttaa ihon paranemista ja ehk\u00e4isee ik\u00e4\u00e4ntymisen merkkej\u00e4.<\/li>\n<li><strong>Fruktooligosakkaridit<\/strong> - auttavat yll\u00e4pit\u00e4m\u00e4\u00e4n ihon mikrobiomin tasapainoa v\u00e4hent\u00e4m\u00e4ll\u00e4 ulkoisten \u00e4rsytt\u00e4vien tekij\u00f6iden vaikutusta.<\/li>\n<li><strong>Hydrolysoitu hyaluronihappo<\/strong> - tunkeutuu pienen molekyylimassansa ansiosta syvemm\u00e4lle ihokerroksiin, kosteuttaa intensiivisesti ja ehk\u00e4isee kuivumista ja hilseily\u00e4.<\/li>\n<\/ul>\n<p>&nbsp;<\/p>\n<p><strong>K\u00e4ytt\u00f6opas: <\/strong>Levit\u00e4 vaahto kostealle iholle. Hiero kevyin py\u00f6rivin liikkein. Huuhtele l\u00e4mpim\u00e4ll\u00e4 vedell\u00e4.<\/p>","protected":false},"excerpt":{"rendered":"<p>Dr.Ceuracle Tea Tree Purifine Cleansing Foam on pehme\u00e4 puhdistusvaahto, joka poistaa lian, puhdistaa ihohuokoset ja s\u00e4\u00e4telee \u00f6ljynerityst\u00e4 samalla kun se yll\u00e4pit\u00e4\u00e4 ihon luonnollista suojaverkkoa ja rauhoittaa tulehdusta. Tuotteen pH on neutraali (5,0-6,0), mik\u00e4 auttaa yll\u00e4pit\u00e4m\u00e4\u00e4n ihon luonnollista tasapainoa. Puhdistusvaahto virkist\u00e4\u00e4, rauhoittaa ja kosteuttaa ihoa v\u00e4ltt\u00e4en kirist\u00e4v\u00e4\u00e4 tunnetta eik\u00e4 j\u00e4t\u00e4 rasvaista kiiltoa. Sen geelim\u00e4inen koostumus muuttaa...<\/p>","protected":false},"featured_media":13233,"comment_status":"open","ping_status":"closed","template":"","meta":{"_uf_show_specific_survey":0,"_uf_disable_surveys":false,"_bst_post_transparent":"default","_bst_post_title":"","_bst_post_layout":"default","_bst_post_sidebar_id":"","_bst_post_content_style":"default","_bst_post_vertical_padding":"default","_bst_post_feature":"","_bst_post_feature_position":"","_bst_post_header":false,"_bst_post_footer":false},"pwb-brand":[481],"product_brand":[],"product_cat":[92,452,100],"product_tag":[837],"class_list":{"0":"post-13232","1":"product","2":"type-product","3":"status-publish","4":"has-post-thumbnail","6":"pwb-brand-dr-ceuracle","7":"product_cat-nagu","8":"product_cat-naopuhastusgeelid","9":"product_cat-puhastusvahendid","10":"product_tag-dr-ceuracle","12":"first","13":"instock","14":"sale","15":"shipping-taxable","16":"purchasable","17":"product-type-simple","18":"entry","19":"content-bg","20":"loop-entry"},"supplier_id":null,"supplier_sku":"","barcode":null,"atum_controlled":true,"out_stock_date":null,"out_stock_threshold":null,"inheritable":false,"inbound_stock":0,"stock_on_hold":0,"sold_today":0,"sales_last_days":0,"out_stock_days":0,"lost_sales":0,"has_location":false,"update_date":"2026-04-14T00:05:07","atum_locations":[],"atum_stock_status":"instock","restock_status":false,"low_stock_amount":"","sales_update_date":"2026-04-14T00:05:07","calc_backorders":null,"yoast_head":"<!-- This site is optimized with the Yoast SEO plugin v27.2 - https:\/\/yoast.com\/product\/yoast-seo-wordpress\/ -->\n<title>\u00d5rn puhastusvaht teepuu\u00f5liga Dr.Ceuracle Tea Tree Purifine Cleansing Foam, 150ml - IDA.KOREA<\/title>\n<meta name=\"robots\" content=\"index, follow, max-snippet:-1, max-image-preview:large, max-video-preview:-1\" \/>\n<link rel=\"canonical\" href=\"https:\/\/idakorea.ee\/fi\/product\/orn-puhastusvaht-teepuuoliga-dr-ceuracle-tea-tree-purifine-cleansing-foam-150ml\/\" \/>\n<meta property=\"og:locale\" content=\"fi_FI\" \/>\n<meta property=\"og:type\" content=\"article\" \/>\n<meta property=\"og:title\" content=\"\u00d5rn puhastusvaht teepuu\u00f5liga Dr.Ceuracle Tea Tree Purifine Cleansing Foam, 150ml - IDA.KOREA\" \/>\n<meta property=\"og:description\" content=\"Dr.Ceuracle Tea Tree Purifine Cleansing Foam on pehme puhastusvaht, mis eemaldab mustuse, puhastab poore ja reguleerib rasueritust, s\u00e4ilitades samal ajal naha loomuliku kaitsebarj\u00e4\u00e4ri ja rahustades p\u00f5letikke. Toode on neutraalse pH-ga (5.0-6.0), mis aitab s\u00e4ilitada naha loomulikku tasakaalu. Puhastusvaht v\u00e4rskendab, rahustab ja niisutab nahka, v\u00e4ltides kiskuvat tunnet ja \u00e4ra j\u00e4ttes rasust l\u00e4iget. Selle geeljas tekstuur muutub...\" \/>\n<meta property=\"og:url\" content=\"https:\/\/idakorea.ee\/fi\/product\/orn-puhastusvaht-teepuuoliga-dr-ceuracle-tea-tree-purifine-cleansing-foam-150ml\/\" \/>\n<meta property=\"og:site_name\" content=\"IDA.KOREA\" \/>\n<meta property=\"article:modified_time\" content=\"2026-01-30T12:31:50+00:00\" \/>\n<meta property=\"og:image\" content=\"https:\/\/idakorea.ee\/wp-content\/uploads\/2025\/03\/dr.ceuracle-tea-tree-purifine-cleansing-foam-idakorea.jpg\" \/>\n\t<meta property=\"og:image:width\" content=\"1000\" \/>\n\t<meta property=\"og:image:height\" content=\"1000\" \/>\n\t<meta property=\"og:image:type\" content=\"image\/jpeg\" \/>\n<meta name=\"twitter:card\" content=\"summary_large_image\" \/>\n<meta name=\"twitter:label1\" content=\"Arvioitu lukuaika\" \/>\n\t<meta name=\"twitter:data1\" content=\"2 minuuttia\" \/>\n<script type=\"application\/ld+json\" class=\"yoast-schema-graph\">{\"@context\":\"https:\/\/schema.org\",\"@graph\":[{\"@type\":\"WebPage\",\"@id\":\"https:\/\/idakorea.ee\/product\/orn-puhastusvaht-teepuuoliga-dr-ceuracle-tea-tree-purifine-cleansing-foam-150ml\/\",\"url\":\"https:\/\/idakorea.ee\/product\/orn-puhastusvaht-teepuuoliga-dr-ceuracle-tea-tree-purifine-cleansing-foam-150ml\/\",\"name\":\"\u00d5rn puhastusvaht teepuu\u00f5liga Dr.Ceuracle Tea Tree Purifine Cleansing Foam, 150ml - IDA.KOREA\",\"isPartOf\":{\"@id\":\"https:\/\/idakorea.ee\/#website\"},\"primaryImageOfPage\":{\"@id\":\"https:\/\/idakorea.ee\/product\/orn-puhastusvaht-teepuuoliga-dr-ceuracle-tea-tree-purifine-cleansing-foam-150ml\/#primaryimage\"},\"image\":{\"@id\":\"https:\/\/idakorea.ee\/product\/orn-puhastusvaht-teepuuoliga-dr-ceuracle-tea-tree-purifine-cleansing-foam-150ml\/#primaryimage\"},\"thumbnailUrl\":\"https:\/\/idakorea.ee\/wp-content\/uploads\/2025\/03\/dr.ceuracle-tea-tree-purifine-cleansing-foam-idakorea.jpg\",\"datePublished\":\"2025-03-20T13:12:19+00:00\",\"dateModified\":\"2026-01-30T12:31:50+00:00\",\"breadcrumb\":{\"@id\":\"https:\/\/idakorea.ee\/product\/orn-puhastusvaht-teepuuoliga-dr-ceuracle-tea-tree-purifine-cleansing-foam-150ml\/#breadcrumb\"},\"inLanguage\":\"fi\",\"potentialAction\":[{\"@type\":\"ReadAction\",\"target\":[\"https:\/\/idakorea.ee\/product\/orn-puhastusvaht-teepuuoliga-dr-ceuracle-tea-tree-purifine-cleansing-foam-150ml\/\"]}]},{\"@type\":\"ImageObject\",\"inLanguage\":\"fi\",\"@id\":\"https:\/\/idakorea.ee\/product\/orn-puhastusvaht-teepuuoliga-dr-ceuracle-tea-tree-purifine-cleansing-foam-150ml\/#primaryimage\",\"url\":\"https:\/\/idakorea.ee\/wp-content\/uploads\/2025\/03\/dr.ceuracle-tea-tree-purifine-cleansing-foam-idakorea.jpg\",\"contentUrl\":\"https:\/\/idakorea.ee\/wp-content\/uploads\/2025\/03\/dr.ceuracle-tea-tree-purifine-cleansing-foam-idakorea.jpg\",\"width\":1000,\"height\":1000},{\"@type\":\"BreadcrumbList\",\"@id\":\"https:\/\/idakorea.ee\/product\/orn-puhastusvaht-teepuuoliga-dr-ceuracle-tea-tree-purifine-cleansing-foam-150ml\/#breadcrumb\",\"itemListElement\":[{\"@type\":\"ListItem\",\"position\":1,\"name\":\"\u0413\u043b\u0430\u0432\u043d\u0430\u044f \u0441\u0442\u0440\u0430\u043d\u0438\u0446\u0430\",\"item\":\"https:\/\/idakorea.ee\/\"},{\"@type\":\"ListItem\",\"position\":2,\"name\":\"Shop\",\"item\":\"https:\/\/idakorea.ee\/shop-2\/\"},{\"@type\":\"ListItem\",\"position\":3,\"name\":\"\u00d5rn puhastusvaht teepuu\u00f5liga Dr.Ceuracle Tea Tree Purifine Cleansing Foam, 150ml\"}]},{\"@type\":\"WebSite\",\"@id\":\"https:\/\/idakorea.ee\/#website\",\"url\":\"https:\/\/idakorea.ee\/\",\"name\":\"IDA.KOREA\",\"description\":\"Korea kosmeetika e-pood\",\"publisher\":{\"@id\":\"https:\/\/idakorea.ee\/#organization\"},\"alternateName\":\"Beauty Shop\",\"potentialAction\":[{\"@type\":\"SearchAction\",\"target\":{\"@type\":\"EntryPoint\",\"urlTemplate\":\"https:\/\/idakorea.ee\/?s={search_term_string}\"},\"query-input\":{\"@type\":\"PropertyValueSpecification\",\"valueRequired\":true,\"valueName\":\"search_term_string\"}}],\"inLanguage\":\"fi\"},{\"@type\":\"Organization\",\"@id\":\"https:\/\/idakorea.ee\/#organization\",\"name\":\"IDA.KOREA\",\"url\":\"https:\/\/idakorea.ee\/\",\"logo\":{\"@type\":\"ImageObject\",\"inLanguage\":\"fi\",\"@id\":\"https:\/\/idakorea.ee\/#\/schema\/logo\/image\/\",\"url\":\"https:\/\/idakorea.ee\/wp-content\/uploads\/2024\/05\/cropped-korea3.png\",\"contentUrl\":\"https:\/\/idakorea.ee\/wp-content\/uploads\/2024\/05\/cropped-korea3.png\",\"width\":688,\"height\":126,\"caption\":\"IDA.KOREA\"},\"image\":{\"@id\":\"https:\/\/idakorea.ee\/#\/schema\/logo\/image\/\"},\"sameAs\":[\"https:\/\/www.instagram.com\/ida.korea\/\"]}]}<\/script>\n<!-- \/ Yoast SEO plugin. -->","yoast_head_json":{"title":"Hell\u00e4varainen puhdistusvaahto teepuu\u00f6ljyll\u00e4 Dr.Ceuracle Tea Tree Purifine puhdistusvaahto, 150ml - IDA.KOREA","robots":{"index":"index","follow":"follow","max-snippet":"max-snippet:-1","max-image-preview":"max-image-preview:large","max-video-preview":"max-video-preview:-1"},"canonical":"https:\/\/idakorea.ee\/fi\/product\/orn-puhastusvaht-teepuuoliga-dr-ceuracle-tea-tree-purifine-cleansing-foam-150ml\/","og_locale":"fi_FI","og_type":"article","og_title":"\u00d5rn puhastusvaht teepuu\u00f5liga Dr.Ceuracle Tea Tree Purifine Cleansing Foam, 150ml - IDA.KOREA","og_description":"Dr.Ceuracle Tea Tree Purifine Cleansing Foam on pehme puhastusvaht, mis eemaldab mustuse, puhastab poore ja reguleerib rasueritust, s\u00e4ilitades samal ajal naha loomuliku kaitsebarj\u00e4\u00e4ri ja rahustades p\u00f5letikke. Toode on neutraalse pH-ga (5.0-6.0), mis aitab s\u00e4ilitada naha loomulikku tasakaalu. Puhastusvaht v\u00e4rskendab, rahustab ja niisutab nahka, v\u00e4ltides kiskuvat tunnet ja \u00e4ra j\u00e4ttes rasust l\u00e4iget. Selle geeljas tekstuur muutub...","og_url":"https:\/\/idakorea.ee\/fi\/product\/orn-puhastusvaht-teepuuoliga-dr-ceuracle-tea-tree-purifine-cleansing-foam-150ml\/","og_site_name":"IDA.KOREA","article_modified_time":"2026-01-30T12:31:50+00:00","og_image":[{"width":1000,"height":1000,"url":"https:\/\/idakorea.ee\/wp-content\/uploads\/2025\/03\/dr.ceuracle-tea-tree-purifine-cleansing-foam-idakorea.jpg","type":"image\/jpeg"}],"twitter_card":"summary_large_image","twitter_misc":{"Arvioitu lukuaika":"2 minuuttia"},"schema":{"@context":"https:\/\/schema.org","@graph":[{"@type":"WebPage","@id":"https:\/\/idakorea.ee\/product\/orn-puhastusvaht-teepuuoliga-dr-ceuracle-tea-tree-purifine-cleansing-foam-150ml\/","url":"https:\/\/idakorea.ee\/product\/orn-puhastusvaht-teepuuoliga-dr-ceuracle-tea-tree-purifine-cleansing-foam-150ml\/","name":"Hell\u00e4varainen puhdistusvaahto teepuu\u00f6ljyll\u00e4 Dr.Ceuracle Tea Tree Purifine puhdistusvaahto, 150ml - IDA.KOREA","isPartOf":{"@id":"https:\/\/idakorea.ee\/#website"},"primaryImageOfPage":{"@id":"https:\/\/idakorea.ee\/product\/orn-puhastusvaht-teepuuoliga-dr-ceuracle-tea-tree-purifine-cleansing-foam-150ml\/#primaryimage"},"image":{"@id":"https:\/\/idakorea.ee\/product\/orn-puhastusvaht-teepuuoliga-dr-ceuracle-tea-tree-purifine-cleansing-foam-150ml\/#primaryimage"},"thumbnailUrl":"https:\/\/idakorea.ee\/wp-content\/uploads\/2025\/03\/dr.ceuracle-tea-tree-purifine-cleansing-foam-idakorea.jpg","datePublished":"2025-03-20T13:12:19+00:00","dateModified":"2026-01-30T12:31:50+00:00","breadcrumb":{"@id":"https:\/\/idakorea.ee\/product\/orn-puhastusvaht-teepuuoliga-dr-ceuracle-tea-tree-purifine-cleansing-foam-150ml\/#breadcrumb"},"inLanguage":"fi","potentialAction":[{"@type":"ReadAction","target":["https:\/\/idakorea.ee\/product\/orn-puhastusvaht-teepuuoliga-dr-ceuracle-tea-tree-purifine-cleansing-foam-150ml\/"]}]},{"@type":"ImageObject","inLanguage":"fi","@id":"https:\/\/idakorea.ee\/product\/orn-puhastusvaht-teepuuoliga-dr-ceuracle-tea-tree-purifine-cleansing-foam-150ml\/#primaryimage","url":"https:\/\/idakorea.ee\/wp-content\/uploads\/2025\/03\/dr.ceuracle-tea-tree-purifine-cleansing-foam-idakorea.jpg","contentUrl":"https:\/\/idakorea.ee\/wp-content\/uploads\/2025\/03\/dr.ceuracle-tea-tree-purifine-cleansing-foam-idakorea.jpg","width":1000,"height":1000},{"@type":"BreadcrumbList","@id":"https:\/\/idakorea.ee\/product\/orn-puhastusvaht-teepuuoliga-dr-ceuracle-tea-tree-purifine-cleansing-foam-150ml\/#breadcrumb","itemListElement":[{"@type":"ListItem","position":1,"name":"\u0413\u043b\u0430\u0432\u043d\u0430\u044f \u0441\u0442\u0440\u0430\u043d\u0438\u0446\u0430","item":"https:\/\/idakorea.ee\/"},{"@type":"ListItem","position":2,"name":"Shop","item":"https:\/\/idakorea.ee\/shop-2\/"},{"@type":"ListItem","position":3,"name":"\u00d5rn puhastusvaht teepuu\u00f5liga Dr.Ceuracle Tea Tree Purifine Cleansing Foam, 150ml"}]},{"@type":"WebSite","@id":"https:\/\/idakorea.ee\/#website","url":"https:\/\/idakorea.ee\/","name":"IDA.KOREA","description":"Korean kosmetiikan verkkokauppa","publisher":{"@id":"https:\/\/idakorea.ee\/#organization"},"alternateName":"Beauty Shop","potentialAction":[{"@type":"SearchAction","target":{"@type":"EntryPoint","urlTemplate":"https:\/\/idakorea.ee\/?s={search_term_string}"},"query-input":{"@type":"PropertyValueSpecification","valueRequired":true,"valueName":"search_term_string"}}],"inLanguage":"fi"},{"@type":"Organization","@id":"https:\/\/idakorea.ee\/#organization","name":"IDA.KOREA","url":"https:\/\/idakorea.ee\/","logo":{"@type":"ImageObject","inLanguage":"fi","@id":"https:\/\/idakorea.ee\/#\/schema\/logo\/image\/","url":"https:\/\/idakorea.ee\/wp-content\/uploads\/2024\/05\/cropped-korea3.png","contentUrl":"https:\/\/idakorea.ee\/wp-content\/uploads\/2024\/05\/cropped-korea3.png","width":688,"height":126,"caption":"IDA.KOREA"},"image":{"@id":"https:\/\/idakorea.ee\/#\/schema\/logo\/image\/"},"sameAs":["https:\/\/www.instagram.com\/ida.korea\/"]}]}},"jetpack_sharing_enabled":true,"brands":[{"id":481,"name":"DR.CEURACLE","slug":"dr-ceuracle"}],"_links":{"self":[{"href":"https:\/\/idakorea.ee\/fi\/wp-json\/wp\/v2\/product\/13232","targetHints":{"allow":["GET"]}}],"collection":[{"href":"https:\/\/idakorea.ee\/fi\/wp-json\/wp\/v2\/product"}],"about":[{"href":"https:\/\/idakorea.ee\/fi\/wp-json\/wp\/v2\/types\/product"}],"replies":[{"embeddable":true,"href":"https:\/\/idakorea.ee\/fi\/wp-json\/wp\/v2\/comments?post=13232"}],"version-history":[{"count":1,"href":"https:\/\/idakorea.ee\/fi\/wp-json\/wp\/v2\/product\/13232\/revisions"}],"predecessor-version":[{"id":13237,"href":"https:\/\/idakorea.ee\/fi\/wp-json\/wp\/v2\/product\/13232\/revisions\/13237"}],"wp:featuredmedia":[{"embeddable":true,"href":"https:\/\/idakorea.ee\/fi\/wp-json\/wp\/v2\/media\/13233"}],"wp:attachment":[{"href":"https:\/\/idakorea.ee\/fi\/wp-json\/wp\/v2\/media?parent=13232"}],"wp:term":[{"taxonomy":"pwb-brand","embeddable":true,"href":"https:\/\/idakorea.ee\/fi\/wp-json\/wp\/v2\/pwb-brand?post=13232"},{"taxonomy":"product_brand","embeddable":true,"href":"https:\/\/idakorea.ee\/fi\/wp-json\/wp\/v2\/product_brand?post=13232"},{"taxonomy":"product_cat","embeddable":true,"href":"https:\/\/idakorea.ee\/fi\/wp-json\/wp\/v2\/product_cat?post=13232"},{"taxonomy":"product_tag","embeddable":true,"href":"https:\/\/idakorea.ee\/fi\/wp-json\/wp\/v2\/product_tag?post=13232"}],"curies":[{"name":"wp","href":"https:\/\/api.w.org\/{rel}","templated":true}]}}