{"id":13250,"date":"2025-03-21T09:40:44","date_gmt":"2025-03-21T07:40:44","guid":{"rendered":"https:\/\/idakorea.ee\/?post_type=product&#038;p=13250"},"modified":"2026-01-30T14:30:55","modified_gmt":"2026-01-30T12:30:55","slug":"99-lohe-pdrn-ekstrakti-kontsentratsiooniga-seerum-medicube-salmon-pdrn-pink-one-day-serum-15ml10tk","status":"publish","type":"product","link":"https:\/\/idakorea.ee\/fi\/product\/99-lohe-pdrn-ekstrakti-kontsentratsiooniga-seerum-medicube-salmon-pdrn-pink-one-day-serum-15ml10tk\/","title":{"rendered":"Medicube Salmon PDRN Pink One Day Serum 1,5ml*10kpl"},"content":{"rendered":"<p><strong>Lohi PDRN Pink -yhden p\u00e4iv\u00e4n seerumi \u2013<\/strong> V\u00e4litt\u00f6m\u00e4sti hehkuva ja kosteutettu iho!<\/p>\n<p>Saavuta nopeasti terve ja s\u00e4teilev\u00e4 iho Salmon PDRN Pink One Day Serumilla! 99% Salmon PDRN -uutetta sis\u00e4lt\u00e4v\u00e4 seerumi kosteuttaa syv\u00e4lt\u00e4 ja antaa iholle v\u00e4litt\u00f6m\u00e4n hehkun.<\/p>\n<p>Ylellinen vaaleanpunainen koostumus sis\u00e4lt\u00e4\u00e4 ravinteita, joiden t\u00e4ytel\u00e4inen mutta kevyt koostumus imeytyy nopeasti j\u00e4tt\u00e4en ihon raikkaaksi ja sile\u00e4ksi ilman tahmeaa tunnetta.<\/p>\n<p>V\u00e4h\u00e4\u00e4rsytyst\u00e4 testattu \u2013 hell\u00e4varainen koostumus sopii p\u00e4ivitt\u00e4iseen k\u00e4ytt\u00f6\u00f6n ja herk\u00e4lle iholle.<\/p>\n<p><strong>Miksi valita Salmon PDRN Pink One Day Serum?<\/strong><\/p>\n<p>V\u00e4lit\u00f6n hehku ja kosteutus \u2013 yksi tippa ja yksi sekunti raikastaa ihoa ja antaa kosteutetun, hehkuvan ihon.<br \/>\nVahvempi ja kimmoisampi iho \u2013 parantaa ihon tiheytt\u00e4 58,7%:ll\u00e4, tehden siit\u00e4 t\u00e4ytel\u00e4isemm\u00e4n ja s\u00e4teilev\u00e4mm\u00e4n.<br \/>\n99% Lohen PDRN magic \u2013 tasoittaa ihon s\u00e4vy\u00e4 ja tukee ihon uudistumista.<\/p>\n<h3><\/h3>\n<p><strong>Erityinen ilmatiivis s\u00e4ili\u00f6<\/strong><br \/>\nKapea ja ohut annostelija t\u00e4ytt\u00e4\u00e4 seerumin suoraan pulloon ilman, s\u00e4ilytt\u00e4en sen tuoreuden ja aktiiviset ainesosat.<\/p>\n<p><strong>Tuoreuden s\u00e4ilytysj\u00e4rjestelm\u00e4<\/strong><br \/>\nNopea t\u00e4ytt\u00f6 varmistaa, ett\u00e4 ainesosat s\u00e4ilytt\u00e4v\u00e4t korkeimman laatunsa ja tehokkuutensa.<\/p>\n<p><strong>Suurin PDRN-m\u00e4\u00e4r\u00e4 Korean markkinoilla: 1,5 ml<\/strong><br \/>\nJokainen s\u00e4ili\u00f6 sis\u00e4lt\u00e4\u00e4 Korean standardien mukaisesti suurimman sallitun m\u00e4\u00e4r\u00e4n PDRN:\u00e4\u00e4.<\/p>\n<p><strong>Ei keinotekoisia v\u00e4ri- tai hajusteita<\/strong><br \/>\nLuonnollinen vaaleanpunainen v\u00e4ri tulee vitamiineista - ilman keinotekoisia lis\u00e4aineita, hajusteeton ja intensiivisesti kosteuttavalla koostumuksella.<\/p>\n<p>&nbsp;<\/p>\n<p><strong>K\u00e4ytt\u00f6: <\/strong>Kierr\u00e4 korkki auki ja levit\u00e4 sopiva m\u00e4\u00e4r\u00e4 seerumia iholle kasvoveden k\u00e4yt\u00f6n j\u00e4lkeen. Jos tuotetta on j\u00e4ljell\u00e4, sulje korkki uudelleen ja k\u00e4yt\u00e4 24 tunnin kuluessa. V\u00e4lt\u00e4 tuotteen joutumista silmiin!<\/p>\n<p>&nbsp;<\/p>\n<p><strong>Hoito 1: PDRN One Day -seerumi + PDRN-ampulli<\/strong><\/p>\n<p>Saavuta tasainen, s\u00e4teilev\u00e4 ihons\u00e4vy ja syv\u00e4sti kosteutettu hehku.<\/p>\n<ol>\n<li><strong style=\"font-family: var(--global-body-font-family);\">Lohi PDRN yhden p\u00e4iv\u00e4n seerumi<\/strong><\/li>\n<li><strong>Lohi PDRN -ampulli \u2013 <a href=\"https:\/\/idakorea.ee\/fi\/product\/korgeaktiivne-vananemisvastane-seerum-medicube-pdrn-pink-peptide-serum-30ml\/\">Eritt\u00e4in aktiivinen ik\u00e4\u00e4ntymist\u00e4 est\u00e4v\u00e4 seerumi Medicube PDRN Pink Peptide Serum, 30ml \u2013 IDA.KOREA<\/a><\/strong><\/li>\n<\/ol>\n<p><strong>Hoito 2: PDRN One Day -seerumi + Medicube <\/strong><strong style=\"font-family: var(--global-body-font-family);\">IK\u00c4-R<\/strong><strong style=\"font-family: var(--global-body-font-family);\">\u00a0Booster Pro<\/strong><\/p>\n<p>K\u00e4yt\u00e4 yhdess\u00e4 <strong style=\"font-family: var(--global-body-font-family);\">IK\u00c4-R<\/strong><strong style=\"font-family: var(--global-body-font-family);\">\u00a0<\/strong><strong>\u00a0Booster Pro -laitteella<\/strong>saavuttaakseen v\u00e4litt\u00f6m\u00e4n hehkun ja eloisan ihon.<br \/>\n<em>Aloita aina alimmalta tasolta (taso 1).<\/em><\/p>\n<ol>\n<li><strong>Lohi PDRN yhden p\u00e4iv\u00e4n seerumi<\/strong><\/li>\n<li><strong>AGE-R Booster Pro \u2013 <a href=\"https:\/\/idakorea.ee\/fi\/product\/medicube-age-r-booster-pro\/\">Medicube Age-R Booster Pro - EAST.KOREA<\/a><\/strong><\/li>\n<\/ol>","protected":false},"excerpt":{"rendered":"<p>Salmon PDRN Pink One Day Serum - v\u00e4litt\u00f6m\u00e4sti s\u00e4teilev\u00e4 ja kosteutettu iho! Saavuta terve ja s\u00e4teilev\u00e4 iho hetkess\u00e4 Salmon PDRN Pink One Day Serum -seerumilla! 99% Salmon PDRN Extract Concentrated Serum kosteuttaa ihoa syv\u00e4sti ja antaa sille v\u00e4litt\u00f6m\u00e4n hehkun. Ylellinen vaaleanpunainen koostumus sis\u00e4lt\u00e4\u00e4 ravinteita, joiden runsas tiivisteinen mutta kevyt koostumus imeytyy nopeasti j\u00e4tt\u00e4en ihon raikkaaksi ja sile\u00e4ksi.....<\/p>","protected":false},"featured_media":13251,"comment_status":"open","ping_status":"closed","template":"","meta":{"_uf_show_specific_survey":0,"_uf_disable_surveys":false,"_bst_post_transparent":"default","_bst_post_title":"","_bst_post_layout":"default","_bst_post_sidebar_id":"","_bst_post_content_style":"default","_bst_post_vertical_padding":"default","_bst_post_feature":"","_bst_post_feature_position":"","_bst_post_header":false,"_bst_post_footer":false},"pwb-brand":[490],"product_brand":[],"product_cat":[92,97],"product_tag":[857,721,789],"class_list":{"0":"post-13250","1":"product","2":"type-product","3":"status-publish","4":"has-post-thumbnail","6":"pwb-brand-medicube","7":"product_cat-nagu","8":"product_cat-naoseerumid-ja-olid","9":"product_tag-age-r","10":"product_tag-medicube","11":"product_tag-pdrn","13":"first","14":"outofstock","15":"sale","16":"shipping-taxable","17":"purchasable","18":"product-type-simple","19":"entry","20":"content-bg","21":"loop-entry"},"supplier_id":null,"supplier_sku":"","barcode":null,"atum_controlled":true,"out_stock_date":"2026-01-09 20:42:58","out_stock_threshold":null,"inheritable":false,"inbound_stock":0,"stock_on_hold":0,"sold_today":0,"sales_last_days":0,"out_stock_days":94,"lost_sales":226,"has_location":false,"update_date":"2026-04-14T00:05:07","atum_locations":[],"atum_stock_status":"outofstock","restock_status":false,"low_stock_amount":"","sales_update_date":"2026-04-14T00:05:07","calc_backorders":null,"yoast_head":"<!-- This site is optimized with the Yoast SEO plugin v27.2 - https:\/\/yoast.com\/product\/yoast-seo-wordpress\/ -->\n<title>99% l\u00f5he PDRN-ekstrakti kontsentratsiooniga seerum Medicube Salmon PDRN Pink One Day Serum, 1,5ml*10tk - IDA.KOREA<\/title>\n<meta name=\"robots\" content=\"index, follow, max-snippet:-1, max-image-preview:large, max-video-preview:-1\" \/>\n<link rel=\"canonical\" href=\"https:\/\/idakorea.ee\/fi\/product\/99-lohe-pdrn-ekstrakti-kontsentratsiooniga-seerum-medicube-salmon-pdrn-pink-one-day-serum-15ml10tk\/\" \/>\n<meta property=\"og:locale\" content=\"fi_FI\" \/>\n<meta property=\"og:type\" content=\"article\" \/>\n<meta property=\"og:title\" content=\"99% l\u00f5he PDRN-ekstrakti kontsentratsiooniga seerum Medicube Salmon PDRN Pink One Day Serum, 1,5ml*10tk - IDA.KOREA\" \/>\n<meta property=\"og:description\" content=\"Salmon PDRN Pink One Day Serum \u2013 hetkega s\u00e4rav ja niisutatud nahk! Saavuta kiirelt terve ja s\u00e4rav jume meie Salmon PDRN Pink One Day Serum&#8217;iga! 99% l\u00f5he PDRN-ekstrakti kontsentratsiooniga seerum niisutab s\u00fcgavuti ja annab nahale kohese s\u00e4ra. Luksuslik roosa koostis sisaldab toitaineid, mille rikkalikult kontsentreeritud, kuid kerge tekstuur imendub kiiresti, j\u00e4ttes naha v\u00e4rskeks ja siledaks...\" \/>\n<meta property=\"og:url\" content=\"https:\/\/idakorea.ee\/fi\/product\/99-lohe-pdrn-ekstrakti-kontsentratsiooniga-seerum-medicube-salmon-pdrn-pink-one-day-serum-15ml10tk\/\" \/>\n<meta property=\"og:site_name\" content=\"IDA.KOREA\" \/>\n<meta property=\"article:modified_time\" content=\"2026-01-30T12:30:55+00:00\" \/>\n<meta property=\"og:image\" content=\"https:\/\/idakorea.ee\/wp-content\/uploads\/2025\/03\/buy-medicube-pdrn-pink-one-day-serum-15ml-10pcs-idakorea.webp\" \/>\n\t<meta property=\"og:image:width\" content=\"794\" \/>\n\t<meta property=\"og:image:height\" content=\"794\" \/>\n\t<meta property=\"og:image:type\" content=\"image\/webp\" \/>\n<meta name=\"twitter:card\" content=\"summary_large_image\" \/>\n<meta name=\"twitter:label1\" content=\"Arvioitu lukuaika\" \/>\n\t<meta name=\"twitter:data1\" content=\"2 minuuttia\" \/>\n<script type=\"application\/ld+json\" class=\"yoast-schema-graph\">{\"@context\":\"https:\/\/schema.org\",\"@graph\":[{\"@type\":\"WebPage\",\"@id\":\"https:\/\/idakorea.ee\/product\/99-lohe-pdrn-ekstrakti-kontsentratsiooniga-seerum-medicube-salmon-pdrn-pink-one-day-serum-15ml10tk\/\",\"url\":\"https:\/\/idakorea.ee\/product\/99-lohe-pdrn-ekstrakti-kontsentratsiooniga-seerum-medicube-salmon-pdrn-pink-one-day-serum-15ml10tk\/\",\"name\":\"99% l\u00f5he PDRN-ekstrakti kontsentratsiooniga seerum Medicube Salmon PDRN Pink One Day Serum, 1,5ml*10tk - IDA.KOREA\",\"isPartOf\":{\"@id\":\"https:\/\/idakorea.ee\/#website\"},\"primaryImageOfPage\":{\"@id\":\"https:\/\/idakorea.ee\/product\/99-lohe-pdrn-ekstrakti-kontsentratsiooniga-seerum-medicube-salmon-pdrn-pink-one-day-serum-15ml10tk\/#primaryimage\"},\"image\":{\"@id\":\"https:\/\/idakorea.ee\/product\/99-lohe-pdrn-ekstrakti-kontsentratsiooniga-seerum-medicube-salmon-pdrn-pink-one-day-serum-15ml10tk\/#primaryimage\"},\"thumbnailUrl\":\"https:\/\/idakorea.ee\/wp-content\/uploads\/2025\/03\/buy-medicube-pdrn-pink-one-day-serum-15ml-10pcs-idakorea.webp\",\"datePublished\":\"2025-03-21T07:40:44+00:00\",\"dateModified\":\"2026-01-30T12:30:55+00:00\",\"breadcrumb\":{\"@id\":\"https:\/\/idakorea.ee\/product\/99-lohe-pdrn-ekstrakti-kontsentratsiooniga-seerum-medicube-salmon-pdrn-pink-one-day-serum-15ml10tk\/#breadcrumb\"},\"inLanguage\":\"fi\",\"potentialAction\":[{\"@type\":\"ReadAction\",\"target\":[\"https:\/\/idakorea.ee\/product\/99-lohe-pdrn-ekstrakti-kontsentratsiooniga-seerum-medicube-salmon-pdrn-pink-one-day-serum-15ml10tk\/\"]}]},{\"@type\":\"ImageObject\",\"inLanguage\":\"fi\",\"@id\":\"https:\/\/idakorea.ee\/product\/99-lohe-pdrn-ekstrakti-kontsentratsiooniga-seerum-medicube-salmon-pdrn-pink-one-day-serum-15ml10tk\/#primaryimage\",\"url\":\"https:\/\/idakorea.ee\/wp-content\/uploads\/2025\/03\/buy-medicube-pdrn-pink-one-day-serum-15ml-10pcs-idakorea.webp\",\"contentUrl\":\"https:\/\/idakorea.ee\/wp-content\/uploads\/2025\/03\/buy-medicube-pdrn-pink-one-day-serum-15ml-10pcs-idakorea.webp\",\"width\":794,\"height\":794},{\"@type\":\"BreadcrumbList\",\"@id\":\"https:\/\/idakorea.ee\/product\/99-lohe-pdrn-ekstrakti-kontsentratsiooniga-seerum-medicube-salmon-pdrn-pink-one-day-serum-15ml10tk\/#breadcrumb\",\"itemListElement\":[{\"@type\":\"ListItem\",\"position\":1,\"name\":\"\u0413\u043b\u0430\u0432\u043d\u0430\u044f \u0441\u0442\u0440\u0430\u043d\u0438\u0446\u0430\",\"item\":\"https:\/\/idakorea.ee\/\"},{\"@type\":\"ListItem\",\"position\":2,\"name\":\"Shop\",\"item\":\"https:\/\/idakorea.ee\/shop-2\/\"},{\"@type\":\"ListItem\",\"position\":3,\"name\":\"99% l\u00f5he PDRN-ekstrakti kontsentratsiooniga seerum Medicube Salmon PDRN Pink One Day Serum, 1,5ml*10tk\"}]},{\"@type\":\"WebSite\",\"@id\":\"https:\/\/idakorea.ee\/#website\",\"url\":\"https:\/\/idakorea.ee\/\",\"name\":\"IDA.KOREA\",\"description\":\"Korea kosmeetika e-pood\",\"publisher\":{\"@id\":\"https:\/\/idakorea.ee\/#organization\"},\"alternateName\":\"Beauty Shop\",\"potentialAction\":[{\"@type\":\"SearchAction\",\"target\":{\"@type\":\"EntryPoint\",\"urlTemplate\":\"https:\/\/idakorea.ee\/?s={search_term_string}\"},\"query-input\":{\"@type\":\"PropertyValueSpecification\",\"valueRequired\":true,\"valueName\":\"search_term_string\"}}],\"inLanguage\":\"fi\"},{\"@type\":\"Organization\",\"@id\":\"https:\/\/idakorea.ee\/#organization\",\"name\":\"IDA.KOREA\",\"url\":\"https:\/\/idakorea.ee\/\",\"logo\":{\"@type\":\"ImageObject\",\"inLanguage\":\"fi\",\"@id\":\"https:\/\/idakorea.ee\/#\/schema\/logo\/image\/\",\"url\":\"https:\/\/idakorea.ee\/wp-content\/uploads\/2024\/05\/cropped-korea3.png\",\"contentUrl\":\"https:\/\/idakorea.ee\/wp-content\/uploads\/2024\/05\/cropped-korea3.png\",\"width\":688,\"height\":126,\"caption\":\"IDA.KOREA\"},\"image\":{\"@id\":\"https:\/\/idakorea.ee\/#\/schema\/logo\/image\/\"},\"sameAs\":[\"https:\/\/www.instagram.com\/ida.korea\/\"]}]}<\/script>\n<!-- \/ Yoast SEO plugin. -->","yoast_head_json":{"title":"99% lohen PDRN-uutetiivistetty seerumi Medicube-lohen PDRN-vaaleanpunainen yhden p\u00e4iv\u00e4n seerumi, 1,5 ml * 10 kpl - IT\u00c4-KOREA","robots":{"index":"index","follow":"follow","max-snippet":"max-snippet:-1","max-image-preview":"max-image-preview:large","max-video-preview":"max-video-preview:-1"},"canonical":"https:\/\/idakorea.ee\/fi\/product\/99-lohe-pdrn-ekstrakti-kontsentratsiooniga-seerum-medicube-salmon-pdrn-pink-one-day-serum-15ml10tk\/","og_locale":"fi_FI","og_type":"article","og_title":"99% l\u00f5he PDRN-ekstrakti kontsentratsiooniga seerum Medicube Salmon PDRN Pink One Day Serum, 1,5ml*10tk - IDA.KOREA","og_description":"Salmon PDRN Pink One Day Serum \u2013 hetkega s\u00e4rav ja niisutatud nahk! Saavuta kiirelt terve ja s\u00e4rav jume meie Salmon PDRN Pink One Day Serum&#8217;iga! 99% l\u00f5he PDRN-ekstrakti kontsentratsiooniga seerum niisutab s\u00fcgavuti ja annab nahale kohese s\u00e4ra. Luksuslik roosa koostis sisaldab toitaineid, mille rikkalikult kontsentreeritud, kuid kerge tekstuur imendub kiiresti, j\u00e4ttes naha v\u00e4rskeks ja siledaks...","og_url":"https:\/\/idakorea.ee\/fi\/product\/99-lohe-pdrn-ekstrakti-kontsentratsiooniga-seerum-medicube-salmon-pdrn-pink-one-day-serum-15ml10tk\/","og_site_name":"IDA.KOREA","article_modified_time":"2026-01-30T12:30:55+00:00","og_image":[{"width":794,"height":794,"url":"https:\/\/idakorea.ee\/wp-content\/uploads\/2025\/03\/buy-medicube-pdrn-pink-one-day-serum-15ml-10pcs-idakorea.webp","type":"image\/webp"}],"twitter_card":"summary_large_image","twitter_misc":{"Arvioitu lukuaika":"2 minuuttia"},"schema":{"@context":"https:\/\/schema.org","@graph":[{"@type":"WebPage","@id":"https:\/\/idakorea.ee\/product\/99-lohe-pdrn-ekstrakti-kontsentratsiooniga-seerum-medicube-salmon-pdrn-pink-one-day-serum-15ml10tk\/","url":"https:\/\/idakorea.ee\/product\/99-lohe-pdrn-ekstrakti-kontsentratsiooniga-seerum-medicube-salmon-pdrn-pink-one-day-serum-15ml10tk\/","name":"99% lohen PDRN-uutetiivistetty seerumi Medicube-lohen PDRN-vaaleanpunainen yhden p\u00e4iv\u00e4n seerumi, 1,5 ml * 10 kpl - IT\u00c4-KOREA","isPartOf":{"@id":"https:\/\/idakorea.ee\/#website"},"primaryImageOfPage":{"@id":"https:\/\/idakorea.ee\/product\/99-lohe-pdrn-ekstrakti-kontsentratsiooniga-seerum-medicube-salmon-pdrn-pink-one-day-serum-15ml10tk\/#primaryimage"},"image":{"@id":"https:\/\/idakorea.ee\/product\/99-lohe-pdrn-ekstrakti-kontsentratsiooniga-seerum-medicube-salmon-pdrn-pink-one-day-serum-15ml10tk\/#primaryimage"},"thumbnailUrl":"https:\/\/idakorea.ee\/wp-content\/uploads\/2025\/03\/buy-medicube-pdrn-pink-one-day-serum-15ml-10pcs-idakorea.webp","datePublished":"2025-03-21T07:40:44+00:00","dateModified":"2026-01-30T12:30:55+00:00","breadcrumb":{"@id":"https:\/\/idakorea.ee\/product\/99-lohe-pdrn-ekstrakti-kontsentratsiooniga-seerum-medicube-salmon-pdrn-pink-one-day-serum-15ml10tk\/#breadcrumb"},"inLanguage":"fi","potentialAction":[{"@type":"ReadAction","target":["https:\/\/idakorea.ee\/product\/99-lohe-pdrn-ekstrakti-kontsentratsiooniga-seerum-medicube-salmon-pdrn-pink-one-day-serum-15ml10tk\/"]}]},{"@type":"ImageObject","inLanguage":"fi","@id":"https:\/\/idakorea.ee\/product\/99-lohe-pdrn-ekstrakti-kontsentratsiooniga-seerum-medicube-salmon-pdrn-pink-one-day-serum-15ml10tk\/#primaryimage","url":"https:\/\/idakorea.ee\/wp-content\/uploads\/2025\/03\/buy-medicube-pdrn-pink-one-day-serum-15ml-10pcs-idakorea.webp","contentUrl":"https:\/\/idakorea.ee\/wp-content\/uploads\/2025\/03\/buy-medicube-pdrn-pink-one-day-serum-15ml-10pcs-idakorea.webp","width":794,"height":794},{"@type":"BreadcrumbList","@id":"https:\/\/idakorea.ee\/product\/99-lohe-pdrn-ekstrakti-kontsentratsiooniga-seerum-medicube-salmon-pdrn-pink-one-day-serum-15ml10tk\/#breadcrumb","itemListElement":[{"@type":"ListItem","position":1,"name":"\u0413\u043b\u0430\u0432\u043d\u0430\u044f \u0441\u0442\u0440\u0430\u043d\u0438\u0446\u0430","item":"https:\/\/idakorea.ee\/"},{"@type":"ListItem","position":2,"name":"Shop","item":"https:\/\/idakorea.ee\/shop-2\/"},{"@type":"ListItem","position":3,"name":"99% l\u00f5he PDRN-ekstrakti kontsentratsiooniga seerum Medicube Salmon PDRN Pink One Day Serum, 1,5ml*10tk"}]},{"@type":"WebSite","@id":"https:\/\/idakorea.ee\/#website","url":"https:\/\/idakorea.ee\/","name":"IDA.KOREA","description":"Korean kosmetiikan verkkokauppa","publisher":{"@id":"https:\/\/idakorea.ee\/#organization"},"alternateName":"Beauty Shop","potentialAction":[{"@type":"SearchAction","target":{"@type":"EntryPoint","urlTemplate":"https:\/\/idakorea.ee\/?s={search_term_string}"},"query-input":{"@type":"PropertyValueSpecification","valueRequired":true,"valueName":"search_term_string"}}],"inLanguage":"fi"},{"@type":"Organization","@id":"https:\/\/idakorea.ee\/#organization","name":"IDA.KOREA","url":"https:\/\/idakorea.ee\/","logo":{"@type":"ImageObject","inLanguage":"fi","@id":"https:\/\/idakorea.ee\/#\/schema\/logo\/image\/","url":"https:\/\/idakorea.ee\/wp-content\/uploads\/2024\/05\/cropped-korea3.png","contentUrl":"https:\/\/idakorea.ee\/wp-content\/uploads\/2024\/05\/cropped-korea3.png","width":688,"height":126,"caption":"IDA.KOREA"},"image":{"@id":"https:\/\/idakorea.ee\/#\/schema\/logo\/image\/"},"sameAs":["https:\/\/www.instagram.com\/ida.korea\/"]}]}},"jetpack_sharing_enabled":true,"brands":[{"id":490,"name":"MEDICUBE","slug":"medicube"}],"_links":{"self":[{"href":"https:\/\/idakorea.ee\/fi\/wp-json\/wp\/v2\/product\/13250","targetHints":{"allow":["GET"]}}],"collection":[{"href":"https:\/\/idakorea.ee\/fi\/wp-json\/wp\/v2\/product"}],"about":[{"href":"https:\/\/idakorea.ee\/fi\/wp-json\/wp\/v2\/types\/product"}],"replies":[{"embeddable":true,"href":"https:\/\/idakorea.ee\/fi\/wp-json\/wp\/v2\/comments?post=13250"}],"version-history":[{"count":3,"href":"https:\/\/idakorea.ee\/fi\/wp-json\/wp\/v2\/product\/13250\/revisions"}],"predecessor-version":[{"id":13256,"href":"https:\/\/idakorea.ee\/fi\/wp-json\/wp\/v2\/product\/13250\/revisions\/13256"}],"wp:featuredmedia":[{"embeddable":true,"href":"https:\/\/idakorea.ee\/fi\/wp-json\/wp\/v2\/media\/13251"}],"wp:attachment":[{"href":"https:\/\/idakorea.ee\/fi\/wp-json\/wp\/v2\/media?parent=13250"}],"wp:term":[{"taxonomy":"pwb-brand","embeddable":true,"href":"https:\/\/idakorea.ee\/fi\/wp-json\/wp\/v2\/pwb-brand?post=13250"},{"taxonomy":"product_brand","embeddable":true,"href":"https:\/\/idakorea.ee\/fi\/wp-json\/wp\/v2\/product_brand?post=13250"},{"taxonomy":"product_cat","embeddable":true,"href":"https:\/\/idakorea.ee\/fi\/wp-json\/wp\/v2\/product_cat?post=13250"},{"taxonomy":"product_tag","embeddable":true,"href":"https:\/\/idakorea.ee\/fi\/wp-json\/wp\/v2\/product_tag?post=13250"}],"curies":[{"name":"wp","href":"https:\/\/api.w.org\/{rel}","templated":true}]}}