{"id":13267,"date":"2025-03-22T14:09:23","date_gmt":"2025-03-22T12:09:23","guid":{"rendered":"https:\/\/idakorea.ee\/?post_type=product&#038;p=13267"},"modified":"2026-03-16T01:18:22","modified_gmt":"2026-03-15T23:18:22","slug":"huulemask-carenel-lime-lip-night-mask-5g","status":"publish","type":"product","link":"https:\/\/idakorea.ee\/fi\/product\/huulemask-carenel-lime-lip-night-mask-5g\/","title":{"rendered":"Huulinaamion hoito:Nel Lime Lip Night Mask, 5g"},"content":{"rendered":"<p><strong>Hoito: Nel Lime -huulinaamio y\u00f6ksi<\/strong>\u00a0on intensiivisesti ravitseva ja kosteuttava huulinaamio, joka hoitaa herkk\u00e4\u00e4 ihoa nukkuessasi. Naamiota voidaan k\u00e4ytt\u00e4\u00e4 my\u00f6s balsamina p\u00e4iv\u00e4ll\u00e4. Se poistaa kuolleita ihosoluja tehden huulista kosteutetut ja pehme\u00e4t seuraavana aamuna. Lis\u00e4\u00e4 kimmoisuutta, kiinteytt\u00e4\u00e4 ja luo suojaavan kerroksen, joka est\u00e4\u00e4 kosteuden haihtumisen. Naamio hoitaa herkk\u00e4\u00e4 huulten ihoa, parantaa ulkon\u00e4k\u00f6\u00e4 ja ehk\u00e4isee ennenaikaista ik\u00e4\u00e4ntymist\u00e4. Y\u00f6n aikana naamio korjaa tehokkaasti vaurioita ja antaa huulille viettelev\u00e4n ulkon\u00e4\u00f6n.<\/p>\n<p><strong>Ainesosat:<\/strong><\/p>\n<ul>\n<li><strong>C-vitamiini<\/strong> \u2013 tasoittaa ihon s\u00e4vy\u00e4, kirkastaa hell\u00e4varaisesti ja antaa s\u00e4teilev\u00e4n s\u00e4vyn. Taistelee vapaita radikaaleja vastaan ja suojaa ihoa ennenaikaiselta ik\u00e4\u00e4ntymiselt\u00e4.<\/li>\n<li><strong>Hyaluronihappo<\/strong> \u2013 kosteuttaa ihoa syv\u00e4lt\u00e4 ja est\u00e4\u00e4 kosteuden haihtumista. Sill\u00e4 on uudistavia ominaisuuksia ja se vahvistaa ihon puolustuskyky\u00e4.<\/li>\n<li><strong>Marjakompleksi<\/strong> \u2013 ravitsee ja kosteuttaa huulten ihoa tehokkaasti, pehment\u00e4\u00e4, v\u00e4hent\u00e4\u00e4 kuivuutta ja hilseily\u00e4 sek\u00e4 lis\u00e4\u00e4 kimmoisuutta. Rikastaa ihoa vitamiineilla, toimii antioksidanttisesti ja suojaa herkk\u00e4\u00e4 huulten ihoa ennenaikaiselta ik\u00e4\u00e4ntymiselt\u00e4.<\/li>\n<\/ul>\n<p>&nbsp;<\/p>\n<p>Sopii kaikille ihotyypeille.<\/p>\n<p><strong>K\u00e4ytt\u00f6opas:<\/strong>\u00a0Levit\u00e4 huulille sormella tai vanupuikolla.<\/p>","protected":false},"excerpt":{"rendered":"<p>Hoito:Nel Lime Lip Night Mask on intensiivisesti ravitseva ja kosteuttava huulinaamio, joka hoitaa herkk\u00e4\u00e4 ihoa unen aikana. Sit\u00e4 voidaan k\u00e4ytt\u00e4\u00e4 my\u00f6s p\u00e4iv\u00e4voiteena. Se poistaa kuollutta ihosolukkoa j\u00e4tt\u00e4en huulet kosteutetuiksi ja pehmeiksi seuraavana aamuna. Lis\u00e4\u00e4 kimmoisuutta, kiinteytt\u00e4\u00e4 ja luo suojakerroksen kosteuden menetyksen est\u00e4miseksi. Naamio hoitaa herkk\u00e4\u00e4 huulten ihoa, parantaa ulkon\u00e4k\u00f6\u00e4 ja ehk\u00e4isee ennenaikaista ik\u00e4\u00e4ntymist\u00e4. Y\u00f6n yli naamio palauttaa...<\/p>","protected":false},"featured_media":13268,"comment_status":"open","ping_status":"closed","template":"","meta":{"_uf_show_specific_survey":0,"_uf_disable_surveys":false,"_bst_post_transparent":"default","_bst_post_title":"","_bst_post_layout":"default","_bst_post_sidebar_id":"","_bst_post_content_style":"default","_bst_post_vertical_padding":"default","_bst_post_feature":"","_bst_post_feature_position":"","_bst_post_header":false,"_bst_post_footer":false},"pwb-brand":[675],"product_brand":[],"product_cat":[368],"product_tag":[676],"class_list":{"0":"post-13267","1":"product","2":"type-product","3":"status-publish","4":"has-post-thumbnail","6":"pwb-brand-carenel","7":"product_cat-huulepalsamid-ja-hooldus","8":"product_tag-lip-mask","10":"first","11":"instock","12":"sale","13":"shipping-taxable","14":"purchasable","15":"product-type-simple","16":"entry","17":"content-bg","18":"loop-entry"},"supplier_id":null,"supplier_sku":"","barcode":null,"atum_controlled":true,"out_stock_date":null,"out_stock_threshold":null,"inheritable":false,"inbound_stock":0,"stock_on_hold":0,"sold_today":0,"sales_last_days":1,"out_stock_days":0,"lost_sales":0,"has_location":false,"update_date":"2026-04-14T00:05:11","atum_locations":[],"atum_stock_status":"instock","restock_status":false,"low_stock_amount":"","sales_update_date":"2026-04-14T00:05:11","calc_backorders":null,"yoast_head":"<!-- This site is optimized with the Yoast SEO plugin v27.2 - https:\/\/yoast.com\/product\/yoast-seo-wordpress\/ -->\n<title>Huulemask Care:Nel Lime Lip Night Mask, 5g - IDA.KOREA<\/title>\n<meta name=\"description\" content=\"Care:Nel Lime Lip Night Mask\u00a0on intensiivselt toitev ja niisutav huulemask, mis hooldab \u00f5rna nahka une ajal. Maski v\u00f5ib kasutada ka p\u00e4eval palsamina.\" \/>\n<meta name=\"robots\" content=\"index, follow, max-snippet:-1, max-image-preview:large, max-video-preview:-1\" \/>\n<link rel=\"canonical\" href=\"https:\/\/idakorea.ee\/fi\/product\/huulemask-carenel-lime-lip-night-mask-5g\/\" \/>\n<meta property=\"og:locale\" content=\"fi_FI\" \/>\n<meta property=\"og:type\" content=\"article\" \/>\n<meta property=\"og:title\" content=\"Huulemask Care:Nel Lime Lip Night Mask, 5g - IDA.KOREA\" \/>\n<meta property=\"og:description\" content=\"Care:Nel Lime Lip Night Mask\u00a0on intensiivselt toitev ja niisutav huulemask, mis hooldab \u00f5rna nahka une ajal. Maski v\u00f5ib kasutada ka p\u00e4eval palsamina.\" \/>\n<meta property=\"og:url\" content=\"https:\/\/idakorea.ee\/fi\/product\/huulemask-carenel-lime-lip-night-mask-5g\/\" \/>\n<meta property=\"og:site_name\" content=\"IDA.KOREA\" \/>\n<meta property=\"article:modified_time\" content=\"2026-03-15T23:18:22+00:00\" \/>\n<meta property=\"og:image\" content=\"https:\/\/idakorea.ee\/wp-content\/uploads\/2025\/03\/carenel-lip-mask-idakorea.webp\" \/>\n\t<meta property=\"og:image:width\" content=\"800\" \/>\n\t<meta property=\"og:image:height\" content=\"800\" \/>\n\t<meta property=\"og:image:type\" content=\"image\/webp\" \/>\n<meta name=\"twitter:card\" content=\"summary_large_image\" \/>\n<meta name=\"twitter:label1\" content=\"Arvioitu lukuaika\" \/>\n\t<meta name=\"twitter:data1\" content=\"1 minuutti\" \/>\n<script type=\"application\/ld+json\" class=\"yoast-schema-graph\">{\"@context\":\"https:\/\/schema.org\",\"@graph\":[{\"@type\":\"WebPage\",\"@id\":\"https:\/\/idakorea.ee\/product\/huulemask-carenel-lime-lip-night-mask-5g\/\",\"url\":\"https:\/\/idakorea.ee\/product\/huulemask-carenel-lime-lip-night-mask-5g\/\",\"name\":\"Huulemask Care:Nel Lime Lip Night Mask, 5g - IDA.KOREA\",\"isPartOf\":{\"@id\":\"https:\/\/idakorea.ee\/#website\"},\"primaryImageOfPage\":{\"@id\":\"https:\/\/idakorea.ee\/product\/huulemask-carenel-lime-lip-night-mask-5g\/#primaryimage\"},\"image\":{\"@id\":\"https:\/\/idakorea.ee\/product\/huulemask-carenel-lime-lip-night-mask-5g\/#primaryimage\"},\"thumbnailUrl\":\"https:\/\/idakorea.ee\/wp-content\/uploads\/2025\/03\/carenel-lip-mask-idakorea.webp\",\"datePublished\":\"2025-03-22T12:09:23+00:00\",\"dateModified\":\"2026-03-15T23:18:22+00:00\",\"description\":\"Care:Nel Lime Lip Night Mask\u00a0on intensiivselt toitev ja niisutav huulemask, mis hooldab \u00f5rna nahka une ajal. Maski v\u00f5ib kasutada ka p\u00e4eval palsamina.\",\"breadcrumb\":{\"@id\":\"https:\/\/idakorea.ee\/product\/huulemask-carenel-lime-lip-night-mask-5g\/#breadcrumb\"},\"inLanguage\":\"fi\",\"potentialAction\":[{\"@type\":\"ReadAction\",\"target\":[\"https:\/\/idakorea.ee\/product\/huulemask-carenel-lime-lip-night-mask-5g\/\"]}]},{\"@type\":\"ImageObject\",\"inLanguage\":\"fi\",\"@id\":\"https:\/\/idakorea.ee\/product\/huulemask-carenel-lime-lip-night-mask-5g\/#primaryimage\",\"url\":\"https:\/\/idakorea.ee\/wp-content\/uploads\/2025\/03\/carenel-lip-mask-idakorea.webp\",\"contentUrl\":\"https:\/\/idakorea.ee\/wp-content\/uploads\/2025\/03\/carenel-lip-mask-idakorea.webp\",\"width\":800,\"height\":800},{\"@type\":\"BreadcrumbList\",\"@id\":\"https:\/\/idakorea.ee\/product\/huulemask-carenel-lime-lip-night-mask-5g\/#breadcrumb\",\"itemListElement\":[{\"@type\":\"ListItem\",\"position\":1,\"name\":\"\u0413\u043b\u0430\u0432\u043d\u0430\u044f \u0441\u0442\u0440\u0430\u043d\u0438\u0446\u0430\",\"item\":\"https:\/\/idakorea.ee\/\"},{\"@type\":\"ListItem\",\"position\":2,\"name\":\"Shop\",\"item\":\"https:\/\/idakorea.ee\/shop-2\/\"},{\"@type\":\"ListItem\",\"position\":3,\"name\":\"Huulemask Care:Nel Lime Lip Night Mask, 5g\"}]},{\"@type\":\"WebSite\",\"@id\":\"https:\/\/idakorea.ee\/#website\",\"url\":\"https:\/\/idakorea.ee\/\",\"name\":\"IDA.KOREA\",\"description\":\"Korea kosmeetika e-pood\",\"publisher\":{\"@id\":\"https:\/\/idakorea.ee\/#organization\"},\"alternateName\":\"Beauty Shop\",\"potentialAction\":[{\"@type\":\"SearchAction\",\"target\":{\"@type\":\"EntryPoint\",\"urlTemplate\":\"https:\/\/idakorea.ee\/?s={search_term_string}\"},\"query-input\":{\"@type\":\"PropertyValueSpecification\",\"valueRequired\":true,\"valueName\":\"search_term_string\"}}],\"inLanguage\":\"fi\"},{\"@type\":\"Organization\",\"@id\":\"https:\/\/idakorea.ee\/#organization\",\"name\":\"IDA.KOREA\",\"url\":\"https:\/\/idakorea.ee\/\",\"logo\":{\"@type\":\"ImageObject\",\"inLanguage\":\"fi\",\"@id\":\"https:\/\/idakorea.ee\/#\/schema\/logo\/image\/\",\"url\":\"https:\/\/idakorea.ee\/wp-content\/uploads\/2024\/05\/cropped-korea3.png\",\"contentUrl\":\"https:\/\/idakorea.ee\/wp-content\/uploads\/2024\/05\/cropped-korea3.png\",\"width\":688,\"height\":126,\"caption\":\"IDA.KOREA\"},\"image\":{\"@id\":\"https:\/\/idakorea.ee\/#\/schema\/logo\/image\/\"},\"sameAs\":[\"https:\/\/www.instagram.com\/ida.korea\/\"]}]}<\/script>\n<!-- \/ Yoast SEO plugin. -->","yoast_head_json":{"title":"Huulinaamion hoito: Nel Lime Lip Night Mask, 5g - IDA.KOREA","description":"Hoito: Nel Lime Lip Night Mask on intensiivisesti ravitseva ja kosteuttava huulinaamio, joka hoitaa herkk\u00e4\u00e4 ihoa nukkuessasi. Naamiota voidaan k\u00e4ytt\u00e4\u00e4 my\u00f6s balsamina p\u00e4iv\u00e4ll\u00e4.","robots":{"index":"index","follow":"follow","max-snippet":"max-snippet:-1","max-image-preview":"max-image-preview:large","max-video-preview":"max-video-preview:-1"},"canonical":"https:\/\/idakorea.ee\/fi\/product\/huulemask-carenel-lime-lip-night-mask-5g\/","og_locale":"fi_FI","og_type":"article","og_title":"Huulemask Care:Nel Lime Lip Night Mask, 5g - IDA.KOREA","og_description":"Care:Nel Lime Lip Night Mask\u00a0on intensiivselt toitev ja niisutav huulemask, mis hooldab \u00f5rna nahka une ajal. Maski v\u00f5ib kasutada ka p\u00e4eval palsamina.","og_url":"https:\/\/idakorea.ee\/fi\/product\/huulemask-carenel-lime-lip-night-mask-5g\/","og_site_name":"IDA.KOREA","article_modified_time":"2026-03-15T23:18:22+00:00","og_image":[{"width":800,"height":800,"url":"https:\/\/idakorea.ee\/wp-content\/uploads\/2025\/03\/carenel-lip-mask-idakorea.webp","type":"image\/webp"}],"twitter_card":"summary_large_image","twitter_misc":{"Arvioitu lukuaika":"1 minuutti"},"schema":{"@context":"https:\/\/schema.org","@graph":[{"@type":"WebPage","@id":"https:\/\/idakorea.ee\/product\/huulemask-carenel-lime-lip-night-mask-5g\/","url":"https:\/\/idakorea.ee\/product\/huulemask-carenel-lime-lip-night-mask-5g\/","name":"Huulinaamion hoito: Nel Lime Lip Night Mask, 5g - IDA.KOREA","isPartOf":{"@id":"https:\/\/idakorea.ee\/#website"},"primaryImageOfPage":{"@id":"https:\/\/idakorea.ee\/product\/huulemask-carenel-lime-lip-night-mask-5g\/#primaryimage"},"image":{"@id":"https:\/\/idakorea.ee\/product\/huulemask-carenel-lime-lip-night-mask-5g\/#primaryimage"},"thumbnailUrl":"https:\/\/idakorea.ee\/wp-content\/uploads\/2025\/03\/carenel-lip-mask-idakorea.webp","datePublished":"2025-03-22T12:09:23+00:00","dateModified":"2026-03-15T23:18:22+00:00","description":"Hoito: Nel Lime Lip Night Mask on intensiivisesti ravitseva ja kosteuttava huulinaamio, joka hoitaa herkk\u00e4\u00e4 ihoa nukkuessasi. Naamiota voidaan k\u00e4ytt\u00e4\u00e4 my\u00f6s balsamina p\u00e4iv\u00e4ll\u00e4.","breadcrumb":{"@id":"https:\/\/idakorea.ee\/product\/huulemask-carenel-lime-lip-night-mask-5g\/#breadcrumb"},"inLanguage":"fi","potentialAction":[{"@type":"ReadAction","target":["https:\/\/idakorea.ee\/product\/huulemask-carenel-lime-lip-night-mask-5g\/"]}]},{"@type":"ImageObject","inLanguage":"fi","@id":"https:\/\/idakorea.ee\/product\/huulemask-carenel-lime-lip-night-mask-5g\/#primaryimage","url":"https:\/\/idakorea.ee\/wp-content\/uploads\/2025\/03\/carenel-lip-mask-idakorea.webp","contentUrl":"https:\/\/idakorea.ee\/wp-content\/uploads\/2025\/03\/carenel-lip-mask-idakorea.webp","width":800,"height":800},{"@type":"BreadcrumbList","@id":"https:\/\/idakorea.ee\/product\/huulemask-carenel-lime-lip-night-mask-5g\/#breadcrumb","itemListElement":[{"@type":"ListItem","position":1,"name":"\u0413\u043b\u0430\u0432\u043d\u0430\u044f \u0441\u0442\u0440\u0430\u043d\u0438\u0446\u0430","item":"https:\/\/idakorea.ee\/"},{"@type":"ListItem","position":2,"name":"Shop","item":"https:\/\/idakorea.ee\/shop-2\/"},{"@type":"ListItem","position":3,"name":"Huulemask Care:Nel Lime Lip Night Mask, 5g"}]},{"@type":"WebSite","@id":"https:\/\/idakorea.ee\/#website","url":"https:\/\/idakorea.ee\/","name":"IDA.KOREA","description":"Korean kosmetiikan verkkokauppa","publisher":{"@id":"https:\/\/idakorea.ee\/#organization"},"alternateName":"Beauty Shop","potentialAction":[{"@type":"SearchAction","target":{"@type":"EntryPoint","urlTemplate":"https:\/\/idakorea.ee\/?s={search_term_string}"},"query-input":{"@type":"PropertyValueSpecification","valueRequired":true,"valueName":"search_term_string"}}],"inLanguage":"fi"},{"@type":"Organization","@id":"https:\/\/idakorea.ee\/#organization","name":"IDA.KOREA","url":"https:\/\/idakorea.ee\/","logo":{"@type":"ImageObject","inLanguage":"fi","@id":"https:\/\/idakorea.ee\/#\/schema\/logo\/image\/","url":"https:\/\/idakorea.ee\/wp-content\/uploads\/2024\/05\/cropped-korea3.png","contentUrl":"https:\/\/idakorea.ee\/wp-content\/uploads\/2024\/05\/cropped-korea3.png","width":688,"height":126,"caption":"IDA.KOREA"},"image":{"@id":"https:\/\/idakorea.ee\/#\/schema\/logo\/image\/"},"sameAs":["https:\/\/www.instagram.com\/ida.korea\/"]}]}},"jetpack_sharing_enabled":true,"brands":[{"id":675,"name":"CARE:NEL","slug":"carenel"}],"_links":{"self":[{"href":"https:\/\/idakorea.ee\/fi\/wp-json\/wp\/v2\/product\/13267","targetHints":{"allow":["GET"]}}],"collection":[{"href":"https:\/\/idakorea.ee\/fi\/wp-json\/wp\/v2\/product"}],"about":[{"href":"https:\/\/idakorea.ee\/fi\/wp-json\/wp\/v2\/types\/product"}],"replies":[{"embeddable":true,"href":"https:\/\/idakorea.ee\/fi\/wp-json\/wp\/v2\/comments?post=13267"}],"version-history":[{"count":2,"href":"https:\/\/idakorea.ee\/fi\/wp-json\/wp\/v2\/product\/13267\/revisions"}],"predecessor-version":[{"id":13280,"href":"https:\/\/idakorea.ee\/fi\/wp-json\/wp\/v2\/product\/13267\/revisions\/13280"}],"wp:featuredmedia":[{"embeddable":true,"href":"https:\/\/idakorea.ee\/fi\/wp-json\/wp\/v2\/media\/13268"}],"wp:attachment":[{"href":"https:\/\/idakorea.ee\/fi\/wp-json\/wp\/v2\/media?parent=13267"}],"wp:term":[{"taxonomy":"pwb-brand","embeddable":true,"href":"https:\/\/idakorea.ee\/fi\/wp-json\/wp\/v2\/pwb-brand?post=13267"},{"taxonomy":"product_brand","embeddable":true,"href":"https:\/\/idakorea.ee\/fi\/wp-json\/wp\/v2\/product_brand?post=13267"},{"taxonomy":"product_cat","embeddable":true,"href":"https:\/\/idakorea.ee\/fi\/wp-json\/wp\/v2\/product_cat?post=13267"},{"taxonomy":"product_tag","embeddable":true,"href":"https:\/\/idakorea.ee\/fi\/wp-json\/wp\/v2\/product_tag?post=13267"}],"curies":[{"name":"wp","href":"https:\/\/api.w.org\/{rel}","templated":true}]}}