{"id":13281,"date":"2025-03-24T15:22:24","date_gmt":"2025-03-24T13:22:24","guid":{"rendered":"https:\/\/idakorea.ee\/?post_type=product&#038;p=13281"},"modified":"2026-04-06T08:33:02","modified_gmt":"2026-04-06T06:33:02","slug":"valgendav-seerum-axis-y-dark-spot-correcting-glow-serum-5ml","status":"publish","type":"product","link":"https:\/\/idakorea.ee\/fi\/product\/valgendav-seerum-axis-y-dark-spot-correcting-glow-serum-5ml\/","title":{"rendered":"AXIS-Y Tummia pilkkuja korjaava hehkuva seerumi, 5ml Viimeinen k\u00e4ytt\u00f6p\u00e4iv\u00e4 29.05.2026"},"content":{"rendered":"<div class=\"markdown prose w-full break-words dark:prose-invert light\">\n<p><strong>Valkaiseva seerumi AXIS-Y Tummia t\u00e4pli\u00e4 korjaava hehkuva seerumi<\/strong>\u00a0tasoittaa ihon s\u00e4vy\u00e4, vaalentaa hyperpigmentaatiota, tummia l\u00e4iski\u00e4, aknearpia ja valon aiheuttamia ik\u00e4\u00e4ntymisen merkkej\u00e4.<\/p>\n<p>Kosteuttaa ja pehment\u00e4\u00e4 ihoa aiheuttamatta \u00e4rsytyst\u00e4, toimien hell\u00e4varaisesti. Antaa tasaisen ihonv\u00e4rin ja terveen hehkun, parantaa ihon rakennetta. Ehk\u00e4isee uusien pigmenttil\u00e4iskien muodostumista.<\/p>\n<p>Seerumin koostumus on kevyt ja se imeytyy t\u00e4ydellisesti. Tuote on pakattu annosteluputkeen, mik\u00e4 tekee siit\u00e4 hygieenisen ja k\u00e4tev\u00e4n k\u00e4ytt\u00e4\u00e4.<\/p>\n<p>Seerumin t\u00e4rkein vaikuttava aine on 5%-niasiiniamidi, universaali ainesosa, jolla on valkaiseva vaikutus tehokkaassa pitoisuudessa. Niasiiniamidi est\u00e4\u00e4 melaniinipigmentin kulkeutumista ihon ylempiin kerroksiin, kirkastaa ihoa, vahvistaa epidermiksen luonnollista suojamuuria, normalisoi \u00f6ljynerityst\u00e4 ja stimuloi kollageenin tuotantoa.<\/p>\n<p><strong>Muita vaikuttavia aineita:<\/strong><\/p>\n<p><strong>Erytritoli<\/strong>\u00a0antaa tuotteelle viilent\u00e4v\u00e4n vaikutuksen, sill\u00e4 on voimakas rauhoittava vaikutus, torjuu tehokkaasti kutinaa ja \u00e4rsytyst\u00e4, auttaa s\u00e4ilytt\u00e4m\u00e4\u00e4n kosteutta.<\/p>\n<\/div>\n<div class=\"markdown prose w-full break-words dark:prose-invert light\"><strong>Vihannesten skvalaanit<\/strong>\u00a0- antioksidantti, kosteuttaa intensiivisesti ja ehk\u00e4isee kuivumista, nopeuttaa paranemista ja ehk\u00e4isee ennenaikaista ik\u00e4\u00e4ntymist\u00e4.<\/div>\n<div class=\"markdown prose w-full break-words dark:prose-invert light\"><strong>Tyrniuute<\/strong>\u00a0sis\u00e4lt\u00e4\u00e4 runsaasti C-vitamiinia. Se kirkastaa ja tasoittaa hell\u00e4sti ihoa ja antaa soluille antioksidanttisuojaa.<\/div>\n<div class=\"markdown prose w-full break-words dark:prose-invert light\"><strong>Papaijauute<\/strong>\u00a0tarjoaa hell\u00e4varaisen mutta tehokkaan puhdistuksen ja kuorinnan. Sill\u00e4 on valkaiseva vaikutus, joka tasoittaa yleist\u00e4 s\u00e4vy\u00e4 ja parantaa ihonv\u00e4ri\u00e4.<\/div>\n<div class=\"markdown prose w-full break-words dark:prose-invert light\"><strong>Glutationi<\/strong>\u00a0- antioksidantti ja valkaisuaine, joka vaalentaa pigmenttil\u00e4iski\u00e4 ja aknearpia, tasoittaa ryppyj\u00e4, parantaa ihon kimmoisuutta, stimuloi uudistumista, hidastaa ik\u00e4\u00e4ntymisprosessia ja torjuu punoitusta.<\/div>\n<div class=\"markdown prose w-full break-words dark:prose-invert light\"><strong>Acerola (Barbadosin kirsikkauute)<\/strong>\u00a0sis\u00e4lt\u00e4\u00e4 runsaasti C-vitamiinia, mineraalisuoloja, proteiineja ja flavonoideja. Sill\u00e4 on korkea antioksidanttinen aktiivisuus. Lis\u00e4\u00e4 ihon kimmoisuutta ja hidastaa ik\u00e4\u00e4ntymisprosessia, poistaa punoitusta, vahvistaa verisuonia, vaalentaa pigmentti\u00e4 ja parantaa ihon yleist\u00e4 s\u00e4vy\u00e4.<\/div>\n<div class=\"markdown prose w-full break-words dark:prose-invert light\"><strong>Riisileseuute<\/strong>\u00a0tasoittaa s\u00e4vy\u00e4, v\u00e4hent\u00e4\u00e4 punoitusta, yll\u00e4pit\u00e4\u00e4 ihon puhtautta ja kimmoisuutta.<\/div>\n<div class=\"markdown prose w-full break-words dark:prose-invert light\"><strong>Allantoiin<\/strong>\u00a0pehment\u00e4\u00e4 ihoa, nopeuttaa paranemista, sill\u00e4 on antioksidanttisia ominaisuuksia ja se auttaa v\u00e4hent\u00e4m\u00e4\u00e4n ihon reaktiivisuutta.<\/div>\n<div class=\"markdown prose w-full break-words dark:prose-invert light\"><strong>Arginia<\/strong>\u00a0- aminohappo, joka parantaa verenkiertoa, tehostaa suojaavia toimintoja, antaa elastisuutta, aktivoi kollageenin ja elastiinin tuotantoa ja edist\u00e4\u00e4 haavan paranemista.<\/div>\n<div class=\"markdown prose w-full break-words dark:prose-invert light\"><strong>Natriumhyaluronaatti<\/strong>\u00a0- pienimolekyylipainoinen hyaluronihappo. Tunkeutuu syv\u00e4lle sarveiskerrokseen, kosteuttaa intensiivisesti, parantaa ihon kimmoisuutta ja tasoittaa ihon pintaa.<\/div>\n<div><\/div>\n<div><\/div>\n<div><\/div>\n<div class=\"markdown prose w-full break-words dark:prose-invert light\">Sopii kaikille ihotyypeille.<\/div>\n<div class=\"markdown prose w-full break-words dark:prose-invert light\">\n<p>&nbsp;<\/p>\n<p><strong>K\u00e4ytt\u00f6opas:<\/strong>\u00a0Levit\u00e4 seerumi kasvoille puhdistuksen ja kasvovedenoton j\u00e4lkeen ja levit\u00e4 se tasaisesti iholle.<\/p>\n<\/div>","protected":false},"excerpt":{"rendered":"<p>AXIS-Y Dark Spot Correcting Glow Serum tasoittaa ihon s\u00e4vy\u00e4, kirkastaa hyperpigmentaatiota, tummia l\u00e4iski\u00e4, aknearpia ja valon aiheuttamia ik\u00e4\u00e4ntymisen merkkej\u00e4. Kosteuttaa ja pehment\u00e4\u00e4 ihoa aiheuttamatta \u00e4rsytyst\u00e4, toimien hell\u00e4varaisesti. Antaa tasaisen ihonv\u00e4rin ja terveen hehkun, parantaa ihon rakennetta. Ehk\u00e4isee uusien pigmenttil\u00e4iskien syntymist\u00e4. Seerumin koostumus on kevyt ja se imeytyy t\u00e4ydellisesti. Tuote on pakattu annosteluputkeen, mik\u00e4 tekee sen k\u00e4yt\u00f6st\u00e4 hygieenist\u00e4.....<\/p>","protected":false},"featured_media":13282,"comment_status":"open","ping_status":"closed","template":"","meta":{"_uf_show_specific_survey":0,"_uf_disable_surveys":false,"_bst_post_transparent":"default","_bst_post_title":"","_bst_post_layout":"default","_bst_post_sidebar_id":"","_bst_post_content_style":"default","_bst_post_vertical_padding":"default","_bst_post_feature":"","_bst_post_feature_position":"","_bst_post_header":false,"_bst_post_footer":false},"pwb-brand":[565],"product_brand":[],"product_cat":[92,97],"product_tag":[618,567],"class_list":{"0":"post-13281","1":"product","2":"type-product","3":"status-publish","4":"has-post-thumbnail","6":"pwb-brand-axis-y","7":"product_cat-nagu","8":"product_cat-naoseerumid-ja-olid","9":"product_tag-axis-y","10":"product_tag-glow","12":"first","13":"instock","14":"sale","15":"shipping-taxable","16":"purchasable","17":"product-type-simple","18":"entry","19":"content-bg","20":"loop-entry"},"supplier_id":null,"supplier_sku":"","barcode":null,"atum_controlled":true,"out_stock_date":null,"out_stock_threshold":null,"inheritable":false,"inbound_stock":0,"stock_on_hold":0,"sold_today":0,"sales_last_days":1,"out_stock_days":0,"lost_sales":0,"has_location":false,"update_date":"2026-04-14T00:05:11","atum_locations":[],"atum_stock_status":"instock","restock_status":false,"low_stock_amount":"","sales_update_date":"2026-04-14T00:05:11","calc_backorders":null,"yoast_head":"<!-- This site is optimized with the Yoast SEO plugin v27.2 - https:\/\/yoast.com\/product\/yoast-seo-wordpress\/ -->\n<title>Valgendav seerum AXIS-Y Dark Spot Correcting Glow Serum, 5ml EXP 29.05.2026 - IDA.KOREA<\/title>\n<meta name=\"robots\" content=\"index, follow, max-snippet:-1, max-image-preview:large, max-video-preview:-1\" \/>\n<link rel=\"canonical\" href=\"https:\/\/idakorea.ee\/fi\/product\/valgendav-seerum-axis-y-dark-spot-correcting-glow-serum-5ml\/\" \/>\n<meta property=\"og:locale\" content=\"fi_FI\" \/>\n<meta property=\"og:type\" content=\"article\" \/>\n<meta property=\"og:title\" content=\"Valgendav seerum AXIS-Y Dark Spot Correcting Glow Serum, 5ml EXP 29.05.2026 - IDA.KOREA\" \/>\n<meta property=\"og:description\" content=\"Valgendav seerum AXIS-Y Dark Spot Correcting Glow Serum\u00a0\u00fchtlustab n\u00e4onahatooni, helendab h\u00fcperpigmentatsiooni, tedret\u00e4ppe, aknearme ja fotovananemise m\u00e4rke. Niisutab ja pehmendab nahka, p\u00f5hjustamata \u00e4rritust, toimides \u00f5rnalt. Annab \u00fchtlase jume ja tervisliku s\u00e4ra, parandab naha tekstuuri. Hoiab \u00e4ra uute pigmendilaikude tekkimise. Seerumil on kerge tekstuur ja see imendub suurep\u00e4raselt. Toode on pakendatud doseerimistorusse, mis muudab selle kasutamise h\u00fcgieeniliseks...\" \/>\n<meta property=\"og:url\" content=\"https:\/\/idakorea.ee\/fi\/product\/valgendav-seerum-axis-y-dark-spot-correcting-glow-serum-5ml\/\" \/>\n<meta property=\"og:site_name\" content=\"IDA.KOREA\" \/>\n<meta property=\"article:modified_time\" content=\"2026-04-06T06:33:02+00:00\" \/>\n<meta property=\"og:image\" content=\"https:\/\/idakorea.ee\/wp-content\/uploads\/2025\/03\/axis-y-glow-serum-idakorea.jpg\" \/>\n\t<meta property=\"og:image:width\" content=\"1024\" \/>\n\t<meta property=\"og:image:height\" content=\"1024\" \/>\n\t<meta property=\"og:image:type\" content=\"image\/jpeg\" \/>\n<meta name=\"twitter:card\" content=\"summary_large_image\" \/>\n<meta name=\"twitter:label1\" content=\"Arvioitu lukuaika\" \/>\n\t<meta name=\"twitter:data1\" content=\"2 minuuttia\" \/>\n<script type=\"application\/ld+json\" class=\"yoast-schema-graph\">{\"@context\":\"https:\/\/schema.org\",\"@graph\":[{\"@type\":\"WebPage\",\"@id\":\"https:\/\/idakorea.ee\/product\/valgendav-seerum-axis-y-dark-spot-correcting-glow-serum-5ml\/\",\"url\":\"https:\/\/idakorea.ee\/product\/valgendav-seerum-axis-y-dark-spot-correcting-glow-serum-5ml\/\",\"name\":\"Valgendav seerum AXIS-Y Dark Spot Correcting Glow Serum, 5ml EXP 29.05.2026 - IDA.KOREA\",\"isPartOf\":{\"@id\":\"https:\/\/idakorea.ee\/#website\"},\"primaryImageOfPage\":{\"@id\":\"https:\/\/idakorea.ee\/product\/valgendav-seerum-axis-y-dark-spot-correcting-glow-serum-5ml\/#primaryimage\"},\"image\":{\"@id\":\"https:\/\/idakorea.ee\/product\/valgendav-seerum-axis-y-dark-spot-correcting-glow-serum-5ml\/#primaryimage\"},\"thumbnailUrl\":\"https:\/\/idakorea.ee\/wp-content\/uploads\/2025\/03\/axis-y-glow-serum-idakorea.jpg\",\"datePublished\":\"2025-03-24T13:22:24+00:00\",\"dateModified\":\"2026-04-06T06:33:02+00:00\",\"breadcrumb\":{\"@id\":\"https:\/\/idakorea.ee\/product\/valgendav-seerum-axis-y-dark-spot-correcting-glow-serum-5ml\/#breadcrumb\"},\"inLanguage\":\"fi\",\"potentialAction\":[{\"@type\":\"ReadAction\",\"target\":[\"https:\/\/idakorea.ee\/product\/valgendav-seerum-axis-y-dark-spot-correcting-glow-serum-5ml\/\"]}]},{\"@type\":\"ImageObject\",\"inLanguage\":\"fi\",\"@id\":\"https:\/\/idakorea.ee\/product\/valgendav-seerum-axis-y-dark-spot-correcting-glow-serum-5ml\/#primaryimage\",\"url\":\"https:\/\/idakorea.ee\/wp-content\/uploads\/2025\/03\/axis-y-glow-serum-idakorea.jpg\",\"contentUrl\":\"https:\/\/idakorea.ee\/wp-content\/uploads\/2025\/03\/axis-y-glow-serum-idakorea.jpg\",\"width\":1024,\"height\":1024},{\"@type\":\"BreadcrumbList\",\"@id\":\"https:\/\/idakorea.ee\/product\/valgendav-seerum-axis-y-dark-spot-correcting-glow-serum-5ml\/#breadcrumb\",\"itemListElement\":[{\"@type\":\"ListItem\",\"position\":1,\"name\":\"\u0413\u043b\u0430\u0432\u043d\u0430\u044f \u0441\u0442\u0440\u0430\u043d\u0438\u0446\u0430\",\"item\":\"https:\/\/idakorea.ee\/\"},{\"@type\":\"ListItem\",\"position\":2,\"name\":\"Shop\",\"item\":\"https:\/\/idakorea.ee\/shop-2\/\"},{\"@type\":\"ListItem\",\"position\":3,\"name\":\"Valgendav seerum AXIS-Y Dark Spot Correcting Glow Serum, 5ml EXP 29.05.2026\"}]},{\"@type\":\"WebSite\",\"@id\":\"https:\/\/idakorea.ee\/#website\",\"url\":\"https:\/\/idakorea.ee\/\",\"name\":\"IDA.KOREA\",\"description\":\"Korea kosmeetika e-pood\",\"publisher\":{\"@id\":\"https:\/\/idakorea.ee\/#organization\"},\"alternateName\":\"Beauty Shop\",\"potentialAction\":[{\"@type\":\"SearchAction\",\"target\":{\"@type\":\"EntryPoint\",\"urlTemplate\":\"https:\/\/idakorea.ee\/?s={search_term_string}\"},\"query-input\":{\"@type\":\"PropertyValueSpecification\",\"valueRequired\":true,\"valueName\":\"search_term_string\"}}],\"inLanguage\":\"fi\"},{\"@type\":\"Organization\",\"@id\":\"https:\/\/idakorea.ee\/#organization\",\"name\":\"IDA.KOREA\",\"url\":\"https:\/\/idakorea.ee\/\",\"logo\":{\"@type\":\"ImageObject\",\"inLanguage\":\"fi\",\"@id\":\"https:\/\/idakorea.ee\/#\/schema\/logo\/image\/\",\"url\":\"https:\/\/idakorea.ee\/wp-content\/uploads\/2024\/05\/cropped-korea3.png\",\"contentUrl\":\"https:\/\/idakorea.ee\/wp-content\/uploads\/2024\/05\/cropped-korea3.png\",\"width\":688,\"height\":126,\"caption\":\"IDA.KOREA\"},\"image\":{\"@id\":\"https:\/\/idakorea.ee\/#\/schema\/logo\/image\/\"},\"sameAs\":[\"https:\/\/www.instagram.com\/ida.korea\/\"]}]}<\/script>\n<!-- \/ Yoast SEO plugin. -->","yoast_head_json":{"title":"Valgendav seerum AXIS-Y Dark Spot Correcting Glow Serum, 5ml EXP 29.05.2026 - IDA.KOREA","robots":{"index":"index","follow":"follow","max-snippet":"max-snippet:-1","max-image-preview":"max-image-preview:large","max-video-preview":"max-video-preview:-1"},"canonical":"https:\/\/idakorea.ee\/fi\/product\/valgendav-seerum-axis-y-dark-spot-correcting-glow-serum-5ml\/","og_locale":"fi_FI","og_type":"article","og_title":"Valgendav seerum AXIS-Y Dark Spot Correcting Glow Serum, 5ml EXP 29.05.2026 - IDA.KOREA","og_description":"Valgendav seerum AXIS-Y Dark Spot Correcting Glow Serum\u00a0\u00fchtlustab n\u00e4onahatooni, helendab h\u00fcperpigmentatsiooni, tedret\u00e4ppe, aknearme ja fotovananemise m\u00e4rke. Niisutab ja pehmendab nahka, p\u00f5hjustamata \u00e4rritust, toimides \u00f5rnalt. Annab \u00fchtlase jume ja tervisliku s\u00e4ra, parandab naha tekstuuri. Hoiab \u00e4ra uute pigmendilaikude tekkimise. Seerumil on kerge tekstuur ja see imendub suurep\u00e4raselt. Toode on pakendatud doseerimistorusse, mis muudab selle kasutamise h\u00fcgieeniliseks...","og_url":"https:\/\/idakorea.ee\/fi\/product\/valgendav-seerum-axis-y-dark-spot-correcting-glow-serum-5ml\/","og_site_name":"IDA.KOREA","article_modified_time":"2026-04-06T06:33:02+00:00","og_image":[{"width":1024,"height":1024,"url":"https:\/\/idakorea.ee\/wp-content\/uploads\/2025\/03\/axis-y-glow-serum-idakorea.jpg","type":"image\/jpeg"}],"twitter_card":"summary_large_image","twitter_misc":{"Arvioitu lukuaika":"2 minuuttia"},"schema":{"@context":"https:\/\/schema.org","@graph":[{"@type":"WebPage","@id":"https:\/\/idakorea.ee\/product\/valgendav-seerum-axis-y-dark-spot-correcting-glow-serum-5ml\/","url":"https:\/\/idakorea.ee\/product\/valgendav-seerum-axis-y-dark-spot-correcting-glow-serum-5ml\/","name":"Valgendav seerum AXIS-Y Dark Spot Correcting Glow Serum, 5ml EXP 29.05.2026 - IDA.KOREA","isPartOf":{"@id":"https:\/\/idakorea.ee\/#website"},"primaryImageOfPage":{"@id":"https:\/\/idakorea.ee\/product\/valgendav-seerum-axis-y-dark-spot-correcting-glow-serum-5ml\/#primaryimage"},"image":{"@id":"https:\/\/idakorea.ee\/product\/valgendav-seerum-axis-y-dark-spot-correcting-glow-serum-5ml\/#primaryimage"},"thumbnailUrl":"https:\/\/idakorea.ee\/wp-content\/uploads\/2025\/03\/axis-y-glow-serum-idakorea.jpg","datePublished":"2025-03-24T13:22:24+00:00","dateModified":"2026-04-06T06:33:02+00:00","breadcrumb":{"@id":"https:\/\/idakorea.ee\/product\/valgendav-seerum-axis-y-dark-spot-correcting-glow-serum-5ml\/#breadcrumb"},"inLanguage":"fi","potentialAction":[{"@type":"ReadAction","target":["https:\/\/idakorea.ee\/product\/valgendav-seerum-axis-y-dark-spot-correcting-glow-serum-5ml\/"]}]},{"@type":"ImageObject","inLanguage":"fi","@id":"https:\/\/idakorea.ee\/product\/valgendav-seerum-axis-y-dark-spot-correcting-glow-serum-5ml\/#primaryimage","url":"https:\/\/idakorea.ee\/wp-content\/uploads\/2025\/03\/axis-y-glow-serum-idakorea.jpg","contentUrl":"https:\/\/idakorea.ee\/wp-content\/uploads\/2025\/03\/axis-y-glow-serum-idakorea.jpg","width":1024,"height":1024},{"@type":"BreadcrumbList","@id":"https:\/\/idakorea.ee\/product\/valgendav-seerum-axis-y-dark-spot-correcting-glow-serum-5ml\/#breadcrumb","itemListElement":[{"@type":"ListItem","position":1,"name":"\u0413\u043b\u0430\u0432\u043d\u0430\u044f \u0441\u0442\u0440\u0430\u043d\u0438\u0446\u0430","item":"https:\/\/idakorea.ee\/"},{"@type":"ListItem","position":2,"name":"Shop","item":"https:\/\/idakorea.ee\/shop-2\/"},{"@type":"ListItem","position":3,"name":"Valgendav seerum AXIS-Y Dark Spot Correcting Glow Serum, 5ml EXP 29.05.2026"}]},{"@type":"WebSite","@id":"https:\/\/idakorea.ee\/#website","url":"https:\/\/idakorea.ee\/","name":"IDA.KOREA","description":"Korean kosmetiikan verkkokauppa","publisher":{"@id":"https:\/\/idakorea.ee\/#organization"},"alternateName":"Beauty Shop","potentialAction":[{"@type":"SearchAction","target":{"@type":"EntryPoint","urlTemplate":"https:\/\/idakorea.ee\/?s={search_term_string}"},"query-input":{"@type":"PropertyValueSpecification","valueRequired":true,"valueName":"search_term_string"}}],"inLanguage":"fi"},{"@type":"Organization","@id":"https:\/\/idakorea.ee\/#organization","name":"IDA.KOREA","url":"https:\/\/idakorea.ee\/","logo":{"@type":"ImageObject","inLanguage":"fi","@id":"https:\/\/idakorea.ee\/#\/schema\/logo\/image\/","url":"https:\/\/idakorea.ee\/wp-content\/uploads\/2024\/05\/cropped-korea3.png","contentUrl":"https:\/\/idakorea.ee\/wp-content\/uploads\/2024\/05\/cropped-korea3.png","width":688,"height":126,"caption":"IDA.KOREA"},"image":{"@id":"https:\/\/idakorea.ee\/#\/schema\/logo\/image\/"},"sameAs":["https:\/\/www.instagram.com\/ida.korea\/"]}]}},"jetpack_sharing_enabled":true,"brands":[{"id":565,"name":"AXIS-Y","slug":"axis-y"}],"_links":{"self":[{"href":"https:\/\/idakorea.ee\/fi\/wp-json\/wp\/v2\/product\/13281","targetHints":{"allow":["GET"]}}],"collection":[{"href":"https:\/\/idakorea.ee\/fi\/wp-json\/wp\/v2\/product"}],"about":[{"href":"https:\/\/idakorea.ee\/fi\/wp-json\/wp\/v2\/types\/product"}],"replies":[{"embeddable":true,"href":"https:\/\/idakorea.ee\/fi\/wp-json\/wp\/v2\/comments?post=13281"}],"version-history":[{"count":3,"href":"https:\/\/idakorea.ee\/fi\/wp-json\/wp\/v2\/product\/13281\/revisions"}],"predecessor-version":[{"id":17922,"href":"https:\/\/idakorea.ee\/fi\/wp-json\/wp\/v2\/product\/13281\/revisions\/17922"}],"wp:featuredmedia":[{"embeddable":true,"href":"https:\/\/idakorea.ee\/fi\/wp-json\/wp\/v2\/media\/13282"}],"wp:attachment":[{"href":"https:\/\/idakorea.ee\/fi\/wp-json\/wp\/v2\/media?parent=13281"}],"wp:term":[{"taxonomy":"pwb-brand","embeddable":true,"href":"https:\/\/idakorea.ee\/fi\/wp-json\/wp\/v2\/pwb-brand?post=13281"},{"taxonomy":"product_brand","embeddable":true,"href":"https:\/\/idakorea.ee\/fi\/wp-json\/wp\/v2\/product_brand?post=13281"},{"taxonomy":"product_cat","embeddable":true,"href":"https:\/\/idakorea.ee\/fi\/wp-json\/wp\/v2\/product_cat?post=13281"},{"taxonomy":"product_tag","embeddable":true,"href":"https:\/\/idakorea.ee\/fi\/wp-json\/wp\/v2\/product_tag?post=13281"}],"curies":[{"name":"wp","href":"https:\/\/api.w.org\/{rel}","templated":true}]}}