{"id":13288,"date":"2025-03-25T10:22:37","date_gmt":"2025-03-25T08:22:37","guid":{"rendered":"https:\/\/idakorea.ee\/?post_type=product&#038;p=13288"},"modified":"2026-02-03T19:17:50","modified_gmt":"2026-02-03T17:17:50","slug":"goodal-green-tangerine-vita-c-eye-gel-patch","status":"publish","type":"product","link":"https:\/\/idakorea.ee\/fi\/product\/goodal-green-tangerine-vita-c-eye-gel-patch\/","title":{"rendered":"Kirkastavat silm\u00e4laastarit Goodal Green Tangerine Vita C silm\u00e4geelilaastari"},"content":{"rendered":"<p><strong>Goodal Green Tangerine Vita C silm\u00e4geelilaastari<\/strong> silm\u00e4nymp\u00e4ryslaastarit s\u00e4vytt\u00e4v\u00e4t, virkist\u00e4v\u00e4t ja kosteuttavat ihoa, v\u00e4hent\u00e4v\u00e4t hyperpigmentaatiota ja tummia silm\u00e4nalusia, antavat lev\u00e4nneen ja raikkaan ilmeen ja auttavat v\u00e4hent\u00e4m\u00e4\u00e4n turvotusta.<\/p>\n<p>Laastarit tasoittavat ihon s\u00e4vy\u00e4, kirkastavat pigmenttil\u00e4iski\u00e4, ravitsevat ja pehment\u00e4v\u00e4t ihoa tehden siit\u00e4 joustavamman ja sile\u00e4mm\u00e4n. Geelim\u00e4inen koostumus yhdess\u00e4 kohokuvioidun puolen kanssa takaa tiukan otteen ihosta liukumatta, joten voit jatkaa p\u00e4ivitt\u00e4isi\u00e4 toimintojasi laastareiden toimiessa.<\/p>\n<p>Laastareissa on hypoallergeeninen koostumus, ne eiv\u00e4t \u00e4rsyt\u00e4 ja soveltuvat p\u00e4ivitt\u00e4iseen k\u00e4ytt\u00f6\u00f6n.<\/p>\n<p><strong>T\u00e4rkeimm\u00e4t vaikuttavat aineet:<\/strong><\/p>\n<p><strong>Mandariiniuute (150 ppm)<\/strong> - saatu kylm\u00e4puristamalla, jolloin suurin mahdollinen m\u00e4\u00e4r\u00e4 hy\u00f6dyllisi\u00e4 aineita s\u00e4ilyy. Uute on per\u00e4isin Jejun saarelta k\u00e4sin poimituista hedelmist\u00e4, ja se sis\u00e4lt\u00e4\u00e4 runsaasti C-vitamiinia, joka vahvistaa ja kiinteytt\u00e4\u00e4 ihoa ja v\u00e4hent\u00e4\u00e4 hyperpigmentaatiota.<\/p>\n<p><strong>Askorbyyliglukosidi (100 ppm)<\/strong> - C-vitamiinin vakaa ja rasvaliukoinen muoto, joka tunkeutuu syvemm\u00e4lle ihoon, stimuloi kollageenin tuotantoa, kirkastaa pigmentti\u00e4 ja tarjoaa antioksidanttisuojan, joka hidastaa ihon ik\u00e4\u00e4ntymisprosessia.<\/p>\n<p>&nbsp;<\/p>\n<p><strong>Muita aktiivisia ainesosia:<\/strong><\/p>\n<ul>\n<li><strong>Niasiiniamidi (B3-vitamiini)<\/strong> - tasoittaa ihon s\u00e4vy\u00e4, parantaa ihon s\u00e4vy\u00e4, stimuloi kollageenin tuotantoa ja v\u00e4hent\u00e4\u00e4 melaniinin kulkeutumista, mik\u00e4 edist\u00e4\u00e4 kirkkaampaa ihon s\u00e4vy\u00e4.<\/li>\n<li><strong>Arbutiin<\/strong> - voimakas ihoa kirkastava ainesosa, joka v\u00e4hent\u00e4\u00e4 pigmentaatiota ja est\u00e4\u00e4 melaniinin synteesi\u00e4, mik\u00e4 saa ihon ihon kirkkaammaksi ja tasaisemmaksi.<\/li>\n<li><strong>Neem-puun kukka- ja lehtiuute<\/strong> - rauhoittaa ja elvytt\u00e4\u00e4 ihoa, sill\u00e4 on anti-inflammatorisia ja antiseptisi\u00e4 ominaisuuksia, jotka tekev\u00e4t ihosta silkkisen sile\u00e4n.<\/li>\n<li><strong>Punainen virna (Corallina officinalis) uute<\/strong> - v\u00e4hent\u00e4\u00e4 turvotusta ja stimuloi kollageenin tuotantoa, kiinteytt\u00e4\u00e4 ihoa, nopeuttaa palautumista ja torjuu hapetusstressi\u00e4.<\/li>\n<li><strong>Adenos<\/strong> - tehokas anti-ageing-ainesosa, joka stimuloi kollageenisynteesi\u00e4, parantaa ihon kimmoisuutta ja kiinteytt\u00e4, silottaa ja kiinteytt\u00e4\u00e4.<\/li>\n<li><strong>Saharoos<\/strong> - yll\u00e4pit\u00e4\u00e4 ihon kosteustasapainoa ja ehk\u00e4isee kosteuden menetyst\u00e4.<\/li>\n<li><strong>Sitruuna-, appelsiini- ja bergamotti\u00f6ljy\u00e4.<\/strong> - ravitsevat ja pehment\u00e4v\u00e4t ihoa, ja niill\u00e4 on antioksidanttisia ja myrkkyj\u00e4 poistavia ominaisuuksia.<\/li>\n<li><strong>Irlanninsammal (karrageeni) -uute<\/strong> - voimakas antioksidantti, joka suojaa ihosoluja vapaiden radikaalien aiheuttamilta vaurioilta, vahvistaa ihon suojaverkkoa ja hidastaa ik\u00e4\u00e4ntymisprosessia.<\/li>\n<\/ul>\n<p>&nbsp;<\/p>\n<p><strong>K\u00e4ytt\u00f6opas: <\/strong>Kun kasvot on puhdistettu ja kasvovesi levitetty, levit\u00e4 laastaria kuivalle iholle silmien alle. Anna vaikuttaa 15-20 minuuttia. Poista laastarit ja painele seerumin j\u00e4\u00e4m\u00e4t varovasti ihoon sormenp\u00e4ill\u00e4si. Jos haluat voimakkaamman viilent\u00e4v\u00e4n ja turvotusta v\u00e4hent\u00e4v\u00e4n vaikutuksen, s\u00e4ilyt\u00e4 laastareita j\u00e4\u00e4kaapissa ennen k\u00e4ytt\u00f6\u00e4.<\/p>\n<p>&nbsp;<\/p>","protected":false},"excerpt":{"rendered":"<p>Goodal Green Tangerine Vita C -silm\u00e4geelilaastarit s\u00e4vytt\u00e4v\u00e4t, virkist\u00e4v\u00e4t ja kosteuttavat ihoa, v\u00e4hent\u00e4v\u00e4t hyperpigmentaatiota ja tummia silm\u00e4nalusia, antavat silmille lev\u00e4nneen ja raikkaan ilmeen ja auttavat v\u00e4hent\u00e4m\u00e4\u00e4n turvotusta. Laastarit tasoittavat ihon s\u00e4vy\u00e4, kirkastavat pigmenttil\u00e4iski\u00e4, ravitsevat ja pehment\u00e4v\u00e4t ihoa tehden siit\u00e4 joustavamman ja sile\u00e4mm\u00e4n. Geelim\u00e4inen koostumus, jonka kohokuvioitu puoli takaa tiukan pidon iholla liukumatta, jolloin...<\/p>","protected":false},"featured_media":13289,"comment_status":"open","ping_status":"closed","template":"","meta":{"_uf_show_specific_survey":0,"_uf_disable_surveys":false,"_bst_post_transparent":"default","_bst_post_title":"","_bst_post_layout":"default","_bst_post_sidebar_id":"","_bst_post_content_style":"default","_bst_post_vertical_padding":"default","_bst_post_feature":"","_bst_post_feature_position":"","_bst_post_header":false,"_bst_post_footer":false},"pwb-brand":[858],"product_brand":[],"product_cat":[92,385],"product_tag":[859,860],"class_list":{"0":"post-13288","1":"product","2":"type-product","3":"status-publish","4":"has-post-thumbnail","6":"pwb-brand-goodal","7":"product_cat-nagu","8":"product_cat-silmapadjad","9":"product_tag-goodal","10":"product_tag-patch","12":"first","13":"instock","14":"sale","15":"shipping-taxable","16":"purchasable","17":"product-type-simple","18":"entry","19":"content-bg","20":"loop-entry"},"supplier_id":null,"supplier_sku":"","barcode":null,"atum_controlled":true,"out_stock_date":null,"out_stock_threshold":null,"inheritable":false,"inbound_stock":0,"stock_on_hold":0,"sold_today":0,"sales_last_days":0,"out_stock_days":0,"lost_sales":0,"has_location":false,"update_date":"2026-04-14T00:05:07","atum_locations":[],"atum_stock_status":"instock","restock_status":false,"low_stock_amount":"","sales_update_date":"2026-04-14T00:05:07","calc_backorders":null,"yoast_head":"<!-- This site is optimized with the Yoast SEO plugin v27.2 - https:\/\/yoast.com\/product\/yoast-seo-wordpress\/ -->\n<title>Heledust andvad silmaplaastrid Goodal Green Tangerine Vita C Eye Gel Patch - IDA.KOREA<\/title>\n<meta name=\"description\" content=\"Goodal Green Tangerine Vita C Eye Gel Patch silmaplaastrid toniseerivad, v\u00e4rskendavad ja niisutavad nahka, v\u00e4hendavad h\u00fcperpigmentatsiooni ja tumedaid silmaaluseid\" \/>\n<meta name=\"robots\" content=\"index, follow, max-snippet:-1, max-image-preview:large, max-video-preview:-1\" \/>\n<link rel=\"canonical\" href=\"https:\/\/idakorea.ee\/fi\/product\/goodal-green-tangerine-vita-c-eye-gel-patch\/\" \/>\n<meta property=\"og:locale\" content=\"fi_FI\" \/>\n<meta property=\"og:type\" content=\"article\" \/>\n<meta property=\"og:title\" content=\"Heledust andvad silmaplaastrid Goodal Green Tangerine Vita C Eye Gel Patch - IDA.KOREA\" \/>\n<meta property=\"og:description\" content=\"Goodal Green Tangerine Vita C Eye Gel Patch silmaplaastrid toniseerivad, v\u00e4rskendavad ja niisutavad nahka, v\u00e4hendavad h\u00fcperpigmentatsiooni ja tumedaid silmaaluseid\" \/>\n<meta property=\"og:url\" content=\"https:\/\/idakorea.ee\/fi\/product\/goodal-green-tangerine-vita-c-eye-gel-patch\/\" \/>\n<meta property=\"og:site_name\" content=\"IDA.KOREA\" \/>\n<meta property=\"article:modified_time\" content=\"2026-02-03T17:17:50+00:00\" \/>\n<meta property=\"og:image\" content=\"https:\/\/idakorea.ee\/wp-content\/uploads\/2025\/03\/goodal_-_green-tangerine-vita-c-eye-gel-patch.jpg\" \/>\n\t<meta property=\"og:image:width\" content=\"1000\" \/>\n\t<meta property=\"og:image:height\" content=\"1000\" \/>\n\t<meta property=\"og:image:type\" content=\"image\/jpeg\" \/>\n<meta name=\"twitter:card\" content=\"summary_large_image\" \/>\n<meta name=\"twitter:label1\" content=\"Arvioitu lukuaika\" \/>\n\t<meta name=\"twitter:data1\" content=\"2 minuuttia\" \/>\n<script type=\"application\/ld+json\" class=\"yoast-schema-graph\">{\"@context\":\"https:\/\/schema.org\",\"@graph\":[{\"@type\":\"WebPage\",\"@id\":\"https:\/\/idakorea.ee\/product\/goodal-green-tangerine-vita-c-eye-gel-patch\/\",\"url\":\"https:\/\/idakorea.ee\/product\/goodal-green-tangerine-vita-c-eye-gel-patch\/\",\"name\":\"Heledust andvad silmaplaastrid Goodal Green Tangerine Vita C Eye Gel Patch - IDA.KOREA\",\"isPartOf\":{\"@id\":\"https:\/\/idakorea.ee\/#website\"},\"primaryImageOfPage\":{\"@id\":\"https:\/\/idakorea.ee\/product\/goodal-green-tangerine-vita-c-eye-gel-patch\/#primaryimage\"},\"image\":{\"@id\":\"https:\/\/idakorea.ee\/product\/goodal-green-tangerine-vita-c-eye-gel-patch\/#primaryimage\"},\"thumbnailUrl\":\"https:\/\/idakorea.ee\/wp-content\/uploads\/2025\/03\/goodal_-_green-tangerine-vita-c-eye-gel-patch.jpg\",\"datePublished\":\"2025-03-25T08:22:37+00:00\",\"dateModified\":\"2026-02-03T17:17:50+00:00\",\"description\":\"Goodal Green Tangerine Vita C Eye Gel Patch silmaplaastrid toniseerivad, v\u00e4rskendavad ja niisutavad nahka, v\u00e4hendavad h\u00fcperpigmentatsiooni ja tumedaid silmaaluseid\",\"breadcrumb\":{\"@id\":\"https:\/\/idakorea.ee\/product\/goodal-green-tangerine-vita-c-eye-gel-patch\/#breadcrumb\"},\"inLanguage\":\"fi\",\"potentialAction\":[{\"@type\":\"ReadAction\",\"target\":[\"https:\/\/idakorea.ee\/product\/goodal-green-tangerine-vita-c-eye-gel-patch\/\"]}]},{\"@type\":\"ImageObject\",\"inLanguage\":\"fi\",\"@id\":\"https:\/\/idakorea.ee\/product\/goodal-green-tangerine-vita-c-eye-gel-patch\/#primaryimage\",\"url\":\"https:\/\/idakorea.ee\/wp-content\/uploads\/2025\/03\/goodal_-_green-tangerine-vita-c-eye-gel-patch.jpg\",\"contentUrl\":\"https:\/\/idakorea.ee\/wp-content\/uploads\/2025\/03\/goodal_-_green-tangerine-vita-c-eye-gel-patch.jpg\",\"width\":1000,\"height\":1000},{\"@type\":\"BreadcrumbList\",\"@id\":\"https:\/\/idakorea.ee\/product\/goodal-green-tangerine-vita-c-eye-gel-patch\/#breadcrumb\",\"itemListElement\":[{\"@type\":\"ListItem\",\"position\":1,\"name\":\"\u0413\u043b\u0430\u0432\u043d\u0430\u044f \u0441\u0442\u0440\u0430\u043d\u0438\u0446\u0430\",\"item\":\"https:\/\/idakorea.ee\/\"},{\"@type\":\"ListItem\",\"position\":2,\"name\":\"Shop\",\"item\":\"https:\/\/idakorea.ee\/shop-2\/\"},{\"@type\":\"ListItem\",\"position\":3,\"name\":\"Heledust andvad silmaplaastrid Goodal Green Tangerine Vita C Eye Gel Patch\"}]},{\"@type\":\"WebSite\",\"@id\":\"https:\/\/idakorea.ee\/#website\",\"url\":\"https:\/\/idakorea.ee\/\",\"name\":\"IDA.KOREA\",\"description\":\"Korea kosmeetika e-pood\",\"publisher\":{\"@id\":\"https:\/\/idakorea.ee\/#organization\"},\"alternateName\":\"Beauty Shop\",\"potentialAction\":[{\"@type\":\"SearchAction\",\"target\":{\"@type\":\"EntryPoint\",\"urlTemplate\":\"https:\/\/idakorea.ee\/?s={search_term_string}\"},\"query-input\":{\"@type\":\"PropertyValueSpecification\",\"valueRequired\":true,\"valueName\":\"search_term_string\"}}],\"inLanguage\":\"fi\"},{\"@type\":\"Organization\",\"@id\":\"https:\/\/idakorea.ee\/#organization\",\"name\":\"IDA.KOREA\",\"url\":\"https:\/\/idakorea.ee\/\",\"logo\":{\"@type\":\"ImageObject\",\"inLanguage\":\"fi\",\"@id\":\"https:\/\/idakorea.ee\/#\/schema\/logo\/image\/\",\"url\":\"https:\/\/idakorea.ee\/wp-content\/uploads\/2024\/05\/cropped-korea3.png\",\"contentUrl\":\"https:\/\/idakorea.ee\/wp-content\/uploads\/2024\/05\/cropped-korea3.png\",\"width\":688,\"height\":126,\"caption\":\"IDA.KOREA\"},\"image\":{\"@id\":\"https:\/\/idakorea.ee\/#\/schema\/logo\/image\/\"},\"sameAs\":[\"https:\/\/www.instagram.com\/ida.korea\/\"]}]}<\/script>\n<!-- \/ Yoast SEO plugin. -->","yoast_head_json":{"title":"Goodal Green Tangerine Vita C silm\u00e4geelilaastarit - IDA.KOREA - IDA.KOREA","description":"Goodal Green Tangerine Vita C -silm\u00e4geelilaastarit s\u00e4vytt\u00e4v\u00e4t, virkist\u00e4v\u00e4t ja kosteuttavat ihoa, v\u00e4hent\u00e4v\u00e4t hyperpigmentaatiota ja tummia silm\u00e4nalusia.","robots":{"index":"index","follow":"follow","max-snippet":"max-snippet:-1","max-image-preview":"max-image-preview:large","max-video-preview":"max-video-preview:-1"},"canonical":"https:\/\/idakorea.ee\/fi\/product\/goodal-green-tangerine-vita-c-eye-gel-patch\/","og_locale":"fi_FI","og_type":"article","og_title":"Heledust andvad silmaplaastrid Goodal Green Tangerine Vita C Eye Gel Patch - IDA.KOREA","og_description":"Goodal Green Tangerine Vita C Eye Gel Patch silmaplaastrid toniseerivad, v\u00e4rskendavad ja niisutavad nahka, v\u00e4hendavad h\u00fcperpigmentatsiooni ja tumedaid silmaaluseid","og_url":"https:\/\/idakorea.ee\/fi\/product\/goodal-green-tangerine-vita-c-eye-gel-patch\/","og_site_name":"IDA.KOREA","article_modified_time":"2026-02-03T17:17:50+00:00","og_image":[{"width":1000,"height":1000,"url":"https:\/\/idakorea.ee\/wp-content\/uploads\/2025\/03\/goodal_-_green-tangerine-vita-c-eye-gel-patch.jpg","type":"image\/jpeg"}],"twitter_card":"summary_large_image","twitter_misc":{"Arvioitu lukuaika":"2 minuuttia"},"schema":{"@context":"https:\/\/schema.org","@graph":[{"@type":"WebPage","@id":"https:\/\/idakorea.ee\/product\/goodal-green-tangerine-vita-c-eye-gel-patch\/","url":"https:\/\/idakorea.ee\/product\/goodal-green-tangerine-vita-c-eye-gel-patch\/","name":"Goodal Green Tangerine Vita C silm\u00e4geelilaastarit - IDA.KOREA - IDA.KOREA","isPartOf":{"@id":"https:\/\/idakorea.ee\/#website"},"primaryImageOfPage":{"@id":"https:\/\/idakorea.ee\/product\/goodal-green-tangerine-vita-c-eye-gel-patch\/#primaryimage"},"image":{"@id":"https:\/\/idakorea.ee\/product\/goodal-green-tangerine-vita-c-eye-gel-patch\/#primaryimage"},"thumbnailUrl":"https:\/\/idakorea.ee\/wp-content\/uploads\/2025\/03\/goodal_-_green-tangerine-vita-c-eye-gel-patch.jpg","datePublished":"2025-03-25T08:22:37+00:00","dateModified":"2026-02-03T17:17:50+00:00","description":"Goodal Green Tangerine Vita C -silm\u00e4geelilaastarit s\u00e4vytt\u00e4v\u00e4t, virkist\u00e4v\u00e4t ja kosteuttavat ihoa, v\u00e4hent\u00e4v\u00e4t hyperpigmentaatiota ja tummia silm\u00e4nalusia.","breadcrumb":{"@id":"https:\/\/idakorea.ee\/product\/goodal-green-tangerine-vita-c-eye-gel-patch\/#breadcrumb"},"inLanguage":"fi","potentialAction":[{"@type":"ReadAction","target":["https:\/\/idakorea.ee\/product\/goodal-green-tangerine-vita-c-eye-gel-patch\/"]}]},{"@type":"ImageObject","inLanguage":"fi","@id":"https:\/\/idakorea.ee\/product\/goodal-green-tangerine-vita-c-eye-gel-patch\/#primaryimage","url":"https:\/\/idakorea.ee\/wp-content\/uploads\/2025\/03\/goodal_-_green-tangerine-vita-c-eye-gel-patch.jpg","contentUrl":"https:\/\/idakorea.ee\/wp-content\/uploads\/2025\/03\/goodal_-_green-tangerine-vita-c-eye-gel-patch.jpg","width":1000,"height":1000},{"@type":"BreadcrumbList","@id":"https:\/\/idakorea.ee\/product\/goodal-green-tangerine-vita-c-eye-gel-patch\/#breadcrumb","itemListElement":[{"@type":"ListItem","position":1,"name":"\u0413\u043b\u0430\u0432\u043d\u0430\u044f \u0441\u0442\u0440\u0430\u043d\u0438\u0446\u0430","item":"https:\/\/idakorea.ee\/"},{"@type":"ListItem","position":2,"name":"Shop","item":"https:\/\/idakorea.ee\/shop-2\/"},{"@type":"ListItem","position":3,"name":"Heledust andvad silmaplaastrid Goodal Green Tangerine Vita C Eye Gel Patch"}]},{"@type":"WebSite","@id":"https:\/\/idakorea.ee\/#website","url":"https:\/\/idakorea.ee\/","name":"IDA.KOREA","description":"Korean kosmetiikan verkkokauppa","publisher":{"@id":"https:\/\/idakorea.ee\/#organization"},"alternateName":"Beauty Shop","potentialAction":[{"@type":"SearchAction","target":{"@type":"EntryPoint","urlTemplate":"https:\/\/idakorea.ee\/?s={search_term_string}"},"query-input":{"@type":"PropertyValueSpecification","valueRequired":true,"valueName":"search_term_string"}}],"inLanguage":"fi"},{"@type":"Organization","@id":"https:\/\/idakorea.ee\/#organization","name":"IDA.KOREA","url":"https:\/\/idakorea.ee\/","logo":{"@type":"ImageObject","inLanguage":"fi","@id":"https:\/\/idakorea.ee\/#\/schema\/logo\/image\/","url":"https:\/\/idakorea.ee\/wp-content\/uploads\/2024\/05\/cropped-korea3.png","contentUrl":"https:\/\/idakorea.ee\/wp-content\/uploads\/2024\/05\/cropped-korea3.png","width":688,"height":126,"caption":"IDA.KOREA"},"image":{"@id":"https:\/\/idakorea.ee\/#\/schema\/logo\/image\/"},"sameAs":["https:\/\/www.instagram.com\/ida.korea\/"]}]}},"jetpack_sharing_enabled":true,"brands":[{"id":858,"name":"GOODAL","slug":"goodal"}],"_links":{"self":[{"href":"https:\/\/idakorea.ee\/fi\/wp-json\/wp\/v2\/product\/13288","targetHints":{"allow":["GET"]}}],"collection":[{"href":"https:\/\/idakorea.ee\/fi\/wp-json\/wp\/v2\/product"}],"about":[{"href":"https:\/\/idakorea.ee\/fi\/wp-json\/wp\/v2\/types\/product"}],"replies":[{"embeddable":true,"href":"https:\/\/idakorea.ee\/fi\/wp-json\/wp\/v2\/comments?post=13288"}],"version-history":[{"count":1,"href":"https:\/\/idakorea.ee\/fi\/wp-json\/wp\/v2\/product\/13288\/revisions"}],"predecessor-version":[{"id":13293,"href":"https:\/\/idakorea.ee\/fi\/wp-json\/wp\/v2\/product\/13288\/revisions\/13293"}],"wp:featuredmedia":[{"embeddable":true,"href":"https:\/\/idakorea.ee\/fi\/wp-json\/wp\/v2\/media\/13289"}],"wp:attachment":[{"href":"https:\/\/idakorea.ee\/fi\/wp-json\/wp\/v2\/media?parent=13288"}],"wp:term":[{"taxonomy":"pwb-brand","embeddable":true,"href":"https:\/\/idakorea.ee\/fi\/wp-json\/wp\/v2\/pwb-brand?post=13288"},{"taxonomy":"product_brand","embeddable":true,"href":"https:\/\/idakorea.ee\/fi\/wp-json\/wp\/v2\/product_brand?post=13288"},{"taxonomy":"product_cat","embeddable":true,"href":"https:\/\/idakorea.ee\/fi\/wp-json\/wp\/v2\/product_cat?post=13288"},{"taxonomy":"product_tag","embeddable":true,"href":"https:\/\/idakorea.ee\/fi\/wp-json\/wp\/v2\/product_tag?post=13288"}],"curies":[{"name":"wp","href":"https:\/\/api.w.org\/{rel}","templated":true}]}}