{"id":13294,"date":"2025-03-25T10:59:18","date_gmt":"2025-03-25T08:59:18","guid":{"rendered":"https:\/\/idakorea.ee\/?post_type=product&#038;p=13294"},"modified":"2026-02-05T18:25:17","modified_gmt":"2026-02-05T16:25:17","slug":"sugavpuhastav-ja-nahka-uuendav-mask-pestlo-spicule-re-born-peeling-mask-120g","status":"publish","type":"product","link":"https:\/\/idakorea.ee\/fi\/product\/sugavpuhastav-ja-nahka-uuendav-mask-pestlo-spicule-re-born-peeling-mask-120g\/","title":{"rendered":"Syv\u00e4puhdistava ja ihoa uudistava naamio Pestlo Spicule Re-Born Peeling Mask, 120g"},"content":{"rendered":"<p data-start=\"177\" data-end=\"495\"><strong data-start=\"180\" data-end=\"219\">Pestlo Spicule Re-Born -kuorintanaamio<\/strong> on innovatiivinen kuorittava naamio, joka sis\u00e4lt\u00e4\u00e4 luonnollisia mikroneuloja (spiculeja), jotka edist\u00e4v\u00e4t ihon uusiutumista ja syv\u00e4puhdistusta. Se auttaa poistamaan kuolleita ihosoluja, likaa ja ylim\u00e4\u00e4r\u00e4ist\u00e4 \u00f6ljy\u00e4, mik\u00e4 v\u00e4hent\u00e4\u00e4 ihohuokosten ja ep\u00e4tasaisuuksien n\u00e4kyvyytt\u00e4 ja j\u00e4tt\u00e4\u00e4 ihon sile\u00e4mm\u00e4ksi ja kirkkaammaksi.<\/p>\n<p data-start=\"497\" data-end=\"817\"><strong data-start=\"497\" data-end=\"520\">Mit\u00e4 t\u00e4m\u00e4 naamio tekee?<\/strong><br data-start=\"520\" data-end=\"523\" \/>Nopeuttaa ihon luonnollista uusiutumisprosessia.<br data-start=\"573\" data-end=\"576\" \/>Puhdistaa tukkeutuneita ihohuokosia ja v\u00e4hent\u00e4\u00e4 aknea.<br data-start=\"627\" data-end=\"630\" \/>Parantaa ihon rakennetta ja tasoittaa ihons\u00e4vy\u00e4.<br data-start=\"679\" data-end=\"682\" \/>Stimuloi kollageenin tuotantoa, mik\u00e4 tekee ihosta joustavamman.<br data-start=\"745\" data-end=\"748\" \/>V\u00e4hent\u00e4\u00e4 pigmenttimuutoksia ja arpia antaen iholle raikkaamman ilmeen.<\/p>\n<p><strong data-start=\"822\" data-end=\"846\">T\u00e4rkeimm\u00e4t vaikuttavat aineet:<\/strong><\/p>\n<p><strong data-start=\"852\" data-end=\"890\">Spicules (luonnolliset mikroneulat)<\/strong> \u2013 tunkeutuvat syv\u00e4lle ihoon, stimuloivat solujen uusiutumista ja parantavat aktiiviaineiden imeytymist\u00e4.<br data-start=\"987\" data-end=\"990\" \/><strong data-start=\"993\" data-end=\"1010\">Niasiiniamidi<\/strong> \u2013 tasoittaa ihon s\u00e4vy\u00e4, vaalentaa tummia l\u00e4iski\u00e4 ja vahvistaa ihon suojakerrosta.<br data-start=\"1089\" data-end=\"1092\" \/><strong data-start=\"1095\" data-end=\"1125\">Centella Asiatica -uute<\/strong> \u2013 rauhoittaa ja v\u00e4hent\u00e4\u00e4 \u00e4rsytyst\u00e4, nopeuttaa ihon uudistumista.<br data-start=\"1185\" data-end=\"1188\" \/><strong data-start=\"1191\" data-end=\"1208\">Hyaluronihappo<\/strong> \u2013 kosteuttaa syv\u00e4lt\u00e4 ja ehk\u00e4isee kuivumista.<br data-start=\"1255\" data-end=\"1258\" data-is-only-node=\"\" \/><strong data-start=\"1261\" data-end=\"1274\">Peptidit<\/strong> \u2013 tukee ihon kiinteytt\u00e4 ja elastisuutta.<\/p>\n<p data-start=\"1317\" data-end=\"1409\">Sopii kaikille ihotyypeille, erityisesti v\u00e4syneelle, ep\u00e4tasaiselle tai ongelmalliselle iholle.<\/p>\n<p data-start=\"1411\" data-end=\"1435\"><strong data-start=\"1415\" data-end=\"1433\">K\u00e4ytt\u00f6opas: <\/strong>Puhdista kasvot ja kuivaa iho. Levit\u00e4 naamiota tasaisesti iholle v\u00e4ltt\u00e4en silm\u00e4nymp\u00e4rysihoa ja huulia. Anna naamion vaikuttaa 15\u201320 minuuttia ja huuhtele sitten l\u00e4mpim\u00e4ll\u00e4 vedell\u00e4. K\u00e4yt\u00e4 1\u20132 kertaa viikossa ihosi herkkyydest\u00e4 riippuen.<\/p>","protected":false},"excerpt":{"rendered":"<p>Pestlo Spicule Re-Born Exfoliating Mask on innovatiivinen kuorintanaamio, joka sis\u00e4lt\u00e4\u00e4 luonnollisia piikkej\u00e4 (mikroneuloja) edist\u00e4m\u00e4\u00e4n ihon uudistumista ja syv\u00e4puhdistusta. Se auttaa poistamaan kuolleita ihosoluja, likaa ja ylim\u00e4\u00e4r\u00e4ist\u00e4 \u00f6ljy\u00e4, pienent\u00e4\u00e4 ihohuokosia ja karheutta sek\u00e4 tekee ihosta sile\u00e4mm\u00e4n ja s\u00e4teilev\u00e4mm\u00e4n. Mit\u00e4 t\u00e4m\u00e4 naamio tekee?Nopeuttaa ihon luonnollista uusiutumisprosessia.Puhdistaa tukkeutuneet ihohuokoset ja v\u00e4hent\u00e4\u00e4 aknea.Parantaa ihon rakennetta ja tasoittaa ihon s\u00e4vy\u00e4.Stimuloi...<\/p>","protected":false},"featured_media":13295,"comment_status":"open","ping_status":"closed","template":"","meta":{"_uf_show_specific_survey":0,"_uf_disable_surveys":false,"_bst_post_transparent":"default","_bst_post_title":"","_bst_post_layout":"default","_bst_post_sidebar_id":"","_bst_post_content_style":"default","_bst_post_vertical_padding":"default","_bst_post_feature":"","_bst_post_feature_position":"","_bst_post_header":false,"_bst_post_footer":false},"pwb-brand":[861],"product_brand":[],"product_cat":[92,98],"product_tag":[862,863],"class_list":{"0":"post-13294","1":"product","2":"type-product","3":"status-publish","4":"has-post-thumbnail","6":"pwb-brand-pestlo","7":"product_cat-nagu","8":"product_cat-naomaskid","9":"product_tag-pestlo","10":"product_tag-spicule","12":"first","13":"outofstock","14":"sale","15":"shipping-taxable","16":"purchasable","17":"product-type-simple","18":"entry","19":"content-bg","20":"loop-entry"},"supplier_id":null,"supplier_sku":"","barcode":null,"atum_controlled":true,"out_stock_date":"2026-02-05 18:25:17","out_stock_threshold":null,"inheritable":false,"inbound_stock":0,"stock_on_hold":0,"sold_today":0,"sales_last_days":0,"out_stock_days":67,"lost_sales":228,"has_location":false,"update_date":"2026-04-14T00:05:07","atum_locations":[],"atum_stock_status":"outofstock","restock_status":false,"low_stock_amount":"","sales_update_date":"2026-04-14T00:05:07","calc_backorders":null,"yoast_head":"<!-- This site is optimized with the Yoast SEO plugin v27.2 - https:\/\/yoast.com\/product\/yoast-seo-wordpress\/ -->\n<title>Pestlo Spicule Re-Born Peeling Mask, 120g - IDA.KOREA<\/title>\n<meta name=\"description\" content=\"Pestlo Spicule Re-Born Peeling Mask on uuenduslik kooriv mask, mis sisaldab looduslikke spikuleid, et soodustada naha uuenemist ja s\u00fcgavpuhastust.\" \/>\n<meta name=\"robots\" content=\"index, follow, max-snippet:-1, max-image-preview:large, max-video-preview:-1\" \/>\n<link rel=\"canonical\" href=\"https:\/\/idakorea.ee\/fi\/product\/sugavpuhastav-ja-nahka-uuendav-mask-pestlo-spicule-re-born-peeling-mask-120g\/\" \/>\n<meta property=\"og:locale\" content=\"fi_FI\" \/>\n<meta property=\"og:type\" content=\"article\" \/>\n<meta property=\"og:title\" content=\"Pestlo Spicule Re-Born Peeling Mask, 120g - IDA.KOREA\" \/>\n<meta property=\"og:description\" content=\"Pestlo Spicule Re-Born Peeling Mask on uuenduslik kooriv mask, mis sisaldab looduslikke spikuleid, et soodustada naha uuenemist ja s\u00fcgavpuhastust.\" \/>\n<meta property=\"og:url\" content=\"https:\/\/idakorea.ee\/fi\/product\/sugavpuhastav-ja-nahka-uuendav-mask-pestlo-spicule-re-born-peeling-mask-120g\/\" \/>\n<meta property=\"og:site_name\" content=\"IDA.KOREA\" \/>\n<meta property=\"article:modified_time\" content=\"2026-02-05T16:25:17+00:00\" \/>\n<meta property=\"og:image\" content=\"https:\/\/idakorea.ee\/wp-content\/uploads\/2025\/03\/spiculere-bornpeelingmask01_idakorea.webp\" \/>\n\t<meta property=\"og:image:width\" content=\"1000\" \/>\n\t<meta property=\"og:image:height\" content=\"1000\" \/>\n\t<meta property=\"og:image:type\" content=\"image\/webp\" \/>\n<meta name=\"twitter:card\" content=\"summary_large_image\" \/>\n<meta name=\"twitter:label1\" content=\"Arvioitu lukuaika\" \/>\n\t<meta name=\"twitter:data1\" content=\"2 minuuttia\" \/>\n<script type=\"application\/ld+json\" class=\"yoast-schema-graph\">{\"@context\":\"https:\/\/schema.org\",\"@graph\":[{\"@type\":\"WebPage\",\"@id\":\"https:\/\/idakorea.ee\/product\/sugavpuhastav-ja-nahka-uuendav-mask-pestlo-spicule-re-born-peeling-mask-120g\/\",\"url\":\"https:\/\/idakorea.ee\/product\/sugavpuhastav-ja-nahka-uuendav-mask-pestlo-spicule-re-born-peeling-mask-120g\/\",\"name\":\"Pestlo Spicule Re-Born Peeling Mask, 120g - IDA.KOREA\",\"isPartOf\":{\"@id\":\"https:\/\/idakorea.ee\/#website\"},\"primaryImageOfPage\":{\"@id\":\"https:\/\/idakorea.ee\/product\/sugavpuhastav-ja-nahka-uuendav-mask-pestlo-spicule-re-born-peeling-mask-120g\/#primaryimage\"},\"image\":{\"@id\":\"https:\/\/idakorea.ee\/product\/sugavpuhastav-ja-nahka-uuendav-mask-pestlo-spicule-re-born-peeling-mask-120g\/#primaryimage\"},\"thumbnailUrl\":\"https:\/\/idakorea.ee\/wp-content\/uploads\/2025\/03\/spiculere-bornpeelingmask01_idakorea.webp\",\"datePublished\":\"2025-03-25T08:59:18+00:00\",\"dateModified\":\"2026-02-05T16:25:17+00:00\",\"description\":\"Pestlo Spicule Re-Born Peeling Mask on uuenduslik kooriv mask, mis sisaldab looduslikke spikuleid, et soodustada naha uuenemist ja s\u00fcgavpuhastust.\",\"breadcrumb\":{\"@id\":\"https:\/\/idakorea.ee\/product\/sugavpuhastav-ja-nahka-uuendav-mask-pestlo-spicule-re-born-peeling-mask-120g\/#breadcrumb\"},\"inLanguage\":\"fi\",\"potentialAction\":[{\"@type\":\"ReadAction\",\"target\":[\"https:\/\/idakorea.ee\/product\/sugavpuhastav-ja-nahka-uuendav-mask-pestlo-spicule-re-born-peeling-mask-120g\/\"]}]},{\"@type\":\"ImageObject\",\"inLanguage\":\"fi\",\"@id\":\"https:\/\/idakorea.ee\/product\/sugavpuhastav-ja-nahka-uuendav-mask-pestlo-spicule-re-born-peeling-mask-120g\/#primaryimage\",\"url\":\"https:\/\/idakorea.ee\/wp-content\/uploads\/2025\/03\/spiculere-bornpeelingmask01_idakorea.webp\",\"contentUrl\":\"https:\/\/idakorea.ee\/wp-content\/uploads\/2025\/03\/spiculere-bornpeelingmask01_idakorea.webp\",\"width\":1000,\"height\":1000},{\"@type\":\"BreadcrumbList\",\"@id\":\"https:\/\/idakorea.ee\/product\/sugavpuhastav-ja-nahka-uuendav-mask-pestlo-spicule-re-born-peeling-mask-120g\/#breadcrumb\",\"itemListElement\":[{\"@type\":\"ListItem\",\"position\":1,\"name\":\"\u0413\u043b\u0430\u0432\u043d\u0430\u044f \u0441\u0442\u0440\u0430\u043d\u0438\u0446\u0430\",\"item\":\"https:\/\/idakorea.ee\/\"},{\"@type\":\"ListItem\",\"position\":2,\"name\":\"Shop\",\"item\":\"https:\/\/idakorea.ee\/shop-2\/\"},{\"@type\":\"ListItem\",\"position\":3,\"name\":\"S\u00fcgavpuhastav ja nahka uuendav mask Pestlo Spicule Re-Born Peeling Mask, 120g\"}]},{\"@type\":\"WebSite\",\"@id\":\"https:\/\/idakorea.ee\/#website\",\"url\":\"https:\/\/idakorea.ee\/\",\"name\":\"IDA.KOREA\",\"description\":\"Korea kosmeetika e-pood\",\"publisher\":{\"@id\":\"https:\/\/idakorea.ee\/#organization\"},\"alternateName\":\"Beauty Shop\",\"potentialAction\":[{\"@type\":\"SearchAction\",\"target\":{\"@type\":\"EntryPoint\",\"urlTemplate\":\"https:\/\/idakorea.ee\/?s={search_term_string}\"},\"query-input\":{\"@type\":\"PropertyValueSpecification\",\"valueRequired\":true,\"valueName\":\"search_term_string\"}}],\"inLanguage\":\"fi\"},{\"@type\":\"Organization\",\"@id\":\"https:\/\/idakorea.ee\/#organization\",\"name\":\"IDA.KOREA\",\"url\":\"https:\/\/idakorea.ee\/\",\"logo\":{\"@type\":\"ImageObject\",\"inLanguage\":\"fi\",\"@id\":\"https:\/\/idakorea.ee\/#\/schema\/logo\/image\/\",\"url\":\"https:\/\/idakorea.ee\/wp-content\/uploads\/2024\/05\/cropped-korea3.png\",\"contentUrl\":\"https:\/\/idakorea.ee\/wp-content\/uploads\/2024\/05\/cropped-korea3.png\",\"width\":688,\"height\":126,\"caption\":\"IDA.KOREA\"},\"image\":{\"@id\":\"https:\/\/idakorea.ee\/#\/schema\/logo\/image\/\"},\"sameAs\":[\"https:\/\/www.instagram.com\/ida.korea\/\"]}]}<\/script>\n<!-- \/ Yoast SEO plugin. -->","yoast_head_json":{"title":"Pestlo Spicule Re-Born kuorintanaamio, 120g - IDA.KOREA","description":"Pestlo Spicule Re-Born Peeling Mask on innovatiivinen kuorintanaamio, joka sis\u00e4lt\u00e4\u00e4 luonnollisia spicules-uutetta ihon uudistumisen ja syv\u00e4puhdistuksen edist\u00e4miseksi.","robots":{"index":"index","follow":"follow","max-snippet":"max-snippet:-1","max-image-preview":"max-image-preview:large","max-video-preview":"max-video-preview:-1"},"canonical":"https:\/\/idakorea.ee\/fi\/product\/sugavpuhastav-ja-nahka-uuendav-mask-pestlo-spicule-re-born-peeling-mask-120g\/","og_locale":"fi_FI","og_type":"article","og_title":"Pestlo Spicule Re-Born Peeling Mask, 120g - IDA.KOREA","og_description":"Pestlo Spicule Re-Born Peeling Mask on uuenduslik kooriv mask, mis sisaldab looduslikke spikuleid, et soodustada naha uuenemist ja s\u00fcgavpuhastust.","og_url":"https:\/\/idakorea.ee\/fi\/product\/sugavpuhastav-ja-nahka-uuendav-mask-pestlo-spicule-re-born-peeling-mask-120g\/","og_site_name":"IDA.KOREA","article_modified_time":"2026-02-05T16:25:17+00:00","og_image":[{"width":1000,"height":1000,"url":"https:\/\/idakorea.ee\/wp-content\/uploads\/2025\/03\/spiculere-bornpeelingmask01_idakorea.webp","type":"image\/webp"}],"twitter_card":"summary_large_image","twitter_misc":{"Arvioitu lukuaika":"2 minuuttia"},"schema":{"@context":"https:\/\/schema.org","@graph":[{"@type":"WebPage","@id":"https:\/\/idakorea.ee\/product\/sugavpuhastav-ja-nahka-uuendav-mask-pestlo-spicule-re-born-peeling-mask-120g\/","url":"https:\/\/idakorea.ee\/product\/sugavpuhastav-ja-nahka-uuendav-mask-pestlo-spicule-re-born-peeling-mask-120g\/","name":"Pestlo Spicule Re-Born kuorintanaamio, 120g - IDA.KOREA","isPartOf":{"@id":"https:\/\/idakorea.ee\/#website"},"primaryImageOfPage":{"@id":"https:\/\/idakorea.ee\/product\/sugavpuhastav-ja-nahka-uuendav-mask-pestlo-spicule-re-born-peeling-mask-120g\/#primaryimage"},"image":{"@id":"https:\/\/idakorea.ee\/product\/sugavpuhastav-ja-nahka-uuendav-mask-pestlo-spicule-re-born-peeling-mask-120g\/#primaryimage"},"thumbnailUrl":"https:\/\/idakorea.ee\/wp-content\/uploads\/2025\/03\/spiculere-bornpeelingmask01_idakorea.webp","datePublished":"2025-03-25T08:59:18+00:00","dateModified":"2026-02-05T16:25:17+00:00","description":"Pestlo Spicule Re-Born Peeling Mask on innovatiivinen kuorintanaamio, joka sis\u00e4lt\u00e4\u00e4 luonnollisia spicules-uutetta ihon uudistumisen ja syv\u00e4puhdistuksen edist\u00e4miseksi.","breadcrumb":{"@id":"https:\/\/idakorea.ee\/product\/sugavpuhastav-ja-nahka-uuendav-mask-pestlo-spicule-re-born-peeling-mask-120g\/#breadcrumb"},"inLanguage":"fi","potentialAction":[{"@type":"ReadAction","target":["https:\/\/idakorea.ee\/product\/sugavpuhastav-ja-nahka-uuendav-mask-pestlo-spicule-re-born-peeling-mask-120g\/"]}]},{"@type":"ImageObject","inLanguage":"fi","@id":"https:\/\/idakorea.ee\/product\/sugavpuhastav-ja-nahka-uuendav-mask-pestlo-spicule-re-born-peeling-mask-120g\/#primaryimage","url":"https:\/\/idakorea.ee\/wp-content\/uploads\/2025\/03\/spiculere-bornpeelingmask01_idakorea.webp","contentUrl":"https:\/\/idakorea.ee\/wp-content\/uploads\/2025\/03\/spiculere-bornpeelingmask01_idakorea.webp","width":1000,"height":1000},{"@type":"BreadcrumbList","@id":"https:\/\/idakorea.ee\/product\/sugavpuhastav-ja-nahka-uuendav-mask-pestlo-spicule-re-born-peeling-mask-120g\/#breadcrumb","itemListElement":[{"@type":"ListItem","position":1,"name":"\u0413\u043b\u0430\u0432\u043d\u0430\u044f \u0441\u0442\u0440\u0430\u043d\u0438\u0446\u0430","item":"https:\/\/idakorea.ee\/"},{"@type":"ListItem","position":2,"name":"Shop","item":"https:\/\/idakorea.ee\/shop-2\/"},{"@type":"ListItem","position":3,"name":"S\u00fcgavpuhastav ja nahka uuendav mask Pestlo Spicule Re-Born Peeling Mask, 120g"}]},{"@type":"WebSite","@id":"https:\/\/idakorea.ee\/#website","url":"https:\/\/idakorea.ee\/","name":"IDA.KOREA","description":"Korean kosmetiikan verkkokauppa","publisher":{"@id":"https:\/\/idakorea.ee\/#organization"},"alternateName":"Beauty Shop","potentialAction":[{"@type":"SearchAction","target":{"@type":"EntryPoint","urlTemplate":"https:\/\/idakorea.ee\/?s={search_term_string}"},"query-input":{"@type":"PropertyValueSpecification","valueRequired":true,"valueName":"search_term_string"}}],"inLanguage":"fi"},{"@type":"Organization","@id":"https:\/\/idakorea.ee\/#organization","name":"IDA.KOREA","url":"https:\/\/idakorea.ee\/","logo":{"@type":"ImageObject","inLanguage":"fi","@id":"https:\/\/idakorea.ee\/#\/schema\/logo\/image\/","url":"https:\/\/idakorea.ee\/wp-content\/uploads\/2024\/05\/cropped-korea3.png","contentUrl":"https:\/\/idakorea.ee\/wp-content\/uploads\/2024\/05\/cropped-korea3.png","width":688,"height":126,"caption":"IDA.KOREA"},"image":{"@id":"https:\/\/idakorea.ee\/#\/schema\/logo\/image\/"},"sameAs":["https:\/\/www.instagram.com\/ida.korea\/"]}]}},"jetpack_sharing_enabled":true,"brands":[{"id":861,"name":"PESTLO","slug":"pestlo"}],"_links":{"self":[{"href":"https:\/\/idakorea.ee\/fi\/wp-json\/wp\/v2\/product\/13294","targetHints":{"allow":["GET"]}}],"collection":[{"href":"https:\/\/idakorea.ee\/fi\/wp-json\/wp\/v2\/product"}],"about":[{"href":"https:\/\/idakorea.ee\/fi\/wp-json\/wp\/v2\/types\/product"}],"replies":[{"embeddable":true,"href":"https:\/\/idakorea.ee\/fi\/wp-json\/wp\/v2\/comments?post=13294"}],"version-history":[{"count":2,"href":"https:\/\/idakorea.ee\/fi\/wp-json\/wp\/v2\/product\/13294\/revisions"}],"predecessor-version":[{"id":13764,"href":"https:\/\/idakorea.ee\/fi\/wp-json\/wp\/v2\/product\/13294\/revisions\/13764"}],"wp:featuredmedia":[{"embeddable":true,"href":"https:\/\/idakorea.ee\/fi\/wp-json\/wp\/v2\/media\/13295"}],"wp:attachment":[{"href":"https:\/\/idakorea.ee\/fi\/wp-json\/wp\/v2\/media?parent=13294"}],"wp:term":[{"taxonomy":"pwb-brand","embeddable":true,"href":"https:\/\/idakorea.ee\/fi\/wp-json\/wp\/v2\/pwb-brand?post=13294"},{"taxonomy":"product_brand","embeddable":true,"href":"https:\/\/idakorea.ee\/fi\/wp-json\/wp\/v2\/product_brand?post=13294"},{"taxonomy":"product_cat","embeddable":true,"href":"https:\/\/idakorea.ee\/fi\/wp-json\/wp\/v2\/product_cat?post=13294"},{"taxonomy":"product_tag","embeddable":true,"href":"https:\/\/idakorea.ee\/fi\/wp-json\/wp\/v2\/product_tag?post=13294"}],"curies":[{"name":"wp","href":"https:\/\/api.w.org\/{rel}","templated":true}]}}