{"id":13313,"date":"2025-03-27T14:13:54","date_gmt":"2025-03-27T12:13:54","guid":{"rendered":"https:\/\/idakorea.ee\/?post_type=product&#038;p=13313"},"modified":"2026-02-25T11:39:59","modified_gmt":"2026-02-25T09:39:59","slug":"naomask-medicube-kojic-acid-turmeric-brightening-gel-mask-28g","status":"publish","type":"product","link":"https:\/\/idakorea.ee\/fi\/product\/naomask-medicube-kojic-acid-turmeric-brightening-gel-mask-28g\/","title":{"rendered":"Kasvonaamio Medicube Kojic Acid Kurkuma kirkastava geelinaamio, 28g"},"content":{"rendered":"<p>Innovatiivinen koostumus \u2013 kojihappo, kurkuma ja niasiiniamidi kirkastavat ihoa, tasoittavat sen s\u00e4vy\u00e4 ja antavat sille luonnollisen hehkun, saavuttaen &quot;lasimaisen ihoefektin&quot;.<\/p>\n<p>V\u00e4ri\u00e4 vaihtava geeli \u2013 ainutlaatuinen geelinaamio muuttuu l\u00e4pin\u00e4kyv\u00e4ksi imeytyess\u00e4\u00e4n, mik\u00e4 osoittaa optimaalisen imeytymishetken.<\/p>\n<p><strong>Kliinisesti todistettu teho:<\/strong><br \/>\n+32.2% ihon kimmoisuuden paraneminen<br \/>\n+7.8% tekstuurin tasoittuminen ensimm\u00e4isen k\u00e4ytt\u00f6kerran j\u00e4lkeen<br \/>\n+74.5% nesteytys heti k\u00e4yt\u00f6n j\u00e4lkeen<br \/>\n(*Global Dermatological Sciences Instituten kliinisen tutkimuksen tiedot. Yksil\u00f6lliset tulokset voivat vaihdella.)<\/p>\n<p>Koe syv\u00e4kosteutus, ravitsemus ja ihon hehku jo ensimm\u00e4isen k\u00e4ytt\u00f6kerran j\u00e4lkeen!<\/p>\n<p>&nbsp;<\/p>\n<p>Sopii kaikille ihotyypeille - dermatologisesti testattu, ei sis\u00e4ll\u00e4 keinotekoisia v\u00e4riaineita ja kosteuttaa 24 tuntia.<\/p>\n<p><strong>K\u00e4ytt\u00f6: <\/strong>Puhdista iho ja levit\u00e4 seerumi. Poista suojakalvot ja levit\u00e4 naamio tasaisesti kasvoille. Anna vaikuttaa 1\u20133 tuntia (tai kunnes naamiosta tulee l\u00e4pin\u00e4kyv\u00e4) ja taputtele sitten j\u00e4ljelle j\u00e4\u00e4nyt seerumi hell\u00e4varaisesti ihoon.<br \/>\n<strong>Neuvoja:<\/strong> K\u00e4yt\u00e4 naamiota ihonhoitorutiinisi viimeisen\u00e4 vaiheena y\u00f6ll\u00e4 ja her\u00e4\u00e4 kosteutetun ja hehkuvan ihon kanssa!<\/p>\n<p><strong>T\u00e4rke\u00e4\u00e4!<\/strong> Ole varovainen ottaessasi naamion pakkauksesta, jotta geeli ei vahingoitu.<\/p>","protected":false},"excerpt":{"rendered":"<p>Innovatiivinen koostumus - kojiinihappo, kurkuma ja niasiiniamidi auttavat kirkastamaan ihoa, tasoittamaan ihon s\u00e4vy\u00e4 ja antamaan luonnollisen hehkun, joka saa aikaan \"lasisen ihon\" vaikutuksen. V\u00e4ri\u00e4 vaihtava geeli - ainutlaatuinen geelinaamio muuttuu l\u00e4pin\u00e4kyv\u00e4ksi imeytyess\u00e4\u00e4n, mik\u00e4 ilmaisee optimaalisen imeytymishetken. Kliinisesti todistettu teho.<\/p>","protected":false},"featured_media":13314,"comment_status":"open","ping_status":"closed","template":"","meta":{"_uf_show_specific_survey":0,"_uf_disable_surveys":false,"_bst_post_transparent":"default","_bst_post_title":"","_bst_post_layout":"default","_bst_post_sidebar_id":"","_bst_post_content_style":"default","_bst_post_vertical_padding":"default","_bst_post_feature":"","_bst_post_feature_position":"","_bst_post_header":false,"_bst_post_footer":false},"pwb-brand":[490],"product_brand":[],"product_cat":[92,98],"product_tag":[614,721],"class_list":{"0":"post-13313","1":"product","2":"type-product","3":"status-publish","4":"has-post-thumbnail","6":"pwb-brand-medicube","7":"product_cat-nagu","8":"product_cat-naomaskid","9":"product_tag-mask","10":"product_tag-medicube","12":"first","13":"instock","14":"sale","15":"shipping-taxable","16":"purchasable","17":"product-type-simple","18":"entry","19":"content-bg","20":"loop-entry"},"supplier_id":null,"supplier_sku":"","barcode":null,"atum_controlled":true,"out_stock_date":null,"out_stock_threshold":null,"inheritable":false,"inbound_stock":0,"stock_on_hold":0,"sold_today":0,"sales_last_days":0,"out_stock_days":0,"lost_sales":0,"has_location":false,"update_date":"2026-04-14T00:05:07","atum_locations":[],"atum_stock_status":"instock","restock_status":false,"low_stock_amount":"","sales_update_date":"2026-04-14T00:05:07","calc_backorders":null,"yoast_head":"<!-- This site is optimized with the Yoast SEO plugin v27.2 - https:\/\/yoast.com\/product\/yoast-seo-wordpress\/ -->\n<title>Medicube Kojic Acid Turmeric Brightening Gel Mask, 28g - IDA.KOREA<\/title>\n<meta name=\"description\" content=\"Uuenduslik valem \u2013 kojiinhape, kurkuma ja niatsiinamiid aitavad valgustada nahka, \u00fchtlustada jumet ja anda loomuliku s\u00e4ra, saavutades &quot;klaasnaha&quot; efekti.\" \/>\n<meta name=\"robots\" content=\"index, follow, max-snippet:-1, max-image-preview:large, max-video-preview:-1\" \/>\n<link rel=\"canonical\" href=\"https:\/\/idakorea.ee\/fi\/product\/naomask-medicube-kojic-acid-turmeric-brightening-gel-mask-28g\/\" \/>\n<meta property=\"og:locale\" content=\"fi_FI\" \/>\n<meta property=\"og:type\" content=\"article\" \/>\n<meta property=\"og:title\" content=\"Medicube Kojic Acid Turmeric Brightening Gel Mask, 28g - IDA.KOREA\" \/>\n<meta property=\"og:description\" content=\"Uuenduslik valem \u2013 kojiinhape, kurkuma ja niatsiinamiid aitavad valgustada nahka, \u00fchtlustada jumet ja anda loomuliku s\u00e4ra, saavutades &quot;klaasnaha&quot; efekti.\" \/>\n<meta property=\"og:url\" content=\"https:\/\/idakorea.ee\/fi\/product\/naomask-medicube-kojic-acid-turmeric-brightening-gel-mask-28g\/\" \/>\n<meta property=\"og:site_name\" content=\"IDA.KOREA\" \/>\n<meta property=\"article:modified_time\" content=\"2026-02-25T09:39:59+00:00\" \/>\n<meta property=\"og:image\" content=\"https:\/\/idakorea.ee\/wp-content\/uploads\/2025\/03\/medicube-kojic-acid-gel-mask-idakorea.webp\" \/>\n\t<meta property=\"og:image:width\" content=\"500\" \/>\n\t<meta property=\"og:image:height\" content=\"500\" \/>\n\t<meta property=\"og:image:type\" content=\"image\/webp\" \/>\n<meta name=\"twitter:card\" content=\"summary_large_image\" \/>\n<meta name=\"twitter:label1\" content=\"Arvioitu lukuaika\" \/>\n\t<meta name=\"twitter:data1\" content=\"1 minuutti\" \/>\n<script type=\"application\/ld+json\" class=\"yoast-schema-graph\">{\"@context\":\"https:\/\/schema.org\",\"@graph\":[{\"@type\":\"WebPage\",\"@id\":\"https:\/\/idakorea.ee\/product\/naomask-medicube-kojic-acid-turmeric-brightening-gel-mask-28g\/\",\"url\":\"https:\/\/idakorea.ee\/product\/naomask-medicube-kojic-acid-turmeric-brightening-gel-mask-28g\/\",\"name\":\"Medicube Kojic Acid Turmeric Brightening Gel Mask, 28g - IDA.KOREA\",\"isPartOf\":{\"@id\":\"https:\/\/idakorea.ee\/#website\"},\"primaryImageOfPage\":{\"@id\":\"https:\/\/idakorea.ee\/product\/naomask-medicube-kojic-acid-turmeric-brightening-gel-mask-28g\/#primaryimage\"},\"image\":{\"@id\":\"https:\/\/idakorea.ee\/product\/naomask-medicube-kojic-acid-turmeric-brightening-gel-mask-28g\/#primaryimage\"},\"thumbnailUrl\":\"https:\/\/idakorea.ee\/wp-content\/uploads\/2025\/03\/medicube-kojic-acid-gel-mask-idakorea.webp\",\"datePublished\":\"2025-03-27T12:13:54+00:00\",\"dateModified\":\"2026-02-25T09:39:59+00:00\",\"description\":\"Uuenduslik valem \u2013 kojiinhape, kurkuma ja niatsiinamiid aitavad valgustada nahka, \u00fchtlustada jumet ja anda loomuliku s\u00e4ra, saavutades \\\"klaasnaha\\\" efekti.\",\"breadcrumb\":{\"@id\":\"https:\/\/idakorea.ee\/product\/naomask-medicube-kojic-acid-turmeric-brightening-gel-mask-28g\/#breadcrumb\"},\"inLanguage\":\"fi\",\"potentialAction\":[{\"@type\":\"ReadAction\",\"target\":[\"https:\/\/idakorea.ee\/product\/naomask-medicube-kojic-acid-turmeric-brightening-gel-mask-28g\/\"]}]},{\"@type\":\"ImageObject\",\"inLanguage\":\"fi\",\"@id\":\"https:\/\/idakorea.ee\/product\/naomask-medicube-kojic-acid-turmeric-brightening-gel-mask-28g\/#primaryimage\",\"url\":\"https:\/\/idakorea.ee\/wp-content\/uploads\/2025\/03\/medicube-kojic-acid-gel-mask-idakorea.webp\",\"contentUrl\":\"https:\/\/idakorea.ee\/wp-content\/uploads\/2025\/03\/medicube-kojic-acid-gel-mask-idakorea.webp\",\"width\":500,\"height\":500},{\"@type\":\"BreadcrumbList\",\"@id\":\"https:\/\/idakorea.ee\/product\/naomask-medicube-kojic-acid-turmeric-brightening-gel-mask-28g\/#breadcrumb\",\"itemListElement\":[{\"@type\":\"ListItem\",\"position\":1,\"name\":\"\u0413\u043b\u0430\u0432\u043d\u0430\u044f \u0441\u0442\u0440\u0430\u043d\u0438\u0446\u0430\",\"item\":\"https:\/\/idakorea.ee\/\"},{\"@type\":\"ListItem\",\"position\":2,\"name\":\"Shop\",\"item\":\"https:\/\/idakorea.ee\/shop-2\/\"},{\"@type\":\"ListItem\",\"position\":3,\"name\":\"N\u00e4omask Medicube Kojic Acid Turmeric Brightening Gel Mask, 28g\"}]},{\"@type\":\"WebSite\",\"@id\":\"https:\/\/idakorea.ee\/#website\",\"url\":\"https:\/\/idakorea.ee\/\",\"name\":\"IDA.KOREA\",\"description\":\"Korea kosmeetika e-pood\",\"publisher\":{\"@id\":\"https:\/\/idakorea.ee\/#organization\"},\"alternateName\":\"Beauty Shop\",\"potentialAction\":[{\"@type\":\"SearchAction\",\"target\":{\"@type\":\"EntryPoint\",\"urlTemplate\":\"https:\/\/idakorea.ee\/?s={search_term_string}\"},\"query-input\":{\"@type\":\"PropertyValueSpecification\",\"valueRequired\":true,\"valueName\":\"search_term_string\"}}],\"inLanguage\":\"fi\"},{\"@type\":\"Organization\",\"@id\":\"https:\/\/idakorea.ee\/#organization\",\"name\":\"IDA.KOREA\",\"url\":\"https:\/\/idakorea.ee\/\",\"logo\":{\"@type\":\"ImageObject\",\"inLanguage\":\"fi\",\"@id\":\"https:\/\/idakorea.ee\/#\/schema\/logo\/image\/\",\"url\":\"https:\/\/idakorea.ee\/wp-content\/uploads\/2024\/05\/cropped-korea3.png\",\"contentUrl\":\"https:\/\/idakorea.ee\/wp-content\/uploads\/2024\/05\/cropped-korea3.png\",\"width\":688,\"height\":126,\"caption\":\"IDA.KOREA\"},\"image\":{\"@id\":\"https:\/\/idakorea.ee\/#\/schema\/logo\/image\/\"},\"sameAs\":[\"https:\/\/www.instagram.com\/ida.korea\/\"]}]}<\/script>\n<!-- \/ Yoast SEO plugin. -->","yoast_head_json":{"title":"Medicube Kojic Acid Turmeric -kirkastava geelinaamio, 28g - IDA.KOREA","description":"Innovatiivinen koostumus \u2013 kojihappo, kurkuma ja niasiiniamidi kirkastavat ihoa, tasoittavat sen s\u00e4vy\u00e4 ja antavat sille luonnollisen hehkun, saavuttaen &quot;lasimaisen ihoefektin&quot;.","robots":{"index":"index","follow":"follow","max-snippet":"max-snippet:-1","max-image-preview":"max-image-preview:large","max-video-preview":"max-video-preview:-1"},"canonical":"https:\/\/idakorea.ee\/fi\/product\/naomask-medicube-kojic-acid-turmeric-brightening-gel-mask-28g\/","og_locale":"fi_FI","og_type":"article","og_title":"Medicube Kojic Acid Turmeric Brightening Gel Mask, 28g - IDA.KOREA","og_description":"Uuenduslik valem \u2013 kojiinhape, kurkuma ja niatsiinamiid aitavad valgustada nahka, \u00fchtlustada jumet ja anda loomuliku s\u00e4ra, saavutades \"klaasnaha\" efekti.","og_url":"https:\/\/idakorea.ee\/fi\/product\/naomask-medicube-kojic-acid-turmeric-brightening-gel-mask-28g\/","og_site_name":"IDA.KOREA","article_modified_time":"2026-02-25T09:39:59+00:00","og_image":[{"width":500,"height":500,"url":"https:\/\/idakorea.ee\/wp-content\/uploads\/2025\/03\/medicube-kojic-acid-gel-mask-idakorea.webp","type":"image\/webp"}],"twitter_card":"summary_large_image","twitter_misc":{"Arvioitu lukuaika":"1 minuutti"},"schema":{"@context":"https:\/\/schema.org","@graph":[{"@type":"WebPage","@id":"https:\/\/idakorea.ee\/product\/naomask-medicube-kojic-acid-turmeric-brightening-gel-mask-28g\/","url":"https:\/\/idakorea.ee\/product\/naomask-medicube-kojic-acid-turmeric-brightening-gel-mask-28g\/","name":"Medicube Kojic Acid Turmeric -kirkastava geelinaamio, 28g - IDA.KOREA","isPartOf":{"@id":"https:\/\/idakorea.ee\/#website"},"primaryImageOfPage":{"@id":"https:\/\/idakorea.ee\/product\/naomask-medicube-kojic-acid-turmeric-brightening-gel-mask-28g\/#primaryimage"},"image":{"@id":"https:\/\/idakorea.ee\/product\/naomask-medicube-kojic-acid-turmeric-brightening-gel-mask-28g\/#primaryimage"},"thumbnailUrl":"https:\/\/idakorea.ee\/wp-content\/uploads\/2025\/03\/medicube-kojic-acid-gel-mask-idakorea.webp","datePublished":"2025-03-27T12:13:54+00:00","dateModified":"2026-02-25T09:39:59+00:00","description":"Innovatiivinen koostumus \u2013 kojihappo, kurkuma ja niasiiniamidi kirkastavat ihoa, tasoittavat sen s\u00e4vy\u00e4 ja antavat sille luonnollisen hehkun, saavuttaen &quot;lasimaisen ihoefektin&quot;.","breadcrumb":{"@id":"https:\/\/idakorea.ee\/product\/naomask-medicube-kojic-acid-turmeric-brightening-gel-mask-28g\/#breadcrumb"},"inLanguage":"fi","potentialAction":[{"@type":"ReadAction","target":["https:\/\/idakorea.ee\/product\/naomask-medicube-kojic-acid-turmeric-brightening-gel-mask-28g\/"]}]},{"@type":"ImageObject","inLanguage":"fi","@id":"https:\/\/idakorea.ee\/product\/naomask-medicube-kojic-acid-turmeric-brightening-gel-mask-28g\/#primaryimage","url":"https:\/\/idakorea.ee\/wp-content\/uploads\/2025\/03\/medicube-kojic-acid-gel-mask-idakorea.webp","contentUrl":"https:\/\/idakorea.ee\/wp-content\/uploads\/2025\/03\/medicube-kojic-acid-gel-mask-idakorea.webp","width":500,"height":500},{"@type":"BreadcrumbList","@id":"https:\/\/idakorea.ee\/product\/naomask-medicube-kojic-acid-turmeric-brightening-gel-mask-28g\/#breadcrumb","itemListElement":[{"@type":"ListItem","position":1,"name":"\u0413\u043b\u0430\u0432\u043d\u0430\u044f \u0441\u0442\u0440\u0430\u043d\u0438\u0446\u0430","item":"https:\/\/idakorea.ee\/"},{"@type":"ListItem","position":2,"name":"Shop","item":"https:\/\/idakorea.ee\/shop-2\/"},{"@type":"ListItem","position":3,"name":"N\u00e4omask Medicube Kojic Acid Turmeric Brightening Gel Mask, 28g"}]},{"@type":"WebSite","@id":"https:\/\/idakorea.ee\/#website","url":"https:\/\/idakorea.ee\/","name":"IDA.KOREA","description":"Korean kosmetiikan verkkokauppa","publisher":{"@id":"https:\/\/idakorea.ee\/#organization"},"alternateName":"Beauty Shop","potentialAction":[{"@type":"SearchAction","target":{"@type":"EntryPoint","urlTemplate":"https:\/\/idakorea.ee\/?s={search_term_string}"},"query-input":{"@type":"PropertyValueSpecification","valueRequired":true,"valueName":"search_term_string"}}],"inLanguage":"fi"},{"@type":"Organization","@id":"https:\/\/idakorea.ee\/#organization","name":"IDA.KOREA","url":"https:\/\/idakorea.ee\/","logo":{"@type":"ImageObject","inLanguage":"fi","@id":"https:\/\/idakorea.ee\/#\/schema\/logo\/image\/","url":"https:\/\/idakorea.ee\/wp-content\/uploads\/2024\/05\/cropped-korea3.png","contentUrl":"https:\/\/idakorea.ee\/wp-content\/uploads\/2024\/05\/cropped-korea3.png","width":688,"height":126,"caption":"IDA.KOREA"},"image":{"@id":"https:\/\/idakorea.ee\/#\/schema\/logo\/image\/"},"sameAs":["https:\/\/www.instagram.com\/ida.korea\/"]}]}},"jetpack_sharing_enabled":true,"brands":[{"id":490,"name":"MEDICUBE","slug":"medicube"}],"_links":{"self":[{"href":"https:\/\/idakorea.ee\/fi\/wp-json\/wp\/v2\/product\/13313","targetHints":{"allow":["GET"]}}],"collection":[{"href":"https:\/\/idakorea.ee\/fi\/wp-json\/wp\/v2\/product"}],"about":[{"href":"https:\/\/idakorea.ee\/fi\/wp-json\/wp\/v2\/types\/product"}],"replies":[{"embeddable":true,"href":"https:\/\/idakorea.ee\/fi\/wp-json\/wp\/v2\/comments?post=13313"}],"version-history":[{"count":1,"href":"https:\/\/idakorea.ee\/fi\/wp-json\/wp\/v2\/product\/13313\/revisions"}],"predecessor-version":[{"id":13317,"href":"https:\/\/idakorea.ee\/fi\/wp-json\/wp\/v2\/product\/13313\/revisions\/13317"}],"wp:featuredmedia":[{"embeddable":true,"href":"https:\/\/idakorea.ee\/fi\/wp-json\/wp\/v2\/media\/13314"}],"wp:attachment":[{"href":"https:\/\/idakorea.ee\/fi\/wp-json\/wp\/v2\/media?parent=13313"}],"wp:term":[{"taxonomy":"pwb-brand","embeddable":true,"href":"https:\/\/idakorea.ee\/fi\/wp-json\/wp\/v2\/pwb-brand?post=13313"},{"taxonomy":"product_brand","embeddable":true,"href":"https:\/\/idakorea.ee\/fi\/wp-json\/wp\/v2\/product_brand?post=13313"},{"taxonomy":"product_cat","embeddable":true,"href":"https:\/\/idakorea.ee\/fi\/wp-json\/wp\/v2\/product_cat?post=13313"},{"taxonomy":"product_tag","embeddable":true,"href":"https:\/\/idakorea.ee\/fi\/wp-json\/wp\/v2\/product_tag?post=13313"}],"curies":[{"name":"wp","href":"https:\/\/api.w.org\/{rel}","templated":true}]}}