{"id":13323,"date":"2025-03-28T10:59:23","date_gmt":"2025-03-28T08:59:23","guid":{"rendered":"https:\/\/idakorea.ee\/?post_type=product&#038;p=13323"},"modified":"2026-04-13T20:27:23","modified_gmt":"2026-04-13T18:27:23","slug":"geelmask-medicube-pdrn-pink-collagen-gel-mask-28g","status":"publish","type":"product","link":"https:\/\/idakorea.ee\/fi\/product\/geelmask-medicube-pdrn-pink-collagen-gel-mask-28g\/","title":{"rendered":"Geelmask Medicube PDRN Pink Collagen Gel Mask, 28g"},"content":{"rendered":"<p><strong>Medicube PDRN Pink Collagen Gel Mask<\/strong> on innovatiivinen geelinaamio, joka tarjoaa tehohoitoa kaikille ihotyypeille. Se sis\u00e4lt\u00e4\u00e4 lohen PDRN:\u00e4\u00e4, lohen DNA-uutetta, joka auttaa vahvistamaan ihon suojakerrosta, parantamaan kimmoisuutta ja tasoittamaan ihon s\u00e4vy\u00e4. Pienimolekyylipainoisen kollageenin ja niasiiniamidin ansiosta naamio kosteuttaa ihoa, v\u00e4hent\u00e4\u00e4 hienoja ryppyj\u00e4 ja kaventaa laajentuneita ihohuokosia ja ep\u00e4tasaista ihon s\u00e4vy\u00e4.<\/p>\n<p><strong>Parantaa ihon kimmoisuutta<\/strong> \u2013 sis\u00e4lt\u00e4\u00e4 lohen PDRN:\u00e4\u00e4 ja kollageenia, jotka vahvistavat ihon lujuutta ja kimmoisuutta.<br \/>\n<strong>Kosteuttaa ja rauhoittaa<\/strong> \u2013 kosteuttaa tehokkaasti, sopii erityisesti herk\u00e4lle ja \u00e4rtyneelle iholle.<br \/>\n<strong>Tasoittaa ihon s\u00e4vy\u00e4<\/strong> \u2013 niasiiniamidi auttaa v\u00e4hent\u00e4m\u00e4\u00e4n tummia l\u00e4iski\u00e4 ja kirkastamaan ihon s\u00e4vy\u00e4.<br \/>\n<strong>Vahvistaa ihon suojakerrosta<\/strong> \u2013 suojaa haitallisilta ulkoisilta tekij\u00f6ilt\u00e4 ja tukee ihon terveytt\u00e4.<br \/>\n<strong>Korealainen &quot;lasi-lasi&quot;-efekti<\/strong> \u2013 antaa iholle luonnollisen hehkun, mik\u00e4 on yksi korealaisen ihonhoidon p\u00e4\u00e4tavoitteista.<\/p>\n<p>&nbsp;<\/p>\n<p>T\u00e4m\u00e4 naamio sopii kaikille ihotyypeille ja sit\u00e4 voidaan k\u00e4ytt\u00e4\u00e4 sek\u00e4 p\u00e4iv\u00e4ll\u00e4 ett\u00e4 y\u00f6ll\u00e4 maksimaalisen vaikutuksen ja s\u00e4teilev\u00e4n ihon saavuttamiseksi.<\/p>\n<p><strong>K\u00e4ytt\u00f6: <\/strong><strong>Y\u00f6naamiona<\/strong> \u2013 Levit\u00e4 naamio ihollesi iltaisen ihonhoitorutiinisi viimeisen\u00e4 vaiheena. Anna sen vaikuttaa y\u00f6n yli ja huuhtele pois aamulla.<br \/>\n<strong>Jokap\u00e4iv\u00e4iseen k\u00e4ytt\u00f6\u00f6n<\/strong> \u2013 Levit\u00e4 naamio iholle kasvoveden tai seerumin j\u00e4lkeen ja anna sen vaikuttaa 3\u20134 tuntia. Odota, kunnes naamion v\u00e4ri muuttuu vaaleanpunaisesta l\u00e4pin\u00e4kyv\u00e4ksi \u2013 t\u00e4m\u00e4 tarkoittaa, ett\u00e4 iho on imenyt aktiiviset ainesosat t\u00e4ysin.<\/p>\n<p><strong>T\u00e4rke\u00e4\u00e4!<\/strong> Ole varovainen ottaessasi naamion pakkauksesta, jotta geeli ei vahingoitu.<\/p>","protected":false},"excerpt":{"rendered":"<p>Medicube PDRN Pink Collagen Gel Mask on innovatiivinen geelinaamio, joka tarjoaa intensiivist\u00e4 hoitoa kaikille ihotyypeille. Se sis\u00e4lt\u00e4\u00e4 lohen PDRN:\u00e4\u00e4, lohen DNA:sta saatavaa uutetta, joka auttaa vahvistamaan ihon suojamuuria, parantamaan ihon kimmoisuutta ja tasoittamaan ihon s\u00e4vy\u00e4. Matalamolekyylist\u00e4 kollageenia ja niasiiniamidia sis\u00e4lt\u00e4v\u00e4 naamio kosteuttaa ihoa, v\u00e4hent\u00e4\u00e4 hienojen ryppyjen ulkon\u00e4k\u00f6\u00e4 ja kirist\u00e4\u00e4 laajentuneita ihohuokosia ja ihon ep\u00e4tasaista s\u00e4vy\u00e4. Parantaa ihon kimmoisuutta -...<\/p>","protected":false},"featured_media":13324,"comment_status":"open","ping_status":"closed","template":"","meta":{"_uf_show_specific_survey":0,"_uf_disable_surveys":false,"_bst_post_transparent":"default","_bst_post_title":"","_bst_post_layout":"default","_bst_post_sidebar_id":"","_bst_post_content_style":"default","_bst_post_vertical_padding":"default","_bst_post_feature":"","_bst_post_feature_position":"","_bst_post_header":false,"_bst_post_footer":false},"pwb-brand":[490],"product_brand":[],"product_cat":[92,98],"product_tag":[721,789],"class_list":{"0":"post-13323","1":"product","2":"type-product","3":"status-publish","4":"has-post-thumbnail","6":"pwb-brand-medicube","7":"product_cat-nagu","8":"product_cat-naomaskid","9":"product_tag-medicube","10":"product_tag-pdrn","12":"first","13":"instock","14":"sale","15":"shipping-taxable","16":"purchasable","17":"product-type-simple","18":"entry","19":"content-bg","20":"loop-entry"},"supplier_id":null,"supplier_sku":"","barcode":null,"atum_controlled":true,"out_stock_date":null,"out_stock_threshold":null,"inheritable":false,"inbound_stock":0,"stock_on_hold":0,"sold_today":0,"sales_last_days":5,"out_stock_days":0,"lost_sales":0,"has_location":false,"update_date":"2026-04-14T12:37:28","atum_locations":[],"atum_stock_status":"instock","restock_status":false,"low_stock_amount":"","sales_update_date":"2026-04-14T12:37:28","calc_backorders":null,"yoast_head":"<!-- This site is optimized with the Yoast SEO plugin v27.2 - https:\/\/yoast.com\/product\/yoast-seo-wordpress\/ -->\n<title>Medicube PDRN Pink Collagen Gel Mask, 28g - IDA.KOREA<\/title>\n<meta name=\"description\" content=\"Medicube PDRN Pink Collagen Gel Mask on innovaatiline geelmask, mis pakub intensiivset hooldust k\u00f5ikidele nahat\u00fc\u00fcpidele. Kiire tarne!\" \/>\n<meta name=\"robots\" content=\"index, follow, max-snippet:-1, max-image-preview:large, max-video-preview:-1\" \/>\n<link rel=\"canonical\" href=\"https:\/\/idakorea.ee\/fi\/product\/geelmask-medicube-pdrn-pink-collagen-gel-mask-28g\/\" \/>\n<meta property=\"og:locale\" content=\"fi_FI\" \/>\n<meta property=\"og:type\" content=\"article\" \/>\n<meta property=\"og:title\" content=\"Medicube PDRN Pink Collagen Gel Mask, 28g - IDA.KOREA\" \/>\n<meta property=\"og:description\" content=\"Medicube PDRN Pink Collagen Gel Mask on innovaatiline geelmask, mis pakub intensiivset hooldust k\u00f5ikidele nahat\u00fc\u00fcpidele. Kiire tarne!\" \/>\n<meta property=\"og:url\" content=\"https:\/\/idakorea.ee\/fi\/product\/geelmask-medicube-pdrn-pink-collagen-gel-mask-28g\/\" \/>\n<meta property=\"og:site_name\" content=\"IDA.KOREA\" \/>\n<meta property=\"article:modified_time\" content=\"2026-04-13T18:27:23+00:00\" \/>\n<meta property=\"og:image\" content=\"https:\/\/idakorea.ee\/wp-content\/uploads\/2025\/03\/medicubepdrnpinkcollagengelmask-idakorea.webp\" \/>\n\t<meta property=\"og:image:width\" content=\"950\" \/>\n\t<meta property=\"og:image:height\" content=\"950\" \/>\n\t<meta property=\"og:image:type\" content=\"image\/webp\" \/>\n<meta name=\"twitter:card\" content=\"summary_large_image\" \/>\n<meta name=\"twitter:label1\" content=\"Arvioitu lukuaika\" \/>\n\t<meta name=\"twitter:data1\" content=\"2 minuuttia\" \/>\n<script type=\"application\/ld+json\" class=\"yoast-schema-graph\">{\"@context\":\"https:\/\/schema.org\",\"@graph\":[{\"@type\":\"WebPage\",\"@id\":\"https:\/\/idakorea.ee\/product\/geelmask-medicube-pdrn-pink-collagen-gel-mask-28g\/\",\"url\":\"https:\/\/idakorea.ee\/product\/geelmask-medicube-pdrn-pink-collagen-gel-mask-28g\/\",\"name\":\"Medicube PDRN Pink Collagen Gel Mask, 28g - IDA.KOREA\",\"isPartOf\":{\"@id\":\"https:\/\/idakorea.ee\/#website\"},\"primaryImageOfPage\":{\"@id\":\"https:\/\/idakorea.ee\/product\/geelmask-medicube-pdrn-pink-collagen-gel-mask-28g\/#primaryimage\"},\"image\":{\"@id\":\"https:\/\/idakorea.ee\/product\/geelmask-medicube-pdrn-pink-collagen-gel-mask-28g\/#primaryimage\"},\"thumbnailUrl\":\"https:\/\/idakorea.ee\/wp-content\/uploads\/2025\/03\/medicubepdrnpinkcollagengelmask-idakorea.webp\",\"datePublished\":\"2025-03-28T08:59:23+00:00\",\"dateModified\":\"2026-04-13T18:27:23+00:00\",\"description\":\"Medicube PDRN Pink Collagen Gel Mask on innovaatiline geelmask, mis pakub intensiivset hooldust k\u00f5ikidele nahat\u00fc\u00fcpidele. Kiire tarne!\",\"breadcrumb\":{\"@id\":\"https:\/\/idakorea.ee\/product\/geelmask-medicube-pdrn-pink-collagen-gel-mask-28g\/#breadcrumb\"},\"inLanguage\":\"fi\",\"potentialAction\":[{\"@type\":\"ReadAction\",\"target\":[\"https:\/\/idakorea.ee\/product\/geelmask-medicube-pdrn-pink-collagen-gel-mask-28g\/\"]}]},{\"@type\":\"ImageObject\",\"inLanguage\":\"fi\",\"@id\":\"https:\/\/idakorea.ee\/product\/geelmask-medicube-pdrn-pink-collagen-gel-mask-28g\/#primaryimage\",\"url\":\"https:\/\/idakorea.ee\/wp-content\/uploads\/2025\/03\/medicubepdrnpinkcollagengelmask-idakorea.webp\",\"contentUrl\":\"https:\/\/idakorea.ee\/wp-content\/uploads\/2025\/03\/medicubepdrnpinkcollagengelmask-idakorea.webp\",\"width\":950,\"height\":950},{\"@type\":\"BreadcrumbList\",\"@id\":\"https:\/\/idakorea.ee\/product\/geelmask-medicube-pdrn-pink-collagen-gel-mask-28g\/#breadcrumb\",\"itemListElement\":[{\"@type\":\"ListItem\",\"position\":1,\"name\":\"\u0413\u043b\u0430\u0432\u043d\u0430\u044f \u0441\u0442\u0440\u0430\u043d\u0438\u0446\u0430\",\"item\":\"https:\/\/idakorea.ee\/\"},{\"@type\":\"ListItem\",\"position\":2,\"name\":\"Shop\",\"item\":\"https:\/\/idakorea.ee\/shop-2\/\"},{\"@type\":\"ListItem\",\"position\":3,\"name\":\"Geelmask Medicube PDRN Pink Collagen Gel Mask, 28g\"}]},{\"@type\":\"WebSite\",\"@id\":\"https:\/\/idakorea.ee\/#website\",\"url\":\"https:\/\/idakorea.ee\/\",\"name\":\"IDA.KOREA\",\"description\":\"Korea kosmeetika e-pood\",\"publisher\":{\"@id\":\"https:\/\/idakorea.ee\/#organization\"},\"alternateName\":\"Beauty Shop\",\"potentialAction\":[{\"@type\":\"SearchAction\",\"target\":{\"@type\":\"EntryPoint\",\"urlTemplate\":\"https:\/\/idakorea.ee\/?s={search_term_string}\"},\"query-input\":{\"@type\":\"PropertyValueSpecification\",\"valueRequired\":true,\"valueName\":\"search_term_string\"}}],\"inLanguage\":\"fi\"},{\"@type\":\"Organization\",\"@id\":\"https:\/\/idakorea.ee\/#organization\",\"name\":\"IDA.KOREA\",\"url\":\"https:\/\/idakorea.ee\/\",\"logo\":{\"@type\":\"ImageObject\",\"inLanguage\":\"fi\",\"@id\":\"https:\/\/idakorea.ee\/#\/schema\/logo\/image\/\",\"url\":\"https:\/\/idakorea.ee\/wp-content\/uploads\/2024\/05\/cropped-korea3.png\",\"contentUrl\":\"https:\/\/idakorea.ee\/wp-content\/uploads\/2024\/05\/cropped-korea3.png\",\"width\":688,\"height\":126,\"caption\":\"IDA.KOREA\"},\"image\":{\"@id\":\"https:\/\/idakorea.ee\/#\/schema\/logo\/image\/\"},\"sameAs\":[\"https:\/\/www.instagram.com\/ida.korea\/\"]}]}<\/script>\n<!-- \/ Yoast SEO plugin. -->","yoast_head_json":{"title":"Medicube PDRN Pink Collagen Gel Mask, 28g - IDA.KOREA","description":"Medicube PDRN Pink Collagen Gel Mask on innovatiivinen geelinaamio, joka tarjoaa tehohoitoa kaikille ihotyypeille. Nopea toimitus!","robots":{"index":"index","follow":"follow","max-snippet":"max-snippet:-1","max-image-preview":"max-image-preview:large","max-video-preview":"max-video-preview:-1"},"canonical":"https:\/\/idakorea.ee\/fi\/product\/geelmask-medicube-pdrn-pink-collagen-gel-mask-28g\/","og_locale":"fi_FI","og_type":"article","og_title":"Medicube PDRN Pink Collagen Gel Mask, 28g - IDA.KOREA","og_description":"Medicube PDRN Pink Collagen Gel Mask on innovaatiline geelmask, mis pakub intensiivset hooldust k\u00f5ikidele nahat\u00fc\u00fcpidele. Kiire tarne!","og_url":"https:\/\/idakorea.ee\/fi\/product\/geelmask-medicube-pdrn-pink-collagen-gel-mask-28g\/","og_site_name":"IDA.KOREA","article_modified_time":"2026-04-13T18:27:23+00:00","og_image":[{"width":950,"height":950,"url":"https:\/\/idakorea.ee\/wp-content\/uploads\/2025\/03\/medicubepdrnpinkcollagengelmask-idakorea.webp","type":"image\/webp"}],"twitter_card":"summary_large_image","twitter_misc":{"Arvioitu lukuaika":"2 minuuttia"},"schema":{"@context":"https:\/\/schema.org","@graph":[{"@type":"WebPage","@id":"https:\/\/idakorea.ee\/product\/geelmask-medicube-pdrn-pink-collagen-gel-mask-28g\/","url":"https:\/\/idakorea.ee\/product\/geelmask-medicube-pdrn-pink-collagen-gel-mask-28g\/","name":"Medicube PDRN Pink Collagen Gel Mask, 28g - IDA.KOREA","isPartOf":{"@id":"https:\/\/idakorea.ee\/#website"},"primaryImageOfPage":{"@id":"https:\/\/idakorea.ee\/product\/geelmask-medicube-pdrn-pink-collagen-gel-mask-28g\/#primaryimage"},"image":{"@id":"https:\/\/idakorea.ee\/product\/geelmask-medicube-pdrn-pink-collagen-gel-mask-28g\/#primaryimage"},"thumbnailUrl":"https:\/\/idakorea.ee\/wp-content\/uploads\/2025\/03\/medicubepdrnpinkcollagengelmask-idakorea.webp","datePublished":"2025-03-28T08:59:23+00:00","dateModified":"2026-04-13T18:27:23+00:00","description":"Medicube PDRN Pink Collagen Gel Mask on innovatiivinen geelinaamio, joka tarjoaa tehohoitoa kaikille ihotyypeille. Nopea toimitus!","breadcrumb":{"@id":"https:\/\/idakorea.ee\/product\/geelmask-medicube-pdrn-pink-collagen-gel-mask-28g\/#breadcrumb"},"inLanguage":"fi","potentialAction":[{"@type":"ReadAction","target":["https:\/\/idakorea.ee\/product\/geelmask-medicube-pdrn-pink-collagen-gel-mask-28g\/"]}]},{"@type":"ImageObject","inLanguage":"fi","@id":"https:\/\/idakorea.ee\/product\/geelmask-medicube-pdrn-pink-collagen-gel-mask-28g\/#primaryimage","url":"https:\/\/idakorea.ee\/wp-content\/uploads\/2025\/03\/medicubepdrnpinkcollagengelmask-idakorea.webp","contentUrl":"https:\/\/idakorea.ee\/wp-content\/uploads\/2025\/03\/medicubepdrnpinkcollagengelmask-idakorea.webp","width":950,"height":950},{"@type":"BreadcrumbList","@id":"https:\/\/idakorea.ee\/product\/geelmask-medicube-pdrn-pink-collagen-gel-mask-28g\/#breadcrumb","itemListElement":[{"@type":"ListItem","position":1,"name":"\u0413\u043b\u0430\u0432\u043d\u0430\u044f \u0441\u0442\u0440\u0430\u043d\u0438\u0446\u0430","item":"https:\/\/idakorea.ee\/"},{"@type":"ListItem","position":2,"name":"Shop","item":"https:\/\/idakorea.ee\/shop-2\/"},{"@type":"ListItem","position":3,"name":"Geelmask Medicube PDRN Pink Collagen Gel Mask, 28g"}]},{"@type":"WebSite","@id":"https:\/\/idakorea.ee\/#website","url":"https:\/\/idakorea.ee\/","name":"IDA.KOREA","description":"Korean kosmetiikan verkkokauppa","publisher":{"@id":"https:\/\/idakorea.ee\/#organization"},"alternateName":"Beauty Shop","potentialAction":[{"@type":"SearchAction","target":{"@type":"EntryPoint","urlTemplate":"https:\/\/idakorea.ee\/?s={search_term_string}"},"query-input":{"@type":"PropertyValueSpecification","valueRequired":true,"valueName":"search_term_string"}}],"inLanguage":"fi"},{"@type":"Organization","@id":"https:\/\/idakorea.ee\/#organization","name":"IDA.KOREA","url":"https:\/\/idakorea.ee\/","logo":{"@type":"ImageObject","inLanguage":"fi","@id":"https:\/\/idakorea.ee\/#\/schema\/logo\/image\/","url":"https:\/\/idakorea.ee\/wp-content\/uploads\/2024\/05\/cropped-korea3.png","contentUrl":"https:\/\/idakorea.ee\/wp-content\/uploads\/2024\/05\/cropped-korea3.png","width":688,"height":126,"caption":"IDA.KOREA"},"image":{"@id":"https:\/\/idakorea.ee\/#\/schema\/logo\/image\/"},"sameAs":["https:\/\/www.instagram.com\/ida.korea\/"]}]}},"jetpack_sharing_enabled":true,"brands":[{"id":490,"name":"MEDICUBE","slug":"medicube"}],"_links":{"self":[{"href":"https:\/\/idakorea.ee\/fi\/wp-json\/wp\/v2\/product\/13323","targetHints":{"allow":["GET"]}}],"collection":[{"href":"https:\/\/idakorea.ee\/fi\/wp-json\/wp\/v2\/product"}],"about":[{"href":"https:\/\/idakorea.ee\/fi\/wp-json\/wp\/v2\/types\/product"}],"replies":[{"embeddable":true,"href":"https:\/\/idakorea.ee\/fi\/wp-json\/wp\/v2\/comments?post=13323"}],"version-history":[{"count":2,"href":"https:\/\/idakorea.ee\/fi\/wp-json\/wp\/v2\/product\/13323\/revisions"}],"predecessor-version":[{"id":13328,"href":"https:\/\/idakorea.ee\/fi\/wp-json\/wp\/v2\/product\/13323\/revisions\/13328"}],"wp:featuredmedia":[{"embeddable":true,"href":"https:\/\/idakorea.ee\/fi\/wp-json\/wp\/v2\/media\/13324"}],"wp:attachment":[{"href":"https:\/\/idakorea.ee\/fi\/wp-json\/wp\/v2\/media?parent=13323"}],"wp:term":[{"taxonomy":"pwb-brand","embeddable":true,"href":"https:\/\/idakorea.ee\/fi\/wp-json\/wp\/v2\/pwb-brand?post=13323"},{"taxonomy":"product_brand","embeddable":true,"href":"https:\/\/idakorea.ee\/fi\/wp-json\/wp\/v2\/product_brand?post=13323"},{"taxonomy":"product_cat","embeddable":true,"href":"https:\/\/idakorea.ee\/fi\/wp-json\/wp\/v2\/product_cat?post=13323"},{"taxonomy":"product_tag","embeddable":true,"href":"https:\/\/idakorea.ee\/fi\/wp-json\/wp\/v2\/product_tag?post=13323"}],"curies":[{"name":"wp","href":"https:\/\/api.w.org\/{rel}","templated":true}]}}