{"id":13330,"date":"2025-03-28T12:05:42","date_gmt":"2025-03-28T10:05:42","guid":{"rendered":"https:\/\/idakorea.ee\/?post_type=product&#038;p=13330"},"modified":"2026-03-07T14:56:14","modified_gmt":"2026-03-07T12:56:14","slug":"rahustav-paikesekaitsekreem-anua-heartleaf-silky-moisture-sun-cream-spf50-pa-50ml","status":"publish","type":"product","link":"https:\/\/idakorea.ee\/fi\/product\/rahustav-paikesekaitsekreem-anua-heartleaf-silky-moisture-sun-cream-spf50-pa-50ml\/","title":{"rendered":"Rauhoittava aurinkovoide Anua Heartleaf Silky Moisture Sun Cream SPF50+ PA++++, 50 ml"},"content":{"rendered":"<p>Anua Heartleaf Silky Moisture Sun Cream SPF50+ PA++++ rauhoittaa ja kosteuttaa ihoa, ehk\u00e4isee UV-s\u00e4teiden aiheuttamia soluvaurioita ja imeytyy t\u00e4ydellisesti j\u00e4tt\u00e4m\u00e4tt\u00e4 valkoista kalvoa. Se auttaa my\u00f6s ehk\u00e4isem\u00e4\u00e4n rasvaista kiiltoa.<\/p>\n<p>Voide suojaa auringonpolttamalta, pigmenttil\u00e4iskilt\u00e4 ja valon aiheuttamalta ik\u00e4\u00e4ntymiselt\u00e4 ja sopii t\u00e4ydellisesti aurinkosuojan pohjustajaksi meikin alle. Se v\u00e4hent\u00e4\u00e4 punoitusta ja \u00e4rsytyst\u00e4, ei j\u00e4t\u00e4 ihoa tahmeaksi ja antaa raikkaan tunteen levitettyn\u00e4.<\/p>\n<p><strong>Sis\u00e4lt\u00e4\u00e4 valostabiileja, uusimman sukupolven kemiallisia UV-suodattimia, jotka tarjoavat jopa 8 tunnin suojan kaupunkiymp\u00e4rist\u00f6ss\u00e4:<\/strong><br \/>\n<strong>Uvinul A Plus<\/strong> (Dietyyliaminohydroksibentsoyyliheksyylibentsoaatti) \u2013 suojaa UVA-s\u00e4teilylt\u00e4.<br \/>\n<strong>Uvinul T 150<\/strong> (Etyyliheksyylitriatsoni) \u2013 est\u00e4\u00e4 UVB-s\u00e4teily\u00e4.<br \/>\n<strong>Parsol SLX<\/strong> (Polysilicone-15) \u2013 tarjoaa UVB-suojan ja j\u00e4tt\u00e4\u00e4 iholle rasvattoman pinnan.<br \/>\n<strong>Tinosorb S<\/strong> (Bis-etyyliheksyylioksifenoli-metoksifenyylitriatsiini) \u2013 laajakirjoinen suodatin UVA- ja UVB-s\u00e4teily\u00e4 vastaan.<br \/>\n<strong>Ecamsule \/ Mexoryl SX<\/strong> (Tereftalialylideenidikamforisulfonihappo) \u2013 emulsiomaista suojaava suodatin, joka lis\u00e4\u00e4 ihon kokonaissuojakerrointa UVA- ja UVB-s\u00e4teit\u00e4 vastaan.<\/p>\n<p><strong>T\u00e4rkeimm\u00e4t vaikuttavat aineet:<\/strong><\/p>\n<p><strong>Syd\u00e4nlehtihakhornian uute (300 000 ppm)<\/strong> \u2013 v\u00e4hent\u00e4\u00e4 tulehdusta, nopeuttaa mikrohaavojen paranemista, rauhoittaa \u00e4rtynytt\u00e4 ihoa ja v\u00e4hent\u00e4\u00e4 sen herkkyytt\u00e4.<br \/>\n<strong>Niasiiniamidi (B3-vitamiini)<\/strong> \u2013 tasoittaa ihon s\u00e4vy\u00e4, parantaa ihonv\u00e4ri\u00e4, stimuloi kollageenin tuotantoa, vaalentaa pigmenttimuutoksia ja vahvistaa ihon suojakerrosta.<br \/>\n<strong>Kahvin siemenuute<\/strong> \u2013 tehokas antioksidantti, joka sis\u00e4lt\u00e4\u00e4 feruliinihappoa, hidastaa ik\u00e4\u00e4ntymisprosessia ja v\u00e4hent\u00e4\u00e4 UV-s\u00e4teilyn negatiivisia vaikutuksia.<br \/>\n<strong>Pantenoli (B5-vitamiini)<\/strong> \u2013 nopeuttaa ihon uudistumista, pehment\u00e4\u00e4 ja rauhoittaa, v\u00e4hent\u00e4\u00e4 punoitusta ja vahvistaa ihon suojatoimintoa.<br \/>\n<strong>Vihre\u00e4n teen lehtiuute<\/strong> \u2013 suojaa soluja oksidatiiviselta stressilt\u00e4, v\u00e4hent\u00e4\u00e4 turvotusta ja s\u00e4\u00e4telee talin erityst\u00e4.<br \/>\n<strong>Kakihedelm\u00e4uute<\/strong> \u2013 sis\u00e4lt\u00e4\u00e4 polyfenoleja, jotka ovat luonnollisia antioksidantteja. Auttaa supistamaan ihohuokosia, v\u00e4hent\u00e4m\u00e4\u00e4n tulehdusta ja edist\u00e4m\u00e4\u00e4n ihon paranemista.<br \/>\n<strong>Jerikon ruusun uute<\/strong> \u2013 syv\u00e4kosteuttava ja uudistava ainesosa, jolla on voimakkaita antioksidanttisia ominaisuuksia, jotka hidastavat ik\u00e4\u00e4ntymisprosessia.<br \/>\n<strong>Viiniryp\u00e4leuute<\/strong> \u2013 stimuloi ihon uusiutumista, vahvistaa kapillaareja ja torjuu punoitusta ja tulehdusprosesseja.<\/p>\n<p>&nbsp;<\/p>\n<p>Sopii kaikille ihotyypeille.<\/p>\n<p><strong>K\u00e4ytt\u00f6: <\/strong>P\u00e4ivitt\u00e4isen ihonhoitorutiinisi viimeisen vaiheen j\u00e4lkeen levit\u00e4 noin 1,2 ml voidetta kasvoillesi ja kaulallesi ja k\u00e4yt\u00e4 sit\u00e4 my\u00f6s muille auringolle altistuville ihoalueille. Pitk\u00e4aikaisessa auringolle altistumisessa, kuten rannalla, levit\u00e4 voidetta uudelleen 2\u20133 tunnin v\u00e4lein.<\/p>","protected":false},"excerpt":{"rendered":"<p>Rauhoittava Anua Heartleaf Silky Moisture Sun Cream SPF50+ PA++++ ehk\u00e4isee UV-s\u00e4teiden aiheuttamia soluvaurioita, pehment\u00e4\u00e4 ja kosteuttaa ihoa ja imeytyy t\u00e4ydellisesti j\u00e4tt\u00e4m\u00e4tt\u00e4 valkoisia j\u00e4lki\u00e4. Se auttaa my\u00f6s ehk\u00e4isem\u00e4\u00e4n rasvaista kiiltoa. Voide suojaa auringonpolttamiselta, pigmentaatiolta ja valon vanhenemiselta ja sopii erinomaisesti aurinkosuojapohjavoiteeksi meikin alle. Se v\u00e4hent\u00e4\u00e4 punoitusta ja \u00e4rsytyst\u00e4, eik\u00e4 j\u00e4t\u00e4 iholle tahmeaa tunnetta.....<\/p>","protected":false},"featured_media":13331,"comment_status":"open","ping_status":"closed","template":"","meta":{"_uf_show_specific_survey":0,"_uf_disable_surveys":false,"_bst_post_transparent":"default","_bst_post_title":"","_bst_post_layout":"default","_bst_post_sidebar_id":"","_bst_post_content_style":"default","_bst_post_vertical_padding":"default","_bst_post_feature":"","_bst_post_feature_position":"","_bst_post_header":false,"_bst_post_footer":false},"pwb-brand":[104],"product_brand":[],"product_cat":[92,101],"product_tag":[102,864],"class_list":{"0":"post-13330","1":"product","2":"type-product","3":"status-publish","4":"has-post-thumbnail","6":"pwb-brand-anua","7":"product_cat-nagu","8":"product_cat-paikesekaitse","9":"product_tag-anua","10":"product_tag-spf","12":"first","13":"instock","14":"sale","15":"shipping-taxable","16":"purchasable","17":"product-type-simple","18":"entry","19":"content-bg","20":"loop-entry"},"supplier_id":null,"supplier_sku":"","barcode":null,"atum_controlled":true,"out_stock_date":null,"out_stock_threshold":null,"inheritable":false,"inbound_stock":0,"stock_on_hold":0,"sold_today":0,"sales_last_days":0,"out_stock_days":0,"lost_sales":0,"has_location":false,"update_date":"2026-04-14T00:05:07","atum_locations":[],"atum_stock_status":"instock","restock_status":false,"low_stock_amount":"","sales_update_date":"2026-04-14T00:05:07","calc_backorders":null,"yoast_head":"<!-- This site is optimized with the Yoast SEO plugin v27.2 - https:\/\/yoast.com\/product\/yoast-seo-wordpress\/ -->\n<title>Rahustav p\u00e4ikesekaitsekreem Anua Heartleaf Silky Moisture Sun Cream SPF50+ PA++++, 50ml - IDA.KOREA<\/title>\n<meta name=\"robots\" content=\"index, follow, max-snippet:-1, max-image-preview:large, max-video-preview:-1\" \/>\n<link rel=\"canonical\" href=\"https:\/\/idakorea.ee\/fi\/product\/rahustav-paikesekaitsekreem-anua-heartleaf-silky-moisture-sun-cream-spf50-pa-50ml\/\" \/>\n<meta property=\"og:locale\" content=\"fi_FI\" \/>\n<meta property=\"og:type\" content=\"article\" \/>\n<meta property=\"og:title\" content=\"Rahustav p\u00e4ikesekaitsekreem Anua Heartleaf Silky Moisture Sun Cream SPF50+ PA++++, 50ml - IDA.KOREA\" \/>\n<meta property=\"og:description\" content=\"Rahustav p\u00e4ikesekaitsekreem Anua Heartleaf Silky Moisture Sun Cream SPF50+ PA++++ hoiab \u00e4ra UV-kiirguse p\u00f5hjustatud rakukahjustused, pehmendab ja niisutab nahka ning imendub suurep\u00e4raselt ilma valgeid j\u00e4lgi j\u00e4tmata. Samuti aitab see v\u00e4ltida rasust l\u00e4iget. Kreem kaitseb p\u00e4ikesep\u00f5letuse, pigmendilaikude ja fotovananemise eest ning sobib suurep\u00e4raselt p\u00e4ikesekaitse aluskreemiks meigi alla. See v\u00e4hendab punetust ja \u00e4rritust, ei j\u00e4ta nahka kleepuvaks...\" \/>\n<meta property=\"og:url\" content=\"https:\/\/idakorea.ee\/fi\/product\/rahustav-paikesekaitsekreem-anua-heartleaf-silky-moisture-sun-cream-spf50-pa-50ml\/\" \/>\n<meta property=\"og:site_name\" content=\"IDA.KOREA\" \/>\n<meta property=\"article:modified_time\" content=\"2026-03-07T12:56:14+00:00\" \/>\n<meta property=\"og:image\" content=\"https:\/\/idakorea.ee\/wp-content\/uploads\/2025\/03\/anua_heartleaf_silky_moisture_sun_cream_spf50_idakorea.webp\" \/>\n\t<meta property=\"og:image:width\" content=\"950\" \/>\n\t<meta property=\"og:image:height\" content=\"950\" \/>\n\t<meta property=\"og:image:type\" content=\"image\/webp\" \/>\n<meta name=\"twitter:card\" content=\"summary_large_image\" \/>\n<meta name=\"twitter:label1\" content=\"Arvioitu lukuaika\" \/>\n\t<meta name=\"twitter:data1\" content=\"2 minuuttia\" \/>\n<script type=\"application\/ld+json\" class=\"yoast-schema-graph\">{\"@context\":\"https:\/\/schema.org\",\"@graph\":[{\"@type\":\"WebPage\",\"@id\":\"https:\/\/idakorea.ee\/product\/rahustav-paikesekaitsekreem-anua-heartleaf-silky-moisture-sun-cream-spf50-pa-50ml\/\",\"url\":\"https:\/\/idakorea.ee\/product\/rahustav-paikesekaitsekreem-anua-heartleaf-silky-moisture-sun-cream-spf50-pa-50ml\/\",\"name\":\"Rahustav p\u00e4ikesekaitsekreem Anua Heartleaf Silky Moisture Sun Cream SPF50+ PA++++, 50ml - IDA.KOREA\",\"isPartOf\":{\"@id\":\"https:\/\/idakorea.ee\/#website\"},\"primaryImageOfPage\":{\"@id\":\"https:\/\/idakorea.ee\/product\/rahustav-paikesekaitsekreem-anua-heartleaf-silky-moisture-sun-cream-spf50-pa-50ml\/#primaryimage\"},\"image\":{\"@id\":\"https:\/\/idakorea.ee\/product\/rahustav-paikesekaitsekreem-anua-heartleaf-silky-moisture-sun-cream-spf50-pa-50ml\/#primaryimage\"},\"thumbnailUrl\":\"https:\/\/idakorea.ee\/wp-content\/uploads\/2025\/03\/anua_heartleaf_silky_moisture_sun_cream_spf50_idakorea.webp\",\"datePublished\":\"2025-03-28T10:05:42+00:00\",\"dateModified\":\"2026-03-07T12:56:14+00:00\",\"breadcrumb\":{\"@id\":\"https:\/\/idakorea.ee\/product\/rahustav-paikesekaitsekreem-anua-heartleaf-silky-moisture-sun-cream-spf50-pa-50ml\/#breadcrumb\"},\"inLanguage\":\"fi\",\"potentialAction\":[{\"@type\":\"ReadAction\",\"target\":[\"https:\/\/idakorea.ee\/product\/rahustav-paikesekaitsekreem-anua-heartleaf-silky-moisture-sun-cream-spf50-pa-50ml\/\"]}]},{\"@type\":\"ImageObject\",\"inLanguage\":\"fi\",\"@id\":\"https:\/\/idakorea.ee\/product\/rahustav-paikesekaitsekreem-anua-heartleaf-silky-moisture-sun-cream-spf50-pa-50ml\/#primaryimage\",\"url\":\"https:\/\/idakorea.ee\/wp-content\/uploads\/2025\/03\/anua_heartleaf_silky_moisture_sun_cream_spf50_idakorea.webp\",\"contentUrl\":\"https:\/\/idakorea.ee\/wp-content\/uploads\/2025\/03\/anua_heartleaf_silky_moisture_sun_cream_spf50_idakorea.webp\",\"width\":950,\"height\":950},{\"@type\":\"BreadcrumbList\",\"@id\":\"https:\/\/idakorea.ee\/product\/rahustav-paikesekaitsekreem-anua-heartleaf-silky-moisture-sun-cream-spf50-pa-50ml\/#breadcrumb\",\"itemListElement\":[{\"@type\":\"ListItem\",\"position\":1,\"name\":\"\u0413\u043b\u0430\u0432\u043d\u0430\u044f \u0441\u0442\u0440\u0430\u043d\u0438\u0446\u0430\",\"item\":\"https:\/\/idakorea.ee\/\"},{\"@type\":\"ListItem\",\"position\":2,\"name\":\"Shop\",\"item\":\"https:\/\/idakorea.ee\/shop-2\/\"},{\"@type\":\"ListItem\",\"position\":3,\"name\":\"Rahustav p\u00e4ikesekaitsekreem Anua Heartleaf Silky Moisture Sun Cream SPF50+ PA++++, 50ml\"}]},{\"@type\":\"WebSite\",\"@id\":\"https:\/\/idakorea.ee\/#website\",\"url\":\"https:\/\/idakorea.ee\/\",\"name\":\"IDA.KOREA\",\"description\":\"Korea kosmeetika e-pood\",\"publisher\":{\"@id\":\"https:\/\/idakorea.ee\/#organization\"},\"alternateName\":\"Beauty Shop\",\"potentialAction\":[{\"@type\":\"SearchAction\",\"target\":{\"@type\":\"EntryPoint\",\"urlTemplate\":\"https:\/\/idakorea.ee\/?s={search_term_string}\"},\"query-input\":{\"@type\":\"PropertyValueSpecification\",\"valueRequired\":true,\"valueName\":\"search_term_string\"}}],\"inLanguage\":\"fi\"},{\"@type\":\"Organization\",\"@id\":\"https:\/\/idakorea.ee\/#organization\",\"name\":\"IDA.KOREA\",\"url\":\"https:\/\/idakorea.ee\/\",\"logo\":{\"@type\":\"ImageObject\",\"inLanguage\":\"fi\",\"@id\":\"https:\/\/idakorea.ee\/#\/schema\/logo\/image\/\",\"url\":\"https:\/\/idakorea.ee\/wp-content\/uploads\/2024\/05\/cropped-korea3.png\",\"contentUrl\":\"https:\/\/idakorea.ee\/wp-content\/uploads\/2024\/05\/cropped-korea3.png\",\"width\":688,\"height\":126,\"caption\":\"IDA.KOREA\"},\"image\":{\"@id\":\"https:\/\/idakorea.ee\/#\/schema\/logo\/image\/\"},\"sameAs\":[\"https:\/\/www.instagram.com\/ida.korea\/\"]}]}<\/script>\n<!-- \/ Yoast SEO plugin. -->","yoast_head_json":{"title":"Anua Heartleaf Silky Moisture -aurinkovoide SPF50+ PA++++, 50ml - It\u00e4-Korea","robots":{"index":"index","follow":"follow","max-snippet":"max-snippet:-1","max-image-preview":"max-image-preview:large","max-video-preview":"max-video-preview:-1"},"canonical":"https:\/\/idakorea.ee\/fi\/product\/rahustav-paikesekaitsekreem-anua-heartleaf-silky-moisture-sun-cream-spf50-pa-50ml\/","og_locale":"fi_FI","og_type":"article","og_title":"Rahustav p\u00e4ikesekaitsekreem Anua Heartleaf Silky Moisture Sun Cream SPF50+ PA++++, 50ml - IDA.KOREA","og_description":"Rahustav p\u00e4ikesekaitsekreem Anua Heartleaf Silky Moisture Sun Cream SPF50+ PA++++ hoiab \u00e4ra UV-kiirguse p\u00f5hjustatud rakukahjustused, pehmendab ja niisutab nahka ning imendub suurep\u00e4raselt ilma valgeid j\u00e4lgi j\u00e4tmata. Samuti aitab see v\u00e4ltida rasust l\u00e4iget. Kreem kaitseb p\u00e4ikesep\u00f5letuse, pigmendilaikude ja fotovananemise eest ning sobib suurep\u00e4raselt p\u00e4ikesekaitse aluskreemiks meigi alla. See v\u00e4hendab punetust ja \u00e4rritust, ei j\u00e4ta nahka kleepuvaks...","og_url":"https:\/\/idakorea.ee\/fi\/product\/rahustav-paikesekaitsekreem-anua-heartleaf-silky-moisture-sun-cream-spf50-pa-50ml\/","og_site_name":"IDA.KOREA","article_modified_time":"2026-03-07T12:56:14+00:00","og_image":[{"width":950,"height":950,"url":"https:\/\/idakorea.ee\/wp-content\/uploads\/2025\/03\/anua_heartleaf_silky_moisture_sun_cream_spf50_idakorea.webp","type":"image\/webp"}],"twitter_card":"summary_large_image","twitter_misc":{"Arvioitu lukuaika":"2 minuuttia"},"schema":{"@context":"https:\/\/schema.org","@graph":[{"@type":"WebPage","@id":"https:\/\/idakorea.ee\/product\/rahustav-paikesekaitsekreem-anua-heartleaf-silky-moisture-sun-cream-spf50-pa-50ml\/","url":"https:\/\/idakorea.ee\/product\/rahustav-paikesekaitsekreem-anua-heartleaf-silky-moisture-sun-cream-spf50-pa-50ml\/","name":"Anua Heartleaf Silky Moisture -aurinkovoide SPF50+ PA++++, 50ml - It\u00e4-Korea","isPartOf":{"@id":"https:\/\/idakorea.ee\/#website"},"primaryImageOfPage":{"@id":"https:\/\/idakorea.ee\/product\/rahustav-paikesekaitsekreem-anua-heartleaf-silky-moisture-sun-cream-spf50-pa-50ml\/#primaryimage"},"image":{"@id":"https:\/\/idakorea.ee\/product\/rahustav-paikesekaitsekreem-anua-heartleaf-silky-moisture-sun-cream-spf50-pa-50ml\/#primaryimage"},"thumbnailUrl":"https:\/\/idakorea.ee\/wp-content\/uploads\/2025\/03\/anua_heartleaf_silky_moisture_sun_cream_spf50_idakorea.webp","datePublished":"2025-03-28T10:05:42+00:00","dateModified":"2026-03-07T12:56:14+00:00","breadcrumb":{"@id":"https:\/\/idakorea.ee\/product\/rahustav-paikesekaitsekreem-anua-heartleaf-silky-moisture-sun-cream-spf50-pa-50ml\/#breadcrumb"},"inLanguage":"fi","potentialAction":[{"@type":"ReadAction","target":["https:\/\/idakorea.ee\/product\/rahustav-paikesekaitsekreem-anua-heartleaf-silky-moisture-sun-cream-spf50-pa-50ml\/"]}]},{"@type":"ImageObject","inLanguage":"fi","@id":"https:\/\/idakorea.ee\/product\/rahustav-paikesekaitsekreem-anua-heartleaf-silky-moisture-sun-cream-spf50-pa-50ml\/#primaryimage","url":"https:\/\/idakorea.ee\/wp-content\/uploads\/2025\/03\/anua_heartleaf_silky_moisture_sun_cream_spf50_idakorea.webp","contentUrl":"https:\/\/idakorea.ee\/wp-content\/uploads\/2025\/03\/anua_heartleaf_silky_moisture_sun_cream_spf50_idakorea.webp","width":950,"height":950},{"@type":"BreadcrumbList","@id":"https:\/\/idakorea.ee\/product\/rahustav-paikesekaitsekreem-anua-heartleaf-silky-moisture-sun-cream-spf50-pa-50ml\/#breadcrumb","itemListElement":[{"@type":"ListItem","position":1,"name":"\u0413\u043b\u0430\u0432\u043d\u0430\u044f \u0441\u0442\u0440\u0430\u043d\u0438\u0446\u0430","item":"https:\/\/idakorea.ee\/"},{"@type":"ListItem","position":2,"name":"Shop","item":"https:\/\/idakorea.ee\/shop-2\/"},{"@type":"ListItem","position":3,"name":"Rahustav p\u00e4ikesekaitsekreem Anua Heartleaf Silky Moisture Sun Cream SPF50+ PA++++, 50ml"}]},{"@type":"WebSite","@id":"https:\/\/idakorea.ee\/#website","url":"https:\/\/idakorea.ee\/","name":"IDA.KOREA","description":"Korean kosmetiikan verkkokauppa","publisher":{"@id":"https:\/\/idakorea.ee\/#organization"},"alternateName":"Beauty Shop","potentialAction":[{"@type":"SearchAction","target":{"@type":"EntryPoint","urlTemplate":"https:\/\/idakorea.ee\/?s={search_term_string}"},"query-input":{"@type":"PropertyValueSpecification","valueRequired":true,"valueName":"search_term_string"}}],"inLanguage":"fi"},{"@type":"Organization","@id":"https:\/\/idakorea.ee\/#organization","name":"IDA.KOREA","url":"https:\/\/idakorea.ee\/","logo":{"@type":"ImageObject","inLanguage":"fi","@id":"https:\/\/idakorea.ee\/#\/schema\/logo\/image\/","url":"https:\/\/idakorea.ee\/wp-content\/uploads\/2024\/05\/cropped-korea3.png","contentUrl":"https:\/\/idakorea.ee\/wp-content\/uploads\/2024\/05\/cropped-korea3.png","width":688,"height":126,"caption":"IDA.KOREA"},"image":{"@id":"https:\/\/idakorea.ee\/#\/schema\/logo\/image\/"},"sameAs":["https:\/\/www.instagram.com\/ida.korea\/"]}]}},"jetpack_sharing_enabled":true,"brands":[{"id":104,"name":"ANUA","slug":"anua"}],"_links":{"self":[{"href":"https:\/\/idakorea.ee\/fi\/wp-json\/wp\/v2\/product\/13330","targetHints":{"allow":["GET"]}}],"collection":[{"href":"https:\/\/idakorea.ee\/fi\/wp-json\/wp\/v2\/product"}],"about":[{"href":"https:\/\/idakorea.ee\/fi\/wp-json\/wp\/v2\/types\/product"}],"replies":[{"embeddable":true,"href":"https:\/\/idakorea.ee\/fi\/wp-json\/wp\/v2\/comments?post=13330"}],"version-history":[{"count":1,"href":"https:\/\/idakorea.ee\/fi\/wp-json\/wp\/v2\/product\/13330\/revisions"}],"predecessor-version":[{"id":13334,"href":"https:\/\/idakorea.ee\/fi\/wp-json\/wp\/v2\/product\/13330\/revisions\/13334"}],"wp:featuredmedia":[{"embeddable":true,"href":"https:\/\/idakorea.ee\/fi\/wp-json\/wp\/v2\/media\/13331"}],"wp:attachment":[{"href":"https:\/\/idakorea.ee\/fi\/wp-json\/wp\/v2\/media?parent=13330"}],"wp:term":[{"taxonomy":"pwb-brand","embeddable":true,"href":"https:\/\/idakorea.ee\/fi\/wp-json\/wp\/v2\/pwb-brand?post=13330"},{"taxonomy":"product_brand","embeddable":true,"href":"https:\/\/idakorea.ee\/fi\/wp-json\/wp\/v2\/product_brand?post=13330"},{"taxonomy":"product_cat","embeddable":true,"href":"https:\/\/idakorea.ee\/fi\/wp-json\/wp\/v2\/product_cat?post=13330"},{"taxonomy":"product_tag","embeddable":true,"href":"https:\/\/idakorea.ee\/fi\/wp-json\/wp\/v2\/product_tag?post=13330"}],"curies":[{"name":"wp","href":"https:\/\/api.w.org\/{rel}","templated":true}]}}