{"id":13353,"date":"2025-03-31T10:27:53","date_gmt":"2025-03-31T08:27:53","guid":{"rendered":"https:\/\/idakorea.ee\/?post_type=product&#038;p=13353"},"modified":"2026-01-30T14:28:38","modified_gmt":"2026-01-30T12:28:38","slug":"kangas-silmapadjad-prreti-real-gold-eye-zone-patch-30tk","status":"publish","type":"product","link":"https:\/\/idakorea.ee\/fi\/product\/kangas-silmapadjad-prreti-real-gold-eye-zone-patch-30tk\/","title":{"rendered":"Kankaiset silm\u00e4laput Prreti Real Gold silm\u00e4lappu, 30kpl"},"content":{"rendered":"<p>Kultauutetta ja hyaluronihappoa sis\u00e4lt\u00e4v\u00e4t silm\u00e4nymp\u00e4ryslaput auttavat v\u00e4hent\u00e4m\u00e4\u00e4n tummia silm\u00e4nalusia, turvotusta ja hienoja juonteita. Koska laastarit tarttuvat t\u00e4ydellisesti ihoon, aktiiviset ainesosat imeytyv\u00e4t v\u00e4litt\u00f6m\u00e4sti ja tarjoavat virkist\u00e4v\u00e4n, nuorentavan ja palauttavan vaikutuksen. Silm\u00e4nymp\u00e4ryslaput kosteuttavat ja ravitsevat ihoa, tehden siit\u00e4 joustavan ja elvytt\u00e4en v\u00e4synytt\u00e4 ihoa silmien ymp\u00e4rill\u00e4. Ne tarjoavat v\u00e4lit\u00f6nt\u00e4 ja intensiivist\u00e4 hoitoa herk\u00e4lle silm\u00e4nymp\u00e4rysiholle.<\/p>\n<p>&nbsp;<\/p>\n<p><strong>K\u00e4ytt\u00f6opas: <\/strong>Puhdista iho huolellisesti ja levit\u00e4 kasvovett\u00e4. Aseta laastarit varovasti silmien alle ja silit\u00e4 niit\u00e4 sormenp\u00e4ill\u00e4si. Anna vaikuttaa 15\u201320 minuuttia. Poista laastarit ja levit\u00e4 j\u00e4ljell\u00e4 oleva seerumi tasaisesti iholle. \u00c4l\u00e4 huuhtele.<\/p>","protected":false},"excerpt":{"rendered":"<p>Kultauutetta ja hyaluronihappoa sis\u00e4lt\u00e4v\u00e4t silm\u00e4suihkeet auttavat v\u00e4hent\u00e4m\u00e4\u00e4n tummia silm\u00e4nalusia, turvotusta ja hienoja ryppyj\u00e4. Laastareiden t\u00e4ydellisen ihoon kiinnittymisen ansiosta aktiiviset ainesosat tunkeutuvat ihoon v\u00e4litt\u00f6m\u00e4sti ja tarjoavat virkist\u00e4v\u00e4n, nuorentavan ja korjaavan vaikutuksen. Silm\u00e4laastarit kosteuttavat ja ravitsevat ihoa, tekev\u00e4t siit\u00e4 joustavan ja elvytt\u00e4v\u00e4t v\u00e4syneen silm\u00e4nymp\u00e4rysihon. Ne tarjoavat v\u00e4lit\u00f6nt\u00e4 ja intensiivist\u00e4 hoitoa herk\u00e4lle silm\u00e4nymp\u00e4rysiholle.   K\u00e4ytt\u00f6ohjeet.<\/p>","protected":false},"featured_media":13354,"comment_status":"open","ping_status":"closed","template":"","meta":{"_uf_show_specific_survey":0,"_uf_disable_surveys":false,"_bst_post_transparent":"default","_bst_post_title":"","_bst_post_layout":"default","_bst_post_sidebar_id":"","_bst_post_content_style":"default","_bst_post_vertical_padding":"default","_bst_post_feature":"","_bst_post_feature_position":"","_bst_post_header":false,"_bst_post_footer":false},"pwb-brand":[865],"product_brand":[],"product_cat":[92,385],"product_tag":[607],"class_list":{"0":"post-13353","1":"product","2":"type-product","3":"status-publish","4":"has-post-thumbnail","6":"pwb-brand-prreti","7":"product_cat-nagu","8":"product_cat-silmapadjad","9":"product_tag-eye-patch","11":"first","12":"instock","13":"sale","14":"shipping-taxable","15":"purchasable","16":"product-type-simple","17":"entry","18":"content-bg","19":"loop-entry"},"supplier_id":null,"supplier_sku":"","barcode":null,"atum_controlled":true,"out_stock_date":null,"out_stock_threshold":null,"inheritable":false,"inbound_stock":0,"stock_on_hold":0,"sold_today":0,"sales_last_days":0,"out_stock_days":0,"lost_sales":0,"has_location":false,"update_date":"2026-04-14T00:05:07","atum_locations":[],"atum_stock_status":"instock","restock_status":false,"low_stock_amount":"","sales_update_date":"2026-04-14T00:05:07","calc_backorders":null,"yoast_head":"<!-- This site is optimized with the Yoast SEO plugin v27.2 - https:\/\/yoast.com\/product\/yoast-seo-wordpress\/ -->\n<title>Prreti Real Gold Eye Zone Patch, 30tk - IDA.KOREA<\/title>\n<meta name=\"description\" content=\"Silmapajad kullaekstrakti ja h\u00fcaluroonhappega aitavad v\u00e4hendada tumedaid silmaaluseid, turseid ja peeneid miimikakortse.\" \/>\n<meta name=\"robots\" content=\"index, follow, max-snippet:-1, max-image-preview:large, max-video-preview:-1\" \/>\n<link rel=\"canonical\" href=\"https:\/\/idakorea.ee\/fi\/product\/kangas-silmapadjad-prreti-real-gold-eye-zone-patch-30tk\/\" \/>\n<meta property=\"og:locale\" content=\"fi_FI\" \/>\n<meta property=\"og:type\" content=\"article\" \/>\n<meta property=\"og:title\" content=\"Prreti Real Gold Eye Zone Patch, 30tk - IDA.KOREA\" \/>\n<meta property=\"og:description\" content=\"Silmapajad kullaekstrakti ja h\u00fcaluroonhappega aitavad v\u00e4hendada tumedaid silmaaluseid, turseid ja peeneid miimikakortse.\" \/>\n<meta property=\"og:url\" content=\"https:\/\/idakorea.ee\/fi\/product\/kangas-silmapadjad-prreti-real-gold-eye-zone-patch-30tk\/\" \/>\n<meta property=\"og:site_name\" content=\"IDA.KOREA\" \/>\n<meta property=\"article:modified_time\" content=\"2026-01-30T12:28:38+00:00\" \/>\n<meta property=\"og:image\" content=\"https:\/\/idakorea.ee\/wp-content\/uploads\/2025\/03\/11355.jpg\" \/>\n\t<meta property=\"og:image:width\" content=\"2048\" \/>\n\t<meta property=\"og:image:height\" content=\"2048\" \/>\n\t<meta property=\"og:image:type\" content=\"image\/jpeg\" \/>\n<meta name=\"twitter:card\" content=\"summary_large_image\" \/>\n<meta name=\"twitter:label1\" content=\"Arvioitu lukuaika\" \/>\n\t<meta name=\"twitter:data1\" content=\"1 minuutti\" \/>\n<script type=\"application\/ld+json\" class=\"yoast-schema-graph\">{\"@context\":\"https:\/\/schema.org\",\"@graph\":[{\"@type\":\"WebPage\",\"@id\":\"https:\/\/idakorea.ee\/product\/kangas-silmapadjad-prreti-real-gold-eye-zone-patch-30tk\/\",\"url\":\"https:\/\/idakorea.ee\/product\/kangas-silmapadjad-prreti-real-gold-eye-zone-patch-30tk\/\",\"name\":\"Prreti Real Gold Eye Zone Patch, 30tk - IDA.KOREA\",\"isPartOf\":{\"@id\":\"https:\/\/idakorea.ee\/#website\"},\"primaryImageOfPage\":{\"@id\":\"https:\/\/idakorea.ee\/product\/kangas-silmapadjad-prreti-real-gold-eye-zone-patch-30tk\/#primaryimage\"},\"image\":{\"@id\":\"https:\/\/idakorea.ee\/product\/kangas-silmapadjad-prreti-real-gold-eye-zone-patch-30tk\/#primaryimage\"},\"thumbnailUrl\":\"https:\/\/idakorea.ee\/wp-content\/uploads\/2025\/03\/11355.jpg\",\"datePublished\":\"2025-03-31T08:27:53+00:00\",\"dateModified\":\"2026-01-30T12:28:38+00:00\",\"description\":\"Silmapajad kullaekstrakti ja h\u00fcaluroonhappega aitavad v\u00e4hendada tumedaid silmaaluseid, turseid ja peeneid miimikakortse.\",\"breadcrumb\":{\"@id\":\"https:\/\/idakorea.ee\/product\/kangas-silmapadjad-prreti-real-gold-eye-zone-patch-30tk\/#breadcrumb\"},\"inLanguage\":\"fi\",\"potentialAction\":[{\"@type\":\"ReadAction\",\"target\":[\"https:\/\/idakorea.ee\/product\/kangas-silmapadjad-prreti-real-gold-eye-zone-patch-30tk\/\"]}]},{\"@type\":\"ImageObject\",\"inLanguage\":\"fi\",\"@id\":\"https:\/\/idakorea.ee\/product\/kangas-silmapadjad-prreti-real-gold-eye-zone-patch-30tk\/#primaryimage\",\"url\":\"https:\/\/idakorea.ee\/wp-content\/uploads\/2025\/03\/11355.jpg\",\"contentUrl\":\"https:\/\/idakorea.ee\/wp-content\/uploads\/2025\/03\/11355.jpg\",\"width\":2048,\"height\":2048,\"caption\":\"prreti-eye-patch-gold-idakorea\"},{\"@type\":\"BreadcrumbList\",\"@id\":\"https:\/\/idakorea.ee\/product\/kangas-silmapadjad-prreti-real-gold-eye-zone-patch-30tk\/#breadcrumb\",\"itemListElement\":[{\"@type\":\"ListItem\",\"position\":1,\"name\":\"\u0413\u043b\u0430\u0432\u043d\u0430\u044f \u0441\u0442\u0440\u0430\u043d\u0438\u0446\u0430\",\"item\":\"https:\/\/idakorea.ee\/\"},{\"@type\":\"ListItem\",\"position\":2,\"name\":\"Shop\",\"item\":\"https:\/\/idakorea.ee\/shop-2\/\"},{\"@type\":\"ListItem\",\"position\":3,\"name\":\"Kangas silmapadjad Prreti Real Gold Eye Zone Patch, 30tk\"}]},{\"@type\":\"WebSite\",\"@id\":\"https:\/\/idakorea.ee\/#website\",\"url\":\"https:\/\/idakorea.ee\/\",\"name\":\"IDA.KOREA\",\"description\":\"Korea kosmeetika e-pood\",\"publisher\":{\"@id\":\"https:\/\/idakorea.ee\/#organization\"},\"alternateName\":\"Beauty Shop\",\"potentialAction\":[{\"@type\":\"SearchAction\",\"target\":{\"@type\":\"EntryPoint\",\"urlTemplate\":\"https:\/\/idakorea.ee\/?s={search_term_string}\"},\"query-input\":{\"@type\":\"PropertyValueSpecification\",\"valueRequired\":true,\"valueName\":\"search_term_string\"}}],\"inLanguage\":\"fi\"},{\"@type\":\"Organization\",\"@id\":\"https:\/\/idakorea.ee\/#organization\",\"name\":\"IDA.KOREA\",\"url\":\"https:\/\/idakorea.ee\/\",\"logo\":{\"@type\":\"ImageObject\",\"inLanguage\":\"fi\",\"@id\":\"https:\/\/idakorea.ee\/#\/schema\/logo\/image\/\",\"url\":\"https:\/\/idakorea.ee\/wp-content\/uploads\/2024\/05\/cropped-korea3.png\",\"contentUrl\":\"https:\/\/idakorea.ee\/wp-content\/uploads\/2024\/05\/cropped-korea3.png\",\"width\":688,\"height\":126,\"caption\":\"IDA.KOREA\"},\"image\":{\"@id\":\"https:\/\/idakorea.ee\/#\/schema\/logo\/image\/\"},\"sameAs\":[\"https:\/\/www.instagram.com\/ida.korea\/\"]}]}<\/script>\n<!-- \/ Yoast SEO plugin. -->","yoast_head_json":{"title":"Prreti Real Gold -silm\u00e4nymp\u00e4ryslaastarit, 30 kpl - IDA.KOREA","description":"Kultauutetta ja hyaluronihappoa sis\u00e4lt\u00e4v\u00e4t silm\u00e4pussit auttavat v\u00e4hent\u00e4m\u00e4\u00e4n tummia silm\u00e4nalusia, turvotusta ja hienoja ilmejuonteita.","robots":{"index":"index","follow":"follow","max-snippet":"max-snippet:-1","max-image-preview":"max-image-preview:large","max-video-preview":"max-video-preview:-1"},"canonical":"https:\/\/idakorea.ee\/fi\/product\/kangas-silmapadjad-prreti-real-gold-eye-zone-patch-30tk\/","og_locale":"fi_FI","og_type":"article","og_title":"Prreti Real Gold Eye Zone Patch, 30tk - IDA.KOREA","og_description":"Silmapajad kullaekstrakti ja h\u00fcaluroonhappega aitavad v\u00e4hendada tumedaid silmaaluseid, turseid ja peeneid miimikakortse.","og_url":"https:\/\/idakorea.ee\/fi\/product\/kangas-silmapadjad-prreti-real-gold-eye-zone-patch-30tk\/","og_site_name":"IDA.KOREA","article_modified_time":"2026-01-30T12:28:38+00:00","og_image":[{"width":2048,"height":2048,"url":"https:\/\/idakorea.ee\/wp-content\/uploads\/2025\/03\/11355.jpg","type":"image\/jpeg"}],"twitter_card":"summary_large_image","twitter_misc":{"Arvioitu lukuaika":"1 minuutti"},"schema":{"@context":"https:\/\/schema.org","@graph":[{"@type":"WebPage","@id":"https:\/\/idakorea.ee\/product\/kangas-silmapadjad-prreti-real-gold-eye-zone-patch-30tk\/","url":"https:\/\/idakorea.ee\/product\/kangas-silmapadjad-prreti-real-gold-eye-zone-patch-30tk\/","name":"Prreti Real Gold -silm\u00e4nymp\u00e4ryslaastarit, 30 kpl - IDA.KOREA","isPartOf":{"@id":"https:\/\/idakorea.ee\/#website"},"primaryImageOfPage":{"@id":"https:\/\/idakorea.ee\/product\/kangas-silmapadjad-prreti-real-gold-eye-zone-patch-30tk\/#primaryimage"},"image":{"@id":"https:\/\/idakorea.ee\/product\/kangas-silmapadjad-prreti-real-gold-eye-zone-patch-30tk\/#primaryimage"},"thumbnailUrl":"https:\/\/idakorea.ee\/wp-content\/uploads\/2025\/03\/11355.jpg","datePublished":"2025-03-31T08:27:53+00:00","dateModified":"2026-01-30T12:28:38+00:00","description":"Kultauutetta ja hyaluronihappoa sis\u00e4lt\u00e4v\u00e4t silm\u00e4pussit auttavat v\u00e4hent\u00e4m\u00e4\u00e4n tummia silm\u00e4nalusia, turvotusta ja hienoja ilmejuonteita.","breadcrumb":{"@id":"https:\/\/idakorea.ee\/product\/kangas-silmapadjad-prreti-real-gold-eye-zone-patch-30tk\/#breadcrumb"},"inLanguage":"fi","potentialAction":[{"@type":"ReadAction","target":["https:\/\/idakorea.ee\/product\/kangas-silmapadjad-prreti-real-gold-eye-zone-patch-30tk\/"]}]},{"@type":"ImageObject","inLanguage":"fi","@id":"https:\/\/idakorea.ee\/product\/kangas-silmapadjad-prreti-real-gold-eye-zone-patch-30tk\/#primaryimage","url":"https:\/\/idakorea.ee\/wp-content\/uploads\/2025\/03\/11355.jpg","contentUrl":"https:\/\/idakorea.ee\/wp-content\/uploads\/2025\/03\/11355.jpg","width":2048,"height":2048,"caption":"prreti-eye-patch-gold-idakorea"},{"@type":"BreadcrumbList","@id":"https:\/\/idakorea.ee\/product\/kangas-silmapadjad-prreti-real-gold-eye-zone-patch-30tk\/#breadcrumb","itemListElement":[{"@type":"ListItem","position":1,"name":"\u0413\u043b\u0430\u0432\u043d\u0430\u044f \u0441\u0442\u0440\u0430\u043d\u0438\u0446\u0430","item":"https:\/\/idakorea.ee\/"},{"@type":"ListItem","position":2,"name":"Shop","item":"https:\/\/idakorea.ee\/shop-2\/"},{"@type":"ListItem","position":3,"name":"Kangas silmapadjad Prreti Real Gold Eye Zone Patch, 30tk"}]},{"@type":"WebSite","@id":"https:\/\/idakorea.ee\/#website","url":"https:\/\/idakorea.ee\/","name":"IDA.KOREA","description":"Korean kosmetiikan verkkokauppa","publisher":{"@id":"https:\/\/idakorea.ee\/#organization"},"alternateName":"Beauty Shop","potentialAction":[{"@type":"SearchAction","target":{"@type":"EntryPoint","urlTemplate":"https:\/\/idakorea.ee\/?s={search_term_string}"},"query-input":{"@type":"PropertyValueSpecification","valueRequired":true,"valueName":"search_term_string"}}],"inLanguage":"fi"},{"@type":"Organization","@id":"https:\/\/idakorea.ee\/#organization","name":"IDA.KOREA","url":"https:\/\/idakorea.ee\/","logo":{"@type":"ImageObject","inLanguage":"fi","@id":"https:\/\/idakorea.ee\/#\/schema\/logo\/image\/","url":"https:\/\/idakorea.ee\/wp-content\/uploads\/2024\/05\/cropped-korea3.png","contentUrl":"https:\/\/idakorea.ee\/wp-content\/uploads\/2024\/05\/cropped-korea3.png","width":688,"height":126,"caption":"IDA.KOREA"},"image":{"@id":"https:\/\/idakorea.ee\/#\/schema\/logo\/image\/"},"sameAs":["https:\/\/www.instagram.com\/ida.korea\/"]}]}},"jetpack_sharing_enabled":true,"brands":[{"id":865,"name":"PRRETI","slug":"prreti"}],"_links":{"self":[{"href":"https:\/\/idakorea.ee\/fi\/wp-json\/wp\/v2\/product\/13353","targetHints":{"allow":["GET"]}}],"collection":[{"href":"https:\/\/idakorea.ee\/fi\/wp-json\/wp\/v2\/product"}],"about":[{"href":"https:\/\/idakorea.ee\/fi\/wp-json\/wp\/v2\/types\/product"}],"replies":[{"embeddable":true,"href":"https:\/\/idakorea.ee\/fi\/wp-json\/wp\/v2\/comments?post=13353"}],"version-history":[{"count":1,"href":"https:\/\/idakorea.ee\/fi\/wp-json\/wp\/v2\/product\/13353\/revisions"}],"predecessor-version":[{"id":13357,"href":"https:\/\/idakorea.ee\/fi\/wp-json\/wp\/v2\/product\/13353\/revisions\/13357"}],"wp:featuredmedia":[{"embeddable":true,"href":"https:\/\/idakorea.ee\/fi\/wp-json\/wp\/v2\/media\/13354"}],"wp:attachment":[{"href":"https:\/\/idakorea.ee\/fi\/wp-json\/wp\/v2\/media?parent=13353"}],"wp:term":[{"taxonomy":"pwb-brand","embeddable":true,"href":"https:\/\/idakorea.ee\/fi\/wp-json\/wp\/v2\/pwb-brand?post=13353"},{"taxonomy":"product_brand","embeddable":true,"href":"https:\/\/idakorea.ee\/fi\/wp-json\/wp\/v2\/product_brand?post=13353"},{"taxonomy":"product_cat","embeddable":true,"href":"https:\/\/idakorea.ee\/fi\/wp-json\/wp\/v2\/product_cat?post=13353"},{"taxonomy":"product_tag","embeddable":true,"href":"https:\/\/idakorea.ee\/fi\/wp-json\/wp\/v2\/product_tag?post=13353"}],"curies":[{"name":"wp","href":"https:\/\/api.w.org\/{rel}","templated":true}]}}