{"id":13380,"date":"2025-04-02T09:06:28","date_gmt":"2025-04-02T07:06:28","guid":{"rendered":"https:\/\/idakorea.ee\/?post_type=product&#038;p=13380"},"modified":"2026-03-07T12:31:24","modified_gmt":"2026-03-07T10:31:24","slug":"huulemask-carenel-pomegranate-lip-night-mask","status":"publish","type":"product","link":"https:\/\/idakorea.ee\/fi\/product\/huulemask-carenel-pomegranate-lip-night-mask\/","title":{"rendered":"Granaattiomena huulinaamio Care:Nel Granatomenan huulinaamio, 5 g"},"content":{"rendered":"<p><strong>Hoito: Nel Granaattiomenahuuliy\u00f6naamio<\/strong> Ravitsee ja kosteuttaa herkk\u00e4\u00e4 ihoa tehokkaasti nukkuessasi. Tuotetta voidaan k\u00e4ytt\u00e4\u00e4 sek\u00e4 p\u00e4iv\u00e4ll\u00e4 huulirasvana ett\u00e4 y\u00f6ll\u00e4 naamiona. Naamio poistaa kuolleita ihosoluja tehden huulista pehme\u00e4t ja kosteutetut aamulla. Se lis\u00e4\u00e4 kimmoisuutta, kiinteytt\u00e4\u00e4 ja luo suojaavan kerroksen, joka est\u00e4\u00e4 kosteuden haihtumisen.<\/p>\n<p>Naamio hoitaa huulten herkk\u00e4\u00e4 ihoa, parantaa niiden ulkon\u00e4k\u00f6\u00e4 ja auttaa ehk\u00e4isem\u00e4\u00e4n ennenaikaista ik\u00e4\u00e4ntymist\u00e4. Hy\u00f6dyllisill\u00e4 mikroelementeill\u00e4 rikastettu naamio korjaa tehokkaasti vaurioita y\u00f6n aikana ja antaa huulille kauniin ulkon\u00e4\u00f6n.<\/p>\n<p><strong>T\u00e4rkeimm\u00e4t ainesosat:<\/strong><\/p>\n<ul>\n<li><strong>Granaattiomenauute<\/strong> \u2013 stimuloi kollageenin tuotantoa, mik\u00e4 tekee ihosta kiinte\u00e4n ja joustavan. Runsaasti C-vitamiinia, orgaanisia happoja, sokereita ja tanniineja. Kosteuttaa, parantaa verenkiertoa, kiinteytt\u00e4\u00e4 ihoa ja toimii voimakkaana antioksidanttina, joka suojaa ihosoluja ymp\u00e4rist\u00f6n aiheuttamilta vaurioilta. Sill\u00e4 on my\u00f6s tulehdusta ehk\u00e4isevi\u00e4 ja uudistavia ominaisuuksia.<\/li>\n<li><strong>Matsutake-sieniuute (rivi)<\/strong> \u2013 taistelee vapaita radikaaleja vastaan, vahvistaa ihosolujen vastustuskyky\u00e4 ja toimittaa niille vitamiineja. Se on yksi maailman arvokkaimmista sienist\u00e4, jolla on poikkeuksellisia ravitsemuksellisia ja parantavia ominaisuuksia.<\/li>\n<li><strong>Yrttiuutteiden kompleksi (mansikka, lootus, ginseng, sitruunaruoho)<\/strong> \u2013 toimittaa ihosoluille hy\u00f6dyllisi\u00e4 ravintoaineita ja vahvistaa ihon suojakerrosta.<\/li>\n<li><strong>E-vitamiini<\/strong> \u2013 sill\u00e4 on nuorentava vaikutus ja se vahvistaa ihon kimmoisuutta.<\/li>\n<li><strong>Kandelilla ja mehil\u00e4isvaha<\/strong> \u2013 suojaa herkk\u00e4\u00e4 huulten ihoa, auttaa s\u00e4ilytt\u00e4m\u00e4\u00e4n kosteuden ja tekee huulista silkkisen pehme\u00e4t.<\/li>\n<\/ul>\n<p>&nbsp;<\/p>\n<p>Sopii kaikille ihotyypeille.<\/p>\n<p><strong>K\u00e4ytt\u00f6: <\/strong>Levit\u00e4 tarvittava m\u00e4\u00e4r\u00e4 tuotetta huulille.<\/p>","protected":false},"excerpt":{"rendered":"<p>Hoito: Nel Pomegranate Lip Night Mask -y\u00f6naamio ravitsee ja kosteuttaa herkk\u00e4\u00e4 ihoa intensiivisesti unen aikana. Tuotetta voi k\u00e4ytt\u00e4\u00e4 huulirasvana p\u00e4iv\u00e4ll\u00e4 tai naamiona y\u00f6ll\u00e4. Naamio poistaa kuolleet ihosolut, jolloin huulet ovat aamulla pehme\u00e4t ja kosteutetut. Se lis\u00e4\u00e4 kimmoisuutta, kiinteytt\u00e4\u00e4 ja luo suojakerroksen, joka est\u00e4\u00e4 kosteuden menetyksen. Naamio hoitaa huulten herkk\u00e4\u00e4 ihoa, parantaa sen...<\/p>","protected":false},"featured_media":13381,"comment_status":"open","ping_status":"closed","template":"","meta":{"_uf_show_specific_survey":0,"_uf_disable_surveys":false,"_bst_post_transparent":"default","_bst_post_title":"","_bst_post_layout":"default","_bst_post_sidebar_id":"","_bst_post_content_style":"default","_bst_post_vertical_padding":"default","_bst_post_feature":"","_bst_post_feature_position":"","_bst_post_header":false,"_bst_post_footer":false},"pwb-brand":[675],"product_brand":[],"product_cat":[368,92,99],"product_tag":[867],"class_list":{"0":"post-13380","1":"product","2":"type-product","3":"status-publish","4":"has-post-thumbnail","6":"pwb-brand-carenel","7":"product_cat-huulepalsamid-ja-hooldus","8":"product_cat-nagu","9":"product_cat-silmad-ja-huuled-2","10":"product_tag-huulemask","12":"first","13":"instock","14":"sale","15":"shipping-taxable","16":"purchasable","17":"product-type-simple","18":"entry","19":"content-bg","20":"loop-entry"},"supplier_id":null,"supplier_sku":"","barcode":null,"atum_controlled":true,"out_stock_date":null,"out_stock_threshold":null,"inheritable":false,"inbound_stock":0,"stock_on_hold":0,"sold_today":0,"sales_last_days":0,"out_stock_days":0,"lost_sales":0,"has_location":false,"update_date":"2026-04-15T00:05:16","atum_locations":[],"atum_stock_status":"instock","restock_status":false,"low_stock_amount":"","sales_update_date":"2026-04-15T00:05:16","calc_backorders":null,"yoast_head":"<!-- This site is optimized with the Yoast SEO plugin v27.2 - https:\/\/yoast.com\/product\/yoast-seo-wordpress\/ -->\n<title>Care:Nel Pomegranate Lip Night Mask, 5g - IDA.KOREA<\/title>\n<meta name=\"description\" content=\"Care:Nel Pomegranate Lip Night Mask intensiivselt toidab ja niisutab \u00f5rna nahka une ajal. Seda toodet saab kasutada nii p\u00e4eval, kui ka \u00f6\u00f6sel maskina.\" \/>\n<meta name=\"robots\" content=\"index, follow, max-snippet:-1, max-image-preview:large, max-video-preview:-1\" \/>\n<link rel=\"canonical\" href=\"https:\/\/idakorea.ee\/fi\/product\/huulemask-carenel-pomegranate-lip-night-mask\/\" \/>\n<meta property=\"og:locale\" content=\"fi_FI\" \/>\n<meta property=\"og:type\" content=\"article\" \/>\n<meta property=\"og:title\" content=\"Care:Nel Pomegranate Lip Night Mask, 5g - IDA.KOREA\" \/>\n<meta property=\"og:description\" content=\"Care:Nel Pomegranate Lip Night Mask intensiivselt toidab ja niisutab \u00f5rna nahka une ajal. Seda toodet saab kasutada nii p\u00e4eval, kui ka \u00f6\u00f6sel maskina.\" \/>\n<meta property=\"og:url\" content=\"https:\/\/idakorea.ee\/fi\/product\/huulemask-carenel-pomegranate-lip-night-mask\/\" \/>\n<meta property=\"og:site_name\" content=\"IDA.KOREA\" \/>\n<meta property=\"article:modified_time\" content=\"2026-03-07T10:31:24+00:00\" \/>\n<meta property=\"og:image\" content=\"https:\/\/idakorea.ee\/wp-content\/uploads\/2025\/04\/carenel-omegranate-lip-mask-idakorea.jpg\" \/>\n\t<meta property=\"og:image:width\" content=\"750\" \/>\n\t<meta property=\"og:image:height\" content=\"750\" \/>\n\t<meta property=\"og:image:type\" content=\"image\/jpeg\" \/>\n<meta name=\"twitter:card\" content=\"summary_large_image\" \/>\n<meta name=\"twitter:label1\" content=\"Arvioitu lukuaika\" \/>\n\t<meta name=\"twitter:data1\" content=\"2 minuuttia\" \/>\n<script type=\"application\/ld+json\" class=\"yoast-schema-graph\">{\"@context\":\"https:\/\/schema.org\",\"@graph\":[{\"@type\":\"WebPage\",\"@id\":\"https:\/\/idakorea.ee\/product\/huulemask-carenel-pomegranate-lip-night-mask\/\",\"url\":\"https:\/\/idakorea.ee\/product\/huulemask-carenel-pomegranate-lip-night-mask\/\",\"name\":\"Care:Nel Pomegranate Lip Night Mask, 5g - IDA.KOREA\",\"isPartOf\":{\"@id\":\"https:\/\/idakorea.ee\/#website\"},\"primaryImageOfPage\":{\"@id\":\"https:\/\/idakorea.ee\/product\/huulemask-carenel-pomegranate-lip-night-mask\/#primaryimage\"},\"image\":{\"@id\":\"https:\/\/idakorea.ee\/product\/huulemask-carenel-pomegranate-lip-night-mask\/#primaryimage\"},\"thumbnailUrl\":\"https:\/\/idakorea.ee\/wp-content\/uploads\/2025\/04\/carenel-omegranate-lip-mask-idakorea.jpg\",\"datePublished\":\"2025-04-02T07:06:28+00:00\",\"dateModified\":\"2026-03-07T10:31:24+00:00\",\"description\":\"Care:Nel Pomegranate Lip Night Mask intensiivselt toidab ja niisutab \u00f5rna nahka une ajal. Seda toodet saab kasutada nii p\u00e4eval, kui ka \u00f6\u00f6sel maskina.\",\"breadcrumb\":{\"@id\":\"https:\/\/idakorea.ee\/product\/huulemask-carenel-pomegranate-lip-night-mask\/#breadcrumb\"},\"inLanguage\":\"fi\",\"potentialAction\":[{\"@type\":\"ReadAction\",\"target\":[\"https:\/\/idakorea.ee\/product\/huulemask-carenel-pomegranate-lip-night-mask\/\"]}]},{\"@type\":\"ImageObject\",\"inLanguage\":\"fi\",\"@id\":\"https:\/\/idakorea.ee\/product\/huulemask-carenel-pomegranate-lip-night-mask\/#primaryimage\",\"url\":\"https:\/\/idakorea.ee\/wp-content\/uploads\/2025\/04\/carenel-omegranate-lip-mask-idakorea.jpg\",\"contentUrl\":\"https:\/\/idakorea.ee\/wp-content\/uploads\/2025\/04\/carenel-omegranate-lip-mask-idakorea.jpg\",\"width\":750,\"height\":750},{\"@type\":\"BreadcrumbList\",\"@id\":\"https:\/\/idakorea.ee\/product\/huulemask-carenel-pomegranate-lip-night-mask\/#breadcrumb\",\"itemListElement\":[{\"@type\":\"ListItem\",\"position\":1,\"name\":\"\u0413\u043b\u0430\u0432\u043d\u0430\u044f \u0441\u0442\u0440\u0430\u043d\u0438\u0446\u0430\",\"item\":\"https:\/\/idakorea.ee\/\"},{\"@type\":\"ListItem\",\"position\":2,\"name\":\"Shop\",\"item\":\"https:\/\/idakorea.ee\/shop-2\/\"},{\"@type\":\"ListItem\",\"position\":3,\"name\":\"Granaat\u00f5unaga huulemask Care:Nel Pomegranate Lip Night Mask, 5 g\"}]},{\"@type\":\"WebSite\",\"@id\":\"https:\/\/idakorea.ee\/#website\",\"url\":\"https:\/\/idakorea.ee\/\",\"name\":\"IDA.KOREA\",\"description\":\"Korea kosmeetika e-pood\",\"publisher\":{\"@id\":\"https:\/\/idakorea.ee\/#organization\"},\"alternateName\":\"Beauty Shop\",\"potentialAction\":[{\"@type\":\"SearchAction\",\"target\":{\"@type\":\"EntryPoint\",\"urlTemplate\":\"https:\/\/idakorea.ee\/?s={search_term_string}\"},\"query-input\":{\"@type\":\"PropertyValueSpecification\",\"valueRequired\":true,\"valueName\":\"search_term_string\"}}],\"inLanguage\":\"fi\"},{\"@type\":\"Organization\",\"@id\":\"https:\/\/idakorea.ee\/#organization\",\"name\":\"IDA.KOREA\",\"url\":\"https:\/\/idakorea.ee\/\",\"logo\":{\"@type\":\"ImageObject\",\"inLanguage\":\"fi\",\"@id\":\"https:\/\/idakorea.ee\/#\/schema\/logo\/image\/\",\"url\":\"https:\/\/idakorea.ee\/wp-content\/uploads\/2024\/05\/cropped-korea3.png\",\"contentUrl\":\"https:\/\/idakorea.ee\/wp-content\/uploads\/2024\/05\/cropped-korea3.png\",\"width\":688,\"height\":126,\"caption\":\"IDA.KOREA\"},\"image\":{\"@id\":\"https:\/\/idakorea.ee\/#\/schema\/logo\/image\/\"},\"sameAs\":[\"https:\/\/www.instagram.com\/ida.korea\/\"]}]}<\/script>\n<!-- \/ Yoast SEO plugin. -->","yoast_head_json":{"title":"Hoito:Nel Pomegranate Lip Night Mask, 5g - IDA.KOREA","description":"Hoito: Nel Pomegranate Lip Night Mask ravitsee ja kosteuttaa herkk\u00e4\u00e4 ihoa tehokkaasti nukkuessasi. Tuotetta voidaan k\u00e4ytt\u00e4\u00e4 sek\u00e4 p\u00e4iv\u00e4ll\u00e4 ett\u00e4 y\u00f6ll\u00e4 naamiona.","robots":{"index":"index","follow":"follow","max-snippet":"max-snippet:-1","max-image-preview":"max-image-preview:large","max-video-preview":"max-video-preview:-1"},"canonical":"https:\/\/idakorea.ee\/fi\/product\/huulemask-carenel-pomegranate-lip-night-mask\/","og_locale":"fi_FI","og_type":"article","og_title":"Care:Nel Pomegranate Lip Night Mask, 5g - IDA.KOREA","og_description":"Care:Nel Pomegranate Lip Night Mask intensiivselt toidab ja niisutab \u00f5rna nahka une ajal. Seda toodet saab kasutada nii p\u00e4eval, kui ka \u00f6\u00f6sel maskina.","og_url":"https:\/\/idakorea.ee\/fi\/product\/huulemask-carenel-pomegranate-lip-night-mask\/","og_site_name":"IDA.KOREA","article_modified_time":"2026-03-07T10:31:24+00:00","og_image":[{"width":750,"height":750,"url":"https:\/\/idakorea.ee\/wp-content\/uploads\/2025\/04\/carenel-omegranate-lip-mask-idakorea.jpg","type":"image\/jpeg"}],"twitter_card":"summary_large_image","twitter_misc":{"Arvioitu lukuaika":"2 minuuttia"},"schema":{"@context":"https:\/\/schema.org","@graph":[{"@type":"WebPage","@id":"https:\/\/idakorea.ee\/product\/huulemask-carenel-pomegranate-lip-night-mask\/","url":"https:\/\/idakorea.ee\/product\/huulemask-carenel-pomegranate-lip-night-mask\/","name":"Hoito:Nel Pomegranate Lip Night Mask, 5g - IDA.KOREA","isPartOf":{"@id":"https:\/\/idakorea.ee\/#website"},"primaryImageOfPage":{"@id":"https:\/\/idakorea.ee\/product\/huulemask-carenel-pomegranate-lip-night-mask\/#primaryimage"},"image":{"@id":"https:\/\/idakorea.ee\/product\/huulemask-carenel-pomegranate-lip-night-mask\/#primaryimage"},"thumbnailUrl":"https:\/\/idakorea.ee\/wp-content\/uploads\/2025\/04\/carenel-omegranate-lip-mask-idakorea.jpg","datePublished":"2025-04-02T07:06:28+00:00","dateModified":"2026-03-07T10:31:24+00:00","description":"Hoito: Nel Pomegranate Lip Night Mask ravitsee ja kosteuttaa herkk\u00e4\u00e4 ihoa tehokkaasti nukkuessasi. Tuotetta voidaan k\u00e4ytt\u00e4\u00e4 sek\u00e4 p\u00e4iv\u00e4ll\u00e4 ett\u00e4 y\u00f6ll\u00e4 naamiona.","breadcrumb":{"@id":"https:\/\/idakorea.ee\/product\/huulemask-carenel-pomegranate-lip-night-mask\/#breadcrumb"},"inLanguage":"fi","potentialAction":[{"@type":"ReadAction","target":["https:\/\/idakorea.ee\/product\/huulemask-carenel-pomegranate-lip-night-mask\/"]}]},{"@type":"ImageObject","inLanguage":"fi","@id":"https:\/\/idakorea.ee\/product\/huulemask-carenel-pomegranate-lip-night-mask\/#primaryimage","url":"https:\/\/idakorea.ee\/wp-content\/uploads\/2025\/04\/carenel-omegranate-lip-mask-idakorea.jpg","contentUrl":"https:\/\/idakorea.ee\/wp-content\/uploads\/2025\/04\/carenel-omegranate-lip-mask-idakorea.jpg","width":750,"height":750},{"@type":"BreadcrumbList","@id":"https:\/\/idakorea.ee\/product\/huulemask-carenel-pomegranate-lip-night-mask\/#breadcrumb","itemListElement":[{"@type":"ListItem","position":1,"name":"\u0413\u043b\u0430\u0432\u043d\u0430\u044f \u0441\u0442\u0440\u0430\u043d\u0438\u0446\u0430","item":"https:\/\/idakorea.ee\/"},{"@type":"ListItem","position":2,"name":"Shop","item":"https:\/\/idakorea.ee\/shop-2\/"},{"@type":"ListItem","position":3,"name":"Granaat\u00f5unaga huulemask Care:Nel Pomegranate Lip Night Mask, 5 g"}]},{"@type":"WebSite","@id":"https:\/\/idakorea.ee\/#website","url":"https:\/\/idakorea.ee\/","name":"IDA.KOREA","description":"Korean kosmetiikan verkkokauppa","publisher":{"@id":"https:\/\/idakorea.ee\/#organization"},"alternateName":"Beauty Shop","potentialAction":[{"@type":"SearchAction","target":{"@type":"EntryPoint","urlTemplate":"https:\/\/idakorea.ee\/?s={search_term_string}"},"query-input":{"@type":"PropertyValueSpecification","valueRequired":true,"valueName":"search_term_string"}}],"inLanguage":"fi"},{"@type":"Organization","@id":"https:\/\/idakorea.ee\/#organization","name":"IDA.KOREA","url":"https:\/\/idakorea.ee\/","logo":{"@type":"ImageObject","inLanguage":"fi","@id":"https:\/\/idakorea.ee\/#\/schema\/logo\/image\/","url":"https:\/\/idakorea.ee\/wp-content\/uploads\/2024\/05\/cropped-korea3.png","contentUrl":"https:\/\/idakorea.ee\/wp-content\/uploads\/2024\/05\/cropped-korea3.png","width":688,"height":126,"caption":"IDA.KOREA"},"image":{"@id":"https:\/\/idakorea.ee\/#\/schema\/logo\/image\/"},"sameAs":["https:\/\/www.instagram.com\/ida.korea\/"]}]}},"jetpack_sharing_enabled":true,"brands":[{"id":675,"name":"CARE:NEL","slug":"carenel"}],"_links":{"self":[{"href":"https:\/\/idakorea.ee\/fi\/wp-json\/wp\/v2\/product\/13380","targetHints":{"allow":["GET"]}}],"collection":[{"href":"https:\/\/idakorea.ee\/fi\/wp-json\/wp\/v2\/product"}],"about":[{"href":"https:\/\/idakorea.ee\/fi\/wp-json\/wp\/v2\/types\/product"}],"replies":[{"embeddable":true,"href":"https:\/\/idakorea.ee\/fi\/wp-json\/wp\/v2\/comments?post=13380"}],"version-history":[{"count":1,"href":"https:\/\/idakorea.ee\/fi\/wp-json\/wp\/v2\/product\/13380\/revisions"}],"predecessor-version":[{"id":13385,"href":"https:\/\/idakorea.ee\/fi\/wp-json\/wp\/v2\/product\/13380\/revisions\/13385"}],"wp:featuredmedia":[{"embeddable":true,"href":"https:\/\/idakorea.ee\/fi\/wp-json\/wp\/v2\/media\/13381"}],"wp:attachment":[{"href":"https:\/\/idakorea.ee\/fi\/wp-json\/wp\/v2\/media?parent=13380"}],"wp:term":[{"taxonomy":"pwb-brand","embeddable":true,"href":"https:\/\/idakorea.ee\/fi\/wp-json\/wp\/v2\/pwb-brand?post=13380"},{"taxonomy":"product_brand","embeddable":true,"href":"https:\/\/idakorea.ee\/fi\/wp-json\/wp\/v2\/product_brand?post=13380"},{"taxonomy":"product_cat","embeddable":true,"href":"https:\/\/idakorea.ee\/fi\/wp-json\/wp\/v2\/product_cat?post=13380"},{"taxonomy":"product_tag","embeddable":true,"href":"https:\/\/idakorea.ee\/fi\/wp-json\/wp\/v2\/product_tag?post=13380"}],"curies":[{"name":"wp","href":"https:\/\/api.w.org\/{rel}","templated":true}]}}