{"id":13412,"date":"2025-04-04T16:05:38","date_gmt":"2025-04-04T14:05:38","guid":{"rendered":"https:\/\/idakorea.ee\/?post_type=product&#038;p=13412"},"modified":"2026-03-09T14:49:53","modified_gmt":"2026-03-09T12:49:53","slug":"korgefektiivne-silmakreem-medicube-pdrn-pink-peptide-eye-cream-30ml","status":"publish","type":"product","link":"https:\/\/idakorea.ee\/fi\/product\/korgefektiivne-silmakreem-medicube-pdrn-pink-peptide-eye-cream-30ml\/","title":{"rendered":"Medicube PDRN Pink Peptide Eye Cream, 30ml Eritt\u00e4in selektiivinen silm\u00e4nymp\u00e4rysvoide, 30ml."},"content":{"rendered":"<p><strong>Medicube PDRN Pink Peptide Eye Cream - silm\u00e4nymp\u00e4rysvoide<\/strong> on tehokas silm\u00e4nymp\u00e4rysvoide, joka auttaa v\u00e4hent\u00e4m\u00e4\u00e4n tummia silm\u00e4nalusia, turvotusta ja ryppyj\u00e4. Sen ainutlaatuinen koostumus sis\u00e4lt\u00e4\u00e4 tehokkaita aktiivisia ainesosia, jotka hoitavat herkk\u00e4\u00e4 silm\u00e4nymp\u00e4rysihoa.<\/p>\n<p><strong>T\u00e4rkeimm\u00e4t ainesosat ja hy\u00f6dyt:<\/strong><\/p>\n<p><strong>PDRN (polydeoksiribonukleotidi)<\/strong> - lohimaitouute, joka edist\u00e4\u00e4 ihon uudistumista, parantaa kimmoisuutta ja kiinteytt\u00e4.<br \/>\n<strong>Retinoli<\/strong> - stimuloi solujen uusiutumista, tasoittaa ryppyj\u00e4 ja parantaa ihon rakennetta.<br \/>\n<strong>Peptidit<\/strong> - lis\u00e4\u00e4v\u00e4t kollageenin tuotantoa, mik\u00e4 auttaa kiinteytt\u00e4m\u00e4\u00e4n ja kirist\u00e4m\u00e4\u00e4n ihoa.<br \/>\n<strong>Niasiiniamidi (B3-vitamiini)<\/strong> - tasoittaa ihon s\u00e4vy\u00e4, v\u00e4hent\u00e4\u00e4 pigmenttil\u00e4iski\u00e4 ja vahvistaa ihon suojaverkkoa.<br \/>\n<strong>Kofeiini<\/strong> - v\u00e4hent\u00e4\u00e4 turvotusta ja antaa raikkaamman ilmeen.<\/p>\n<p>Kliinisesti todistetut tulokset - s\u00e4\u00e4nn\u00f6llinen k\u00e4ytt\u00f6 auttaa parantamaan silm\u00e4nymp\u00e4rysihoa merkitt\u00e4v\u00e4sti ja tekee siit\u00e4 sile\u00e4mm\u00e4n, t\u00e4ytel\u00e4isemm\u00e4n ja kirkkaamman.<\/p>\n<p>&nbsp;<\/p>\n<p>Sopii kaikille ihotyypeille, ja sit\u00e4 suositellaan p\u00e4ivitt\u00e4iseen k\u00e4ytt\u00f6\u00f6n anti-ageing-hoidossa.<\/p>\n<p><strong>K\u00e4ytt\u00f6: <\/strong>Kun olet puhdistanut ihon, levit\u00e4 pieni m\u00e4\u00e4r\u00e4 silm\u00e4nymp\u00e4rysiholle. Taputtele kevyesti sormenp\u00e4ill\u00e4, kunnes se on t\u00e4ysin imeytynyt. K\u00e4yt\u00e4 aamuin illoin parhaiden tulosten saavuttamiseksi.<\/p>","protected":false},"excerpt":{"rendered":"<p>Medicube PDRN Pink Peptide Eye Cream on eritt\u00e4in tehokas silm\u00e4nymp\u00e4rysvoide, joka auttaa v\u00e4hent\u00e4m\u00e4\u00e4n tummia silm\u00e4nalusia, turvotusta ja ryppyj\u00e4. Sen ainutlaatuinen koostumus sis\u00e4lt\u00e4\u00e4 tehokkaita aktiivisia ainesosia, jotka hoitavat herkk\u00e4\u00e4 silm\u00e4nymp\u00e4rysihoa. T\u00e4rkeimm\u00e4t ainesosat ja hy\u00f6dyt. Retinoli - Stimuloi solujen uusiutumista, tasoittaa ryppyj\u00e4 ja...<\/p>","protected":false},"featured_media":13414,"comment_status":"open","ping_status":"closed","template":"","meta":{"_uf_show_specific_survey":0,"_uf_disable_surveys":false,"_bst_post_transparent":"default","_bst_post_title":"","_bst_post_layout":"default","_bst_post_sidebar_id":"","_bst_post_content_style":"default","_bst_post_vertical_padding":"default","_bst_post_feature":"","_bst_post_feature_position":"","_bst_post_header":false,"_bst_post_footer":false},"pwb-brand":[490],"product_brand":[],"product_cat":[92,99,201],"product_tag":[871],"class_list":{"0":"post-13412","1":"product","2":"type-product","3":"status-publish","4":"has-post-thumbnail","6":"pwb-brand-medicube","7":"product_cat-nagu","8":"product_cat-silmad-ja-huuled-2","9":"product_cat-silmakreem","10":"product_tag-medicube-pdrn","12":"first","13":"instock","14":"sale","15":"shipping-taxable","16":"purchasable","17":"product-type-simple","18":"entry","19":"content-bg","20":"loop-entry"},"supplier_id":null,"supplier_sku":"","barcode":null,"atum_controlled":true,"out_stock_date":null,"out_stock_threshold":null,"inheritable":false,"inbound_stock":0,"stock_on_hold":0,"sold_today":0,"sales_last_days":0,"out_stock_days":0,"lost_sales":0,"has_location":false,"update_date":"2026-04-14T00:05:11","atum_locations":[],"atum_stock_status":"instock","restock_status":false,"low_stock_amount":"","sales_update_date":"2026-04-14T00:05:11","calc_backorders":null,"yoast_head":"<!-- This site is optimized with the Yoast SEO plugin v27.2 - https:\/\/yoast.com\/product\/yoast-seo-wordpress\/ -->\n<title>Medicube PDRN Pink Peptide Eye Cream, 30ml - IDA.KOREA<\/title>\n<meta name=\"description\" content=\"Medicube PDRN Pink Peptide Eye Cream on k\u00f5rgefektiivne silmakreem, mis aitab v\u00e4hendada tumedaid ringe, turseid ja kortse.\" \/>\n<meta name=\"robots\" content=\"index, follow, max-snippet:-1, max-image-preview:large, max-video-preview:-1\" \/>\n<link rel=\"canonical\" href=\"https:\/\/idakorea.ee\/fi\/product\/korgefektiivne-silmakreem-medicube-pdrn-pink-peptide-eye-cream-30ml\/\" \/>\n<meta property=\"og:locale\" content=\"fi_FI\" \/>\n<meta property=\"og:type\" content=\"article\" \/>\n<meta property=\"og:title\" content=\"Medicube PDRN Pink Peptide Eye Cream, 30ml - IDA.KOREA\" \/>\n<meta property=\"og:description\" content=\"Medicube PDRN Pink Peptide Eye Cream on k\u00f5rgefektiivne silmakreem, mis aitab v\u00e4hendada tumedaid ringe, turseid ja kortse.\" \/>\n<meta property=\"og:url\" content=\"https:\/\/idakorea.ee\/fi\/product\/korgefektiivne-silmakreem-medicube-pdrn-pink-peptide-eye-cream-30ml\/\" \/>\n<meta property=\"og:site_name\" content=\"IDA.KOREA\" \/>\n<meta property=\"article:modified_time\" content=\"2026-03-09T12:49:53+00:00\" \/>\n<meta property=\"og:image\" content=\"https:\/\/idakorea.ee\/wp-content\/uploads\/2025\/04\/s-l400-1.jpg\" \/>\n\t<meta property=\"og:image:width\" content=\"400\" \/>\n\t<meta property=\"og:image:height\" content=\"400\" \/>\n\t<meta property=\"og:image:type\" content=\"image\/jpeg\" \/>\n<meta name=\"twitter:card\" content=\"summary_large_image\" \/>\n<meta name=\"twitter:label1\" content=\"Arvioitu lukuaika\" \/>\n\t<meta name=\"twitter:data1\" content=\"1 minuutti\" \/>\n<script type=\"application\/ld+json\" class=\"yoast-schema-graph\">{\"@context\":\"https:\/\/schema.org\",\"@graph\":[{\"@type\":\"WebPage\",\"@id\":\"https:\/\/idakorea.ee\/product\/korgefektiivne-silmakreem-medicube-pdrn-pink-peptide-eye-cream-30ml\/\",\"url\":\"https:\/\/idakorea.ee\/product\/korgefektiivne-silmakreem-medicube-pdrn-pink-peptide-eye-cream-30ml\/\",\"name\":\"Medicube PDRN Pink Peptide Eye Cream, 30ml - IDA.KOREA\",\"isPartOf\":{\"@id\":\"https:\/\/idakorea.ee\/#website\"},\"primaryImageOfPage\":{\"@id\":\"https:\/\/idakorea.ee\/product\/korgefektiivne-silmakreem-medicube-pdrn-pink-peptide-eye-cream-30ml\/#primaryimage\"},\"image\":{\"@id\":\"https:\/\/idakorea.ee\/product\/korgefektiivne-silmakreem-medicube-pdrn-pink-peptide-eye-cream-30ml\/#primaryimage\"},\"thumbnailUrl\":\"https:\/\/idakorea.ee\/wp-content\/uploads\/2025\/04\/s-l400-1.jpg\",\"datePublished\":\"2025-04-04T14:05:38+00:00\",\"dateModified\":\"2026-03-09T12:49:53+00:00\",\"description\":\"Medicube PDRN Pink Peptide Eye Cream on k\u00f5rgefektiivne silmakreem, mis aitab v\u00e4hendada tumedaid ringe, turseid ja kortse.\",\"breadcrumb\":{\"@id\":\"https:\/\/idakorea.ee\/product\/korgefektiivne-silmakreem-medicube-pdrn-pink-peptide-eye-cream-30ml\/#breadcrumb\"},\"inLanguage\":\"fi\",\"potentialAction\":[{\"@type\":\"ReadAction\",\"target\":[\"https:\/\/idakorea.ee\/product\/korgefektiivne-silmakreem-medicube-pdrn-pink-peptide-eye-cream-30ml\/\"]}]},{\"@type\":\"ImageObject\",\"inLanguage\":\"fi\",\"@id\":\"https:\/\/idakorea.ee\/product\/korgefektiivne-silmakreem-medicube-pdrn-pink-peptide-eye-cream-30ml\/#primaryimage\",\"url\":\"https:\/\/idakorea.ee\/wp-content\/uploads\/2025\/04\/s-l400-1.jpg\",\"contentUrl\":\"https:\/\/idakorea.ee\/wp-content\/uploads\/2025\/04\/s-l400-1.jpg\",\"width\":400,\"height\":400},{\"@type\":\"BreadcrumbList\",\"@id\":\"https:\/\/idakorea.ee\/product\/korgefektiivne-silmakreem-medicube-pdrn-pink-peptide-eye-cream-30ml\/#breadcrumb\",\"itemListElement\":[{\"@type\":\"ListItem\",\"position\":1,\"name\":\"\u0413\u043b\u0430\u0432\u043d\u0430\u044f \u0441\u0442\u0440\u0430\u043d\u0438\u0446\u0430\",\"item\":\"https:\/\/idakorea.ee\/\"},{\"@type\":\"ListItem\",\"position\":2,\"name\":\"Shop\",\"item\":\"https:\/\/idakorea.ee\/shop-2\/\"},{\"@type\":\"ListItem\",\"position\":3,\"name\":\"K\u00f5rgefektiivne silmakreem Medicube PDRN Pink Peptide Eye Cream, 30ml\"}]},{\"@type\":\"WebSite\",\"@id\":\"https:\/\/idakorea.ee\/#website\",\"url\":\"https:\/\/idakorea.ee\/\",\"name\":\"IDA.KOREA\",\"description\":\"Korea kosmeetika e-pood\",\"publisher\":{\"@id\":\"https:\/\/idakorea.ee\/#organization\"},\"alternateName\":\"Beauty Shop\",\"potentialAction\":[{\"@type\":\"SearchAction\",\"target\":{\"@type\":\"EntryPoint\",\"urlTemplate\":\"https:\/\/idakorea.ee\/?s={search_term_string}\"},\"query-input\":{\"@type\":\"PropertyValueSpecification\",\"valueRequired\":true,\"valueName\":\"search_term_string\"}}],\"inLanguage\":\"fi\"},{\"@type\":\"Organization\",\"@id\":\"https:\/\/idakorea.ee\/#organization\",\"name\":\"IDA.KOREA\",\"url\":\"https:\/\/idakorea.ee\/\",\"logo\":{\"@type\":\"ImageObject\",\"inLanguage\":\"fi\",\"@id\":\"https:\/\/idakorea.ee\/#\/schema\/logo\/image\/\",\"url\":\"https:\/\/idakorea.ee\/wp-content\/uploads\/2024\/05\/cropped-korea3.png\",\"contentUrl\":\"https:\/\/idakorea.ee\/wp-content\/uploads\/2024\/05\/cropped-korea3.png\",\"width\":688,\"height\":126,\"caption\":\"IDA.KOREA\"},\"image\":{\"@id\":\"https:\/\/idakorea.ee\/#\/schema\/logo\/image\/\"},\"sameAs\":[\"https:\/\/www.instagram.com\/ida.korea\/\"]}]}<\/script>\n<!-- \/ Yoast SEO plugin. -->","yoast_head_json":{"title":"Medicube PDRN Pink Peptide -silm\u00e4nymp\u00e4rysvoide, 30ml - IDA.KOREA","description":"Medicube PDRN Pink Peptide Eye Cream on eritt\u00e4in tehokas silm\u00e4nymp\u00e4rysvoide, joka auttaa v\u00e4hent\u00e4m\u00e4\u00e4n tummia silm\u00e4nalusia, turvotusta ja ryppyj\u00e4.","robots":{"index":"index","follow":"follow","max-snippet":"max-snippet:-1","max-image-preview":"max-image-preview:large","max-video-preview":"max-video-preview:-1"},"canonical":"https:\/\/idakorea.ee\/fi\/product\/korgefektiivne-silmakreem-medicube-pdrn-pink-peptide-eye-cream-30ml\/","og_locale":"fi_FI","og_type":"article","og_title":"Medicube PDRN Pink Peptide Eye Cream, 30ml - IDA.KOREA","og_description":"Medicube PDRN Pink Peptide Eye Cream on k\u00f5rgefektiivne silmakreem, mis aitab v\u00e4hendada tumedaid ringe, turseid ja kortse.","og_url":"https:\/\/idakorea.ee\/fi\/product\/korgefektiivne-silmakreem-medicube-pdrn-pink-peptide-eye-cream-30ml\/","og_site_name":"IDA.KOREA","article_modified_time":"2026-03-09T12:49:53+00:00","og_image":[{"width":400,"height":400,"url":"https:\/\/idakorea.ee\/wp-content\/uploads\/2025\/04\/s-l400-1.jpg","type":"image\/jpeg"}],"twitter_card":"summary_large_image","twitter_misc":{"Arvioitu lukuaika":"1 minuutti"},"schema":{"@context":"https:\/\/schema.org","@graph":[{"@type":"WebPage","@id":"https:\/\/idakorea.ee\/product\/korgefektiivne-silmakreem-medicube-pdrn-pink-peptide-eye-cream-30ml\/","url":"https:\/\/idakorea.ee\/product\/korgefektiivne-silmakreem-medicube-pdrn-pink-peptide-eye-cream-30ml\/","name":"Medicube PDRN Pink Peptide -silm\u00e4nymp\u00e4rysvoide, 30ml - IDA.KOREA","isPartOf":{"@id":"https:\/\/idakorea.ee\/#website"},"primaryImageOfPage":{"@id":"https:\/\/idakorea.ee\/product\/korgefektiivne-silmakreem-medicube-pdrn-pink-peptide-eye-cream-30ml\/#primaryimage"},"image":{"@id":"https:\/\/idakorea.ee\/product\/korgefektiivne-silmakreem-medicube-pdrn-pink-peptide-eye-cream-30ml\/#primaryimage"},"thumbnailUrl":"https:\/\/idakorea.ee\/wp-content\/uploads\/2025\/04\/s-l400-1.jpg","datePublished":"2025-04-04T14:05:38+00:00","dateModified":"2026-03-09T12:49:53+00:00","description":"Medicube PDRN Pink Peptide Eye Cream on eritt\u00e4in tehokas silm\u00e4nymp\u00e4rysvoide, joka auttaa v\u00e4hent\u00e4m\u00e4\u00e4n tummia silm\u00e4nalusia, turvotusta ja ryppyj\u00e4.","breadcrumb":{"@id":"https:\/\/idakorea.ee\/product\/korgefektiivne-silmakreem-medicube-pdrn-pink-peptide-eye-cream-30ml\/#breadcrumb"},"inLanguage":"fi","potentialAction":[{"@type":"ReadAction","target":["https:\/\/idakorea.ee\/product\/korgefektiivne-silmakreem-medicube-pdrn-pink-peptide-eye-cream-30ml\/"]}]},{"@type":"ImageObject","inLanguage":"fi","@id":"https:\/\/idakorea.ee\/product\/korgefektiivne-silmakreem-medicube-pdrn-pink-peptide-eye-cream-30ml\/#primaryimage","url":"https:\/\/idakorea.ee\/wp-content\/uploads\/2025\/04\/s-l400-1.jpg","contentUrl":"https:\/\/idakorea.ee\/wp-content\/uploads\/2025\/04\/s-l400-1.jpg","width":400,"height":400},{"@type":"BreadcrumbList","@id":"https:\/\/idakorea.ee\/product\/korgefektiivne-silmakreem-medicube-pdrn-pink-peptide-eye-cream-30ml\/#breadcrumb","itemListElement":[{"@type":"ListItem","position":1,"name":"\u0413\u043b\u0430\u0432\u043d\u0430\u044f \u0441\u0442\u0440\u0430\u043d\u0438\u0446\u0430","item":"https:\/\/idakorea.ee\/"},{"@type":"ListItem","position":2,"name":"Shop","item":"https:\/\/idakorea.ee\/shop-2\/"},{"@type":"ListItem","position":3,"name":"K\u00f5rgefektiivne silmakreem Medicube PDRN Pink Peptide Eye Cream, 30ml"}]},{"@type":"WebSite","@id":"https:\/\/idakorea.ee\/#website","url":"https:\/\/idakorea.ee\/","name":"IDA.KOREA","description":"Korean kosmetiikan verkkokauppa","publisher":{"@id":"https:\/\/idakorea.ee\/#organization"},"alternateName":"Beauty Shop","potentialAction":[{"@type":"SearchAction","target":{"@type":"EntryPoint","urlTemplate":"https:\/\/idakorea.ee\/?s={search_term_string}"},"query-input":{"@type":"PropertyValueSpecification","valueRequired":true,"valueName":"search_term_string"}}],"inLanguage":"fi"},{"@type":"Organization","@id":"https:\/\/idakorea.ee\/#organization","name":"IDA.KOREA","url":"https:\/\/idakorea.ee\/","logo":{"@type":"ImageObject","inLanguage":"fi","@id":"https:\/\/idakorea.ee\/#\/schema\/logo\/image\/","url":"https:\/\/idakorea.ee\/wp-content\/uploads\/2024\/05\/cropped-korea3.png","contentUrl":"https:\/\/idakorea.ee\/wp-content\/uploads\/2024\/05\/cropped-korea3.png","width":688,"height":126,"caption":"IDA.KOREA"},"image":{"@id":"https:\/\/idakorea.ee\/#\/schema\/logo\/image\/"},"sameAs":["https:\/\/www.instagram.com\/ida.korea\/"]}]}},"jetpack_sharing_enabled":true,"brands":[{"id":490,"name":"MEDICUBE","slug":"medicube"}],"_links":{"self":[{"href":"https:\/\/idakorea.ee\/fi\/wp-json\/wp\/v2\/product\/13412","targetHints":{"allow":["GET"]}}],"collection":[{"href":"https:\/\/idakorea.ee\/fi\/wp-json\/wp\/v2\/product"}],"about":[{"href":"https:\/\/idakorea.ee\/fi\/wp-json\/wp\/v2\/types\/product"}],"replies":[{"embeddable":true,"href":"https:\/\/idakorea.ee\/fi\/wp-json\/wp\/v2\/comments?post=13412"}],"version-history":[{"count":1,"href":"https:\/\/idakorea.ee\/fi\/wp-json\/wp\/v2\/product\/13412\/revisions"}],"predecessor-version":[{"id":13416,"href":"https:\/\/idakorea.ee\/fi\/wp-json\/wp\/v2\/product\/13412\/revisions\/13416"}],"wp:featuredmedia":[{"embeddable":true,"href":"https:\/\/idakorea.ee\/fi\/wp-json\/wp\/v2\/media\/13414"}],"wp:attachment":[{"href":"https:\/\/idakorea.ee\/fi\/wp-json\/wp\/v2\/media?parent=13412"}],"wp:term":[{"taxonomy":"pwb-brand","embeddable":true,"href":"https:\/\/idakorea.ee\/fi\/wp-json\/wp\/v2\/pwb-brand?post=13412"},{"taxonomy":"product_brand","embeddable":true,"href":"https:\/\/idakorea.ee\/fi\/wp-json\/wp\/v2\/product_brand?post=13412"},{"taxonomy":"product_cat","embeddable":true,"href":"https:\/\/idakorea.ee\/fi\/wp-json\/wp\/v2\/product_cat?post=13412"},{"taxonomy":"product_tag","embeddable":true,"href":"https:\/\/idakorea.ee\/fi\/wp-json\/wp\/v2\/product_tag?post=13412"}],"curies":[{"name":"wp","href":"https:\/\/api.w.org\/{rel}","templated":true}]}}