{"id":13424,"date":"2025-04-05T09:39:26","date_gmt":"2025-04-05T07:39:26","guid":{"rendered":"https:\/\/idakorea.ee\/?post_type=product&#038;p=13424"},"modified":"2026-03-21T21:59:54","modified_gmt":"2026-03-21T19:59:54","slug":"vegaanlik-niisutav-kreem-riisipiimaga-goodal-vegan-rice-milk-moisturizing-cream-70ml","status":"publish","type":"product","link":"https:\/\/idakorea.ee\/fi\/product\/vegaanlik-niisutav-kreem-riisipiimaga-goodal-vegan-rice-milk-moisturizing-cream-70ml\/","title":{"rendered":"Goodal Vegaaninen riisimaitoa sis\u00e4lt\u00e4v\u00e4 kosteusvoide, 70ml"},"content":{"rendered":"<p><strong>Goodal Vegan Rice Milk -kosteusvoide \u2013 <\/strong>Vegaaninen kosteusvoide riisimaidolla on valmistettu kokonaan kasvipohjalta. Kierr\u00e4tetyst\u00e4 pakkauksesta t\u00e4ydelliseen koostumukseen, t\u00e4m\u00e4 voide t\u00e4ytt\u00e4\u00e4 nykyaikaiset ekologiset ja turvallisuusvaatimukset.<br \/>\nKliinisesti testattu voide sopii jopa herkimm\u00e4lle iholle ja tarjoaa 24 tunnin syv\u00e4kosteutuksen! Tuore riisiuute ja luomusoijamaito muodostavat t\u00e4ydellisen kosteuttavan yhdistelm\u00e4n.<\/p>\n<p>T\u00e4m\u00e4n ansiosta kerma:<\/p>\n<ul>\n<li>sill\u00e4 on antioksidanttisia ominaisuuksia,<\/li>\n<li>tasoittaa ihon s\u00e4vy\u00e4,<\/li>\n<li>ravitsee syv\u00e4sti,<\/li>\n<li>palauttaa ihon lipidikerroksen, mik\u00e4 auttaa kosteutta pysym\u00e4\u00e4n ihossa ja pit\u00e4m\u00e4\u00e4n sen kosteutettuna pitk\u00e4\u00e4n.<\/li>\n<\/ul>\n<p>Voide auttaa my\u00f6s korjaamaan ihon mikrovaurioita ja nopeuttaa uudistumista suojaten ymp\u00e4rist\u00f6n vaikutuksilta.<\/p>\n<p><strong>Vaikuttavat aineet<\/strong>:<\/p>\n<p><strong>Riisiuute<\/strong><br \/>\nS\u00e4\u00e4telee ihon kosteustasapainoa ja auttaa luomaan suojaavan kerroksen kosteuden s\u00e4ilytt\u00e4miseksi. Taistelee kuivumista vastaan, toimii luonnollisena UV-suodattimena, yll\u00e4pit\u00e4\u00e4 ihon kimmoisuutta, tasoittaa rakennetta ja ehk\u00e4isee ennenaikaista ik\u00e4\u00e4ntymist\u00e4 ja kuivuuden merkkej\u00e4.<\/p>\n<p><strong>Soijamaito<\/strong><br \/>\nTiivistetty vesipohjainen uute parantavista soijapavuista. Ravitsee, kiinteytt\u00e4\u00e4 ja uudistaa ihoa. Runsaasti E-vitamiinia, luonnollista antioksidanttia. Suojaa solukalvoja vapailta radikaaleilta, ehk\u00e4isee ryppyj\u00e4 ja parantaa ihon kimmoisuutta, lievitt\u00e4\u00e4 kuivuutta ja \u00e4rsytyst\u00e4.<\/p>\n<p><strong>Riisilese\u00f6ljy<\/strong><br \/>\nSis\u00e4lt\u00e4\u00e4 E- ja B-vitamiineja sek\u00e4 orytsanolia \u2013 ainetta, joka hidastaa ihon ik\u00e4\u00e4ntymist\u00e4, v\u00e4hent\u00e4\u00e4 rasvaista kiiltoa ja pehment\u00e4\u00e4 ihoa. Ravitsee, ehk\u00e4isee kuivumista ja hilseily\u00e4, suojaa UV-s\u00e4teilylt\u00e4.<\/p>\n<p>&nbsp;<\/p>\n<p><strong>Goodal-riisikerma \u2013 kest\u00e4v\u00e4 valinta<\/strong><\/p>\n<p>Voiteen ymp\u00e4rist\u00f6yst\u00e4v\u00e4llinen pakkaus on valmistettu kierr\u00e4tetyist\u00e4 muoviastioista ja paperikoteloista. Pakkaus on valmistettu 100%-sokeriruokopaperista ja painettu soijamusteella. T\u00e4m\u00e4 heijastaa korealaisten tuotemerkkien huolenpitoa luonnosta - Gooda ei ole poikkeus!<\/p>\n<p>Tuotemerkki poistaa kokonaan 18 iholle haitallista ainesosaa.<br \/>\nVoiteella on silkkisen pehme\u00e4 ja ravitseva koostumus, joka suojaa ihoa kaupunkiymp\u00e4rist\u00f6n haitallisilta vaikutuksilta. Se imeytyy nopeasti ja kosteuttaa ihoa syv\u00e4lt\u00e4 jopa 24 tuntia. Hajusteeton.<\/p>\n<p>&nbsp;<\/p>\n<p><strong>Muut vaikuttavat aineet<\/strong>:<\/p>\n<p><strong>Keramidi NP<\/strong><br \/>\nT\u00e4rke\u00e4 ihon rakenneosa, joka palauttaa ja vahvistaa ihon suojakerrosta, est\u00e4\u00e4 kosteuden haihtumista, parantaa kimmoisuutta ja aktivoi uusiutumisprosesseja.<\/p>\n<p><strong>Tokoferoli (E-vitamiini)<\/strong><br \/>\nRasvaliukoinen antioksidantti, joka suojaa soluja elastiinin ja kollageenin hajoamiselta. Silottaa ja kiinteytt\u00e4\u00e4 ihoa, lievitt\u00e4\u00e4 allergisia reaktioita ja v\u00e4hent\u00e4\u00e4 aknea.<\/p>\n<p>&nbsp;<\/p>\n<p>Sopii kaikille ihotyypeille.<\/p>\n<ul>\n<li>kuivalle, herk\u00e4lle ja kosteusk\u00f6yh\u00e4lle iholle<\/li>\n<li>ep\u00e4tasaiselle ihons\u00e4vylle ja samealle iholle<\/li>\n<li>vaurioituneelle iholle<\/li>\n<li>ik\u00e4\u00e4ntymisen merkkien ehk\u00e4isemiseksi<\/li>\n<\/ul>\n<p><strong>K\u00e4ytt\u00f6<\/strong>Kasvoveden tai seerumin k\u00e4yt\u00f6n j\u00e4lkeen (\u00e4l\u00e4 odota edellisen tuotteen imeytymist\u00e4 kokonaan) levit\u00e4 pieni m\u00e4\u00e4r\u00e4 voidetta kasvoille ja hiero kevyesti.<br \/>\nK\u00e4yt\u00e4 aamuin ja illoin.<\/p>\n<p>&nbsp;<\/p>","protected":false},"excerpt":{"rendered":"<p>Goodal Vegan Rice Milk Moisturizing Cream - Vegaaninen riisimaitoa sis\u00e4lt\u00e4v\u00e4 kosteusvoide on t\u00e4ysin kasviper\u00e4inen. Kierr\u00e4tyspakkauksesta t\u00e4ydelliseen koostumukseen, t\u00e4m\u00e4 voide t\u00e4ytt\u00e4\u00e4 nykyp\u00e4iv\u00e4n ekologiset ja turvallisuusstandardit. Kliinisesti testattu sen varmistamiseksi, ett\u00e4 se sopii herkimm\u00e4llekin iholle ja tarjoaa 24 tunnin syv\u00e4kosteutuksen! Tuore riisiuute ja orgaaninen soijamaito muodostavat t\u00e4ydellisen kosteuttavan tandemin.....<\/p>","protected":false},"featured_media":13425,"comment_status":"open","ping_status":"closed","template":"","meta":{"_uf_show_specific_survey":0,"_uf_disable_surveys":false,"_bst_post_transparent":"default","_bst_post_title":"","_bst_post_layout":"default","_bst_post_sidebar_id":"","_bst_post_content_style":"default","_bst_post_vertical_padding":"default","_bst_post_feature":"","_bst_post_feature_position":"","_bst_post_header":false,"_bst_post_footer":false},"pwb-brand":[858],"product_brand":[],"product_cat":[92,96],"product_tag":[674,859,828],"class_list":{"0":"post-13424","1":"product","2":"type-product","3":"status-publish","4":"has-post-thumbnail","6":"pwb-brand-goodal","7":"product_cat-nagu","8":"product_cat-naokreemid","9":"product_tag-ceramide","10":"product_tag-goodal","11":"product_tag-rice","13":"first","14":"instock","15":"sale","16":"shipping-taxable","17":"purchasable","18":"product-type-simple","19":"entry","20":"content-bg","21":"loop-entry"},"supplier_id":null,"supplier_sku":"","barcode":null,"atum_controlled":true,"out_stock_date":null,"out_stock_threshold":null,"inheritable":false,"inbound_stock":0,"stock_on_hold":0,"sold_today":0,"sales_last_days":0,"out_stock_days":0,"lost_sales":0,"has_location":false,"update_date":"2026-04-14T00:05:04","atum_locations":[],"atum_stock_status":"instock","restock_status":false,"low_stock_amount":"","sales_update_date":"2026-04-14T00:05:04","calc_backorders":null,"yoast_head":"<!-- This site is optimized with the Yoast SEO plugin v27.2 - https:\/\/yoast.com\/product\/yoast-seo-wordpress\/ -->\n<title>Goodal Vegan Rice Milk Moisturizing Cream, 70ml - IDA.KOREA<\/title>\n<meta name=\"description\" content=\"Goodal Vegan Rice Milk Moisturizing Cream - vegaanlik niisutav kreem riisipiimaga on t\u00e4ielikult taimsel baasil loodud. - Kiire tarne!\" \/>\n<meta name=\"robots\" content=\"index, follow, max-snippet:-1, max-image-preview:large, max-video-preview:-1\" \/>\n<link rel=\"canonical\" href=\"https:\/\/idakorea.ee\/fi\/product\/vegaanlik-niisutav-kreem-riisipiimaga-goodal-vegan-rice-milk-moisturizing-cream-70ml\/\" \/>\n<meta property=\"og:locale\" content=\"fi_FI\" \/>\n<meta property=\"og:type\" content=\"article\" \/>\n<meta property=\"og:title\" content=\"Goodal Vegan Rice Milk Moisturizing Cream, 70ml - IDA.KOREA\" \/>\n<meta property=\"og:description\" content=\"Goodal Vegan Rice Milk Moisturizing Cream - vegaanlik niisutav kreem riisipiimaga on t\u00e4ielikult taimsel baasil loodud. - Kiire tarne!\" \/>\n<meta property=\"og:url\" content=\"https:\/\/idakorea.ee\/fi\/product\/vegaanlik-niisutav-kreem-riisipiimaga-goodal-vegan-rice-milk-moisturizing-cream-70ml\/\" \/>\n<meta property=\"og:site_name\" content=\"IDA.KOREA\" \/>\n<meta property=\"article:modified_time\" content=\"2026-03-21T19:59:54+00:00\" \/>\n<meta property=\"og:image\" content=\"https:\/\/idakorea.ee\/wp-content\/uploads\/2025\/04\/goodal-vegan-rice-milk-moisturizing-cream-idakorea.webp\" \/>\n\t<meta property=\"og:image:width\" content=\"800\" \/>\n\t<meta property=\"og:image:height\" content=\"800\" \/>\n\t<meta property=\"og:image:type\" content=\"image\/webp\" \/>\n<meta name=\"twitter:card\" content=\"summary_large_image\" \/>\n<meta name=\"twitter:label1\" content=\"Arvioitu lukuaika\" \/>\n\t<meta name=\"twitter:data1\" content=\"3 minuuttia\" \/>\n<script type=\"application\/ld+json\" class=\"yoast-schema-graph\">{\"@context\":\"https:\/\/schema.org\",\"@graph\":[{\"@type\":\"WebPage\",\"@id\":\"https:\/\/idakorea.ee\/product\/vegaanlik-niisutav-kreem-riisipiimaga-goodal-vegan-rice-milk-moisturizing-cream-70ml\/\",\"url\":\"https:\/\/idakorea.ee\/product\/vegaanlik-niisutav-kreem-riisipiimaga-goodal-vegan-rice-milk-moisturizing-cream-70ml\/\",\"name\":\"Goodal Vegan Rice Milk Moisturizing Cream, 70ml - IDA.KOREA\",\"isPartOf\":{\"@id\":\"https:\/\/idakorea.ee\/#website\"},\"primaryImageOfPage\":{\"@id\":\"https:\/\/idakorea.ee\/product\/vegaanlik-niisutav-kreem-riisipiimaga-goodal-vegan-rice-milk-moisturizing-cream-70ml\/#primaryimage\"},\"image\":{\"@id\":\"https:\/\/idakorea.ee\/product\/vegaanlik-niisutav-kreem-riisipiimaga-goodal-vegan-rice-milk-moisturizing-cream-70ml\/#primaryimage\"},\"thumbnailUrl\":\"https:\/\/idakorea.ee\/wp-content\/uploads\/2025\/04\/goodal-vegan-rice-milk-moisturizing-cream-idakorea.webp\",\"datePublished\":\"2025-04-05T07:39:26+00:00\",\"dateModified\":\"2026-03-21T19:59:54+00:00\",\"description\":\"Goodal Vegan Rice Milk Moisturizing Cream - vegaanlik niisutav kreem riisipiimaga on t\u00e4ielikult taimsel baasil loodud. - Kiire tarne!\",\"breadcrumb\":{\"@id\":\"https:\/\/idakorea.ee\/product\/vegaanlik-niisutav-kreem-riisipiimaga-goodal-vegan-rice-milk-moisturizing-cream-70ml\/#breadcrumb\"},\"inLanguage\":\"fi\",\"potentialAction\":[{\"@type\":\"ReadAction\",\"target\":[\"https:\/\/idakorea.ee\/product\/vegaanlik-niisutav-kreem-riisipiimaga-goodal-vegan-rice-milk-moisturizing-cream-70ml\/\"]}]},{\"@type\":\"ImageObject\",\"inLanguage\":\"fi\",\"@id\":\"https:\/\/idakorea.ee\/product\/vegaanlik-niisutav-kreem-riisipiimaga-goodal-vegan-rice-milk-moisturizing-cream-70ml\/#primaryimage\",\"url\":\"https:\/\/idakorea.ee\/wp-content\/uploads\/2025\/04\/goodal-vegan-rice-milk-moisturizing-cream-idakorea.webp\",\"contentUrl\":\"https:\/\/idakorea.ee\/wp-content\/uploads\/2025\/04\/goodal-vegan-rice-milk-moisturizing-cream-idakorea.webp\",\"width\":800,\"height\":800},{\"@type\":\"BreadcrumbList\",\"@id\":\"https:\/\/idakorea.ee\/product\/vegaanlik-niisutav-kreem-riisipiimaga-goodal-vegan-rice-milk-moisturizing-cream-70ml\/#breadcrumb\",\"itemListElement\":[{\"@type\":\"ListItem\",\"position\":1,\"name\":\"\u0413\u043b\u0430\u0432\u043d\u0430\u044f \u0441\u0442\u0440\u0430\u043d\u0438\u0446\u0430\",\"item\":\"https:\/\/idakorea.ee\/\"},{\"@type\":\"ListItem\",\"position\":2,\"name\":\"Shop\",\"item\":\"https:\/\/idakorea.ee\/shop-2\/\"},{\"@type\":\"ListItem\",\"position\":3,\"name\":\"Vegaanlik niisutav kreem riisipiimaga Goodal Vegan Rice Milk Moisturizing Cream, 70ml\"}]},{\"@type\":\"WebSite\",\"@id\":\"https:\/\/idakorea.ee\/#website\",\"url\":\"https:\/\/idakorea.ee\/\",\"name\":\"IDA.KOREA\",\"description\":\"Korea kosmeetika e-pood\",\"publisher\":{\"@id\":\"https:\/\/idakorea.ee\/#organization\"},\"alternateName\":\"Beauty Shop\",\"potentialAction\":[{\"@type\":\"SearchAction\",\"target\":{\"@type\":\"EntryPoint\",\"urlTemplate\":\"https:\/\/idakorea.ee\/?s={search_term_string}\"},\"query-input\":{\"@type\":\"PropertyValueSpecification\",\"valueRequired\":true,\"valueName\":\"search_term_string\"}}],\"inLanguage\":\"fi\"},{\"@type\":\"Organization\",\"@id\":\"https:\/\/idakorea.ee\/#organization\",\"name\":\"IDA.KOREA\",\"url\":\"https:\/\/idakorea.ee\/\",\"logo\":{\"@type\":\"ImageObject\",\"inLanguage\":\"fi\",\"@id\":\"https:\/\/idakorea.ee\/#\/schema\/logo\/image\/\",\"url\":\"https:\/\/idakorea.ee\/wp-content\/uploads\/2024\/05\/cropped-korea3.png\",\"contentUrl\":\"https:\/\/idakorea.ee\/wp-content\/uploads\/2024\/05\/cropped-korea3.png\",\"width\":688,\"height\":126,\"caption\":\"IDA.KOREA\"},\"image\":{\"@id\":\"https:\/\/idakorea.ee\/#\/schema\/logo\/image\/\"},\"sameAs\":[\"https:\/\/www.instagram.com\/ida.korea\/\"]}]}<\/script>\n<!-- \/ Yoast SEO plugin. -->","yoast_head_json":{"title":"Goodal Vegan Rice Milk -kosteusvoide, 70ml - IDA.KOREA","description":"Goodal Vegan Rice Milk Moisturizing Cream - vegaaninen kosteusvoide riisimaidolla on t\u00e4ysin kasvipohjainen. - Nopea toimitus!","robots":{"index":"index","follow":"follow","max-snippet":"max-snippet:-1","max-image-preview":"max-image-preview:large","max-video-preview":"max-video-preview:-1"},"canonical":"https:\/\/idakorea.ee\/fi\/product\/vegaanlik-niisutav-kreem-riisipiimaga-goodal-vegan-rice-milk-moisturizing-cream-70ml\/","og_locale":"fi_FI","og_type":"article","og_title":"Goodal Vegan Rice Milk Moisturizing Cream, 70ml - IDA.KOREA","og_description":"Goodal Vegan Rice Milk Moisturizing Cream - vegaanlik niisutav kreem riisipiimaga on t\u00e4ielikult taimsel baasil loodud. - Kiire tarne!","og_url":"https:\/\/idakorea.ee\/fi\/product\/vegaanlik-niisutav-kreem-riisipiimaga-goodal-vegan-rice-milk-moisturizing-cream-70ml\/","og_site_name":"IDA.KOREA","article_modified_time":"2026-03-21T19:59:54+00:00","og_image":[{"width":800,"height":800,"url":"https:\/\/idakorea.ee\/wp-content\/uploads\/2025\/04\/goodal-vegan-rice-milk-moisturizing-cream-idakorea.webp","type":"image\/webp"}],"twitter_card":"summary_large_image","twitter_misc":{"Arvioitu lukuaika":"3 minuuttia"},"schema":{"@context":"https:\/\/schema.org","@graph":[{"@type":"WebPage","@id":"https:\/\/idakorea.ee\/product\/vegaanlik-niisutav-kreem-riisipiimaga-goodal-vegan-rice-milk-moisturizing-cream-70ml\/","url":"https:\/\/idakorea.ee\/product\/vegaanlik-niisutav-kreem-riisipiimaga-goodal-vegan-rice-milk-moisturizing-cream-70ml\/","name":"Goodal Vegan Rice Milk -kosteusvoide, 70ml - IDA.KOREA","isPartOf":{"@id":"https:\/\/idakorea.ee\/#website"},"primaryImageOfPage":{"@id":"https:\/\/idakorea.ee\/product\/vegaanlik-niisutav-kreem-riisipiimaga-goodal-vegan-rice-milk-moisturizing-cream-70ml\/#primaryimage"},"image":{"@id":"https:\/\/idakorea.ee\/product\/vegaanlik-niisutav-kreem-riisipiimaga-goodal-vegan-rice-milk-moisturizing-cream-70ml\/#primaryimage"},"thumbnailUrl":"https:\/\/idakorea.ee\/wp-content\/uploads\/2025\/04\/goodal-vegan-rice-milk-moisturizing-cream-idakorea.webp","datePublished":"2025-04-05T07:39:26+00:00","dateModified":"2026-03-21T19:59:54+00:00","description":"Goodal Vegan Rice Milk Moisturizing Cream - vegaaninen kosteusvoide riisimaidolla on t\u00e4ysin kasvipohjainen. - Nopea toimitus!","breadcrumb":{"@id":"https:\/\/idakorea.ee\/product\/vegaanlik-niisutav-kreem-riisipiimaga-goodal-vegan-rice-milk-moisturizing-cream-70ml\/#breadcrumb"},"inLanguage":"fi","potentialAction":[{"@type":"ReadAction","target":["https:\/\/idakorea.ee\/product\/vegaanlik-niisutav-kreem-riisipiimaga-goodal-vegan-rice-milk-moisturizing-cream-70ml\/"]}]},{"@type":"ImageObject","inLanguage":"fi","@id":"https:\/\/idakorea.ee\/product\/vegaanlik-niisutav-kreem-riisipiimaga-goodal-vegan-rice-milk-moisturizing-cream-70ml\/#primaryimage","url":"https:\/\/idakorea.ee\/wp-content\/uploads\/2025\/04\/goodal-vegan-rice-milk-moisturizing-cream-idakorea.webp","contentUrl":"https:\/\/idakorea.ee\/wp-content\/uploads\/2025\/04\/goodal-vegan-rice-milk-moisturizing-cream-idakorea.webp","width":800,"height":800},{"@type":"BreadcrumbList","@id":"https:\/\/idakorea.ee\/product\/vegaanlik-niisutav-kreem-riisipiimaga-goodal-vegan-rice-milk-moisturizing-cream-70ml\/#breadcrumb","itemListElement":[{"@type":"ListItem","position":1,"name":"\u0413\u043b\u0430\u0432\u043d\u0430\u044f \u0441\u0442\u0440\u0430\u043d\u0438\u0446\u0430","item":"https:\/\/idakorea.ee\/"},{"@type":"ListItem","position":2,"name":"Shop","item":"https:\/\/idakorea.ee\/shop-2\/"},{"@type":"ListItem","position":3,"name":"Vegaanlik niisutav kreem riisipiimaga Goodal Vegan Rice Milk Moisturizing Cream, 70ml"}]},{"@type":"WebSite","@id":"https:\/\/idakorea.ee\/#website","url":"https:\/\/idakorea.ee\/","name":"IDA.KOREA","description":"Korean kosmetiikan verkkokauppa","publisher":{"@id":"https:\/\/idakorea.ee\/#organization"},"alternateName":"Beauty Shop","potentialAction":[{"@type":"SearchAction","target":{"@type":"EntryPoint","urlTemplate":"https:\/\/idakorea.ee\/?s={search_term_string}"},"query-input":{"@type":"PropertyValueSpecification","valueRequired":true,"valueName":"search_term_string"}}],"inLanguage":"fi"},{"@type":"Organization","@id":"https:\/\/idakorea.ee\/#organization","name":"IDA.KOREA","url":"https:\/\/idakorea.ee\/","logo":{"@type":"ImageObject","inLanguage":"fi","@id":"https:\/\/idakorea.ee\/#\/schema\/logo\/image\/","url":"https:\/\/idakorea.ee\/wp-content\/uploads\/2024\/05\/cropped-korea3.png","contentUrl":"https:\/\/idakorea.ee\/wp-content\/uploads\/2024\/05\/cropped-korea3.png","width":688,"height":126,"caption":"IDA.KOREA"},"image":{"@id":"https:\/\/idakorea.ee\/#\/schema\/logo\/image\/"},"sameAs":["https:\/\/www.instagram.com\/ida.korea\/"]}]}},"jetpack_sharing_enabled":true,"brands":[{"id":858,"name":"GOODAL","slug":"goodal"}],"_links":{"self":[{"href":"https:\/\/idakorea.ee\/fi\/wp-json\/wp\/v2\/product\/13424","targetHints":{"allow":["GET"]}}],"collection":[{"href":"https:\/\/idakorea.ee\/fi\/wp-json\/wp\/v2\/product"}],"about":[{"href":"https:\/\/idakorea.ee\/fi\/wp-json\/wp\/v2\/types\/product"}],"replies":[{"embeddable":true,"href":"https:\/\/idakorea.ee\/fi\/wp-json\/wp\/v2\/comments?post=13424"}],"version-history":[{"count":1,"href":"https:\/\/idakorea.ee\/fi\/wp-json\/wp\/v2\/product\/13424\/revisions"}],"predecessor-version":[{"id":13429,"href":"https:\/\/idakorea.ee\/fi\/wp-json\/wp\/v2\/product\/13424\/revisions\/13429"}],"wp:featuredmedia":[{"embeddable":true,"href":"https:\/\/idakorea.ee\/fi\/wp-json\/wp\/v2\/media\/13425"}],"wp:attachment":[{"href":"https:\/\/idakorea.ee\/fi\/wp-json\/wp\/v2\/media?parent=13424"}],"wp:term":[{"taxonomy":"pwb-brand","embeddable":true,"href":"https:\/\/idakorea.ee\/fi\/wp-json\/wp\/v2\/pwb-brand?post=13424"},{"taxonomy":"product_brand","embeddable":true,"href":"https:\/\/idakorea.ee\/fi\/wp-json\/wp\/v2\/product_brand?post=13424"},{"taxonomy":"product_cat","embeddable":true,"href":"https:\/\/idakorea.ee\/fi\/wp-json\/wp\/v2\/product_cat?post=13424"},{"taxonomy":"product_tag","embeddable":true,"href":"https:\/\/idakorea.ee\/fi\/wp-json\/wp\/v2\/product_tag?post=13424"}],"curies":[{"name":"wp","href":"https:\/\/api.w.org\/{rel}","templated":true}]}}