{"id":13433,"date":"2025-04-05T14:42:10","date_gmt":"2025-04-05T12:42:10","guid":{"rendered":"https:\/\/idakorea.ee\/?post_type=product&#038;p=13433"},"modified":"2026-02-18T09:57:36","modified_gmt":"2026-02-18T07:57:36","slug":"komplekt-dr-ceuracle-vegan-kombucha-tea-beginner-set","status":"publish","type":"product","link":"https:\/\/idakorea.ee\/fi\/product\/komplekt-dr-ceuracle-vegan-kombucha-tea-beginner-set\/","title":{"rendered":"Set Dr.Ceuracle Vegaaninen Kombucha tee aloittelijoiden setti"},"content":{"rendered":"<p><strong>Dr.Ceuracle Vegaaninen Kombucha tee aloittelijoiden setti<\/strong>\u00a0on hoitosarja kaikille ihotyypeille. Setti sis\u00e4lt\u00e4\u00e4 voide-essanssin (50 ml) ja geelivoiteen (30 ml), joka perustuu fermentoituun mustan teen uutteeseen, joka sis\u00e4lt\u00e4\u00e4 runsaasti probiootteja ja B-vitamiinia. Se sopii kaikille ihotyypeille. Komponentti palauttaa elastiini- ja kollageenikuituja, vahvistaa ihon vastustuskyky\u00e4, torjuu ryppyj\u00e4, tasoittaa ihon s\u00e4vy\u00e4 ja sill\u00e4 on yleinen nuorentava vaikutus.<\/p>\n<p><strong>Vegaaninen Kombucha Tea Essence<\/strong>\u00a0- monik\u00e4ytt\u00f6inen hoitotuote. Sen aktiiviset ainesosat kosteuttavat, suojaavat antioksidanttisesti ja suojaavat ihoa koko p\u00e4iv\u00e4n ajan. Kombucha-uutteen ydin on probioottien l\u00e4hde, joka uudistaa ihoa stimuloiden kollageenin ja elastiinin tuotantoa. Vihre\u00e4n teen lehdet tarjoavat voimakkaan antioksidanttisuojan, joka torjuu ik\u00e4\u00e4ntymisen merkkej\u00e4. Hiivauute ravitsee, kosteuttaa, pehment\u00e4\u00e4 ja nopeuttaa ihon uudistumista. Hyaluronihappo kosteuttaa ihoa ja v\u00e4hent\u00e4\u00e4 juonteita.<\/p>\n<p><strong>Vegaaninen Kombucha tee-geelivoide<\/strong>\u00a0- sill\u00e4 on detoksifioivia ominaisuuksia ja se auttaa tehokkaasti ehk\u00e4isem\u00e4\u00e4n ik\u00e4\u00e4ntymist\u00e4. Miellytt\u00e4v\u00e4n kevyen koostumuksen omaava tuote sis\u00e4lt\u00e4\u00e4 v\u00e4ltt\u00e4m\u00e4tt\u00f6mi\u00e4 antioksidantteja ja prebiootteja, jotka tukevat ihon immuunibarrieria ja suojaavat patogeeneilt\u00e4 ja haitallisilta ymp\u00e4rist\u00f6vaikutuksilta. Hyaluronihapolla ja niasiiniamidilla rikastettu koostumus kosteuttaa kudoksia, silottaa, tasoittaa ihohuokosia ja ihon rakennetta, parantaa ihon s\u00e4vy\u00e4 ja sill\u00e4 on tulehdusta ehk\u00e4isevi\u00e4 ominaisuuksia.<\/p>\n<p>&nbsp;<\/p>\n<p><strong>K\u00e4ytt\u00f6:<\/strong><\/p>\n<p><strong>Essentit: <\/strong>Ravista pulloa hyvin ennen k\u00e4ytt\u00f6\u00e4. Levit\u00e4 puhdistetuille kasvoille ja taputtele kevyesti, kunnes se on t\u00e4ysin imeytynyt. <strong style=\"font-family: var(--global-body-font-family);\">Geelivoide: <\/strong><span style=\"font-family: var(--global-body-font-family);\">Levit\u00e4 tasaisesti puhdistetulle iholle kevyin hierovin liikkein. <\/span><span style=\"font-family: var(--global-body-font-family);\">Jatka hierontaa, kunnes tuote on t\u00e4ysin imeytynyt.<\/span><\/p>","protected":false},"excerpt":{"rendered":"<p>Dr.Ceuracle Vegan Kombucha Tea Beginner Set on ihonhoitosarja kaikille ihotyypeille. Setti sis\u00e4lt\u00e4\u00e4 voide-esanssin (50 ml) ja geelivoiteen (30 ml), joka perustuu fermentoituun mustan teen uutteeseen, joka sis\u00e4lt\u00e4\u00e4 runsaasti probiootteja ja B-vitamiineja. Ainesosa palauttaa elastiini- ja kollageenikuituja, vahvistaa ihon vastustuskyky\u00e4, torjuu ryppyj\u00e4, tasoittaa ihon s\u00e4vy\u00e4 ja vaikuttaa yleisesti nuorentavasti. Vegaaninen Kombucha Tea Essence -...<\/p>","protected":false},"featured_media":13434,"comment_status":"open","ping_status":"closed","template":"","meta":{"_uf_show_specific_survey":0,"_uf_disable_surveys":false,"_bst_post_transparent":"default","_bst_post_title":"","_bst_post_layout":"default","_bst_post_sidebar_id":"","_bst_post_content_style":"default","_bst_post_vertical_padding":"default","_bst_post_feature":"","_bst_post_feature_position":"","_bst_post_header":false,"_bst_post_footer":false},"pwb-brand":[481],"product_brand":[],"product_cat":[95],"product_tag":[],"class_list":{"0":"post-13433","1":"product","2":"type-product","3":"status-publish","4":"has-post-thumbnail","6":"pwb-brand-dr-ceuracle","7":"product_cat-komplektid","9":"first","10":"instock","11":"sale","12":"shipping-taxable","13":"purchasable","14":"product-type-simple","15":"entry","16":"content-bg","17":"loop-entry"},"supplier_id":null,"supplier_sku":"","barcode":null,"atum_controlled":true,"out_stock_date":null,"out_stock_threshold":null,"inheritable":false,"inbound_stock":0,"stock_on_hold":0,"sold_today":0,"sales_last_days":0,"out_stock_days":0,"lost_sales":0,"has_location":false,"update_date":"2026-04-14T00:05:04","atum_locations":[],"atum_stock_status":"instock","restock_status":false,"low_stock_amount":"","sales_update_date":"2026-04-14T00:05:04","calc_backorders":null,"yoast_head":"<!-- This site is optimized with the Yoast SEO plugin v27.2 - https:\/\/yoast.com\/product\/yoast-seo-wordpress\/ -->\n<title>Dr.Ceuracle Vegan Kombucha Tea Beginner Set - IDA.KOREA<\/title>\n<meta name=\"description\" content=\"Komplekti kuuluvad kreem-essents (50 ml) ja geel-kreem (30 ml), mis p\u00f5hinevad fermenteeritud musta tee ekstraktil, mis on rikas probiootikumide ja B-vitamiini poolest.\" \/>\n<meta name=\"robots\" content=\"index, follow, max-snippet:-1, max-image-preview:large, max-video-preview:-1\" \/>\n<link rel=\"canonical\" href=\"https:\/\/idakorea.ee\/fi\/product\/komplekt-dr-ceuracle-vegan-kombucha-tea-beginner-set\/\" \/>\n<meta property=\"og:locale\" content=\"fi_FI\" \/>\n<meta property=\"og:type\" content=\"article\" \/>\n<meta property=\"og:title\" content=\"Dr.Ceuracle Vegan Kombucha Tea Beginner Set - IDA.KOREA\" \/>\n<meta property=\"og:description\" content=\"Komplekti kuuluvad kreem-essents (50 ml) ja geel-kreem (30 ml), mis p\u00f5hinevad fermenteeritud musta tee ekstraktil, mis on rikas probiootikumide ja B-vitamiini poolest.\" \/>\n<meta property=\"og:url\" content=\"https:\/\/idakorea.ee\/fi\/product\/komplekt-dr-ceuracle-vegan-kombucha-tea-beginner-set\/\" \/>\n<meta property=\"og:site_name\" content=\"IDA.KOREA\" \/>\n<meta property=\"article:modified_time\" content=\"2026-02-18T07:57:36+00:00\" \/>\n<meta property=\"og:image\" content=\"https:\/\/idakorea.ee\/wp-content\/uploads\/2025\/04\/dr_ceuracle_vegan_kombucha_tea_beginning_set_idakorea.webp\" \/>\n\t<meta property=\"og:image:width\" content=\"1600\" \/>\n\t<meta property=\"og:image:height\" content=\"1600\" \/>\n\t<meta property=\"og:image:type\" content=\"image\/webp\" \/>\n<meta name=\"twitter:card\" content=\"summary_large_image\" \/>\n<meta name=\"twitter:label1\" content=\"Arvioitu lukuaika\" \/>\n\t<meta name=\"twitter:data1\" content=\"2 minuuttia\" \/>\n<script type=\"application\/ld+json\" class=\"yoast-schema-graph\">{\"@context\":\"https:\/\/schema.org\",\"@graph\":[{\"@type\":\"WebPage\",\"@id\":\"https:\/\/idakorea.ee\/product\/komplekt-dr-ceuracle-vegan-kombucha-tea-beginner-set\/\",\"url\":\"https:\/\/idakorea.ee\/product\/komplekt-dr-ceuracle-vegan-kombucha-tea-beginner-set\/\",\"name\":\"Dr.Ceuracle Vegan Kombucha Tea Beginner Set - IDA.KOREA\",\"isPartOf\":{\"@id\":\"https:\/\/idakorea.ee\/#website\"},\"primaryImageOfPage\":{\"@id\":\"https:\/\/idakorea.ee\/product\/komplekt-dr-ceuracle-vegan-kombucha-tea-beginner-set\/#primaryimage\"},\"image\":{\"@id\":\"https:\/\/idakorea.ee\/product\/komplekt-dr-ceuracle-vegan-kombucha-tea-beginner-set\/#primaryimage\"},\"thumbnailUrl\":\"https:\/\/idakorea.ee\/wp-content\/uploads\/2025\/04\/dr_ceuracle_vegan_kombucha_tea_beginning_set_idakorea.webp\",\"datePublished\":\"2025-04-05T12:42:10+00:00\",\"dateModified\":\"2026-02-18T07:57:36+00:00\",\"description\":\"Komplekti kuuluvad kreem-essents (50 ml) ja geel-kreem (30 ml), mis p\u00f5hinevad fermenteeritud musta tee ekstraktil, mis on rikas probiootikumide ja B-vitamiini poolest.\",\"breadcrumb\":{\"@id\":\"https:\/\/idakorea.ee\/product\/komplekt-dr-ceuracle-vegan-kombucha-tea-beginner-set\/#breadcrumb\"},\"inLanguage\":\"fi\",\"potentialAction\":[{\"@type\":\"ReadAction\",\"target\":[\"https:\/\/idakorea.ee\/product\/komplekt-dr-ceuracle-vegan-kombucha-tea-beginner-set\/\"]}]},{\"@type\":\"ImageObject\",\"inLanguage\":\"fi\",\"@id\":\"https:\/\/idakorea.ee\/product\/komplekt-dr-ceuracle-vegan-kombucha-tea-beginner-set\/#primaryimage\",\"url\":\"https:\/\/idakorea.ee\/wp-content\/uploads\/2025\/04\/dr_ceuracle_vegan_kombucha_tea_beginning_set_idakorea.webp\",\"contentUrl\":\"https:\/\/idakorea.ee\/wp-content\/uploads\/2025\/04\/dr_ceuracle_vegan_kombucha_tea_beginning_set_idakorea.webp\",\"width\":1600,\"height\":1600},{\"@type\":\"BreadcrumbList\",\"@id\":\"https:\/\/idakorea.ee\/product\/komplekt-dr-ceuracle-vegan-kombucha-tea-beginner-set\/#breadcrumb\",\"itemListElement\":[{\"@type\":\"ListItem\",\"position\":1,\"name\":\"\u0413\u043b\u0430\u0432\u043d\u0430\u044f \u0441\u0442\u0440\u0430\u043d\u0438\u0446\u0430\",\"item\":\"https:\/\/idakorea.ee\/\"},{\"@type\":\"ListItem\",\"position\":2,\"name\":\"Shop\",\"item\":\"https:\/\/idakorea.ee\/shop-2\/\"},{\"@type\":\"ListItem\",\"position\":3,\"name\":\"Komplekt Dr.Ceuracle Vegan Kombucha Tea Beginner Set\"}]},{\"@type\":\"WebSite\",\"@id\":\"https:\/\/idakorea.ee\/#website\",\"url\":\"https:\/\/idakorea.ee\/\",\"name\":\"IDA.KOREA\",\"description\":\"Korea kosmeetika e-pood\",\"publisher\":{\"@id\":\"https:\/\/idakorea.ee\/#organization\"},\"alternateName\":\"Beauty Shop\",\"potentialAction\":[{\"@type\":\"SearchAction\",\"target\":{\"@type\":\"EntryPoint\",\"urlTemplate\":\"https:\/\/idakorea.ee\/?s={search_term_string}\"},\"query-input\":{\"@type\":\"PropertyValueSpecification\",\"valueRequired\":true,\"valueName\":\"search_term_string\"}}],\"inLanguage\":\"fi\"},{\"@type\":\"Organization\",\"@id\":\"https:\/\/idakorea.ee\/#organization\",\"name\":\"IDA.KOREA\",\"url\":\"https:\/\/idakorea.ee\/\",\"logo\":{\"@type\":\"ImageObject\",\"inLanguage\":\"fi\",\"@id\":\"https:\/\/idakorea.ee\/#\/schema\/logo\/image\/\",\"url\":\"https:\/\/idakorea.ee\/wp-content\/uploads\/2024\/05\/cropped-korea3.png\",\"contentUrl\":\"https:\/\/idakorea.ee\/wp-content\/uploads\/2024\/05\/cropped-korea3.png\",\"width\":688,\"height\":126,\"caption\":\"IDA.KOREA\"},\"image\":{\"@id\":\"https:\/\/idakorea.ee\/#\/schema\/logo\/image\/\"},\"sameAs\":[\"https:\/\/www.instagram.com\/ida.korea\/\"]}]}<\/script>\n<!-- \/ Yoast SEO plugin. -->","yoast_head_json":{"title":"Dr.Ceuracle Vegaaninen Kombucha-tee aloittelijan setti - EAST.KOREA","description":"Setti sis\u00e4lt\u00e4\u00e4 voidemaisen essenssin (50 ml) ja geelim\u00e4isen voiteen (30 ml), jotka perustuvat fermentoituun mustan teen uutteeseen, joka on runsaasti probiootteja ja B-vitamiinia.","robots":{"index":"index","follow":"follow","max-snippet":"max-snippet:-1","max-image-preview":"max-image-preview:large","max-video-preview":"max-video-preview:-1"},"canonical":"https:\/\/idakorea.ee\/fi\/product\/komplekt-dr-ceuracle-vegan-kombucha-tea-beginner-set\/","og_locale":"fi_FI","og_type":"article","og_title":"Dr.Ceuracle Vegan Kombucha Tea Beginner Set - IDA.KOREA","og_description":"Komplekti kuuluvad kreem-essents (50 ml) ja geel-kreem (30 ml), mis p\u00f5hinevad fermenteeritud musta tee ekstraktil, mis on rikas probiootikumide ja B-vitamiini poolest.","og_url":"https:\/\/idakorea.ee\/fi\/product\/komplekt-dr-ceuracle-vegan-kombucha-tea-beginner-set\/","og_site_name":"IDA.KOREA","article_modified_time":"2026-02-18T07:57:36+00:00","og_image":[{"width":1600,"height":1600,"url":"https:\/\/idakorea.ee\/wp-content\/uploads\/2025\/04\/dr_ceuracle_vegan_kombucha_tea_beginning_set_idakorea.webp","type":"image\/webp"}],"twitter_card":"summary_large_image","twitter_misc":{"Arvioitu lukuaika":"2 minuuttia"},"schema":{"@context":"https:\/\/schema.org","@graph":[{"@type":"WebPage","@id":"https:\/\/idakorea.ee\/product\/komplekt-dr-ceuracle-vegan-kombucha-tea-beginner-set\/","url":"https:\/\/idakorea.ee\/product\/komplekt-dr-ceuracle-vegan-kombucha-tea-beginner-set\/","name":"Dr.Ceuracle Vegaaninen Kombucha-tee aloittelijan setti - EAST.KOREA","isPartOf":{"@id":"https:\/\/idakorea.ee\/#website"},"primaryImageOfPage":{"@id":"https:\/\/idakorea.ee\/product\/komplekt-dr-ceuracle-vegan-kombucha-tea-beginner-set\/#primaryimage"},"image":{"@id":"https:\/\/idakorea.ee\/product\/komplekt-dr-ceuracle-vegan-kombucha-tea-beginner-set\/#primaryimage"},"thumbnailUrl":"https:\/\/idakorea.ee\/wp-content\/uploads\/2025\/04\/dr_ceuracle_vegan_kombucha_tea_beginning_set_idakorea.webp","datePublished":"2025-04-05T12:42:10+00:00","dateModified":"2026-02-18T07:57:36+00:00","description":"Setti sis\u00e4lt\u00e4\u00e4 voidemaisen essenssin (50 ml) ja geelim\u00e4isen voiteen (30 ml), jotka perustuvat fermentoituun mustan teen uutteeseen, joka on runsaasti probiootteja ja B-vitamiinia.","breadcrumb":{"@id":"https:\/\/idakorea.ee\/product\/komplekt-dr-ceuracle-vegan-kombucha-tea-beginner-set\/#breadcrumb"},"inLanguage":"fi","potentialAction":[{"@type":"ReadAction","target":["https:\/\/idakorea.ee\/product\/komplekt-dr-ceuracle-vegan-kombucha-tea-beginner-set\/"]}]},{"@type":"ImageObject","inLanguage":"fi","@id":"https:\/\/idakorea.ee\/product\/komplekt-dr-ceuracle-vegan-kombucha-tea-beginner-set\/#primaryimage","url":"https:\/\/idakorea.ee\/wp-content\/uploads\/2025\/04\/dr_ceuracle_vegan_kombucha_tea_beginning_set_idakorea.webp","contentUrl":"https:\/\/idakorea.ee\/wp-content\/uploads\/2025\/04\/dr_ceuracle_vegan_kombucha_tea_beginning_set_idakorea.webp","width":1600,"height":1600},{"@type":"BreadcrumbList","@id":"https:\/\/idakorea.ee\/product\/komplekt-dr-ceuracle-vegan-kombucha-tea-beginner-set\/#breadcrumb","itemListElement":[{"@type":"ListItem","position":1,"name":"\u0413\u043b\u0430\u0432\u043d\u0430\u044f \u0441\u0442\u0440\u0430\u043d\u0438\u0446\u0430","item":"https:\/\/idakorea.ee\/"},{"@type":"ListItem","position":2,"name":"Shop","item":"https:\/\/idakorea.ee\/shop-2\/"},{"@type":"ListItem","position":3,"name":"Komplekt Dr.Ceuracle Vegan Kombucha Tea Beginner Set"}]},{"@type":"WebSite","@id":"https:\/\/idakorea.ee\/#website","url":"https:\/\/idakorea.ee\/","name":"IDA.KOREA","description":"Korean kosmetiikan verkkokauppa","publisher":{"@id":"https:\/\/idakorea.ee\/#organization"},"alternateName":"Beauty Shop","potentialAction":[{"@type":"SearchAction","target":{"@type":"EntryPoint","urlTemplate":"https:\/\/idakorea.ee\/?s={search_term_string}"},"query-input":{"@type":"PropertyValueSpecification","valueRequired":true,"valueName":"search_term_string"}}],"inLanguage":"fi"},{"@type":"Organization","@id":"https:\/\/idakorea.ee\/#organization","name":"IDA.KOREA","url":"https:\/\/idakorea.ee\/","logo":{"@type":"ImageObject","inLanguage":"fi","@id":"https:\/\/idakorea.ee\/#\/schema\/logo\/image\/","url":"https:\/\/idakorea.ee\/wp-content\/uploads\/2024\/05\/cropped-korea3.png","contentUrl":"https:\/\/idakorea.ee\/wp-content\/uploads\/2024\/05\/cropped-korea3.png","width":688,"height":126,"caption":"IDA.KOREA"},"image":{"@id":"https:\/\/idakorea.ee\/#\/schema\/logo\/image\/"},"sameAs":["https:\/\/www.instagram.com\/ida.korea\/"]}]}},"jetpack_sharing_enabled":true,"brands":[{"id":481,"name":"DR.CEURACLE","slug":"dr-ceuracle"}],"_links":{"self":[{"href":"https:\/\/idakorea.ee\/fi\/wp-json\/wp\/v2\/product\/13433","targetHints":{"allow":["GET"]}}],"collection":[{"href":"https:\/\/idakorea.ee\/fi\/wp-json\/wp\/v2\/product"}],"about":[{"href":"https:\/\/idakorea.ee\/fi\/wp-json\/wp\/v2\/types\/product"}],"replies":[{"embeddable":true,"href":"https:\/\/idakorea.ee\/fi\/wp-json\/wp\/v2\/comments?post=13433"}],"version-history":[{"count":1,"href":"https:\/\/idakorea.ee\/fi\/wp-json\/wp\/v2\/product\/13433\/revisions"}],"predecessor-version":[{"id":13438,"href":"https:\/\/idakorea.ee\/fi\/wp-json\/wp\/v2\/product\/13433\/revisions\/13438"}],"wp:featuredmedia":[{"embeddable":true,"href":"https:\/\/idakorea.ee\/fi\/wp-json\/wp\/v2\/media\/13434"}],"wp:attachment":[{"href":"https:\/\/idakorea.ee\/fi\/wp-json\/wp\/v2\/media?parent=13433"}],"wp:term":[{"taxonomy":"pwb-brand","embeddable":true,"href":"https:\/\/idakorea.ee\/fi\/wp-json\/wp\/v2\/pwb-brand?post=13433"},{"taxonomy":"product_brand","embeddable":true,"href":"https:\/\/idakorea.ee\/fi\/wp-json\/wp\/v2\/product_brand?post=13433"},{"taxonomy":"product_cat","embeddable":true,"href":"https:\/\/idakorea.ee\/fi\/wp-json\/wp\/v2\/product_cat?post=13433"},{"taxonomy":"product_tag","embeddable":true,"href":"https:\/\/idakorea.ee\/fi\/wp-json\/wp\/v2\/product_tag?post=13433"}],"curies":[{"name":"wp","href":"https:\/\/api.w.org\/{rel}","templated":true}]}}