{"id":13447,"date":"2025-04-06T17:18:31","date_gmt":"2025-04-06T15:18:31","guid":{"rendered":"https:\/\/idakorea.ee\/?post_type=product&#038;p=13447"},"modified":"2026-03-27T08:39:42","modified_gmt":"2026-03-27T06:39:42","slug":"jumestuskreem-numbuzin-no-3-porcelain-base-skip-tone-up-beige-spf50-pa-50ml","status":"publish","type":"product","link":"https:\/\/idakorea.ee\/fi\/product\/jumestuskreem-numbuzin-no-3-porcelain-base-skip-tone-up-beige-spf50-pa-50ml\/","title":{"rendered":"Kiinteytt\u00e4v\u00e4 voide Numbuzin No.3 Porcelain Base-skip Tone Up Beige SPF50+ PA++++, 50ml"},"content":{"rendered":"<p><strong>Numbuzin No.3 Posliinipuuterivoide SPF50+ PA++++<\/strong> Meikkivoide \u2014 2-in-1-tuote, joka yhdist\u00e4\u00e4 meikkivoiteen ja voiteen, jolla on korkea aurinkosuojakerroin.<\/p>\n<p>Se luo luonnollisen mattapinnan ja &quot;posliini-ihoefektin&quot;, peitt\u00e4en ep\u00e4tasaisen ihon s\u00e4vyn ja rakenteen, supistaen ihohuokosia ja tasoittaen ihon pintaa. Antaa luonnollisen beigen s\u00e4vyn.<\/p>\n<p>Suojaa soluja UV-s\u00e4teilt\u00e4, ehk\u00e4isee pigmentaatiota ja valon aiheuttamaa ik\u00e4\u00e4ntymist\u00e4. Sis\u00e4lt\u00e4\u00e4 hypoallergeenisia fysikaalisia UV-suodattimia, jotka eiv\u00e4t \u00e4rsyt\u00e4 herkk\u00e4\u00e4k\u00e4\u00e4n ihoa: sinkkioksidia ja titaanidioksidia.<\/p>\n<p><strong>T\u00e4rkeimm\u00e4t vaikuttavat aineet:<\/strong><\/p>\n<ul>\n<li><strong>Niasiiniamidi (B3-vitamiini)<\/strong> \u2013 tasoittaa ihon s\u00e4vy\u00e4, ehk\u00e4isee pigmenttimuutoksia, v\u00e4hent\u00e4\u00e4 T-alueen kiiltoa, s\u00e4\u00e4telee talin erityst\u00e4 ja vahvistaa ihon suojakerrosta.<\/li>\n<li><strong>Aasian vesikrassiuute<\/strong> \u2013 rauhoittaa, v\u00e4hent\u00e4\u00e4 punoitusta ja \u00e4rsytyst\u00e4, vahvistaa kapillaarien sein\u00e4mi\u00e4 ja parantaa ihon kimmoisuutta.<\/li>\n<li><strong>Rosmariininlehtiuute<\/strong> \u2013 stimuloi ihon uusiutumista, kiinteytt\u00e4\u00e4, parantaa verenkiertoa ja auttaa tasoittamaan mikrorakennetta ja ik\u00e4\u00e4ntymisen merkkej\u00e4.<\/li>\n<li><strong>Kummeliekstrakt<\/strong> \u2013 kosteuttaa, lievitt\u00e4\u00e4 kuivuutta ja hilseily\u00e4, suojaa ymp\u00e4rist\u00f6n vaikutuksilta.<\/li>\n<li><strong>Houttuynia-uute<\/strong> \u2013 rauhoittaa tulehdusta, nopeuttaa paranemista, vahvistaa paikallista vastustuskyky\u00e4 ja v\u00e4hent\u00e4\u00e4 ihon herkkyytt\u00e4.<\/li>\n<li><strong>Lakritsinjuuriuute<\/strong> \u2013 kirkastaa hell\u00e4varaisesti, v\u00e4hent\u00e4\u00e4 \u00e4rsytyst\u00e4 ja stimuloi kollageenin tuotantoa.<\/li>\n<li><strong>Vihre\u00e4n teen lehtiuute<\/strong> \u2013 antioksidanttisuoja, v\u00e4hent\u00e4\u00e4 turvotusta ja s\u00e4\u00e4telee talirauhasten erityst\u00e4.<\/li>\n<li><strong>seljanmarjauute<\/strong> \u2013 antiseptinen ja tulehdusta ehk\u00e4isev\u00e4, tasapainottaa ihon kosteus- ja talirauhaserityksi\u00e4, tukee aknen hoitoa.<\/li>\n<li><strong>Teepuuuute<\/strong> \u2013 antibakteerinen ja antiseptinen vaikutus, v\u00e4hent\u00e4\u00e4 rasvaisuutta ja ehk\u00e4isee tulehdusta.<\/li>\n<\/ul>\n<p>&nbsp;<\/p>\n<p>Sopii kaikille ihotyypeille.<\/p>\n<p><strong>K\u00e4ytt\u00f6:<\/strong> Levit\u00e4 aamuisen ihonhoitorutiinisi kaikkien vaiheiden (puhdistus, kasvovesi, kosteutus) j\u00e4lkeen riitt\u00e4v\u00e4 m\u00e4\u00e4r\u00e4 tuotetta kasvoille ja kaulalle. Levit\u00e4 tasaisesti sormilla tai sienell\u00e4. Jos iho altistuu suoralle auringonvalolle, levit\u00e4 suojakerros uudelleen 2\u20133 tunnin v\u00e4lein.<\/p>\n<p>&nbsp;<\/p>","protected":false},"excerpt":{"rendered":"<p>Numbuzin Numbuzin No.3 Porcelain Base-skip Tone Up Beige SPF50+ PA++++ meikkivoide - 2-in-one-tuote, jossa yhdistyv\u00e4t meikkivoide ja korkean suojakertoimen omaava voide. Se luo luonnollisen mattapinnan \"posliini-ihon\" vaikutuksella, peitt\u00e4\u00e4 ihon s\u00e4vyn ja tekstuurin puutteet, supistaa ihohuokosia ja tasoittaa ihon pintaa. Antaa luonnollisen beigen pohjas\u00e4vyn. Suojaa soluja UV-s\u00e4teilt\u00e4, ehk\u00e4isee pigmentaatiota ja valon aiheuttamaa ik\u00e4\u00e4ntymist\u00e4. Sis\u00e4lt\u00e4\u00e4 hypoallergeenisi\u00e4 fyysisi\u00e4 UV-suodattimia, jotka...<\/p>","protected":false},"featured_media":13448,"comment_status":"open","ping_status":"closed","template":"","meta":{"_uf_show_specific_survey":0,"_uf_disable_surveys":false,"_bst_post_transparent":"default","_bst_post_title":"","_bst_post_layout":"default","_bst_post_sidebar_id":"","_bst_post_content_style":"default","_bst_post_vertical_padding":"default","_bst_post_feature":"","_bst_post_feature_position":"","_bst_post_header":false,"_bst_post_footer":false},"pwb-brand":[815],"product_brand":[],"product_cat":[500,101],"product_tag":[816,864],"class_list":{"0":"post-13447","1":"product","2":"type-product","3":"status-publish","4":"has-post-thumbnail","6":"pwb-brand-numbuzin","7":"product_cat-jumestuskreemid","8":"product_cat-paikesekaitse","9":"product_tag-numbuzin","10":"product_tag-spf","12":"first","13":"instock","14":"shipping-taxable","15":"purchasable","16":"product-type-simple","17":"entry","18":"content-bg","19":"loop-entry"},"supplier_id":null,"supplier_sku":"","barcode":null,"atum_controlled":true,"out_stock_date":null,"out_stock_threshold":null,"inheritable":false,"inbound_stock":0,"stock_on_hold":0,"sold_today":0,"sales_last_days":0,"out_stock_days":0,"lost_sales":0,"has_location":false,"update_date":"2026-05-01T00:11:44","atum_locations":[],"atum_stock_status":"instock","restock_status":false,"low_stock_amount":"","sales_update_date":"2026-05-01T00:11:44","calc_backorders":null,"yoast_head":"<!-- This site is optimized with the Yoast SEO plugin v27.2 - https:\/\/yoast.com\/product\/yoast-seo-wordpress\/ -->\n<title>Numbuzin No.3 Porcelain Base-skip Tone Up Beige SPF50+ PA++++, 50ml - IDA.KOREA<\/title>\n<meta name=\"description\" content=\"Numbuzin No.3 Porcelain Base-skip Tone Up Beige SPF50+ PA++++ jumestuskreem \u2014 2-\u00fches toode, mis \u00fchendab jumestuskreemi ja k\u00f5rge p\u00e4ikesekaitsefaktoriga kreemi.\" \/>\n<meta name=\"robots\" content=\"index, follow, max-snippet:-1, max-image-preview:large, max-video-preview:-1\" \/>\n<link rel=\"canonical\" href=\"https:\/\/idakorea.ee\/fi\/product\/jumestuskreem-numbuzin-no-3-porcelain-base-skip-tone-up-beige-spf50-pa-50ml\/\" \/>\n<meta property=\"og:locale\" content=\"fi_FI\" \/>\n<meta property=\"og:type\" content=\"article\" \/>\n<meta property=\"og:title\" content=\"Numbuzin No.3 Porcelain Base-skip Tone Up Beige SPF50+ PA++++, 50ml - IDA.KOREA\" \/>\n<meta property=\"og:description\" content=\"Numbuzin No.3 Porcelain Base-skip Tone Up Beige SPF50+ PA++++ jumestuskreem \u2014 2-\u00fches toode, mis \u00fchendab jumestuskreemi ja k\u00f5rge p\u00e4ikesekaitsefaktoriga kreemi.\" \/>\n<meta property=\"og:url\" content=\"https:\/\/idakorea.ee\/fi\/product\/jumestuskreem-numbuzin-no-3-porcelain-base-skip-tone-up-beige-spf50-pa-50ml\/\" \/>\n<meta property=\"og:site_name\" content=\"IDA.KOREA\" \/>\n<meta property=\"article:modified_time\" content=\"2026-03-27T06:39:42+00:00\" \/>\n<meta property=\"og:image\" content=\"https:\/\/idakorea.ee\/wp-content\/uploads\/2025\/04\/numbuzin-no.3-porcelain-base_skip-tone-up-beige-spf50_idakorea.jpg\" \/>\n\t<meta property=\"og:image:width\" content=\"1000\" \/>\n\t<meta property=\"og:image:height\" content=\"1000\" \/>\n\t<meta property=\"og:image:type\" content=\"image\/jpeg\" \/>\n<meta name=\"twitter:card\" content=\"summary_large_image\" \/>\n<meta name=\"twitter:label1\" content=\"Arvioitu lukuaika\" \/>\n\t<meta name=\"twitter:data1\" content=\"2 minuuttia\" \/>\n<script type=\"application\/ld+json\" class=\"yoast-schema-graph\">{\"@context\":\"https:\/\/schema.org\",\"@graph\":[{\"@type\":\"WebPage\",\"@id\":\"https:\/\/idakorea.ee\/product\/jumestuskreem-numbuzin-no-3-porcelain-base-skip-tone-up-beige-spf50-pa-50ml\/\",\"url\":\"https:\/\/idakorea.ee\/product\/jumestuskreem-numbuzin-no-3-porcelain-base-skip-tone-up-beige-spf50-pa-50ml\/\",\"name\":\"Numbuzin No.3 Porcelain Base-skip Tone Up Beige SPF50+ PA++++, 50ml - IDA.KOREA\",\"isPartOf\":{\"@id\":\"https:\/\/idakorea.ee\/#website\"},\"primaryImageOfPage\":{\"@id\":\"https:\/\/idakorea.ee\/product\/jumestuskreem-numbuzin-no-3-porcelain-base-skip-tone-up-beige-spf50-pa-50ml\/#primaryimage\"},\"image\":{\"@id\":\"https:\/\/idakorea.ee\/product\/jumestuskreem-numbuzin-no-3-porcelain-base-skip-tone-up-beige-spf50-pa-50ml\/#primaryimage\"},\"thumbnailUrl\":\"https:\/\/idakorea.ee\/wp-content\/uploads\/2025\/04\/numbuzin-no.3-porcelain-base_skip-tone-up-beige-spf50_idakorea.jpg\",\"datePublished\":\"2025-04-06T15:18:31+00:00\",\"dateModified\":\"2026-03-27T06:39:42+00:00\",\"description\":\"Numbuzin No.3 Porcelain Base-skip Tone Up Beige SPF50+ PA++++ jumestuskreem \u2014 2-\u00fches toode, mis \u00fchendab jumestuskreemi ja k\u00f5rge p\u00e4ikesekaitsefaktoriga kreemi.\",\"breadcrumb\":{\"@id\":\"https:\/\/idakorea.ee\/product\/jumestuskreem-numbuzin-no-3-porcelain-base-skip-tone-up-beige-spf50-pa-50ml\/#breadcrumb\"},\"inLanguage\":\"fi\",\"potentialAction\":[{\"@type\":\"ReadAction\",\"target\":[\"https:\/\/idakorea.ee\/product\/jumestuskreem-numbuzin-no-3-porcelain-base-skip-tone-up-beige-spf50-pa-50ml\/\"]}]},{\"@type\":\"ImageObject\",\"inLanguage\":\"fi\",\"@id\":\"https:\/\/idakorea.ee\/product\/jumestuskreem-numbuzin-no-3-porcelain-base-skip-tone-up-beige-spf50-pa-50ml\/#primaryimage\",\"url\":\"https:\/\/idakorea.ee\/wp-content\/uploads\/2025\/04\/numbuzin-no.3-porcelain-base_skip-tone-up-beige-spf50_idakorea.jpg\",\"contentUrl\":\"https:\/\/idakorea.ee\/wp-content\/uploads\/2025\/04\/numbuzin-no.3-porcelain-base_skip-tone-up-beige-spf50_idakorea.jpg\",\"width\":1000,\"height\":1000},{\"@type\":\"BreadcrumbList\",\"@id\":\"https:\/\/idakorea.ee\/product\/jumestuskreem-numbuzin-no-3-porcelain-base-skip-tone-up-beige-spf50-pa-50ml\/#breadcrumb\",\"itemListElement\":[{\"@type\":\"ListItem\",\"position\":1,\"name\":\"\u0413\u043b\u0430\u0432\u043d\u0430\u044f \u0441\u0442\u0440\u0430\u043d\u0438\u0446\u0430\",\"item\":\"https:\/\/idakorea.ee\/\"},{\"@type\":\"ListItem\",\"position\":2,\"name\":\"Shop\",\"item\":\"https:\/\/idakorea.ee\/shop-2\/\"},{\"@type\":\"ListItem\",\"position\":3,\"name\":\"Jumestuskreem Numbuzin No.3 Porcelain Base-skip Tone Up Beige SPF50+ PA++++, 50ml\"}]},{\"@type\":\"WebSite\",\"@id\":\"https:\/\/idakorea.ee\/#website\",\"url\":\"https:\/\/idakorea.ee\/\",\"name\":\"IDA.KOREA\",\"description\":\"Korea kosmeetika e-pood\",\"publisher\":{\"@id\":\"https:\/\/idakorea.ee\/#organization\"},\"alternateName\":\"Beauty Shop\",\"potentialAction\":[{\"@type\":\"SearchAction\",\"target\":{\"@type\":\"EntryPoint\",\"urlTemplate\":\"https:\/\/idakorea.ee\/?s={search_term_string}\"},\"query-input\":{\"@type\":\"PropertyValueSpecification\",\"valueRequired\":true,\"valueName\":\"search_term_string\"}}],\"inLanguage\":\"fi\"},{\"@type\":\"Organization\",\"@id\":\"https:\/\/idakorea.ee\/#organization\",\"name\":\"IDA.KOREA\",\"url\":\"https:\/\/idakorea.ee\/\",\"logo\":{\"@type\":\"ImageObject\",\"inLanguage\":\"fi\",\"@id\":\"https:\/\/idakorea.ee\/#\/schema\/logo\/image\/\",\"url\":\"https:\/\/idakorea.ee\/wp-content\/uploads\/2024\/05\/cropped-korea3.png\",\"contentUrl\":\"https:\/\/idakorea.ee\/wp-content\/uploads\/2024\/05\/cropped-korea3.png\",\"width\":688,\"height\":126,\"caption\":\"IDA.KOREA\"},\"image\":{\"@id\":\"https:\/\/idakorea.ee\/#\/schema\/logo\/image\/\"},\"sameAs\":[\"https:\/\/www.instagram.com\/ida.korea\/\"]}]}<\/script>\n<!-- \/ Yoast SEO plugin. -->","yoast_head_json":{"title":"Numbuzin No.3 Posliinipuuterivoide SPF50+ PA++++, 50ml - IDA.KOREA","description":"Numbuzin No.3 Porcelain Base-skip Tone Up Beige SPF50+ PA++++ meikkivoide \u2014 2-in-1-tuote, joka yhdist\u00e4\u00e4 meikkivoiteen ja voiteen, jossa on korkea aurinkosuojakerroin.","robots":{"index":"index","follow":"follow","max-snippet":"max-snippet:-1","max-image-preview":"max-image-preview:large","max-video-preview":"max-video-preview:-1"},"canonical":"https:\/\/idakorea.ee\/fi\/product\/jumestuskreem-numbuzin-no-3-porcelain-base-skip-tone-up-beige-spf50-pa-50ml\/","og_locale":"fi_FI","og_type":"article","og_title":"Numbuzin No.3 Porcelain Base-skip Tone Up Beige SPF50+ PA++++, 50ml - IDA.KOREA","og_description":"Numbuzin No.3 Porcelain Base-skip Tone Up Beige SPF50+ PA++++ jumestuskreem \u2014 2-\u00fches toode, mis \u00fchendab jumestuskreemi ja k\u00f5rge p\u00e4ikesekaitsefaktoriga kreemi.","og_url":"https:\/\/idakorea.ee\/fi\/product\/jumestuskreem-numbuzin-no-3-porcelain-base-skip-tone-up-beige-spf50-pa-50ml\/","og_site_name":"IDA.KOREA","article_modified_time":"2026-03-27T06:39:42+00:00","og_image":[{"width":1000,"height":1000,"url":"https:\/\/idakorea.ee\/wp-content\/uploads\/2025\/04\/numbuzin-no.3-porcelain-base_skip-tone-up-beige-spf50_idakorea.jpg","type":"image\/jpeg"}],"twitter_card":"summary_large_image","twitter_misc":{"Arvioitu lukuaika":"2 minuuttia"},"schema":{"@context":"https:\/\/schema.org","@graph":[{"@type":"WebPage","@id":"https:\/\/idakorea.ee\/product\/jumestuskreem-numbuzin-no-3-porcelain-base-skip-tone-up-beige-spf50-pa-50ml\/","url":"https:\/\/idakorea.ee\/product\/jumestuskreem-numbuzin-no-3-porcelain-base-skip-tone-up-beige-spf50-pa-50ml\/","name":"Numbuzin No.3 Posliinipuuterivoide SPF50+ PA++++, 50ml - IDA.KOREA","isPartOf":{"@id":"https:\/\/idakorea.ee\/#website"},"primaryImageOfPage":{"@id":"https:\/\/idakorea.ee\/product\/jumestuskreem-numbuzin-no-3-porcelain-base-skip-tone-up-beige-spf50-pa-50ml\/#primaryimage"},"image":{"@id":"https:\/\/idakorea.ee\/product\/jumestuskreem-numbuzin-no-3-porcelain-base-skip-tone-up-beige-spf50-pa-50ml\/#primaryimage"},"thumbnailUrl":"https:\/\/idakorea.ee\/wp-content\/uploads\/2025\/04\/numbuzin-no.3-porcelain-base_skip-tone-up-beige-spf50_idakorea.jpg","datePublished":"2025-04-06T15:18:31+00:00","dateModified":"2026-03-27T06:39:42+00:00","description":"Numbuzin No.3 Porcelain Base-skip Tone Up Beige SPF50+ PA++++ meikkivoide \u2014 2-in-1-tuote, joka yhdist\u00e4\u00e4 meikkivoiteen ja voiteen, jossa on korkea aurinkosuojakerroin.","breadcrumb":{"@id":"https:\/\/idakorea.ee\/product\/jumestuskreem-numbuzin-no-3-porcelain-base-skip-tone-up-beige-spf50-pa-50ml\/#breadcrumb"},"inLanguage":"fi","potentialAction":[{"@type":"ReadAction","target":["https:\/\/idakorea.ee\/product\/jumestuskreem-numbuzin-no-3-porcelain-base-skip-tone-up-beige-spf50-pa-50ml\/"]}]},{"@type":"ImageObject","inLanguage":"fi","@id":"https:\/\/idakorea.ee\/product\/jumestuskreem-numbuzin-no-3-porcelain-base-skip-tone-up-beige-spf50-pa-50ml\/#primaryimage","url":"https:\/\/idakorea.ee\/wp-content\/uploads\/2025\/04\/numbuzin-no.3-porcelain-base_skip-tone-up-beige-spf50_idakorea.jpg","contentUrl":"https:\/\/idakorea.ee\/wp-content\/uploads\/2025\/04\/numbuzin-no.3-porcelain-base_skip-tone-up-beige-spf50_idakorea.jpg","width":1000,"height":1000},{"@type":"BreadcrumbList","@id":"https:\/\/idakorea.ee\/product\/jumestuskreem-numbuzin-no-3-porcelain-base-skip-tone-up-beige-spf50-pa-50ml\/#breadcrumb","itemListElement":[{"@type":"ListItem","position":1,"name":"\u0413\u043b\u0430\u0432\u043d\u0430\u044f \u0441\u0442\u0440\u0430\u043d\u0438\u0446\u0430","item":"https:\/\/idakorea.ee\/"},{"@type":"ListItem","position":2,"name":"Shop","item":"https:\/\/idakorea.ee\/shop-2\/"},{"@type":"ListItem","position":3,"name":"Jumestuskreem Numbuzin No.3 Porcelain Base-skip Tone Up Beige SPF50+ PA++++, 50ml"}]},{"@type":"WebSite","@id":"https:\/\/idakorea.ee\/#website","url":"https:\/\/idakorea.ee\/","name":"IDA.KOREA","description":"Korean kosmetiikan verkkokauppa","publisher":{"@id":"https:\/\/idakorea.ee\/#organization"},"alternateName":"Beauty Shop","potentialAction":[{"@type":"SearchAction","target":{"@type":"EntryPoint","urlTemplate":"https:\/\/idakorea.ee\/?s={search_term_string}"},"query-input":{"@type":"PropertyValueSpecification","valueRequired":true,"valueName":"search_term_string"}}],"inLanguage":"fi"},{"@type":"Organization","@id":"https:\/\/idakorea.ee\/#organization","name":"IDA.KOREA","url":"https:\/\/idakorea.ee\/","logo":{"@type":"ImageObject","inLanguage":"fi","@id":"https:\/\/idakorea.ee\/#\/schema\/logo\/image\/","url":"https:\/\/idakorea.ee\/wp-content\/uploads\/2024\/05\/cropped-korea3.png","contentUrl":"https:\/\/idakorea.ee\/wp-content\/uploads\/2024\/05\/cropped-korea3.png","width":688,"height":126,"caption":"IDA.KOREA"},"image":{"@id":"https:\/\/idakorea.ee\/#\/schema\/logo\/image\/"},"sameAs":["https:\/\/www.instagram.com\/ida.korea\/"]}]}},"jetpack_sharing_enabled":true,"brands":[{"id":815,"name":"NUMBUZIN","slug":"numbuzin"}],"_links":{"self":[{"href":"https:\/\/idakorea.ee\/fi\/wp-json\/wp\/v2\/product\/13447","targetHints":{"allow":["GET"]}}],"collection":[{"href":"https:\/\/idakorea.ee\/fi\/wp-json\/wp\/v2\/product"}],"about":[{"href":"https:\/\/idakorea.ee\/fi\/wp-json\/wp\/v2\/types\/product"}],"replies":[{"embeddable":true,"href":"https:\/\/idakorea.ee\/fi\/wp-json\/wp\/v2\/comments?post=13447"}],"version-history":[{"count":5,"href":"https:\/\/idakorea.ee\/fi\/wp-json\/wp\/v2\/product\/13447\/revisions"}],"predecessor-version":[{"id":18249,"href":"https:\/\/idakorea.ee\/fi\/wp-json\/wp\/v2\/product\/13447\/revisions\/18249"}],"wp:featuredmedia":[{"embeddable":true,"href":"https:\/\/idakorea.ee\/fi\/wp-json\/wp\/v2\/media\/13448"}],"wp:attachment":[{"href":"https:\/\/idakorea.ee\/fi\/wp-json\/wp\/v2\/media?parent=13447"}],"wp:term":[{"taxonomy":"pwb-brand","embeddable":true,"href":"https:\/\/idakorea.ee\/fi\/wp-json\/wp\/v2\/pwb-brand?post=13447"},{"taxonomy":"product_brand","embeddable":true,"href":"https:\/\/idakorea.ee\/fi\/wp-json\/wp\/v2\/product_brand?post=13447"},{"taxonomy":"product_cat","embeddable":true,"href":"https:\/\/idakorea.ee\/fi\/wp-json\/wp\/v2\/product_cat?post=13447"},{"taxonomy":"product_tag","embeddable":true,"href":"https:\/\/idakorea.ee\/fi\/wp-json\/wp\/v2\/product_tag?post=13447"}],"curies":[{"name":"wp","href":"https:\/\/api.w.org\/{rel}","templated":true}]}}