{"id":13472,"date":"2025-04-07T08:53:12","date_gmt":"2025-04-07T06:53:12","guid":{"rendered":"https:\/\/idakorea.ee\/?post_type=product&#038;p=13472"},"modified":"2026-01-30T14:24:40","modified_gmt":"2026-01-30T12:24:40","slug":"toonik-vt-cosmetics-tx-toning-toner-200ml","status":"publish","type":"product","link":"https:\/\/idakorea.ee\/fi\/product\/toonik-vt-cosmetics-tx-toning-toner-200ml\/","title":{"rendered":"Toonik VT Cosmetics TX-Toning Toner, 200ml"},"content":{"rendered":"<p><strong>VT Cosmetics TX-s\u00e4vytys<\/strong> Kasvovesi on p\u00e4ivitt\u00e4iseen k\u00e4ytt\u00f6\u00f6n tarkoitettu kasvovesi, joka auttaa parantamaan ihon s\u00e4vy\u00e4 ja antaa kasvoille puhtaan ja s\u00e4teilev\u00e4n ihonv\u00e4rin.<\/p>\n<p><strong>T\u00e4rkeimm\u00e4t ainesosat ja ominaisuudet:<\/strong><\/p>\n<ul>\n<li><strong>Traneksaamihappo<\/strong> \u2013 auttaa vaalentamaan ik\u00e4l\u00e4iski\u00e4 ja parantamaan hyperpigmentaatiota, tasoittaa ihon s\u00e4vy\u00e4.<\/li>\n<li><strong>Papaiini<\/strong> \u2013 entsyymi, joka kuorii hell\u00e4varaisesti ja parantaa ihon rakennetta.<\/li>\n<li><strong>Allantoiini ja madekassosidi<\/strong> \u2013 kosteuttaa ja rauhoittaa \u00e4rtynytt\u00e4 ihoa, edist\u00e4en ihon uudistumista.<\/li>\n<\/ul>\n<p>Kasvovedell\u00e4 on vetinen koostumus, joka imeytyy nopeasti ja kosteuttaa riitt\u00e4v\u00e4sti j\u00e4tt\u00e4m\u00e4tt\u00e4 ihoa tahmeaksi.<\/p>\n<p>&nbsp;<\/p>\n<p>Sopii kaikille ihotyypeille. Suositellaan niille, jotka haluavat parantaa ihon s\u00e4vy\u00e4 ja rakennetta samalla, kun he tarjoavat syv\u00e4kosteutusta ja rauhoittavia ominaisuuksia.<\/p>\n<p><strong>K\u00e4ytt\u00f6: <\/strong>Puhdistuksen j\u00e4lkeen levit\u00e4 pieni m\u00e4\u00e4r\u00e4 kasvovett\u00e4 kasvoillesi vanulapulla tai k\u00e4mmenill\u00e4. Levit\u00e4 tasaisesti kasvojen keskelt\u00e4 ulosp\u00e4in ja anna imeyty\u00e4 kokonaan.<\/p>\n<p>&nbsp;<\/p>","protected":false},"excerpt":{"rendered":"<p>VT Cosmetics TX-Toning Toner on jokap\u00e4iv\u00e4inen kasvovesi, joka auttaa parantamaan ihon s\u00e4vy\u00e4 ja antaa kasvoille puhtaan ja s\u00e4teilev\u00e4n ilmeen. Keskeiset ainesosat ja ominaisuudet. Papaiini - entsyymi, joka kuorii hell\u00e4varaisesti ja parantaa ihon rakennetta. Allantoiini ja madecassosidi - kosteuttavat ja rauhoittavat \u00e4rtynytt\u00e4 ihoa,...<\/p>","protected":false},"featured_media":13473,"comment_status":"open","ping_status":"closed","template":"","meta":{"_uf_show_specific_survey":0,"_uf_disable_surveys":false,"_bst_post_transparent":"default","_bst_post_title":"","_bst_post_layout":"default","_bst_post_sidebar_id":"","_bst_post_content_style":"default","_bst_post_vertical_padding":"default","_bst_post_feature":"","_bst_post_feature_position":"","_bst_post_header":false,"_bst_post_footer":false},"pwb-brand":[493],"product_brand":[],"product_cat":[92,158],"product_tag":[230,626],"class_list":{"0":"post-13472","1":"product","2":"type-product","3":"status-publish","4":"has-post-thumbnail","6":"pwb-brand-vt","7":"product_cat-nagu","8":"product_cat-toonik","9":"product_tag-pigment","10":"product_tag-vt-cosmetics","12":"first","13":"outofstock","14":"sale","15":"shipping-taxable","16":"purchasable","17":"product-type-simple","18":"entry","19":"content-bg","20":"loop-entry"},"supplier_id":null,"supplier_sku":"","barcode":null,"atum_controlled":true,"out_stock_date":"2025-10-31 08:20:08","out_stock_threshold":null,"inheritable":false,"inbound_stock":0,"stock_on_hold":0,"sold_today":0,"sales_last_days":0,"out_stock_days":164,"lost_sales":513,"has_location":false,"update_date":"2026-04-14T00:05:07","atum_locations":[],"atum_stock_status":"outofstock","restock_status":false,"low_stock_amount":"","sales_update_date":"2026-04-14T00:05:07","calc_backorders":null,"yoast_head":"<!-- This site is optimized with the Yoast SEO plugin v27.2 - https:\/\/yoast.com\/product\/yoast-seo-wordpress\/ -->\n<title>VT Cosmetics TX-Toning Toner, 200ml - IDA.KOREA<\/title>\n<meta name=\"description\" content=\"VT Cosmetics TX-Toning toonik on igap\u00e4evaseks kasutamiseks m\u00f5eldud toonik, mis aitab parandada naha tooni ja annab n\u00e4ole puhta ning s\u00e4rava jume.\" \/>\n<meta name=\"robots\" content=\"index, follow, max-snippet:-1, max-image-preview:large, max-video-preview:-1\" \/>\n<link rel=\"canonical\" href=\"https:\/\/idakorea.ee\/fi\/product\/toonik-vt-cosmetics-tx-toning-toner-200ml\/\" \/>\n<meta property=\"og:locale\" content=\"fi_FI\" \/>\n<meta property=\"og:type\" content=\"article\" \/>\n<meta property=\"og:title\" content=\"VT Cosmetics TX-Toning Toner, 200ml - IDA.KOREA\" \/>\n<meta property=\"og:description\" content=\"VT Cosmetics TX-Toning toonik on igap\u00e4evaseks kasutamiseks m\u00f5eldud toonik, mis aitab parandada naha tooni ja annab n\u00e4ole puhta ning s\u00e4rava jume.\" \/>\n<meta property=\"og:url\" content=\"https:\/\/idakorea.ee\/fi\/product\/toonik-vt-cosmetics-tx-toning-toner-200ml\/\" \/>\n<meta property=\"og:site_name\" content=\"IDA.KOREA\" \/>\n<meta property=\"article:modified_time\" content=\"2026-01-30T12:24:40+00:00\" \/>\n<meta property=\"og:image\" content=\"https:\/\/idakorea.ee\/wp-content\/uploads\/2025\/04\/vt-cosmetics-tx-toning-toner-nudie-glow-idakorea.webp\" \/>\n\t<meta property=\"og:image:width\" content=\"1024\" \/>\n\t<meta property=\"og:image:height\" content=\"1024\" \/>\n\t<meta property=\"og:image:type\" content=\"image\/webp\" \/>\n<meta name=\"twitter:card\" content=\"summary_large_image\" \/>\n<meta name=\"twitter:label1\" content=\"Arvioitu lukuaika\" \/>\n\t<meta name=\"twitter:data1\" content=\"1 minuutti\" \/>\n<script type=\"application\/ld+json\" class=\"yoast-schema-graph\">{\"@context\":\"https:\/\/schema.org\",\"@graph\":[{\"@type\":\"WebPage\",\"@id\":\"https:\/\/idakorea.ee\/product\/toonik-vt-cosmetics-tx-toning-toner-200ml\/\",\"url\":\"https:\/\/idakorea.ee\/product\/toonik-vt-cosmetics-tx-toning-toner-200ml\/\",\"name\":\"VT Cosmetics TX-Toning Toner, 200ml - IDA.KOREA\",\"isPartOf\":{\"@id\":\"https:\/\/idakorea.ee\/#website\"},\"primaryImageOfPage\":{\"@id\":\"https:\/\/idakorea.ee\/product\/toonik-vt-cosmetics-tx-toning-toner-200ml\/#primaryimage\"},\"image\":{\"@id\":\"https:\/\/idakorea.ee\/product\/toonik-vt-cosmetics-tx-toning-toner-200ml\/#primaryimage\"},\"thumbnailUrl\":\"https:\/\/idakorea.ee\/wp-content\/uploads\/2025\/04\/vt-cosmetics-tx-toning-toner-nudie-glow-idakorea.webp\",\"datePublished\":\"2025-04-07T06:53:12+00:00\",\"dateModified\":\"2026-01-30T12:24:40+00:00\",\"description\":\"VT Cosmetics TX-Toning toonik on igap\u00e4evaseks kasutamiseks m\u00f5eldud toonik, mis aitab parandada naha tooni ja annab n\u00e4ole puhta ning s\u00e4rava jume.\",\"breadcrumb\":{\"@id\":\"https:\/\/idakorea.ee\/product\/toonik-vt-cosmetics-tx-toning-toner-200ml\/#breadcrumb\"},\"inLanguage\":\"fi\",\"potentialAction\":[{\"@type\":\"ReadAction\",\"target\":[\"https:\/\/idakorea.ee\/product\/toonik-vt-cosmetics-tx-toning-toner-200ml\/\"]}]},{\"@type\":\"ImageObject\",\"inLanguage\":\"fi\",\"@id\":\"https:\/\/idakorea.ee\/product\/toonik-vt-cosmetics-tx-toning-toner-200ml\/#primaryimage\",\"url\":\"https:\/\/idakorea.ee\/wp-content\/uploads\/2025\/04\/vt-cosmetics-tx-toning-toner-nudie-glow-idakorea.webp\",\"contentUrl\":\"https:\/\/idakorea.ee\/wp-content\/uploads\/2025\/04\/vt-cosmetics-tx-toning-toner-nudie-glow-idakorea.webp\",\"width\":1024,\"height\":1024},{\"@type\":\"BreadcrumbList\",\"@id\":\"https:\/\/idakorea.ee\/product\/toonik-vt-cosmetics-tx-toning-toner-200ml\/#breadcrumb\",\"itemListElement\":[{\"@type\":\"ListItem\",\"position\":1,\"name\":\"\u0413\u043b\u0430\u0432\u043d\u0430\u044f \u0441\u0442\u0440\u0430\u043d\u0438\u0446\u0430\",\"item\":\"https:\/\/idakorea.ee\/\"},{\"@type\":\"ListItem\",\"position\":2,\"name\":\"Shop\",\"item\":\"https:\/\/idakorea.ee\/shop-2\/\"},{\"@type\":\"ListItem\",\"position\":3,\"name\":\"Toonik VT Cosmetics TX-Toning Toner, 200ml\"}]},{\"@type\":\"WebSite\",\"@id\":\"https:\/\/idakorea.ee\/#website\",\"url\":\"https:\/\/idakorea.ee\/\",\"name\":\"IDA.KOREA\",\"description\":\"Korea kosmeetika e-pood\",\"publisher\":{\"@id\":\"https:\/\/idakorea.ee\/#organization\"},\"alternateName\":\"Beauty Shop\",\"potentialAction\":[{\"@type\":\"SearchAction\",\"target\":{\"@type\":\"EntryPoint\",\"urlTemplate\":\"https:\/\/idakorea.ee\/?s={search_term_string}\"},\"query-input\":{\"@type\":\"PropertyValueSpecification\",\"valueRequired\":true,\"valueName\":\"search_term_string\"}}],\"inLanguage\":\"fi\"},{\"@type\":\"Organization\",\"@id\":\"https:\/\/idakorea.ee\/#organization\",\"name\":\"IDA.KOREA\",\"url\":\"https:\/\/idakorea.ee\/\",\"logo\":{\"@type\":\"ImageObject\",\"inLanguage\":\"fi\",\"@id\":\"https:\/\/idakorea.ee\/#\/schema\/logo\/image\/\",\"url\":\"https:\/\/idakorea.ee\/wp-content\/uploads\/2024\/05\/cropped-korea3.png\",\"contentUrl\":\"https:\/\/idakorea.ee\/wp-content\/uploads\/2024\/05\/cropped-korea3.png\",\"width\":688,\"height\":126,\"caption\":\"IDA.KOREA\"},\"image\":{\"@id\":\"https:\/\/idakorea.ee\/#\/schema\/logo\/image\/\"},\"sameAs\":[\"https:\/\/www.instagram.com\/ida.korea\/\"]}]}<\/script>\n<!-- \/ Yoast SEO plugin. -->","yoast_head_json":{"title":"VT Cosmetics TX-Toning Toner, 200ml - IDA.KOREA","description":"VT Cosmetics TX-Toning -kasvovesi on p\u00e4ivitt\u00e4iseen k\u00e4ytt\u00f6\u00f6n tarkoitettu kasvovesi, joka auttaa parantamaan ihon s\u00e4vy\u00e4 ja antaa kasvoille puhtaan ja s\u00e4teilev\u00e4n s\u00e4vyn.","robots":{"index":"index","follow":"follow","max-snippet":"max-snippet:-1","max-image-preview":"max-image-preview:large","max-video-preview":"max-video-preview:-1"},"canonical":"https:\/\/idakorea.ee\/fi\/product\/toonik-vt-cosmetics-tx-toning-toner-200ml\/","og_locale":"fi_FI","og_type":"article","og_title":"VT Cosmetics TX-Toning Toner, 200ml - IDA.KOREA","og_description":"VT Cosmetics TX-Toning toonik on igap\u00e4evaseks kasutamiseks m\u00f5eldud toonik, mis aitab parandada naha tooni ja annab n\u00e4ole puhta ning s\u00e4rava jume.","og_url":"https:\/\/idakorea.ee\/fi\/product\/toonik-vt-cosmetics-tx-toning-toner-200ml\/","og_site_name":"IDA.KOREA","article_modified_time":"2026-01-30T12:24:40+00:00","og_image":[{"width":1024,"height":1024,"url":"https:\/\/idakorea.ee\/wp-content\/uploads\/2025\/04\/vt-cosmetics-tx-toning-toner-nudie-glow-idakorea.webp","type":"image\/webp"}],"twitter_card":"summary_large_image","twitter_misc":{"Arvioitu lukuaika":"1 minuutti"},"schema":{"@context":"https:\/\/schema.org","@graph":[{"@type":"WebPage","@id":"https:\/\/idakorea.ee\/product\/toonik-vt-cosmetics-tx-toning-toner-200ml\/","url":"https:\/\/idakorea.ee\/product\/toonik-vt-cosmetics-tx-toning-toner-200ml\/","name":"VT Cosmetics TX-Toning Toner, 200ml - IDA.KOREA","isPartOf":{"@id":"https:\/\/idakorea.ee\/#website"},"primaryImageOfPage":{"@id":"https:\/\/idakorea.ee\/product\/toonik-vt-cosmetics-tx-toning-toner-200ml\/#primaryimage"},"image":{"@id":"https:\/\/idakorea.ee\/product\/toonik-vt-cosmetics-tx-toning-toner-200ml\/#primaryimage"},"thumbnailUrl":"https:\/\/idakorea.ee\/wp-content\/uploads\/2025\/04\/vt-cosmetics-tx-toning-toner-nudie-glow-idakorea.webp","datePublished":"2025-04-07T06:53:12+00:00","dateModified":"2026-01-30T12:24:40+00:00","description":"VT Cosmetics TX-Toning -kasvovesi on p\u00e4ivitt\u00e4iseen k\u00e4ytt\u00f6\u00f6n tarkoitettu kasvovesi, joka auttaa parantamaan ihon s\u00e4vy\u00e4 ja antaa kasvoille puhtaan ja s\u00e4teilev\u00e4n s\u00e4vyn.","breadcrumb":{"@id":"https:\/\/idakorea.ee\/product\/toonik-vt-cosmetics-tx-toning-toner-200ml\/#breadcrumb"},"inLanguage":"fi","potentialAction":[{"@type":"ReadAction","target":["https:\/\/idakorea.ee\/product\/toonik-vt-cosmetics-tx-toning-toner-200ml\/"]}]},{"@type":"ImageObject","inLanguage":"fi","@id":"https:\/\/idakorea.ee\/product\/toonik-vt-cosmetics-tx-toning-toner-200ml\/#primaryimage","url":"https:\/\/idakorea.ee\/wp-content\/uploads\/2025\/04\/vt-cosmetics-tx-toning-toner-nudie-glow-idakorea.webp","contentUrl":"https:\/\/idakorea.ee\/wp-content\/uploads\/2025\/04\/vt-cosmetics-tx-toning-toner-nudie-glow-idakorea.webp","width":1024,"height":1024},{"@type":"BreadcrumbList","@id":"https:\/\/idakorea.ee\/product\/toonik-vt-cosmetics-tx-toning-toner-200ml\/#breadcrumb","itemListElement":[{"@type":"ListItem","position":1,"name":"\u0413\u043b\u0430\u0432\u043d\u0430\u044f \u0441\u0442\u0440\u0430\u043d\u0438\u0446\u0430","item":"https:\/\/idakorea.ee\/"},{"@type":"ListItem","position":2,"name":"Shop","item":"https:\/\/idakorea.ee\/shop-2\/"},{"@type":"ListItem","position":3,"name":"Toonik VT Cosmetics TX-Toning Toner, 200ml"}]},{"@type":"WebSite","@id":"https:\/\/idakorea.ee\/#website","url":"https:\/\/idakorea.ee\/","name":"IDA.KOREA","description":"Korean kosmetiikan verkkokauppa","publisher":{"@id":"https:\/\/idakorea.ee\/#organization"},"alternateName":"Beauty Shop","potentialAction":[{"@type":"SearchAction","target":{"@type":"EntryPoint","urlTemplate":"https:\/\/idakorea.ee\/?s={search_term_string}"},"query-input":{"@type":"PropertyValueSpecification","valueRequired":true,"valueName":"search_term_string"}}],"inLanguage":"fi"},{"@type":"Organization","@id":"https:\/\/idakorea.ee\/#organization","name":"IDA.KOREA","url":"https:\/\/idakorea.ee\/","logo":{"@type":"ImageObject","inLanguage":"fi","@id":"https:\/\/idakorea.ee\/#\/schema\/logo\/image\/","url":"https:\/\/idakorea.ee\/wp-content\/uploads\/2024\/05\/cropped-korea3.png","contentUrl":"https:\/\/idakorea.ee\/wp-content\/uploads\/2024\/05\/cropped-korea3.png","width":688,"height":126,"caption":"IDA.KOREA"},"image":{"@id":"https:\/\/idakorea.ee\/#\/schema\/logo\/image\/"},"sameAs":["https:\/\/www.instagram.com\/ida.korea\/"]}]}},"jetpack_sharing_enabled":true,"brands":[{"id":493,"name":"VT COSMETICS","slug":"vt"}],"_links":{"self":[{"href":"https:\/\/idakorea.ee\/fi\/wp-json\/wp\/v2\/product\/13472","targetHints":{"allow":["GET"]}}],"collection":[{"href":"https:\/\/idakorea.ee\/fi\/wp-json\/wp\/v2\/product"}],"about":[{"href":"https:\/\/idakorea.ee\/fi\/wp-json\/wp\/v2\/types\/product"}],"replies":[{"embeddable":true,"href":"https:\/\/idakorea.ee\/fi\/wp-json\/wp\/v2\/comments?post=13472"}],"version-history":[{"count":1,"href":"https:\/\/idakorea.ee\/fi\/wp-json\/wp\/v2\/product\/13472\/revisions"}],"predecessor-version":[{"id":13475,"href":"https:\/\/idakorea.ee\/fi\/wp-json\/wp\/v2\/product\/13472\/revisions\/13475"}],"wp:featuredmedia":[{"embeddable":true,"href":"https:\/\/idakorea.ee\/fi\/wp-json\/wp\/v2\/media\/13473"}],"wp:attachment":[{"href":"https:\/\/idakorea.ee\/fi\/wp-json\/wp\/v2\/media?parent=13472"}],"wp:term":[{"taxonomy":"pwb-brand","embeddable":true,"href":"https:\/\/idakorea.ee\/fi\/wp-json\/wp\/v2\/pwb-brand?post=13472"},{"taxonomy":"product_brand","embeddable":true,"href":"https:\/\/idakorea.ee\/fi\/wp-json\/wp\/v2\/product_brand?post=13472"},{"taxonomy":"product_cat","embeddable":true,"href":"https:\/\/idakorea.ee\/fi\/wp-json\/wp\/v2\/product_cat?post=13472"},{"taxonomy":"product_tag","embeddable":true,"href":"https:\/\/idakorea.ee\/fi\/wp-json\/wp\/v2\/product_tag?post=13472"}],"curies":[{"name":"wp","href":"https:\/\/api.w.org\/{rel}","templated":true}]}}