{"id":13481,"date":"2025-04-08T08:19:42","date_gmt":"2025-04-08T06:19:42","guid":{"rendered":"https:\/\/idakorea.ee\/?post_type=product&#038;p=13481"},"modified":"2026-04-04T13:17:19","modified_gmt":"2026-04-04T11:17:19","slug":"intensiivne-lamellaarne-kreem-probiootikumidega-skin1004-madagascar-centella-probio-cica-enrich-cream-15ml","status":"publish","type":"product","link":"https:\/\/idakorea.ee\/fi\/product\/intensiivne-lamellaarne-kreem-probiootikumidega-skin1004-madagascar-centella-probio-cica-enrich-cream-15ml\/","title":{"rendered":"Intensiivinen probioottinen kuorintavoide SKIN1004 Madagascar Centella Probio-Cica Enrich Cream, 15ml"},"content":{"rendered":"<p>Tehokas lamellivoide probiooteilla <strong>SKIN1004 Madagascar Centella Probio-Cica Enrich Cream<\/strong> on yleisesti vahvistava, parantaa ihon mikrobiomia ja est\u00e4\u00e4 bakteerien kasvua. Tuote t\u00e4ytt\u00e4\u00e4 ihon v\u00e4litt\u00f6m\u00e4sti ravinteilla, palauttaa kosteuden puutteen ja kosteuttaa aktiivisesti.<\/p>\n<p>Voide muodostaa suojaavan kerroksen, joka sulkee kudoksia ja v\u00e4hent\u00e4\u00e4 niiden herkkyytt\u00e4. Se yll\u00e4pit\u00e4\u00e4 optimaalisia kosteustasoja ja est\u00e4\u00e4 kuivumista. Se pehment\u00e4\u00e4 epidermiksen karheita alueita tukien ihon nuorekkuutta ja kimmoisuutta.<\/p>\n<p>Lamelliteknologia toimii laastarin periaatteella \u2013 se korjaa vaurioituneen lipidikerroksen ja palauttaa sarveiskerroksen eheyden.<\/p>\n<p>Voiteella on t\u00e4ytel\u00e4inen ja ravitseva koostumus, joka poistaa kuivuutta ja j\u00e4tt\u00e4\u00e4 iholle silkkisen pinnan.<\/p>\n<p><strong>T\u00e4rkeimm\u00e4t vaikuttavat aineet:<\/strong><\/p>\n<ul>\n<li>Asian Water Naba -uute on per\u00e4isin Madagaskarin ekologisesti puhtaalta alueelta per\u00e4isin olevista kasveista. Se rauhoittaa \u00e4rsytyst\u00e4 ja punoitusta, vahvistaa verisuonten sein\u00e4mi\u00e4, ehk\u00e4isee kapillaariverkoston muodostumista ja auttaa torjumaan ruusufinni\u00e4.<\/li>\n<li>Lactobacilli fermentointi saarelta Cedar on anti-inflammatorisia ominaisuuksia, palauttaa epidermisen toimintoja. Lievitt\u00e4\u00e4 tulehduksellisten ihosairauksien oireita, v\u00e4hent\u00e4\u00e4 ihon herkkyytt\u00e4 ja tukee ihon kimmoisuutta, sileytt\u00e4 ja kiinteytt\u00e4.<\/li>\n<li>TECA-kompleksilla (Asiaticoside, Madecassic Acid, Asiatic Acid, Madecassoside) on anti-inflammatorisia ja haavoja parantavia ominaisuuksia, se edist\u00e4\u00e4 ihon barrier-ominaisuuksien ja kosteudenpidon palautumista, v\u00e4hent\u00e4\u00e4 herkkyytt\u00e4, v\u00e4hent\u00e4\u00e4 turvotusta, vahvistaa verisuonia ja lievitt\u00e4\u00e4 ruusufinni\u00e4.<\/li>\n<li>Keramidit lis\u00e4\u00e4v\u00e4t ihon suojaavia toimintoja, ehk\u00e4isev\u00e4t kosteuden menetyst\u00e4 ja auttavat uudistamaan ihoa. Poistavat kuivuutta, hilseily\u00e4 ja ovat hy\u00f6dyllisi\u00e4 allergisten purkausten, ekseeman ja psoriaasin hoidossa.<\/li>\n<li>Macadamia\u00f6ljy pehment\u00e4\u00e4 ja ravitsee, palauttaa ihokudoksia ja sill\u00e4 on antioksidanttisia ominaisuuksia.<\/li>\n<li>Moringa\u00f6ljyll\u00e4 on antioksidanttinen vaikutus, se suojaa ymp\u00e4rist\u00f6tekij\u00f6iden ja vapaiden radikaalien aggressiivisilta vaikutuksilta ja rauhoittaa.<\/li>\n<li>Skvalaani rauhoittaa vaurioitunutta ja \u00e4rtynytt\u00e4 ihoa, sill\u00e4 on antioksidanttisia ominaisuuksia, se kosteuttaa ja suojaa ihoa ymp\u00e4rist\u00f6n negatiivisilta vaikutuksilta.<\/li>\n<\/ul>\n<p>Sopii kuivalle, normaalille ja herk\u00e4lle iholle.<\/p>\n<p><strong>K\u00e4ytt\u00f6opas:<\/strong> Levit\u00e4 tarvittava m\u00e4\u00e4r\u00e4 voidetta iholle hoidon viimeisess\u00e4 vaiheessa.<\/p>","protected":false},"excerpt":{"rendered":"<p>SKIN1004 Madagascar Centella Probio-Cica Enrich Cream -voiteella, jossa on probiootteja, on kokonaisvaltainen vahvistava vaikutus, se parantaa ihon mikrobiomia ja est\u00e4\u00e4 bakteerien lis\u00e4\u00e4ntymist\u00e4. Tuote t\u00e4ydent\u00e4\u00e4 ihoa v\u00e4litt\u00f6m\u00e4sti ravinteilla, palauttaa kosteusvajeen ja kosteuttaa aktiivisesti. Voide muodostaa suojaavan esteen, joka kiinteytt\u00e4\u00e4 kudoksia ja v\u00e4hent\u00e4\u00e4 niiden herkkyytt\u00e4. Se yll\u00e4pit\u00e4\u00e4 optimaalisen kosteustasapainon ja ehk\u00e4isee kuivumista. Pehment\u00e4\u00e4 karheaa epidermist\u00e4 aluetta, tukee...<\/p>","protected":false},"featured_media":13483,"comment_status":"open","ping_status":"closed","template":"","meta":{"_uf_show_specific_survey":0,"_uf_disable_surveys":false,"_bst_post_transparent":"default","_bst_post_title":"","_bst_post_layout":"default","_bst_post_sidebar_id":"","_bst_post_content_style":"default","_bst_post_vertical_padding":"default","_bst_post_feature":"","_bst_post_feature_position":"","_bst_post_header":false,"_bst_post_footer":false},"pwb-brand":[186],"product_brand":[],"product_cat":[92,96],"product_tag":[442,441],"class_list":{"0":"post-13481","1":"product","2":"type-product","3":"status-publish","4":"has-post-thumbnail","6":"pwb-brand-skin1004","7":"product_cat-nagu","8":"product_cat-naokreemid","9":"product_tag-probio","10":"product_tag-skin1004","12":"first","13":"instock","14":"sale","15":"shipping-taxable","16":"purchasable","17":"product-type-simple","18":"entry","19":"content-bg","20":"loop-entry"},"supplier_id":null,"supplier_sku":"","barcode":null,"atum_controlled":true,"out_stock_date":null,"out_stock_threshold":null,"inheritable":false,"inbound_stock":0,"stock_on_hold":0,"sold_today":0,"sales_last_days":1,"out_stock_days":0,"lost_sales":0,"has_location":false,"update_date":"2026-04-14T00:05:11","atum_locations":[],"atum_stock_status":"instock","restock_status":false,"low_stock_amount":"","sales_update_date":"2026-04-14T00:05:11","calc_backorders":null,"yoast_head":"<!-- This site is optimized with the Yoast SEO plugin v27.2 - https:\/\/yoast.com\/product\/yoast-seo-wordpress\/ -->\n<title>SKIN1004 Madagascar Centella Probio-Cica Enrich Cream, 15ml - IDA.KOREA<\/title>\n<meta name=\"description\" content=\"Intensiivne lamellaarne kreem probiootikumidega SKIN1004 Madagascar Centella Probio-Cica Enrich Cream avaldab \u00fcldist tugevdavat toimet, parandab naha mikrobioomi ja p\u00e4rsib bakterite paljunemist.\" \/>\n<meta name=\"robots\" content=\"index, follow, max-snippet:-1, max-image-preview:large, max-video-preview:-1\" \/>\n<link rel=\"canonical\" href=\"https:\/\/idakorea.ee\/fi\/product\/intensiivne-lamellaarne-kreem-probiootikumidega-skin1004-madagascar-centella-probio-cica-enrich-cream-15ml\/\" \/>\n<meta property=\"og:locale\" content=\"fi_FI\" \/>\n<meta property=\"og:type\" content=\"article\" \/>\n<meta property=\"og:title\" content=\"SKIN1004 Madagascar Centella Probio-Cica Enrich Cream, 15ml - IDA.KOREA\" \/>\n<meta property=\"og:description\" content=\"Intensiivne lamellaarne kreem probiootikumidega SKIN1004 Madagascar Centella Probio-Cica Enrich Cream avaldab \u00fcldist tugevdavat toimet, parandab naha mikrobioomi ja p\u00e4rsib bakterite paljunemist.\" \/>\n<meta property=\"og:url\" content=\"https:\/\/idakorea.ee\/fi\/product\/intensiivne-lamellaarne-kreem-probiootikumidega-skin1004-madagascar-centella-probio-cica-enrich-cream-15ml\/\" \/>\n<meta property=\"og:site_name\" content=\"IDA.KOREA\" \/>\n<meta property=\"article:modified_time\" content=\"2026-04-04T11:17:19+00:00\" \/>\n<meta property=\"og:image\" content=\"https:\/\/idakorea.ee\/wp-content\/uploads\/2025\/04\/1004-cica-enrich-cream-mini-15ml-idakorea.webp\" \/>\n\t<meta property=\"og:image:width\" content=\"800\" \/>\n\t<meta property=\"og:image:height\" content=\"800\" \/>\n\t<meta property=\"og:image:type\" content=\"image\/webp\" \/>\n<meta name=\"twitter:card\" content=\"summary_large_image\" \/>\n<meta name=\"twitter:label1\" content=\"Arvioitu lukuaika\" \/>\n\t<meta name=\"twitter:data1\" content=\"2 minuuttia\" \/>\n<script type=\"application\/ld+json\" class=\"yoast-schema-graph\">{\"@context\":\"https:\/\/schema.org\",\"@graph\":[{\"@type\":\"WebPage\",\"@id\":\"https:\/\/idakorea.ee\/product\/intensiivne-lamellaarne-kreem-probiootikumidega-skin1004-madagascar-centella-probio-cica-enrich-cream-15ml\/\",\"url\":\"https:\/\/idakorea.ee\/product\/intensiivne-lamellaarne-kreem-probiootikumidega-skin1004-madagascar-centella-probio-cica-enrich-cream-15ml\/\",\"name\":\"SKIN1004 Madagascar Centella Probio-Cica Enrich Cream, 15ml - IDA.KOREA\",\"isPartOf\":{\"@id\":\"https:\/\/idakorea.ee\/#website\"},\"primaryImageOfPage\":{\"@id\":\"https:\/\/idakorea.ee\/product\/intensiivne-lamellaarne-kreem-probiootikumidega-skin1004-madagascar-centella-probio-cica-enrich-cream-15ml\/#primaryimage\"},\"image\":{\"@id\":\"https:\/\/idakorea.ee\/product\/intensiivne-lamellaarne-kreem-probiootikumidega-skin1004-madagascar-centella-probio-cica-enrich-cream-15ml\/#primaryimage\"},\"thumbnailUrl\":\"https:\/\/idakorea.ee\/wp-content\/uploads\/2025\/04\/1004-cica-enrich-cream-mini-15ml-idakorea.webp\",\"datePublished\":\"2025-04-08T06:19:42+00:00\",\"dateModified\":\"2026-04-04T11:17:19+00:00\",\"description\":\"Intensiivne lamellaarne kreem probiootikumidega SKIN1004 Madagascar Centella Probio-Cica Enrich Cream avaldab \u00fcldist tugevdavat toimet, parandab naha mikrobioomi ja p\u00e4rsib bakterite paljunemist.\",\"breadcrumb\":{\"@id\":\"https:\/\/idakorea.ee\/product\/intensiivne-lamellaarne-kreem-probiootikumidega-skin1004-madagascar-centella-probio-cica-enrich-cream-15ml\/#breadcrumb\"},\"inLanguage\":\"fi\",\"potentialAction\":[{\"@type\":\"ReadAction\",\"target\":[\"https:\/\/idakorea.ee\/product\/intensiivne-lamellaarne-kreem-probiootikumidega-skin1004-madagascar-centella-probio-cica-enrich-cream-15ml\/\"]}]},{\"@type\":\"ImageObject\",\"inLanguage\":\"fi\",\"@id\":\"https:\/\/idakorea.ee\/product\/intensiivne-lamellaarne-kreem-probiootikumidega-skin1004-madagascar-centella-probio-cica-enrich-cream-15ml\/#primaryimage\",\"url\":\"https:\/\/idakorea.ee\/wp-content\/uploads\/2025\/04\/1004-cica-enrich-cream-mini-15ml-idakorea.webp\",\"contentUrl\":\"https:\/\/idakorea.ee\/wp-content\/uploads\/2025\/04\/1004-cica-enrich-cream-mini-15ml-idakorea.webp\",\"width\":800,\"height\":800},{\"@type\":\"BreadcrumbList\",\"@id\":\"https:\/\/idakorea.ee\/product\/intensiivne-lamellaarne-kreem-probiootikumidega-skin1004-madagascar-centella-probio-cica-enrich-cream-15ml\/#breadcrumb\",\"itemListElement\":[{\"@type\":\"ListItem\",\"position\":1,\"name\":\"\u0413\u043b\u0430\u0432\u043d\u0430\u044f \u0441\u0442\u0440\u0430\u043d\u0438\u0446\u0430\",\"item\":\"https:\/\/idakorea.ee\/\"},{\"@type\":\"ListItem\",\"position\":2,\"name\":\"Shop\",\"item\":\"https:\/\/idakorea.ee\/shop-2\/\"},{\"@type\":\"ListItem\",\"position\":3,\"name\":\"Intensiivne lamellaarne kreem probiootikumidega SKIN1004 Madagascar Centella Probio-Cica Enrich Cream, 15ml\"}]},{\"@type\":\"WebSite\",\"@id\":\"https:\/\/idakorea.ee\/#website\",\"url\":\"https:\/\/idakorea.ee\/\",\"name\":\"IDA.KOREA\",\"description\":\"Korea kosmeetika e-pood\",\"publisher\":{\"@id\":\"https:\/\/idakorea.ee\/#organization\"},\"alternateName\":\"Beauty Shop\",\"potentialAction\":[{\"@type\":\"SearchAction\",\"target\":{\"@type\":\"EntryPoint\",\"urlTemplate\":\"https:\/\/idakorea.ee\/?s={search_term_string}\"},\"query-input\":{\"@type\":\"PropertyValueSpecification\",\"valueRequired\":true,\"valueName\":\"search_term_string\"}}],\"inLanguage\":\"fi\"},{\"@type\":\"Organization\",\"@id\":\"https:\/\/idakorea.ee\/#organization\",\"name\":\"IDA.KOREA\",\"url\":\"https:\/\/idakorea.ee\/\",\"logo\":{\"@type\":\"ImageObject\",\"inLanguage\":\"fi\",\"@id\":\"https:\/\/idakorea.ee\/#\/schema\/logo\/image\/\",\"url\":\"https:\/\/idakorea.ee\/wp-content\/uploads\/2024\/05\/cropped-korea3.png\",\"contentUrl\":\"https:\/\/idakorea.ee\/wp-content\/uploads\/2024\/05\/cropped-korea3.png\",\"width\":688,\"height\":126,\"caption\":\"IDA.KOREA\"},\"image\":{\"@id\":\"https:\/\/idakorea.ee\/#\/schema\/logo\/image\/\"},\"sameAs\":[\"https:\/\/www.instagram.com\/ida.korea\/\"]}]}<\/script>\n<!-- \/ Yoast SEO plugin. -->","yoast_head_json":{"title":"SKIN1004 Madagascar Centella Probio-Cica Enrich Cream, 15 ml - IDA.KOREA","description":"Tehokas probiootteja sis\u00e4lt\u00e4v\u00e4 lamellivoide SKIN1004 Madagaskarin Centella Probio-Cica Enrich Creamilla on kokonaisvaltainen vahvistava vaikutus, se parantaa ihon mikrobiomia ja est\u00e4\u00e4 bakteerien kasvua.","robots":{"index":"index","follow":"follow","max-snippet":"max-snippet:-1","max-image-preview":"max-image-preview:large","max-video-preview":"max-video-preview:-1"},"canonical":"https:\/\/idakorea.ee\/fi\/product\/intensiivne-lamellaarne-kreem-probiootikumidega-skin1004-madagascar-centella-probio-cica-enrich-cream-15ml\/","og_locale":"fi_FI","og_type":"article","og_title":"SKIN1004 Madagascar Centella Probio-Cica Enrich Cream, 15ml - IDA.KOREA","og_description":"Intensiivne lamellaarne kreem probiootikumidega SKIN1004 Madagascar Centella Probio-Cica Enrich Cream avaldab \u00fcldist tugevdavat toimet, parandab naha mikrobioomi ja p\u00e4rsib bakterite paljunemist.","og_url":"https:\/\/idakorea.ee\/fi\/product\/intensiivne-lamellaarne-kreem-probiootikumidega-skin1004-madagascar-centella-probio-cica-enrich-cream-15ml\/","og_site_name":"IDA.KOREA","article_modified_time":"2026-04-04T11:17:19+00:00","og_image":[{"width":800,"height":800,"url":"https:\/\/idakorea.ee\/wp-content\/uploads\/2025\/04\/1004-cica-enrich-cream-mini-15ml-idakorea.webp","type":"image\/webp"}],"twitter_card":"summary_large_image","twitter_misc":{"Arvioitu lukuaika":"2 minuuttia"},"schema":{"@context":"https:\/\/schema.org","@graph":[{"@type":"WebPage","@id":"https:\/\/idakorea.ee\/product\/intensiivne-lamellaarne-kreem-probiootikumidega-skin1004-madagascar-centella-probio-cica-enrich-cream-15ml\/","url":"https:\/\/idakorea.ee\/product\/intensiivne-lamellaarne-kreem-probiootikumidega-skin1004-madagascar-centella-probio-cica-enrich-cream-15ml\/","name":"SKIN1004 Madagascar Centella Probio-Cica Enrich Cream, 15 ml - IDA.KOREA","isPartOf":{"@id":"https:\/\/idakorea.ee\/#website"},"primaryImageOfPage":{"@id":"https:\/\/idakorea.ee\/product\/intensiivne-lamellaarne-kreem-probiootikumidega-skin1004-madagascar-centella-probio-cica-enrich-cream-15ml\/#primaryimage"},"image":{"@id":"https:\/\/idakorea.ee\/product\/intensiivne-lamellaarne-kreem-probiootikumidega-skin1004-madagascar-centella-probio-cica-enrich-cream-15ml\/#primaryimage"},"thumbnailUrl":"https:\/\/idakorea.ee\/wp-content\/uploads\/2025\/04\/1004-cica-enrich-cream-mini-15ml-idakorea.webp","datePublished":"2025-04-08T06:19:42+00:00","dateModified":"2026-04-04T11:17:19+00:00","description":"Tehokas probiootteja sis\u00e4lt\u00e4v\u00e4 lamellivoide SKIN1004 Madagaskarin Centella Probio-Cica Enrich Creamilla on kokonaisvaltainen vahvistava vaikutus, se parantaa ihon mikrobiomia ja est\u00e4\u00e4 bakteerien kasvua.","breadcrumb":{"@id":"https:\/\/idakorea.ee\/product\/intensiivne-lamellaarne-kreem-probiootikumidega-skin1004-madagascar-centella-probio-cica-enrich-cream-15ml\/#breadcrumb"},"inLanguage":"fi","potentialAction":[{"@type":"ReadAction","target":["https:\/\/idakorea.ee\/product\/intensiivne-lamellaarne-kreem-probiootikumidega-skin1004-madagascar-centella-probio-cica-enrich-cream-15ml\/"]}]},{"@type":"ImageObject","inLanguage":"fi","@id":"https:\/\/idakorea.ee\/product\/intensiivne-lamellaarne-kreem-probiootikumidega-skin1004-madagascar-centella-probio-cica-enrich-cream-15ml\/#primaryimage","url":"https:\/\/idakorea.ee\/wp-content\/uploads\/2025\/04\/1004-cica-enrich-cream-mini-15ml-idakorea.webp","contentUrl":"https:\/\/idakorea.ee\/wp-content\/uploads\/2025\/04\/1004-cica-enrich-cream-mini-15ml-idakorea.webp","width":800,"height":800},{"@type":"BreadcrumbList","@id":"https:\/\/idakorea.ee\/product\/intensiivne-lamellaarne-kreem-probiootikumidega-skin1004-madagascar-centella-probio-cica-enrich-cream-15ml\/#breadcrumb","itemListElement":[{"@type":"ListItem","position":1,"name":"\u0413\u043b\u0430\u0432\u043d\u0430\u044f \u0441\u0442\u0440\u0430\u043d\u0438\u0446\u0430","item":"https:\/\/idakorea.ee\/"},{"@type":"ListItem","position":2,"name":"Shop","item":"https:\/\/idakorea.ee\/shop-2\/"},{"@type":"ListItem","position":3,"name":"Intensiivne lamellaarne kreem probiootikumidega SKIN1004 Madagascar Centella Probio-Cica Enrich Cream, 15ml"}]},{"@type":"WebSite","@id":"https:\/\/idakorea.ee\/#website","url":"https:\/\/idakorea.ee\/","name":"IDA.KOREA","description":"Korean kosmetiikan verkkokauppa","publisher":{"@id":"https:\/\/idakorea.ee\/#organization"},"alternateName":"Beauty Shop","potentialAction":[{"@type":"SearchAction","target":{"@type":"EntryPoint","urlTemplate":"https:\/\/idakorea.ee\/?s={search_term_string}"},"query-input":{"@type":"PropertyValueSpecification","valueRequired":true,"valueName":"search_term_string"}}],"inLanguage":"fi"},{"@type":"Organization","@id":"https:\/\/idakorea.ee\/#organization","name":"IDA.KOREA","url":"https:\/\/idakorea.ee\/","logo":{"@type":"ImageObject","inLanguage":"fi","@id":"https:\/\/idakorea.ee\/#\/schema\/logo\/image\/","url":"https:\/\/idakorea.ee\/wp-content\/uploads\/2024\/05\/cropped-korea3.png","contentUrl":"https:\/\/idakorea.ee\/wp-content\/uploads\/2024\/05\/cropped-korea3.png","width":688,"height":126,"caption":"IDA.KOREA"},"image":{"@id":"https:\/\/idakorea.ee\/#\/schema\/logo\/image\/"},"sameAs":["https:\/\/www.instagram.com\/ida.korea\/"]}]}},"jetpack_sharing_enabled":true,"brands":[{"id":186,"name":"SKIN1004","slug":"skin1004"}],"_links":{"self":[{"href":"https:\/\/idakorea.ee\/fi\/wp-json\/wp\/v2\/product\/13481","targetHints":{"allow":["GET"]}}],"collection":[{"href":"https:\/\/idakorea.ee\/fi\/wp-json\/wp\/v2\/product"}],"about":[{"href":"https:\/\/idakorea.ee\/fi\/wp-json\/wp\/v2\/types\/product"}],"replies":[{"embeddable":true,"href":"https:\/\/idakorea.ee\/fi\/wp-json\/wp\/v2\/comments?post=13481"}],"version-history":[{"count":1,"href":"https:\/\/idakorea.ee\/fi\/wp-json\/wp\/v2\/product\/13481\/revisions"}],"predecessor-version":[{"id":13486,"href":"https:\/\/idakorea.ee\/fi\/wp-json\/wp\/v2\/product\/13481\/revisions\/13486"}],"wp:featuredmedia":[{"embeddable":true,"href":"https:\/\/idakorea.ee\/fi\/wp-json\/wp\/v2\/media\/13483"}],"wp:attachment":[{"href":"https:\/\/idakorea.ee\/fi\/wp-json\/wp\/v2\/media?parent=13481"}],"wp:term":[{"taxonomy":"pwb-brand","embeddable":true,"href":"https:\/\/idakorea.ee\/fi\/wp-json\/wp\/v2\/pwb-brand?post=13481"},{"taxonomy":"product_brand","embeddable":true,"href":"https:\/\/idakorea.ee\/fi\/wp-json\/wp\/v2\/product_brand?post=13481"},{"taxonomy":"product_cat","embeddable":true,"href":"https:\/\/idakorea.ee\/fi\/wp-json\/wp\/v2\/product_cat?post=13481"},{"taxonomy":"product_tag","embeddable":true,"href":"https:\/\/idakorea.ee\/fi\/wp-json\/wp\/v2\/product_tag?post=13481"}],"curies":[{"name":"wp","href":"https:\/\/api.w.org\/{rel}","templated":true}]}}