{"id":13488,"date":"2025-04-08T09:55:04","date_gmt":"2025-04-08T07:55:04","guid":{"rendered":"https:\/\/idakorea.ee\/?post_type=product&#038;p=13488"},"modified":"2026-03-04T14:41:32","modified_gmt":"2026-03-04T12:41:32","slug":"p-aikesekaitsepulk-skin1004-hyalu-cica-silky-fit-spf50-pa-20g","status":"publish","type":"product","link":"https:\/\/idakorea.ee\/fi\/product\/p-aikesekaitsepulk-skin1004-hyalu-cica-silky-fit-spf50-pa-20g\/","title":{"rendered":"Aurinkosuojatikku SKIN1004 Hyalu-Cica Silky-Fit SPF50+ PA++++, 20 g"},"content":{"rendered":"<p><strong style=\"font-family: var(--global-body-font-family);\">Aurinkosuojatikku <\/strong><strong>SKIN1004 Hyalu-Cica Silky-Fit SPF50+ PA++++<\/strong> tarjoaa maksimaalisen suojan UV-s\u00e4teilt\u00e4, ehk\u00e4isee punoitusta, auringonpolttamia, pigmentaatiota ja valon vanhenemisen merkkej\u00e4.<\/p>\n<p>Se on nopea ja hygieeninen levitt\u00e4\u00e4 ja sopii t\u00e4ydellisesti p\u00e4iv\u00e4k\u00e4ytt\u00f6\u00f6n ja matkak\u00e4ytt\u00f6\u00f6n. Tarjoaa optimaalisen kosteutuksen, ehk\u00e4isee kuivumista ja rypistymisen tunnetta.<\/p>\n<p>Ei sula hikeen tai rasvaan. Kevyt koostumus, ei j\u00e4t\u00e4 iholle rasvaista kiiltoa. Sopii sek\u00e4 kasvoille ett\u00e4 vartalolle.<\/p>\n<p><strong>Sis\u00e4lt\u00e4\u00e4 uuden sukupolven fotostabiileja kemiallisia UV-suodattimia:<\/strong><\/p>\n<ul>\n<li><strong>Uvinul A Plus<\/strong> (Diethylamino Hydroxybenzoyl Hexyl Benzoate) - suojaa UVA-s\u00e4teilt\u00e4.<\/li>\n<li><strong>Uvinul T 150<\/strong> (Etyyliheksyylitriatsoni) - suojaa UVB-s\u00e4teilt\u00e4.<\/li>\n<li><strong>Tinosorb S<\/strong> (Bis-Ethylhexyloxyphenol Methoxyphenyl Triazine) - laajakirjoinen suodatin, joka suojaa sek\u00e4 UVA- ett\u00e4 UVB-s\u00e4teilt\u00e4.<\/li>\n<li><strong>Parsol SLX<\/strong> (Polysilicone-15) - Tarjoaa UVB-suojan ja antaa miellytt\u00e4v\u00e4n, ruskettumattoman lopputuloksen.<\/li>\n<\/ul>\n<p><strong>T\u00e4rkeimm\u00e4t vaikuttavat aineet:<\/strong><\/p>\n<ul>\n<li><strong>Hyalu-Cica<\/strong> - hyaluronihappoa ja aasialaista vesikrassia (centella asiatica) sis\u00e4lt\u00e4v\u00e4 kompleksi, joka kosteuttaa, rauhoittaa ja pehment\u00e4\u00e4 syv\u00e4sti my\u00f6s herkint\u00e4 ihoa.<\/li>\n<li><strong>Aloe vera -uute<\/strong> - rauhoittaa, lievitt\u00e4\u00e4 punoitusta ja kutinaa, palauttaa kimmoisuuden ja kosteustasapainon.<\/li>\n<li><strong>Neem-puuuuteuute<\/strong> - Tulehdusta ehk\u00e4isev\u00e4 ja antiseptinen, silottaa ja pehment\u00e4\u00e4 ihoa.<\/li>\n<li><strong>Munakoisouute<\/strong> - antioksidantti, v\u00e4hent\u00e4\u00e4 tulehduksia ja mikrobiologisia ongelmia.<\/li>\n<li><strong>Vihre\u00e4n teen lehtiuute<\/strong> - s\u00e4vytt\u00e4\u00e4, suojaa soluja hapettumisstressilt\u00e4, v\u00e4hent\u00e4\u00e4 turvotusta ja normalisoi \u00f6ljynerityst\u00e4.<\/li>\n<li><strong>Kahvin siemenuute<\/strong> - ferulihappoa sis\u00e4lt\u00e4v\u00e4 antioksidantti, joka hidastaa ik\u00e4\u00e4ntymisprosessia ja suojaa UV-s\u00e4teilt\u00e4.<\/li>\n<li><strong>Punainen katkarapu (Corallina officinalis) -uute<\/strong> - v\u00e4hent\u00e4\u00e4 turvotusta, edist\u00e4\u00e4 kollageenin tuotantoa, palauttaa kimmoisuuden ja nopeuttaa paranemista.<\/li>\n<li><strong>Kurkumauute<\/strong> - anti-inflammatorinen, antioksidantti ja s\u00e4\u00e4telee talintuotantoa.<\/li>\n<li><strong>Jojoba\u00f6ljy<\/strong> - A- ja E-vitamiinin l\u00e4hde, ravitsee, pehment\u00e4\u00e4 ja palauttaa ihon kimmoisuuden.<\/li>\n<\/ul>\n<p>&nbsp;<\/p>\n<p>Sopii kaikille ihotyypeille.<\/p>\n<p><strong>K\u00e4ytt\u00f6:<\/strong><br \/>\nLevit\u00e4 jokaisen p\u00e4ivitt\u00e4isen ihonhoitorutiinisi vaiheen j\u00e4lkeen 3-4 kerrosta tikkua alttiille alueille 20-30 minuuttia ennen ulkoilua. Jos olet suorassa auringossa (esim. rannalla), levit\u00e4 uudelleen 2 tunnin v\u00e4lein.<\/p>\n<p>&nbsp;<\/p>","protected":false},"excerpt":{"rendered":"<p>Aurinkosuoja SKIN1004 Hyalu-Cica Silky-Fit SPF50+ PA++++ antaa maksimaalisen suojan UV-s\u00e4teilt\u00e4, ehk\u00e4isee punoitusta, auringonpolttamia, pigmentaatiota ja valon ik\u00e4\u00e4ntymisen merkkej\u00e4. Tuote levittyy nopeasti ja hygieenisesti ja sopii erinomaisesti p\u00e4iv\u00e4k\u00e4ytt\u00f6\u00f6n ja matkak\u00e4ytt\u00f6\u00f6n. Tarjoaa optimaalisen kosteutuksen, ehk\u00e4isee kuivumista ja kirist\u00e4v\u00e4\u00e4 tunnetta. Ei sula hikoilun tai rasvan vaikutuksesta. Kevyt koostumus, ei j\u00e4t\u00e4 ihoa rasvaiseksi....<\/p>","protected":false},"featured_media":13489,"comment_status":"open","ping_status":"closed","template":"","meta":{"_uf_show_specific_survey":0,"_uf_disable_surveys":false,"_bst_post_transparent":"default","_bst_post_title":"","_bst_post_layout":"default","_bst_post_sidebar_id":"","_bst_post_content_style":"default","_bst_post_vertical_padding":"default","_bst_post_feature":"","_bst_post_feature_position":"","_bst_post_header":false,"_bst_post_footer":false},"pwb-brand":[186],"product_brand":[],"product_cat":[101],"product_tag":[441,872],"class_list":{"0":"post-13488","1":"product","2":"type-product","3":"status-publish","4":"has-post-thumbnail","6":"pwb-brand-skin1004","7":"product_cat-paikesekaitse","8":"product_tag-skin1004","9":"product_tag-sun-stick","11":"first","12":"instock","13":"sale","14":"shipping-taxable","15":"purchasable","16":"product-type-simple","17":"entry","18":"content-bg","19":"loop-entry"},"supplier_id":null,"supplier_sku":"","barcode":null,"atum_controlled":true,"out_stock_date":null,"out_stock_threshold":null,"inheritable":false,"inbound_stock":0,"stock_on_hold":0,"sold_today":0,"sales_last_days":0,"out_stock_days":0,"lost_sales":0,"has_location":false,"update_date":"2026-04-14T00:05:10","atum_locations":[],"atum_stock_status":"instock","restock_status":false,"low_stock_amount":"","sales_update_date":"2026-04-14T00:05:10","calc_backorders":null,"yoast_head":"<!-- This site is optimized with the Yoast SEO plugin v27.2 - https:\/\/yoast.com\/product\/yoast-seo-wordpress\/ -->\n<title>SKIN1004 Hyalu-Cica Silky-Fit SPF50+ PA++++, 20g - IDA.KOREA<\/title>\n<meta name=\"description\" content=\"P\u00e4ikesekaitsepulk SKIN1004 Hyalu-Cica Silky-Fit\u00a0 SPF50+ PA++++ pakub maksimaalset kaitset UV-kiirte eest, ennetab naha punetust, p\u00e4ikesep\u00f5letusi, pigmendilaike ja fotovananemise m\u00e4rke.\" \/>\n<meta name=\"robots\" content=\"index, follow, max-snippet:-1, max-image-preview:large, max-video-preview:-1\" \/>\n<link rel=\"canonical\" href=\"https:\/\/idakorea.ee\/fi\/product\/p-aikesekaitsepulk-skin1004-hyalu-cica-silky-fit-spf50-pa-20g\/\" \/>\n<meta property=\"og:locale\" content=\"fi_FI\" \/>\n<meta property=\"og:type\" content=\"article\" \/>\n<meta property=\"og:title\" content=\"SKIN1004 Hyalu-Cica Silky-Fit SPF50+ PA++++, 20g - IDA.KOREA\" \/>\n<meta property=\"og:description\" content=\"P\u00e4ikesekaitsepulk SKIN1004 Hyalu-Cica Silky-Fit\u00a0 SPF50+ PA++++ pakub maksimaalset kaitset UV-kiirte eest, ennetab naha punetust, p\u00e4ikesep\u00f5letusi, pigmendilaike ja fotovananemise m\u00e4rke.\" \/>\n<meta property=\"og:url\" content=\"https:\/\/idakorea.ee\/fi\/product\/p-aikesekaitsepulk-skin1004-hyalu-cica-silky-fit-spf50-pa-20g\/\" \/>\n<meta property=\"og:site_name\" content=\"IDA.KOREA\" \/>\n<meta property=\"article:modified_time\" content=\"2026-03-04T12:41:32+00:00\" \/>\n<meta property=\"og:image\" content=\"https:\/\/idakorea.ee\/wp-content\/uploads\/2025\/04\/skin1004-hyalu_cica-silky_fit-sun-stick-spf50_-pa_idakorea.jpg\" \/>\n\t<meta property=\"og:image:width\" content=\"1000\" \/>\n\t<meta property=\"og:image:height\" content=\"1000\" \/>\n\t<meta property=\"og:image:type\" content=\"image\/jpeg\" \/>\n<meta name=\"twitter:card\" content=\"summary_large_image\" \/>\n<meta name=\"twitter:label1\" content=\"Arvioitu lukuaika\" \/>\n\t<meta name=\"twitter:data1\" content=\"2 minuuttia\" \/>\n<script type=\"application\/ld+json\" class=\"yoast-schema-graph\">{\"@context\":\"https:\/\/schema.org\",\"@graph\":[{\"@type\":\"WebPage\",\"@id\":\"https:\/\/idakorea.ee\/product\/p-aikesekaitsepulk-skin1004-hyalu-cica-silky-fit-spf50-pa-20g\/\",\"url\":\"https:\/\/idakorea.ee\/product\/p-aikesekaitsepulk-skin1004-hyalu-cica-silky-fit-spf50-pa-20g\/\",\"name\":\"SKIN1004 Hyalu-Cica Silky-Fit SPF50+ PA++++, 20g - IDA.KOREA\",\"isPartOf\":{\"@id\":\"https:\/\/idakorea.ee\/#website\"},\"primaryImageOfPage\":{\"@id\":\"https:\/\/idakorea.ee\/product\/p-aikesekaitsepulk-skin1004-hyalu-cica-silky-fit-spf50-pa-20g\/#primaryimage\"},\"image\":{\"@id\":\"https:\/\/idakorea.ee\/product\/p-aikesekaitsepulk-skin1004-hyalu-cica-silky-fit-spf50-pa-20g\/#primaryimage\"},\"thumbnailUrl\":\"https:\/\/idakorea.ee\/wp-content\/uploads\/2025\/04\/skin1004-hyalu_cica-silky_fit-sun-stick-spf50_-pa_idakorea.jpg\",\"datePublished\":\"2025-04-08T07:55:04+00:00\",\"dateModified\":\"2026-03-04T12:41:32+00:00\",\"description\":\"P\u00e4ikesekaitsepulk SKIN1004 Hyalu-Cica Silky-Fit\u00a0 SPF50+ PA++++ pakub maksimaalset kaitset UV-kiirte eest, ennetab naha punetust, p\u00e4ikesep\u00f5letusi, pigmendilaike ja fotovananemise m\u00e4rke.\",\"breadcrumb\":{\"@id\":\"https:\/\/idakorea.ee\/product\/p-aikesekaitsepulk-skin1004-hyalu-cica-silky-fit-spf50-pa-20g\/#breadcrumb\"},\"inLanguage\":\"fi\",\"potentialAction\":[{\"@type\":\"ReadAction\",\"target\":[\"https:\/\/idakorea.ee\/product\/p-aikesekaitsepulk-skin1004-hyalu-cica-silky-fit-spf50-pa-20g\/\"]}]},{\"@type\":\"ImageObject\",\"inLanguage\":\"fi\",\"@id\":\"https:\/\/idakorea.ee\/product\/p-aikesekaitsepulk-skin1004-hyalu-cica-silky-fit-spf50-pa-20g\/#primaryimage\",\"url\":\"https:\/\/idakorea.ee\/wp-content\/uploads\/2025\/04\/skin1004-hyalu_cica-silky_fit-sun-stick-spf50_-pa_idakorea.jpg\",\"contentUrl\":\"https:\/\/idakorea.ee\/wp-content\/uploads\/2025\/04\/skin1004-hyalu_cica-silky_fit-sun-stick-spf50_-pa_idakorea.jpg\",\"width\":1000,\"height\":1000},{\"@type\":\"BreadcrumbList\",\"@id\":\"https:\/\/idakorea.ee\/product\/p-aikesekaitsepulk-skin1004-hyalu-cica-silky-fit-spf50-pa-20g\/#breadcrumb\",\"itemListElement\":[{\"@type\":\"ListItem\",\"position\":1,\"name\":\"\u0413\u043b\u0430\u0432\u043d\u0430\u044f \u0441\u0442\u0440\u0430\u043d\u0438\u0446\u0430\",\"item\":\"https:\/\/idakorea.ee\/\"},{\"@type\":\"ListItem\",\"position\":2,\"name\":\"Shop\",\"item\":\"https:\/\/idakorea.ee\/shop-2\/\"},{\"@type\":\"ListItem\",\"position\":3,\"name\":\"P\u00e4ikesekaitsepulk SKIN1004 Hyalu-Cica Silky-Fit SPF50+ PA++++, 20g\"}]},{\"@type\":\"WebSite\",\"@id\":\"https:\/\/idakorea.ee\/#website\",\"url\":\"https:\/\/idakorea.ee\/\",\"name\":\"IDA.KOREA\",\"description\":\"Korea kosmeetika e-pood\",\"publisher\":{\"@id\":\"https:\/\/idakorea.ee\/#organization\"},\"alternateName\":\"Beauty Shop\",\"potentialAction\":[{\"@type\":\"SearchAction\",\"target\":{\"@type\":\"EntryPoint\",\"urlTemplate\":\"https:\/\/idakorea.ee\/?s={search_term_string}\"},\"query-input\":{\"@type\":\"PropertyValueSpecification\",\"valueRequired\":true,\"valueName\":\"search_term_string\"}}],\"inLanguage\":\"fi\"},{\"@type\":\"Organization\",\"@id\":\"https:\/\/idakorea.ee\/#organization\",\"name\":\"IDA.KOREA\",\"url\":\"https:\/\/idakorea.ee\/\",\"logo\":{\"@type\":\"ImageObject\",\"inLanguage\":\"fi\",\"@id\":\"https:\/\/idakorea.ee\/#\/schema\/logo\/image\/\",\"url\":\"https:\/\/idakorea.ee\/wp-content\/uploads\/2024\/05\/cropped-korea3.png\",\"contentUrl\":\"https:\/\/idakorea.ee\/wp-content\/uploads\/2024\/05\/cropped-korea3.png\",\"width\":688,\"height\":126,\"caption\":\"IDA.KOREA\"},\"image\":{\"@id\":\"https:\/\/idakorea.ee\/#\/schema\/logo\/image\/\"},\"sameAs\":[\"https:\/\/www.instagram.com\/ida.korea\/\"]}]}<\/script>\n<!-- \/ Yoast SEO plugin. -->","yoast_head_json":{"title":"SKIN1004 Hyalu-Cica Silky-Fit SPF50+ PA++++, 20g - IDA.KOREA","description":"Aurinkosuojapuikko SKIN1004 Hyalu-Cica Silky-Fit SPF50+ PA++++ tarjoaa maksimaalisen suojan UV-s\u00e4teit\u00e4 vastaan, ehk\u00e4isee ihon punoitusta, auringonpolttamaa, pigmenttil\u00e4iski\u00e4 ja valon aiheuttamaa ik\u00e4\u00e4ntymist\u00e4.","robots":{"index":"index","follow":"follow","max-snippet":"max-snippet:-1","max-image-preview":"max-image-preview:large","max-video-preview":"max-video-preview:-1"},"canonical":"https:\/\/idakorea.ee\/fi\/product\/p-aikesekaitsepulk-skin1004-hyalu-cica-silky-fit-spf50-pa-20g\/","og_locale":"fi_FI","og_type":"article","og_title":"SKIN1004 Hyalu-Cica Silky-Fit SPF50+ PA++++, 20g - IDA.KOREA","og_description":"P\u00e4ikesekaitsepulk SKIN1004 Hyalu-Cica Silky-Fit\u00a0 SPF50+ PA++++ pakub maksimaalset kaitset UV-kiirte eest, ennetab naha punetust, p\u00e4ikesep\u00f5letusi, pigmendilaike ja fotovananemise m\u00e4rke.","og_url":"https:\/\/idakorea.ee\/fi\/product\/p-aikesekaitsepulk-skin1004-hyalu-cica-silky-fit-spf50-pa-20g\/","og_site_name":"IDA.KOREA","article_modified_time":"2026-03-04T12:41:32+00:00","og_image":[{"width":1000,"height":1000,"url":"https:\/\/idakorea.ee\/wp-content\/uploads\/2025\/04\/skin1004-hyalu_cica-silky_fit-sun-stick-spf50_-pa_idakorea.jpg","type":"image\/jpeg"}],"twitter_card":"summary_large_image","twitter_misc":{"Arvioitu lukuaika":"2 minuuttia"},"schema":{"@context":"https:\/\/schema.org","@graph":[{"@type":"WebPage","@id":"https:\/\/idakorea.ee\/product\/p-aikesekaitsepulk-skin1004-hyalu-cica-silky-fit-spf50-pa-20g\/","url":"https:\/\/idakorea.ee\/product\/p-aikesekaitsepulk-skin1004-hyalu-cica-silky-fit-spf50-pa-20g\/","name":"SKIN1004 Hyalu-Cica Silky-Fit SPF50+ PA++++, 20g - IDA.KOREA","isPartOf":{"@id":"https:\/\/idakorea.ee\/#website"},"primaryImageOfPage":{"@id":"https:\/\/idakorea.ee\/product\/p-aikesekaitsepulk-skin1004-hyalu-cica-silky-fit-spf50-pa-20g\/#primaryimage"},"image":{"@id":"https:\/\/idakorea.ee\/product\/p-aikesekaitsepulk-skin1004-hyalu-cica-silky-fit-spf50-pa-20g\/#primaryimage"},"thumbnailUrl":"https:\/\/idakorea.ee\/wp-content\/uploads\/2025\/04\/skin1004-hyalu_cica-silky_fit-sun-stick-spf50_-pa_idakorea.jpg","datePublished":"2025-04-08T07:55:04+00:00","dateModified":"2026-03-04T12:41:32+00:00","description":"Aurinkosuojapuikko SKIN1004 Hyalu-Cica Silky-Fit SPF50+ PA++++ tarjoaa maksimaalisen suojan UV-s\u00e4teit\u00e4 vastaan, ehk\u00e4isee ihon punoitusta, auringonpolttamaa, pigmenttil\u00e4iski\u00e4 ja valon aiheuttamaa ik\u00e4\u00e4ntymist\u00e4.","breadcrumb":{"@id":"https:\/\/idakorea.ee\/product\/p-aikesekaitsepulk-skin1004-hyalu-cica-silky-fit-spf50-pa-20g\/#breadcrumb"},"inLanguage":"fi","potentialAction":[{"@type":"ReadAction","target":["https:\/\/idakorea.ee\/product\/p-aikesekaitsepulk-skin1004-hyalu-cica-silky-fit-spf50-pa-20g\/"]}]},{"@type":"ImageObject","inLanguage":"fi","@id":"https:\/\/idakorea.ee\/product\/p-aikesekaitsepulk-skin1004-hyalu-cica-silky-fit-spf50-pa-20g\/#primaryimage","url":"https:\/\/idakorea.ee\/wp-content\/uploads\/2025\/04\/skin1004-hyalu_cica-silky_fit-sun-stick-spf50_-pa_idakorea.jpg","contentUrl":"https:\/\/idakorea.ee\/wp-content\/uploads\/2025\/04\/skin1004-hyalu_cica-silky_fit-sun-stick-spf50_-pa_idakorea.jpg","width":1000,"height":1000},{"@type":"BreadcrumbList","@id":"https:\/\/idakorea.ee\/product\/p-aikesekaitsepulk-skin1004-hyalu-cica-silky-fit-spf50-pa-20g\/#breadcrumb","itemListElement":[{"@type":"ListItem","position":1,"name":"\u0413\u043b\u0430\u0432\u043d\u0430\u044f \u0441\u0442\u0440\u0430\u043d\u0438\u0446\u0430","item":"https:\/\/idakorea.ee\/"},{"@type":"ListItem","position":2,"name":"Shop","item":"https:\/\/idakorea.ee\/shop-2\/"},{"@type":"ListItem","position":3,"name":"P\u00e4ikesekaitsepulk SKIN1004 Hyalu-Cica Silky-Fit SPF50+ PA++++, 20g"}]},{"@type":"WebSite","@id":"https:\/\/idakorea.ee\/#website","url":"https:\/\/idakorea.ee\/","name":"IDA.KOREA","description":"Korean kosmetiikan verkkokauppa","publisher":{"@id":"https:\/\/idakorea.ee\/#organization"},"alternateName":"Beauty Shop","potentialAction":[{"@type":"SearchAction","target":{"@type":"EntryPoint","urlTemplate":"https:\/\/idakorea.ee\/?s={search_term_string}"},"query-input":{"@type":"PropertyValueSpecification","valueRequired":true,"valueName":"search_term_string"}}],"inLanguage":"fi"},{"@type":"Organization","@id":"https:\/\/idakorea.ee\/#organization","name":"IDA.KOREA","url":"https:\/\/idakorea.ee\/","logo":{"@type":"ImageObject","inLanguage":"fi","@id":"https:\/\/idakorea.ee\/#\/schema\/logo\/image\/","url":"https:\/\/idakorea.ee\/wp-content\/uploads\/2024\/05\/cropped-korea3.png","contentUrl":"https:\/\/idakorea.ee\/wp-content\/uploads\/2024\/05\/cropped-korea3.png","width":688,"height":126,"caption":"IDA.KOREA"},"image":{"@id":"https:\/\/idakorea.ee\/#\/schema\/logo\/image\/"},"sameAs":["https:\/\/www.instagram.com\/ida.korea\/"]}]}},"jetpack_sharing_enabled":true,"brands":[{"id":186,"name":"SKIN1004","slug":"skin1004"}],"_links":{"self":[{"href":"https:\/\/idakorea.ee\/fi\/wp-json\/wp\/v2\/product\/13488","targetHints":{"allow":["GET"]}}],"collection":[{"href":"https:\/\/idakorea.ee\/fi\/wp-json\/wp\/v2\/product"}],"about":[{"href":"https:\/\/idakorea.ee\/fi\/wp-json\/wp\/v2\/types\/product"}],"replies":[{"embeddable":true,"href":"https:\/\/idakorea.ee\/fi\/wp-json\/wp\/v2\/comments?post=13488"}],"version-history":[{"count":2,"href":"https:\/\/idakorea.ee\/fi\/wp-json\/wp\/v2\/product\/13488\/revisions"}],"predecessor-version":[{"id":13494,"href":"https:\/\/idakorea.ee\/fi\/wp-json\/wp\/v2\/product\/13488\/revisions\/13494"}],"wp:featuredmedia":[{"embeddable":true,"href":"https:\/\/idakorea.ee\/fi\/wp-json\/wp\/v2\/media\/13489"}],"wp:attachment":[{"href":"https:\/\/idakorea.ee\/fi\/wp-json\/wp\/v2\/media?parent=13488"}],"wp:term":[{"taxonomy":"pwb-brand","embeddable":true,"href":"https:\/\/idakorea.ee\/fi\/wp-json\/wp\/v2\/pwb-brand?post=13488"},{"taxonomy":"product_brand","embeddable":true,"href":"https:\/\/idakorea.ee\/fi\/wp-json\/wp\/v2\/product_brand?post=13488"},{"taxonomy":"product_cat","embeddable":true,"href":"https:\/\/idakorea.ee\/fi\/wp-json\/wp\/v2\/product_cat?post=13488"},{"taxonomy":"product_tag","embeddable":true,"href":"https:\/\/idakorea.ee\/fi\/wp-json\/wp\/v2\/product_tag?post=13488"}],"curies":[{"name":"wp","href":"https:\/\/api.w.org\/{rel}","templated":true}]}}