{"id":13501,"date":"2025-04-09T12:39:19","date_gmt":"2025-04-09T10:39:19","guid":{"rendered":"https:\/\/idakorea.ee\/?post_type=product&#038;p=13501"},"modified":"2026-04-04T13:16:17","modified_gmt":"2026-04-04T11:16:17","slug":"ultaohuke-niisutav-geelmask-round-lab-1025-dokdo-hydrating-water-gel-mask-sheet","status":"publish","type":"product","link":"https:\/\/idakorea.ee\/fi\/product\/ultaohuke-niisutav-geelmask-round-lab-1025-dokdo-hydrating-water-gel-mask-sheet\/","title":{"rendered":"Eritt\u00e4in ohut kosteuttava geelinaamio Round Lab 1025 Dokdo Hydrating Water Gel Mask -levy"},"content":{"rendered":"<p><strong>Round Lab kosteuttava vesigeelinaamio<\/strong> Kyll\u00e4st\u00e4\u00e4 ihoa hy\u00f6dyllisill\u00e4 aineilla, jotka ovat t\u00e4rkeit\u00e4 ihon terveyden ja kauneuden yll\u00e4pit\u00e4miselle. Vahvistaa merkitt\u00e4v\u00e4sti ihon suojakerrosta ja suojaa haitallisilta ymp\u00e4rist\u00f6tekij\u00f6ilt\u00e4.<\/p>\n<p>Tuote auttaa palauttamaan nopeasti kosteudenpuutteen, lievitt\u00e4\u00e4 kuivuutta ja kireyden tunnetta. Ehk\u00e4isee ihon kuivumista ja auttaa yll\u00e4pit\u00e4m\u00e4\u00e4n optimaalista kosteustasoa epidermiksess\u00e4. Palauttaa lipidikerroksen ja aktivoi aineenvaihduntaprosesseja.<\/p>\n<p><strong>P\u00e4\u00e4ainesosa<\/strong> \u2013 <strong>Tokto-saaren syv\u00e4nmeren vesi<\/strong>, sis\u00e4lt\u00e4\u00e4 72 erilaista hy\u00f6dyllist\u00e4 mineraalia, makro- ja mikroelementti\u00e4, jotka vakauttavat ihon kuntoa, s\u00e4ilytt\u00e4v\u00e4t kosteutta sek\u00e4 auttavat v\u00e4hent\u00e4m\u00e4\u00e4n hilseily\u00e4 ja yll\u00e4pit\u00e4m\u00e4\u00e4n nuorekkuutta.<\/p>\n<p>Naamion pohjakangas on valmistettu eritt\u00e4in ohuesta materiaalista, joka on runsaasti kyll\u00e4stetty geeliuutteella. T\u00e4m\u00e4 muoto est\u00e4\u00e4 naamiota kuivumasta ennenaikaisesti, antaa aktiivisten ainesosien imeyty\u00e4 syvemm\u00e4lle ja varmistaa tehokkaan kosteutuksen.<\/p>\n<p><strong>Muita vaikuttavia aineita:<\/strong><\/p>\n<ul>\n<li><strong>8 erilaista hyaluronihappokompleksia<\/strong> \u2013 luo n\u00e4kym\u00e4tt\u00f6m\u00e4n suojakerroksen, joka est\u00e4\u00e4 kosteuden haihtumista, parantaa ihon rakennetta, stimuloi solujen uusiutumista, silottaa hienoja ryppyj\u00e4 ja tekee ihosta pehme\u00e4n ja sile\u00e4n.<\/li>\n<li><strong>Allantoiin<\/strong> \u2013 edist\u00e4\u00e4 paranemista ja toipumista, rauhoittaa, lievitt\u00e4\u00e4 punoitusta ja kutinaa, v\u00e4hent\u00e4\u00e4 ihon herkkyytt\u00e4.<\/li>\n<li><strong>Betaiini<\/strong> \u2013 silottaa ja pehment\u00e4\u00e4 ihoa, s\u00e4ilytt\u00e4\u00e4 kosteuden, suojaa solukalvoja ja v\u00e4hent\u00e4\u00e4 \u00e4rsytyst\u00e4.<\/li>\n<\/ul>\n<p>&nbsp;<\/p>\n<p>&nbsp;<\/p>\n<p>Sopii kaikille ihotyypeille.<\/p>\n<p><strong>K\u00e4ytt\u00f6:<\/strong><br \/>\nPoista naamio pakkauksesta ja poista suojakalvo. Aseta naamio kasvovedell\u00e4 kosteutetuille kasvoille ja anna vaikuttaa 10\u201315 minuuttia. Poista naamio ja taputtele j\u00e4ljelle j\u00e4\u00e4nyt voide hell\u00e4varaisesti ihoon.<\/p>\n<p>&nbsp;<\/p>","protected":false},"excerpt":{"rendered":"<p>Eritt\u00e4in ohut, kosteuttava geelinaamio Round Lab Hydrating Water Gel Mask Sheet kyll\u00e4st\u00e4\u00e4 ihon hy\u00f6dyllisill\u00e4 ainesosilla, jotka ovat v\u00e4ltt\u00e4m\u00e4tt\u00f6mi\u00e4 ihon terveyden ja kauneuden yll\u00e4pit\u00e4miseksi. Vahvistaa merkitt\u00e4v\u00e4sti ihon barrier-toimintoja ja suojaa haitallisilta ymp\u00e4rist\u00f6tekij\u00f6ilt\u00e4. Tuote auttaa palauttamaan nopeasti kosteuden puutteen, lievitt\u00e4\u00e4 kuivuutta ja kuivaa, kutisevaa tunnetta. Ehk\u00e4isee ihon kuivumista ja auttaa yll\u00e4pit\u00e4m\u00e4\u00e4n optimaalista kosteustasoa epidermiksess\u00e4. Palauttaa lipidikerroksen ja aktivoi aineenvaihduntaprosesseja.....<\/p>","protected":false},"featured_media":13502,"comment_status":"open","ping_status":"closed","template":"","meta":{"_uf_show_specific_survey":0,"_uf_disable_surveys":false,"_bst_post_transparent":"default","_bst_post_title":"","_bst_post_layout":"default","_bst_post_sidebar_id":"","_bst_post_content_style":"default","_bst_post_vertical_padding":"default","_bst_post_feature":"","_bst_post_feature_position":"","_bst_post_header":false,"_bst_post_footer":false},"pwb-brand":[645],"product_brand":[],"product_cat":[92,98],"product_tag":[874,873,646],"class_list":{"0":"post-13501","1":"product","2":"type-product","3":"status-publish","4":"has-post-thumbnail","6":"pwb-brand-round-lab","7":"product_cat-nagu","8":"product_cat-naomaskid","9":"product_tag-874","10":"product_tag-gel-mask","11":"product_tag-round-lab","13":"first","14":"instock","15":"sale","16":"shipping-taxable","17":"purchasable","18":"product-type-simple","19":"entry","20":"content-bg","21":"loop-entry"},"supplier_id":null,"supplier_sku":"","barcode":null,"atum_controlled":true,"out_stock_date":null,"out_stock_threshold":null,"inheritable":false,"inbound_stock":0,"stock_on_hold":0,"sold_today":0,"sales_last_days":1,"out_stock_days":0,"lost_sales":0,"has_location":false,"update_date":"2026-04-14T00:05:10","atum_locations":[],"atum_stock_status":"instock","restock_status":false,"low_stock_amount":"","sales_update_date":"2026-04-14T00:05:10","calc_backorders":null,"yoast_head":"<!-- This site is optimized with the Yoast SEO plugin v27.2 - https:\/\/yoast.com\/product\/yoast-seo-wordpress\/ -->\n<title>Round Lab 1025 Dokdo Hydrating Water Gel Mask Sheet - IDA.KOREA<\/title>\n<meta name=\"description\" content=\"Round Lab Hydrating Water Gel Mask Sheet k\u00fcllastab nahka kasulike ainetega, mis on olulised naha tervise ja ilu s\u00e4ilitamiseks. Kiire tarne!\" \/>\n<meta name=\"robots\" content=\"index, follow, max-snippet:-1, max-image-preview:large, max-video-preview:-1\" \/>\n<link rel=\"canonical\" href=\"https:\/\/idakorea.ee\/fi\/product\/ultaohuke-niisutav-geelmask-round-lab-1025-dokdo-hydrating-water-gel-mask-sheet\/\" \/>\n<meta property=\"og:locale\" content=\"fi_FI\" \/>\n<meta property=\"og:type\" content=\"article\" \/>\n<meta property=\"og:title\" content=\"Round Lab 1025 Dokdo Hydrating Water Gel Mask Sheet - IDA.KOREA\" \/>\n<meta property=\"og:description\" content=\"Round Lab Hydrating Water Gel Mask Sheet k\u00fcllastab nahka kasulike ainetega, mis on olulised naha tervise ja ilu s\u00e4ilitamiseks. Kiire tarne!\" \/>\n<meta property=\"og:url\" content=\"https:\/\/idakorea.ee\/fi\/product\/ultaohuke-niisutav-geelmask-round-lab-1025-dokdo-hydrating-water-gel-mask-sheet\/\" \/>\n<meta property=\"og:site_name\" content=\"IDA.KOREA\" \/>\n<meta property=\"article:modified_time\" content=\"2026-04-04T11:16:17+00:00\" \/>\n<meta property=\"og:image\" content=\"https:\/\/idakorea.ee\/wp-content\/uploads\/2025\/04\/round-lab-1025-dokdo-hydrating-water-gel-mask-sheet_idakorea.jpg\" \/>\n\t<meta property=\"og:image:width\" content=\"1000\" \/>\n\t<meta property=\"og:image:height\" content=\"1000\" \/>\n\t<meta property=\"og:image:type\" content=\"image\/jpeg\" \/>\n<meta name=\"twitter:card\" content=\"summary_large_image\" \/>\n<meta name=\"twitter:label1\" content=\"Arvioitu lukuaika\" \/>\n\t<meta name=\"twitter:data1\" content=\"2 minuuttia\" \/>\n<script type=\"application\/ld+json\" class=\"yoast-schema-graph\">{\"@context\":\"https:\/\/schema.org\",\"@graph\":[{\"@type\":\"WebPage\",\"@id\":\"https:\/\/idakorea.ee\/product\/ultaohuke-niisutav-geelmask-round-lab-1025-dokdo-hydrating-water-gel-mask-sheet\/\",\"url\":\"https:\/\/idakorea.ee\/product\/ultaohuke-niisutav-geelmask-round-lab-1025-dokdo-hydrating-water-gel-mask-sheet\/\",\"name\":\"Round Lab 1025 Dokdo Hydrating Water Gel Mask Sheet - IDA.KOREA\",\"isPartOf\":{\"@id\":\"https:\/\/idakorea.ee\/#website\"},\"primaryImageOfPage\":{\"@id\":\"https:\/\/idakorea.ee\/product\/ultaohuke-niisutav-geelmask-round-lab-1025-dokdo-hydrating-water-gel-mask-sheet\/#primaryimage\"},\"image\":{\"@id\":\"https:\/\/idakorea.ee\/product\/ultaohuke-niisutav-geelmask-round-lab-1025-dokdo-hydrating-water-gel-mask-sheet\/#primaryimage\"},\"thumbnailUrl\":\"https:\/\/idakorea.ee\/wp-content\/uploads\/2025\/04\/round-lab-1025-dokdo-hydrating-water-gel-mask-sheet_idakorea.jpg\",\"datePublished\":\"2025-04-09T10:39:19+00:00\",\"dateModified\":\"2026-04-04T11:16:17+00:00\",\"description\":\"Round Lab Hydrating Water Gel Mask Sheet k\u00fcllastab nahka kasulike ainetega, mis on olulised naha tervise ja ilu s\u00e4ilitamiseks. Kiire tarne!\",\"breadcrumb\":{\"@id\":\"https:\/\/idakorea.ee\/product\/ultaohuke-niisutav-geelmask-round-lab-1025-dokdo-hydrating-water-gel-mask-sheet\/#breadcrumb\"},\"inLanguage\":\"fi\",\"potentialAction\":[{\"@type\":\"ReadAction\",\"target\":[\"https:\/\/idakorea.ee\/product\/ultaohuke-niisutav-geelmask-round-lab-1025-dokdo-hydrating-water-gel-mask-sheet\/\"]}]},{\"@type\":\"ImageObject\",\"inLanguage\":\"fi\",\"@id\":\"https:\/\/idakorea.ee\/product\/ultaohuke-niisutav-geelmask-round-lab-1025-dokdo-hydrating-water-gel-mask-sheet\/#primaryimage\",\"url\":\"https:\/\/idakorea.ee\/wp-content\/uploads\/2025\/04\/round-lab-1025-dokdo-hydrating-water-gel-mask-sheet_idakorea.jpg\",\"contentUrl\":\"https:\/\/idakorea.ee\/wp-content\/uploads\/2025\/04\/round-lab-1025-dokdo-hydrating-water-gel-mask-sheet_idakorea.jpg\",\"width\":1000,\"height\":1000},{\"@type\":\"BreadcrumbList\",\"@id\":\"https:\/\/idakorea.ee\/product\/ultaohuke-niisutav-geelmask-round-lab-1025-dokdo-hydrating-water-gel-mask-sheet\/#breadcrumb\",\"itemListElement\":[{\"@type\":\"ListItem\",\"position\":1,\"name\":\"\u0413\u043b\u0430\u0432\u043d\u0430\u044f \u0441\u0442\u0440\u0430\u043d\u0438\u0446\u0430\",\"item\":\"https:\/\/idakorea.ee\/\"},{\"@type\":\"ListItem\",\"position\":2,\"name\":\"Shop\",\"item\":\"https:\/\/idakorea.ee\/shop-2\/\"},{\"@type\":\"ListItem\",\"position\":3,\"name\":\"Ulta\u00f5huke niisutav geelmask Round Lab 1025 Dokdo Hydrating Water Gel Mask Sheet\"}]},{\"@type\":\"WebSite\",\"@id\":\"https:\/\/idakorea.ee\/#website\",\"url\":\"https:\/\/idakorea.ee\/\",\"name\":\"IDA.KOREA\",\"description\":\"Korea kosmeetika e-pood\",\"publisher\":{\"@id\":\"https:\/\/idakorea.ee\/#organization\"},\"alternateName\":\"Beauty Shop\",\"potentialAction\":[{\"@type\":\"SearchAction\",\"target\":{\"@type\":\"EntryPoint\",\"urlTemplate\":\"https:\/\/idakorea.ee\/?s={search_term_string}\"},\"query-input\":{\"@type\":\"PropertyValueSpecification\",\"valueRequired\":true,\"valueName\":\"search_term_string\"}}],\"inLanguage\":\"fi\"},{\"@type\":\"Organization\",\"@id\":\"https:\/\/idakorea.ee\/#organization\",\"name\":\"IDA.KOREA\",\"url\":\"https:\/\/idakorea.ee\/\",\"logo\":{\"@type\":\"ImageObject\",\"inLanguage\":\"fi\",\"@id\":\"https:\/\/idakorea.ee\/#\/schema\/logo\/image\/\",\"url\":\"https:\/\/idakorea.ee\/wp-content\/uploads\/2024\/05\/cropped-korea3.png\",\"contentUrl\":\"https:\/\/idakorea.ee\/wp-content\/uploads\/2024\/05\/cropped-korea3.png\",\"width\":688,\"height\":126,\"caption\":\"IDA.KOREA\"},\"image\":{\"@id\":\"https:\/\/idakorea.ee\/#\/schema\/logo\/image\/\"},\"sameAs\":[\"https:\/\/www.instagram.com\/ida.korea\/\"]}]}<\/script>\n<!-- \/ Yoast SEO plugin. -->","yoast_head_json":{"title":"Round Lab 1025 Dokdo kosteuttava vesigeelinaamio - IDA.KOREA","description":"Round Lab Hydrating Water Gel Mask Sheet kyll\u00e4st\u00e4\u00e4 ihoa hy\u00f6dyllisill\u00e4 aineilla, jotka ovat t\u00e4rkeit\u00e4 ihon terveyden ja kauneuden yll\u00e4pit\u00e4miselle. Nopea toimitus!","robots":{"index":"index","follow":"follow","max-snippet":"max-snippet:-1","max-image-preview":"max-image-preview:large","max-video-preview":"max-video-preview:-1"},"canonical":"https:\/\/idakorea.ee\/fi\/product\/ultaohuke-niisutav-geelmask-round-lab-1025-dokdo-hydrating-water-gel-mask-sheet\/","og_locale":"fi_FI","og_type":"article","og_title":"Round Lab 1025 Dokdo Hydrating Water Gel Mask Sheet - IDA.KOREA","og_description":"Round Lab Hydrating Water Gel Mask Sheet k\u00fcllastab nahka kasulike ainetega, mis on olulised naha tervise ja ilu s\u00e4ilitamiseks. Kiire tarne!","og_url":"https:\/\/idakorea.ee\/fi\/product\/ultaohuke-niisutav-geelmask-round-lab-1025-dokdo-hydrating-water-gel-mask-sheet\/","og_site_name":"IDA.KOREA","article_modified_time":"2026-04-04T11:16:17+00:00","og_image":[{"width":1000,"height":1000,"url":"https:\/\/idakorea.ee\/wp-content\/uploads\/2025\/04\/round-lab-1025-dokdo-hydrating-water-gel-mask-sheet_idakorea.jpg","type":"image\/jpeg"}],"twitter_card":"summary_large_image","twitter_misc":{"Arvioitu lukuaika":"2 minuuttia"},"schema":{"@context":"https:\/\/schema.org","@graph":[{"@type":"WebPage","@id":"https:\/\/idakorea.ee\/product\/ultaohuke-niisutav-geelmask-round-lab-1025-dokdo-hydrating-water-gel-mask-sheet\/","url":"https:\/\/idakorea.ee\/product\/ultaohuke-niisutav-geelmask-round-lab-1025-dokdo-hydrating-water-gel-mask-sheet\/","name":"Round Lab 1025 Dokdo kosteuttava vesigeelinaamio - IDA.KOREA","isPartOf":{"@id":"https:\/\/idakorea.ee\/#website"},"primaryImageOfPage":{"@id":"https:\/\/idakorea.ee\/product\/ultaohuke-niisutav-geelmask-round-lab-1025-dokdo-hydrating-water-gel-mask-sheet\/#primaryimage"},"image":{"@id":"https:\/\/idakorea.ee\/product\/ultaohuke-niisutav-geelmask-round-lab-1025-dokdo-hydrating-water-gel-mask-sheet\/#primaryimage"},"thumbnailUrl":"https:\/\/idakorea.ee\/wp-content\/uploads\/2025\/04\/round-lab-1025-dokdo-hydrating-water-gel-mask-sheet_idakorea.jpg","datePublished":"2025-04-09T10:39:19+00:00","dateModified":"2026-04-04T11:16:17+00:00","description":"Round Lab Hydrating Water Gel Mask Sheet kyll\u00e4st\u00e4\u00e4 ihoa hy\u00f6dyllisill\u00e4 aineilla, jotka ovat t\u00e4rkeit\u00e4 ihon terveyden ja kauneuden yll\u00e4pit\u00e4miselle. Nopea toimitus!","breadcrumb":{"@id":"https:\/\/idakorea.ee\/product\/ultaohuke-niisutav-geelmask-round-lab-1025-dokdo-hydrating-water-gel-mask-sheet\/#breadcrumb"},"inLanguage":"fi","potentialAction":[{"@type":"ReadAction","target":["https:\/\/idakorea.ee\/product\/ultaohuke-niisutav-geelmask-round-lab-1025-dokdo-hydrating-water-gel-mask-sheet\/"]}]},{"@type":"ImageObject","inLanguage":"fi","@id":"https:\/\/idakorea.ee\/product\/ultaohuke-niisutav-geelmask-round-lab-1025-dokdo-hydrating-water-gel-mask-sheet\/#primaryimage","url":"https:\/\/idakorea.ee\/wp-content\/uploads\/2025\/04\/round-lab-1025-dokdo-hydrating-water-gel-mask-sheet_idakorea.jpg","contentUrl":"https:\/\/idakorea.ee\/wp-content\/uploads\/2025\/04\/round-lab-1025-dokdo-hydrating-water-gel-mask-sheet_idakorea.jpg","width":1000,"height":1000},{"@type":"BreadcrumbList","@id":"https:\/\/idakorea.ee\/product\/ultaohuke-niisutav-geelmask-round-lab-1025-dokdo-hydrating-water-gel-mask-sheet\/#breadcrumb","itemListElement":[{"@type":"ListItem","position":1,"name":"\u0413\u043b\u0430\u0432\u043d\u0430\u044f \u0441\u0442\u0440\u0430\u043d\u0438\u0446\u0430","item":"https:\/\/idakorea.ee\/"},{"@type":"ListItem","position":2,"name":"Shop","item":"https:\/\/idakorea.ee\/shop-2\/"},{"@type":"ListItem","position":3,"name":"Ulta\u00f5huke niisutav geelmask Round Lab 1025 Dokdo Hydrating Water Gel Mask Sheet"}]},{"@type":"WebSite","@id":"https:\/\/idakorea.ee\/#website","url":"https:\/\/idakorea.ee\/","name":"IDA.KOREA","description":"Korean kosmetiikan verkkokauppa","publisher":{"@id":"https:\/\/idakorea.ee\/#organization"},"alternateName":"Beauty Shop","potentialAction":[{"@type":"SearchAction","target":{"@type":"EntryPoint","urlTemplate":"https:\/\/idakorea.ee\/?s={search_term_string}"},"query-input":{"@type":"PropertyValueSpecification","valueRequired":true,"valueName":"search_term_string"}}],"inLanguage":"fi"},{"@type":"Organization","@id":"https:\/\/idakorea.ee\/#organization","name":"IDA.KOREA","url":"https:\/\/idakorea.ee\/","logo":{"@type":"ImageObject","inLanguage":"fi","@id":"https:\/\/idakorea.ee\/#\/schema\/logo\/image\/","url":"https:\/\/idakorea.ee\/wp-content\/uploads\/2024\/05\/cropped-korea3.png","contentUrl":"https:\/\/idakorea.ee\/wp-content\/uploads\/2024\/05\/cropped-korea3.png","width":688,"height":126,"caption":"IDA.KOREA"},"image":{"@id":"https:\/\/idakorea.ee\/#\/schema\/logo\/image\/"},"sameAs":["https:\/\/www.instagram.com\/ida.korea\/"]}]}},"jetpack_sharing_enabled":true,"brands":[{"id":645,"name":"ROUND LAB","slug":"round-lab"}],"_links":{"self":[{"href":"https:\/\/idakorea.ee\/fi\/wp-json\/wp\/v2\/product\/13501","targetHints":{"allow":["GET"]}}],"collection":[{"href":"https:\/\/idakorea.ee\/fi\/wp-json\/wp\/v2\/product"}],"about":[{"href":"https:\/\/idakorea.ee\/fi\/wp-json\/wp\/v2\/types\/product"}],"replies":[{"embeddable":true,"href":"https:\/\/idakorea.ee\/fi\/wp-json\/wp\/v2\/comments?post=13501"}],"version-history":[{"count":1,"href":"https:\/\/idakorea.ee\/fi\/wp-json\/wp\/v2\/product\/13501\/revisions"}],"predecessor-version":[{"id":13505,"href":"https:\/\/idakorea.ee\/fi\/wp-json\/wp\/v2\/product\/13501\/revisions\/13505"}],"wp:featuredmedia":[{"embeddable":true,"href":"https:\/\/idakorea.ee\/fi\/wp-json\/wp\/v2\/media\/13502"}],"wp:attachment":[{"href":"https:\/\/idakorea.ee\/fi\/wp-json\/wp\/v2\/media?parent=13501"}],"wp:term":[{"taxonomy":"pwb-brand","embeddable":true,"href":"https:\/\/idakorea.ee\/fi\/wp-json\/wp\/v2\/pwb-brand?post=13501"},{"taxonomy":"product_brand","embeddable":true,"href":"https:\/\/idakorea.ee\/fi\/wp-json\/wp\/v2\/product_brand?post=13501"},{"taxonomy":"product_cat","embeddable":true,"href":"https:\/\/idakorea.ee\/fi\/wp-json\/wp\/v2\/product_cat?post=13501"},{"taxonomy":"product_tag","embeddable":true,"href":"https:\/\/idakorea.ee\/fi\/wp-json\/wp\/v2\/product_tag?post=13501"}],"curies":[{"name":"wp","href":"https:\/\/api.w.org\/{rel}","templated":true}]}}