{"id":13538,"date":"2025-04-12T11:26:58","date_gmt":"2025-04-12T09:26:58","guid":{"rendered":"https:\/\/idakorea.ee\/?post_type=product&#038;p=13538"},"modified":"2026-04-14T13:54:25","modified_gmt":"2026-04-14T11:54:25","slug":"multifunktsionaalne-naogeel-medicube-pdrn-booster-gel-300ml","status":"publish","type":"product","link":"https:\/\/idakorea.ee\/fi\/product\/multifunktsionaalne-naogeel-medicube-pdrn-booster-gel-300ml\/","title":{"rendered":"Monik\u00e4ytt\u00f6inen Medicube PDRN Booster Gel, 300ml"},"content":{"rendered":"<p class=\"\" data-start=\"138\" data-end=\"386\"><strong data-start=\"138\" data-end=\"167\">Medicube PDRN -tehostegeeli<\/strong> on monitoiminen kasvogeeli, joka kosteuttaa tehokkaasti, vahvistaa ja uudistaa ihoa. Sopii kaikille ihotyypeille, erityisesti ik\u00e4\u00e4ntyv\u00e4lle, kuivalle ja herk\u00e4lle iholle sek\u00e4 v\u00e4syneelle ja veltostuneelle iholle.<\/p>\n<p data-start=\"393\" data-end=\"424\"><strong data-start=\"400\" data-end=\"423\">T\u00e4rkeimm\u00e4t vaikuttavat aineosat<\/strong>:<\/p>\n<ul data-start=\"426\" data-end=\"1026\">\n<li class=\"\" data-start=\"426\" data-end=\"564\">\n<p class=\"\" data-start=\"428\" data-end=\"564\"><strong data-start=\"428\" data-end=\"451\">PDRN (natrium-DNA)<\/strong> \u2013 lohen DNA:sta johdettu komponentti, joka stimuloi solujen uusiutumista, parantaa ihon kimmoisuutta ja v\u00e4hent\u00e4\u00e4 ryppyj\u00e4.<\/p>\n<\/li>\n<li class=\"\" data-start=\"565\" data-end=\"687\">\n<p class=\"\" data-start=\"567\" data-end=\"687\"><strong data-start=\"567\" data-end=\"587\">7 erilaista peptidi\u00e4<\/strong> \u2013 edist\u00e4\u00e4 kollageenin tuotantoa, vahvistaa ihon suojakerrosta ja kiinteytt\u00e4\u00e4 hieman.<\/p>\n<\/li>\n<li class=\"\" data-start=\"688\" data-end=\"796\">\n<p class=\"\" data-start=\"690\" data-end=\"796\"><strong data-start=\"690\" data-end=\"707\">Niasiiniamidi<\/strong> \u2013 tasoittaa ihon s\u00e4vy\u00e4, v\u00e4hent\u00e4\u00e4 tulehdusta, supistaa ihohuokosia ja vahvistaa ihon suojakerrosta.<\/p>\n<\/li>\n<li class=\"\" data-start=\"797\" data-end=\"864\">\n<p class=\"\" data-start=\"799\" data-end=\"864\"><strong data-start=\"799\" data-end=\"812\">Adenos<\/strong> \u2013 tasoittaa ilmejuonteita ja parantaa ihon kimmoisuutta.<\/p>\n<\/li>\n<li class=\"\" data-start=\"865\" data-end=\"927\">\n<p class=\"\" data-start=\"867\" data-end=\"927\"><strong data-start=\"867\" data-end=\"878\">Betaiini<\/strong> \u2013 kosteuttaa syv\u00e4sti ja lievitt\u00e4\u00e4 iho\u00e4rsytyst\u00e4.<\/p>\n<\/li>\n<li class=\"\" data-start=\"928\" data-end=\"1026\">\n<p class=\"\" data-start=\"930\" data-end=\"1026\"><strong data-start=\"930\" data-end=\"947\">Hyaluronihappo<\/strong> \u2013 eri muodoissa varmistaa pitk\u00e4aikaisen kosteutuksen ja kosteuden s\u00e4ilymisen ihossa.<\/p>\n<\/li>\n<\/ul>\n<p data-start=\"1033\" data-end=\"1058\"><strong data-start=\"1039\" data-end=\"1057\">T\u00e4rkeimm\u00e4t vaikutukset<\/strong>:<\/p>\n<ul data-start=\"1060\" data-end=\"1281\">\n<li class=\"\" data-start=\"1060\" data-end=\"1099\">\n<p class=\"\" data-start=\"1062\" data-end=\"1099\">Intensiivinen ja pitk\u00e4kestoinen kosteutus<\/p>\n<\/li>\n<li class=\"\" data-start=\"1100\" data-end=\"1145\">\n<p class=\"\" data-start=\"1102\" data-end=\"1145\">Vahvistaa ihoa ja parantaa sen elastisuutta<\/p>\n<\/li>\n<li class=\"\" data-start=\"1146\" data-end=\"1204\">\n<p class=\"\" data-start=\"1148\" data-end=\"1204\">Silottaa hienoja ryppyj\u00e4 ja parantaa ihon rakennetta<\/p>\n<\/li>\n<li class=\"\" data-start=\"1205\" data-end=\"1232\">\n<p class=\"\" data-start=\"1207\" data-end=\"1232\">Ihon suojakerroksen palauttaminen<\/p>\n<\/li>\n<li class=\"\" data-start=\"1233\" data-end=\"1281\">\n<p class=\"\" data-start=\"1235\" data-end=\"1281\">Rauhoittava vaikutus \u00e4rtyneelle tai punoittavalle iholle<\/p>\n<\/li>\n<\/ul>\n<p data-start=\"1288\" data-end=\"1313\"><strong data-start=\"1295\" data-end=\"1312\">K\u00e4ytt\u00e4j\u00e4n k\u00e4sikirja<\/strong>:<\/p>\n<ul data-start=\"1315\" data-end=\"1640\">\n<li class=\"\" data-start=\"1315\" data-end=\"1457\">\n<p class=\"\" data-start=\"1317\" data-end=\"1457\"><strong data-start=\"1317\" data-end=\"1347\">K\u00e4yt\u00e4 ilman laitetta<\/strong>Puhdistuksen ja kasvoveden j\u00e4lkeen levit\u00e4 ohut kerros geeli\u00e4 kasvoille ja hiero, kunnes se on t\u00e4ysin imeytynyt.<\/p>\n<\/li>\n<li class=\"\" data-start=\"1458\" data-end=\"1640\">\n<p class=\"\" data-start=\"1460\" data-end=\"1640\"><strong data-start=\"1460\" data-end=\"1479\">Laitteen kanssa<\/strong>Levit\u00e4 keskipaksu kerros geeli\u00e4 iholle (v\u00e4ltt\u00e4en silm\u00e4nymp\u00e4rysihoa ja huulia) ja k\u00e4yt\u00e4 sopivaa kauneuslaitetta (esim. mikrovirtahierontalaitetta, hierontarullaa jne.) ohjeiden mukaisesti.<\/p>\n<\/li>\n<\/ul>","protected":false},"excerpt":{"rendered":"<p>Medicube PDRN Booster Gel on monik\u00e4ytt\u00f6inen kasvogeeli, joka tarjoaa intensiivist\u00e4 kosteutusta, ihon vahvistumista ja uudistumista. Sopii kaikille ihotyypeille, erityisesti kyps\u00e4lle, kuivalle ja herk\u00e4lle iholle sek\u00e4 v\u00e4syneelle ja kuivuneelle iholle. T\u00e4rkeimm\u00e4t aktiiviset ainesosat. 7 erilaista peptidi\u00e4 - edist\u00e4v\u00e4t kollageenisynteesi\u00e4.....<\/p>","protected":false},"featured_media":13539,"comment_status":"open","ping_status":"closed","template":"","meta":{"_uf_show_specific_survey":0,"_uf_disable_surveys":false,"_bst_post_transparent":"default","_bst_post_title":"","_bst_post_layout":"default","_bst_post_sidebar_id":"","_bst_post_content_style":"default","_bst_post_vertical_padding":"default","_bst_post_feature":"","_bst_post_feature_position":"","_bst_post_header":false,"_bst_post_footer":false},"pwb-brand":[490],"product_brand":[],"product_cat":[92,96],"product_tag":[721,789],"class_list":{"0":"post-13538","1":"product","2":"type-product","3":"status-publish","4":"has-post-thumbnail","6":"pwb-brand-medicube","7":"product_cat-nagu","8":"product_cat-naokreemid","9":"product_tag-medicube","10":"product_tag-pdrn","12":"first","13":"outofstock","14":"sale","15":"shipping-taxable","16":"purchasable","17":"product-type-simple","18":"entry","19":"content-bg","20":"loop-entry"},"supplier_id":null,"supplier_sku":"","barcode":null,"atum_controlled":true,"out_stock_date":"2026-04-14 13:54:25","out_stock_threshold":null,"inheritable":false,"inbound_stock":0,"stock_on_hold":1,"sold_today":1,"sales_last_days":6,"out_stock_days":0,"lost_sales":0,"has_location":false,"update_date":"2026-04-14T11:54:32","atum_locations":[],"atum_stock_status":"outofstock","restock_status":false,"low_stock_amount":"","sales_update_date":"2026-04-14T11:54:32","calc_backorders":null,"yoast_head":"<!-- This site is optimized with the Yoast SEO plugin v27.2 - https:\/\/yoast.com\/product\/yoast-seo-wordpress\/ -->\n<title>Medicube PDRN Booster Gel, 300ml - IDA.KOREA<\/title>\n<meta name=\"description\" content=\"Medicube PDRN Booster Gel on multifunktsionaalne n\u00e4ogeel, mis pakub intensiivset niisutust, naha tugevdamist ja taastamist. Kiire tarne!\" \/>\n<meta name=\"robots\" content=\"index, follow, max-snippet:-1, max-image-preview:large, max-video-preview:-1\" \/>\n<link rel=\"canonical\" href=\"https:\/\/idakorea.ee\/fi\/product\/multifunktsionaalne-naogeel-medicube-pdrn-booster-gel-300ml\/\" \/>\n<meta property=\"og:locale\" content=\"fi_FI\" \/>\n<meta property=\"og:type\" content=\"article\" \/>\n<meta property=\"og:title\" content=\"Medicube PDRN Booster Gel, 300ml - IDA.KOREA\" \/>\n<meta property=\"og:description\" content=\"Medicube PDRN Booster Gel on multifunktsionaalne n\u00e4ogeel, mis pakub intensiivset niisutust, naha tugevdamist ja taastamist. Kiire tarne!\" \/>\n<meta property=\"og:url\" content=\"https:\/\/idakorea.ee\/fi\/product\/multifunktsionaalne-naogeel-medicube-pdrn-booster-gel-300ml\/\" \/>\n<meta property=\"og:site_name\" content=\"IDA.KOREA\" \/>\n<meta property=\"article:modified_time\" content=\"2026-04-14T11:54:25+00:00\" \/>\n<meta property=\"og:image\" content=\"https:\/\/idakorea.ee\/wp-content\/uploads\/2025\/04\/pdrnboostergel300ml-idakorea.webp\" \/>\n\t<meta property=\"og:image:width\" content=\"1000\" \/>\n\t<meta property=\"og:image:height\" content=\"1000\" \/>\n\t<meta property=\"og:image:type\" content=\"image\/webp\" \/>\n<meta name=\"twitter:card\" content=\"summary_large_image\" \/>\n<meta name=\"twitter:label1\" content=\"Arvioitu lukuaika\" \/>\n\t<meta name=\"twitter:data1\" content=\"2 minuuttia\" \/>\n<script type=\"application\/ld+json\" class=\"yoast-schema-graph\">{\"@context\":\"https:\/\/schema.org\",\"@graph\":[{\"@type\":\"WebPage\",\"@id\":\"https:\/\/idakorea.ee\/product\/multifunktsionaalne-naogeel-medicube-pdrn-booster-gel-300ml\/\",\"url\":\"https:\/\/idakorea.ee\/product\/multifunktsionaalne-naogeel-medicube-pdrn-booster-gel-300ml\/\",\"name\":\"Medicube PDRN Booster Gel, 300ml - IDA.KOREA\",\"isPartOf\":{\"@id\":\"https:\/\/idakorea.ee\/#website\"},\"primaryImageOfPage\":{\"@id\":\"https:\/\/idakorea.ee\/product\/multifunktsionaalne-naogeel-medicube-pdrn-booster-gel-300ml\/#primaryimage\"},\"image\":{\"@id\":\"https:\/\/idakorea.ee\/product\/multifunktsionaalne-naogeel-medicube-pdrn-booster-gel-300ml\/#primaryimage\"},\"thumbnailUrl\":\"https:\/\/idakorea.ee\/wp-content\/uploads\/2025\/04\/pdrnboostergel300ml-idakorea.webp\",\"datePublished\":\"2025-04-12T09:26:58+00:00\",\"dateModified\":\"2026-04-14T11:54:25+00:00\",\"description\":\"Medicube PDRN Booster Gel on multifunktsionaalne n\u00e4ogeel, mis pakub intensiivset niisutust, naha tugevdamist ja taastamist. Kiire tarne!\",\"breadcrumb\":{\"@id\":\"https:\/\/idakorea.ee\/product\/multifunktsionaalne-naogeel-medicube-pdrn-booster-gel-300ml\/#breadcrumb\"},\"inLanguage\":\"fi\",\"potentialAction\":[{\"@type\":\"ReadAction\",\"target\":[\"https:\/\/idakorea.ee\/product\/multifunktsionaalne-naogeel-medicube-pdrn-booster-gel-300ml\/\"]}]},{\"@type\":\"ImageObject\",\"inLanguage\":\"fi\",\"@id\":\"https:\/\/idakorea.ee\/product\/multifunktsionaalne-naogeel-medicube-pdrn-booster-gel-300ml\/#primaryimage\",\"url\":\"https:\/\/idakorea.ee\/wp-content\/uploads\/2025\/04\/pdrnboostergel300ml-idakorea.webp\",\"contentUrl\":\"https:\/\/idakorea.ee\/wp-content\/uploads\/2025\/04\/pdrnboostergel300ml-idakorea.webp\",\"width\":1000,\"height\":1000},{\"@type\":\"BreadcrumbList\",\"@id\":\"https:\/\/idakorea.ee\/product\/multifunktsionaalne-naogeel-medicube-pdrn-booster-gel-300ml\/#breadcrumb\",\"itemListElement\":[{\"@type\":\"ListItem\",\"position\":1,\"name\":\"\u0413\u043b\u0430\u0432\u043d\u0430\u044f \u0441\u0442\u0440\u0430\u043d\u0438\u0446\u0430\",\"item\":\"https:\/\/idakorea.ee\/\"},{\"@type\":\"ListItem\",\"position\":2,\"name\":\"Shop\",\"item\":\"https:\/\/idakorea.ee\/shop-2\/\"},{\"@type\":\"ListItem\",\"position\":3,\"name\":\"Multifunktsionaalne n\u00e4ogeel Medicube PDRN Booster Gel, 300ml\"}]},{\"@type\":\"WebSite\",\"@id\":\"https:\/\/idakorea.ee\/#website\",\"url\":\"https:\/\/idakorea.ee\/\",\"name\":\"IDA.KOREA\",\"description\":\"Korea kosmeetika e-pood\",\"publisher\":{\"@id\":\"https:\/\/idakorea.ee\/#organization\"},\"alternateName\":\"Beauty Shop\",\"potentialAction\":[{\"@type\":\"SearchAction\",\"target\":{\"@type\":\"EntryPoint\",\"urlTemplate\":\"https:\/\/idakorea.ee\/?s={search_term_string}\"},\"query-input\":{\"@type\":\"PropertyValueSpecification\",\"valueRequired\":true,\"valueName\":\"search_term_string\"}}],\"inLanguage\":\"fi\"},{\"@type\":\"Organization\",\"@id\":\"https:\/\/idakorea.ee\/#organization\",\"name\":\"IDA.KOREA\",\"url\":\"https:\/\/idakorea.ee\/\",\"logo\":{\"@type\":\"ImageObject\",\"inLanguage\":\"fi\",\"@id\":\"https:\/\/idakorea.ee\/#\/schema\/logo\/image\/\",\"url\":\"https:\/\/idakorea.ee\/wp-content\/uploads\/2024\/05\/cropped-korea3.png\",\"contentUrl\":\"https:\/\/idakorea.ee\/wp-content\/uploads\/2024\/05\/cropped-korea3.png\",\"width\":688,\"height\":126,\"caption\":\"IDA.KOREA\"},\"image\":{\"@id\":\"https:\/\/idakorea.ee\/#\/schema\/logo\/image\/\"},\"sameAs\":[\"https:\/\/www.instagram.com\/ida.korea\/\"]}]}<\/script>\n<!-- \/ Yoast SEO plugin. -->","yoast_head_json":{"title":"Medicube PDRN Booster Gel, 300ml - IDA.KOREA","description":"Medicube PDRN Booster Gel on monitoiminen kasvogeeli, joka kosteuttaa tehokkaasti, vahvistaa ja uudistaa ihoa. Nopea toimitus!","robots":{"index":"index","follow":"follow","max-snippet":"max-snippet:-1","max-image-preview":"max-image-preview:large","max-video-preview":"max-video-preview:-1"},"canonical":"https:\/\/idakorea.ee\/fi\/product\/multifunktsionaalne-naogeel-medicube-pdrn-booster-gel-300ml\/","og_locale":"fi_FI","og_type":"article","og_title":"Medicube PDRN Booster Gel, 300ml - IDA.KOREA","og_description":"Medicube PDRN Booster Gel on multifunktsionaalne n\u00e4ogeel, mis pakub intensiivset niisutust, naha tugevdamist ja taastamist. Kiire tarne!","og_url":"https:\/\/idakorea.ee\/fi\/product\/multifunktsionaalne-naogeel-medicube-pdrn-booster-gel-300ml\/","og_site_name":"IDA.KOREA","article_modified_time":"2026-04-14T11:54:25+00:00","og_image":[{"width":1000,"height":1000,"url":"https:\/\/idakorea.ee\/wp-content\/uploads\/2025\/04\/pdrnboostergel300ml-idakorea.webp","type":"image\/webp"}],"twitter_card":"summary_large_image","twitter_misc":{"Arvioitu lukuaika":"2 minuuttia"},"schema":{"@context":"https:\/\/schema.org","@graph":[{"@type":"WebPage","@id":"https:\/\/idakorea.ee\/product\/multifunktsionaalne-naogeel-medicube-pdrn-booster-gel-300ml\/","url":"https:\/\/idakorea.ee\/product\/multifunktsionaalne-naogeel-medicube-pdrn-booster-gel-300ml\/","name":"Medicube PDRN Booster Gel, 300ml - IDA.KOREA","isPartOf":{"@id":"https:\/\/idakorea.ee\/#website"},"primaryImageOfPage":{"@id":"https:\/\/idakorea.ee\/product\/multifunktsionaalne-naogeel-medicube-pdrn-booster-gel-300ml\/#primaryimage"},"image":{"@id":"https:\/\/idakorea.ee\/product\/multifunktsionaalne-naogeel-medicube-pdrn-booster-gel-300ml\/#primaryimage"},"thumbnailUrl":"https:\/\/idakorea.ee\/wp-content\/uploads\/2025\/04\/pdrnboostergel300ml-idakorea.webp","datePublished":"2025-04-12T09:26:58+00:00","dateModified":"2026-04-14T11:54:25+00:00","description":"Medicube PDRN Booster Gel on monitoiminen kasvogeeli, joka kosteuttaa tehokkaasti, vahvistaa ja uudistaa ihoa. Nopea toimitus!","breadcrumb":{"@id":"https:\/\/idakorea.ee\/product\/multifunktsionaalne-naogeel-medicube-pdrn-booster-gel-300ml\/#breadcrumb"},"inLanguage":"fi","potentialAction":[{"@type":"ReadAction","target":["https:\/\/idakorea.ee\/product\/multifunktsionaalne-naogeel-medicube-pdrn-booster-gel-300ml\/"]}]},{"@type":"ImageObject","inLanguage":"fi","@id":"https:\/\/idakorea.ee\/product\/multifunktsionaalne-naogeel-medicube-pdrn-booster-gel-300ml\/#primaryimage","url":"https:\/\/idakorea.ee\/wp-content\/uploads\/2025\/04\/pdrnboostergel300ml-idakorea.webp","contentUrl":"https:\/\/idakorea.ee\/wp-content\/uploads\/2025\/04\/pdrnboostergel300ml-idakorea.webp","width":1000,"height":1000},{"@type":"BreadcrumbList","@id":"https:\/\/idakorea.ee\/product\/multifunktsionaalne-naogeel-medicube-pdrn-booster-gel-300ml\/#breadcrumb","itemListElement":[{"@type":"ListItem","position":1,"name":"\u0413\u043b\u0430\u0432\u043d\u0430\u044f \u0441\u0442\u0440\u0430\u043d\u0438\u0446\u0430","item":"https:\/\/idakorea.ee\/"},{"@type":"ListItem","position":2,"name":"Shop","item":"https:\/\/idakorea.ee\/shop-2\/"},{"@type":"ListItem","position":3,"name":"Multifunktsionaalne n\u00e4ogeel Medicube PDRN Booster Gel, 300ml"}]},{"@type":"WebSite","@id":"https:\/\/idakorea.ee\/#website","url":"https:\/\/idakorea.ee\/","name":"IDA.KOREA","description":"Korean kosmetiikan verkkokauppa","publisher":{"@id":"https:\/\/idakorea.ee\/#organization"},"alternateName":"Beauty Shop","potentialAction":[{"@type":"SearchAction","target":{"@type":"EntryPoint","urlTemplate":"https:\/\/idakorea.ee\/?s={search_term_string}"},"query-input":{"@type":"PropertyValueSpecification","valueRequired":true,"valueName":"search_term_string"}}],"inLanguage":"fi"},{"@type":"Organization","@id":"https:\/\/idakorea.ee\/#organization","name":"IDA.KOREA","url":"https:\/\/idakorea.ee\/","logo":{"@type":"ImageObject","inLanguage":"fi","@id":"https:\/\/idakorea.ee\/#\/schema\/logo\/image\/","url":"https:\/\/idakorea.ee\/wp-content\/uploads\/2024\/05\/cropped-korea3.png","contentUrl":"https:\/\/idakorea.ee\/wp-content\/uploads\/2024\/05\/cropped-korea3.png","width":688,"height":126,"caption":"IDA.KOREA"},"image":{"@id":"https:\/\/idakorea.ee\/#\/schema\/logo\/image\/"},"sameAs":["https:\/\/www.instagram.com\/ida.korea\/"]}]}},"jetpack_sharing_enabled":true,"brands":[{"id":490,"name":"MEDICUBE","slug":"medicube"}],"_links":{"self":[{"href":"https:\/\/idakorea.ee\/fi\/wp-json\/wp\/v2\/product\/13538","targetHints":{"allow":["GET"]}}],"collection":[{"href":"https:\/\/idakorea.ee\/fi\/wp-json\/wp\/v2\/product"}],"about":[{"href":"https:\/\/idakorea.ee\/fi\/wp-json\/wp\/v2\/types\/product"}],"replies":[{"embeddable":true,"href":"https:\/\/idakorea.ee\/fi\/wp-json\/wp\/v2\/comments?post=13538"}],"version-history":[{"count":3,"href":"https:\/\/idakorea.ee\/fi\/wp-json\/wp\/v2\/product\/13538\/revisions"}],"predecessor-version":[{"id":15080,"href":"https:\/\/idakorea.ee\/fi\/wp-json\/wp\/v2\/product\/13538\/revisions\/15080"}],"wp:featuredmedia":[{"embeddable":true,"href":"https:\/\/idakorea.ee\/fi\/wp-json\/wp\/v2\/media\/13539"}],"wp:attachment":[{"href":"https:\/\/idakorea.ee\/fi\/wp-json\/wp\/v2\/media?parent=13538"}],"wp:term":[{"taxonomy":"pwb-brand","embeddable":true,"href":"https:\/\/idakorea.ee\/fi\/wp-json\/wp\/v2\/pwb-brand?post=13538"},{"taxonomy":"product_brand","embeddable":true,"href":"https:\/\/idakorea.ee\/fi\/wp-json\/wp\/v2\/product_brand?post=13538"},{"taxonomy":"product_cat","embeddable":true,"href":"https:\/\/idakorea.ee\/fi\/wp-json\/wp\/v2\/product_cat?post=13538"},{"taxonomy":"product_tag","embeddable":true,"href":"https:\/\/idakorea.ee\/fi\/wp-json\/wp\/v2\/product_tag?post=13538"}],"curies":[{"name":"wp","href":"https:\/\/api.w.org\/{rel}","templated":true}]}}