{"id":13551,"date":"2025-04-13T14:41:04","date_gmt":"2025-04-13T12:41:04","guid":{"rendered":"https:\/\/idakorea.ee\/?post_type=product&#038;p=13551"},"modified":"2026-03-25T10:21:36","modified_gmt":"2026-03-25T08:21:36","slug":"paikesekaitsepulk-benton-mineral-sun-stick-15g","status":"publish","type":"product","link":"https:\/\/idakorea.ee\/fi\/product\/paikesekaitsepulk-benton-mineral-sun-stick-15g\/","title":{"rendered":"Benton Mineral Sun Stick, 15g"},"content":{"rendered":"<p>Laajakirjoinen aurinkosuojapuikko, jossa on turvalliset fyysiset (mineraali)suodattimet. Se suojaa luotettavasti UV-s\u00e4teilyn haitallisilta vaikutuksilta samalla kosteuttaen ja raviten ihoa tehokkaasti ja vahvistaen ihon suojakerrosta est\u00e4en kosteuden haihtumisen.<\/p>\n<p>Puikolla on hienovarainen koostumus, se on helppo levitt\u00e4\u00e4, eik\u00e4 se j\u00e4t\u00e4 iholle ep\u00e4miellytt\u00e4v\u00e4\u00e4 tahmeaa kerrosta tai valkoisia raitoja. Se on my\u00f6s eritt\u00e4in vedenkest\u00e4v\u00e4.<\/p>\n<p>Koska aurinkovoide on puikon muodossa, sit\u00e4 on eritt\u00e4in k\u00e4tev\u00e4 kuljettaa mukana ja k\u00e4ytt\u00e4\u00e4 milloin tahansa! T\u00e4m\u00e4n muodon ansiosta voit levitt\u00e4\u00e4 tuotetta tarkasti kasvojen herkimmille alueille \u2013 nen\u00e4\u00e4n, korviin, poskip\u00e4ihin ja otsaan.<\/p>\n<p>Tuotteen sis\u00e4lt\u00e4m\u00e4 titaanidioksidi on fyysinen suodatin, joka ei imeydy ihoon, vaan j\u00e4\u00e4 ihon pinnalle ja luo &quot;peilim\u00e4isen suojan&quot;, joka heijastaa auringons\u00e4teit\u00e4.<\/p>\n<p>Koostumus sis\u00e4lt\u00e4\u00e4 my\u00f6s kolmen tyyppist\u00e4 hyaluronihappoa, joiden eri molekyylipainot takaavat syv\u00e4n ja pitk\u00e4kestoisen kosteutuksen.<\/p>\n<p>Hyaluronihappo palauttaa ihon hydrolipiditasapainon, yll\u00e4pit\u00e4\u00e4 optimaalisia kosteustasoja ja vahvistaa ihon suojatoimintoja, auttaen ehk\u00e4isem\u00e4\u00e4n kosteuden menetyst\u00e4 ja ihon kuivumista.<\/p>\n<p>Tokoferoli (auringonkukansiemenist\u00e4) ravitsee ihoa ja toimii antioksidanttina \u2013 se suojaa solukalvojen lipidej\u00e4 hapettumiselta ja ymp\u00e4rist\u00f6n saasteilta, tukee ihon puolustusmekanismeja, mik\u00e4 auttaa s\u00e4ilytt\u00e4m\u00e4\u00e4n kosteuden ja est\u00e4\u00e4 sen haihtumisen palauttaen ihon tasapainon.<\/p>\n<p>Tuote on hypoallergeeninen, dermatologisesti testattu ja tunnustettu turvalliseksi herk\u00e4lle kasvojen iholle. Tuotetta suositellaan sekaiholle.<\/p>\n<p>&nbsp;<\/p>\n<p><strong>K\u00e4ytt\u00f6:<\/strong><\/p>\n<p>Levit\u00e4 puhdistetulle kasvojen iholle 15\u201320 minuuttia ennen auringolle altistumista.<\/p>","protected":false},"excerpt":{"rendered":"<p>Laaja-alainen aurinkosuoja, jossa on turvallisia luonnollisia (mineraali)suodattimia, jotka suojaavat luotettavasti UV-s\u00e4teiden haitallisilta vaikutuksilta, kosteuttavat ja ravitsevat ihoa intensiivisesti ja vahvistavat ihon suojakerrosta ehk\u00e4isem\u00e4ll\u00e4 kosteuden menetyst\u00e4. Tikun koostumus on herkk\u00e4, se on helppo levitt\u00e4\u00e4 ja levitt\u00e4\u00e4, eik\u00e4 se j\u00e4t\u00e4 ep\u00e4miellytt\u00e4v\u00e4\u00e4 tahmeaa kerrosta tai valkoisia raitoja. Sill\u00e4 on korkea vedenkest\u00e4vyys. Kiitos sen, ett\u00e4 aurinkosuojavoiteen...<\/p>","protected":false},"featured_media":13552,"comment_status":"open","ping_status":"closed","template":"","meta":{"_uf_show_specific_survey":0,"_uf_disable_surveys":false,"_bst_post_transparent":"default","_bst_post_title":"","_bst_post_layout":"default","_bst_post_sidebar_id":"","_bst_post_content_style":"default","_bst_post_vertical_padding":"default","_bst_post_feature":"","_bst_post_feature_position":"","_bst_post_header":false,"_bst_post_footer":false},"pwb-brand":[475],"product_brand":[],"product_cat":[92,101],"product_tag":[777,864,849],"class_list":{"0":"post-13551","1":"product","2":"type-product","3":"status-publish","4":"has-post-thumbnail","6":"pwb-brand-benton","7":"product_cat-nagu","8":"product_cat-paikesekaitse","9":"product_tag-benton","10":"product_tag-spf","11":"product_tag-sun","13":"first","14":"outofstock","15":"sale","16":"shipping-taxable","17":"purchasable","18":"product-type-simple","19":"entry","20":"content-bg","21":"loop-entry"},"supplier_id":null,"supplier_sku":"","barcode":null,"atum_controlled":true,"out_stock_date":"2026-03-24 21:43:30","out_stock_threshold":null,"inheritable":false,"inbound_stock":0,"stock_on_hold":0,"sold_today":0,"sales_last_days":1,"out_stock_days":20,"lost_sales":65,"has_location":false,"update_date":"2026-04-14T00:05:10","atum_locations":[],"atum_stock_status":"outofstock","restock_status":false,"low_stock_amount":"","sales_update_date":"2026-04-14T00:05:10","calc_backorders":null,"yoast_head":"<!-- This site is optimized with the Yoast SEO plugin v27.2 - https:\/\/yoast.com\/product\/yoast-seo-wordpress\/ -->\n<title>Benton Mineral Sun Stick, 15g - IDA.KOREA<\/title>\n<meta name=\"description\" content=\"Pulk on \u00f5rna tekstuuriga, mugav peale kanda ja hajutada, ei j\u00e4ta nahale ebameeldivat kleepuvat kihti ega valgeid triipe. Sellel on k\u00f5rge veekindlus.\" \/>\n<meta name=\"robots\" content=\"index, follow, max-snippet:-1, max-image-preview:large, max-video-preview:-1\" \/>\n<link rel=\"canonical\" href=\"https:\/\/idakorea.ee\/fi\/product\/paikesekaitsepulk-benton-mineral-sun-stick-15g\/\" \/>\n<meta property=\"og:locale\" content=\"fi_FI\" \/>\n<meta property=\"og:type\" content=\"article\" \/>\n<meta property=\"og:title\" content=\"Benton Mineral Sun Stick, 15g - IDA.KOREA\" \/>\n<meta property=\"og:description\" content=\"Pulk on \u00f5rna tekstuuriga, mugav peale kanda ja hajutada, ei j\u00e4ta nahale ebameeldivat kleepuvat kihti ega valgeid triipe. Sellel on k\u00f5rge veekindlus.\" \/>\n<meta property=\"og:url\" content=\"https:\/\/idakorea.ee\/fi\/product\/paikesekaitsepulk-benton-mineral-sun-stick-15g\/\" \/>\n<meta property=\"og:site_name\" content=\"IDA.KOREA\" \/>\n<meta property=\"article:modified_time\" content=\"2026-03-25T08:21:36+00:00\" \/>\n<meta property=\"og:image\" content=\"https:\/\/idakorea.ee\/wp-content\/uploads\/2025\/04\/bentonmineralsunstickspf50pa_15g-idakorea.webp\" \/>\n\t<meta property=\"og:image:width\" content=\"1000\" \/>\n\t<meta property=\"og:image:height\" content=\"1000\" \/>\n\t<meta property=\"og:image:type\" content=\"image\/webp\" \/>\n<meta name=\"twitter:card\" content=\"summary_large_image\" \/>\n<meta name=\"twitter:label1\" content=\"Arvioitu lukuaika\" \/>\n\t<meta name=\"twitter:data1\" content=\"2 minuuttia\" \/>\n<script type=\"application\/ld+json\" class=\"yoast-schema-graph\">{\"@context\":\"https:\/\/schema.org\",\"@graph\":[{\"@type\":\"WebPage\",\"@id\":\"https:\/\/idakorea.ee\/product\/paikesekaitsepulk-benton-mineral-sun-stick-15g\/\",\"url\":\"https:\/\/idakorea.ee\/product\/paikesekaitsepulk-benton-mineral-sun-stick-15g\/\",\"name\":\"Benton Mineral Sun Stick, 15g - IDA.KOREA\",\"isPartOf\":{\"@id\":\"https:\/\/idakorea.ee\/#website\"},\"primaryImageOfPage\":{\"@id\":\"https:\/\/idakorea.ee\/product\/paikesekaitsepulk-benton-mineral-sun-stick-15g\/#primaryimage\"},\"image\":{\"@id\":\"https:\/\/idakorea.ee\/product\/paikesekaitsepulk-benton-mineral-sun-stick-15g\/#primaryimage\"},\"thumbnailUrl\":\"https:\/\/idakorea.ee\/wp-content\/uploads\/2025\/04\/bentonmineralsunstickspf50pa_15g-idakorea.webp\",\"datePublished\":\"2025-04-13T12:41:04+00:00\",\"dateModified\":\"2026-03-25T08:21:36+00:00\",\"description\":\"Pulk on \u00f5rna tekstuuriga, mugav peale kanda ja hajutada, ei j\u00e4ta nahale ebameeldivat kleepuvat kihti ega valgeid triipe. Sellel on k\u00f5rge veekindlus.\",\"breadcrumb\":{\"@id\":\"https:\/\/idakorea.ee\/product\/paikesekaitsepulk-benton-mineral-sun-stick-15g\/#breadcrumb\"},\"inLanguage\":\"fi\",\"potentialAction\":[{\"@type\":\"ReadAction\",\"target\":[\"https:\/\/idakorea.ee\/product\/paikesekaitsepulk-benton-mineral-sun-stick-15g\/\"]}]},{\"@type\":\"ImageObject\",\"inLanguage\":\"fi\",\"@id\":\"https:\/\/idakorea.ee\/product\/paikesekaitsepulk-benton-mineral-sun-stick-15g\/#primaryimage\",\"url\":\"https:\/\/idakorea.ee\/wp-content\/uploads\/2025\/04\/bentonmineralsunstickspf50pa_15g-idakorea.webp\",\"contentUrl\":\"https:\/\/idakorea.ee\/wp-content\/uploads\/2025\/04\/bentonmineralsunstickspf50pa_15g-idakorea.webp\",\"width\":1000,\"height\":1000},{\"@type\":\"BreadcrumbList\",\"@id\":\"https:\/\/idakorea.ee\/product\/paikesekaitsepulk-benton-mineral-sun-stick-15g\/#breadcrumb\",\"itemListElement\":[{\"@type\":\"ListItem\",\"position\":1,\"name\":\"\u0413\u043b\u0430\u0432\u043d\u0430\u044f \u0441\u0442\u0440\u0430\u043d\u0438\u0446\u0430\",\"item\":\"https:\/\/idakorea.ee\/\"},{\"@type\":\"ListItem\",\"position\":2,\"name\":\"Shop\",\"item\":\"https:\/\/idakorea.ee\/shop-2\/\"},{\"@type\":\"ListItem\",\"position\":3,\"name\":\"P\u00e4ikesekaitsepulk Benton Mineral Sun Stick, 15g\"}]},{\"@type\":\"WebSite\",\"@id\":\"https:\/\/idakorea.ee\/#website\",\"url\":\"https:\/\/idakorea.ee\/\",\"name\":\"IDA.KOREA\",\"description\":\"Korea kosmeetika e-pood\",\"publisher\":{\"@id\":\"https:\/\/idakorea.ee\/#organization\"},\"alternateName\":\"Beauty Shop\",\"potentialAction\":[{\"@type\":\"SearchAction\",\"target\":{\"@type\":\"EntryPoint\",\"urlTemplate\":\"https:\/\/idakorea.ee\/?s={search_term_string}\"},\"query-input\":{\"@type\":\"PropertyValueSpecification\",\"valueRequired\":true,\"valueName\":\"search_term_string\"}}],\"inLanguage\":\"fi\"},{\"@type\":\"Organization\",\"@id\":\"https:\/\/idakorea.ee\/#organization\",\"name\":\"IDA.KOREA\",\"url\":\"https:\/\/idakorea.ee\/\",\"logo\":{\"@type\":\"ImageObject\",\"inLanguage\":\"fi\",\"@id\":\"https:\/\/idakorea.ee\/#\/schema\/logo\/image\/\",\"url\":\"https:\/\/idakorea.ee\/wp-content\/uploads\/2024\/05\/cropped-korea3.png\",\"contentUrl\":\"https:\/\/idakorea.ee\/wp-content\/uploads\/2024\/05\/cropped-korea3.png\",\"width\":688,\"height\":126,\"caption\":\"IDA.KOREA\"},\"image\":{\"@id\":\"https:\/\/idakorea.ee\/#\/schema\/logo\/image\/\"},\"sameAs\":[\"https:\/\/www.instagram.com\/ida.korea\/\"]}]}<\/script>\n<!-- \/ Yoast SEO plugin. -->","yoast_head_json":{"title":"Benton Mineral Sun Stick -aurinkosuojapuikko, 15 g - IDA.KOREA","description":"Puikolla on hienovarainen koostumus, se on helppo levitt\u00e4\u00e4, eik\u00e4 se j\u00e4t\u00e4 iholle ep\u00e4miellytt\u00e4v\u00e4\u00e4 tahmeaa kerrosta tai valkoisia raitoja. Se on my\u00f6s eritt\u00e4in vedenkest\u00e4v\u00e4.","robots":{"index":"index","follow":"follow","max-snippet":"max-snippet:-1","max-image-preview":"max-image-preview:large","max-video-preview":"max-video-preview:-1"},"canonical":"https:\/\/idakorea.ee\/fi\/product\/paikesekaitsepulk-benton-mineral-sun-stick-15g\/","og_locale":"fi_FI","og_type":"article","og_title":"Benton Mineral Sun Stick, 15g - IDA.KOREA","og_description":"Pulk on \u00f5rna tekstuuriga, mugav peale kanda ja hajutada, ei j\u00e4ta nahale ebameeldivat kleepuvat kihti ega valgeid triipe. Sellel on k\u00f5rge veekindlus.","og_url":"https:\/\/idakorea.ee\/fi\/product\/paikesekaitsepulk-benton-mineral-sun-stick-15g\/","og_site_name":"IDA.KOREA","article_modified_time":"2026-03-25T08:21:36+00:00","og_image":[{"width":1000,"height":1000,"url":"https:\/\/idakorea.ee\/wp-content\/uploads\/2025\/04\/bentonmineralsunstickspf50pa_15g-idakorea.webp","type":"image\/webp"}],"twitter_card":"summary_large_image","twitter_misc":{"Arvioitu lukuaika":"2 minuuttia"},"schema":{"@context":"https:\/\/schema.org","@graph":[{"@type":"WebPage","@id":"https:\/\/idakorea.ee\/product\/paikesekaitsepulk-benton-mineral-sun-stick-15g\/","url":"https:\/\/idakorea.ee\/product\/paikesekaitsepulk-benton-mineral-sun-stick-15g\/","name":"Benton Mineral Sun Stick -aurinkosuojapuikko, 15 g - IDA.KOREA","isPartOf":{"@id":"https:\/\/idakorea.ee\/#website"},"primaryImageOfPage":{"@id":"https:\/\/idakorea.ee\/product\/paikesekaitsepulk-benton-mineral-sun-stick-15g\/#primaryimage"},"image":{"@id":"https:\/\/idakorea.ee\/product\/paikesekaitsepulk-benton-mineral-sun-stick-15g\/#primaryimage"},"thumbnailUrl":"https:\/\/idakorea.ee\/wp-content\/uploads\/2025\/04\/bentonmineralsunstickspf50pa_15g-idakorea.webp","datePublished":"2025-04-13T12:41:04+00:00","dateModified":"2026-03-25T08:21:36+00:00","description":"Puikolla on hienovarainen koostumus, se on helppo levitt\u00e4\u00e4, eik\u00e4 se j\u00e4t\u00e4 iholle ep\u00e4miellytt\u00e4v\u00e4\u00e4 tahmeaa kerrosta tai valkoisia raitoja. Se on my\u00f6s eritt\u00e4in vedenkest\u00e4v\u00e4.","breadcrumb":{"@id":"https:\/\/idakorea.ee\/product\/paikesekaitsepulk-benton-mineral-sun-stick-15g\/#breadcrumb"},"inLanguage":"fi","potentialAction":[{"@type":"ReadAction","target":["https:\/\/idakorea.ee\/product\/paikesekaitsepulk-benton-mineral-sun-stick-15g\/"]}]},{"@type":"ImageObject","inLanguage":"fi","@id":"https:\/\/idakorea.ee\/product\/paikesekaitsepulk-benton-mineral-sun-stick-15g\/#primaryimage","url":"https:\/\/idakorea.ee\/wp-content\/uploads\/2025\/04\/bentonmineralsunstickspf50pa_15g-idakorea.webp","contentUrl":"https:\/\/idakorea.ee\/wp-content\/uploads\/2025\/04\/bentonmineralsunstickspf50pa_15g-idakorea.webp","width":1000,"height":1000},{"@type":"BreadcrumbList","@id":"https:\/\/idakorea.ee\/product\/paikesekaitsepulk-benton-mineral-sun-stick-15g\/#breadcrumb","itemListElement":[{"@type":"ListItem","position":1,"name":"\u0413\u043b\u0430\u0432\u043d\u0430\u044f \u0441\u0442\u0440\u0430\u043d\u0438\u0446\u0430","item":"https:\/\/idakorea.ee\/"},{"@type":"ListItem","position":2,"name":"Shop","item":"https:\/\/idakorea.ee\/shop-2\/"},{"@type":"ListItem","position":3,"name":"P\u00e4ikesekaitsepulk Benton Mineral Sun Stick, 15g"}]},{"@type":"WebSite","@id":"https:\/\/idakorea.ee\/#website","url":"https:\/\/idakorea.ee\/","name":"IDA.KOREA","description":"Korean kosmetiikan verkkokauppa","publisher":{"@id":"https:\/\/idakorea.ee\/#organization"},"alternateName":"Beauty Shop","potentialAction":[{"@type":"SearchAction","target":{"@type":"EntryPoint","urlTemplate":"https:\/\/idakorea.ee\/?s={search_term_string}"},"query-input":{"@type":"PropertyValueSpecification","valueRequired":true,"valueName":"search_term_string"}}],"inLanguage":"fi"},{"@type":"Organization","@id":"https:\/\/idakorea.ee\/#organization","name":"IDA.KOREA","url":"https:\/\/idakorea.ee\/","logo":{"@type":"ImageObject","inLanguage":"fi","@id":"https:\/\/idakorea.ee\/#\/schema\/logo\/image\/","url":"https:\/\/idakorea.ee\/wp-content\/uploads\/2024\/05\/cropped-korea3.png","contentUrl":"https:\/\/idakorea.ee\/wp-content\/uploads\/2024\/05\/cropped-korea3.png","width":688,"height":126,"caption":"IDA.KOREA"},"image":{"@id":"https:\/\/idakorea.ee\/#\/schema\/logo\/image\/"},"sameAs":["https:\/\/www.instagram.com\/ida.korea\/"]}]}},"jetpack_sharing_enabled":true,"brands":[{"id":475,"name":"BENTON","slug":"benton"}],"_links":{"self":[{"href":"https:\/\/idakorea.ee\/fi\/wp-json\/wp\/v2\/product\/13551","targetHints":{"allow":["GET"]}}],"collection":[{"href":"https:\/\/idakorea.ee\/fi\/wp-json\/wp\/v2\/product"}],"about":[{"href":"https:\/\/idakorea.ee\/fi\/wp-json\/wp\/v2\/types\/product"}],"replies":[{"embeddable":true,"href":"https:\/\/idakorea.ee\/fi\/wp-json\/wp\/v2\/comments?post=13551"}],"version-history":[{"count":4,"href":"https:\/\/idakorea.ee\/fi\/wp-json\/wp\/v2\/product\/13551\/revisions"}],"predecessor-version":[{"id":18231,"href":"https:\/\/idakorea.ee\/fi\/wp-json\/wp\/v2\/product\/13551\/revisions\/18231"}],"wp:featuredmedia":[{"embeddable":true,"href":"https:\/\/idakorea.ee\/fi\/wp-json\/wp\/v2\/media\/13552"}],"wp:attachment":[{"href":"https:\/\/idakorea.ee\/fi\/wp-json\/wp\/v2\/media?parent=13551"}],"wp:term":[{"taxonomy":"pwb-brand","embeddable":true,"href":"https:\/\/idakorea.ee\/fi\/wp-json\/wp\/v2\/pwb-brand?post=13551"},{"taxonomy":"product_brand","embeddable":true,"href":"https:\/\/idakorea.ee\/fi\/wp-json\/wp\/v2\/product_brand?post=13551"},{"taxonomy":"product_cat","embeddable":true,"href":"https:\/\/idakorea.ee\/fi\/wp-json\/wp\/v2\/product_cat?post=13551"},{"taxonomy":"product_tag","embeddable":true,"href":"https:\/\/idakorea.ee\/fi\/wp-json\/wp\/v2\/product_tag?post=13551"}],"curies":[{"name":"wp","href":"https:\/\/api.w.org\/{rel}","templated":true}]}}