{"id":13570,"date":"2025-04-14T18:19:37","date_gmt":"2025-04-14T16:19:37","guid":{"rendered":"https:\/\/idakorea.ee\/?post_type=product&#038;p=13570"},"modified":"2026-04-12T18:06:19","modified_gmt":"2026-04-12T16:06:19","slug":"laneige-bouncy-firm-sleeping-mask-10ml","status":"publish","type":"product","link":"https:\/\/idakorea.ee\/fi\/product\/laneige-bouncy-firm-sleeping-mask-10ml\/","title":{"rendered":"Y\u00f6naamio ihon kimmoisuudelle ja s\u00e4teilevyydelle Laneige Bouncy &amp; Firm Sleeping Mask, 10ml"},"content":{"rendered":"<p><strong>Laneige Bouncy &amp; Firm<\/strong> y\u00f6naamio palauttaa ihon solujen kosteustasapainon vain yhdess\u00e4 y\u00f6ss\u00e4, lievitt\u00e4\u00e4 kuivuutta, vet\u00e4v\u00e4\u00e4 tunnetta ja kuorintaa.<\/p>\n<p>Kiinteytt\u00e4v\u00e4 y\u00f6naamio, jossa on pioni- ja kollageenikompleksi, tarjoaa sek\u00e4 v\u00e4litt\u00f6mi\u00e4 ett\u00e4 pitk\u00e4kestoisia hy\u00f6tyj\u00e4 - se silottaa ihoa, tekee siit\u00e4 joustavamman ja kimmoisamman. Saavuta hehkuva, kiinte\u00e4 iho nukkuessasi!<\/p>\n<p>Sis\u00e4lt\u00e4\u00e4 pioni- ja kollageenikompleksin, joka palauttaa ihon elinvoimaisuuden ja n\u00e4kyv\u00e4n kimmoisuuden, kun taas Hydro-Melt Glow -kapseleissa j\u00e4ljitell\u00e4\u00e4n ihon omia lipidej\u00e4, jotka suojaavat kosteusesteen ja antavat ravintoa l\u00e4pi y\u00f6n. S\u00e4\u00e4nn\u00f6llisell\u00e4 k\u00e4yt\u00f6ll\u00e4 se auttaa n\u00e4kyv\u00e4sti v\u00e4hent\u00e4m\u00e4\u00e4n juonteita ja ryppyj\u00e4 ja lis\u00e4\u00e4 ihon s\u00e4teilevyytt\u00e4.<\/p>\n<p>Laneige Night Mask -y\u00f6naamio antaa iholle tyynym\u00e4isen tunteen ja parantaa ihon n\u00e4kyv\u00e4\u00e4 kimmoisuutta, ravitsee ja palauttaa ihoa unen aikana ja j\u00e4tt\u00e4\u00e4 sen aamulla s\u00e4teilev\u00e4ksi ja virkistyneeksi.<\/p>\n<p>Sorbetin kaltaisen sulavan koostumuksen ja kosteuttavien kapseleiden ansiosta t\u00e4m\u00e4 naamio kosteuttaa jopa 24 tuntia ja antaa virkist\u00e4v\u00e4n lopputuloksen ja ylellisen silkkisen levityksen. Pioni &amp; kollageenikompleksi tasoittaa ihoa, v\u00e4hent\u00e4\u00e4 ryppyj\u00e4 ja vahvistaa ihon suojamuuria tehden siit\u00e4 kiinte\u00e4mm\u00e4n ja kimmoisamman. Lis\u00e4ksi pionien tuoksukimpun makea kukkainen Sleepscent tarjoaa rentouttavan tunnelman ennen nukahtamista.<\/p>\n<p>&nbsp;<\/p>\n<p>Sopii kaikille ihotyypeille.<\/p>\n<p><strong>K\u00e4ytt\u00f6: <\/strong>Levit\u00e4 tarvittava m\u00e4\u00e4r\u00e4 puhtaille, kuiville kasvoille 10-15 minuuttia ennen nukkumaanmenoa. \u00c4l\u00e4 pese pois - mene vain nukkumaan. Pese kasvot aamulla tavalliseen tapaan. Suositeltu k\u00e4ytt\u00f6 1-3 kertaa viikossa.<\/p>\n<p>&nbsp;<\/p>","protected":false},"excerpt":{"rendered":"<p>Laneige Bouncy &amp; Firm Night Mask -y\u00f6naamio palauttaa ihon kosteustasapainon soluihin, lievitt\u00e4\u00e4 kuivuutta, nykimisen tunnetta ja kuorintaa vain yhdess\u00e4 y\u00f6ss\u00e4. Kiinteytt\u00e4v\u00e4 y\u00f6naamio, jossa on pioni- ja kollageenikompleksi, tarjoaa sek\u00e4 v\u00e4litt\u00f6mi\u00e4 ett\u00e4 pitk\u00e4kestoisia hy\u00f6tyj\u00e4 - silottaa ihoa, tekee siit\u00e4 notkeamman ja joustavamman. Saavuta hehkuva ja kiinte\u00e4 iho nukkuessasi! Sis\u00e4lt\u00e4\u00e4 pioni- ja kollageenikompleksia, joka palauttaa ihon elinvoimaisuuden ja...<\/p>","protected":false},"featured_media":13571,"comment_status":"open","ping_status":"closed","template":"","meta":{"_uf_show_specific_survey":0,"_uf_disable_surveys":false,"_bst_post_transparent":"default","_bst_post_title":"","_bst_post_layout":"default","_bst_post_sidebar_id":"","_bst_post_content_style":"default","_bst_post_vertical_padding":"default","_bst_post_feature":"","_bst_post_feature_position":"","_bst_post_header":false,"_bst_post_footer":false},"pwb-brand":[477],"product_brand":[],"product_cat":[92,98],"product_tag":[497],"class_list":{"0":"post-13570","1":"product","2":"type-product","3":"status-publish","4":"has-post-thumbnail","6":"pwb-brand-laneige","7":"product_cat-nagu","8":"product_cat-naomaskid","9":"product_tag-laneige","11":"first","12":"instock","13":"sale","14":"shipping-taxable","15":"purchasable","16":"product-type-simple","17":"entry","18":"content-bg","19":"loop-entry"},"supplier_id":null,"supplier_sku":"","barcode":null,"atum_controlled":true,"out_stock_date":null,"out_stock_threshold":null,"inheritable":false,"inbound_stock":0,"stock_on_hold":0,"sold_today":0,"sales_last_days":3,"out_stock_days":0,"lost_sales":0,"has_location":false,"update_date":"2026-04-14T00:05:13","atum_locations":[],"atum_stock_status":"instock","restock_status":false,"low_stock_amount":"","sales_update_date":"2026-04-14T00:05:13","calc_backorders":null,"yoast_head":"<!-- This site is optimized with the Yoast SEO plugin v27.2 - https:\/\/yoast.com\/product\/yoast-seo-wordpress\/ -->\n<title>Laneige Bouncy &amp; Firm Sleeping Mask, 10ml - IDA.KOREA<\/title>\n<meta name=\"description\" content=\"Laneige Bouncy &amp; Firm \u00f6\u00f6mask taastab vaid \u00fche \u00f6\u00f6ga naha niiskustasakaalu rakkudes, leevendab kuivust, kiskuvat tunnet ja kestendust. Kiire tarne!\" \/>\n<meta name=\"robots\" content=\"index, follow, max-snippet:-1, max-image-preview:large, max-video-preview:-1\" \/>\n<link rel=\"canonical\" href=\"https:\/\/idakorea.ee\/fi\/product\/laneige-bouncy-firm-sleeping-mask-10ml\/\" \/>\n<meta property=\"og:locale\" content=\"fi_FI\" \/>\n<meta property=\"og:type\" content=\"article\" \/>\n<meta property=\"og:title\" content=\"Laneige Bouncy &amp; Firm Sleeping Mask, 10ml - IDA.KOREA\" \/>\n<meta property=\"og:description\" content=\"Laneige Bouncy &amp; Firm \u00f6\u00f6mask taastab vaid \u00fche \u00f6\u00f6ga naha niiskustasakaalu rakkudes, leevendab kuivust, kiskuvat tunnet ja kestendust. Kiire tarne!\" \/>\n<meta property=\"og:url\" content=\"https:\/\/idakorea.ee\/fi\/product\/laneige-bouncy-firm-sleeping-mask-10ml\/\" \/>\n<meta property=\"og:site_name\" content=\"IDA.KOREA\" \/>\n<meta property=\"article:modified_time\" content=\"2026-04-12T16:06:19+00:00\" \/>\n<meta property=\"og:image\" content=\"https:\/\/idakorea.ee\/wp-content\/uploads\/2025\/04\/laneige-bouncy-sleeping-mask-idakorea.webp\" \/>\n\t<meta property=\"og:image:width\" content=\"1600\" \/>\n\t<meta property=\"og:image:height\" content=\"1600\" \/>\n\t<meta property=\"og:image:type\" content=\"image\/webp\" \/>\n<meta name=\"twitter:card\" content=\"summary_large_image\" \/>\n<meta name=\"twitter:label1\" content=\"Arvioitu lukuaika\" \/>\n\t<meta name=\"twitter:data1\" content=\"2 minuuttia\" \/>\n<script type=\"application\/ld+json\" class=\"yoast-schema-graph\">{\"@context\":\"https:\/\/schema.org\",\"@graph\":[{\"@type\":\"WebPage\",\"@id\":\"https:\/\/idakorea.ee\/product\/laneige-bouncy-firm-sleeping-mask-10ml\/\",\"url\":\"https:\/\/idakorea.ee\/product\/laneige-bouncy-firm-sleeping-mask-10ml\/\",\"name\":\"Laneige Bouncy & Firm Sleeping Mask, 10ml - IDA.KOREA\",\"isPartOf\":{\"@id\":\"https:\/\/idakorea.ee\/#website\"},\"primaryImageOfPage\":{\"@id\":\"https:\/\/idakorea.ee\/product\/laneige-bouncy-firm-sleeping-mask-10ml\/#primaryimage\"},\"image\":{\"@id\":\"https:\/\/idakorea.ee\/product\/laneige-bouncy-firm-sleeping-mask-10ml\/#primaryimage\"},\"thumbnailUrl\":\"https:\/\/idakorea.ee\/wp-content\/uploads\/2025\/04\/laneige-bouncy-sleeping-mask-idakorea.webp\",\"datePublished\":\"2025-04-14T16:19:37+00:00\",\"dateModified\":\"2026-04-12T16:06:19+00:00\",\"description\":\"Laneige Bouncy & Firm \u00f6\u00f6mask taastab vaid \u00fche \u00f6\u00f6ga naha niiskustasakaalu rakkudes, leevendab kuivust, kiskuvat tunnet ja kestendust. Kiire tarne!\",\"breadcrumb\":{\"@id\":\"https:\/\/idakorea.ee\/product\/laneige-bouncy-firm-sleeping-mask-10ml\/#breadcrumb\"},\"inLanguage\":\"fi\",\"potentialAction\":[{\"@type\":\"ReadAction\",\"target\":[\"https:\/\/idakorea.ee\/product\/laneige-bouncy-firm-sleeping-mask-10ml\/\"]}]},{\"@type\":\"ImageObject\",\"inLanguage\":\"fi\",\"@id\":\"https:\/\/idakorea.ee\/product\/laneige-bouncy-firm-sleeping-mask-10ml\/#primaryimage\",\"url\":\"https:\/\/idakorea.ee\/wp-content\/uploads\/2025\/04\/laneige-bouncy-sleeping-mask-idakorea.webp\",\"contentUrl\":\"https:\/\/idakorea.ee\/wp-content\/uploads\/2025\/04\/laneige-bouncy-sleeping-mask-idakorea.webp\",\"width\":1600,\"height\":1600},{\"@type\":\"BreadcrumbList\",\"@id\":\"https:\/\/idakorea.ee\/product\/laneige-bouncy-firm-sleeping-mask-10ml\/#breadcrumb\",\"itemListElement\":[{\"@type\":\"ListItem\",\"position\":1,\"name\":\"\u0413\u043b\u0430\u0432\u043d\u0430\u044f \u0441\u0442\u0440\u0430\u043d\u0438\u0446\u0430\",\"item\":\"https:\/\/idakorea.ee\/\"},{\"@type\":\"ListItem\",\"position\":2,\"name\":\"Shop\",\"item\":\"https:\/\/idakorea.ee\/shop-2\/\"},{\"@type\":\"ListItem\",\"position\":3,\"name\":\"\u00d6\u00f6mask naha elastsuse ja s\u00e4ra jaoks Laneige Bouncy &#038; Firm Sleeping Mask, 10ml\"}]},{\"@type\":\"WebSite\",\"@id\":\"https:\/\/idakorea.ee\/#website\",\"url\":\"https:\/\/idakorea.ee\/\",\"name\":\"IDA.KOREA\",\"description\":\"Korea kosmeetika e-pood\",\"publisher\":{\"@id\":\"https:\/\/idakorea.ee\/#organization\"},\"alternateName\":\"Beauty Shop\",\"potentialAction\":[{\"@type\":\"SearchAction\",\"target\":{\"@type\":\"EntryPoint\",\"urlTemplate\":\"https:\/\/idakorea.ee\/?s={search_term_string}\"},\"query-input\":{\"@type\":\"PropertyValueSpecification\",\"valueRequired\":true,\"valueName\":\"search_term_string\"}}],\"inLanguage\":\"fi\"},{\"@type\":\"Organization\",\"@id\":\"https:\/\/idakorea.ee\/#organization\",\"name\":\"IDA.KOREA\",\"url\":\"https:\/\/idakorea.ee\/\",\"logo\":{\"@type\":\"ImageObject\",\"inLanguage\":\"fi\",\"@id\":\"https:\/\/idakorea.ee\/#\/schema\/logo\/image\/\",\"url\":\"https:\/\/idakorea.ee\/wp-content\/uploads\/2024\/05\/cropped-korea3.png\",\"contentUrl\":\"https:\/\/idakorea.ee\/wp-content\/uploads\/2024\/05\/cropped-korea3.png\",\"width\":688,\"height\":126,\"caption\":\"IDA.KOREA\"},\"image\":{\"@id\":\"https:\/\/idakorea.ee\/#\/schema\/logo\/image\/\"},\"sameAs\":[\"https:\/\/www.instagram.com\/ida.korea\/\"]}]}<\/script>\n<!-- \/ Yoast SEO plugin. -->","yoast_head_json":{"title":"Laneige Bouncy &amp; Firm -y\u00f6naamio, 10ml - IDA.KOREA","description":"Laneige Bouncy &amp; Firm Night Mask -y\u00f6naamio palauttaa ihon solujen kosteustasapainon, lievitt\u00e4\u00e4 kuivuutta, nykiv\u00e4\u00e4 tunnetta ja kuorintaa jo yhdess\u00e4 y\u00f6ss\u00e4. Nopea toimitus!","robots":{"index":"index","follow":"follow","max-snippet":"max-snippet:-1","max-image-preview":"max-image-preview:large","max-video-preview":"max-video-preview:-1"},"canonical":"https:\/\/idakorea.ee\/fi\/product\/laneige-bouncy-firm-sleeping-mask-10ml\/","og_locale":"fi_FI","og_type":"article","og_title":"Laneige Bouncy & Firm Sleeping Mask, 10ml - IDA.KOREA","og_description":"Laneige Bouncy & Firm \u00f6\u00f6mask taastab vaid \u00fche \u00f6\u00f6ga naha niiskustasakaalu rakkudes, leevendab kuivust, kiskuvat tunnet ja kestendust. Kiire tarne!","og_url":"https:\/\/idakorea.ee\/fi\/product\/laneige-bouncy-firm-sleeping-mask-10ml\/","og_site_name":"IDA.KOREA","article_modified_time":"2026-04-12T16:06:19+00:00","og_image":[{"width":1600,"height":1600,"url":"https:\/\/idakorea.ee\/wp-content\/uploads\/2025\/04\/laneige-bouncy-sleeping-mask-idakorea.webp","type":"image\/webp"}],"twitter_card":"summary_large_image","twitter_misc":{"Arvioitu lukuaika":"2 minuuttia"},"schema":{"@context":"https:\/\/schema.org","@graph":[{"@type":"WebPage","@id":"https:\/\/idakorea.ee\/product\/laneige-bouncy-firm-sleeping-mask-10ml\/","url":"https:\/\/idakorea.ee\/product\/laneige-bouncy-firm-sleeping-mask-10ml\/","name":"Laneige Bouncy &amp; Firm -y\u00f6naamio, 10ml - IDA.KOREA","isPartOf":{"@id":"https:\/\/idakorea.ee\/#website"},"primaryImageOfPage":{"@id":"https:\/\/idakorea.ee\/product\/laneige-bouncy-firm-sleeping-mask-10ml\/#primaryimage"},"image":{"@id":"https:\/\/idakorea.ee\/product\/laneige-bouncy-firm-sleeping-mask-10ml\/#primaryimage"},"thumbnailUrl":"https:\/\/idakorea.ee\/wp-content\/uploads\/2025\/04\/laneige-bouncy-sleeping-mask-idakorea.webp","datePublished":"2025-04-14T16:19:37+00:00","dateModified":"2026-04-12T16:06:19+00:00","description":"Laneige Bouncy &amp; Firm Night Mask -y\u00f6naamio palauttaa ihon solujen kosteustasapainon, lievitt\u00e4\u00e4 kuivuutta, nykiv\u00e4\u00e4 tunnetta ja kuorintaa jo yhdess\u00e4 y\u00f6ss\u00e4. Nopea toimitus!","breadcrumb":{"@id":"https:\/\/idakorea.ee\/product\/laneige-bouncy-firm-sleeping-mask-10ml\/#breadcrumb"},"inLanguage":"fi","potentialAction":[{"@type":"ReadAction","target":["https:\/\/idakorea.ee\/product\/laneige-bouncy-firm-sleeping-mask-10ml\/"]}]},{"@type":"ImageObject","inLanguage":"fi","@id":"https:\/\/idakorea.ee\/product\/laneige-bouncy-firm-sleeping-mask-10ml\/#primaryimage","url":"https:\/\/idakorea.ee\/wp-content\/uploads\/2025\/04\/laneige-bouncy-sleeping-mask-idakorea.webp","contentUrl":"https:\/\/idakorea.ee\/wp-content\/uploads\/2025\/04\/laneige-bouncy-sleeping-mask-idakorea.webp","width":1600,"height":1600},{"@type":"BreadcrumbList","@id":"https:\/\/idakorea.ee\/product\/laneige-bouncy-firm-sleeping-mask-10ml\/#breadcrumb","itemListElement":[{"@type":"ListItem","position":1,"name":"\u0413\u043b\u0430\u0432\u043d\u0430\u044f \u0441\u0442\u0440\u0430\u043d\u0438\u0446\u0430","item":"https:\/\/idakorea.ee\/"},{"@type":"ListItem","position":2,"name":"Shop","item":"https:\/\/idakorea.ee\/shop-2\/"},{"@type":"ListItem","position":3,"name":"\u00d6\u00f6mask naha elastsuse ja s\u00e4ra jaoks Laneige Bouncy &#038; Firm Sleeping Mask, 10ml"}]},{"@type":"WebSite","@id":"https:\/\/idakorea.ee\/#website","url":"https:\/\/idakorea.ee\/","name":"IDA.KOREA","description":"Korean kosmetiikan verkkokauppa","publisher":{"@id":"https:\/\/idakorea.ee\/#organization"},"alternateName":"Beauty Shop","potentialAction":[{"@type":"SearchAction","target":{"@type":"EntryPoint","urlTemplate":"https:\/\/idakorea.ee\/?s={search_term_string}"},"query-input":{"@type":"PropertyValueSpecification","valueRequired":true,"valueName":"search_term_string"}}],"inLanguage":"fi"},{"@type":"Organization","@id":"https:\/\/idakorea.ee\/#organization","name":"IDA.KOREA","url":"https:\/\/idakorea.ee\/","logo":{"@type":"ImageObject","inLanguage":"fi","@id":"https:\/\/idakorea.ee\/#\/schema\/logo\/image\/","url":"https:\/\/idakorea.ee\/wp-content\/uploads\/2024\/05\/cropped-korea3.png","contentUrl":"https:\/\/idakorea.ee\/wp-content\/uploads\/2024\/05\/cropped-korea3.png","width":688,"height":126,"caption":"IDA.KOREA"},"image":{"@id":"https:\/\/idakorea.ee\/#\/schema\/logo\/image\/"},"sameAs":["https:\/\/www.instagram.com\/ida.korea\/"]}]}},"jetpack_sharing_enabled":true,"brands":[{"id":477,"name":"LANEIGE","slug":"laneige"}],"_links":{"self":[{"href":"https:\/\/idakorea.ee\/fi\/wp-json\/wp\/v2\/product\/13570","targetHints":{"allow":["GET"]}}],"collection":[{"href":"https:\/\/idakorea.ee\/fi\/wp-json\/wp\/v2\/product"}],"about":[{"href":"https:\/\/idakorea.ee\/fi\/wp-json\/wp\/v2\/types\/product"}],"replies":[{"embeddable":true,"href":"https:\/\/idakorea.ee\/fi\/wp-json\/wp\/v2\/comments?post=13570"}],"version-history":[{"count":2,"href":"https:\/\/idakorea.ee\/fi\/wp-json\/wp\/v2\/product\/13570\/revisions"}],"predecessor-version":[{"id":13575,"href":"https:\/\/idakorea.ee\/fi\/wp-json\/wp\/v2\/product\/13570\/revisions\/13575"}],"wp:featuredmedia":[{"embeddable":true,"href":"https:\/\/idakorea.ee\/fi\/wp-json\/wp\/v2\/media\/13571"}],"wp:attachment":[{"href":"https:\/\/idakorea.ee\/fi\/wp-json\/wp\/v2\/media?parent=13570"}],"wp:term":[{"taxonomy":"pwb-brand","embeddable":true,"href":"https:\/\/idakorea.ee\/fi\/wp-json\/wp\/v2\/pwb-brand?post=13570"},{"taxonomy":"product_brand","embeddable":true,"href":"https:\/\/idakorea.ee\/fi\/wp-json\/wp\/v2\/product_brand?post=13570"},{"taxonomy":"product_cat","embeddable":true,"href":"https:\/\/idakorea.ee\/fi\/wp-json\/wp\/v2\/product_cat?post=13570"},{"taxonomy":"product_tag","embeddable":true,"href":"https:\/\/idakorea.ee\/fi\/wp-json\/wp\/v2\/product_tag?post=13570"}],"curies":[{"name":"wp","href":"https:\/\/api.w.org\/{rel}","templated":true}]}}