{"id":13576,"date":"2025-04-14T18:34:52","date_gmt":"2025-04-14T16:34:52","guid":{"rendered":"https:\/\/idakorea.ee\/?post_type=product&#038;p=13576"},"modified":"2026-01-30T14:21:35","modified_gmt":"2026-01-30T12:21:35","slug":"intensiivne-seerum-sarava-naha-jaoks-arencia-holy-hyssop-serum-30-50ml","status":"publish","type":"product","link":"https:\/\/idakorea.ee\/fi\/product\/intensiivne-seerum-sarava-naha-jaoks-arencia-holy-hyssop-serum-30-50ml\/","title":{"rendered":"Intensiivinen seerumi hehkuvalle iholle Arencia Holy Hyssop Serum 30, 50ml"},"content":{"rendered":"<p>Intensiivinen <strong>seerumi iisoppiuutteella<\/strong> korvaa useita ihonhoidon vaiheita ja sopii k\u00e4ytett\u00e4v\u00e4ksi my\u00f6s sellaisenaan - ilman voidetta.<br \/>\nV\u00e4hent\u00e4\u00e4 sameutta, kirkastaa ja tasoittaa ep\u00e4tasaista ihons\u00e4vy\u00e4. Auttaa torjumaan hyperpigmentaatiota ja kirkastaa hell\u00e4varaisesti. Rauhoittaa \u00e4rsytyst\u00e4, v\u00e4hent\u00e4\u00e4 kutinaa ja punoitusta sek\u00e4 v\u00e4hent\u00e4\u00e4 aknen riski\u00e4.<\/p>\n<p>Seerumi kosteuttaa ja ravitsee syv\u00e4lt\u00e4, poistaa kuivuutta ja hilseily\u00e4. Palauttaa ihon hydrolipidikerroksen, joka est\u00e4\u00e4 kosteuden haihtumista ja suojaa kuivumiselta.<\/p>\n<p><strong>VITA ACE -patentoitu kompleksi (30%)<\/strong> Kasviuutteiden ansiosta rikastuttaa ihoa C-, B- ja E-vitamiineilla, vahvistaa ihon vastustuskyky\u00e4, toimii vahvana antioksidanttina ja parantaa ihon suojatoimintoja.<br \/>\nTuotteella on tihe\u00e4 geelim\u00e4inen koostumus ja se sopii jokap\u00e4iv\u00e4iseen k\u00e4ytt\u00f6\u00f6n.<\/p>\n<p><strong>T\u00e4rkeimm\u00e4t vaikuttavat aineet:<\/strong><\/p>\n<ul>\n<li><strong>Ranskalainen iisoppiuute<\/strong> \u2013 s\u00e4\u00e4telee talin erityst\u00e4, tekee ihosta mattapintaisen, v\u00e4hent\u00e4\u00e4 aknen riski\u00e4. Tulehdusta est\u00e4v\u00e4 ja rauhoittava vaikutus, edist\u00e4\u00e4 mikrovaurioiden paranemista. Tasoittaa ihon rakennetta ja antaa terveen s\u00e4vyn.<\/li>\n<li><strong>B-vitamiinit (B2, B3, B6)<\/strong> \u2013 tasoittaa ihon s\u00e4vy\u00e4, normalisoi talirauhasten toimintaa, torjuu oksidatiivista stressi\u00e4 ja vahvistaa ihon vastustuskyky\u00e4.<\/li>\n<li><strong>8 erilaista hyaluronihappoa<\/strong> eri molekyylipainoilla \u2013 suuret molekyylit palauttavat ihon suojakerroksen, nopeuttavat paranemista ja v\u00e4hent\u00e4v\u00e4t hilseily\u00e4; pienet molekyylit tunkeutuvat syvemm\u00e4lle ja s\u00e4ilytt\u00e4v\u00e4t kosteuden solutasolla.<\/li>\n<li><strong>4 C-vitamiinin muotoa<\/strong> (stabiilit ja happamat) \u2013 vaalentavat pigmenttimuutoksia, v\u00e4hent\u00e4v\u00e4t tulehdusta, toimivat antioksidantteina ja tasoittavat ihon mikroreliefi\u00e4.<\/li>\n<li><strong>Pellavansiemen- ja riisileseuutteet<\/strong> \u2013 kosteuttaa tehokkaasti, ehk\u00e4isee kuivuutta, hilseily\u00e4 ja nestehukkaa.<\/li>\n<li><strong>Keramidit<\/strong> \u2013 palauttaa ihon sarveiskerroksen, vahvistaa ihon suojakerrosta, v\u00e4hent\u00e4\u00e4 herkkyytt\u00e4 ja poistaa kuivuutta.<\/li>\n<li><strong>Glykosfingolipidit<\/strong> \u2013 ihossa luonnostaan esiintyvi\u00e4 lipidej\u00e4, jotka suojaavat haitallisten aineiden tunkeutumiselta ja est\u00e4v\u00e4t kosteuden haihtumista.<\/li>\n<\/ul>\n<p>&nbsp;<\/p>\n<p>Sopii kuivalle, normaalille ja sekaiholle.<\/p>\n<p><strong>K\u00e4ytt\u00f6: <\/strong>Puhdistuksen ja kasvoveden j\u00e4lkeen levit\u00e4 seerumi kasvoille tasaisesti. Lis\u00e4\u00e4 tarvittaessa kosteusvoidetta. Sopii my\u00f6s y\u00f6seerumiksi tai kevyeksi y\u00f6naamioksi.<\/p>\n<p>&nbsp;<\/p>","protected":false},"excerpt":{"rendered":"<p>Hysoap-uutetta sis\u00e4lt\u00e4v\u00e4 tehoseerumi korvaa useita ihonhoitovaiheita, ja sit\u00e4 voidaan k\u00e4ytt\u00e4\u00e4 my\u00f6s yksin\u00e4\u00e4n - ilman kosteusvoidetta. V\u00e4hent\u00e4\u00e4 sameutta, kirkastaa ja tasoittaa ihon ep\u00e4tasaista s\u00e4vy\u00e4. Auttaa torjumaan hyperpigmentaatiota ja antaa hienovaraista heleytt\u00e4. Rauhoittaa \u00e4rsytyst\u00e4, v\u00e4hent\u00e4\u00e4 kutinaa ja punoitusta ja v\u00e4hent\u00e4\u00e4 aknen riski\u00e4. Seerumi kosteuttaa ja ravitsee ihoa syv\u00e4sti, poistaa kuivuutta ja kuorintaa. Palauttaa ihon hydrolipidiesteen,...<\/p>","protected":false},"featured_media":13577,"comment_status":"open","ping_status":"closed","template":"","meta":{"_uf_show_specific_survey":0,"_uf_disable_surveys":false,"_bst_post_transparent":"default","_bst_post_title":"","_bst_post_layout":"default","_bst_post_sidebar_id":"","_bst_post_content_style":"default","_bst_post_vertical_padding":"default","_bst_post_feature":"","_bst_post_feature_position":"","_bst_post_header":false,"_bst_post_footer":false},"pwb-brand":[821],"product_brand":[],"product_cat":[92,97],"product_tag":[822,635],"class_list":{"0":"post-13576","1":"product","2":"type-product","3":"status-publish","4":"has-post-thumbnail","6":"pwb-brand-arencia","7":"product_cat-nagu","8":"product_cat-naoseerumid-ja-olid","9":"product_tag-arencia","10":"product_tag-serum","12":"first","13":"outofstock","14":"sale","15":"shipping-taxable","16":"purchasable","17":"product-type-simple","18":"entry","19":"content-bg","20":"loop-entry"},"supplier_id":null,"supplier_sku":"","barcode":null,"atum_controlled":true,"out_stock_date":"2026-01-20 07:04:33","out_stock_threshold":null,"inheritable":false,"inbound_stock":0,"stock_on_hold":0,"sold_today":0,"sales_last_days":0,"out_stock_days":84,"lost_sales":573,"has_location":false,"update_date":"2026-04-15T00:05:10","atum_locations":[],"atum_stock_status":"outofstock","restock_status":false,"low_stock_amount":"","sales_update_date":"2026-04-15T00:05:10","calc_backorders":null,"yoast_head":"<!-- This site is optimized with the Yoast SEO plugin v27.2 - https:\/\/yoast.com\/product\/yoast-seo-wordpress\/ -->\n<title>Arencia Holy Hyssop Serum 30, 50ml - IDA.KOREA<\/title>\n<meta name=\"description\" content=\"Intensiivne seerum h\u00fcsoopi ekstraktiga asendab mitmeid nahahooldusetappe ja sobib kasutamiseks ka iseseisvalt \u2013 ilma kreemita. - Kiire tarne!\" \/>\n<meta name=\"robots\" content=\"index, follow, max-snippet:-1, max-image-preview:large, max-video-preview:-1\" \/>\n<link rel=\"canonical\" href=\"https:\/\/idakorea.ee\/fi\/product\/intensiivne-seerum-sarava-naha-jaoks-arencia-holy-hyssop-serum-30-50ml\/\" \/>\n<meta property=\"og:locale\" content=\"fi_FI\" \/>\n<meta property=\"og:type\" content=\"article\" \/>\n<meta property=\"og:title\" content=\"Arencia Holy Hyssop Serum 30, 50ml - IDA.KOREA\" \/>\n<meta property=\"og:description\" content=\"Intensiivne seerum h\u00fcsoopi ekstraktiga asendab mitmeid nahahooldusetappe ja sobib kasutamiseks ka iseseisvalt \u2013 ilma kreemita. - Kiire tarne!\" \/>\n<meta property=\"og:url\" content=\"https:\/\/idakorea.ee\/fi\/product\/intensiivne-seerum-sarava-naha-jaoks-arencia-holy-hyssop-serum-30-50ml\/\" \/>\n<meta property=\"og:site_name\" content=\"IDA.KOREA\" \/>\n<meta property=\"article:modified_time\" content=\"2026-01-30T12:21:35+00:00\" \/>\n<meta property=\"og:image\" content=\"https:\/\/idakorea.ee\/wp-content\/uploads\/2025\/04\/126002000-arencia-fresh-holy-hyssop-serum-30-idakorea.webp\" \/>\n\t<meta property=\"og:image:width\" content=\"800\" \/>\n\t<meta property=\"og:image:height\" content=\"800\" \/>\n\t<meta property=\"og:image:type\" content=\"image\/webp\" \/>\n<meta name=\"twitter:card\" content=\"summary_large_image\" \/>\n<meta name=\"twitter:label1\" content=\"Arvioitu lukuaika\" \/>\n\t<meta name=\"twitter:data1\" content=\"2 minuuttia\" \/>\n<script type=\"application\/ld+json\" class=\"yoast-schema-graph\">{\"@context\":\"https:\/\/schema.org\",\"@graph\":[{\"@type\":\"WebPage\",\"@id\":\"https:\/\/idakorea.ee\/product\/intensiivne-seerum-sarava-naha-jaoks-arencia-holy-hyssop-serum-30-50ml\/\",\"url\":\"https:\/\/idakorea.ee\/product\/intensiivne-seerum-sarava-naha-jaoks-arencia-holy-hyssop-serum-30-50ml\/\",\"name\":\"Arencia Holy Hyssop Serum 30, 50ml - IDA.KOREA\",\"isPartOf\":{\"@id\":\"https:\/\/idakorea.ee\/#website\"},\"primaryImageOfPage\":{\"@id\":\"https:\/\/idakorea.ee\/product\/intensiivne-seerum-sarava-naha-jaoks-arencia-holy-hyssop-serum-30-50ml\/#primaryimage\"},\"image\":{\"@id\":\"https:\/\/idakorea.ee\/product\/intensiivne-seerum-sarava-naha-jaoks-arencia-holy-hyssop-serum-30-50ml\/#primaryimage\"},\"thumbnailUrl\":\"https:\/\/idakorea.ee\/wp-content\/uploads\/2025\/04\/126002000-arencia-fresh-holy-hyssop-serum-30-idakorea.webp\",\"datePublished\":\"2025-04-14T16:34:52+00:00\",\"dateModified\":\"2026-01-30T12:21:35+00:00\",\"description\":\"Intensiivne seerum h\u00fcsoopi ekstraktiga asendab mitmeid nahahooldusetappe ja sobib kasutamiseks ka iseseisvalt \u2013 ilma kreemita. - Kiire tarne!\",\"breadcrumb\":{\"@id\":\"https:\/\/idakorea.ee\/product\/intensiivne-seerum-sarava-naha-jaoks-arencia-holy-hyssop-serum-30-50ml\/#breadcrumb\"},\"inLanguage\":\"fi\",\"potentialAction\":[{\"@type\":\"ReadAction\",\"target\":[\"https:\/\/idakorea.ee\/product\/intensiivne-seerum-sarava-naha-jaoks-arencia-holy-hyssop-serum-30-50ml\/\"]}]},{\"@type\":\"ImageObject\",\"inLanguage\":\"fi\",\"@id\":\"https:\/\/idakorea.ee\/product\/intensiivne-seerum-sarava-naha-jaoks-arencia-holy-hyssop-serum-30-50ml\/#primaryimage\",\"url\":\"https:\/\/idakorea.ee\/wp-content\/uploads\/2025\/04\/126002000-arencia-fresh-holy-hyssop-serum-30-idakorea.webp\",\"contentUrl\":\"https:\/\/idakorea.ee\/wp-content\/uploads\/2025\/04\/126002000-arencia-fresh-holy-hyssop-serum-30-idakorea.webp\",\"width\":800,\"height\":800},{\"@type\":\"BreadcrumbList\",\"@id\":\"https:\/\/idakorea.ee\/product\/intensiivne-seerum-sarava-naha-jaoks-arencia-holy-hyssop-serum-30-50ml\/#breadcrumb\",\"itemListElement\":[{\"@type\":\"ListItem\",\"position\":1,\"name\":\"\u0413\u043b\u0430\u0432\u043d\u0430\u044f \u0441\u0442\u0440\u0430\u043d\u0438\u0446\u0430\",\"item\":\"https:\/\/idakorea.ee\/\"},{\"@type\":\"ListItem\",\"position\":2,\"name\":\"Shop\",\"item\":\"https:\/\/idakorea.ee\/shop-2\/\"},{\"@type\":\"ListItem\",\"position\":3,\"name\":\"Intensiivne seerum s\u00e4rava naha jaoks Arencia Holy Hyssop Serum 30, 50ml\"}]},{\"@type\":\"WebSite\",\"@id\":\"https:\/\/idakorea.ee\/#website\",\"url\":\"https:\/\/idakorea.ee\/\",\"name\":\"IDA.KOREA\",\"description\":\"Korea kosmeetika e-pood\",\"publisher\":{\"@id\":\"https:\/\/idakorea.ee\/#organization\"},\"alternateName\":\"Beauty Shop\",\"potentialAction\":[{\"@type\":\"SearchAction\",\"target\":{\"@type\":\"EntryPoint\",\"urlTemplate\":\"https:\/\/idakorea.ee\/?s={search_term_string}\"},\"query-input\":{\"@type\":\"PropertyValueSpecification\",\"valueRequired\":true,\"valueName\":\"search_term_string\"}}],\"inLanguage\":\"fi\"},{\"@type\":\"Organization\",\"@id\":\"https:\/\/idakorea.ee\/#organization\",\"name\":\"IDA.KOREA\",\"url\":\"https:\/\/idakorea.ee\/\",\"logo\":{\"@type\":\"ImageObject\",\"inLanguage\":\"fi\",\"@id\":\"https:\/\/idakorea.ee\/#\/schema\/logo\/image\/\",\"url\":\"https:\/\/idakorea.ee\/wp-content\/uploads\/2024\/05\/cropped-korea3.png\",\"contentUrl\":\"https:\/\/idakorea.ee\/wp-content\/uploads\/2024\/05\/cropped-korea3.png\",\"width\":688,\"height\":126,\"caption\":\"IDA.KOREA\"},\"image\":{\"@id\":\"https:\/\/idakorea.ee\/#\/schema\/logo\/image\/\"},\"sameAs\":[\"https:\/\/www.instagram.com\/ida.korea\/\"]}]}<\/script>\n<!-- \/ Yoast SEO plugin. -->","yoast_head_json":{"title":"Arencia Holy Hyssop -seerumi 30, 50ml - IDA.KOREA","description":"Tehokas seerumi iisoppiuutteella korvaa useita ihonhoidon vaiheita ja sopii k\u00e4ytett\u00e4v\u00e4ksi my\u00f6s sellaisenaan - ilman voidetta. - Nopea toimitus!","robots":{"index":"index","follow":"follow","max-snippet":"max-snippet:-1","max-image-preview":"max-image-preview:large","max-video-preview":"max-video-preview:-1"},"canonical":"https:\/\/idakorea.ee\/fi\/product\/intensiivne-seerum-sarava-naha-jaoks-arencia-holy-hyssop-serum-30-50ml\/","og_locale":"fi_FI","og_type":"article","og_title":"Arencia Holy Hyssop Serum 30, 50ml - IDA.KOREA","og_description":"Intensiivne seerum h\u00fcsoopi ekstraktiga asendab mitmeid nahahooldusetappe ja sobib kasutamiseks ka iseseisvalt \u2013 ilma kreemita. - Kiire tarne!","og_url":"https:\/\/idakorea.ee\/fi\/product\/intensiivne-seerum-sarava-naha-jaoks-arencia-holy-hyssop-serum-30-50ml\/","og_site_name":"IDA.KOREA","article_modified_time":"2026-01-30T12:21:35+00:00","og_image":[{"width":800,"height":800,"url":"https:\/\/idakorea.ee\/wp-content\/uploads\/2025\/04\/126002000-arencia-fresh-holy-hyssop-serum-30-idakorea.webp","type":"image\/webp"}],"twitter_card":"summary_large_image","twitter_misc":{"Arvioitu lukuaika":"2 minuuttia"},"schema":{"@context":"https:\/\/schema.org","@graph":[{"@type":"WebPage","@id":"https:\/\/idakorea.ee\/product\/intensiivne-seerum-sarava-naha-jaoks-arencia-holy-hyssop-serum-30-50ml\/","url":"https:\/\/idakorea.ee\/product\/intensiivne-seerum-sarava-naha-jaoks-arencia-holy-hyssop-serum-30-50ml\/","name":"Arencia Holy Hyssop -seerumi 30, 50ml - IDA.KOREA","isPartOf":{"@id":"https:\/\/idakorea.ee\/#website"},"primaryImageOfPage":{"@id":"https:\/\/idakorea.ee\/product\/intensiivne-seerum-sarava-naha-jaoks-arencia-holy-hyssop-serum-30-50ml\/#primaryimage"},"image":{"@id":"https:\/\/idakorea.ee\/product\/intensiivne-seerum-sarava-naha-jaoks-arencia-holy-hyssop-serum-30-50ml\/#primaryimage"},"thumbnailUrl":"https:\/\/idakorea.ee\/wp-content\/uploads\/2025\/04\/126002000-arencia-fresh-holy-hyssop-serum-30-idakorea.webp","datePublished":"2025-04-14T16:34:52+00:00","dateModified":"2026-01-30T12:21:35+00:00","description":"Tehokas seerumi iisoppiuutteella korvaa useita ihonhoidon vaiheita ja sopii k\u00e4ytett\u00e4v\u00e4ksi my\u00f6s sellaisenaan - ilman voidetta. - Nopea toimitus!","breadcrumb":{"@id":"https:\/\/idakorea.ee\/product\/intensiivne-seerum-sarava-naha-jaoks-arencia-holy-hyssop-serum-30-50ml\/#breadcrumb"},"inLanguage":"fi","potentialAction":[{"@type":"ReadAction","target":["https:\/\/idakorea.ee\/product\/intensiivne-seerum-sarava-naha-jaoks-arencia-holy-hyssop-serum-30-50ml\/"]}]},{"@type":"ImageObject","inLanguage":"fi","@id":"https:\/\/idakorea.ee\/product\/intensiivne-seerum-sarava-naha-jaoks-arencia-holy-hyssop-serum-30-50ml\/#primaryimage","url":"https:\/\/idakorea.ee\/wp-content\/uploads\/2025\/04\/126002000-arencia-fresh-holy-hyssop-serum-30-idakorea.webp","contentUrl":"https:\/\/idakorea.ee\/wp-content\/uploads\/2025\/04\/126002000-arencia-fresh-holy-hyssop-serum-30-idakorea.webp","width":800,"height":800},{"@type":"BreadcrumbList","@id":"https:\/\/idakorea.ee\/product\/intensiivne-seerum-sarava-naha-jaoks-arencia-holy-hyssop-serum-30-50ml\/#breadcrumb","itemListElement":[{"@type":"ListItem","position":1,"name":"\u0413\u043b\u0430\u0432\u043d\u0430\u044f \u0441\u0442\u0440\u0430\u043d\u0438\u0446\u0430","item":"https:\/\/idakorea.ee\/"},{"@type":"ListItem","position":2,"name":"Shop","item":"https:\/\/idakorea.ee\/shop-2\/"},{"@type":"ListItem","position":3,"name":"Intensiivne seerum s\u00e4rava naha jaoks Arencia Holy Hyssop Serum 30, 50ml"}]},{"@type":"WebSite","@id":"https:\/\/idakorea.ee\/#website","url":"https:\/\/idakorea.ee\/","name":"IDA.KOREA","description":"Korean kosmetiikan verkkokauppa","publisher":{"@id":"https:\/\/idakorea.ee\/#organization"},"alternateName":"Beauty Shop","potentialAction":[{"@type":"SearchAction","target":{"@type":"EntryPoint","urlTemplate":"https:\/\/idakorea.ee\/?s={search_term_string}"},"query-input":{"@type":"PropertyValueSpecification","valueRequired":true,"valueName":"search_term_string"}}],"inLanguage":"fi"},{"@type":"Organization","@id":"https:\/\/idakorea.ee\/#organization","name":"IDA.KOREA","url":"https:\/\/idakorea.ee\/","logo":{"@type":"ImageObject","inLanguage":"fi","@id":"https:\/\/idakorea.ee\/#\/schema\/logo\/image\/","url":"https:\/\/idakorea.ee\/wp-content\/uploads\/2024\/05\/cropped-korea3.png","contentUrl":"https:\/\/idakorea.ee\/wp-content\/uploads\/2024\/05\/cropped-korea3.png","width":688,"height":126,"caption":"IDA.KOREA"},"image":{"@id":"https:\/\/idakorea.ee\/#\/schema\/logo\/image\/"},"sameAs":["https:\/\/www.instagram.com\/ida.korea\/"]}]}},"jetpack_sharing_enabled":true,"brands":[{"id":821,"name":"ARENCIA","slug":"arencia"}],"_links":{"self":[{"href":"https:\/\/idakorea.ee\/fi\/wp-json\/wp\/v2\/product\/13576","targetHints":{"allow":["GET"]}}],"collection":[{"href":"https:\/\/idakorea.ee\/fi\/wp-json\/wp\/v2\/product"}],"about":[{"href":"https:\/\/idakorea.ee\/fi\/wp-json\/wp\/v2\/types\/product"}],"replies":[{"embeddable":true,"href":"https:\/\/idakorea.ee\/fi\/wp-json\/wp\/v2\/comments?post=13576"}],"version-history":[{"count":1,"href":"https:\/\/idakorea.ee\/fi\/wp-json\/wp\/v2\/product\/13576\/revisions"}],"predecessor-version":[{"id":13580,"href":"https:\/\/idakorea.ee\/fi\/wp-json\/wp\/v2\/product\/13576\/revisions\/13580"}],"wp:featuredmedia":[{"embeddable":true,"href":"https:\/\/idakorea.ee\/fi\/wp-json\/wp\/v2\/media\/13577"}],"wp:attachment":[{"href":"https:\/\/idakorea.ee\/fi\/wp-json\/wp\/v2\/media?parent=13576"}],"wp:term":[{"taxonomy":"pwb-brand","embeddable":true,"href":"https:\/\/idakorea.ee\/fi\/wp-json\/wp\/v2\/pwb-brand?post=13576"},{"taxonomy":"product_brand","embeddable":true,"href":"https:\/\/idakorea.ee\/fi\/wp-json\/wp\/v2\/product_brand?post=13576"},{"taxonomy":"product_cat","embeddable":true,"href":"https:\/\/idakorea.ee\/fi\/wp-json\/wp\/v2\/product_cat?post=13576"},{"taxonomy":"product_tag","embeddable":true,"href":"https:\/\/idakorea.ee\/fi\/wp-json\/wp\/v2\/product_tag?post=13576"}],"curies":[{"name":"wp","href":"https:\/\/api.w.org\/{rel}","templated":true}]}}