{"id":13583,"date":"2025-04-15T10:08:30","date_gmt":"2025-04-15T08:08:30","guid":{"rendered":"https:\/\/idakorea.ee\/?post_type=product&#038;p=13583"},"modified":"2026-04-06T08:09:07","modified_gmt":"2026-04-06T06:09:07","slug":"some-by-mi-v10-hyal-antioxidant-sunscreen-spf50-pa-40ml","status":"publish","type":"product","link":"https:\/\/idakorea.ee\/fi\/product\/some-by-mi-v10-hyal-antioxidant-sunscreen-spf50-pa-40ml\/","title":{"rendered":"Antioksidantteja sis\u00e4lt\u00e4v\u00e4 aurinkosuojavoide Some By Mi V10 Hyal Antioxidant Sunscreen SPF50+ PA++++, 40 ml"},"content":{"rendered":"<p><strong>Aurinkovoide antioksidanteilla Some By Mi V10 Hyal Antioxidant Sunscreen SPF50+ PA++++<\/strong> Suojaa ihoa luotettavasti UV-s\u00e4teilyn haitallisilta vaikutuksilta, est\u00e4\u00e4 melaniinisynteesi\u00e4 ja ehk\u00e4isee kollageenikuitujen hajoamista. Neutraloi vapaiden radikaalien vaikutuksia, hidastaa ik\u00e4\u00e4ntymisprosessia ja parantaa ihon s\u00e4vy\u00e4 samalla auttaen torjumaan hyperpigmentaatiota.<\/p>\n<p>Uuden sukupolven fysikaalisten ja kemiallisten suodattimien yhdistelm\u00e4 takaa korkean fotostabiilisuuden ja kest\u00e4vyyden. Ei j\u00e4t\u00e4 tahmeaa tunnetta tai valkoista tahmaa.<\/p>\n<p>Tuotteella on kevyt ja ilmava koostumus, joka imeytyy nopeasti eik\u00e4 j\u00e4t\u00e4 ihoa tahmeaksi.<\/p>\n<p>T\u00e4rkein hoitava kompleksi on 10 vitamiinia (9 000 ppm):<\/p>\n<ul>\n<li><strong>A-vitamiini<\/strong> stimuloi solujen uusiutumista, tasoittaa ihon rakennetta, v\u00e4hent\u00e4\u00e4 ryppyj\u00e4 ja pigmenttil\u00e4iski\u00e4 sek\u00e4 tasoittaa ihon s\u00e4vy\u00e4.<\/li>\n<li><strong>B5-vitamiini<\/strong> nopeuttaa paranemista, pehment\u00e4\u00e4 karheita alueita, vahvistaa ihon suojakerrosta ja lievitt\u00e4\u00e4 punoitusta ja \u00e4rsytyst\u00e4.<\/li>\n<li><strong>B12-vitamiini<\/strong> osallistuu solujen jakautumiseen, v\u00e4hent\u00e4\u00e4 ilmejuonteita ja ihohuokosia, nopeuttaa solujen uusiutumista ja aktivoi aineenvaihduntaa.<\/li>\n<li><strong>C-vitamiini<\/strong> on vahva antioksidantti, suojaa UV-s\u00e4teilt\u00e4 ja stimuloi kollageenin tuotantoa.<\/li>\n<li><strong>D-vitamiini<\/strong> Auringonvalo aktivoituu, auttaa ehk\u00e4isem\u00e4\u00e4n l\u00e4iski\u00e4 ja ik\u00e4\u00e4ntymist\u00e4.<\/li>\n<li><strong>E-vitamiini<\/strong> ravitsee, kosteuttaa ja yll\u00e4pit\u00e4\u00e4 kosteustasapainoa vahvistaen ihon puolustuskyky\u00e4.<\/li>\n<li><strong>P-vitamiini<\/strong> suojaa solukalvoja, vahvistaa verisuonia ja stimuloi ihosolujen uusiutumista.<\/li>\n<li><strong>F-vitamiini<\/strong> nopeuttaa paranemista, v\u00e4hent\u00e4\u00e4 ik\u00e4l\u00e4iski\u00e4 ja parantaa ihonv\u00e4ri\u00e4.<\/li>\n<li><strong>H-vitamiini<\/strong> normalisoi lipidiaineenvaihduntaa, poistaa kuivuutta ja hilseily\u00e4.<\/li>\n<li><strong>K-vitamiini<\/strong> vahvistaa kudoksia, palauttaa ihon suojakerroksen, v\u00e4hent\u00e4\u00e4 tummia silm\u00e4nalusia ja ruusufinni\u00e4.<\/li>\n<\/ul>\n<p><strong>Lis\u00e4komponentit:<\/strong><\/p>\n<ul>\n<li><strong>3 erilaista hyaluronihappoa (1 000 ppm)<\/strong> Kosteuttaa syv\u00e4lt\u00e4 ja auttaa yll\u00e4pit\u00e4m\u00e4\u00e4n ihon luonnollista pH-tasoa muodostaen suojaavan kerroksen, joka est\u00e4\u00e4 kosteuden haihtumisen.<\/li>\n<li><strong>Keramidit<\/strong> palauttaa ihon lipidikerroksen ja vahvistaa sen suojaavia toimintoja.<\/li>\n<li><strong>Asetyyliglukosamiini<\/strong> Edist\u00e4\u00e4 hyaluronihapon imeytymist\u00e4 ihon syvempiin kerroksiin, kosteuttaa tehokkaasti ja suojaa kuivumiselta.<\/li>\n<\/ul>\n<p>&nbsp;<\/p>\n<p>Sopii normaalille, sekaiholle ja rasvaiselle iholle.<\/p>\n<p><strong>K\u00e4ytt\u00f6:<\/strong> Levit\u00e4 tarvittava m\u00e4\u00e4r\u00e4 voidetta ihonhoidon viimeisen\u00e4 vaiheena. Ravista hyvin ennen k\u00e4ytt\u00f6\u00e4.<\/p>\n<p>&nbsp;<\/p>","protected":false},"excerpt":{"rendered":"<p>Antioksidanttinen aurinkovoide Some By Mi V10 Hyal Antioxidant Sunscreen SPF50+ PA++++ suojaa ihoa luotettavasti UV-s\u00e4teiden haitallisilta vaikutuksilta, est\u00e4\u00e4 melaniinisynteesi\u00e4 ja ehk\u00e4isee kollageenikuitujen hajoamista. Neutralisoi vapaiden radikaalien vaikutuksia, hidastaa ik\u00e4\u00e4ntymisprosessia ja parantaa ihon s\u00e4vy\u00e4 auttaen samalla torjumaan hyperpigmentaatiota. Uuden sukupolven fysikaalisten ja kemiallisten suodattimien yhdistelm\u00e4 takaa korkean valonkest\u00e4vyyden ja kest\u00e4vyyden. Ei j\u00e4t\u00e4...<\/p>","protected":false},"featured_media":13584,"comment_status":"open","ping_status":"closed","template":"","meta":{"_uf_show_specific_survey":0,"_uf_disable_surveys":false,"_bst_post_transparent":"default","_bst_post_title":"","_bst_post_layout":"default","_bst_post_sidebar_id":"","_bst_post_content_style":"default","_bst_post_vertical_padding":"default","_bst_post_feature":"","_bst_post_feature_position":"","_bst_post_header":false,"_bst_post_footer":false},"pwb-brand":[492],"product_brand":[],"product_cat":[101],"product_tag":[875],"class_list":{"0":"post-13583","1":"product","2":"type-product","3":"status-publish","4":"has-post-thumbnail","6":"pwb-brand-some-by-mi","7":"product_cat-paikesekaitse","8":"product_tag-spf50","10":"first","11":"instock","12":"sale","13":"shipping-taxable","14":"purchasable","15":"product-type-simple","16":"entry","17":"content-bg","18":"loop-entry"},"supplier_id":null,"supplier_sku":"","barcode":null,"atum_controlled":true,"out_stock_date":null,"out_stock_threshold":null,"inheritable":false,"inbound_stock":0,"stock_on_hold":0,"sold_today":0,"sales_last_days":1,"out_stock_days":0,"lost_sales":0,"has_location":false,"update_date":"2026-04-14T00:05:11","atum_locations":[],"atum_stock_status":"instock","restock_status":false,"low_stock_amount":"","sales_update_date":"2026-04-14T00:05:11","calc_backorders":null,"yoast_head":"<!-- This site is optimized with the Yoast SEO plugin v27.2 - https:\/\/yoast.com\/product\/yoast-seo-wordpress\/ -->\n<title>Some By Mi V10 Hyal Antioxidant Sunscreen SPF50+ PA++++, 40ml - IDA.KOREA<\/title>\n<meta name=\"description\" content=\"Kerge p\u00e4ikesekaitsekreem V10 Hyal Antioxidant 10 vitamiini ja h\u00fcaluroonhappega. Niisutab, kaitseb UV eest, \u00fchtlastab n\u00e4otooni. Kiire tarne!\" \/>\n<meta name=\"robots\" content=\"index, follow, max-snippet:-1, max-image-preview:large, max-video-preview:-1\" \/>\n<link rel=\"canonical\" href=\"https:\/\/idakorea.ee\/fi\/product\/some-by-mi-v10-hyal-antioxidant-sunscreen-spf50-pa-40ml\/\" \/>\n<meta property=\"og:locale\" content=\"fi_FI\" \/>\n<meta property=\"og:type\" content=\"article\" \/>\n<meta property=\"og:title\" content=\"Some By Mi V10 Hyal Antioxidant Sunscreen SPF50+ PA++++, 40ml - IDA.KOREA\" \/>\n<meta property=\"og:description\" content=\"Kerge p\u00e4ikesekaitsekreem V10 Hyal Antioxidant 10 vitamiini ja h\u00fcaluroonhappega. Niisutab, kaitseb UV eest, \u00fchtlastab n\u00e4otooni. Kiire tarne!\" \/>\n<meta property=\"og:url\" content=\"https:\/\/idakorea.ee\/fi\/product\/some-by-mi-v10-hyal-antioxidant-sunscreen-spf50-pa-40ml\/\" \/>\n<meta property=\"og:site_name\" content=\"IDA.KOREA\" \/>\n<meta property=\"article:modified_time\" content=\"2026-04-06T06:09:07+00:00\" \/>\n<meta property=\"og:image\" content=\"https:\/\/idakorea.ee\/wp-content\/uploads\/2025\/04\/some-by-mi-v10-hyal-antioxidant-sunscreen-idakorea.jpg\" \/>\n\t<meta property=\"og:image:width\" content=\"1000\" \/>\n\t<meta property=\"og:image:height\" content=\"1000\" \/>\n\t<meta property=\"og:image:type\" content=\"image\/jpeg\" \/>\n<meta name=\"twitter:card\" content=\"summary_large_image\" \/>\n<meta name=\"twitter:label1\" content=\"Arvioitu lukuaika\" \/>\n\t<meta name=\"twitter:data1\" content=\"2 minuuttia\" \/>\n<script type=\"application\/ld+json\" class=\"yoast-schema-graph\">{\"@context\":\"https:\/\/schema.org\",\"@graph\":[{\"@type\":\"WebPage\",\"@id\":\"https:\/\/idakorea.ee\/product\/some-by-mi-v10-hyal-antioxidant-sunscreen-spf50-pa-40ml\/\",\"url\":\"https:\/\/idakorea.ee\/product\/some-by-mi-v10-hyal-antioxidant-sunscreen-spf50-pa-40ml\/\",\"name\":\"Some By Mi V10 Hyal Antioxidant Sunscreen SPF50+ PA++++, 40ml - IDA.KOREA\",\"isPartOf\":{\"@id\":\"https:\/\/idakorea.ee\/#website\"},\"primaryImageOfPage\":{\"@id\":\"https:\/\/idakorea.ee\/product\/some-by-mi-v10-hyal-antioxidant-sunscreen-spf50-pa-40ml\/#primaryimage\"},\"image\":{\"@id\":\"https:\/\/idakorea.ee\/product\/some-by-mi-v10-hyal-antioxidant-sunscreen-spf50-pa-40ml\/#primaryimage\"},\"thumbnailUrl\":\"https:\/\/idakorea.ee\/wp-content\/uploads\/2025\/04\/some-by-mi-v10-hyal-antioxidant-sunscreen-idakorea.jpg\",\"datePublished\":\"2025-04-15T08:08:30+00:00\",\"dateModified\":\"2026-04-06T06:09:07+00:00\",\"description\":\"Kerge p\u00e4ikesekaitsekreem V10 Hyal Antioxidant 10 vitamiini ja h\u00fcaluroonhappega. Niisutab, kaitseb UV eest, \u00fchtlastab n\u00e4otooni. Kiire tarne!\",\"breadcrumb\":{\"@id\":\"https:\/\/idakorea.ee\/product\/some-by-mi-v10-hyal-antioxidant-sunscreen-spf50-pa-40ml\/#breadcrumb\"},\"inLanguage\":\"fi\",\"potentialAction\":[{\"@type\":\"ReadAction\",\"target\":[\"https:\/\/idakorea.ee\/product\/some-by-mi-v10-hyal-antioxidant-sunscreen-spf50-pa-40ml\/\"]}]},{\"@type\":\"ImageObject\",\"inLanguage\":\"fi\",\"@id\":\"https:\/\/idakorea.ee\/product\/some-by-mi-v10-hyal-antioxidant-sunscreen-spf50-pa-40ml\/#primaryimage\",\"url\":\"https:\/\/idakorea.ee\/wp-content\/uploads\/2025\/04\/some-by-mi-v10-hyal-antioxidant-sunscreen-idakorea.jpg\",\"contentUrl\":\"https:\/\/idakorea.ee\/wp-content\/uploads\/2025\/04\/some-by-mi-v10-hyal-antioxidant-sunscreen-idakorea.jpg\",\"width\":1000,\"height\":1000,\"caption\":\"Some By Mi V10 Hyal Antioxidant Sunscreen-idakorea\"},{\"@type\":\"BreadcrumbList\",\"@id\":\"https:\/\/idakorea.ee\/product\/some-by-mi-v10-hyal-antioxidant-sunscreen-spf50-pa-40ml\/#breadcrumb\",\"itemListElement\":[{\"@type\":\"ListItem\",\"position\":1,\"name\":\"\u0413\u043b\u0430\u0432\u043d\u0430\u044f \u0441\u0442\u0440\u0430\u043d\u0438\u0446\u0430\",\"item\":\"https:\/\/idakorea.ee\/\"},{\"@type\":\"ListItem\",\"position\":2,\"name\":\"Shop\",\"item\":\"https:\/\/idakorea.ee\/shop-2\/\"},{\"@type\":\"ListItem\",\"position\":3,\"name\":\"P\u00e4ikesekaitsekreem antioks\u00fcdantidega Some By Mi V10 Hyal Antioxidant Sunscreen SPF50+ PA++++, 40ml\"}]},{\"@type\":\"WebSite\",\"@id\":\"https:\/\/idakorea.ee\/#website\",\"url\":\"https:\/\/idakorea.ee\/\",\"name\":\"IDA.KOREA\",\"description\":\"Korea kosmeetika e-pood\",\"publisher\":{\"@id\":\"https:\/\/idakorea.ee\/#organization\"},\"alternateName\":\"Beauty Shop\",\"potentialAction\":[{\"@type\":\"SearchAction\",\"target\":{\"@type\":\"EntryPoint\",\"urlTemplate\":\"https:\/\/idakorea.ee\/?s={search_term_string}\"},\"query-input\":{\"@type\":\"PropertyValueSpecification\",\"valueRequired\":true,\"valueName\":\"search_term_string\"}}],\"inLanguage\":\"fi\"},{\"@type\":\"Organization\",\"@id\":\"https:\/\/idakorea.ee\/#organization\",\"name\":\"IDA.KOREA\",\"url\":\"https:\/\/idakorea.ee\/\",\"logo\":{\"@type\":\"ImageObject\",\"inLanguage\":\"fi\",\"@id\":\"https:\/\/idakorea.ee\/#\/schema\/logo\/image\/\",\"url\":\"https:\/\/idakorea.ee\/wp-content\/uploads\/2024\/05\/cropped-korea3.png\",\"contentUrl\":\"https:\/\/idakorea.ee\/wp-content\/uploads\/2024\/05\/cropped-korea3.png\",\"width\":688,\"height\":126,\"caption\":\"IDA.KOREA\"},\"image\":{\"@id\":\"https:\/\/idakorea.ee\/#\/schema\/logo\/image\/\"},\"sameAs\":[\"https:\/\/www.instagram.com\/ida.korea\/\"]}]}<\/script>\n<!-- \/ Yoast SEO plugin. -->","yoast_head_json":{"title":"Some By Mi V10 Hyal Antioxidant -aurinkovoide SPF50+ PA++++, 40ml - IDA.KOREA","description":"Kevyt aurinkovoide V10 Hyal Antioksidantilla, jossa on 10 vitamiinia ja hyaluronihappoa. Kosteuttaa, suojaa UV-s\u00e4teilylt\u00e4 ja tasoittaa ihon s\u00e4vy\u00e4. Nopea toimitus!","robots":{"index":"index","follow":"follow","max-snippet":"max-snippet:-1","max-image-preview":"max-image-preview:large","max-video-preview":"max-video-preview:-1"},"canonical":"https:\/\/idakorea.ee\/fi\/product\/some-by-mi-v10-hyal-antioxidant-sunscreen-spf50-pa-40ml\/","og_locale":"fi_FI","og_type":"article","og_title":"Some By Mi V10 Hyal Antioxidant Sunscreen SPF50+ PA++++, 40ml - IDA.KOREA","og_description":"Kerge p\u00e4ikesekaitsekreem V10 Hyal Antioxidant 10 vitamiini ja h\u00fcaluroonhappega. Niisutab, kaitseb UV eest, \u00fchtlastab n\u00e4otooni. Kiire tarne!","og_url":"https:\/\/idakorea.ee\/fi\/product\/some-by-mi-v10-hyal-antioxidant-sunscreen-spf50-pa-40ml\/","og_site_name":"IDA.KOREA","article_modified_time":"2026-04-06T06:09:07+00:00","og_image":[{"width":1000,"height":1000,"url":"https:\/\/idakorea.ee\/wp-content\/uploads\/2025\/04\/some-by-mi-v10-hyal-antioxidant-sunscreen-idakorea.jpg","type":"image\/jpeg"}],"twitter_card":"summary_large_image","twitter_misc":{"Arvioitu lukuaika":"2 minuuttia"},"schema":{"@context":"https:\/\/schema.org","@graph":[{"@type":"WebPage","@id":"https:\/\/idakorea.ee\/product\/some-by-mi-v10-hyal-antioxidant-sunscreen-spf50-pa-40ml\/","url":"https:\/\/idakorea.ee\/product\/some-by-mi-v10-hyal-antioxidant-sunscreen-spf50-pa-40ml\/","name":"Some By Mi V10 Hyal Antioxidant -aurinkovoide SPF50+ PA++++, 40ml - IDA.KOREA","isPartOf":{"@id":"https:\/\/idakorea.ee\/#website"},"primaryImageOfPage":{"@id":"https:\/\/idakorea.ee\/product\/some-by-mi-v10-hyal-antioxidant-sunscreen-spf50-pa-40ml\/#primaryimage"},"image":{"@id":"https:\/\/idakorea.ee\/product\/some-by-mi-v10-hyal-antioxidant-sunscreen-spf50-pa-40ml\/#primaryimage"},"thumbnailUrl":"https:\/\/idakorea.ee\/wp-content\/uploads\/2025\/04\/some-by-mi-v10-hyal-antioxidant-sunscreen-idakorea.jpg","datePublished":"2025-04-15T08:08:30+00:00","dateModified":"2026-04-06T06:09:07+00:00","description":"Kevyt aurinkovoide V10 Hyal Antioksidantilla, jossa on 10 vitamiinia ja hyaluronihappoa. Kosteuttaa, suojaa UV-s\u00e4teilylt\u00e4 ja tasoittaa ihon s\u00e4vy\u00e4. Nopea toimitus!","breadcrumb":{"@id":"https:\/\/idakorea.ee\/product\/some-by-mi-v10-hyal-antioxidant-sunscreen-spf50-pa-40ml\/#breadcrumb"},"inLanguage":"fi","potentialAction":[{"@type":"ReadAction","target":["https:\/\/idakorea.ee\/product\/some-by-mi-v10-hyal-antioxidant-sunscreen-spf50-pa-40ml\/"]}]},{"@type":"ImageObject","inLanguage":"fi","@id":"https:\/\/idakorea.ee\/product\/some-by-mi-v10-hyal-antioxidant-sunscreen-spf50-pa-40ml\/#primaryimage","url":"https:\/\/idakorea.ee\/wp-content\/uploads\/2025\/04\/some-by-mi-v10-hyal-antioxidant-sunscreen-idakorea.jpg","contentUrl":"https:\/\/idakorea.ee\/wp-content\/uploads\/2025\/04\/some-by-mi-v10-hyal-antioxidant-sunscreen-idakorea.jpg","width":1000,"height":1000,"caption":"Some By Mi V10 Hyal Antioxidant Sunscreen-idakorea"},{"@type":"BreadcrumbList","@id":"https:\/\/idakorea.ee\/product\/some-by-mi-v10-hyal-antioxidant-sunscreen-spf50-pa-40ml\/#breadcrumb","itemListElement":[{"@type":"ListItem","position":1,"name":"\u0413\u043b\u0430\u0432\u043d\u0430\u044f \u0441\u0442\u0440\u0430\u043d\u0438\u0446\u0430","item":"https:\/\/idakorea.ee\/"},{"@type":"ListItem","position":2,"name":"Shop","item":"https:\/\/idakorea.ee\/shop-2\/"},{"@type":"ListItem","position":3,"name":"P\u00e4ikesekaitsekreem antioks\u00fcdantidega Some By Mi V10 Hyal Antioxidant Sunscreen SPF50+ PA++++, 40ml"}]},{"@type":"WebSite","@id":"https:\/\/idakorea.ee\/#website","url":"https:\/\/idakorea.ee\/","name":"IDA.KOREA","description":"Korean kosmetiikan verkkokauppa","publisher":{"@id":"https:\/\/idakorea.ee\/#organization"},"alternateName":"Beauty Shop","potentialAction":[{"@type":"SearchAction","target":{"@type":"EntryPoint","urlTemplate":"https:\/\/idakorea.ee\/?s={search_term_string}"},"query-input":{"@type":"PropertyValueSpecification","valueRequired":true,"valueName":"search_term_string"}}],"inLanguage":"fi"},{"@type":"Organization","@id":"https:\/\/idakorea.ee\/#organization","name":"IDA.KOREA","url":"https:\/\/idakorea.ee\/","logo":{"@type":"ImageObject","inLanguage":"fi","@id":"https:\/\/idakorea.ee\/#\/schema\/logo\/image\/","url":"https:\/\/idakorea.ee\/wp-content\/uploads\/2024\/05\/cropped-korea3.png","contentUrl":"https:\/\/idakorea.ee\/wp-content\/uploads\/2024\/05\/cropped-korea3.png","width":688,"height":126,"caption":"IDA.KOREA"},"image":{"@id":"https:\/\/idakorea.ee\/#\/schema\/logo\/image\/"},"sameAs":["https:\/\/www.instagram.com\/ida.korea\/"]}]}},"jetpack_sharing_enabled":true,"brands":[{"id":492,"name":"SOME BY MI","slug":"some-by-mi"}],"_links":{"self":[{"href":"https:\/\/idakorea.ee\/fi\/wp-json\/wp\/v2\/product\/13583","targetHints":{"allow":["GET"]}}],"collection":[{"href":"https:\/\/idakorea.ee\/fi\/wp-json\/wp\/v2\/product"}],"about":[{"href":"https:\/\/idakorea.ee\/fi\/wp-json\/wp\/v2\/types\/product"}],"replies":[{"embeddable":true,"href":"https:\/\/idakorea.ee\/fi\/wp-json\/wp\/v2\/comments?post=13583"}],"version-history":[{"count":1,"href":"https:\/\/idakorea.ee\/fi\/wp-json\/wp\/v2\/product\/13583\/revisions"}],"predecessor-version":[{"id":13587,"href":"https:\/\/idakorea.ee\/fi\/wp-json\/wp\/v2\/product\/13583\/revisions\/13587"}],"wp:featuredmedia":[{"embeddable":true,"href":"https:\/\/idakorea.ee\/fi\/wp-json\/wp\/v2\/media\/13584"}],"wp:attachment":[{"href":"https:\/\/idakorea.ee\/fi\/wp-json\/wp\/v2\/media?parent=13583"}],"wp:term":[{"taxonomy":"pwb-brand","embeddable":true,"href":"https:\/\/idakorea.ee\/fi\/wp-json\/wp\/v2\/pwb-brand?post=13583"},{"taxonomy":"product_brand","embeddable":true,"href":"https:\/\/idakorea.ee\/fi\/wp-json\/wp\/v2\/product_brand?post=13583"},{"taxonomy":"product_cat","embeddable":true,"href":"https:\/\/idakorea.ee\/fi\/wp-json\/wp\/v2\/product_cat?post=13583"},{"taxonomy":"product_tag","embeddable":true,"href":"https:\/\/idakorea.ee\/fi\/wp-json\/wp\/v2\/product_tag?post=13583"}],"curies":[{"name":"wp","href":"https:\/\/api.w.org\/{rel}","templated":true}]}}