{"id":13610,"date":"2025-04-16T15:33:05","date_gmt":"2025-04-16T13:33:05","guid":{"rendered":"https:\/\/idakorea.ee\/?post_type=product&#038;p=13610"},"modified":"2026-04-03T11:34:50","modified_gmt":"2026-04-03T09:34:50","slug":"manyo-purifying-cleansing-soda-foam","status":"publish","type":"product","link":"https:\/\/idakorea.ee\/fi\/product\/manyo-purifying-cleansing-soda-foam\/","title":{"rendered":"Manyo Purifying Purifying puhdistava puhdistava soodavaahto, 150ml"},"content":{"rendered":"<p class=\"\" data-start=\"37\" data-end=\"230\"><strong data-start=\"37\" data-end=\"89\">Manyo Puhdistava puhdistava sooda puhdistusvaahto puhdistusvaahto<\/strong> muodostaa t\u00e4ytel\u00e4isen, hienojakoisen vaahdon, joka tunkeutuu syv\u00e4lle huokosiin liuottaen komeedoneja ja talitahroja. Poistaa lian, p\u00f6lyn ja meikin j\u00e4\u00e4m\u00e4t.<\/p>\n<p class=\"\" data-start=\"232\" data-end=\"322\">Tuotteella on rauhoittava vaikutus - se auttaa v\u00e4hent\u00e4m\u00e4\u00e4n tulehdusta ja aknea ja lievitt\u00e4\u00e4 punoitusta.<\/p>\n<p class=\"\" data-start=\"324\" data-end=\"459\">Miedosti hapan koostumus puhdistaa hell\u00e4varaisesti aiheuttamatta kuivuutta tai kutinaa. Sopii herkimm\u00e4llekin ja atooppiselle iholle.<\/p>\n<p class=\"\" data-start=\"461\" data-end=\"485\"><strong data-start=\"461\" data-end=\"485\">T\u00e4rkeimm\u00e4t vaikuttavat aineet:<\/strong><\/p>\n<ul data-start=\"487\" data-end=\"1173\">\n<li class=\"\" data-start=\"487\" data-end=\"592\">\n<p class=\"\" data-start=\"489\" data-end=\"592\"><strong data-start=\"489\" data-end=\"498\">Sooda<\/strong> - imee ylim\u00e4\u00e4r\u00e4isen \u00f6ljyn, puhdistaa huokoset. Neutraali pH ja ominaisuudet tekev\u00e4t siit\u00e4 sopivan kaikille ihotyypeille.<\/p>\n<\/li>\n<li class=\"\" data-start=\"593\" data-end=\"670\">\n<p class=\"\" data-start=\"595\" data-end=\"670\"><strong data-start=\"595\" data-end=\"613\">Aaloe-lehti keitto<\/strong> - virkist\u00e4\u00e4, s\u00e4vytt\u00e4\u00e4 ja sill\u00e4 on tulehdusta ehk\u00e4isevi\u00e4 ominaisuuksia.<\/p>\n<\/li>\n<li class=\"\" data-start=\"671\" data-end=\"805\">\n<p class=\"\" data-start=\"673\" data-end=\"805\"><strong data-start=\"673\" data-end=\"693\">Pioni-uute<\/strong> - s\u00e4vytt\u00e4\u00e4 ja palauttaa, virkist\u00e4\u00e4 ihoa, kirkastaa ja rikastuttaa ihoa mineraaleilla ja polysakkarideilla.<\/p>\n<\/li>\n<li class=\"\" data-start=\"806\" data-end=\"920\">\n<p class=\"\" data-start=\"808\" data-end=\"920\"><strong data-start=\"808\" data-end=\"832\">Krysanteemiuute<\/strong> - lievitt\u00e4\u00e4 kutinaa, \u00e4rsytyst\u00e4 ja hilseily\u00e4, sill\u00e4 on supistavia ja antioksidanttisia ominaisuuksia.<\/p>\n<\/li>\n<li class=\"\" data-start=\"921\" data-end=\"1034\">\n<p class=\"\" data-start=\"923\" data-end=\"1034\"><strong data-start=\"923\" data-end=\"940\">Puju-uute<\/strong> - antibakteerinen ja anti-inflammatorinen, tasapainottaa ihon hydrolipidikerrosta ja v\u00e4hent\u00e4\u00e4 aknea.<\/p>\n<\/li>\n<li class=\"\" data-start=\"1035\" data-end=\"1173\">\n<p class=\"\" data-start=\"1037\" data-end=\"1173\"><strong data-start=\"1037\" data-end=\"1064\">Tokoferoli (E-vitamiini)<\/strong> - suojaa ihoa ulkoisilta aggressiivisilta tekij\u00f6ilt\u00e4, ehk\u00e4isee lipidien hapettumista, ravitsee ja pehment\u00e4\u00e4 ihoa.<\/p>\n<\/li>\n<\/ul>\n<p class=\"\" data-start=\"1175\" data-end=\"1229\">Sopii herk\u00e4lle, kuivalle ja sekaiholle.<\/p>\n<p class=\"\" data-start=\"1231\" data-end=\"1365\"><strong data-start=\"1231\" data-end=\"1246\">K\u00e4ytt\u00f6:<\/strong> sekoita tarvittava m\u00e4\u00e4r\u00e4 tuotetta veteen, vatkaa, kunnes saat paksua vaahtoa, ja levit\u00e4 iholle. Hiero kevyesti ja huuhtele l\u00e4mpim\u00e4ll\u00e4 vedell\u00e4.<\/p>","protected":false},"excerpt":{"rendered":"<p>Manyo Purifying Cleansing Soda Foam -puhdistusvaahto muodostaa runsaan, hienojakoisen vaahdon, joka tunkeutuu syv\u00e4lle ihohuokosiin liuottaen komeedoneja ja \u00f6ljyl\u00e4iski\u00e4. Poistaa lian, p\u00f6lyn ja meikkij\u00e4\u00e4m\u00e4t. Tuotteella on rauhoittava vaikutus - se auttaa v\u00e4hent\u00e4m\u00e4\u00e4n tulehduksia ja aknea ja rauhoittaa punoitusta. Miedosti hapan koostumus puhdistaa hell\u00e4varaisesti aiheuttamatta kuivuutta tai nykiv\u00e4\u00e4 tunnetta. Sopii herkimm\u00e4llekin ja atooppiselle iholle....<\/p>","protected":false},"featured_media":13612,"comment_status":"open","ping_status":"closed","template":"","meta":{"_uf_show_specific_survey":0,"_uf_disable_surveys":false,"_bst_post_transparent":"default","_bst_post_title":"","_bst_post_layout":"default","_bst_post_sidebar_id":"","_bst_post_content_style":"default","_bst_post_vertical_padding":"default","_bst_post_feature":"","_bst_post_feature_position":"","_bst_post_header":false,"_bst_post_footer":false},"pwb-brand":[448],"product_brand":[],"product_cat":[92,452,100],"product_tag":[450],"class_list":{"0":"post-13610","1":"product","2":"type-product","3":"status-publish","4":"has-post-thumbnail","6":"pwb-brand-manyo","7":"product_cat-nagu","8":"product_cat-naopuhastusgeelid","9":"product_cat-puhastusvahendid","10":"product_tag-manyo","12":"first","13":"instock","14":"sale","15":"shipping-taxable","16":"purchasable","17":"product-type-simple","18":"entry","19":"content-bg","20":"loop-entry"},"supplier_id":null,"supplier_sku":"","barcode":null,"atum_controlled":true,"out_stock_date":null,"out_stock_threshold":null,"inheritable":false,"inbound_stock":0,"stock_on_hold":0,"sold_today":0,"sales_last_days":1,"out_stock_days":0,"lost_sales":0,"has_location":false,"update_date":"2026-04-14T00:05:10","atum_locations":[],"atum_stock_status":"instock","restock_status":false,"low_stock_amount":"","sales_update_date":"2026-04-14T00:05:10","calc_backorders":null,"yoast_head":"<!-- This site is optimized with the Yoast SEO plugin v27.2 - https:\/\/yoast.com\/product\/yoast-seo-wordpress\/ -->\n<title>Manyo Purifying Cleansing Soda Foam, 150ml - IDA.KOREA<\/title>\n<meta name=\"description\" content=\"Manyo Purifying Cleansing Soda Foam puhastusvaht moodustab rikkaliku peene vahu, mis tungib s\u00fcgavale pooridesse, lahustab komedoone ja rasupistikuid.\" \/>\n<meta name=\"robots\" content=\"index, follow, max-snippet:-1, max-image-preview:large, max-video-preview:-1\" \/>\n<link rel=\"canonical\" href=\"https:\/\/idakorea.ee\/fi\/product\/manyo-purifying-cleansing-soda-foam\/\" \/>\n<meta property=\"og:locale\" content=\"fi_FI\" \/>\n<meta property=\"og:type\" content=\"article\" \/>\n<meta property=\"og:title\" content=\"Manyo Purifying Cleansing Soda Foam, 150ml - IDA.KOREA\" \/>\n<meta property=\"og:description\" content=\"Manyo Purifying Cleansing Soda Foam puhastusvaht moodustab rikkaliku peene vahu, mis tungib s\u00fcgavale pooridesse, lahustab komedoone ja rasupistikuid.\" \/>\n<meta property=\"og:url\" content=\"https:\/\/idakorea.ee\/fi\/product\/manyo-purifying-cleansing-soda-foam\/\" \/>\n<meta property=\"og:site_name\" content=\"IDA.KOREA\" \/>\n<meta property=\"article:modified_time\" content=\"2026-04-03T09:34:50+00:00\" \/>\n<meta property=\"og:image\" content=\"https:\/\/idakorea.ee\/wp-content\/uploads\/2025\/04\/manyo-purifying-cleansing-soda-foam-idakorea.png\" \/>\n\t<meta property=\"og:image:width\" content=\"1000\" \/>\n\t<meta property=\"og:image:height\" content=\"1000\" \/>\n\t<meta property=\"og:image:type\" content=\"image\/png\" \/>\n<meta name=\"twitter:card\" content=\"summary_large_image\" \/>\n<meta name=\"twitter:label1\" content=\"Arvioitu lukuaika\" \/>\n\t<meta name=\"twitter:data1\" content=\"2 minuuttia\" \/>\n<script type=\"application\/ld+json\" class=\"yoast-schema-graph\">{\"@context\":\"https:\/\/schema.org\",\"@graph\":[{\"@type\":\"WebPage\",\"@id\":\"https:\/\/idakorea.ee\/product\/manyo-purifying-cleansing-soda-foam\/\",\"url\":\"https:\/\/idakorea.ee\/product\/manyo-purifying-cleansing-soda-foam\/\",\"name\":\"Manyo Purifying Cleansing Soda Foam, 150ml - IDA.KOREA\",\"isPartOf\":{\"@id\":\"https:\/\/idakorea.ee\/#website\"},\"primaryImageOfPage\":{\"@id\":\"https:\/\/idakorea.ee\/product\/manyo-purifying-cleansing-soda-foam\/#primaryimage\"},\"image\":{\"@id\":\"https:\/\/idakorea.ee\/product\/manyo-purifying-cleansing-soda-foam\/#primaryimage\"},\"thumbnailUrl\":\"https:\/\/idakorea.ee\/wp-content\/uploads\/2025\/04\/manyo-purifying-cleansing-soda-foam-idakorea.png\",\"datePublished\":\"2025-04-16T13:33:05+00:00\",\"dateModified\":\"2026-04-03T09:34:50+00:00\",\"description\":\"Manyo Purifying Cleansing Soda Foam puhastusvaht moodustab rikkaliku peene vahu, mis tungib s\u00fcgavale pooridesse, lahustab komedoone ja rasupistikuid.\",\"breadcrumb\":{\"@id\":\"https:\/\/idakorea.ee\/product\/manyo-purifying-cleansing-soda-foam\/#breadcrumb\"},\"inLanguage\":\"fi\",\"potentialAction\":[{\"@type\":\"ReadAction\",\"target\":[\"https:\/\/idakorea.ee\/product\/manyo-purifying-cleansing-soda-foam\/\"]}]},{\"@type\":\"ImageObject\",\"inLanguage\":\"fi\",\"@id\":\"https:\/\/idakorea.ee\/product\/manyo-purifying-cleansing-soda-foam\/#primaryimage\",\"url\":\"https:\/\/idakorea.ee\/wp-content\/uploads\/2025\/04\/manyo-purifying-cleansing-soda-foam-idakorea.png\",\"contentUrl\":\"https:\/\/idakorea.ee\/wp-content\/uploads\/2025\/04\/manyo-purifying-cleansing-soda-foam-idakorea.png\",\"width\":1000,\"height\":1000},{\"@type\":\"BreadcrumbList\",\"@id\":\"https:\/\/idakorea.ee\/product\/manyo-purifying-cleansing-soda-foam\/#breadcrumb\",\"itemListElement\":[{\"@type\":\"ListItem\",\"position\":1,\"name\":\"\u0413\u043b\u0430\u0432\u043d\u0430\u044f \u0441\u0442\u0440\u0430\u043d\u0438\u0446\u0430\",\"item\":\"https:\/\/idakorea.ee\/\"},{\"@type\":\"ListItem\",\"position\":2,\"name\":\"Shop\",\"item\":\"https:\/\/idakorea.ee\/shop-2\/\"},{\"@type\":\"ListItem\",\"position\":3,\"name\":\"Rahustav soodaga n\u00e4opuhastusvaht Manyo Purifying Cleansing Soda Foam, 150ml\"}]},{\"@type\":\"WebSite\",\"@id\":\"https:\/\/idakorea.ee\/#website\",\"url\":\"https:\/\/idakorea.ee\/\",\"name\":\"IDA.KOREA\",\"description\":\"Korea kosmeetika e-pood\",\"publisher\":{\"@id\":\"https:\/\/idakorea.ee\/#organization\"},\"alternateName\":\"Beauty Shop\",\"potentialAction\":[{\"@type\":\"SearchAction\",\"target\":{\"@type\":\"EntryPoint\",\"urlTemplate\":\"https:\/\/idakorea.ee\/?s={search_term_string}\"},\"query-input\":{\"@type\":\"PropertyValueSpecification\",\"valueRequired\":true,\"valueName\":\"search_term_string\"}}],\"inLanguage\":\"fi\"},{\"@type\":\"Organization\",\"@id\":\"https:\/\/idakorea.ee\/#organization\",\"name\":\"IDA.KOREA\",\"url\":\"https:\/\/idakorea.ee\/\",\"logo\":{\"@type\":\"ImageObject\",\"inLanguage\":\"fi\",\"@id\":\"https:\/\/idakorea.ee\/#\/schema\/logo\/image\/\",\"url\":\"https:\/\/idakorea.ee\/wp-content\/uploads\/2024\/05\/cropped-korea3.png\",\"contentUrl\":\"https:\/\/idakorea.ee\/wp-content\/uploads\/2024\/05\/cropped-korea3.png\",\"width\":688,\"height\":126,\"caption\":\"IDA.KOREA\"},\"image\":{\"@id\":\"https:\/\/idakorea.ee\/#\/schema\/logo\/image\/\"},\"sameAs\":[\"https:\/\/www.instagram.com\/ida.korea\/\"]}]}<\/script>\n<!-- \/ Yoast SEO plugin. -->","yoast_head_json":{"title":"Manyo puhdistava puhdistussoodavaahto, 150ml - IDA.KOREA","description":"Manyo Purifying Cleansing Soda Foam -puhdistusvaahto muodostaa runsaan, hienojakoisen vaahdon, joka tunkeutuu syv\u00e4lle ihohuokosiin liuottaen komeedoneja ja \u00f6ljyl\u00e4iski\u00e4.","robots":{"index":"index","follow":"follow","max-snippet":"max-snippet:-1","max-image-preview":"max-image-preview:large","max-video-preview":"max-video-preview:-1"},"canonical":"https:\/\/idakorea.ee\/fi\/product\/manyo-purifying-cleansing-soda-foam\/","og_locale":"fi_FI","og_type":"article","og_title":"Manyo Purifying Cleansing Soda Foam, 150ml - IDA.KOREA","og_description":"Manyo Purifying Cleansing Soda Foam puhastusvaht moodustab rikkaliku peene vahu, mis tungib s\u00fcgavale pooridesse, lahustab komedoone ja rasupistikuid.","og_url":"https:\/\/idakorea.ee\/fi\/product\/manyo-purifying-cleansing-soda-foam\/","og_site_name":"IDA.KOREA","article_modified_time":"2026-04-03T09:34:50+00:00","og_image":[{"width":1000,"height":1000,"url":"https:\/\/idakorea.ee\/wp-content\/uploads\/2025\/04\/manyo-purifying-cleansing-soda-foam-idakorea.png","type":"image\/png"}],"twitter_card":"summary_large_image","twitter_misc":{"Arvioitu lukuaika":"2 minuuttia"},"schema":{"@context":"https:\/\/schema.org","@graph":[{"@type":"WebPage","@id":"https:\/\/idakorea.ee\/product\/manyo-purifying-cleansing-soda-foam\/","url":"https:\/\/idakorea.ee\/product\/manyo-purifying-cleansing-soda-foam\/","name":"Manyo puhdistava puhdistussoodavaahto, 150ml - IDA.KOREA","isPartOf":{"@id":"https:\/\/idakorea.ee\/#website"},"primaryImageOfPage":{"@id":"https:\/\/idakorea.ee\/product\/manyo-purifying-cleansing-soda-foam\/#primaryimage"},"image":{"@id":"https:\/\/idakorea.ee\/product\/manyo-purifying-cleansing-soda-foam\/#primaryimage"},"thumbnailUrl":"https:\/\/idakorea.ee\/wp-content\/uploads\/2025\/04\/manyo-purifying-cleansing-soda-foam-idakorea.png","datePublished":"2025-04-16T13:33:05+00:00","dateModified":"2026-04-03T09:34:50+00:00","description":"Manyo Purifying Cleansing Soda Foam -puhdistusvaahto muodostaa runsaan, hienojakoisen vaahdon, joka tunkeutuu syv\u00e4lle ihohuokosiin liuottaen komeedoneja ja \u00f6ljyl\u00e4iski\u00e4.","breadcrumb":{"@id":"https:\/\/idakorea.ee\/product\/manyo-purifying-cleansing-soda-foam\/#breadcrumb"},"inLanguage":"fi","potentialAction":[{"@type":"ReadAction","target":["https:\/\/idakorea.ee\/product\/manyo-purifying-cleansing-soda-foam\/"]}]},{"@type":"ImageObject","inLanguage":"fi","@id":"https:\/\/idakorea.ee\/product\/manyo-purifying-cleansing-soda-foam\/#primaryimage","url":"https:\/\/idakorea.ee\/wp-content\/uploads\/2025\/04\/manyo-purifying-cleansing-soda-foam-idakorea.png","contentUrl":"https:\/\/idakorea.ee\/wp-content\/uploads\/2025\/04\/manyo-purifying-cleansing-soda-foam-idakorea.png","width":1000,"height":1000},{"@type":"BreadcrumbList","@id":"https:\/\/idakorea.ee\/product\/manyo-purifying-cleansing-soda-foam\/#breadcrumb","itemListElement":[{"@type":"ListItem","position":1,"name":"\u0413\u043b\u0430\u0432\u043d\u0430\u044f \u0441\u0442\u0440\u0430\u043d\u0438\u0446\u0430","item":"https:\/\/idakorea.ee\/"},{"@type":"ListItem","position":2,"name":"Shop","item":"https:\/\/idakorea.ee\/shop-2\/"},{"@type":"ListItem","position":3,"name":"Rahustav soodaga n\u00e4opuhastusvaht Manyo Purifying Cleansing Soda Foam, 150ml"}]},{"@type":"WebSite","@id":"https:\/\/idakorea.ee\/#website","url":"https:\/\/idakorea.ee\/","name":"IDA.KOREA","description":"Korean kosmetiikan verkkokauppa","publisher":{"@id":"https:\/\/idakorea.ee\/#organization"},"alternateName":"Beauty Shop","potentialAction":[{"@type":"SearchAction","target":{"@type":"EntryPoint","urlTemplate":"https:\/\/idakorea.ee\/?s={search_term_string}"},"query-input":{"@type":"PropertyValueSpecification","valueRequired":true,"valueName":"search_term_string"}}],"inLanguage":"fi"},{"@type":"Organization","@id":"https:\/\/idakorea.ee\/#organization","name":"IDA.KOREA","url":"https:\/\/idakorea.ee\/","logo":{"@type":"ImageObject","inLanguage":"fi","@id":"https:\/\/idakorea.ee\/#\/schema\/logo\/image\/","url":"https:\/\/idakorea.ee\/wp-content\/uploads\/2024\/05\/cropped-korea3.png","contentUrl":"https:\/\/idakorea.ee\/wp-content\/uploads\/2024\/05\/cropped-korea3.png","width":688,"height":126,"caption":"IDA.KOREA"},"image":{"@id":"https:\/\/idakorea.ee\/#\/schema\/logo\/image\/"},"sameAs":["https:\/\/www.instagram.com\/ida.korea\/"]}]}},"jetpack_sharing_enabled":true,"brands":[{"id":448,"name":"MANYO","slug":"manyo"}],"_links":{"self":[{"href":"https:\/\/idakorea.ee\/fi\/wp-json\/wp\/v2\/product\/13610","targetHints":{"allow":["GET"]}}],"collection":[{"href":"https:\/\/idakorea.ee\/fi\/wp-json\/wp\/v2\/product"}],"about":[{"href":"https:\/\/idakorea.ee\/fi\/wp-json\/wp\/v2\/types\/product"}],"replies":[{"embeddable":true,"href":"https:\/\/idakorea.ee\/fi\/wp-json\/wp\/v2\/comments?post=13610"}],"version-history":[{"count":3,"href":"https:\/\/idakorea.ee\/fi\/wp-json\/wp\/v2\/product\/13610\/revisions"}],"predecessor-version":[{"id":13617,"href":"https:\/\/idakorea.ee\/fi\/wp-json\/wp\/v2\/product\/13610\/revisions\/13617"}],"wp:featuredmedia":[{"embeddable":true,"href":"https:\/\/idakorea.ee\/fi\/wp-json\/wp\/v2\/media\/13612"}],"wp:attachment":[{"href":"https:\/\/idakorea.ee\/fi\/wp-json\/wp\/v2\/media?parent=13610"}],"wp:term":[{"taxonomy":"pwb-brand","embeddable":true,"href":"https:\/\/idakorea.ee\/fi\/wp-json\/wp\/v2\/pwb-brand?post=13610"},{"taxonomy":"product_brand","embeddable":true,"href":"https:\/\/idakorea.ee\/fi\/wp-json\/wp\/v2\/product_brand?post=13610"},{"taxonomy":"product_cat","embeddable":true,"href":"https:\/\/idakorea.ee\/fi\/wp-json\/wp\/v2\/product_cat?post=13610"},{"taxonomy":"product_tag","embeddable":true,"href":"https:\/\/idakorea.ee\/fi\/wp-json\/wp\/v2\/product_tag?post=13610"}],"curies":[{"name":"wp","href":"https:\/\/api.w.org\/{rel}","templated":true}]}}