{"id":13619,"date":"2025-04-16T15:53:40","date_gmt":"2025-04-16T13:53:40","guid":{"rendered":"https:\/\/idakorea.ee\/?post_type=product&#038;p=13619"},"modified":"2026-04-12T11:24:38","modified_gmt":"2026-04-12T09:24:38","slug":"haruharu-wonder-black-rice-hyaluronic-toner","status":"publish","type":"product","link":"https:\/\/idakorea.ee\/fi\/product\/haruharu-wonder-black-rice-hyaluronic-toner\/","title":{"rendered":"Vegaaninen mustan riisin kasvovesi Haruharu Wonder Black Rice Hyaluronic Toner, 150ml"},"content":{"rendered":"<p><strong>Vegaaninen mustan riisin s\u00e4vytysaine Haruharu Wonder Black Rice Hyaluronic Toner<\/strong> on eritt\u00e4in antioksidanttinen, syv\u00e4sti kosteuttava ja poistaa kuivuutta ja sameaa ihoa. Se tasapainottaa ihon vesi- ja \u00f6ljypitoisuutta ja auttaa parantamaan ihon kimmoisuutta.<\/p>\n<p>Vesi on valmistettu 99% luonnollisista ainesosista, se ei \u00e4rsyt\u00e4 ja sopii herk\u00e4lle iholle. Se palauttaa v\u00e4litt\u00f6m\u00e4sti solujen kosteustasot ja valmistelee ihon jatkohoitoa varten.<\/p>\n<p><strong>Erityinen liposomitekniikka U.D.T.<\/strong>, joka perustuu kuuden vuoden ajan kypsytettyyn punaiseen ginsengiin, mahdollistaa mustan riisin entsyymien tunkeutumisen syvemm\u00e4lle huokosiin s\u00e4ilytt\u00e4en samalla hy\u00f6dylliset ominaisuudet ja tehostaen tuotteen tehokkuutta.<\/p>\n<p>Voiteen koostumus on kevyt ja vetinen, se imeytyy nopeasti eik\u00e4 j\u00e4t\u00e4 tahmeaa tunnetta.<\/p>\n<p><strong>T\u00e4rkeimm\u00e4t vaikuttavat aineet:<\/strong><\/p>\n<ul>\n<li><strong>Musta riisiuute<\/strong> - vaikuttaa voimakkaasti antioksidanttisesti, neutralisoi vapaiden radikaalien vaikutuksia, parantaa ihon s\u00e4vy\u00e4 ja ihoilmett\u00e4, hidastaa ik\u00e4\u00e4ntymist\u00e4.<\/li>\n<li><strong>Hyaluronihappo<\/strong> - muodostaa n\u00e4kym\u00e4tt\u00f6m\u00e4n kosteussuojan, edist\u00e4\u00e4 solujen uusiutumista, tasoittaa juonteita ja j\u00e4tt\u00e4\u00e4 ihon sile\u00e4ksi ja joustavaksi.<\/li>\n<li><strong>Ginsengin juuriuute<\/strong> - vahvistaa immuniteettia, parantaa verenkiertoa, uudistaa ja nuorentaa, kiinteytt\u00e4\u00e4 ja suojaa soluja vaurioilta.<\/li>\n<li><strong>Aspergillus fermentoitu uute<\/strong> - tasoittaa ihon s\u00e4vy\u00e4, vaalentaa pigmenttil\u00e4iski\u00e4 ja tulehduksenj\u00e4lkeisi\u00e4 l\u00e4iski\u00e4, stimuloi solujen uusiutumista ja toimii mietona kuorijana.<\/li>\n<li><strong>Baikalin viikunanjuuren uute<\/strong> - rauhoittava, tulehdusta ehk\u00e4isev\u00e4 ja antioksidanttinen vaikutus, vahvistaa verisuonia ja auttaa torjumaan couperoosia ja pigmentaatiota.<\/li>\n<li><strong>Beetaglukaani<\/strong> - Vahvojen antioksidanttisten ja immuunij\u00e4rjestelm\u00e4\u00e4 vahvistavien ominaisuuksiensa ansiosta se palauttaa vaurioituneen ihon ja ehk\u00e4isee ennenaikaista ik\u00e4\u00e4ntymist\u00e4.<\/li>\n<li><strong>Japanilainen pippuriuute (Zanthoxylum)<\/strong> - antibakteerinen ja anti-inflammatorinen vaikutus, lievitt\u00e4\u00e4 kutinaa ja \u00e4rsytyst\u00e4.<\/li>\n<\/ul>\n<p>&nbsp;<\/p>\n<p>Sopii kuivalle, normaalille ja sekaiholle.<\/p>\n<p><strong>K\u00e4ytt\u00f6:<\/strong> Levit\u00e4 sopiva m\u00e4\u00e4r\u00e4 kasvovett\u00e4 puhdistetulle iholle vanulapulla tai k\u00e4mmenill\u00e4.<\/p>","protected":false},"excerpt":{"rendered":"<p>Haruharu Wonder Black Rice Hyaluronic Toner on vegaaninen mustan riisin kasvovesi, jolla on korkea antioksidanttinen aktiivisuus, syv\u00e4sti kosteuttava ja poistaa kuivuutta ja sameaa ihoa. Se tasapainottaa ihon vesi- ja \u00f6ljypitoisuutta ja auttaa parantamaan ihon kimmoisuutta. Toner koostuu 99% luonnollisista ainesosista, ei \u00e4rsyt\u00e4 ja sopii herk\u00e4lle iholle. Se palauttaa v\u00e4litt\u00f6m\u00e4sti solujen kosteustasot ja valmistelee ihon...<\/p>","protected":false},"featured_media":13620,"comment_status":"open","ping_status":"closed","template":"","meta":{"_uf_show_specific_survey":0,"_uf_disable_surveys":false,"_bst_post_transparent":"default","_bst_post_title":"","_bst_post_layout":"default","_bst_post_sidebar_id":"","_bst_post_content_style":"default","_bst_post_vertical_padding":"default","_bst_post_feature":"","_bst_post_feature_position":"","_bst_post_header":false,"_bst_post_footer":false},"pwb-brand":[763],"product_brand":[],"product_cat":[92,158],"product_tag":[855],"class_list":{"0":"post-13619","1":"product","2":"type-product","3":"status-publish","4":"has-post-thumbnail","6":"pwb-brand-haruharu-wonder","7":"product_cat-nagu","8":"product_cat-toonik","9":"product_tag-toner","11":"first","12":"instock","13":"sale","14":"shipping-taxable","15":"purchasable","16":"product-type-simple","17":"entry","18":"content-bg","19":"loop-entry"},"supplier_id":null,"supplier_sku":"","barcode":null,"atum_controlled":true,"out_stock_date":null,"out_stock_threshold":null,"inheritable":false,"inbound_stock":0,"stock_on_hold":0,"sold_today":0,"sales_last_days":2,"out_stock_days":0,"lost_sales":0,"has_location":false,"update_date":"2026-04-14T09:34:44","atum_locations":[],"atum_stock_status":"instock","restock_status":false,"low_stock_amount":"","sales_update_date":"2026-04-14T09:34:44","calc_backorders":null,"yoast_head":"<!-- This site is optimized with the Yoast SEO plugin v27.2 - https:\/\/yoast.com\/product\/yoast-seo-wordpress\/ -->\n<title>Haruharu Wonder Black Rice Hyaluronic Toner, 150ml - IDA.KOREA<\/title>\n<meta name=\"description\" content=\"K\u00f5rge antioks\u00fcdantse aktiivsusega Haruharu Wonder Black Rice Hyaluronic Toner \u00fcgavalt niisutav ning eemaldab kuivuse ja tuhmi jume. Kiire tarne!\" \/>\n<meta name=\"robots\" content=\"index, follow, max-snippet:-1, max-image-preview:large, max-video-preview:-1\" \/>\n<link rel=\"canonical\" href=\"https:\/\/idakorea.ee\/fi\/product\/haruharu-wonder-black-rice-hyaluronic-toner\/\" \/>\n<meta property=\"og:locale\" content=\"fi_FI\" \/>\n<meta property=\"og:type\" content=\"article\" \/>\n<meta property=\"og:title\" content=\"Haruharu Wonder Black Rice Hyaluronic Toner, 150ml - IDA.KOREA\" \/>\n<meta property=\"og:description\" content=\"K\u00f5rge antioks\u00fcdantse aktiivsusega Haruharu Wonder Black Rice Hyaluronic Toner \u00fcgavalt niisutav ning eemaldab kuivuse ja tuhmi jume. Kiire tarne!\" \/>\n<meta property=\"og:url\" content=\"https:\/\/idakorea.ee\/fi\/product\/haruharu-wonder-black-rice-hyaluronic-toner\/\" \/>\n<meta property=\"og:site_name\" content=\"IDA.KOREA\" \/>\n<meta property=\"article:modified_time\" content=\"2026-04-12T09:24:38+00:00\" \/>\n<meta property=\"og:image\" content=\"https:\/\/idakorea.ee\/wp-content\/uploads\/2025\/04\/haruharu-wonder-black-rice-hyaluronic-toner-150ml-idakorea.webp\" \/>\n\t<meta property=\"og:image:width\" content=\"2000\" \/>\n\t<meta property=\"og:image:height\" content=\"2000\" \/>\n\t<meta property=\"og:image:type\" content=\"image\/webp\" \/>\n<meta name=\"twitter:card\" content=\"summary_large_image\" \/>\n<meta name=\"twitter:label1\" content=\"Arvioitu lukuaika\" \/>\n\t<meta name=\"twitter:data1\" content=\"2 minuuttia\" \/>\n<script type=\"application\/ld+json\" class=\"yoast-schema-graph\">{\"@context\":\"https:\/\/schema.org\",\"@graph\":[{\"@type\":\"WebPage\",\"@id\":\"https:\/\/idakorea.ee\/product\/haruharu-wonder-black-rice-hyaluronic-toner\/\",\"url\":\"https:\/\/idakorea.ee\/product\/haruharu-wonder-black-rice-hyaluronic-toner\/\",\"name\":\"Haruharu Wonder Black Rice Hyaluronic Toner, 150ml - IDA.KOREA\",\"isPartOf\":{\"@id\":\"https:\/\/idakorea.ee\/#website\"},\"primaryImageOfPage\":{\"@id\":\"https:\/\/idakorea.ee\/product\/haruharu-wonder-black-rice-hyaluronic-toner\/#primaryimage\"},\"image\":{\"@id\":\"https:\/\/idakorea.ee\/product\/haruharu-wonder-black-rice-hyaluronic-toner\/#primaryimage\"},\"thumbnailUrl\":\"https:\/\/idakorea.ee\/wp-content\/uploads\/2025\/04\/haruharu-wonder-black-rice-hyaluronic-toner-150ml-idakorea.webp\",\"datePublished\":\"2025-04-16T13:53:40+00:00\",\"dateModified\":\"2026-04-12T09:24:38+00:00\",\"description\":\"K\u00f5rge antioks\u00fcdantse aktiivsusega Haruharu Wonder Black Rice Hyaluronic Toner \u00fcgavalt niisutav ning eemaldab kuivuse ja tuhmi jume. Kiire tarne!\",\"breadcrumb\":{\"@id\":\"https:\/\/idakorea.ee\/product\/haruharu-wonder-black-rice-hyaluronic-toner\/#breadcrumb\"},\"inLanguage\":\"fi\",\"potentialAction\":[{\"@type\":\"ReadAction\",\"target\":[\"https:\/\/idakorea.ee\/product\/haruharu-wonder-black-rice-hyaluronic-toner\/\"]}]},{\"@type\":\"ImageObject\",\"inLanguage\":\"fi\",\"@id\":\"https:\/\/idakorea.ee\/product\/haruharu-wonder-black-rice-hyaluronic-toner\/#primaryimage\",\"url\":\"https:\/\/idakorea.ee\/wp-content\/uploads\/2025\/04\/haruharu-wonder-black-rice-hyaluronic-toner-150ml-idakorea.webp\",\"contentUrl\":\"https:\/\/idakorea.ee\/wp-content\/uploads\/2025\/04\/haruharu-wonder-black-rice-hyaluronic-toner-150ml-idakorea.webp\",\"width\":2000,\"height\":2000},{\"@type\":\"BreadcrumbList\",\"@id\":\"https:\/\/idakorea.ee\/product\/haruharu-wonder-black-rice-hyaluronic-toner\/#breadcrumb\",\"itemListElement\":[{\"@type\":\"ListItem\",\"position\":1,\"name\":\"\u0413\u043b\u0430\u0432\u043d\u0430\u044f \u0441\u0442\u0440\u0430\u043d\u0438\u0446\u0430\",\"item\":\"https:\/\/idakorea.ee\/\"},{\"@type\":\"ListItem\",\"position\":2,\"name\":\"Shop\",\"item\":\"https:\/\/idakorea.ee\/shop-2\/\"},{\"@type\":\"ListItem\",\"position\":3,\"name\":\"Veganlik toonik musta riisiga Haruharu Wonder Black Rice Hyaluronic Toner, 150ml\"}]},{\"@type\":\"WebSite\",\"@id\":\"https:\/\/idakorea.ee\/#website\",\"url\":\"https:\/\/idakorea.ee\/\",\"name\":\"IDA.KOREA\",\"description\":\"Korea kosmeetika e-pood\",\"publisher\":{\"@id\":\"https:\/\/idakorea.ee\/#organization\"},\"alternateName\":\"Beauty Shop\",\"potentialAction\":[{\"@type\":\"SearchAction\",\"target\":{\"@type\":\"EntryPoint\",\"urlTemplate\":\"https:\/\/idakorea.ee\/?s={search_term_string}\"},\"query-input\":{\"@type\":\"PropertyValueSpecification\",\"valueRequired\":true,\"valueName\":\"search_term_string\"}}],\"inLanguage\":\"fi\"},{\"@type\":\"Organization\",\"@id\":\"https:\/\/idakorea.ee\/#organization\",\"name\":\"IDA.KOREA\",\"url\":\"https:\/\/idakorea.ee\/\",\"logo\":{\"@type\":\"ImageObject\",\"inLanguage\":\"fi\",\"@id\":\"https:\/\/idakorea.ee\/#\/schema\/logo\/image\/\",\"url\":\"https:\/\/idakorea.ee\/wp-content\/uploads\/2024\/05\/cropped-korea3.png\",\"contentUrl\":\"https:\/\/idakorea.ee\/wp-content\/uploads\/2024\/05\/cropped-korea3.png\",\"width\":688,\"height\":126,\"caption\":\"IDA.KOREA\"},\"image\":{\"@id\":\"https:\/\/idakorea.ee\/#\/schema\/logo\/image\/\"},\"sameAs\":[\"https:\/\/www.instagram.com\/ida.korea\/\"]}]}<\/script>\n<!-- \/ Yoast SEO plugin. -->","yoast_head_json":{"title":"Haruharu Wonder mustan riisin hyaluronihappoa sis\u00e4lt\u00e4v\u00e4 kasvovesi, 150ml - IDA.KOREA","description":"Haruharu Wonder Black Rice Hyaluronic Toner sis\u00e4lt\u00e4\u00e4 runsaasti antioksidantteja, ja se kosteuttaa syv\u00e4sti ja poistaa kuivuutta ja sameaa ihoa. Nopea toimitus!","robots":{"index":"index","follow":"follow","max-snippet":"max-snippet:-1","max-image-preview":"max-image-preview:large","max-video-preview":"max-video-preview:-1"},"canonical":"https:\/\/idakorea.ee\/fi\/product\/haruharu-wonder-black-rice-hyaluronic-toner\/","og_locale":"fi_FI","og_type":"article","og_title":"Haruharu Wonder Black Rice Hyaluronic Toner, 150ml - IDA.KOREA","og_description":"K\u00f5rge antioks\u00fcdantse aktiivsusega Haruharu Wonder Black Rice Hyaluronic Toner \u00fcgavalt niisutav ning eemaldab kuivuse ja tuhmi jume. Kiire tarne!","og_url":"https:\/\/idakorea.ee\/fi\/product\/haruharu-wonder-black-rice-hyaluronic-toner\/","og_site_name":"IDA.KOREA","article_modified_time":"2026-04-12T09:24:38+00:00","og_image":[{"width":2000,"height":2000,"url":"https:\/\/idakorea.ee\/wp-content\/uploads\/2025\/04\/haruharu-wonder-black-rice-hyaluronic-toner-150ml-idakorea.webp","type":"image\/webp"}],"twitter_card":"summary_large_image","twitter_misc":{"Arvioitu lukuaika":"2 minuuttia"},"schema":{"@context":"https:\/\/schema.org","@graph":[{"@type":"WebPage","@id":"https:\/\/idakorea.ee\/product\/haruharu-wonder-black-rice-hyaluronic-toner\/","url":"https:\/\/idakorea.ee\/product\/haruharu-wonder-black-rice-hyaluronic-toner\/","name":"Haruharu Wonder mustan riisin hyaluronihappoa sis\u00e4lt\u00e4v\u00e4 kasvovesi, 150ml - IDA.KOREA","isPartOf":{"@id":"https:\/\/idakorea.ee\/#website"},"primaryImageOfPage":{"@id":"https:\/\/idakorea.ee\/product\/haruharu-wonder-black-rice-hyaluronic-toner\/#primaryimage"},"image":{"@id":"https:\/\/idakorea.ee\/product\/haruharu-wonder-black-rice-hyaluronic-toner\/#primaryimage"},"thumbnailUrl":"https:\/\/idakorea.ee\/wp-content\/uploads\/2025\/04\/haruharu-wonder-black-rice-hyaluronic-toner-150ml-idakorea.webp","datePublished":"2025-04-16T13:53:40+00:00","dateModified":"2026-04-12T09:24:38+00:00","description":"Haruharu Wonder Black Rice Hyaluronic Toner sis\u00e4lt\u00e4\u00e4 runsaasti antioksidantteja, ja se kosteuttaa syv\u00e4sti ja poistaa kuivuutta ja sameaa ihoa. Nopea toimitus!","breadcrumb":{"@id":"https:\/\/idakorea.ee\/product\/haruharu-wonder-black-rice-hyaluronic-toner\/#breadcrumb"},"inLanguage":"fi","potentialAction":[{"@type":"ReadAction","target":["https:\/\/idakorea.ee\/product\/haruharu-wonder-black-rice-hyaluronic-toner\/"]}]},{"@type":"ImageObject","inLanguage":"fi","@id":"https:\/\/idakorea.ee\/product\/haruharu-wonder-black-rice-hyaluronic-toner\/#primaryimage","url":"https:\/\/idakorea.ee\/wp-content\/uploads\/2025\/04\/haruharu-wonder-black-rice-hyaluronic-toner-150ml-idakorea.webp","contentUrl":"https:\/\/idakorea.ee\/wp-content\/uploads\/2025\/04\/haruharu-wonder-black-rice-hyaluronic-toner-150ml-idakorea.webp","width":2000,"height":2000},{"@type":"BreadcrumbList","@id":"https:\/\/idakorea.ee\/product\/haruharu-wonder-black-rice-hyaluronic-toner\/#breadcrumb","itemListElement":[{"@type":"ListItem","position":1,"name":"\u0413\u043b\u0430\u0432\u043d\u0430\u044f \u0441\u0442\u0440\u0430\u043d\u0438\u0446\u0430","item":"https:\/\/idakorea.ee\/"},{"@type":"ListItem","position":2,"name":"Shop","item":"https:\/\/idakorea.ee\/shop-2\/"},{"@type":"ListItem","position":3,"name":"Veganlik toonik musta riisiga Haruharu Wonder Black Rice Hyaluronic Toner, 150ml"}]},{"@type":"WebSite","@id":"https:\/\/idakorea.ee\/#website","url":"https:\/\/idakorea.ee\/","name":"IDA.KOREA","description":"Korean kosmetiikan verkkokauppa","publisher":{"@id":"https:\/\/idakorea.ee\/#organization"},"alternateName":"Beauty Shop","potentialAction":[{"@type":"SearchAction","target":{"@type":"EntryPoint","urlTemplate":"https:\/\/idakorea.ee\/?s={search_term_string}"},"query-input":{"@type":"PropertyValueSpecification","valueRequired":true,"valueName":"search_term_string"}}],"inLanguage":"fi"},{"@type":"Organization","@id":"https:\/\/idakorea.ee\/#organization","name":"IDA.KOREA","url":"https:\/\/idakorea.ee\/","logo":{"@type":"ImageObject","inLanguage":"fi","@id":"https:\/\/idakorea.ee\/#\/schema\/logo\/image\/","url":"https:\/\/idakorea.ee\/wp-content\/uploads\/2024\/05\/cropped-korea3.png","contentUrl":"https:\/\/idakorea.ee\/wp-content\/uploads\/2024\/05\/cropped-korea3.png","width":688,"height":126,"caption":"IDA.KOREA"},"image":{"@id":"https:\/\/idakorea.ee\/#\/schema\/logo\/image\/"},"sameAs":["https:\/\/www.instagram.com\/ida.korea\/"]}]}},"jetpack_sharing_enabled":true,"brands":[{"id":763,"name":"HARUHARU IHME","slug":"haruharu-wonder"}],"_links":{"self":[{"href":"https:\/\/idakorea.ee\/fi\/wp-json\/wp\/v2\/product\/13619","targetHints":{"allow":["GET"]}}],"collection":[{"href":"https:\/\/idakorea.ee\/fi\/wp-json\/wp\/v2\/product"}],"about":[{"href":"https:\/\/idakorea.ee\/fi\/wp-json\/wp\/v2\/types\/product"}],"replies":[{"embeddable":true,"href":"https:\/\/idakorea.ee\/fi\/wp-json\/wp\/v2\/comments?post=13619"}],"version-history":[{"count":1,"href":"https:\/\/idakorea.ee\/fi\/wp-json\/wp\/v2\/product\/13619\/revisions"}],"predecessor-version":[{"id":13623,"href":"https:\/\/idakorea.ee\/fi\/wp-json\/wp\/v2\/product\/13619\/revisions\/13623"}],"wp:featuredmedia":[{"embeddable":true,"href":"https:\/\/idakorea.ee\/fi\/wp-json\/wp\/v2\/media\/13620"}],"wp:attachment":[{"href":"https:\/\/idakorea.ee\/fi\/wp-json\/wp\/v2\/media?parent=13619"}],"wp:term":[{"taxonomy":"pwb-brand","embeddable":true,"href":"https:\/\/idakorea.ee\/fi\/wp-json\/wp\/v2\/pwb-brand?post=13619"},{"taxonomy":"product_brand","embeddable":true,"href":"https:\/\/idakorea.ee\/fi\/wp-json\/wp\/v2\/product_brand?post=13619"},{"taxonomy":"product_cat","embeddable":true,"href":"https:\/\/idakorea.ee\/fi\/wp-json\/wp\/v2\/product_cat?post=13619"},{"taxonomy":"product_tag","embeddable":true,"href":"https:\/\/idakorea.ee\/fi\/wp-json\/wp\/v2\/product_tag?post=13619"}],"curies":[{"name":"wp","href":"https:\/\/api.w.org\/{rel}","templated":true}]}}