{"id":13652,"date":"2025-04-19T10:41:30","date_gmt":"2025-04-19T08:41:30","guid":{"rendered":"https:\/\/idakorea.ee\/?post_type=product&#038;p=13652"},"modified":"2026-02-28T15:21:31","modified_gmt":"2026-02-28T13:21:31","slug":"medicube-pdrn-collagen-toning-gel-toner-pad","status":"publish","type":"product","link":"https:\/\/idakorea.ee\/fi\/product\/medicube-pdrn-collagen-toning-gel-toner-pad\/","title":{"rendered":"Kollageenia ja PDRN:\u00e4\u00e4 sis\u00e4lt\u00e4v\u00e4t geelipohjustustyynyt Medicube PDRN Collagen Toning Gel Toner Pad, 70 kpl."},"content":{"rendered":"<p><strong>Kollageenilla ja PDRN:ll\u00e4 t\u00e4ytetty geelim\u00e4inen kasvovoide \u2013 kimmoisuutta, hehkua ja kosteutta varten<\/strong><\/p>\n<p>Ylellinen ihonhoito yhdell\u00e4 helpolla vaiheella \u2014 <strong>Medicube Tonic -tyynyt PDRN:ll\u00e4 ja kollageenilla<\/strong> Auttavat tehokkaasti parantamaan ihon s\u00e4vy\u00e4, lis\u00e4\u00e4m\u00e4\u00e4n kimmoisuutta ja tarjoamaan syv\u00e4kosteutusta ja raikkauden tunnetta. Mukava pehmustettu muoto sopii erinomaisesti p\u00e4ivitt\u00e4iseen k\u00e4ytt\u00f6\u00f6n \u2013 sek\u00e4 nopeaksi virkistysvaiheeksi puhdistuksen j\u00e4lkeen ett\u00e4 pikanaamiona.<\/p>\n<p><strong>\u00a0T\u00e4rkeimm\u00e4t edut:<\/strong><\/p>\n<ul>\n<li><strong>PDRN (polydeoksiribonukleotidi)<\/strong>Lohenmaidosta johdettu biomolekyyli, joka stimuloi solujen uusiutumista, parantaa verenkiertoa ja nopeuttaa ihon uudistumista.<\/li>\n<li><strong>Hydrolysoitu kollageeni<\/strong>Vahvistaa ihon rakennetta, tekee ihosta kiinte\u00e4mm\u00e4n ja silottaa hienoja ryppyj\u00e4.<\/li>\n<li><strong>Geelim\u00e4inen koostumus<\/strong>Kosteuttaa j\u00e4tt\u00e4m\u00e4tt\u00e4 ihoa tahmeaksi, antaa viilent\u00e4v\u00e4n ja raikkaan tunteen \u2013 ihanteellinen erityisesti kes\u00e4k\u00e4ytt\u00f6\u00f6n.<\/li>\n<li><strong>Hell\u00e4varainen kuorintavaikutus<\/strong>Poistaa kuolleita ihosoluja ja tasoittaa ihon s\u00e4vy\u00e4 ja rakennetta.<\/li>\n<li><strong>Hypoallergeeninen materiaali<\/strong>Tiivis ja ihoyst\u00e4v\u00e4llinen vegaaninen kangas, joka ei \u00e4rsyt\u00e4 tai vahingoita ihoa.<\/li>\n<\/ul>\n<p><strong>Sopii:<\/strong><\/p>\n<ul>\n<li>Samealle ja v\u00e4syneelle iholle<\/li>\n<li>Iholle, jonka kimmoisuus on heikentynyt<\/li>\n<li>Herk\u00e4lle iholle<\/li>\n<li>P\u00e4ivitt\u00e4iseen virkist\u00e4v\u00e4\u00e4n ja kiinteytt\u00e4v\u00e4\u00e4n hoitoon<\/li>\n<\/ul>\n<p>&nbsp;<\/p>\n<p><strong>K\u00e4ytt\u00f6: <\/strong>Puhdistuksen j\u00e4lkeen taputtele tyyny\u00e4 hell\u00e4varaisesti iholle v\u00e4ltt\u00e4en silm\u00e4nymp\u00e4rysihoa. Voit halutessasi antaa tyynyjen vaikuttaa ongelma-alueilla 5\u201310 minuuttia naamion tavoin. \u00c4l\u00e4 huuhtele \u2013 taputtele j\u00e4ljell\u00e4 oleva essenssi ihoon ja jatka normaalia ihonhoitorutiiniasi.<\/p>","protected":false},"excerpt":{"rendered":"<p>Kollageenia ja PDRN:\u00e4\u00e4 sis\u00e4lt\u00e4v\u00e4t geelim\u00e4iset kasvovedenhoitotyynyt - kimmoisuutta, s\u00e4teilevyytt\u00e4 ja kosteutusta Ylellinen ihonhoito yhdess\u00e4 vaiheessa - PDRN:\u00e4\u00e4 ja kollageenia sis\u00e4lt\u00e4v\u00e4t Medicube-geelim\u00e4iset kasvovedenhoitotyynyt parantavat tehokkaasti ihon s\u00e4vy\u00e4, lis\u00e4\u00e4v\u00e4t sen kimmoisuutta ja tarjoavat syv\u00e4kosteutusta ja raikkautta. K\u00e4tev\u00e4 pad-muoto on ihanteellinen jokap\u00e4iv\u00e4iseen k\u00e4ytt\u00f6\u00f6n - nopeana kiinteytt\u00e4v\u00e4n\u00e4 vaiheena puhdistuksen j\u00e4lkeen tai pikanaamiona.  T\u00e4rkeimm\u00e4t hy\u00f6dyt: PDRN (polydesoksiribonukleotidi):...<\/p>","protected":false},"featured_media":13653,"comment_status":"open","ping_status":"closed","template":"","meta":{"_uf_show_specific_survey":0,"_uf_disable_surveys":false,"_bst_post_transparent":"default","_bst_post_title":"","_bst_post_layout":"default","_bst_post_sidebar_id":"","_bst_post_content_style":"default","_bst_post_vertical_padding":"default","_bst_post_feature":"","_bst_post_feature_position":"","_bst_post_header":false,"_bst_post_footer":false},"pwb-brand":[490],"product_brand":[],"product_cat":[92,158],"product_tag":[721,789],"class_list":{"0":"post-13652","1":"product","2":"type-product","3":"status-publish","4":"has-post-thumbnail","6":"pwb-brand-medicube","7":"product_cat-nagu","8":"product_cat-toonik","9":"product_tag-medicube","10":"product_tag-pdrn","12":"first","13":"outofstock","14":"sale","15":"shipping-taxable","16":"purchasable","17":"product-type-simple","18":"entry","19":"content-bg","20":"loop-entry"},"supplier_id":null,"supplier_sku":"","barcode":null,"atum_controlled":true,"out_stock_date":"2026-02-28 15:21:31","out_stock_threshold":null,"inheritable":false,"inbound_stock":0,"stock_on_hold":0,"sold_today":0,"sales_last_days":0,"out_stock_days":44,"lost_sales":313,"has_location":false,"update_date":"2026-04-14T00:05:10","atum_locations":[],"atum_stock_status":"outofstock","restock_status":false,"low_stock_amount":"","sales_update_date":"2026-04-14T00:05:10","calc_backorders":null,"yoast_head":"<!-- This site is optimized with the Yoast SEO plugin v27.2 - https:\/\/yoast.com\/product\/yoast-seo-wordpress\/ -->\n<title>Medicube PDRN Collagen Toning Gel Toner Pad, 70 tk - IDA.KOREA<\/title>\n<meta name=\"description\" content=\"Medicube PDRN Collagen Toning Gel Toner Pad aitavad t\u00f5husalt parandada naha toonust, suurendada elastsust ning pakkuda s\u00fcgavat niisutust ja v\u00e4rskust\" \/>\n<meta name=\"robots\" content=\"index, follow, max-snippet:-1, max-image-preview:large, max-video-preview:-1\" \/>\n<link rel=\"canonical\" href=\"https:\/\/idakorea.ee\/fi\/product\/medicube-pdrn-collagen-toning-gel-toner-pad\/\" \/>\n<meta property=\"og:locale\" content=\"fi_FI\" \/>\n<meta property=\"og:type\" content=\"article\" \/>\n<meta property=\"og:title\" content=\"Medicube PDRN Collagen Toning Gel Toner Pad, 70 tk - IDA.KOREA\" \/>\n<meta property=\"og:description\" content=\"Medicube PDRN Collagen Toning Gel Toner Pad aitavad t\u00f5husalt parandada naha toonust, suurendada elastsust ning pakkuda s\u00fcgavat niisutust ja v\u00e4rskust\" \/>\n<meta property=\"og:url\" content=\"https:\/\/idakorea.ee\/fi\/product\/medicube-pdrn-collagen-toning-gel-toner-pad\/\" \/>\n<meta property=\"og:site_name\" content=\"IDA.KOREA\" \/>\n<meta property=\"article:modified_time\" content=\"2026-02-28T13:21:31+00:00\" \/>\n<meta property=\"og:image\" content=\"https:\/\/idakorea.ee\/wp-content\/uploads\/2025\/04\/medicubepdrnpinkcollagentoninggeltonerpad70-idakorea.webp\" \/>\n\t<meta property=\"og:image:width\" content=\"600\" \/>\n\t<meta property=\"og:image:height\" content=\"600\" \/>\n\t<meta property=\"og:image:type\" content=\"image\/webp\" \/>\n<meta name=\"twitter:card\" content=\"summary_large_image\" \/>\n<meta name=\"twitter:label1\" content=\"Arvioitu lukuaika\" \/>\n\t<meta name=\"twitter:data1\" content=\"2 minuuttia\" \/>\n<script type=\"application\/ld+json\" class=\"yoast-schema-graph\">{\"@context\":\"https:\/\/schema.org\",\"@graph\":[{\"@type\":\"WebPage\",\"@id\":\"https:\/\/idakorea.ee\/product\/medicube-pdrn-collagen-toning-gel-toner-pad\/\",\"url\":\"https:\/\/idakorea.ee\/product\/medicube-pdrn-collagen-toning-gel-toner-pad\/\",\"name\":\"Medicube PDRN Collagen Toning Gel Toner Pad, 70 tk - IDA.KOREA\",\"isPartOf\":{\"@id\":\"https:\/\/idakorea.ee\/#website\"},\"primaryImageOfPage\":{\"@id\":\"https:\/\/idakorea.ee\/product\/medicube-pdrn-collagen-toning-gel-toner-pad\/#primaryimage\"},\"image\":{\"@id\":\"https:\/\/idakorea.ee\/product\/medicube-pdrn-collagen-toning-gel-toner-pad\/#primaryimage\"},\"thumbnailUrl\":\"https:\/\/idakorea.ee\/wp-content\/uploads\/2025\/04\/medicubepdrnpinkcollagentoninggeltonerpad70-idakorea.webp\",\"datePublished\":\"2025-04-19T08:41:30+00:00\",\"dateModified\":\"2026-02-28T13:21:31+00:00\",\"description\":\"Medicube PDRN Collagen Toning Gel Toner Pad aitavad t\u00f5husalt parandada naha toonust, suurendada elastsust ning pakkuda s\u00fcgavat niisutust ja v\u00e4rskust\",\"breadcrumb\":{\"@id\":\"https:\/\/idakorea.ee\/product\/medicube-pdrn-collagen-toning-gel-toner-pad\/#breadcrumb\"},\"inLanguage\":\"fi\",\"potentialAction\":[{\"@type\":\"ReadAction\",\"target\":[\"https:\/\/idakorea.ee\/product\/medicube-pdrn-collagen-toning-gel-toner-pad\/\"]}]},{\"@type\":\"ImageObject\",\"inLanguage\":\"fi\",\"@id\":\"https:\/\/idakorea.ee\/product\/medicube-pdrn-collagen-toning-gel-toner-pad\/#primaryimage\",\"url\":\"https:\/\/idakorea.ee\/wp-content\/uploads\/2025\/04\/medicubepdrnpinkcollagentoninggeltonerpad70-idakorea.webp\",\"contentUrl\":\"https:\/\/idakorea.ee\/wp-content\/uploads\/2025\/04\/medicubepdrnpinkcollagentoninggeltonerpad70-idakorea.webp\",\"width\":600,\"height\":600},{\"@type\":\"BreadcrumbList\",\"@id\":\"https:\/\/idakorea.ee\/product\/medicube-pdrn-collagen-toning-gel-toner-pad\/#breadcrumb\",\"itemListElement\":[{\"@type\":\"ListItem\",\"position\":1,\"name\":\"\u0413\u043b\u0430\u0432\u043d\u0430\u044f \u0441\u0442\u0440\u0430\u043d\u0438\u0446\u0430\",\"item\":\"https:\/\/idakorea.ee\/\"},{\"@type\":\"ListItem\",\"position\":2,\"name\":\"Shop\",\"item\":\"https:\/\/idakorea.ee\/shop-2\/\"},{\"@type\":\"ListItem\",\"position\":3,\"name\":\"Geeljad toonikupadjad kollageeni ja PDRN-iga Medicube PDRN Collagen Toning Gel Toner Pad, 70 tk\"}]},{\"@type\":\"WebSite\",\"@id\":\"https:\/\/idakorea.ee\/#website\",\"url\":\"https:\/\/idakorea.ee\/\",\"name\":\"IDA.KOREA\",\"description\":\"Korea kosmeetika e-pood\",\"publisher\":{\"@id\":\"https:\/\/idakorea.ee\/#organization\"},\"alternateName\":\"Beauty Shop\",\"potentialAction\":[{\"@type\":\"SearchAction\",\"target\":{\"@type\":\"EntryPoint\",\"urlTemplate\":\"https:\/\/idakorea.ee\/?s={search_term_string}\"},\"query-input\":{\"@type\":\"PropertyValueSpecification\",\"valueRequired\":true,\"valueName\":\"search_term_string\"}}],\"inLanguage\":\"fi\"},{\"@type\":\"Organization\",\"@id\":\"https:\/\/idakorea.ee\/#organization\",\"name\":\"IDA.KOREA\",\"url\":\"https:\/\/idakorea.ee\/\",\"logo\":{\"@type\":\"ImageObject\",\"inLanguage\":\"fi\",\"@id\":\"https:\/\/idakorea.ee\/#\/schema\/logo\/image\/\",\"url\":\"https:\/\/idakorea.ee\/wp-content\/uploads\/2024\/05\/cropped-korea3.png\",\"contentUrl\":\"https:\/\/idakorea.ee\/wp-content\/uploads\/2024\/05\/cropped-korea3.png\",\"width\":688,\"height\":126,\"caption\":\"IDA.KOREA\"},\"image\":{\"@id\":\"https:\/\/idakorea.ee\/#\/schema\/logo\/image\/\"},\"sameAs\":[\"https:\/\/www.instagram.com\/ida.korea\/\"]}]}<\/script>\n<!-- \/ Yoast SEO plugin. -->","yoast_head_json":{"title":"Medicube PDRN Collagen Toning Gel Toner Pad, 70 kpl - IDA.KOREA","description":"Medicube PDRN Collagen Toning Gel Toner Pad auttaa tehokkaasti parantamaan ihon s\u00e4vy\u00e4, lis\u00e4\u00e4m\u00e4\u00e4n kimmoisuutta ja tarjoamaan syv\u00e4kosteutusta ja raikkauden tunnetta.","robots":{"index":"index","follow":"follow","max-snippet":"max-snippet:-1","max-image-preview":"max-image-preview:large","max-video-preview":"max-video-preview:-1"},"canonical":"https:\/\/idakorea.ee\/fi\/product\/medicube-pdrn-collagen-toning-gel-toner-pad\/","og_locale":"fi_FI","og_type":"article","og_title":"Medicube PDRN Collagen Toning Gel Toner Pad, 70 tk - IDA.KOREA","og_description":"Medicube PDRN Collagen Toning Gel Toner Pad aitavad t\u00f5husalt parandada naha toonust, suurendada elastsust ning pakkuda s\u00fcgavat niisutust ja v\u00e4rskust","og_url":"https:\/\/idakorea.ee\/fi\/product\/medicube-pdrn-collagen-toning-gel-toner-pad\/","og_site_name":"IDA.KOREA","article_modified_time":"2026-02-28T13:21:31+00:00","og_image":[{"width":600,"height":600,"url":"https:\/\/idakorea.ee\/wp-content\/uploads\/2025\/04\/medicubepdrnpinkcollagentoninggeltonerpad70-idakorea.webp","type":"image\/webp"}],"twitter_card":"summary_large_image","twitter_misc":{"Arvioitu lukuaika":"2 minuuttia"},"schema":{"@context":"https:\/\/schema.org","@graph":[{"@type":"WebPage","@id":"https:\/\/idakorea.ee\/product\/medicube-pdrn-collagen-toning-gel-toner-pad\/","url":"https:\/\/idakorea.ee\/product\/medicube-pdrn-collagen-toning-gel-toner-pad\/","name":"Medicube PDRN Collagen Toning Gel Toner Pad, 70 kpl - IDA.KOREA","isPartOf":{"@id":"https:\/\/idakorea.ee\/#website"},"primaryImageOfPage":{"@id":"https:\/\/idakorea.ee\/product\/medicube-pdrn-collagen-toning-gel-toner-pad\/#primaryimage"},"image":{"@id":"https:\/\/idakorea.ee\/product\/medicube-pdrn-collagen-toning-gel-toner-pad\/#primaryimage"},"thumbnailUrl":"https:\/\/idakorea.ee\/wp-content\/uploads\/2025\/04\/medicubepdrnpinkcollagentoninggeltonerpad70-idakorea.webp","datePublished":"2025-04-19T08:41:30+00:00","dateModified":"2026-02-28T13:21:31+00:00","description":"Medicube PDRN Collagen Toning Gel Toner Pad auttaa tehokkaasti parantamaan ihon s\u00e4vy\u00e4, lis\u00e4\u00e4m\u00e4\u00e4n kimmoisuutta ja tarjoamaan syv\u00e4kosteutusta ja raikkauden tunnetta.","breadcrumb":{"@id":"https:\/\/idakorea.ee\/product\/medicube-pdrn-collagen-toning-gel-toner-pad\/#breadcrumb"},"inLanguage":"fi","potentialAction":[{"@type":"ReadAction","target":["https:\/\/idakorea.ee\/product\/medicube-pdrn-collagen-toning-gel-toner-pad\/"]}]},{"@type":"ImageObject","inLanguage":"fi","@id":"https:\/\/idakorea.ee\/product\/medicube-pdrn-collagen-toning-gel-toner-pad\/#primaryimage","url":"https:\/\/idakorea.ee\/wp-content\/uploads\/2025\/04\/medicubepdrnpinkcollagentoninggeltonerpad70-idakorea.webp","contentUrl":"https:\/\/idakorea.ee\/wp-content\/uploads\/2025\/04\/medicubepdrnpinkcollagentoninggeltonerpad70-idakorea.webp","width":600,"height":600},{"@type":"BreadcrumbList","@id":"https:\/\/idakorea.ee\/product\/medicube-pdrn-collagen-toning-gel-toner-pad\/#breadcrumb","itemListElement":[{"@type":"ListItem","position":1,"name":"\u0413\u043b\u0430\u0432\u043d\u0430\u044f \u0441\u0442\u0440\u0430\u043d\u0438\u0446\u0430","item":"https:\/\/idakorea.ee\/"},{"@type":"ListItem","position":2,"name":"Shop","item":"https:\/\/idakorea.ee\/shop-2\/"},{"@type":"ListItem","position":3,"name":"Geeljad toonikupadjad kollageeni ja PDRN-iga Medicube PDRN Collagen Toning Gel Toner Pad, 70 tk"}]},{"@type":"WebSite","@id":"https:\/\/idakorea.ee\/#website","url":"https:\/\/idakorea.ee\/","name":"IDA.KOREA","description":"Korean kosmetiikan verkkokauppa","publisher":{"@id":"https:\/\/idakorea.ee\/#organization"},"alternateName":"Beauty Shop","potentialAction":[{"@type":"SearchAction","target":{"@type":"EntryPoint","urlTemplate":"https:\/\/idakorea.ee\/?s={search_term_string}"},"query-input":{"@type":"PropertyValueSpecification","valueRequired":true,"valueName":"search_term_string"}}],"inLanguage":"fi"},{"@type":"Organization","@id":"https:\/\/idakorea.ee\/#organization","name":"IDA.KOREA","url":"https:\/\/idakorea.ee\/","logo":{"@type":"ImageObject","inLanguage":"fi","@id":"https:\/\/idakorea.ee\/#\/schema\/logo\/image\/","url":"https:\/\/idakorea.ee\/wp-content\/uploads\/2024\/05\/cropped-korea3.png","contentUrl":"https:\/\/idakorea.ee\/wp-content\/uploads\/2024\/05\/cropped-korea3.png","width":688,"height":126,"caption":"IDA.KOREA"},"image":{"@id":"https:\/\/idakorea.ee\/#\/schema\/logo\/image\/"},"sameAs":["https:\/\/www.instagram.com\/ida.korea\/"]}]}},"jetpack_sharing_enabled":true,"brands":[{"id":490,"name":"MEDICUBE","slug":"medicube"}],"_links":{"self":[{"href":"https:\/\/idakorea.ee\/fi\/wp-json\/wp\/v2\/product\/13652","targetHints":{"allow":["GET"]}}],"collection":[{"href":"https:\/\/idakorea.ee\/fi\/wp-json\/wp\/v2\/product"}],"about":[{"href":"https:\/\/idakorea.ee\/fi\/wp-json\/wp\/v2\/types\/product"}],"replies":[{"embeddable":true,"href":"https:\/\/idakorea.ee\/fi\/wp-json\/wp\/v2\/comments?post=13652"}],"version-history":[{"count":1,"href":"https:\/\/idakorea.ee\/fi\/wp-json\/wp\/v2\/product\/13652\/revisions"}],"predecessor-version":[{"id":13656,"href":"https:\/\/idakorea.ee\/fi\/wp-json\/wp\/v2\/product\/13652\/revisions\/13656"}],"wp:featuredmedia":[{"embeddable":true,"href":"https:\/\/idakorea.ee\/fi\/wp-json\/wp\/v2\/media\/13653"}],"wp:attachment":[{"href":"https:\/\/idakorea.ee\/fi\/wp-json\/wp\/v2\/media?parent=13652"}],"wp:term":[{"taxonomy":"pwb-brand","embeddable":true,"href":"https:\/\/idakorea.ee\/fi\/wp-json\/wp\/v2\/pwb-brand?post=13652"},{"taxonomy":"product_brand","embeddable":true,"href":"https:\/\/idakorea.ee\/fi\/wp-json\/wp\/v2\/product_brand?post=13652"},{"taxonomy":"product_cat","embeddable":true,"href":"https:\/\/idakorea.ee\/fi\/wp-json\/wp\/v2\/product_cat?post=13652"},{"taxonomy":"product_tag","embeddable":true,"href":"https:\/\/idakorea.ee\/fi\/wp-json\/wp\/v2\/product_tag?post=13652"}],"curies":[{"name":"wp","href":"https:\/\/api.w.org\/{rel}","templated":true}]}}