{"id":13662,"date":"2025-04-20T17:39:15","date_gmt":"2025-04-20T15:39:15","guid":{"rendered":"https:\/\/idakorea.ee\/?post_type=product&#038;p=13662"},"modified":"2026-04-06T15:50:59","modified_gmt":"2026-04-06T13:50:59","slug":"vt-cosmetics-reedle-shot-ex-collagen-modeling-pack","status":"publish","type":"product","link":"https:\/\/idakorea.ee\/fi\/product\/vt-cosmetics-reedle-shot-ex-collagen-modeling-pack\/","title":{"rendered":"Alginaattinaamio VT Cosmetics Reedle Shot EX Collagen Modeling Pack, 25g"},"content":{"rendered":"<p class=\"\" data-start=\"118\" data-end=\"399\"><strong>SEE Cosmetics Reedle Shot EX -kollageenin muotoilupakkaus<\/strong>\u00a0on 2-in-1-pikahoito, joka parantaa ihon rakennetta: supistaa ihohuokosia, v\u00e4hent\u00e4\u00e4 punoitusta ja tulehdusta, silottaa ryppyj\u00e4 ja tasoittaa ihon s\u00e4vy\u00e4. Naamio on miellytt\u00e4v\u00e4n viilent\u00e4v\u00e4, levittyy tasaisesti ja on helppo poistaa kuivumisen j\u00e4lkeen.<\/p>\n<p class=\"\" data-start=\"401\" data-end=\"682\">Jokainen naamio sis\u00e4lt\u00e4\u00e4 mikrohiukkasten lis\u00e4ksi aktiivisia ainesosia, jotka suorittavat tiettyj\u00e4 toimintoja: parantavat ihon kimmoisuutta, rauhoittavat tulehdusta, kosteuttavat tai kirkastavat sit\u00e4. Tuote ei sis\u00e4ll\u00e4 keinotekoisia v\u00e4riaineita tai hajusteita - v\u00e4ri on per\u00e4isin luonnollisista ainesosista.<\/p>\n<p data-start=\"401\" data-end=\"682\"><strong data-start=\"684\" data-end=\"705\">T\u00e4rkein vaikuttava aine<\/strong>\u00a0on mikrohiukkasten kompleksi\u00a0<strong data-start=\"732\" data-end=\"747\">CicaReedle\u2122<\/strong>, joka ei ainoastaan kuori ihoa hell\u00e4varaisesti, vaan my\u00f6s kuljettaa aktiivisia ainesosia (kollageenia, centella-uutetta, hyaluronihappoa tai C-vitamiinia) syv\u00e4lle ihoon. CicaReedle\u2122 stimuloi solujen uusiutumista, tasoittaa ihon rakennetta, supistaa ihohuokosia ja v\u00e4hent\u00e4\u00e4 ryppyj\u00e4. Maitoeksosomit ravitsevat, pehment\u00e4v\u00e4t ja nopeuttavat uudistumista.<\/p>\n<p data-start=\"401\" data-end=\"682\"><strong>SEE Cosmetics Reedle Shot EX -kollageenin muotoilupakkaus<\/strong><br data-start=\"64\" data-end=\"67\" \/>Lis\u00e4\u00e4 ihon tiheytt\u00e4 ja kimmoisuutta, v\u00e4hent\u00e4\u00e4 ryppyjen n\u00e4kymist\u00e4, tekee ihosta sile\u00e4n ja kiinte\u00e4n. Antaa terveen s\u00e4vyn, kiinteytt\u00e4\u00e4 ja silottaa ihoa. Sis\u00e4lt\u00e4\u00e4 hydrolysoitua kollageenia, adenosiinia, trehaloosia ja punajuurijauhetta.<\/p>\n<p data-start=\"401\" data-end=\"682\"><strong data-start=\"2055\" data-end=\"2070\">K\u00e4ytt\u00f6:<\/strong><br data-start=\"2070\" data-end=\"2073\" \/>K\u00e4yt\u00e4 naamiota kasvojen pesun, kasvoveden ja seerumin levitt\u00e4misen j\u00e4lkeen. Lis\u00e4\u00e4 jauheeseen 6\u20137 ruokalusikallista vett\u00e4 ja sekoita tasaiseksi. Levit\u00e4 naamio kasvoillesi v\u00e4ltt\u00e4en silmien, nen\u00e4n ja huulten ymp\u00e4rist\u00f6\u00e4. 10\u201320 minuutin kuluttua, kun naamio on kuiva, poista se vet\u00e4m\u00e4ll\u00e4 sit\u00e4 varovasti reunasta. Viimeistele hoito kosteusvoiteella.<\/p>\n<p data-start=\"401\" data-end=\"682\">","protected":false},"excerpt":{"rendered":"<p>VT Cosmetics Reedle Shot EX Collagen Modeling Pack on 2-in-one-pikahoito, joka parantaa ihon koostumusta: supistaa ihohuokosia, v\u00e4hent\u00e4\u00e4 punoitusta ja tulehdusta, silottaa ryppyj\u00e4 ja tasoittaa ihon s\u00e4vy\u00e4. Naamio on miellytt\u00e4v\u00e4n viilent\u00e4v\u00e4, tasaisesti levittyv\u00e4 ja irtoaa helposti kuivuttuaan. Mikropartikkelien lis\u00e4ksi jokainen naamio sis\u00e4lt\u00e4\u00e4 aktiivisia ainesosia, jotka suorittavat tiettyj\u00e4 teht\u00e4vi\u00e4: parantavat ihon kimmoisuutta, rauhoittavat tulehduksia, kosteuttavat tai kirkastavat ihoa......<\/p>","protected":false},"featured_media":13663,"comment_status":"open","ping_status":"closed","template":"","meta":{"_uf_show_specific_survey":0,"_uf_disable_surveys":false,"_bst_post_transparent":"default","_bst_post_title":"","_bst_post_layout":"default","_bst_post_sidebar_id":"","_bst_post_content_style":"default","_bst_post_vertical_padding":"default","_bst_post_feature":"","_bst_post_feature_position":"","_bst_post_header":false,"_bst_post_footer":false},"pwb-brand":[493],"product_brand":[],"product_cat":[92,98],"product_tag":[517,624,462],"class_list":{"0":"post-13662","1":"product","2":"type-product","3":"status-publish","4":"has-post-thumbnail","6":"pwb-brand-vt","7":"product_cat-nagu","8":"product_cat-naomaskid","9":"product_tag-collagen","10":"product_tag-reedle","11":"product_tag-vt","13":"first","14":"instock","15":"sale","16":"shipping-taxable","17":"purchasable","18":"product-type-simple","19":"entry","20":"content-bg","21":"loop-entry"},"supplier_id":null,"supplier_sku":"","barcode":null,"atum_controlled":true,"out_stock_date":null,"out_stock_threshold":null,"inheritable":false,"inbound_stock":0,"stock_on_hold":0,"sold_today":0,"sales_last_days":1,"out_stock_days":0,"lost_sales":0,"has_location":false,"update_date":"2026-04-14T00:05:11","atum_locations":[],"atum_stock_status":"instock","restock_status":false,"low_stock_amount":"","sales_update_date":"2026-04-14T00:05:11","calc_backorders":null,"yoast_head":"<!-- This site is optimized with the Yoast SEO plugin v27.2 - https:\/\/yoast.com\/product\/yoast-seo-wordpress\/ -->\n<title>VT Cosmetics Reedle Shot EX Collagen Modeling Pack, 25g - IDA.KOREA<\/title>\n<meta name=\"description\" content=\"VT Cosmetics Reedle Shot EX Collagen Modeling PackSuurendab naha tihedust ja elastsust, v\u00e4hendab kortsude n\u00e4htavust, muudab naha siledaks ja tihedaks.\" \/>\n<meta name=\"robots\" content=\"index, follow, max-snippet:-1, max-image-preview:large, max-video-preview:-1\" \/>\n<link rel=\"canonical\" href=\"https:\/\/idakorea.ee\/fi\/product\/vt-cosmetics-reedle-shot-ex-collagen-modeling-pack\/\" \/>\n<meta property=\"og:locale\" content=\"fi_FI\" \/>\n<meta property=\"og:type\" content=\"article\" \/>\n<meta property=\"og:title\" content=\"VT Cosmetics Reedle Shot EX Collagen Modeling Pack, 25g - IDA.KOREA\" \/>\n<meta property=\"og:description\" content=\"VT Cosmetics Reedle Shot EX Collagen Modeling PackSuurendab naha tihedust ja elastsust, v\u00e4hendab kortsude n\u00e4htavust, muudab naha siledaks ja tihedaks.\" \/>\n<meta property=\"og:url\" content=\"https:\/\/idakorea.ee\/fi\/product\/vt-cosmetics-reedle-shot-ex-collagen-modeling-pack\/\" \/>\n<meta property=\"og:site_name\" content=\"IDA.KOREA\" \/>\n<meta property=\"article:modified_time\" content=\"2026-04-06T13:50:59+00:00\" \/>\n<meta property=\"og:image\" content=\"https:\/\/idakorea.ee\/wp-content\/uploads\/2025\/04\/vt-cosmetics_-reedle-shot-ex-collagen-modeling-pack-idakorea.jpg\" \/>\n\t<meta property=\"og:image:width\" content=\"1000\" \/>\n\t<meta property=\"og:image:height\" content=\"1000\" \/>\n\t<meta property=\"og:image:type\" content=\"image\/jpeg\" \/>\n<meta name=\"twitter:card\" content=\"summary_large_image\" \/>\n<meta name=\"twitter:label1\" content=\"Arvioitu lukuaika\" \/>\n\t<meta name=\"twitter:data1\" content=\"2 minuuttia\" \/>\n<script type=\"application\/ld+json\" class=\"yoast-schema-graph\">{\"@context\":\"https:\/\/schema.org\",\"@graph\":[{\"@type\":\"WebPage\",\"@id\":\"https:\/\/idakorea.ee\/product\/vt-cosmetics-reedle-shot-ex-collagen-modeling-pack\/\",\"url\":\"https:\/\/idakorea.ee\/product\/vt-cosmetics-reedle-shot-ex-collagen-modeling-pack\/\",\"name\":\"VT Cosmetics Reedle Shot EX Collagen Modeling Pack, 25g - IDA.KOREA\",\"isPartOf\":{\"@id\":\"https:\/\/idakorea.ee\/#website\"},\"primaryImageOfPage\":{\"@id\":\"https:\/\/idakorea.ee\/product\/vt-cosmetics-reedle-shot-ex-collagen-modeling-pack\/#primaryimage\"},\"image\":{\"@id\":\"https:\/\/idakorea.ee\/product\/vt-cosmetics-reedle-shot-ex-collagen-modeling-pack\/#primaryimage\"},\"thumbnailUrl\":\"https:\/\/idakorea.ee\/wp-content\/uploads\/2025\/04\/vt-cosmetics_-reedle-shot-ex-collagen-modeling-pack-idakorea.jpg\",\"datePublished\":\"2025-04-20T15:39:15+00:00\",\"dateModified\":\"2026-04-06T13:50:59+00:00\",\"description\":\"VT Cosmetics Reedle Shot EX Collagen Modeling PackSuurendab naha tihedust ja elastsust, v\u00e4hendab kortsude n\u00e4htavust, muudab naha siledaks ja tihedaks.\",\"breadcrumb\":{\"@id\":\"https:\/\/idakorea.ee\/product\/vt-cosmetics-reedle-shot-ex-collagen-modeling-pack\/#breadcrumb\"},\"inLanguage\":\"fi\",\"potentialAction\":[{\"@type\":\"ReadAction\",\"target\":[\"https:\/\/idakorea.ee\/product\/vt-cosmetics-reedle-shot-ex-collagen-modeling-pack\/\"]}]},{\"@type\":\"ImageObject\",\"inLanguage\":\"fi\",\"@id\":\"https:\/\/idakorea.ee\/product\/vt-cosmetics-reedle-shot-ex-collagen-modeling-pack\/#primaryimage\",\"url\":\"https:\/\/idakorea.ee\/wp-content\/uploads\/2025\/04\/vt-cosmetics_-reedle-shot-ex-collagen-modeling-pack-idakorea.jpg\",\"contentUrl\":\"https:\/\/idakorea.ee\/wp-content\/uploads\/2025\/04\/vt-cosmetics_-reedle-shot-ex-collagen-modeling-pack-idakorea.jpg\",\"width\":1000,\"height\":1000},{\"@type\":\"BreadcrumbList\",\"@id\":\"https:\/\/idakorea.ee\/product\/vt-cosmetics-reedle-shot-ex-collagen-modeling-pack\/#breadcrumb\",\"itemListElement\":[{\"@type\":\"ListItem\",\"position\":1,\"name\":\"\u0413\u043b\u0430\u0432\u043d\u0430\u044f \u0441\u0442\u0440\u0430\u043d\u0438\u0446\u0430\",\"item\":\"https:\/\/idakorea.ee\/\"},{\"@type\":\"ListItem\",\"position\":2,\"name\":\"Shop\",\"item\":\"https:\/\/idakorea.ee\/shop-2\/\"},{\"@type\":\"ListItem\",\"position\":3,\"name\":\"Alginaatmask VT Cosmetics Reedle Shot EX Collagen Modeling Pack, 25g\"}]},{\"@type\":\"WebSite\",\"@id\":\"https:\/\/idakorea.ee\/#website\",\"url\":\"https:\/\/idakorea.ee\/\",\"name\":\"IDA.KOREA\",\"description\":\"Korea kosmeetika e-pood\",\"publisher\":{\"@id\":\"https:\/\/idakorea.ee\/#organization\"},\"alternateName\":\"Beauty Shop\",\"potentialAction\":[{\"@type\":\"SearchAction\",\"target\":{\"@type\":\"EntryPoint\",\"urlTemplate\":\"https:\/\/idakorea.ee\/?s={search_term_string}\"},\"query-input\":{\"@type\":\"PropertyValueSpecification\",\"valueRequired\":true,\"valueName\":\"search_term_string\"}}],\"inLanguage\":\"fi\"},{\"@type\":\"Organization\",\"@id\":\"https:\/\/idakorea.ee\/#organization\",\"name\":\"IDA.KOREA\",\"url\":\"https:\/\/idakorea.ee\/\",\"logo\":{\"@type\":\"ImageObject\",\"inLanguage\":\"fi\",\"@id\":\"https:\/\/idakorea.ee\/#\/schema\/logo\/image\/\",\"url\":\"https:\/\/idakorea.ee\/wp-content\/uploads\/2024\/05\/cropped-korea3.png\",\"contentUrl\":\"https:\/\/idakorea.ee\/wp-content\/uploads\/2024\/05\/cropped-korea3.png\",\"width\":688,\"height\":126,\"caption\":\"IDA.KOREA\"},\"image\":{\"@id\":\"https:\/\/idakorea.ee\/#\/schema\/logo\/image\/\"},\"sameAs\":[\"https:\/\/www.instagram.com\/ida.korea\/\"]}]}<\/script>\n<!-- \/ Yoast SEO plugin. -->","yoast_head_json":{"title":"VT Cosmetics Reedle Shot EX kollageenin mallinnuspakkaus, 25g - IDA.KOREA","description":"VT Cosmetics Reedle Shot EX kollageenin mallinnuspakkaus Lis\u00e4\u00e4 ihon tiheytt\u00e4 ja kimmoisuutta, v\u00e4hent\u00e4\u00e4 ryppyjen n\u00e4kymist\u00e4 ja tekee ihosta sile\u00e4n ja kiinte\u00e4n.","robots":{"index":"index","follow":"follow","max-snippet":"max-snippet:-1","max-image-preview":"max-image-preview:large","max-video-preview":"max-video-preview:-1"},"canonical":"https:\/\/idakorea.ee\/fi\/product\/vt-cosmetics-reedle-shot-ex-collagen-modeling-pack\/","og_locale":"fi_FI","og_type":"article","og_title":"VT Cosmetics Reedle Shot EX Collagen Modeling Pack, 25g - IDA.KOREA","og_description":"VT Cosmetics Reedle Shot EX Collagen Modeling PackSuurendab naha tihedust ja elastsust, v\u00e4hendab kortsude n\u00e4htavust, muudab naha siledaks ja tihedaks.","og_url":"https:\/\/idakorea.ee\/fi\/product\/vt-cosmetics-reedle-shot-ex-collagen-modeling-pack\/","og_site_name":"IDA.KOREA","article_modified_time":"2026-04-06T13:50:59+00:00","og_image":[{"width":1000,"height":1000,"url":"https:\/\/idakorea.ee\/wp-content\/uploads\/2025\/04\/vt-cosmetics_-reedle-shot-ex-collagen-modeling-pack-idakorea.jpg","type":"image\/jpeg"}],"twitter_card":"summary_large_image","twitter_misc":{"Arvioitu lukuaika":"2 minuuttia"},"schema":{"@context":"https:\/\/schema.org","@graph":[{"@type":"WebPage","@id":"https:\/\/idakorea.ee\/product\/vt-cosmetics-reedle-shot-ex-collagen-modeling-pack\/","url":"https:\/\/idakorea.ee\/product\/vt-cosmetics-reedle-shot-ex-collagen-modeling-pack\/","name":"VT Cosmetics Reedle Shot EX kollageenin mallinnuspakkaus, 25g - IDA.KOREA","isPartOf":{"@id":"https:\/\/idakorea.ee\/#website"},"primaryImageOfPage":{"@id":"https:\/\/idakorea.ee\/product\/vt-cosmetics-reedle-shot-ex-collagen-modeling-pack\/#primaryimage"},"image":{"@id":"https:\/\/idakorea.ee\/product\/vt-cosmetics-reedle-shot-ex-collagen-modeling-pack\/#primaryimage"},"thumbnailUrl":"https:\/\/idakorea.ee\/wp-content\/uploads\/2025\/04\/vt-cosmetics_-reedle-shot-ex-collagen-modeling-pack-idakorea.jpg","datePublished":"2025-04-20T15:39:15+00:00","dateModified":"2026-04-06T13:50:59+00:00","description":"VT Cosmetics Reedle Shot EX kollageenin mallinnuspakkaus Lis\u00e4\u00e4 ihon tiheytt\u00e4 ja kimmoisuutta, v\u00e4hent\u00e4\u00e4 ryppyjen n\u00e4kymist\u00e4 ja tekee ihosta sile\u00e4n ja kiinte\u00e4n.","breadcrumb":{"@id":"https:\/\/idakorea.ee\/product\/vt-cosmetics-reedle-shot-ex-collagen-modeling-pack\/#breadcrumb"},"inLanguage":"fi","potentialAction":[{"@type":"ReadAction","target":["https:\/\/idakorea.ee\/product\/vt-cosmetics-reedle-shot-ex-collagen-modeling-pack\/"]}]},{"@type":"ImageObject","inLanguage":"fi","@id":"https:\/\/idakorea.ee\/product\/vt-cosmetics-reedle-shot-ex-collagen-modeling-pack\/#primaryimage","url":"https:\/\/idakorea.ee\/wp-content\/uploads\/2025\/04\/vt-cosmetics_-reedle-shot-ex-collagen-modeling-pack-idakorea.jpg","contentUrl":"https:\/\/idakorea.ee\/wp-content\/uploads\/2025\/04\/vt-cosmetics_-reedle-shot-ex-collagen-modeling-pack-idakorea.jpg","width":1000,"height":1000},{"@type":"BreadcrumbList","@id":"https:\/\/idakorea.ee\/product\/vt-cosmetics-reedle-shot-ex-collagen-modeling-pack\/#breadcrumb","itemListElement":[{"@type":"ListItem","position":1,"name":"\u0413\u043b\u0430\u0432\u043d\u0430\u044f \u0441\u0442\u0440\u0430\u043d\u0438\u0446\u0430","item":"https:\/\/idakorea.ee\/"},{"@type":"ListItem","position":2,"name":"Shop","item":"https:\/\/idakorea.ee\/shop-2\/"},{"@type":"ListItem","position":3,"name":"Alginaatmask VT Cosmetics Reedle Shot EX Collagen Modeling Pack, 25g"}]},{"@type":"WebSite","@id":"https:\/\/idakorea.ee\/#website","url":"https:\/\/idakorea.ee\/","name":"IDA.KOREA","description":"Korean kosmetiikan verkkokauppa","publisher":{"@id":"https:\/\/idakorea.ee\/#organization"},"alternateName":"Beauty Shop","potentialAction":[{"@type":"SearchAction","target":{"@type":"EntryPoint","urlTemplate":"https:\/\/idakorea.ee\/?s={search_term_string}"},"query-input":{"@type":"PropertyValueSpecification","valueRequired":true,"valueName":"search_term_string"}}],"inLanguage":"fi"},{"@type":"Organization","@id":"https:\/\/idakorea.ee\/#organization","name":"IDA.KOREA","url":"https:\/\/idakorea.ee\/","logo":{"@type":"ImageObject","inLanguage":"fi","@id":"https:\/\/idakorea.ee\/#\/schema\/logo\/image\/","url":"https:\/\/idakorea.ee\/wp-content\/uploads\/2024\/05\/cropped-korea3.png","contentUrl":"https:\/\/idakorea.ee\/wp-content\/uploads\/2024\/05\/cropped-korea3.png","width":688,"height":126,"caption":"IDA.KOREA"},"image":{"@id":"https:\/\/idakorea.ee\/#\/schema\/logo\/image\/"},"sameAs":["https:\/\/www.instagram.com\/ida.korea\/"]}]}},"jetpack_sharing_enabled":true,"brands":[{"id":493,"name":"VT COSMETICS","slug":"vt"}],"_links":{"self":[{"href":"https:\/\/idakorea.ee\/fi\/wp-json\/wp\/v2\/product\/13662","targetHints":{"allow":["GET"]}}],"collection":[{"href":"https:\/\/idakorea.ee\/fi\/wp-json\/wp\/v2\/product"}],"about":[{"href":"https:\/\/idakorea.ee\/fi\/wp-json\/wp\/v2\/types\/product"}],"replies":[{"embeddable":true,"href":"https:\/\/idakorea.ee\/fi\/wp-json\/wp\/v2\/comments?post=13662"}],"version-history":[{"count":2,"href":"https:\/\/idakorea.ee\/fi\/wp-json\/wp\/v2\/product\/13662\/revisions"}],"predecessor-version":[{"id":13953,"href":"https:\/\/idakorea.ee\/fi\/wp-json\/wp\/v2\/product\/13662\/revisions\/13953"}],"wp:featuredmedia":[{"embeddable":true,"href":"https:\/\/idakorea.ee\/fi\/wp-json\/wp\/v2\/media\/13663"}],"wp:attachment":[{"href":"https:\/\/idakorea.ee\/fi\/wp-json\/wp\/v2\/media?parent=13662"}],"wp:term":[{"taxonomy":"pwb-brand","embeddable":true,"href":"https:\/\/idakorea.ee\/fi\/wp-json\/wp\/v2\/pwb-brand?post=13662"},{"taxonomy":"product_brand","embeddable":true,"href":"https:\/\/idakorea.ee\/fi\/wp-json\/wp\/v2\/product_brand?post=13662"},{"taxonomy":"product_cat","embeddable":true,"href":"https:\/\/idakorea.ee\/fi\/wp-json\/wp\/v2\/product_cat?post=13662"},{"taxonomy":"product_tag","embeddable":true,"href":"https:\/\/idakorea.ee\/fi\/wp-json\/wp\/v2\/product_tag?post=13662"}],"curies":[{"name":"wp","href":"https:\/\/api.w.org\/{rel}","templated":true}]}}