{"id":13691,"date":"2025-04-21T13:57:12","date_gmt":"2025-04-21T11:57:12","guid":{"rendered":"https:\/\/idakorea.ee\/?post_type=product&#038;p=13691"},"modified":"2026-01-30T10:13:10","modified_gmt":"2026-01-30T08:13:10","slug":"prreti-real-water-eye-zone-patch-30tk","status":"publish","type":"product","link":"https:\/\/idakorea.ee\/fi\/product\/prreti-real-water-eye-zone-patch-30tk\/","title":{"rendered":"Kankaiset silm\u00e4laput Prret Real Water Eye Zone Patch, 30kpl"},"content":{"rendered":"<p><strong>Prretin todellinen vesi silm\u00e4nymp\u00e4rysiholle tarkoitettu laastari<\/strong> on tehokkaasti kosteuttava hoitotuote silm\u00e4nymp\u00e4rysiholle.<\/p>\n<p>J\u00e4\u00e4tikk\u00f6vett\u00e4 sis\u00e4lt\u00e4v\u00e4t silm\u00e4nymp\u00e4ryslaput kosteuttavat ja elvytt\u00e4v\u00e4t v\u00e4synytt\u00e4 ihoa.<\/p>\n<p>Kevyesti vedyll\u00e4 rikastetut Alaskan j\u00e4\u00e4tikk\u00f6vesimolekyylit auttavat kiihdytt\u00e4m\u00e4\u00e4n biokemiallisia prosesseja ihmiskehossa. J\u00e4\u00e4tikk\u00f6vesi lukitsee kosteuden ihoon est\u00e4en sen haihtumisen p\u00e4iv\u00e4n aikana ja suojaten ihoa kuivumiselta, hilseilylt\u00e4 ja kireyden tunteelta.<\/p>\n<p>&nbsp;<\/p>\n<p><strong>K\u00e4ytt\u00f6:<\/strong><br \/>\nPuhdistettuasi ihon, ota tyynyt pakkauksesta ja aseta ne silm\u00e4nymp\u00e4rysiholle.<\/p>\n<p>&nbsp;<\/p>","protected":false},"excerpt":{"rendered":"<p>Prret's Real Water Eye Zone Patch on intensiivisesti kosteuttava hoito silm\u00e4nymp\u00e4rysiholle. J\u00e4\u00e4tikk\u00f6vett\u00e4 sis\u00e4lt\u00e4v\u00e4t silm\u00e4laastarit kosteuttavat ja elvytt\u00e4v\u00e4t v\u00e4synytt\u00e4 ihoa. Kevyesti hydratut Alaskan j\u00e4\u00e4tikk\u00f6veden molekyylit auttavat nopeuttamaan biokemiallisia prosesseja ihmiskehossa. J\u00e4\u00e4tikk\u00f6vesi sitoo kosteuden ihoon, est\u00e4\u00e4 sen haihtumisen p\u00e4iv\u00e4n aikana ja suojaa kuivuudelta, hilseilylt\u00e4 ja vet\u00e4v\u00e4lt\u00e4 tunteelta.   K\u00e4yt\u00e4.<\/p>","protected":false},"featured_media":13692,"comment_status":"open","ping_status":"closed","template":"","meta":{"_uf_show_specific_survey":0,"_uf_disable_surveys":false,"_bst_post_transparent":"default","_bst_post_title":"","_bst_post_layout":"default","_bst_post_sidebar_id":"","_bst_post_content_style":"default","_bst_post_vertical_padding":"default","_bst_post_feature":"","_bst_post_feature_position":"","_bst_post_header":false,"_bst_post_footer":false},"pwb-brand":[865],"product_brand":[],"product_cat":[92,385],"product_tag":[],"class_list":{"0":"post-13691","1":"product","2":"type-product","3":"status-publish","4":"has-post-thumbnail","6":"pwb-brand-prreti","7":"product_cat-nagu","8":"product_cat-silmapadjad","10":"first","11":"instock","12":"sale","13":"shipping-taxable","14":"purchasable","15":"product-type-simple","16":"entry","17":"content-bg","18":"loop-entry"},"supplier_id":null,"supplier_sku":"","barcode":null,"atum_controlled":true,"out_stock_date":null,"out_stock_threshold":null,"inheritable":false,"inbound_stock":0,"stock_on_hold":0,"sold_today":0,"sales_last_days":0,"out_stock_days":0,"lost_sales":0,"has_location":false,"update_date":"2026-04-14T00:05:04","atum_locations":[],"atum_stock_status":"instock","restock_status":false,"low_stock_amount":"","sales_update_date":"2026-04-14T00:05:04","calc_backorders":null,"yoast_head":"<!-- This site is optimized with the Yoast SEO plugin v27.2 - https:\/\/yoast.com\/product\/yoast-seo-wordpress\/ -->\n<title>Prreti Real Water Eye Zone Patch, 30tk - IDA.KOREA<\/title>\n<meta name=\"description\" content=\"Prreti Real Water Eye Zone Patch on intensiivselt niisutav hooldusvahend silma\u00fcmbruse naha jaoks. Tasuta tarne Eesti piires al. 45\u20ac\" \/>\n<meta name=\"robots\" content=\"index, follow, max-snippet:-1, max-image-preview:large, max-video-preview:-1\" \/>\n<link rel=\"canonical\" href=\"https:\/\/idakorea.ee\/fi\/product\/prreti-real-water-eye-zone-patch-30tk\/\" \/>\n<meta property=\"og:locale\" content=\"fi_FI\" \/>\n<meta property=\"og:type\" content=\"article\" \/>\n<meta property=\"og:title\" content=\"Prreti Real Water Eye Zone Patch, 30tk - IDA.KOREA\" \/>\n<meta property=\"og:description\" content=\"Prreti Real Water Eye Zone Patch on intensiivselt niisutav hooldusvahend silma\u00fcmbruse naha jaoks. Tasuta tarne Eesti piires al. 45\u20ac\" \/>\n<meta property=\"og:url\" content=\"https:\/\/idakorea.ee\/fi\/product\/prreti-real-water-eye-zone-patch-30tk\/\" \/>\n<meta property=\"og:site_name\" content=\"IDA.KOREA\" \/>\n<meta property=\"article:modified_time\" content=\"2026-01-30T08:13:10+00:00\" \/>\n<meta property=\"og:image\" content=\"https:\/\/idakorea.ee\/wp-content\/uploads\/2025\/04\/real-water-eye-patches-idakorea.jpg\" \/>\n\t<meta property=\"og:image:width\" content=\"800\" \/>\n\t<meta property=\"og:image:height\" content=\"800\" \/>\n\t<meta property=\"og:image:type\" content=\"image\/jpeg\" \/>\n<meta name=\"twitter:card\" content=\"summary_large_image\" \/>\n<meta name=\"twitter:label1\" content=\"Arvioitu lukuaika\" \/>\n\t<meta name=\"twitter:data1\" content=\"1 minuutti\" \/>\n<script type=\"application\/ld+json\" class=\"yoast-schema-graph\">{\"@context\":\"https:\/\/schema.org\",\"@graph\":[{\"@type\":\"WebPage\",\"@id\":\"https:\/\/idakorea.ee\/product\/prreti-real-water-eye-zone-patch-30tk\/\",\"url\":\"https:\/\/idakorea.ee\/product\/prreti-real-water-eye-zone-patch-30tk\/\",\"name\":\"Prreti Real Water Eye Zone Patch, 30tk - IDA.KOREA\",\"isPartOf\":{\"@id\":\"https:\/\/idakorea.ee\/#website\"},\"primaryImageOfPage\":{\"@id\":\"https:\/\/idakorea.ee\/product\/prreti-real-water-eye-zone-patch-30tk\/#primaryimage\"},\"image\":{\"@id\":\"https:\/\/idakorea.ee\/product\/prreti-real-water-eye-zone-patch-30tk\/#primaryimage\"},\"thumbnailUrl\":\"https:\/\/idakorea.ee\/wp-content\/uploads\/2025\/04\/real-water-eye-patches-idakorea.jpg\",\"datePublished\":\"2025-04-21T11:57:12+00:00\",\"dateModified\":\"2026-01-30T08:13:10+00:00\",\"description\":\"Prreti Real Water Eye Zone Patch on intensiivselt niisutav hooldusvahend silma\u00fcmbruse naha jaoks. Tasuta tarne Eesti piires al. 45\u20ac\",\"breadcrumb\":{\"@id\":\"https:\/\/idakorea.ee\/product\/prreti-real-water-eye-zone-patch-30tk\/#breadcrumb\"},\"inLanguage\":\"fi\",\"potentialAction\":[{\"@type\":\"ReadAction\",\"target\":[\"https:\/\/idakorea.ee\/product\/prreti-real-water-eye-zone-patch-30tk\/\"]}]},{\"@type\":\"ImageObject\",\"inLanguage\":\"fi\",\"@id\":\"https:\/\/idakorea.ee\/product\/prreti-real-water-eye-zone-patch-30tk\/#primaryimage\",\"url\":\"https:\/\/idakorea.ee\/wp-content\/uploads\/2025\/04\/real-water-eye-patches-idakorea.jpg\",\"contentUrl\":\"https:\/\/idakorea.ee\/wp-content\/uploads\/2025\/04\/real-water-eye-patches-idakorea.jpg\",\"width\":800,\"height\":800},{\"@type\":\"BreadcrumbList\",\"@id\":\"https:\/\/idakorea.ee\/product\/prreti-real-water-eye-zone-patch-30tk\/#breadcrumb\",\"itemListElement\":[{\"@type\":\"ListItem\",\"position\":1,\"name\":\"\u0413\u043b\u0430\u0432\u043d\u0430\u044f \u0441\u0442\u0440\u0430\u043d\u0438\u0446\u0430\",\"item\":\"https:\/\/idakorea.ee\/\"},{\"@type\":\"ListItem\",\"position\":2,\"name\":\"Shop\",\"item\":\"https:\/\/idakorea.ee\/shop-2\/\"},{\"@type\":\"ListItem\",\"position\":3,\"name\":\"Kangas silmapadjad Prreti Real Water Eye Zone Patch, 30tk\"}]},{\"@type\":\"WebSite\",\"@id\":\"https:\/\/idakorea.ee\/#website\",\"url\":\"https:\/\/idakorea.ee\/\",\"name\":\"IDA.KOREA\",\"description\":\"Korea kosmeetika e-pood\",\"publisher\":{\"@id\":\"https:\/\/idakorea.ee\/#organization\"},\"alternateName\":\"Beauty Shop\",\"potentialAction\":[{\"@type\":\"SearchAction\",\"target\":{\"@type\":\"EntryPoint\",\"urlTemplate\":\"https:\/\/idakorea.ee\/?s={search_term_string}\"},\"query-input\":{\"@type\":\"PropertyValueSpecification\",\"valueRequired\":true,\"valueName\":\"search_term_string\"}}],\"inLanguage\":\"fi\"},{\"@type\":\"Organization\",\"@id\":\"https:\/\/idakorea.ee\/#organization\",\"name\":\"IDA.KOREA\",\"url\":\"https:\/\/idakorea.ee\/\",\"logo\":{\"@type\":\"ImageObject\",\"inLanguage\":\"fi\",\"@id\":\"https:\/\/idakorea.ee\/#\/schema\/logo\/image\/\",\"url\":\"https:\/\/idakorea.ee\/wp-content\/uploads\/2024\/05\/cropped-korea3.png\",\"contentUrl\":\"https:\/\/idakorea.ee\/wp-content\/uploads\/2024\/05\/cropped-korea3.png\",\"width\":688,\"height\":126,\"caption\":\"IDA.KOREA\"},\"image\":{\"@id\":\"https:\/\/idakorea.ee\/#\/schema\/logo\/image\/\"},\"sameAs\":[\"https:\/\/www.instagram.com\/ida.korea\/\"]}]}<\/script>\n<!-- \/ Yoast SEO plugin. -->","yoast_head_json":{"title":"Prreti Real Water -silm\u00e4nymp\u00e4ryslaastarit, 30 kpl - IDA.KOREA","description":"Prreti Real Water Eye Zone Patch on tehokkaasti kosteuttava hoitotuote silm\u00e4nymp\u00e4rysiholle. Ilmainen toimitus Virossa yli 45 \u20ac tilauksiin.","robots":{"index":"index","follow":"follow","max-snippet":"max-snippet:-1","max-image-preview":"max-image-preview:large","max-video-preview":"max-video-preview:-1"},"canonical":"https:\/\/idakorea.ee\/fi\/product\/prreti-real-water-eye-zone-patch-30tk\/","og_locale":"fi_FI","og_type":"article","og_title":"Prreti Real Water Eye Zone Patch, 30tk - IDA.KOREA","og_description":"Prreti Real Water Eye Zone Patch on intensiivselt niisutav hooldusvahend silma\u00fcmbruse naha jaoks. Tasuta tarne Eesti piires al. 45\u20ac","og_url":"https:\/\/idakorea.ee\/fi\/product\/prreti-real-water-eye-zone-patch-30tk\/","og_site_name":"IDA.KOREA","article_modified_time":"2026-01-30T08:13:10+00:00","og_image":[{"width":800,"height":800,"url":"https:\/\/idakorea.ee\/wp-content\/uploads\/2025\/04\/real-water-eye-patches-idakorea.jpg","type":"image\/jpeg"}],"twitter_card":"summary_large_image","twitter_misc":{"Arvioitu lukuaika":"1 minuutti"},"schema":{"@context":"https:\/\/schema.org","@graph":[{"@type":"WebPage","@id":"https:\/\/idakorea.ee\/product\/prreti-real-water-eye-zone-patch-30tk\/","url":"https:\/\/idakorea.ee\/product\/prreti-real-water-eye-zone-patch-30tk\/","name":"Prreti Real Water -silm\u00e4nymp\u00e4ryslaastarit, 30 kpl - IDA.KOREA","isPartOf":{"@id":"https:\/\/idakorea.ee\/#website"},"primaryImageOfPage":{"@id":"https:\/\/idakorea.ee\/product\/prreti-real-water-eye-zone-patch-30tk\/#primaryimage"},"image":{"@id":"https:\/\/idakorea.ee\/product\/prreti-real-water-eye-zone-patch-30tk\/#primaryimage"},"thumbnailUrl":"https:\/\/idakorea.ee\/wp-content\/uploads\/2025\/04\/real-water-eye-patches-idakorea.jpg","datePublished":"2025-04-21T11:57:12+00:00","dateModified":"2026-01-30T08:13:10+00:00","description":"Prreti Real Water Eye Zone Patch on tehokkaasti kosteuttava hoitotuote silm\u00e4nymp\u00e4rysiholle. Ilmainen toimitus Virossa yli 45 \u20ac tilauksiin.","breadcrumb":{"@id":"https:\/\/idakorea.ee\/product\/prreti-real-water-eye-zone-patch-30tk\/#breadcrumb"},"inLanguage":"fi","potentialAction":[{"@type":"ReadAction","target":["https:\/\/idakorea.ee\/product\/prreti-real-water-eye-zone-patch-30tk\/"]}]},{"@type":"ImageObject","inLanguage":"fi","@id":"https:\/\/idakorea.ee\/product\/prreti-real-water-eye-zone-patch-30tk\/#primaryimage","url":"https:\/\/idakorea.ee\/wp-content\/uploads\/2025\/04\/real-water-eye-patches-idakorea.jpg","contentUrl":"https:\/\/idakorea.ee\/wp-content\/uploads\/2025\/04\/real-water-eye-patches-idakorea.jpg","width":800,"height":800},{"@type":"BreadcrumbList","@id":"https:\/\/idakorea.ee\/product\/prreti-real-water-eye-zone-patch-30tk\/#breadcrumb","itemListElement":[{"@type":"ListItem","position":1,"name":"\u0413\u043b\u0430\u0432\u043d\u0430\u044f \u0441\u0442\u0440\u0430\u043d\u0438\u0446\u0430","item":"https:\/\/idakorea.ee\/"},{"@type":"ListItem","position":2,"name":"Shop","item":"https:\/\/idakorea.ee\/shop-2\/"},{"@type":"ListItem","position":3,"name":"Kangas silmapadjad Prreti Real Water Eye Zone Patch, 30tk"}]},{"@type":"WebSite","@id":"https:\/\/idakorea.ee\/#website","url":"https:\/\/idakorea.ee\/","name":"IDA.KOREA","description":"Korean kosmetiikan verkkokauppa","publisher":{"@id":"https:\/\/idakorea.ee\/#organization"},"alternateName":"Beauty Shop","potentialAction":[{"@type":"SearchAction","target":{"@type":"EntryPoint","urlTemplate":"https:\/\/idakorea.ee\/?s={search_term_string}"},"query-input":{"@type":"PropertyValueSpecification","valueRequired":true,"valueName":"search_term_string"}}],"inLanguage":"fi"},{"@type":"Organization","@id":"https:\/\/idakorea.ee\/#organization","name":"IDA.KOREA","url":"https:\/\/idakorea.ee\/","logo":{"@type":"ImageObject","inLanguage":"fi","@id":"https:\/\/idakorea.ee\/#\/schema\/logo\/image\/","url":"https:\/\/idakorea.ee\/wp-content\/uploads\/2024\/05\/cropped-korea3.png","contentUrl":"https:\/\/idakorea.ee\/wp-content\/uploads\/2024\/05\/cropped-korea3.png","width":688,"height":126,"caption":"IDA.KOREA"},"image":{"@id":"https:\/\/idakorea.ee\/#\/schema\/logo\/image\/"},"sameAs":["https:\/\/www.instagram.com\/ida.korea\/"]}]}},"jetpack_sharing_enabled":true,"brands":[{"id":865,"name":"PRRETI","slug":"prreti"}],"_links":{"self":[{"href":"https:\/\/idakorea.ee\/fi\/wp-json\/wp\/v2\/product\/13691","targetHints":{"allow":["GET"]}}],"collection":[{"href":"https:\/\/idakorea.ee\/fi\/wp-json\/wp\/v2\/product"}],"about":[{"href":"https:\/\/idakorea.ee\/fi\/wp-json\/wp\/v2\/types\/product"}],"replies":[{"embeddable":true,"href":"https:\/\/idakorea.ee\/fi\/wp-json\/wp\/v2\/comments?post=13691"}],"version-history":[{"count":2,"href":"https:\/\/idakorea.ee\/fi\/wp-json\/wp\/v2\/product\/13691\/revisions"}],"predecessor-version":[{"id":15028,"href":"https:\/\/idakorea.ee\/fi\/wp-json\/wp\/v2\/product\/13691\/revisions\/15028"}],"wp:featuredmedia":[{"embeddable":true,"href":"https:\/\/idakorea.ee\/fi\/wp-json\/wp\/v2\/media\/13692"}],"wp:attachment":[{"href":"https:\/\/idakorea.ee\/fi\/wp-json\/wp\/v2\/media?parent=13691"}],"wp:term":[{"taxonomy":"pwb-brand","embeddable":true,"href":"https:\/\/idakorea.ee\/fi\/wp-json\/wp\/v2\/pwb-brand?post=13691"},{"taxonomy":"product_brand","embeddable":true,"href":"https:\/\/idakorea.ee\/fi\/wp-json\/wp\/v2\/product_brand?post=13691"},{"taxonomy":"product_cat","embeddable":true,"href":"https:\/\/idakorea.ee\/fi\/wp-json\/wp\/v2\/product_cat?post=13691"},{"taxonomy":"product_tag","embeddable":true,"href":"https:\/\/idakorea.ee\/fi\/wp-json\/wp\/v2\/product_tag?post=13691"}],"curies":[{"name":"wp","href":"https:\/\/api.w.org\/{rel}","templated":true}]}}