{"id":13695,"date":"2025-04-21T14:05:34","date_gmt":"2025-04-21T12:05:34","guid":{"rendered":"https:\/\/idakorea.ee\/?post_type=product&#038;p=13695"},"modified":"2026-04-22T15:46:39","modified_gmt":"2026-04-22T13:46:39","slug":"round-lab-pine-calming-cica-mask","status":"publish","type":"product","link":"https:\/\/idakorea.ee\/fi\/product\/round-lab-pine-calming-cica-mask\/","title":{"rendered":"Rauhoittava naamio, jossa on m\u00e4nnyn ja centellan uutteita Round Lab Pine Calming Cat Mask"},"content":{"rendered":"<p><strong>Py\u00f6re\u00e4 Lab Pine Calming Cica -kangasnaamio \u2013<\/strong> Rauhoittaa, kosteuttaa ja lievitt\u00e4\u00e4 \u00e4rsytyst\u00e4 ja punoitusta. Palauttaa ihon tuulen, auringon, l\u00e4mp\u00f6tilan vaihteluiden ja ep\u00e4suotuisien ymp\u00e4rist\u00f6olosuhteiden vaikutusten j\u00e4lkeen.<\/p>\n<p><strong>Toiminta:<\/strong><br \/>\nPehment\u00e4\u00e4 karheaa ja \u00e4rtynytt\u00e4 ihoa, antaa v\u00e4lit\u00f6nt\u00e4 raikkautta, v\u00e4hent\u00e4\u00e4 tulehdusta ja takaa mukavuuden tunteen. Hypoallergeeninen koostumus sopii herk\u00e4lle iholle.<\/p>\n<p><strong>Pine Cica -aktiiviainekompleksi<\/strong> sis\u00e4lt\u00e4\u00e4:<\/p>\n<ul>\n<li><strong>M\u00e4nnyn uute<\/strong> \u2013 saatu Korean Kangwonin maakunnan Yangyangin alueella matalissa l\u00e4mp\u00f6tiloissa kasvavista kasveista. M\u00e4ntyuutteella on tulehdusta ja antioksidanttisia vaikutuksia.<\/li>\n<li><strong>Centella-kompleksi<\/strong> \u2013 sis\u00e4lt\u00e4\u00e4 aasialaista lumpeenuutetta, asiatikosidia, aasiahappoa, madekassosidia ja madekassiinihappoa. Vahvistaa ihon suojakerrosta, parantaa verisuonten elastisuutta ja auttaa ehk\u00e4isem\u00e4\u00e4n couperosaa.<\/li>\n<li><strong>Glykoproteiinit<\/strong> \u2013 vahvistaa ihon luonnollista suojakerrosta ja lis\u00e4\u00e4 kosteustasapainoa.<\/li>\n<\/ul>\n<p><strong>Muita vaikuttavia aineita:<\/strong><\/p>\n<ul>\n<li><strong>Kapryylisalisyylihappo (LHA)<\/strong> \u2013 Miedompi vaihtoehto BHA-hapolle, joka puhdistaa ihohuokosia, kirkastaa talia ja ehk\u00e4isee komedonien muodostumista.<\/li>\n<li><strong>Portulakan uute<\/strong> \u2013 edist\u00e4\u00e4 ihon uusiutumista, supistaa ihohuokosia ja s\u00e4\u00e4telee talin erityst\u00e4.<\/li>\n<li><strong>3 erilaista hyaluronihappoa<\/strong> \u2013 tunkeutuvat ihon syvempiin kerroksiin, kosteuttavat ja luovat suojaavan kerroksen, joka s\u00e4ilytt\u00e4\u00e4 kosteuden.<\/li>\n<li><strong>Irlannin sammaluute (karrageeni)<\/strong> \u2013 on vahva antioksidanttivaikutus, suojaa ihosoluja vapailta radikaaleilta, tukee nuorekkuutta ja vahvistaa ihon suojakerrosta.<\/li>\n<\/ul>\n<p>&nbsp;<\/p>\n<p>Sopii kaikille ihotyypeille.<\/p>\n<p><strong>K\u00e4ytt\u00f6:<\/strong><br \/>\nPuhdistuksen ja kasvoveden j\u00e4lkeen levit\u00e4 naamio kasvoillesi. Poista naamio 15\u201320 minuutin kuluttua ja hiero j\u00e4ljelle j\u00e4\u00e4nyt voide ihoon, kunnes se on imeytynyt.<\/p>","protected":false},"excerpt":{"rendered":"<p>Round Lab Pine Calming Cat Fabric Mask - rauhoittaa, kosteuttaa ja lievitt\u00e4\u00e4 \u00e4rsytyst\u00e4 ja punoitusta. Palauttaa ihoa tuulelle, auringolle, l\u00e4mp\u00f6tilan vaihteluille ja ep\u00e4suotuisille ymp\u00e4rist\u00f6olosuhteille altistumisen j\u00e4lkeen.  Rauhoittaa karheaa ja \u00e4rtynytt\u00e4 ihoa, antaa v\u00e4litt\u00f6m\u00e4n raikkauden, v\u00e4hent\u00e4\u00e4 tulehdusta ja antaa mukavuuden tunteen. Hypoallergeeninen koostumus sopii herk\u00e4lle iholle. Pine Cica Activer Complex sis\u00e4lt\u00e4\u00e4: Pine Cica Extract - johdettu matalassa l\u00e4mp\u00f6tilassa Korean...<\/p>","protected":false},"featured_media":13696,"comment_status":"open","ping_status":"closed","template":"","meta":{"_uf_show_specific_survey":0,"_uf_disable_surveys":false,"_bst_post_transparent":"default","_bst_post_title":"","_bst_post_layout":"default","_bst_post_sidebar_id":"","_bst_post_content_style":"default","_bst_post_vertical_padding":"default","_bst_post_feature":"","_bst_post_feature_position":"","_bst_post_header":false,"_bst_post_footer":false},"pwb-brand":[645],"product_brand":[],"product_cat":[92,98],"product_tag":[646],"class_list":{"0":"post-13695","1":"product","2":"type-product","3":"status-publish","4":"has-post-thumbnail","6":"pwb-brand-round-lab","7":"product_cat-nagu","8":"product_cat-naomaskid","9":"product_tag-round-lab","11":"first","12":"instock","13":"sale","14":"shipping-taxable","15":"purchasable","16":"product-type-simple","17":"entry","18":"content-bg","19":"loop-entry"},"supplier_id":null,"supplier_sku":"","barcode":null,"atum_controlled":true,"out_stock_date":null,"out_stock_threshold":null,"inheritable":false,"inbound_stock":0,"stock_on_hold":0,"sold_today":0,"sales_last_days":0,"out_stock_days":0,"lost_sales":0,"has_location":false,"update_date":"2026-05-10T00:17:50","atum_locations":[],"atum_stock_status":"instock","restock_status":false,"low_stock_amount":"","sales_update_date":"2026-05-10T00:17:50","calc_backorders":null,"yoast_head":"<!-- This site is optimized with the Yoast SEO plugin v27.2 - https:\/\/yoast.com\/product\/yoast-seo-wordpress\/ -->\n<title>Round Lab Pine Calming Cica Mask - IDA.KOREA<\/title>\n<meta name=\"description\" content=\"Round Lab Pine Calming Cica kangasmask - rahustab, niisutab, leevendab \u00e4rritusi ning punetust. Taastab naha p\u00e4rast tuule, p\u00e4ikese ja temperatuurik\u00f5ikumiste.\" \/>\n<meta name=\"robots\" content=\"index, follow, max-snippet:-1, max-image-preview:large, max-video-preview:-1\" \/>\n<link rel=\"canonical\" href=\"https:\/\/idakorea.ee\/fi\/product\/round-lab-pine-calming-cica-mask\/\" \/>\n<meta property=\"og:locale\" content=\"fi_FI\" \/>\n<meta property=\"og:type\" content=\"article\" \/>\n<meta property=\"og:title\" content=\"Round Lab Pine Calming Cica Mask - IDA.KOREA\" \/>\n<meta property=\"og:description\" content=\"Round Lab Pine Calming Cica kangasmask - rahustab, niisutab, leevendab \u00e4rritusi ning punetust. Taastab naha p\u00e4rast tuule, p\u00e4ikese ja temperatuurik\u00f5ikumiste.\" \/>\n<meta property=\"og:url\" content=\"https:\/\/idakorea.ee\/fi\/product\/round-lab-pine-calming-cica-mask\/\" \/>\n<meta property=\"og:site_name\" content=\"IDA.KOREA\" \/>\n<meta property=\"article:modified_time\" content=\"2026-04-22T13:46:39+00:00\" \/>\n<meta property=\"og:image\" content=\"https:\/\/idakorea.ee\/wp-content\/uploads\/2025\/04\/round-lab-pine-calming-cica-mask-sheet-idakorea.jpg\" \/>\n\t<meta property=\"og:image:width\" content=\"1000\" \/>\n\t<meta property=\"og:image:height\" content=\"1000\" \/>\n\t<meta property=\"og:image:type\" content=\"image\/jpeg\" \/>\n<meta name=\"twitter:card\" content=\"summary_large_image\" \/>\n<meta name=\"twitter:label1\" content=\"Arvioitu lukuaika\" \/>\n\t<meta name=\"twitter:data1\" content=\"2 minuuttia\" \/>\n<script type=\"application\/ld+json\" class=\"yoast-schema-graph\">{\"@context\":\"https:\/\/schema.org\",\"@graph\":[{\"@type\":\"WebPage\",\"@id\":\"https:\/\/idakorea.ee\/product\/round-lab-pine-calming-cica-mask\/\",\"url\":\"https:\/\/idakorea.ee\/product\/round-lab-pine-calming-cica-mask\/\",\"name\":\"Round Lab Pine Calming Cica Mask - IDA.KOREA\",\"isPartOf\":{\"@id\":\"https:\/\/idakorea.ee\/#website\"},\"primaryImageOfPage\":{\"@id\":\"https:\/\/idakorea.ee\/product\/round-lab-pine-calming-cica-mask\/#primaryimage\"},\"image\":{\"@id\":\"https:\/\/idakorea.ee\/product\/round-lab-pine-calming-cica-mask\/#primaryimage\"},\"thumbnailUrl\":\"https:\/\/idakorea.ee\/wp-content\/uploads\/2025\/04\/round-lab-pine-calming-cica-mask-sheet-idakorea.jpg\",\"datePublished\":\"2025-04-21T12:05:34+00:00\",\"dateModified\":\"2026-04-22T13:46:39+00:00\",\"description\":\"Round Lab Pine Calming Cica kangasmask - rahustab, niisutab, leevendab \u00e4rritusi ning punetust. Taastab naha p\u00e4rast tuule, p\u00e4ikese ja temperatuurik\u00f5ikumiste.\",\"breadcrumb\":{\"@id\":\"https:\/\/idakorea.ee\/product\/round-lab-pine-calming-cica-mask\/#breadcrumb\"},\"inLanguage\":\"fi\",\"potentialAction\":[{\"@type\":\"ReadAction\",\"target\":[\"https:\/\/idakorea.ee\/product\/round-lab-pine-calming-cica-mask\/\"]}]},{\"@type\":\"ImageObject\",\"inLanguage\":\"fi\",\"@id\":\"https:\/\/idakorea.ee\/product\/round-lab-pine-calming-cica-mask\/#primaryimage\",\"url\":\"https:\/\/idakorea.ee\/wp-content\/uploads\/2025\/04\/round-lab-pine-calming-cica-mask-sheet-idakorea.jpg\",\"contentUrl\":\"https:\/\/idakorea.ee\/wp-content\/uploads\/2025\/04\/round-lab-pine-calming-cica-mask-sheet-idakorea.jpg\",\"width\":1000,\"height\":1000},{\"@type\":\"BreadcrumbList\",\"@id\":\"https:\/\/idakorea.ee\/product\/round-lab-pine-calming-cica-mask\/#breadcrumb\",\"itemListElement\":[{\"@type\":\"ListItem\",\"position\":1,\"name\":\"\u0413\u043b\u0430\u0432\u043d\u0430\u044f \u0441\u0442\u0440\u0430\u043d\u0438\u0446\u0430\",\"item\":\"https:\/\/idakorea.ee\/\"},{\"@type\":\"ListItem\",\"position\":2,\"name\":\"Shop\",\"item\":\"https:\/\/idakorea.ee\/shop-2\/\"},{\"@type\":\"ListItem\",\"position\":3,\"name\":\"Rahustav mask m\u00e4nnipuu ja centella ekstraktidega Round Lab Pine Calming Cica Mask\"}]},{\"@type\":\"WebSite\",\"@id\":\"https:\/\/idakorea.ee\/#website\",\"url\":\"https:\/\/idakorea.ee\/\",\"name\":\"IDA.KOREA\",\"description\":\"Korea kosmeetika e-pood\",\"publisher\":{\"@id\":\"https:\/\/idakorea.ee\/#organization\"},\"alternateName\":\"Beauty Shop\",\"potentialAction\":[{\"@type\":\"SearchAction\",\"target\":{\"@type\":\"EntryPoint\",\"urlTemplate\":\"https:\/\/idakorea.ee\/?s={search_term_string}\"},\"query-input\":{\"@type\":\"PropertyValueSpecification\",\"valueRequired\":true,\"valueName\":\"search_term_string\"}}],\"inLanguage\":\"fi\"},{\"@type\":\"Organization\",\"@id\":\"https:\/\/idakorea.ee\/#organization\",\"name\":\"IDA.KOREA\",\"url\":\"https:\/\/idakorea.ee\/\",\"logo\":{\"@type\":\"ImageObject\",\"inLanguage\":\"fi\",\"@id\":\"https:\/\/idakorea.ee\/#\/schema\/logo\/image\/\",\"url\":\"https:\/\/idakorea.ee\/wp-content\/uploads\/2024\/05\/cropped-korea3.png\",\"contentUrl\":\"https:\/\/idakorea.ee\/wp-content\/uploads\/2024\/05\/cropped-korea3.png\",\"width\":688,\"height\":126,\"caption\":\"IDA.KOREA\"},\"image\":{\"@id\":\"https:\/\/idakorea.ee\/#\/schema\/logo\/image\/\"},\"sameAs\":[\"https:\/\/www.instagram.com\/ida.korea\/\"]}]}<\/script>\n<!-- \/ Yoast SEO plugin. -->","yoast_head_json":{"title":"Round Lab Pine Calming Cica Mask - IDA.KOREA","description":"Round Lab Pine Calming Cica -kangasnaamio - rauhoittaa, kosteuttaa, lievitt\u00e4\u00e4 \u00e4rsytyst\u00e4 ja punoitusta. Palauttaa ihon tuulen, auringon ja l\u00e4mp\u00f6tilan vaihteluiden j\u00e4lkeen.","robots":{"index":"index","follow":"follow","max-snippet":"max-snippet:-1","max-image-preview":"max-image-preview:large","max-video-preview":"max-video-preview:-1"},"canonical":"https:\/\/idakorea.ee\/fi\/product\/round-lab-pine-calming-cica-mask\/","og_locale":"fi_FI","og_type":"article","og_title":"Round Lab Pine Calming Cica Mask - IDA.KOREA","og_description":"Round Lab Pine Calming Cica kangasmask - rahustab, niisutab, leevendab \u00e4rritusi ning punetust. Taastab naha p\u00e4rast tuule, p\u00e4ikese ja temperatuurik\u00f5ikumiste.","og_url":"https:\/\/idakorea.ee\/fi\/product\/round-lab-pine-calming-cica-mask\/","og_site_name":"IDA.KOREA","article_modified_time":"2026-04-22T13:46:39+00:00","og_image":[{"width":1000,"height":1000,"url":"https:\/\/idakorea.ee\/wp-content\/uploads\/2025\/04\/round-lab-pine-calming-cica-mask-sheet-idakorea.jpg","type":"image\/jpeg"}],"twitter_card":"summary_large_image","twitter_misc":{"Arvioitu lukuaika":"2 minuuttia"},"schema":{"@context":"https:\/\/schema.org","@graph":[{"@type":"WebPage","@id":"https:\/\/idakorea.ee\/product\/round-lab-pine-calming-cica-mask\/","url":"https:\/\/idakorea.ee\/product\/round-lab-pine-calming-cica-mask\/","name":"Round Lab Pine Calming Cica Mask - IDA.KOREA","isPartOf":{"@id":"https:\/\/idakorea.ee\/#website"},"primaryImageOfPage":{"@id":"https:\/\/idakorea.ee\/product\/round-lab-pine-calming-cica-mask\/#primaryimage"},"image":{"@id":"https:\/\/idakorea.ee\/product\/round-lab-pine-calming-cica-mask\/#primaryimage"},"thumbnailUrl":"https:\/\/idakorea.ee\/wp-content\/uploads\/2025\/04\/round-lab-pine-calming-cica-mask-sheet-idakorea.jpg","datePublished":"2025-04-21T12:05:34+00:00","dateModified":"2026-04-22T13:46:39+00:00","description":"Round Lab Pine Calming Cica -kangasnaamio - rauhoittaa, kosteuttaa, lievitt\u00e4\u00e4 \u00e4rsytyst\u00e4 ja punoitusta. Palauttaa ihon tuulen, auringon ja l\u00e4mp\u00f6tilan vaihteluiden j\u00e4lkeen.","breadcrumb":{"@id":"https:\/\/idakorea.ee\/product\/round-lab-pine-calming-cica-mask\/#breadcrumb"},"inLanguage":"fi","potentialAction":[{"@type":"ReadAction","target":["https:\/\/idakorea.ee\/product\/round-lab-pine-calming-cica-mask\/"]}]},{"@type":"ImageObject","inLanguage":"fi","@id":"https:\/\/idakorea.ee\/product\/round-lab-pine-calming-cica-mask\/#primaryimage","url":"https:\/\/idakorea.ee\/wp-content\/uploads\/2025\/04\/round-lab-pine-calming-cica-mask-sheet-idakorea.jpg","contentUrl":"https:\/\/idakorea.ee\/wp-content\/uploads\/2025\/04\/round-lab-pine-calming-cica-mask-sheet-idakorea.jpg","width":1000,"height":1000},{"@type":"BreadcrumbList","@id":"https:\/\/idakorea.ee\/product\/round-lab-pine-calming-cica-mask\/#breadcrumb","itemListElement":[{"@type":"ListItem","position":1,"name":"\u0413\u043b\u0430\u0432\u043d\u0430\u044f \u0441\u0442\u0440\u0430\u043d\u0438\u0446\u0430","item":"https:\/\/idakorea.ee\/"},{"@type":"ListItem","position":2,"name":"Shop","item":"https:\/\/idakorea.ee\/shop-2\/"},{"@type":"ListItem","position":3,"name":"Rahustav mask m\u00e4nnipuu ja centella ekstraktidega Round Lab Pine Calming Cica Mask"}]},{"@type":"WebSite","@id":"https:\/\/idakorea.ee\/#website","url":"https:\/\/idakorea.ee\/","name":"IDA.KOREA","description":"Korean kosmetiikan verkkokauppa","publisher":{"@id":"https:\/\/idakorea.ee\/#organization"},"alternateName":"Beauty Shop","potentialAction":[{"@type":"SearchAction","target":{"@type":"EntryPoint","urlTemplate":"https:\/\/idakorea.ee\/?s={search_term_string}"},"query-input":{"@type":"PropertyValueSpecification","valueRequired":true,"valueName":"search_term_string"}}],"inLanguage":"fi"},{"@type":"Organization","@id":"https:\/\/idakorea.ee\/#organization","name":"IDA.KOREA","url":"https:\/\/idakorea.ee\/","logo":{"@type":"ImageObject","inLanguage":"fi","@id":"https:\/\/idakorea.ee\/#\/schema\/logo\/image\/","url":"https:\/\/idakorea.ee\/wp-content\/uploads\/2024\/05\/cropped-korea3.png","contentUrl":"https:\/\/idakorea.ee\/wp-content\/uploads\/2024\/05\/cropped-korea3.png","width":688,"height":126,"caption":"IDA.KOREA"},"image":{"@id":"https:\/\/idakorea.ee\/#\/schema\/logo\/image\/"},"sameAs":["https:\/\/www.instagram.com\/ida.korea\/"]}]}},"jetpack_sharing_enabled":true,"brands":[{"id":645,"name":"ROUND LAB","slug":"round-lab"}],"_links":{"self":[{"href":"https:\/\/idakorea.ee\/fi\/wp-json\/wp\/v2\/product\/13695","targetHints":{"allow":["GET"]}}],"collection":[{"href":"https:\/\/idakorea.ee\/fi\/wp-json\/wp\/v2\/product"}],"about":[{"href":"https:\/\/idakorea.ee\/fi\/wp-json\/wp\/v2\/types\/product"}],"replies":[{"embeddable":true,"href":"https:\/\/idakorea.ee\/fi\/wp-json\/wp\/v2\/comments?post=13695"}],"version-history":[{"count":2,"href":"https:\/\/idakorea.ee\/fi\/wp-json\/wp\/v2\/product\/13695\/revisions"}],"predecessor-version":[{"id":15414,"href":"https:\/\/idakorea.ee\/fi\/wp-json\/wp\/v2\/product\/13695\/revisions\/15414"}],"wp:featuredmedia":[{"embeddable":true,"href":"https:\/\/idakorea.ee\/fi\/wp-json\/wp\/v2\/media\/13696"}],"wp:attachment":[{"href":"https:\/\/idakorea.ee\/fi\/wp-json\/wp\/v2\/media?parent=13695"}],"wp:term":[{"taxonomy":"pwb-brand","embeddable":true,"href":"https:\/\/idakorea.ee\/fi\/wp-json\/wp\/v2\/pwb-brand?post=13695"},{"taxonomy":"product_brand","embeddable":true,"href":"https:\/\/idakorea.ee\/fi\/wp-json\/wp\/v2\/product_brand?post=13695"},{"taxonomy":"product_cat","embeddable":true,"href":"https:\/\/idakorea.ee\/fi\/wp-json\/wp\/v2\/product_cat?post=13695"},{"taxonomy":"product_tag","embeddable":true,"href":"https:\/\/idakorea.ee\/fi\/wp-json\/wp\/v2\/product_tag?post=13695"}],"curies":[{"name":"wp","href":"https:\/\/api.w.org\/{rel}","templated":true}]}}