{"id":13732,"date":"2025-04-29T15:14:15","date_gmt":"2025-04-29T12:14:15","guid":{"rendered":"https:\/\/idakorea.ee\/?post_type=product&#038;p=13732"},"modified":"2026-02-17T20:12:01","modified_gmt":"2026-02-17T18:12:01","slug":"medicube-pdrn-lip-sleeping-mask","status":"publish","type":"product","link":"https:\/\/idakorea.ee\/fi\/product\/medicube-pdrn-lip-sleeping-mask\/","title":{"rendered":"Huulinaamio Medicube PDRN Lip Sleeping Mask, 10g"},"content":{"rendered":"<p class=\"\" data-start=\"233\" data-end=\"428\"><strong>MEDICUBE PDRN Huulille y\u00f6ksi<\/strong> on tehokkaasti kosteuttava ja palauttava huulinaamio, joka toimii nukkuessasi tehden huulista pehme\u00e4t, sile\u00e4t ja elinvoimaiset.<\/p>\n<p class=\"\" data-start=\"430\" data-end=\"915\"><strong data-start=\"433\" data-end=\"450\">Syv\u00e4kosteutus<\/strong> \u2013 rikastettu PDRN:ll\u00e4 (polydeoksiribonukleotidi), joka tunnetaan korjaavista ominaisuuksistaan.<br data-start=\"547\" data-end=\"550\" \/><strong data-start=\"553\" data-end=\"584\">Rauhoittava ja palauttava koostumus<\/strong> \u2013 Sis\u00e4lt\u00e4\u00e4 kosteuttavia ja rauhoittavia ainesosia, jotka korjaavat rohtuneita ja kuivia huulia.<br data-start=\"680\" data-end=\"683\" \/><strong data-start=\"686\" data-end=\"712\">Hell\u00e4varainen ja ravitseva koostumus<\/strong> \u2013 Kermainen mutta tahmaamaton koostumus luo suojaavan kerroksen, joka est\u00e4\u00e4 kosteuden haihtumista nukkumisen aikana.<br data-start=\"799\" data-end=\"802\" \/><strong data-start=\"805\" data-end=\"843\">Miellytt\u00e4v\u00e4 tuoksu ja silkkinen viimeistely<\/strong> \u2013 ihanteellinen jokap\u00e4iv\u00e4iseen k\u00e4ytt\u00f6\u00f6n, erityisesti kylmin\u00e4 ja kuivina kausina.<\/p>\n<p data-start=\"922\" data-end=\"951\"><strong data-start=\"926\" data-end=\"951\">T\u00e4rkeimm\u00e4t ainesosat:<\/strong><\/p>\n<ul data-start=\"952\" data-end=\"1231\">\n<li class=\"\" data-start=\"952\" data-end=\"1031\">\n<p class=\"\" data-start=\"954\" data-end=\"1031\"><strong data-start=\"954\" data-end=\"971\">PDRN (300 ppm)<\/strong> \u2013 edist\u00e4\u00e4 solujen uusiutumista ja nopeuttaa ihon palautumista.<\/p>\n<\/li>\n<li class=\"\" data-start=\"1032\" data-end=\"1101\">\n<p class=\"\" data-start=\"1034\" data-end=\"1101\"><strong data-start=\"1034\" data-end=\"1060\">Sheavoi ja mehil\u00e4isvaha<\/strong> \u2013 ravitsee ja pehment\u00e4\u00e4 tehokkaasti.<\/p>\n<\/li>\n<li class=\"\" data-start=\"1102\" data-end=\"1158\">\n<p class=\"\" data-start=\"1104\" data-end=\"1158\"><strong data-start=\"1104\" data-end=\"1121\">Hyaluronihappo<\/strong> \u2013 antaa syv\u00e4kosteutusta ja volyymia.<\/p>\n<\/li>\n<li class=\"\" data-start=\"1159\" data-end=\"1231\">\n<p class=\"\" data-start=\"1161\" data-end=\"1231\"><strong data-start=\"1161\" data-end=\"1175\">E-vitamiini<\/strong> \u2013 antioksidantti, joka suojaa huulia ymp\u00e4rist\u00f6n aiheuttamilta haittavaikutuksilta.<\/p>\n<\/li>\n<\/ul>\n<p data-start=\"1238\" data-end=\"1257\"><strong data-start=\"1242\" data-end=\"1257\">K\u00e4ytt\u00f6: <\/strong>Levit\u00e4 pieni m\u00e4\u00e4r\u00e4 tuotetta puhtaille huulille ennen nukkumaanmenoa. Anna vaikuttaa y\u00f6n yli. Aamulla poista tarvittaessa ylim\u00e4\u00e4r\u00e4inen tuote varovasti ja nauti silkkisen pehmeist\u00e4 huulista.<\/p>","protected":false},"excerpt":{"rendered":"<p>MEDICUBE PDRN Lip Sleeping Mask on intensiivisesti kosteuttava ja palauttava huulinaamio, joka toimii unen aikana ja tekee huulista pehme\u00e4t, sile\u00e4t ja elinvoimaiset. Kosteuttava - on rikastettu PDRN:ll\u00e4 (polydeoksiribonukleotidi), joka tunnetaan palauttavista ominaisuuksistaan. rauhoittava ja palauttava koostumus - sis\u00e4lt\u00e4\u00e4 kosteuttavia ja rauhoittavia ainesosia, jotka korjaavat halkeilevia ja kuivia huulia. hell\u00e4varainen ja ravitseva koostumus - kermainen mutta ravitseva....<\/p>","protected":false},"featured_media":13733,"comment_status":"open","ping_status":"closed","template":"","meta":{"_uf_show_specific_survey":0,"_uf_disable_surveys":false,"_bst_post_transparent":"default","_bst_post_title":"","_bst_post_layout":"default","_bst_post_sidebar_id":"","_bst_post_content_style":"default","_bst_post_vertical_padding":"default","_bst_post_feature":"","_bst_post_feature_position":"","_bst_post_header":false,"_bst_post_footer":false},"pwb-brand":[490],"product_brand":[],"product_cat":[368,92,99],"product_tag":[721,789],"class_list":{"0":"post-13732","1":"product","2":"type-product","3":"status-publish","4":"has-post-thumbnail","6":"pwb-brand-medicube","7":"product_cat-huulepalsamid-ja-hooldus","8":"product_cat-nagu","9":"product_cat-silmad-ja-huuled-2","10":"product_tag-medicube","11":"product_tag-pdrn","13":"first","14":"instock","15":"sale","16":"shipping-taxable","17":"purchasable","18":"product-type-simple","19":"entry","20":"content-bg","21":"loop-entry"},"supplier_id":null,"supplier_sku":"","barcode":null,"atum_controlled":true,"out_stock_date":null,"out_stock_threshold":null,"inheritable":false,"inbound_stock":0,"stock_on_hold":0,"sold_today":0,"sales_last_days":0,"out_stock_days":0,"lost_sales":0,"has_location":false,"update_date":"2026-04-14T00:05:04","atum_locations":[],"atum_stock_status":"instock","restock_status":false,"low_stock_amount":"","sales_update_date":"2026-04-14T00:05:04","calc_backorders":null,"yoast_head":"<!-- This site is optimized with the Yoast SEO plugin v27.2 - https:\/\/yoast.com\/product\/yoast-seo-wordpress\/ -->\n<title>Medicube PDRN Lip Sleeping Mask, 10g - IDA.KOREA<\/title>\n<meta name=\"description\" content=\"MEDICUBE PDRN Lip Sleeping Mask on intensiivselt niisutav ja taastav huulemask, mis t\u00f6\u00f6tab une ajal, et muuta huuled pehmeks, siledaks ja eluj\u00f5uliseks.\" \/>\n<meta name=\"robots\" content=\"index, follow, max-snippet:-1, max-image-preview:large, max-video-preview:-1\" \/>\n<link rel=\"canonical\" href=\"https:\/\/idakorea.ee\/fi\/product\/medicube-pdrn-lip-sleeping-mask\/\" \/>\n<meta property=\"og:locale\" content=\"fi_FI\" \/>\n<meta property=\"og:type\" content=\"article\" \/>\n<meta property=\"og:title\" content=\"Medicube PDRN Lip Sleeping Mask, 10g - IDA.KOREA\" \/>\n<meta property=\"og:description\" content=\"MEDICUBE PDRN Lip Sleeping Mask on intensiivselt niisutav ja taastav huulemask, mis t\u00f6\u00f6tab une ajal, et muuta huuled pehmeks, siledaks ja eluj\u00f5uliseks.\" \/>\n<meta property=\"og:url\" content=\"https:\/\/idakorea.ee\/fi\/product\/medicube-pdrn-lip-sleeping-mask\/\" \/>\n<meta property=\"og:site_name\" content=\"IDA.KOREA\" \/>\n<meta property=\"article:modified_time\" content=\"2026-02-17T18:12:01+00:00\" \/>\n<meta property=\"og:image\" content=\"https:\/\/idakorea.ee\/wp-content\/uploads\/2025\/04\/medicube-lipmask-idakorea.ee_.png\" \/>\n\t<meta property=\"og:image:width\" content=\"900\" \/>\n\t<meta property=\"og:image:height\" content=\"900\" \/>\n\t<meta property=\"og:image:type\" content=\"image\/png\" \/>\n<meta name=\"twitter:card\" content=\"summary_large_image\" \/>\n<meta name=\"twitter:label1\" content=\"Arvioitu lukuaika\" \/>\n\t<meta name=\"twitter:data1\" content=\"1 minuutti\" \/>\n<script type=\"application\/ld+json\" class=\"yoast-schema-graph\">{\"@context\":\"https:\/\/schema.org\",\"@graph\":[{\"@type\":\"WebPage\",\"@id\":\"https:\/\/idakorea.ee\/product\/medicube-pdrn-lip-sleeping-mask\/\",\"url\":\"https:\/\/idakorea.ee\/product\/medicube-pdrn-lip-sleeping-mask\/\",\"name\":\"Medicube PDRN Lip Sleeping Mask, 10g - IDA.KOREA\",\"isPartOf\":{\"@id\":\"https:\/\/idakorea.ee\/#website\"},\"primaryImageOfPage\":{\"@id\":\"https:\/\/idakorea.ee\/product\/medicube-pdrn-lip-sleeping-mask\/#primaryimage\"},\"image\":{\"@id\":\"https:\/\/idakorea.ee\/product\/medicube-pdrn-lip-sleeping-mask\/#primaryimage\"},\"thumbnailUrl\":\"https:\/\/idakorea.ee\/wp-content\/uploads\/2025\/04\/medicube-lipmask-idakorea.ee_.png\",\"datePublished\":\"2025-04-29T12:14:15+00:00\",\"dateModified\":\"2026-02-17T18:12:01+00:00\",\"description\":\"MEDICUBE PDRN Lip Sleeping Mask on intensiivselt niisutav ja taastav huulemask, mis t\u00f6\u00f6tab une ajal, et muuta huuled pehmeks, siledaks ja eluj\u00f5uliseks.\",\"breadcrumb\":{\"@id\":\"https:\/\/idakorea.ee\/product\/medicube-pdrn-lip-sleeping-mask\/#breadcrumb\"},\"inLanguage\":\"fi\",\"potentialAction\":[{\"@type\":\"ReadAction\",\"target\":[\"https:\/\/idakorea.ee\/product\/medicube-pdrn-lip-sleeping-mask\/\"]}]},{\"@type\":\"ImageObject\",\"inLanguage\":\"fi\",\"@id\":\"https:\/\/idakorea.ee\/product\/medicube-pdrn-lip-sleeping-mask\/#primaryimage\",\"url\":\"https:\/\/idakorea.ee\/wp-content\/uploads\/2025\/04\/medicube-lipmask-idakorea.ee_.png\",\"contentUrl\":\"https:\/\/idakorea.ee\/wp-content\/uploads\/2025\/04\/medicube-lipmask-idakorea.ee_.png\",\"width\":900,\"height\":900},{\"@type\":\"BreadcrumbList\",\"@id\":\"https:\/\/idakorea.ee\/product\/medicube-pdrn-lip-sleeping-mask\/#breadcrumb\",\"itemListElement\":[{\"@type\":\"ListItem\",\"position\":1,\"name\":\"\u0413\u043b\u0430\u0432\u043d\u0430\u044f \u0441\u0442\u0440\u0430\u043d\u0438\u0446\u0430\",\"item\":\"https:\/\/idakorea.ee\/\"},{\"@type\":\"ListItem\",\"position\":2,\"name\":\"Shop\",\"item\":\"https:\/\/idakorea.ee\/shop-2\/\"},{\"@type\":\"ListItem\",\"position\":3,\"name\":\"Toitev huulemask Medicube PDRN Lip Sleeping Mask, 10g\"}]},{\"@type\":\"WebSite\",\"@id\":\"https:\/\/idakorea.ee\/#website\",\"url\":\"https:\/\/idakorea.ee\/\",\"name\":\"IDA.KOREA\",\"description\":\"Korea kosmeetika e-pood\",\"publisher\":{\"@id\":\"https:\/\/idakorea.ee\/#organization\"},\"alternateName\":\"Beauty Shop\",\"potentialAction\":[{\"@type\":\"SearchAction\",\"target\":{\"@type\":\"EntryPoint\",\"urlTemplate\":\"https:\/\/idakorea.ee\/?s={search_term_string}\"},\"query-input\":{\"@type\":\"PropertyValueSpecification\",\"valueRequired\":true,\"valueName\":\"search_term_string\"}}],\"inLanguage\":\"fi\"},{\"@type\":\"Organization\",\"@id\":\"https:\/\/idakorea.ee\/#organization\",\"name\":\"IDA.KOREA\",\"url\":\"https:\/\/idakorea.ee\/\",\"logo\":{\"@type\":\"ImageObject\",\"inLanguage\":\"fi\",\"@id\":\"https:\/\/idakorea.ee\/#\/schema\/logo\/image\/\",\"url\":\"https:\/\/idakorea.ee\/wp-content\/uploads\/2024\/05\/cropped-korea3.png\",\"contentUrl\":\"https:\/\/idakorea.ee\/wp-content\/uploads\/2024\/05\/cropped-korea3.png\",\"width\":688,\"height\":126,\"caption\":\"IDA.KOREA\"},\"image\":{\"@id\":\"https:\/\/idakorea.ee\/#\/schema\/logo\/image\/\"},\"sameAs\":[\"https:\/\/www.instagram.com\/ida.korea\/\"]}]}<\/script>\n<!-- \/ Yoast SEO plugin. -->","yoast_head_json":{"title":"Medicube PDRN huulinaamio, 10g - IDA.KOREA","description":"MEDICUBE PDRN Lip Sleeping Mask on tehokkaasti kosteuttava ja palauttava huulinaamio, joka toimii nukkuessasi tehden huulista pehme\u00e4t, sile\u00e4t ja elinvoimaiset.","robots":{"index":"index","follow":"follow","max-snippet":"max-snippet:-1","max-image-preview":"max-image-preview:large","max-video-preview":"max-video-preview:-1"},"canonical":"https:\/\/idakorea.ee\/fi\/product\/medicube-pdrn-lip-sleeping-mask\/","og_locale":"fi_FI","og_type":"article","og_title":"Medicube PDRN Lip Sleeping Mask, 10g - IDA.KOREA","og_description":"MEDICUBE PDRN Lip Sleeping Mask on intensiivselt niisutav ja taastav huulemask, mis t\u00f6\u00f6tab une ajal, et muuta huuled pehmeks, siledaks ja eluj\u00f5uliseks.","og_url":"https:\/\/idakorea.ee\/fi\/product\/medicube-pdrn-lip-sleeping-mask\/","og_site_name":"IDA.KOREA","article_modified_time":"2026-02-17T18:12:01+00:00","og_image":[{"width":900,"height":900,"url":"https:\/\/idakorea.ee\/wp-content\/uploads\/2025\/04\/medicube-lipmask-idakorea.ee_.png","type":"image\/png"}],"twitter_card":"summary_large_image","twitter_misc":{"Arvioitu lukuaika":"1 minuutti"},"schema":{"@context":"https:\/\/schema.org","@graph":[{"@type":"WebPage","@id":"https:\/\/idakorea.ee\/product\/medicube-pdrn-lip-sleeping-mask\/","url":"https:\/\/idakorea.ee\/product\/medicube-pdrn-lip-sleeping-mask\/","name":"Medicube PDRN huulinaamio, 10g - IDA.KOREA","isPartOf":{"@id":"https:\/\/idakorea.ee\/#website"},"primaryImageOfPage":{"@id":"https:\/\/idakorea.ee\/product\/medicube-pdrn-lip-sleeping-mask\/#primaryimage"},"image":{"@id":"https:\/\/idakorea.ee\/product\/medicube-pdrn-lip-sleeping-mask\/#primaryimage"},"thumbnailUrl":"https:\/\/idakorea.ee\/wp-content\/uploads\/2025\/04\/medicube-lipmask-idakorea.ee_.png","datePublished":"2025-04-29T12:14:15+00:00","dateModified":"2026-02-17T18:12:01+00:00","description":"MEDICUBE PDRN Lip Sleeping Mask on tehokkaasti kosteuttava ja palauttava huulinaamio, joka toimii nukkuessasi tehden huulista pehme\u00e4t, sile\u00e4t ja elinvoimaiset.","breadcrumb":{"@id":"https:\/\/idakorea.ee\/product\/medicube-pdrn-lip-sleeping-mask\/#breadcrumb"},"inLanguage":"fi","potentialAction":[{"@type":"ReadAction","target":["https:\/\/idakorea.ee\/product\/medicube-pdrn-lip-sleeping-mask\/"]}]},{"@type":"ImageObject","inLanguage":"fi","@id":"https:\/\/idakorea.ee\/product\/medicube-pdrn-lip-sleeping-mask\/#primaryimage","url":"https:\/\/idakorea.ee\/wp-content\/uploads\/2025\/04\/medicube-lipmask-idakorea.ee_.png","contentUrl":"https:\/\/idakorea.ee\/wp-content\/uploads\/2025\/04\/medicube-lipmask-idakorea.ee_.png","width":900,"height":900},{"@type":"BreadcrumbList","@id":"https:\/\/idakorea.ee\/product\/medicube-pdrn-lip-sleeping-mask\/#breadcrumb","itemListElement":[{"@type":"ListItem","position":1,"name":"\u0413\u043b\u0430\u0432\u043d\u0430\u044f \u0441\u0442\u0440\u0430\u043d\u0438\u0446\u0430","item":"https:\/\/idakorea.ee\/"},{"@type":"ListItem","position":2,"name":"Shop","item":"https:\/\/idakorea.ee\/shop-2\/"},{"@type":"ListItem","position":3,"name":"Toitev huulemask Medicube PDRN Lip Sleeping Mask, 10g"}]},{"@type":"WebSite","@id":"https:\/\/idakorea.ee\/#website","url":"https:\/\/idakorea.ee\/","name":"IDA.KOREA","description":"Korean kosmetiikan verkkokauppa","publisher":{"@id":"https:\/\/idakorea.ee\/#organization"},"alternateName":"Beauty Shop","potentialAction":[{"@type":"SearchAction","target":{"@type":"EntryPoint","urlTemplate":"https:\/\/idakorea.ee\/?s={search_term_string}"},"query-input":{"@type":"PropertyValueSpecification","valueRequired":true,"valueName":"search_term_string"}}],"inLanguage":"fi"},{"@type":"Organization","@id":"https:\/\/idakorea.ee\/#organization","name":"IDA.KOREA","url":"https:\/\/idakorea.ee\/","logo":{"@type":"ImageObject","inLanguage":"fi","@id":"https:\/\/idakorea.ee\/#\/schema\/logo\/image\/","url":"https:\/\/idakorea.ee\/wp-content\/uploads\/2024\/05\/cropped-korea3.png","contentUrl":"https:\/\/idakorea.ee\/wp-content\/uploads\/2024\/05\/cropped-korea3.png","width":688,"height":126,"caption":"IDA.KOREA"},"image":{"@id":"https:\/\/idakorea.ee\/#\/schema\/logo\/image\/"},"sameAs":["https:\/\/www.instagram.com\/ida.korea\/"]}]}},"jetpack_sharing_enabled":true,"brands":[{"id":490,"name":"MEDICUBE","slug":"medicube"}],"_links":{"self":[{"href":"https:\/\/idakorea.ee\/fi\/wp-json\/wp\/v2\/product\/13732","targetHints":{"allow":["GET"]}}],"collection":[{"href":"https:\/\/idakorea.ee\/fi\/wp-json\/wp\/v2\/product"}],"about":[{"href":"https:\/\/idakorea.ee\/fi\/wp-json\/wp\/v2\/types\/product"}],"replies":[{"embeddable":true,"href":"https:\/\/idakorea.ee\/fi\/wp-json\/wp\/v2\/comments?post=13732"}],"version-history":[{"count":5,"href":"https:\/\/idakorea.ee\/fi\/wp-json\/wp\/v2\/product\/13732\/revisions"}],"predecessor-version":[{"id":17503,"href":"https:\/\/idakorea.ee\/fi\/wp-json\/wp\/v2\/product\/13732\/revisions\/17503"}],"wp:featuredmedia":[{"embeddable":true,"href":"https:\/\/idakorea.ee\/fi\/wp-json\/wp\/v2\/media\/13733"}],"wp:attachment":[{"href":"https:\/\/idakorea.ee\/fi\/wp-json\/wp\/v2\/media?parent=13732"}],"wp:term":[{"taxonomy":"pwb-brand","embeddable":true,"href":"https:\/\/idakorea.ee\/fi\/wp-json\/wp\/v2\/pwb-brand?post=13732"},{"taxonomy":"product_brand","embeddable":true,"href":"https:\/\/idakorea.ee\/fi\/wp-json\/wp\/v2\/product_brand?post=13732"},{"taxonomy":"product_cat","embeddable":true,"href":"https:\/\/idakorea.ee\/fi\/wp-json\/wp\/v2\/product_cat?post=13732"},{"taxonomy":"product_tag","embeddable":true,"href":"https:\/\/idakorea.ee\/fi\/wp-json\/wp\/v2\/product_tag?post=13732"}],"curies":[{"name":"wp","href":"https:\/\/api.w.org\/{rel}","templated":true}]}}