{"id":13752,"date":"2025-05-02T12:59:34","date_gmt":"2025-05-02T10:59:34","guid":{"rendered":"https:\/\/idakorea.ee\/?post_type=product&#038;p=13752"},"modified":"2026-04-08T11:38:56","modified_gmt":"2026-04-08T09:38:56","slug":"beauty-of-joseon-ginseng-moist-sun-serum","status":"publish","type":"product","link":"https:\/\/idakorea.ee\/fi\/product\/beauty-of-joseon-ginseng-moist-sun-serum\/","title":{"rendered":"Aurinkoseerumi Beauty of Joseon Ginseng Moist Sun Serum SPF50+ PA++++, 50 ml Viimeinen k\u00e4ytt\u00f6p\u00e4iv\u00e4 09.07.2026"},"content":{"rendered":"<p class=\"\" data-start=\"150\" data-end=\"359\">Kevyt aurinkoseerumi, joka tarjoaa sek\u00e4 tehohoitoa ett\u00e4 korkean aurinkosuojan iholle. Suojaa haitalliselta UV-s\u00e4teilylt\u00e4, auttaa yll\u00e4pit\u00e4m\u00e4\u00e4n ihon kimmoisuutta ja ehk\u00e4isee ik\u00e4\u00e4ntymisen merkkej\u00e4.<\/p>\n<p class=\"\" data-start=\"361\" data-end=\"658\">Seerumi sis\u00e4lt\u00e4\u00e4 <strong data-start=\"377\" data-end=\"403\">30% Ginseng-uute<\/strong> \u2013 juuresta, marjoista ja lehdist\u00e4 saatava uute, joka tunnetaan perinteisess\u00e4 it\u00e4maisessa l\u00e4\u00e4ketieteess\u00e4 palauttavista ja elvytt\u00e4vist\u00e4 vaikutuksistaan. Ginseng sis\u00e4lt\u00e4\u00e4 <strong data-start=\"547\" data-end=\"561\">saponiinit<\/strong>jotka edist\u00e4v\u00e4t solujen uusiutumista, hidastavat ihon ik\u00e4\u00e4ntymist\u00e4 ja parantavat sen kimmoisuutta.<\/p>\n<p class=\"\" data-start=\"660\" data-end=\"839\">Ei j\u00e4t\u00e4 valkoisia raitoja tai tahmeaa tunnetta, antaa raikkaan lopputuloksen ja on hyv\u00e4 meikinpohjustaja. Ei sis\u00e4ll\u00e4 pinta-aktiivisia aineita tai keinotekoisia v\u00e4riaineita.<\/p>\n<p class=\"\" data-start=\"841\" data-end=\"1007\">Suojaa valon aiheuttamalta ik\u00e4\u00e4ntymiselt\u00e4, auringonpolttamalta ja pigmenttil\u00e4iskilt\u00e4 k\u00e4ytt\u00e4m\u00e4ll\u00e4 uusimman sukupolven fotostabiileja kemiallisia suodattimia, jotka suojaavat jopa 8 tuntia:<\/p>\n<ul data-start=\"1009\" data-end=\"1429\">\n<li class=\"\" data-start=\"1009\" data-end=\"1095\">\n<p class=\"\" data-start=\"1011\" data-end=\"1095\"><strong data-start=\"1011\" data-end=\"1028\">Uvinul A Plus<\/strong> (Dietyyliaminohydroksibentsoyyliheksyylibentsoaatti) \u2013 UVA-s\u00e4teily\u00e4 vastaan<\/p>\n<\/li>\n<li class=\"\" data-start=\"1096\" data-end=\"1158\">\n<p class=\"\" data-start=\"1098\" data-end=\"1158\"><strong data-start=\"1098\" data-end=\"1114\">Uvinul T 150<\/strong> (Etyyliheksyylitriatsoni) \u2013 UVB-s\u00e4teily\u00e4 vastaan<\/p>\n<\/li>\n<li class=\"\" data-start=\"1159\" data-end=\"1262\">\n<p class=\"\" data-start=\"1161\" data-end=\"1262\"><strong data-start=\"1161\" data-end=\"1175\">Tinosorb S<\/strong> (Bis-etyyliheksyylioksifenoli-metoksifenyylitriatsiini) \u2013 laajakirjoinen UVA- ja UVB-suoja<\/p>\n<\/li>\n<li class=\"\" data-start=\"1263\" data-end=\"1335\">\n<p class=\"\" data-start=\"1265\" data-end=\"1335\"><strong data-start=\"1265\" data-end=\"1278\">Amiloksaatti<\/strong> (Isoamyyli-p-metoksisinnamaatti) - UVB-suoja (290\u2013320 nm)<\/p>\n<\/li>\n<li class=\"\" data-start=\"1336\" data-end=\"1429\">\n<p class=\"\" data-start=\"1338\" data-end=\"1429\"><strong data-start=\"1338\" data-end=\"1352\">Parsol SLX<\/strong> (Polysilicone-15) \u2013 UVB-suoja, antaa rasvattoman ja miellytt\u00e4v\u00e4n lopputuloksen<\/p>\n<\/li>\n<\/ul>\n<p data-start=\"1431\" data-end=\"1455\"><strong data-start=\"1435\" data-end=\"1455\">Lis\u00e4komponentit:<\/strong><\/p>\n<ul data-start=\"1456\" data-end=\"1853\">\n<li class=\"\" data-start=\"1456\" data-end=\"1613\">\n<p class=\"\" data-start=\"1458\" data-end=\"1613\"><strong data-start=\"1458\" data-end=\"1479\">2%-niasiiniamidi<\/strong> \u2013 vaalentaa ik\u00e4l\u00e4iski\u00e4, v\u00e4hent\u00e4\u00e4 kiiltoa ja s\u00e4\u00e4telee talin erityst\u00e4, vahvistaa ihon puolustuskyky\u00e4 ja stimuloi kollageenin tuotantoa.<\/p>\n<\/li>\n<li class=\"\" data-start=\"1614\" data-end=\"1687\">\n<p class=\"\" data-start=\"1616\" data-end=\"1687\"><strong data-start=\"1616\" data-end=\"1629\">Oliivi\u00f6ljy<\/strong> \u2013 ravitsee syv\u00e4lt\u00e4, pehment\u00e4\u00e4 ja tekee ihosta samettisen.<\/p>\n<\/li>\n<li class=\"\" data-start=\"1688\" data-end=\"1750\">\n<p class=\"\" data-start=\"1690\" data-end=\"1750\"><strong data-start=\"1690\" data-end=\"1705\">Jasmiini\u00f6ljy<\/strong> \u2013 kosteuttaa ja silottaa, hidastaa ik\u00e4\u00e4ntymisen merkkej\u00e4.<\/p>\n<\/li>\n<li class=\"\" data-start=\"1751\" data-end=\"1853\">\n<p class=\"\" data-start=\"1753\" data-end=\"1853\"><strong data-start=\"1753\" data-end=\"1766\">Adenos<\/strong> \u2013 vahvistaa ja kiinteytt\u00e4\u00e4, silottaa juonteita ja stimuloi kollageenisynteesi\u00e4.<\/p>\n<\/li>\n<\/ul>\n<p class=\"\" data-start=\"1855\" data-end=\"1916\">Sopii normaalille, sekaiholle ja kuivalle iholle.<\/p>\n<p data-start=\"1923\" data-end=\"1942\"><strong data-start=\"1927\" data-end=\"1942\">K\u00e4ytt\u00f6:<\/strong><\/p>\n<p class=\"\" data-start=\"1943\" data-end=\"2116\">Levit\u00e4 noin 1,2 ml seerumia kasvoille ja kaulalle sek\u00e4 tarvittaessa muille paljaille ihoalueille. Jos iho altistuu auringolle pidemp\u00e4\u00e4n, levit\u00e4 uudelleen 2\u20133 tunnin v\u00e4lein.<\/p>","protected":false},"excerpt":{"rendered":"<p>Kevyt aurinkoseerumi, joka tarjoaa sek\u00e4 intensiivist\u00e4 hoitoa ett\u00e4 korkeaa aurinkosuojaa. Suojaa haitallisilta UV-s\u00e4teilt\u00e4, auttaa yll\u00e4pit\u00e4m\u00e4\u00e4n ihon kimmoisuutta ja sill\u00e4 on anti-ageing-ominaisuuksia. Seerumi sis\u00e4lt\u00e4\u00e4 30% ginseng-uutetta - juurista, marjoista ja lehdist\u00e4 saatua uutetta, joka tunnetaan perinteisess\u00e4 it\u00e4maisessa l\u00e4\u00e4ketieteess\u00e4 palauttavista ja elvytt\u00e4vist\u00e4 ominaisuuksistaan. Ginseng sis\u00e4lt\u00e4\u00e4 saponiineja, jotka edist\u00e4v\u00e4t solujen uusiutumista,...<\/p>","protected":false},"featured_media":13753,"comment_status":"open","ping_status":"closed","template":"","meta":{"_uf_show_specific_survey":0,"_uf_disable_surveys":false,"_bst_post_transparent":"default","_bst_post_title":"","_bst_post_layout":"default","_bst_post_sidebar_id":"","_bst_post_content_style":"default","_bst_post_vertical_padding":"default","_bst_post_feature":"","_bst_post_feature_position":"","_bst_post_header":false,"_bst_post_footer":false},"pwb-brand":[880],"product_brand":[],"product_cat":[101],"product_tag":[881],"class_list":{"0":"post-13752","1":"product","2":"type-product","3":"status-publish","4":"has-post-thumbnail","6":"pwb-brand-beauty-of-joseon","7":"product_cat-paikesekaitse","8":"product_tag-sun-serum","10":"first","11":"instock","12":"sale","13":"shipping-taxable","14":"purchasable","15":"product-type-simple","16":"entry","17":"content-bg","18":"loop-entry"},"supplier_id":null,"supplier_sku":"","barcode":null,"atum_controlled":true,"out_stock_date":null,"out_stock_threshold":null,"inheritable":false,"inbound_stock":0,"stock_on_hold":0,"sold_today":0,"sales_last_days":4,"out_stock_days":0,"lost_sales":0,"has_location":false,"update_date":"2026-04-14T00:05:03","atum_locations":[],"atum_stock_status":"instock","restock_status":true,"low_stock_amount":"","sales_update_date":"2026-04-14T00:05:03","calc_backorders":null,"yoast_head":"<!-- This site is optimized with the Yoast SEO plugin v27.2 - https:\/\/yoast.com\/product\/yoast-seo-wordpress\/ -->\n<title>Beauty of Joseon Ginseng Moist Sun Serum SPF50+ PA++++, 50 ml - IDA.KOREA<\/title>\n<meta name=\"description\" content=\"P\u00e4ikeseseerum, mis pakub nahale intensiivset hooldust ja k\u00f5rget p\u00e4ikesekaitset. Aitab s\u00e4ilitada naha elastsust ja omab vananemisvastast toimet.\" \/>\n<meta name=\"robots\" content=\"index, follow, max-snippet:-1, max-image-preview:large, max-video-preview:-1\" \/>\n<link rel=\"canonical\" href=\"https:\/\/idakorea.ee\/fi\/product\/beauty-of-joseon-ginseng-moist-sun-serum\/\" \/>\n<meta property=\"og:locale\" content=\"fi_FI\" \/>\n<meta property=\"og:type\" content=\"article\" \/>\n<meta property=\"og:title\" content=\"Beauty of Joseon Ginseng Moist Sun Serum SPF50+ PA++++, 50 ml - IDA.KOREA\" \/>\n<meta property=\"og:description\" content=\"P\u00e4ikeseseerum, mis pakub nahale intensiivset hooldust ja k\u00f5rget p\u00e4ikesekaitset. Aitab s\u00e4ilitada naha elastsust ja omab vananemisvastast toimet.\" \/>\n<meta property=\"og:url\" content=\"https:\/\/idakorea.ee\/fi\/product\/beauty-of-joseon-ginseng-moist-sun-serum\/\" \/>\n<meta property=\"og:site_name\" content=\"IDA.KOREA\" \/>\n<meta property=\"article:modified_time\" content=\"2026-04-08T09:38:56+00:00\" \/>\n<meta property=\"og:image\" content=\"https:\/\/idakorea.ee\/wp-content\/uploads\/2025\/05\/beauty-of-joseon-ginseng-moist-sun-serum-spf50_-pa_idakorea.ee_.jpg\" \/>\n\t<meta property=\"og:image:width\" content=\"1000\" \/>\n\t<meta property=\"og:image:height\" content=\"1000\" \/>\n\t<meta property=\"og:image:type\" content=\"image\/jpeg\" \/>\n<meta name=\"twitter:card\" content=\"summary_large_image\" \/>\n<meta name=\"twitter:label1\" content=\"Arvioitu lukuaika\" \/>\n\t<meta name=\"twitter:data1\" content=\"2 minuuttia\" \/>\n<script type=\"application\/ld+json\" class=\"yoast-schema-graph\">{\"@context\":\"https:\/\/schema.org\",\"@graph\":[{\"@type\":\"WebPage\",\"@id\":\"https:\/\/idakorea.ee\/product\/beauty-of-joseon-ginseng-moist-sun-serum\/\",\"url\":\"https:\/\/idakorea.ee\/product\/beauty-of-joseon-ginseng-moist-sun-serum\/\",\"name\":\"Beauty of Joseon Ginseng Moist Sun Serum SPF50+ PA++++, 50 ml - IDA.KOREA\",\"isPartOf\":{\"@id\":\"https:\/\/idakorea.ee\/#website\"},\"primaryImageOfPage\":{\"@id\":\"https:\/\/idakorea.ee\/product\/beauty-of-joseon-ginseng-moist-sun-serum\/#primaryimage\"},\"image\":{\"@id\":\"https:\/\/idakorea.ee\/product\/beauty-of-joseon-ginseng-moist-sun-serum\/#primaryimage\"},\"thumbnailUrl\":\"https:\/\/idakorea.ee\/wp-content\/uploads\/2025\/05\/beauty-of-joseon-ginseng-moist-sun-serum-spf50_-pa_idakorea.ee_.jpg\",\"datePublished\":\"2025-05-02T10:59:34+00:00\",\"dateModified\":\"2026-04-08T09:38:56+00:00\",\"description\":\"P\u00e4ikeseseerum, mis pakub nahale intensiivset hooldust ja k\u00f5rget p\u00e4ikesekaitset. Aitab s\u00e4ilitada naha elastsust ja omab vananemisvastast toimet.\",\"breadcrumb\":{\"@id\":\"https:\/\/idakorea.ee\/product\/beauty-of-joseon-ginseng-moist-sun-serum\/#breadcrumb\"},\"inLanguage\":\"fi\",\"potentialAction\":[{\"@type\":\"ReadAction\",\"target\":[\"https:\/\/idakorea.ee\/product\/beauty-of-joseon-ginseng-moist-sun-serum\/\"]}]},{\"@type\":\"ImageObject\",\"inLanguage\":\"fi\",\"@id\":\"https:\/\/idakorea.ee\/product\/beauty-of-joseon-ginseng-moist-sun-serum\/#primaryimage\",\"url\":\"https:\/\/idakorea.ee\/wp-content\/uploads\/2025\/05\/beauty-of-joseon-ginseng-moist-sun-serum-spf50_-pa_idakorea.ee_.jpg\",\"contentUrl\":\"https:\/\/idakorea.ee\/wp-content\/uploads\/2025\/05\/beauty-of-joseon-ginseng-moist-sun-serum-spf50_-pa_idakorea.ee_.jpg\",\"width\":1000,\"height\":1000},{\"@type\":\"BreadcrumbList\",\"@id\":\"https:\/\/idakorea.ee\/product\/beauty-of-joseon-ginseng-moist-sun-serum\/#breadcrumb\",\"itemListElement\":[{\"@type\":\"ListItem\",\"position\":1,\"name\":\"\u0413\u043b\u0430\u0432\u043d\u0430\u044f \u0441\u0442\u0440\u0430\u043d\u0438\u0446\u0430\",\"item\":\"https:\/\/idakorea.ee\/\"},{\"@type\":\"ListItem\",\"position\":2,\"name\":\"Shop\",\"item\":\"https:\/\/idakorea.ee\/shop-2\/\"},{\"@type\":\"ListItem\",\"position\":3,\"name\":\"P\u00e4ikesekaitse seerum Beauty of Joseon Ginseng Moist Sun Serum SPF50+ PA++++, 50 ml EXP 09.07.2026\"}]},{\"@type\":\"WebSite\",\"@id\":\"https:\/\/idakorea.ee\/#website\",\"url\":\"https:\/\/idakorea.ee\/\",\"name\":\"IDA.KOREA\",\"description\":\"Korea kosmeetika e-pood\",\"publisher\":{\"@id\":\"https:\/\/idakorea.ee\/#organization\"},\"alternateName\":\"Beauty Shop\",\"potentialAction\":[{\"@type\":\"SearchAction\",\"target\":{\"@type\":\"EntryPoint\",\"urlTemplate\":\"https:\/\/idakorea.ee\/?s={search_term_string}\"},\"query-input\":{\"@type\":\"PropertyValueSpecification\",\"valueRequired\":true,\"valueName\":\"search_term_string\"}}],\"inLanguage\":\"fi\"},{\"@type\":\"Organization\",\"@id\":\"https:\/\/idakorea.ee\/#organization\",\"name\":\"IDA.KOREA\",\"url\":\"https:\/\/idakorea.ee\/\",\"logo\":{\"@type\":\"ImageObject\",\"inLanguage\":\"fi\",\"@id\":\"https:\/\/idakorea.ee\/#\/schema\/logo\/image\/\",\"url\":\"https:\/\/idakorea.ee\/wp-content\/uploads\/2024\/05\/cropped-korea3.png\",\"contentUrl\":\"https:\/\/idakorea.ee\/wp-content\/uploads\/2024\/05\/cropped-korea3.png\",\"width\":688,\"height\":126,\"caption\":\"IDA.KOREA\"},\"image\":{\"@id\":\"https:\/\/idakorea.ee\/#\/schema\/logo\/image\/\"},\"sameAs\":[\"https:\/\/www.instagram.com\/ida.korea\/\"]}]}<\/script>\n<!-- \/ Yoast SEO plugin. -->","yoast_head_json":{"title":"Beauty of Joseon Ginseng Moist -aurinkoseerumi SPF50+ PA++++, 50 ml - IDA.KOREA","description":"Aurinkoseerumi, joka tarjoaa tehohoitoa ja korkean aurinkosuojan iholle. Auttaa yll\u00e4pit\u00e4m\u00e4\u00e4n ihon kimmoisuutta ja sill\u00e4 on ik\u00e4\u00e4ntymist\u00e4 ehk\u00e4isevi\u00e4 vaikutuksia.","robots":{"index":"index","follow":"follow","max-snippet":"max-snippet:-1","max-image-preview":"max-image-preview:large","max-video-preview":"max-video-preview:-1"},"canonical":"https:\/\/idakorea.ee\/fi\/product\/beauty-of-joseon-ginseng-moist-sun-serum\/","og_locale":"fi_FI","og_type":"article","og_title":"Beauty of Joseon Ginseng Moist Sun Serum SPF50+ PA++++, 50 ml - IDA.KOREA","og_description":"P\u00e4ikeseseerum, mis pakub nahale intensiivset hooldust ja k\u00f5rget p\u00e4ikesekaitset. Aitab s\u00e4ilitada naha elastsust ja omab vananemisvastast toimet.","og_url":"https:\/\/idakorea.ee\/fi\/product\/beauty-of-joseon-ginseng-moist-sun-serum\/","og_site_name":"IDA.KOREA","article_modified_time":"2026-04-08T09:38:56+00:00","og_image":[{"width":1000,"height":1000,"url":"https:\/\/idakorea.ee\/wp-content\/uploads\/2025\/05\/beauty-of-joseon-ginseng-moist-sun-serum-spf50_-pa_idakorea.ee_.jpg","type":"image\/jpeg"}],"twitter_card":"summary_large_image","twitter_misc":{"Arvioitu lukuaika":"2 minuuttia"},"schema":{"@context":"https:\/\/schema.org","@graph":[{"@type":"WebPage","@id":"https:\/\/idakorea.ee\/product\/beauty-of-joseon-ginseng-moist-sun-serum\/","url":"https:\/\/idakorea.ee\/product\/beauty-of-joseon-ginseng-moist-sun-serum\/","name":"Beauty of Joseon Ginseng Moist -aurinkoseerumi SPF50+ PA++++, 50 ml - IDA.KOREA","isPartOf":{"@id":"https:\/\/idakorea.ee\/#website"},"primaryImageOfPage":{"@id":"https:\/\/idakorea.ee\/product\/beauty-of-joseon-ginseng-moist-sun-serum\/#primaryimage"},"image":{"@id":"https:\/\/idakorea.ee\/product\/beauty-of-joseon-ginseng-moist-sun-serum\/#primaryimage"},"thumbnailUrl":"https:\/\/idakorea.ee\/wp-content\/uploads\/2025\/05\/beauty-of-joseon-ginseng-moist-sun-serum-spf50_-pa_idakorea.ee_.jpg","datePublished":"2025-05-02T10:59:34+00:00","dateModified":"2026-04-08T09:38:56+00:00","description":"Aurinkoseerumi, joka tarjoaa tehohoitoa ja korkean aurinkosuojan iholle. Auttaa yll\u00e4pit\u00e4m\u00e4\u00e4n ihon kimmoisuutta ja sill\u00e4 on ik\u00e4\u00e4ntymist\u00e4 ehk\u00e4isevi\u00e4 vaikutuksia.","breadcrumb":{"@id":"https:\/\/idakorea.ee\/product\/beauty-of-joseon-ginseng-moist-sun-serum\/#breadcrumb"},"inLanguage":"fi","potentialAction":[{"@type":"ReadAction","target":["https:\/\/idakorea.ee\/product\/beauty-of-joseon-ginseng-moist-sun-serum\/"]}]},{"@type":"ImageObject","inLanguage":"fi","@id":"https:\/\/idakorea.ee\/product\/beauty-of-joseon-ginseng-moist-sun-serum\/#primaryimage","url":"https:\/\/idakorea.ee\/wp-content\/uploads\/2025\/05\/beauty-of-joseon-ginseng-moist-sun-serum-spf50_-pa_idakorea.ee_.jpg","contentUrl":"https:\/\/idakorea.ee\/wp-content\/uploads\/2025\/05\/beauty-of-joseon-ginseng-moist-sun-serum-spf50_-pa_idakorea.ee_.jpg","width":1000,"height":1000},{"@type":"BreadcrumbList","@id":"https:\/\/idakorea.ee\/product\/beauty-of-joseon-ginseng-moist-sun-serum\/#breadcrumb","itemListElement":[{"@type":"ListItem","position":1,"name":"\u0413\u043b\u0430\u0432\u043d\u0430\u044f \u0441\u0442\u0440\u0430\u043d\u0438\u0446\u0430","item":"https:\/\/idakorea.ee\/"},{"@type":"ListItem","position":2,"name":"Shop","item":"https:\/\/idakorea.ee\/shop-2\/"},{"@type":"ListItem","position":3,"name":"P\u00e4ikesekaitse seerum Beauty of Joseon Ginseng Moist Sun Serum SPF50+ PA++++, 50 ml EXP 09.07.2026"}]},{"@type":"WebSite","@id":"https:\/\/idakorea.ee\/#website","url":"https:\/\/idakorea.ee\/","name":"IDA.KOREA","description":"Korean kosmetiikan verkkokauppa","publisher":{"@id":"https:\/\/idakorea.ee\/#organization"},"alternateName":"Beauty Shop","potentialAction":[{"@type":"SearchAction","target":{"@type":"EntryPoint","urlTemplate":"https:\/\/idakorea.ee\/?s={search_term_string}"},"query-input":{"@type":"PropertyValueSpecification","valueRequired":true,"valueName":"search_term_string"}}],"inLanguage":"fi"},{"@type":"Organization","@id":"https:\/\/idakorea.ee\/#organization","name":"IDA.KOREA","url":"https:\/\/idakorea.ee\/","logo":{"@type":"ImageObject","inLanguage":"fi","@id":"https:\/\/idakorea.ee\/#\/schema\/logo\/image\/","url":"https:\/\/idakorea.ee\/wp-content\/uploads\/2024\/05\/cropped-korea3.png","contentUrl":"https:\/\/idakorea.ee\/wp-content\/uploads\/2024\/05\/cropped-korea3.png","width":688,"height":126,"caption":"IDA.KOREA"},"image":{"@id":"https:\/\/idakorea.ee\/#\/schema\/logo\/image\/"},"sameAs":["https:\/\/www.instagram.com\/ida.korea\/"]}]}},"jetpack_sharing_enabled":true,"brands":[{"id":880,"name":"JOSEONIN KAUNEUS","slug":"beauty-of-joseon"}],"_links":{"self":[{"href":"https:\/\/idakorea.ee\/fi\/wp-json\/wp\/v2\/product\/13752","targetHints":{"allow":["GET"]}}],"collection":[{"href":"https:\/\/idakorea.ee\/fi\/wp-json\/wp\/v2\/product"}],"about":[{"href":"https:\/\/idakorea.ee\/fi\/wp-json\/wp\/v2\/types\/product"}],"replies":[{"embeddable":true,"href":"https:\/\/idakorea.ee\/fi\/wp-json\/wp\/v2\/comments?post=13752"}],"version-history":[{"count":5,"href":"https:\/\/idakorea.ee\/fi\/wp-json\/wp\/v2\/product\/13752\/revisions"}],"predecessor-version":[{"id":18009,"href":"https:\/\/idakorea.ee\/fi\/wp-json\/wp\/v2\/product\/13752\/revisions\/18009"}],"wp:featuredmedia":[{"embeddable":true,"href":"https:\/\/idakorea.ee\/fi\/wp-json\/wp\/v2\/media\/13753"}],"wp:attachment":[{"href":"https:\/\/idakorea.ee\/fi\/wp-json\/wp\/v2\/media?parent=13752"}],"wp:term":[{"taxonomy":"pwb-brand","embeddable":true,"href":"https:\/\/idakorea.ee\/fi\/wp-json\/wp\/v2\/pwb-brand?post=13752"},{"taxonomy":"product_brand","embeddable":true,"href":"https:\/\/idakorea.ee\/fi\/wp-json\/wp\/v2\/product_brand?post=13752"},{"taxonomy":"product_cat","embeddable":true,"href":"https:\/\/idakorea.ee\/fi\/wp-json\/wp\/v2\/product_cat?post=13752"},{"taxonomy":"product_tag","embeddable":true,"href":"https:\/\/idakorea.ee\/fi\/wp-json\/wp\/v2\/product_tag?post=13752"}],"curies":[{"name":"wp","href":"https:\/\/api.w.org\/{rel}","templated":true}]}}