{"id":13759,"date":"2025-05-02T13:13:55","date_gmt":"2025-05-02T11:13:55","guid":{"rendered":"https:\/\/idakorea.ee\/?post_type=product&#038;p=13759"},"modified":"2026-01-30T10:10:35","modified_gmt":"2026-01-30T08:10:35","slug":"skin1004-madagascar-centella-probio-cica-glow-sun-ampoule","status":"publish","type":"product","link":"https:\/\/idakorea.ee\/fi\/product\/skin1004-madagascar-centella-probio-cica-glow-sun-ampoule\/","title":{"rendered":"Kosteuttava aurinkosuojavoide, jolla on s\u00e4teilev\u00e4 vaikutus SKIN1004 Madagascar Centella Probio-Cica Glow Sun Ampoule SPF50+ PA++++, 50ml."},"content":{"rendered":"<p>Hell\u00e4varainen, monivaikutteinen aurinkosuoja, joka ei j\u00e4t\u00e4 valkoista l\u00e4isk\u00e4\u00e4, kosteuttaa tehokkaasti ja antaa iholle luonnollisen hehkun.<\/p>\n<p>Suojaa auringonpolttamilta, pigmenttil\u00e4iskilt\u00e4 ja valoik\u00e4\u00e4ntymiselt\u00e4.<br \/>\nRauhoittaa ja viilent\u00e4\u00e4 ihoa hieman levitettyn\u00e4.<br \/>\nJ\u00e4tt\u00e4\u00e4 ihon pehme\u00e4ksi ja sile\u00e4ksi, ei tee siit\u00e4 rasvaista.<br \/>\nSopii p\u00e4ivitt\u00e4iseen k\u00e4ytt\u00f6\u00f6n kaupunkiymp\u00e4rist\u00f6ss\u00e4 \u2013 ei tarvitse uusia jopa 8 tuntiin valonkest\u00e4v\u00e4n kemiallisen suodattimen ansiosta:<\/p>\n<ul>\n<li><strong>Uvinul A Plus<\/strong> (Dietyyliaminohydroksibentsoyyliheksyylibentsoaatti) \u2013 suojaa UVA-s\u00e4teilt\u00e4<\/li>\n<li><strong>Uvinul T 150<\/strong> (Etyyliheksyylitriatsoni) \u2013 suojaa UVB-s\u00e4teilt\u00e4<\/li>\n<li><strong>Tinosorb S<\/strong> (Bis-etyyliheksyylioksifenoli-metoksifenyylitriatsiini) \u2013 laajakirjoinen suodatin<\/li>\n<li><strong>Mexoryl SX<\/strong> (Tereftalylideenidikamforisulfonihappo) \u2013 tehokas UVA-suodatin<\/li>\n<\/ul>\n<p><strong>Aktiiviset ainesosat:<\/strong><\/p>\n<ul>\n<li><strong>TECA<\/strong> (asiatikosidi, madekassiinihappo, asiatic-happo, madekassosidi) \u2013 rauhoittaa, parantaa ihon uudistumista ja vahvistaa verisuonia<\/li>\n<li><strong>Lactobacillus-k\u00e4ymissuodos<\/strong> \u2013 tukee ihon mikrobiomia ja vahvistaa ihon puolustuskyky\u00e4<\/li>\n<li><strong>Pantenoli (B5-vitamiini)<\/strong> \u2013 lievitt\u00e4\u00e4 punoitusta, kutinaa ja \u00e4rsytyst\u00e4 sek\u00e4 edist\u00e4\u00e4 ihon paranemista<\/li>\n<li><strong>Keramidit<\/strong> \u2013 palauttaa ihon suojakerroksen, v\u00e4hent\u00e4\u00e4 kuivuutta ja herkkyytt\u00e4<\/li>\n<li><strong>Niasiiniamidi (B3-vitamiini)<\/strong> \u2013 tasapainottaa talirauhasten erityst\u00e4, kirkastaa ihoa ja tasoittaa ihon s\u00e4vy\u00e4<\/li>\n<li><strong>Macadamia\u00f6ljy<\/strong> \u2013 syv\u00e4kosteuttava ja ravitseva, lievitt\u00e4\u00e4 kuivuutta ja hilseily\u00e4<\/li>\n<\/ul>\n<p>&nbsp;<\/p>\n<p>Sopii normaalille, kuivalle, sekaiholle ja herk\u00e4lle iholle.<\/p>\n<p>&nbsp;<\/p>\n<p><strong>K\u00e4ytt\u00f6:<\/strong><\/p>\n<p>Levit\u00e4 noin 1,2 ml tuotetta kasvoille ja kaulalle tasaisesti. Jos olet suorassa auringonvalossa (esim. rannalla), uusi suojakerros 2\u20133 tunnin v\u00e4lein.<\/p>","protected":false},"excerpt":{"rendered":"<p>Hell\u00e4varainen, monivaikutteinen aurinkosuojavoide, joka ei j\u00e4t\u00e4 valkoisia j\u00e4lki\u00e4, kosteuttaa voimakkaasti ja antaa iholle luonnollisen hehkun. Suojaa auringonpolttamalta, pigmentaatiolta ja valon aiheuttamalta ik\u00e4\u00e4ntymiselt\u00e4. Rauhoittaa ja viilent\u00e4\u00e4 ihoa hell\u00e4varaisesti levityksen j\u00e4lkeen. J\u00e4tt\u00e4\u00e4 ihon pehme\u00e4ksi ja sile\u00e4ksi tekem\u00e4tt\u00e4 siit\u00e4 rasvaista. Soveltuu p\u00e4ivitt\u00e4iseen k\u00e4ytt\u00f6\u00f6n kaupunkiymp\u00e4rist\u00f6ss\u00e4 - ei tarvitse levitt\u00e4\u00e4 uudelleen jopa 8 tuntiin valonkest\u00e4vien kemiallisten suodattimien ansiosta: Uvinul A Plus.....<\/p>","protected":false},"featured_media":13760,"comment_status":"open","ping_status":"closed","template":"","meta":{"_uf_show_specific_survey":0,"_uf_disable_surveys":false,"_bst_post_transparent":"default","_bst_post_title":"","_bst_post_layout":"default","_bst_post_sidebar_id":"","_bst_post_content_style":"default","_bst_post_vertical_padding":"default","_bst_post_feature":"","_bst_post_feature_position":"","_bst_post_header":false,"_bst_post_footer":false},"pwb-brand":[186],"product_brand":[],"product_cat":[101],"product_tag":[567,441,882],"class_list":{"0":"post-13759","1":"product","2":"type-product","3":"status-publish","4":"has-post-thumbnail","6":"pwb-brand-skin1004","7":"product_cat-paikesekaitse","8":"product_tag-glow","9":"product_tag-skin1004","10":"product_tag-sun-spf","12":"first","13":"instock","14":"sale","15":"shipping-taxable","16":"purchasable","17":"product-type-simple","18":"entry","19":"content-bg","20":"loop-entry"},"supplier_id":null,"supplier_sku":"","barcode":null,"atum_controlled":true,"out_stock_date":null,"out_stock_threshold":null,"inheritable":false,"inbound_stock":0,"stock_on_hold":0,"sold_today":0,"sales_last_days":0,"out_stock_days":0,"lost_sales":0,"has_location":false,"update_date":"2026-04-14T00:05:07","atum_locations":[],"atum_stock_status":"instock","restock_status":false,"low_stock_amount":"","sales_update_date":"2026-04-14T00:05:07","calc_backorders":null,"yoast_head":"<!-- This site is optimized with the Yoast SEO plugin v27.2 - https:\/\/yoast.com\/product\/yoast-seo-wordpress\/ -->\n<title>SKIN1004 Madagascar Centella Probio-Cica Glow Sun Ampoule SPF50+ PA++++, 50ml - IDA.KOREA<\/title>\n<meta name=\"description\" content=\"\u00d5rn, mitmetoimeline p\u00e4ikesekaitsekreem, mis ei j\u00e4ta valgeid j\u00e4lgi, niisutab intensiivselt ning annab nahale loomuliku glow-efekti.\u00a0\" \/>\n<meta name=\"robots\" content=\"index, follow, max-snippet:-1, max-image-preview:large, max-video-preview:-1\" \/>\n<link rel=\"canonical\" href=\"https:\/\/idakorea.ee\/fi\/product\/skin1004-madagascar-centella-probio-cica-glow-sun-ampoule\/\" \/>\n<meta property=\"og:locale\" content=\"fi_FI\" \/>\n<meta property=\"og:type\" content=\"article\" \/>\n<meta property=\"og:title\" content=\"SKIN1004 Madagascar Centella Probio-Cica Glow Sun Ampoule SPF50+ PA++++, 50ml - IDA.KOREA\" \/>\n<meta property=\"og:description\" content=\"\u00d5rn, mitmetoimeline p\u00e4ikesekaitsekreem, mis ei j\u00e4ta valgeid j\u00e4lgi, niisutab intensiivselt ning annab nahale loomuliku glow-efekti.\u00a0\" \/>\n<meta property=\"og:url\" content=\"https:\/\/idakorea.ee\/fi\/product\/skin1004-madagascar-centella-probio-cica-glow-sun-ampoule\/\" \/>\n<meta property=\"og:site_name\" content=\"IDA.KOREA\" \/>\n<meta property=\"article:modified_time\" content=\"2026-01-30T08:10:35+00:00\" \/>\n<meta property=\"og:image\" content=\"https:\/\/idakorea.ee\/wp-content\/uploads\/2025\/05\/skin1004-madagascar-centella-probio_cica-glow-sun-ampoule-spf50_-pa_idakorea.ee_.jpg\" \/>\n\t<meta property=\"og:image:width\" content=\"1000\" \/>\n\t<meta property=\"og:image:height\" content=\"1000\" \/>\n\t<meta property=\"og:image:type\" content=\"image\/jpeg\" \/>\n<meta name=\"twitter:card\" content=\"summary_large_image\" \/>\n<meta name=\"twitter:label1\" content=\"Arvioitu lukuaika\" \/>\n\t<meta name=\"twitter:data1\" content=\"2 minuuttia\" \/>\n<script type=\"application\/ld+json\" class=\"yoast-schema-graph\">{\"@context\":\"https:\/\/schema.org\",\"@graph\":[{\"@type\":\"WebPage\",\"@id\":\"https:\/\/idakorea.ee\/product\/skin1004-madagascar-centella-probio-cica-glow-sun-ampoule\/\",\"url\":\"https:\/\/idakorea.ee\/product\/skin1004-madagascar-centella-probio-cica-glow-sun-ampoule\/\",\"name\":\"SKIN1004 Madagascar Centella Probio-Cica Glow Sun Ampoule SPF50+ PA++++, 50ml - IDA.KOREA\",\"isPartOf\":{\"@id\":\"https:\/\/idakorea.ee\/#website\"},\"primaryImageOfPage\":{\"@id\":\"https:\/\/idakorea.ee\/product\/skin1004-madagascar-centella-probio-cica-glow-sun-ampoule\/#primaryimage\"},\"image\":{\"@id\":\"https:\/\/idakorea.ee\/product\/skin1004-madagascar-centella-probio-cica-glow-sun-ampoule\/#primaryimage\"},\"thumbnailUrl\":\"https:\/\/idakorea.ee\/wp-content\/uploads\/2025\/05\/skin1004-madagascar-centella-probio_cica-glow-sun-ampoule-spf50_-pa_idakorea.ee_.jpg\",\"datePublished\":\"2025-05-02T11:13:55+00:00\",\"dateModified\":\"2026-01-30T08:10:35+00:00\",\"description\":\"\u00d5rn, mitmetoimeline p\u00e4ikesekaitsekreem, mis ei j\u00e4ta valgeid j\u00e4lgi, niisutab intensiivselt ning annab nahale loomuliku glow-efekti.\u00a0\",\"breadcrumb\":{\"@id\":\"https:\/\/idakorea.ee\/product\/skin1004-madagascar-centella-probio-cica-glow-sun-ampoule\/#breadcrumb\"},\"inLanguage\":\"fi\",\"potentialAction\":[{\"@type\":\"ReadAction\",\"target\":[\"https:\/\/idakorea.ee\/product\/skin1004-madagascar-centella-probio-cica-glow-sun-ampoule\/\"]}]},{\"@type\":\"ImageObject\",\"inLanguage\":\"fi\",\"@id\":\"https:\/\/idakorea.ee\/product\/skin1004-madagascar-centella-probio-cica-glow-sun-ampoule\/#primaryimage\",\"url\":\"https:\/\/idakorea.ee\/wp-content\/uploads\/2025\/05\/skin1004-madagascar-centella-probio_cica-glow-sun-ampoule-spf50_-pa_idakorea.ee_.jpg\",\"contentUrl\":\"https:\/\/idakorea.ee\/wp-content\/uploads\/2025\/05\/skin1004-madagascar-centella-probio_cica-glow-sun-ampoule-spf50_-pa_idakorea.ee_.jpg\",\"width\":1000,\"height\":1000},{\"@type\":\"BreadcrumbList\",\"@id\":\"https:\/\/idakorea.ee\/product\/skin1004-madagascar-centella-probio-cica-glow-sun-ampoule\/#breadcrumb\",\"itemListElement\":[{\"@type\":\"ListItem\",\"position\":1,\"name\":\"\u0413\u043b\u0430\u0432\u043d\u0430\u044f \u0441\u0442\u0440\u0430\u043d\u0438\u0446\u0430\",\"item\":\"https:\/\/idakorea.ee\/\"},{\"@type\":\"ListItem\",\"position\":2,\"name\":\"Shop\",\"item\":\"https:\/\/idakorea.ee\/shop-2\/\"},{\"@type\":\"ListItem\",\"position\":3,\"name\":\"Niisutav p\u00e4ikesekaitsekreem s\u00e4raefektiga SKIN1004 Madagascar Centella Probio-Cica Glow Sun Ampoule SPF50+ PA++++, 50ml\"}]},{\"@type\":\"WebSite\",\"@id\":\"https:\/\/idakorea.ee\/#website\",\"url\":\"https:\/\/idakorea.ee\/\",\"name\":\"IDA.KOREA\",\"description\":\"Korea kosmeetika e-pood\",\"publisher\":{\"@id\":\"https:\/\/idakorea.ee\/#organization\"},\"alternateName\":\"Beauty Shop\",\"potentialAction\":[{\"@type\":\"SearchAction\",\"target\":{\"@type\":\"EntryPoint\",\"urlTemplate\":\"https:\/\/idakorea.ee\/?s={search_term_string}\"},\"query-input\":{\"@type\":\"PropertyValueSpecification\",\"valueRequired\":true,\"valueName\":\"search_term_string\"}}],\"inLanguage\":\"fi\"},{\"@type\":\"Organization\",\"@id\":\"https:\/\/idakorea.ee\/#organization\",\"name\":\"IDA.KOREA\",\"url\":\"https:\/\/idakorea.ee\/\",\"logo\":{\"@type\":\"ImageObject\",\"inLanguage\":\"fi\",\"@id\":\"https:\/\/idakorea.ee\/#\/schema\/logo\/image\/\",\"url\":\"https:\/\/idakorea.ee\/wp-content\/uploads\/2024\/05\/cropped-korea3.png\",\"contentUrl\":\"https:\/\/idakorea.ee\/wp-content\/uploads\/2024\/05\/cropped-korea3.png\",\"width\":688,\"height\":126,\"caption\":\"IDA.KOREA\"},\"image\":{\"@id\":\"https:\/\/idakorea.ee\/#\/schema\/logo\/image\/\"},\"sameAs\":[\"https:\/\/www.instagram.com\/ida.korea\/\"]}]}<\/script>\n<!-- \/ Yoast SEO plugin. -->","yoast_head_json":{"title":"SKIN1004 Madagascar Centella Probio-Cica Glow Sun Ampoule SPF50+ PA++++, 50ml - IDA.KOREA","description":"Hell\u00e4varainen, monivaikutteinen aurinkosuoja, joka ei j\u00e4t\u00e4 valkoista l\u00e4isk\u00e4\u00e4, kosteuttaa tehokkaasti ja antaa iholle luonnollisen hehkun.\u00a0","robots":{"index":"index","follow":"follow","max-snippet":"max-snippet:-1","max-image-preview":"max-image-preview:large","max-video-preview":"max-video-preview:-1"},"canonical":"https:\/\/idakorea.ee\/fi\/product\/skin1004-madagascar-centella-probio-cica-glow-sun-ampoule\/","og_locale":"fi_FI","og_type":"article","og_title":"SKIN1004 Madagascar Centella Probio-Cica Glow Sun Ampoule SPF50+ PA++++, 50ml - IDA.KOREA","og_description":"\u00d5rn, mitmetoimeline p\u00e4ikesekaitsekreem, mis ei j\u00e4ta valgeid j\u00e4lgi, niisutab intensiivselt ning annab nahale loomuliku glow-efekti.\u00a0","og_url":"https:\/\/idakorea.ee\/fi\/product\/skin1004-madagascar-centella-probio-cica-glow-sun-ampoule\/","og_site_name":"IDA.KOREA","article_modified_time":"2026-01-30T08:10:35+00:00","og_image":[{"width":1000,"height":1000,"url":"https:\/\/idakorea.ee\/wp-content\/uploads\/2025\/05\/skin1004-madagascar-centella-probio_cica-glow-sun-ampoule-spf50_-pa_idakorea.ee_.jpg","type":"image\/jpeg"}],"twitter_card":"summary_large_image","twitter_misc":{"Arvioitu lukuaika":"2 minuuttia"},"schema":{"@context":"https:\/\/schema.org","@graph":[{"@type":"WebPage","@id":"https:\/\/idakorea.ee\/product\/skin1004-madagascar-centella-probio-cica-glow-sun-ampoule\/","url":"https:\/\/idakorea.ee\/product\/skin1004-madagascar-centella-probio-cica-glow-sun-ampoule\/","name":"SKIN1004 Madagascar Centella Probio-Cica Glow Sun Ampoule SPF50+ PA++++, 50ml - IDA.KOREA","isPartOf":{"@id":"https:\/\/idakorea.ee\/#website"},"primaryImageOfPage":{"@id":"https:\/\/idakorea.ee\/product\/skin1004-madagascar-centella-probio-cica-glow-sun-ampoule\/#primaryimage"},"image":{"@id":"https:\/\/idakorea.ee\/product\/skin1004-madagascar-centella-probio-cica-glow-sun-ampoule\/#primaryimage"},"thumbnailUrl":"https:\/\/idakorea.ee\/wp-content\/uploads\/2025\/05\/skin1004-madagascar-centella-probio_cica-glow-sun-ampoule-spf50_-pa_idakorea.ee_.jpg","datePublished":"2025-05-02T11:13:55+00:00","dateModified":"2026-01-30T08:10:35+00:00","description":"Hell\u00e4varainen, monivaikutteinen aurinkosuoja, joka ei j\u00e4t\u00e4 valkoista l\u00e4isk\u00e4\u00e4, kosteuttaa tehokkaasti ja antaa iholle luonnollisen hehkun.\u00a0","breadcrumb":{"@id":"https:\/\/idakorea.ee\/product\/skin1004-madagascar-centella-probio-cica-glow-sun-ampoule\/#breadcrumb"},"inLanguage":"fi","potentialAction":[{"@type":"ReadAction","target":["https:\/\/idakorea.ee\/product\/skin1004-madagascar-centella-probio-cica-glow-sun-ampoule\/"]}]},{"@type":"ImageObject","inLanguage":"fi","@id":"https:\/\/idakorea.ee\/product\/skin1004-madagascar-centella-probio-cica-glow-sun-ampoule\/#primaryimage","url":"https:\/\/idakorea.ee\/wp-content\/uploads\/2025\/05\/skin1004-madagascar-centella-probio_cica-glow-sun-ampoule-spf50_-pa_idakorea.ee_.jpg","contentUrl":"https:\/\/idakorea.ee\/wp-content\/uploads\/2025\/05\/skin1004-madagascar-centella-probio_cica-glow-sun-ampoule-spf50_-pa_idakorea.ee_.jpg","width":1000,"height":1000},{"@type":"BreadcrumbList","@id":"https:\/\/idakorea.ee\/product\/skin1004-madagascar-centella-probio-cica-glow-sun-ampoule\/#breadcrumb","itemListElement":[{"@type":"ListItem","position":1,"name":"\u0413\u043b\u0430\u0432\u043d\u0430\u044f \u0441\u0442\u0440\u0430\u043d\u0438\u0446\u0430","item":"https:\/\/idakorea.ee\/"},{"@type":"ListItem","position":2,"name":"Shop","item":"https:\/\/idakorea.ee\/shop-2\/"},{"@type":"ListItem","position":3,"name":"Niisutav p\u00e4ikesekaitsekreem s\u00e4raefektiga SKIN1004 Madagascar Centella Probio-Cica Glow Sun Ampoule SPF50+ PA++++, 50ml"}]},{"@type":"WebSite","@id":"https:\/\/idakorea.ee\/#website","url":"https:\/\/idakorea.ee\/","name":"IDA.KOREA","description":"Korean kosmetiikan verkkokauppa","publisher":{"@id":"https:\/\/idakorea.ee\/#organization"},"alternateName":"Beauty Shop","potentialAction":[{"@type":"SearchAction","target":{"@type":"EntryPoint","urlTemplate":"https:\/\/idakorea.ee\/?s={search_term_string}"},"query-input":{"@type":"PropertyValueSpecification","valueRequired":true,"valueName":"search_term_string"}}],"inLanguage":"fi"},{"@type":"Organization","@id":"https:\/\/idakorea.ee\/#organization","name":"IDA.KOREA","url":"https:\/\/idakorea.ee\/","logo":{"@type":"ImageObject","inLanguage":"fi","@id":"https:\/\/idakorea.ee\/#\/schema\/logo\/image\/","url":"https:\/\/idakorea.ee\/wp-content\/uploads\/2024\/05\/cropped-korea3.png","contentUrl":"https:\/\/idakorea.ee\/wp-content\/uploads\/2024\/05\/cropped-korea3.png","width":688,"height":126,"caption":"IDA.KOREA"},"image":{"@id":"https:\/\/idakorea.ee\/#\/schema\/logo\/image\/"},"sameAs":["https:\/\/www.instagram.com\/ida.korea\/"]}]}},"jetpack_sharing_enabled":true,"brands":[{"id":186,"name":"SKIN1004","slug":"skin1004"}],"_links":{"self":[{"href":"https:\/\/idakorea.ee\/fi\/wp-json\/wp\/v2\/product\/13759","targetHints":{"allow":["GET"]}}],"collection":[{"href":"https:\/\/idakorea.ee\/fi\/wp-json\/wp\/v2\/product"}],"about":[{"href":"https:\/\/idakorea.ee\/fi\/wp-json\/wp\/v2\/types\/product"}],"replies":[{"embeddable":true,"href":"https:\/\/idakorea.ee\/fi\/wp-json\/wp\/v2\/comments?post=13759"}],"version-history":[{"count":1,"href":"https:\/\/idakorea.ee\/fi\/wp-json\/wp\/v2\/product\/13759\/revisions"}],"predecessor-version":[{"id":13763,"href":"https:\/\/idakorea.ee\/fi\/wp-json\/wp\/v2\/product\/13759\/revisions\/13763"}],"wp:featuredmedia":[{"embeddable":true,"href":"https:\/\/idakorea.ee\/fi\/wp-json\/wp\/v2\/media\/13760"}],"wp:attachment":[{"href":"https:\/\/idakorea.ee\/fi\/wp-json\/wp\/v2\/media?parent=13759"}],"wp:term":[{"taxonomy":"pwb-brand","embeddable":true,"href":"https:\/\/idakorea.ee\/fi\/wp-json\/wp\/v2\/pwb-brand?post=13759"},{"taxonomy":"product_brand","embeddable":true,"href":"https:\/\/idakorea.ee\/fi\/wp-json\/wp\/v2\/product_brand?post=13759"},{"taxonomy":"product_cat","embeddable":true,"href":"https:\/\/idakorea.ee\/fi\/wp-json\/wp\/v2\/product_cat?post=13759"},{"taxonomy":"product_tag","embeddable":true,"href":"https:\/\/idakorea.ee\/fi\/wp-json\/wp\/v2\/product_tag?post=13759"}],"curies":[{"name":"wp","href":"https:\/\/api.w.org\/{rel}","templated":true}]}}