{"id":13833,"date":"2025-05-05T19:07:21","date_gmt":"2025-05-05T17:07:21","guid":{"rendered":"https:\/\/idakorea.ee\/?post_type=product&#038;p=13833"},"modified":"2026-04-05T13:49:54","modified_gmt":"2026-04-05T11:49:54","slug":"round-lab-birch-juice-moisturizing-sun-cushion","status":"publish","type":"product","link":"https:\/\/idakorea.ee\/fi\/product\/round-lab-birch-juice-moisturizing-sun-cushion\/","title":{"rendered":"Auringonsuojavoide-tyyny Round Lab Birch Juice Moisturizing Sun Cushion, 15g"},"content":{"rendered":"<p><strong>Aurinkosuojavoidetyyny Round Lab Birch Juice -kosteuttava aurinkotyyny<\/strong> Viilent\u00e4\u00e4 ihoa miellytt\u00e4v\u00e4sti levitettyn\u00e4, rauhoittaa, kosteuttaa ja luo iholle suojaavan kerroksen, joka heijastaa ultraviolettis\u00e4teily\u00e4. Lievitt\u00e4\u00e4 \u00e4rsytyst\u00e4 ja punoitusta, alentaa ihon l\u00e4mp\u00f6tilaa.<\/p>\n<p>Tuote sopii t\u00e4ydellisesti suojakerroksen uudistamiseen p\u00e4iv\u00e4n aikana. Se luo luonnollisen peitt\u00e4vyyden, kirkastaa ja tasoittaa ihon s\u00e4vy\u00e4 sek\u00e4 ehk\u00e4isee UV-s\u00e4teilyn aiheuttamia auringonpolttamia, punoitusta ja pigmenttimuutoksia.<\/p>\n<p>Tuote sis\u00e4lt\u00e4\u00e4 hypoallergeenisia fysikaalisia suodattimia \u2014 sinkkioksidia ja titaanidioksidia. Ne eiv\u00e4t sis\u00e4ll\u00e4 nanopartikkeleita, eiv\u00e4t \u00e4rsyt\u00e4 ihoa, eiv\u00e4tk\u00e4 kuivata tai j\u00e4t\u00e4 tahmeaa tunnetta.<\/p>\n<p>Koostumuksen sis\u00e4lt\u00e4m\u00e4 koivunmahla (1 045 ppm) kosteuttaa tehokkaasti, ehk\u00e4isee ihon kuivumista ja hilseily\u00e4 sek\u00e4 rikastuttaa soluja mineraaleilla ja aminohapoilla. Round Lab -koivunmahla saadaan kasveista, jotka kasvavat ekologisesti puhtaalla Injen alueella Etel\u00e4-Koreassa.<\/p>\n<p><strong>Muita vaikuttavia aineita:<\/strong><\/p>\n<ul>\n<li><strong>Rauhoittava j\u00e4\u00e4hdytin<\/strong> \u2014 yrttiyhdistelm\u00e4, joka sis\u00e4lt\u00e4\u00e4 aloe veraa, merilev\u00e4\u00e4, dioscoreaa, daavidinjalavaa ja mant\u0161urianviolettia; imee l\u00e4mp\u00f6\u00e4, alentaa ihon l\u00e4mp\u00f6tilaa ja ehk\u00e4isee l\u00e4mp\u00f6ik\u00e4\u00e4ntymist\u00e4.<\/li>\n<li><strong>Glyseryyliglukosidi<\/strong>, glyseriinin ja glukoosin johdannainen, parantaa akvaporiinien \u2013 ihoon kosteutta johtavia kanavia luovien proteiinien \u2013 toimintaa. T\u00e4m\u00e4 poistaa kuivuutta ja s\u00e4ilytt\u00e4\u00e4 kosteuden soluissa.<\/li>\n<li><strong>Aloe vera -lehtiuute<\/strong> virkist\u00e4\u00e4 ja kiinteytt\u00e4\u00e4 ihoa, poistaa kuivuutta, v\u00e4hent\u00e4\u00e4 tulehdusta, silottaa ja pehment\u00e4\u00e4.<\/li>\n<li><strong>Merilev\u00e4uute<\/strong> on runsaasti jodia sis\u00e4lt\u00e4v\u00e4, toimii antioksidanttina, est\u00e4\u00e4 kollageenikuitujen hajoamista ja palauttaa ihon kimmoisuuden ja vahvuuden.<\/li>\n<li><strong>Portulakan uute<\/strong> nopeuttaa ihon uudistumista ja paranemista, supistaa ihohuokosia ja v\u00e4hent\u00e4\u00e4 talin erityst\u00e4.<\/li>\n<li><strong>Allantoiin<\/strong> on antioksidantti, joka hidastaa solujen ik\u00e4\u00e4ntymist\u00e4, v\u00e4hent\u00e4\u00e4 ihon herkkyytt\u00e4 ja stimuloi uusien solujen tuotantoa.<\/li>\n<li><strong>2 erilaista hyaluronihappoa<\/strong> sitovat kosteutta, ehk\u00e4isev\u00e4t ihon kuivumista ja kuivumista, pehment\u00e4v\u00e4t ihoa ja muodostavat suojaavan kerroksen.<\/li>\n<li><strong>Askorbiinihappo<\/strong> \u2014 C-vitamiinin muoto, jolla on antioksidanttinen vaikutus. Se suojaa soluja vapailta radikaaleilta, hidastaa ik\u00e4\u00e4ntymisprosessia ja ehk\u00e4isee pigmenttimuutoksia sek\u00e4 tasoittaa ihon s\u00e4vy\u00e4.<\/li>\n<\/ul>\n<p>&nbsp;<\/p>\n<p>Sopii kaikille ihotyypeille.<\/p>\n<p><strong>K\u00e4ytt\u00f6opas:<\/strong><br \/>\nLevit\u00e4 tuotetta ihollesi 15 minuuttia ennen ulos menemist\u00e4 p\u00e4ivitt\u00e4isen ihonhoitorutiinisi j\u00e4lkeen. Suojakerroksen uusimista suositellaan kahden tunnin v\u00e4lein.<\/p>","protected":false},"excerpt":{"rendered":"<p>Round Lab Birch Juice Moisturizing Sun Cushion on aurinkosuojavoide-tyyny, joka viilent\u00e4\u00e4 ihoa miellytt\u00e4v\u00e4sti levitett\u00e4ess\u00e4, rauhoittaa, kosteuttaa ja luo suojakerroksen, joka heijastaa ultraviolettis\u00e4teit\u00e4. Rauhoittaa \u00e4rsytyst\u00e4 ja punoitusta, laskee ihon l\u00e4mp\u00f6tilaa. Ihanteellinen suojakerroksen uudistamiseen p\u00e4iv\u00e4n aikana. Luo luonnollisen peitt\u00e4vyyden, kirkastaa ja tasoittaa ihon s\u00e4vy\u00e4 sek\u00e4 ehk\u00e4isee UV-s\u00e4teiden aiheuttamaa auringonpolttamaa, punoitusta ja pigmenttil\u00e4iski\u00e4.....<\/p>","protected":false},"featured_media":13835,"comment_status":"open","ping_status":"closed","template":"","meta":{"_uf_show_specific_survey":0,"_uf_disable_surveys":false,"_bst_post_transparent":"default","_bst_post_title":"","_bst_post_layout":"default","_bst_post_sidebar_id":"","_bst_post_content_style":"default","_bst_post_vertical_padding":"default","_bst_post_feature":"","_bst_post_feature_position":"","_bst_post_header":false,"_bst_post_footer":false},"pwb-brand":[645],"product_brand":[],"product_cat":[92,101],"product_tag":[646,875],"class_list":{"0":"post-13833","1":"product","2":"type-product","3":"status-publish","4":"has-post-thumbnail","6":"pwb-brand-round-lab","7":"product_cat-nagu","8":"product_cat-paikesekaitse","9":"product_tag-round-lab","10":"product_tag-spf50","12":"first","13":"instock","14":"sale","15":"shipping-taxable","16":"purchasable","17":"product-type-simple","18":"entry","19":"content-bg","20":"loop-entry"},"supplier_id":null,"supplier_sku":"","barcode":null,"atum_controlled":true,"out_stock_date":null,"out_stock_threshold":null,"inheritable":false,"inbound_stock":0,"stock_on_hold":0,"sold_today":0,"sales_last_days":3,"out_stock_days":0,"lost_sales":0,"has_location":false,"update_date":"2026-04-14T00:05:11","atum_locations":[],"atum_stock_status":"instock","restock_status":false,"low_stock_amount":"","sales_update_date":"2026-04-14T00:05:11","calc_backorders":null,"yoast_head":"<!-- This site is optimized with the Yoast SEO plugin v27.2 - https:\/\/yoast.com\/product\/yoast-seo-wordpress\/ -->\n<title>Round Lab Birch Juice Moisturizing Sun Cushion, 15g - IDA.KOREA<\/title>\n<meta name=\"description\" content=\"Round Lab Birch Juice Moisturizing Sun Cushion jahutab meeldivalt naha pealekandmisel, rahustab, niisutab ja loob nahale kaitsekihi. Kiire tarne!\" \/>\n<meta name=\"robots\" content=\"index, follow, max-snippet:-1, max-image-preview:large, max-video-preview:-1\" \/>\n<link rel=\"canonical\" href=\"https:\/\/idakorea.ee\/fi\/product\/round-lab-birch-juice-moisturizing-sun-cushion\/\" \/>\n<meta property=\"og:locale\" content=\"fi_FI\" \/>\n<meta property=\"og:type\" content=\"article\" \/>\n<meta property=\"og:title\" content=\"Round Lab Birch Juice Moisturizing Sun Cushion, 15g - IDA.KOREA\" \/>\n<meta property=\"og:description\" content=\"Round Lab Birch Juice Moisturizing Sun Cushion jahutab meeldivalt naha pealekandmisel, rahustab, niisutab ja loob nahale kaitsekihi. Kiire tarne!\" \/>\n<meta property=\"og:url\" content=\"https:\/\/idakorea.ee\/fi\/product\/round-lab-birch-juice-moisturizing-sun-cushion\/\" \/>\n<meta property=\"og:site_name\" content=\"IDA.KOREA\" \/>\n<meta property=\"article:modified_time\" content=\"2026-04-05T11:49:54+00:00\" \/>\n<meta property=\"og:image\" content=\"https:\/\/idakorea.ee\/wp-content\/uploads\/2025\/05\/round-lab-sun-cushion-idakorea.webp\" \/>\n\t<meta property=\"og:image:width\" content=\"1000\" \/>\n\t<meta property=\"og:image:height\" content=\"1000\" \/>\n\t<meta property=\"og:image:type\" content=\"image\/webp\" \/>\n<meta name=\"twitter:card\" content=\"summary_large_image\" \/>\n<meta name=\"twitter:label1\" content=\"Arvioitu lukuaika\" \/>\n\t<meta name=\"twitter:data1\" content=\"2 minuuttia\" \/>\n<script type=\"application\/ld+json\" class=\"yoast-schema-graph\">{\"@context\":\"https:\/\/schema.org\",\"@graph\":[{\"@type\":\"WebPage\",\"@id\":\"https:\/\/idakorea.ee\/product\/round-lab-birch-juice-moisturizing-sun-cushion\/\",\"url\":\"https:\/\/idakorea.ee\/product\/round-lab-birch-juice-moisturizing-sun-cushion\/\",\"name\":\"Round Lab Birch Juice Moisturizing Sun Cushion, 15g - IDA.KOREA\",\"isPartOf\":{\"@id\":\"https:\/\/idakorea.ee\/#website\"},\"primaryImageOfPage\":{\"@id\":\"https:\/\/idakorea.ee\/product\/round-lab-birch-juice-moisturizing-sun-cushion\/#primaryimage\"},\"image\":{\"@id\":\"https:\/\/idakorea.ee\/product\/round-lab-birch-juice-moisturizing-sun-cushion\/#primaryimage\"},\"thumbnailUrl\":\"https:\/\/idakorea.ee\/wp-content\/uploads\/2025\/05\/round-lab-sun-cushion-idakorea.webp\",\"datePublished\":\"2025-05-05T17:07:21+00:00\",\"dateModified\":\"2026-04-05T11:49:54+00:00\",\"description\":\"Round Lab Birch Juice Moisturizing Sun Cushion jahutab meeldivalt naha pealekandmisel, rahustab, niisutab ja loob nahale kaitsekihi. Kiire tarne!\",\"breadcrumb\":{\"@id\":\"https:\/\/idakorea.ee\/product\/round-lab-birch-juice-moisturizing-sun-cushion\/#breadcrumb\"},\"inLanguage\":\"fi\",\"potentialAction\":[{\"@type\":\"ReadAction\",\"target\":[\"https:\/\/idakorea.ee\/product\/round-lab-birch-juice-moisturizing-sun-cushion\/\"]}]},{\"@type\":\"ImageObject\",\"inLanguage\":\"fi\",\"@id\":\"https:\/\/idakorea.ee\/product\/round-lab-birch-juice-moisturizing-sun-cushion\/#primaryimage\",\"url\":\"https:\/\/idakorea.ee\/wp-content\/uploads\/2025\/05\/round-lab-sun-cushion-idakorea.webp\",\"contentUrl\":\"https:\/\/idakorea.ee\/wp-content\/uploads\/2025\/05\/round-lab-sun-cushion-idakorea.webp\",\"width\":1000,\"height\":1000,\"caption\":\"Round Lab Sun Cushion\"},{\"@type\":\"BreadcrumbList\",\"@id\":\"https:\/\/idakorea.ee\/product\/round-lab-birch-juice-moisturizing-sun-cushion\/#breadcrumb\",\"itemListElement\":[{\"@type\":\"ListItem\",\"position\":1,\"name\":\"\u0413\u043b\u0430\u0432\u043d\u0430\u044f \u0441\u0442\u0440\u0430\u043d\u0438\u0446\u0430\",\"item\":\"https:\/\/idakorea.ee\/\"},{\"@type\":\"ListItem\",\"position\":2,\"name\":\"Shop\",\"item\":\"https:\/\/idakorea.ee\/shop-2\/\"},{\"@type\":\"ListItem\",\"position\":3,\"name\":\"P\u00e4ikesekaitse kreem-cushion Round Lab Birch Juice Moisturizing Sun Cushion, 15g\"}]},{\"@type\":\"WebSite\",\"@id\":\"https:\/\/idakorea.ee\/#website\",\"url\":\"https:\/\/idakorea.ee\/\",\"name\":\"IDA.KOREA\",\"description\":\"Korea kosmeetika e-pood\",\"publisher\":{\"@id\":\"https:\/\/idakorea.ee\/#organization\"},\"alternateName\":\"Beauty Shop\",\"potentialAction\":[{\"@type\":\"SearchAction\",\"target\":{\"@type\":\"EntryPoint\",\"urlTemplate\":\"https:\/\/idakorea.ee\/?s={search_term_string}\"},\"query-input\":{\"@type\":\"PropertyValueSpecification\",\"valueRequired\":true,\"valueName\":\"search_term_string\"}}],\"inLanguage\":\"fi\"},{\"@type\":\"Organization\",\"@id\":\"https:\/\/idakorea.ee\/#organization\",\"name\":\"IDA.KOREA\",\"url\":\"https:\/\/idakorea.ee\/\",\"logo\":{\"@type\":\"ImageObject\",\"inLanguage\":\"fi\",\"@id\":\"https:\/\/idakorea.ee\/#\/schema\/logo\/image\/\",\"url\":\"https:\/\/idakorea.ee\/wp-content\/uploads\/2024\/05\/cropped-korea3.png\",\"contentUrl\":\"https:\/\/idakorea.ee\/wp-content\/uploads\/2024\/05\/cropped-korea3.png\",\"width\":688,\"height\":126,\"caption\":\"IDA.KOREA\"},\"image\":{\"@id\":\"https:\/\/idakorea.ee\/#\/schema\/logo\/image\/\"},\"sameAs\":[\"https:\/\/www.instagram.com\/ida.korea\/\"]}]}<\/script>\n<!-- \/ Yoast SEO plugin. -->","yoast_head_json":{"title":"Round Lab Birch Juice -kosteuttava aurinkosuojatyyny, 15g - IDA.KOREA","description":"Round Lab Birch Juice Moisturizing Sun Cushion viilent\u00e4\u00e4 ihoa miellytt\u00e4v\u00e4sti levitt\u00e4ess\u00e4, rauhoittaa, kosteuttaa ja luo suojakerroksen. Nopea toimitus!","robots":{"index":"index","follow":"follow","max-snippet":"max-snippet:-1","max-image-preview":"max-image-preview:large","max-video-preview":"max-video-preview:-1"},"canonical":"https:\/\/idakorea.ee\/fi\/product\/round-lab-birch-juice-moisturizing-sun-cushion\/","og_locale":"fi_FI","og_type":"article","og_title":"Round Lab Birch Juice Moisturizing Sun Cushion, 15g - IDA.KOREA","og_description":"Round Lab Birch Juice Moisturizing Sun Cushion jahutab meeldivalt naha pealekandmisel, rahustab, niisutab ja loob nahale kaitsekihi. Kiire tarne!","og_url":"https:\/\/idakorea.ee\/fi\/product\/round-lab-birch-juice-moisturizing-sun-cushion\/","og_site_name":"IDA.KOREA","article_modified_time":"2026-04-05T11:49:54+00:00","og_image":[{"width":1000,"height":1000,"url":"https:\/\/idakorea.ee\/wp-content\/uploads\/2025\/05\/round-lab-sun-cushion-idakorea.webp","type":"image\/webp"}],"twitter_card":"summary_large_image","twitter_misc":{"Arvioitu lukuaika":"2 minuuttia"},"schema":{"@context":"https:\/\/schema.org","@graph":[{"@type":"WebPage","@id":"https:\/\/idakorea.ee\/product\/round-lab-birch-juice-moisturizing-sun-cushion\/","url":"https:\/\/idakorea.ee\/product\/round-lab-birch-juice-moisturizing-sun-cushion\/","name":"Round Lab Birch Juice -kosteuttava aurinkosuojatyyny, 15g - IDA.KOREA","isPartOf":{"@id":"https:\/\/idakorea.ee\/#website"},"primaryImageOfPage":{"@id":"https:\/\/idakorea.ee\/product\/round-lab-birch-juice-moisturizing-sun-cushion\/#primaryimage"},"image":{"@id":"https:\/\/idakorea.ee\/product\/round-lab-birch-juice-moisturizing-sun-cushion\/#primaryimage"},"thumbnailUrl":"https:\/\/idakorea.ee\/wp-content\/uploads\/2025\/05\/round-lab-sun-cushion-idakorea.webp","datePublished":"2025-05-05T17:07:21+00:00","dateModified":"2026-04-05T11:49:54+00:00","description":"Round Lab Birch Juice Moisturizing Sun Cushion viilent\u00e4\u00e4 ihoa miellytt\u00e4v\u00e4sti levitt\u00e4ess\u00e4, rauhoittaa, kosteuttaa ja luo suojakerroksen. Nopea toimitus!","breadcrumb":{"@id":"https:\/\/idakorea.ee\/product\/round-lab-birch-juice-moisturizing-sun-cushion\/#breadcrumb"},"inLanguage":"fi","potentialAction":[{"@type":"ReadAction","target":["https:\/\/idakorea.ee\/product\/round-lab-birch-juice-moisturizing-sun-cushion\/"]}]},{"@type":"ImageObject","inLanguage":"fi","@id":"https:\/\/idakorea.ee\/product\/round-lab-birch-juice-moisturizing-sun-cushion\/#primaryimage","url":"https:\/\/idakorea.ee\/wp-content\/uploads\/2025\/05\/round-lab-sun-cushion-idakorea.webp","contentUrl":"https:\/\/idakorea.ee\/wp-content\/uploads\/2025\/05\/round-lab-sun-cushion-idakorea.webp","width":1000,"height":1000,"caption":"Round Lab Sun Cushion"},{"@type":"BreadcrumbList","@id":"https:\/\/idakorea.ee\/product\/round-lab-birch-juice-moisturizing-sun-cushion\/#breadcrumb","itemListElement":[{"@type":"ListItem","position":1,"name":"\u0413\u043b\u0430\u0432\u043d\u0430\u044f \u0441\u0442\u0440\u0430\u043d\u0438\u0446\u0430","item":"https:\/\/idakorea.ee\/"},{"@type":"ListItem","position":2,"name":"Shop","item":"https:\/\/idakorea.ee\/shop-2\/"},{"@type":"ListItem","position":3,"name":"P\u00e4ikesekaitse kreem-cushion Round Lab Birch Juice Moisturizing Sun Cushion, 15g"}]},{"@type":"WebSite","@id":"https:\/\/idakorea.ee\/#website","url":"https:\/\/idakorea.ee\/","name":"IDA.KOREA","description":"Korean kosmetiikan verkkokauppa","publisher":{"@id":"https:\/\/idakorea.ee\/#organization"},"alternateName":"Beauty Shop","potentialAction":[{"@type":"SearchAction","target":{"@type":"EntryPoint","urlTemplate":"https:\/\/idakorea.ee\/?s={search_term_string}"},"query-input":{"@type":"PropertyValueSpecification","valueRequired":true,"valueName":"search_term_string"}}],"inLanguage":"fi"},{"@type":"Organization","@id":"https:\/\/idakorea.ee\/#organization","name":"IDA.KOREA","url":"https:\/\/idakorea.ee\/","logo":{"@type":"ImageObject","inLanguage":"fi","@id":"https:\/\/idakorea.ee\/#\/schema\/logo\/image\/","url":"https:\/\/idakorea.ee\/wp-content\/uploads\/2024\/05\/cropped-korea3.png","contentUrl":"https:\/\/idakorea.ee\/wp-content\/uploads\/2024\/05\/cropped-korea3.png","width":688,"height":126,"caption":"IDA.KOREA"},"image":{"@id":"https:\/\/idakorea.ee\/#\/schema\/logo\/image\/"},"sameAs":["https:\/\/www.instagram.com\/ida.korea\/"]}]}},"jetpack_sharing_enabled":true,"brands":[{"id":645,"name":"ROUND LAB","slug":"round-lab"}],"_links":{"self":[{"href":"https:\/\/idakorea.ee\/fi\/wp-json\/wp\/v2\/product\/13833","targetHints":{"allow":["GET"]}}],"collection":[{"href":"https:\/\/idakorea.ee\/fi\/wp-json\/wp\/v2\/product"}],"about":[{"href":"https:\/\/idakorea.ee\/fi\/wp-json\/wp\/v2\/types\/product"}],"replies":[{"embeddable":true,"href":"https:\/\/idakorea.ee\/fi\/wp-json\/wp\/v2\/comments?post=13833"}],"version-history":[{"count":3,"href":"https:\/\/idakorea.ee\/fi\/wp-json\/wp\/v2\/product\/13833\/revisions"}],"predecessor-version":[{"id":18232,"href":"https:\/\/idakorea.ee\/fi\/wp-json\/wp\/v2\/product\/13833\/revisions\/18232"}],"wp:featuredmedia":[{"embeddable":true,"href":"https:\/\/idakorea.ee\/fi\/wp-json\/wp\/v2\/media\/13835"}],"wp:attachment":[{"href":"https:\/\/idakorea.ee\/fi\/wp-json\/wp\/v2\/media?parent=13833"}],"wp:term":[{"taxonomy":"pwb-brand","embeddable":true,"href":"https:\/\/idakorea.ee\/fi\/wp-json\/wp\/v2\/pwb-brand?post=13833"},{"taxonomy":"product_brand","embeddable":true,"href":"https:\/\/idakorea.ee\/fi\/wp-json\/wp\/v2\/product_brand?post=13833"},{"taxonomy":"product_cat","embeddable":true,"href":"https:\/\/idakorea.ee\/fi\/wp-json\/wp\/v2\/product_cat?post=13833"},{"taxonomy":"product_tag","embeddable":true,"href":"https:\/\/idakorea.ee\/fi\/wp-json\/wp\/v2\/product_tag?post=13833"}],"curies":[{"name":"wp","href":"https:\/\/api.w.org\/{rel}","templated":true}]}}