{"id":13892,"date":"2025-05-06T14:42:39","date_gmt":"2025-05-06T12:42:39","guid":{"rendered":"https:\/\/idakorea.ee\/?post_type=product&#038;p=13892"},"modified":"2026-01-30T10:10:23","modified_gmt":"2026-01-30T08:10:23","slug":"geelmask-abib-collagen-gel-mask-jericho-rose-jelly","status":"publish","type":"product","link":"https:\/\/idakorea.ee\/fi\/product\/geelmask-abib-collagen-gel-mask-jericho-rose-jelly\/","title":{"rendered":"Geelmask Abib kollageenigeelinaamio Jericho Rose Jelly -hyytel\u00f6"},"content":{"rendered":"<p><strong>Abib Collagen Gel Mask Jericho Rose Jelly -geelinaamio<\/strong> Kosteuttaa, ravitsee ja nuorentaa ihoa tehden siit\u00e4 joustavan ja sile\u00e4n. Naamio parantaa ihon kimmoisuutta, ehk\u00e4isee kuivumista ja hilseily\u00e4 sek\u00e4 vahvistaa ihon luonnollista kosteussuojaa.<\/p>\n<p>Kosteuttavalla ainesosalla rikastettu geelipohja tarttuu tiiviisti ihoon ja auttaa aktiivisia ainesosia tunkeutumaan syv\u00e4lle ihoon. Naamio raikastaa ja antaa miellytt\u00e4v\u00e4n viilent\u00e4v\u00e4n tunteen k\u00e4yt\u00f6ss\u00e4. Hypoallergeeninen koostumus ja herkk\u00e4 geelikangas eiv\u00e4t \u00e4rsyt\u00e4 ihoa, joten se sopii herk\u00e4lle iholle.<\/p>\n<p>Tuotteella on V-Label-sertifikaatti, joka vahvistaa, ett\u00e4 tuotteen koostumus on 100% vegaaninen eik\u00e4 sis\u00e4ll\u00e4 el\u00e4inper\u00e4isi\u00e4 ainesosia. Koostumus ei \u00e4rsyt\u00e4 ihoa ja sopii herk\u00e4lle iholle.<\/p>\n<p>Vegaaninen kollageeni (10 005 ppm), joka on saatu hiivak\u00e4ymisen avulla, kosteuttaa tehokkaasti, v\u00e4hent\u00e4\u00e4 ryppyjen n\u00e4kymist\u00e4, pehment\u00e4\u00e4 ja silottaa ihon pintaa sek\u00e4 sill\u00e4 on ik\u00e4\u00e4ntymist\u00e4 ehk\u00e4isev\u00e4 vaikutus.<\/p>\n<p>Koostumus sis\u00e4lt\u00e4\u00e4 my\u00f6s jerichonruusu-uutetta \u2014 aavikkokasvia, joka pystyy s\u00e4ilytt\u00e4m\u00e4\u00e4n kosteuden jopa \u00e4\u00e4rimm\u00e4isiss\u00e4 olosuhteissa. Jerichonruusu-uute kosteuttaa tehokkaasti, lis\u00e4\u00e4 ihon kyky\u00e4 s\u00e4ilytt\u00e4\u00e4 kosteutta, ehk\u00e4isee pigmenttimuutoksia, tasoittaa ihon s\u00e4vy\u00e4 ja tarjoaa antioksidanttisuojan.<\/p>\n<p><strong>Lis\u00e4komponentit:<\/strong><\/p>\n<ul>\n<li><strong>Palmitoyylitripeptidi-5<\/strong> \u2013 pienimolekyylinen peptidi, joka est\u00e4\u00e4 kollageenikuitujen hajoamista, vahvistaa soluv\u00e4liainetta ja tasoittaa ihon rakennetta.<\/li>\n<li><strong>Keramidit<\/strong> \u2013 vahvistaa soluja ja suojaa vaurioilta, est\u00e4\u00e4 kosteuden haihtumista ja edist\u00e4\u00e4 pitk\u00e4kestoista nesteytyst\u00e4 yll\u00e4pit\u00e4en optimaalista hydrolipiditasapainoa.<\/li>\n<li><strong>Niasiiniamidi (B3-vitamiini)<\/strong> \u2013 tasoittaa ihon s\u00e4vy\u00e4, parantaa ihonv\u00e4ri\u00e4, stimuloi kollageenin tuotantoa, kirkastaa, hidastaa melaniinin siirtymist\u00e4 epidermikseen ja vahvistaa hydrolipidist\u00e4 suojakerrosta.<\/li>\n<li><strong>Kaoliini<\/strong> \u2013 puhdistaa tehokkaasti, kuivattaa ja v\u00e4hent\u00e4\u00e4 tulehdusta, stimuloi solujen uusiutumista, imee myrkkyj\u00e4 ja muita haitallisia aineita ihon pinnalta. Se my\u00f6s pehment\u00e4\u00e4 ja rikastuttaa ihoa mineraaleilla parantaen ihonv\u00e4ri\u00e4.<\/li>\n<\/ul>\n<p>&nbsp;<\/p>\n<p>Sopii kaikille ihotyypeille.<\/p>\n<p><strong>K\u00e4ytt\u00f6:<\/strong> Puhdistuksen ja kasvoveden j\u00e4lkeen ota naamio pakkauksesta ja poista suojakalvo. Aseta naamion molemmat osat kasvoillesi. Poista 20\u201330 minuutin kuluttua ja taputtele sormenp\u00e4ill\u00e4, jotta j\u00e4ljelle j\u00e4\u00e4nyt essenssi imeytyy.<\/p>\n<p>&nbsp;<\/p>","protected":false},"excerpt":{"rendered":"<p>Abib Collagen Gel Mask Jericho Rose Jelly Gel Mask -geelinaamio kosteuttaa, ravitsee ja nuorentaa ihoa j\u00e4tt\u00e4en sen joustavaksi ja sile\u00e4ksi. Naamio parantaa ihon kimmoisuutta, ehk\u00e4isee ihon kuivumista ja hilseily\u00e4 sek\u00e4 vahvistaa ihon luonnollista kosteussulkua. Kosteuttavalla essenssill\u00e4 rikastettu geelim\u00e4inen pohja tarttuu tiukasti ihoon ja auttaa aktiivisia ainesosia tunkeutumaan syv\u00e4lle epidermikseen. Naamio virkist\u00e4\u00e4 ja antaa miellytt\u00e4v\u00e4n viilent\u00e4v\u00e4n tunteen k\u00e4ytett\u00e4ess\u00e4. Hypoallergeeninen...<\/p>","protected":false},"featured_media":13893,"comment_status":"open","ping_status":"closed","template":"","meta":{"_uf_show_specific_survey":0,"_uf_disable_surveys":false,"_bst_post_transparent":"default","_bst_post_title":"","_bst_post_layout":"default","_bst_post_sidebar_id":"","_bst_post_content_style":"default","_bst_post_vertical_padding":"default","_bst_post_feature":"","_bst_post_feature_position":"","_bst_post_header":false,"_bst_post_footer":false},"pwb-brand":[883],"product_brand":[],"product_cat":[92,98],"product_tag":[884,614],"class_list":{"0":"post-13892","1":"product","2":"type-product","3":"status-publish","4":"has-post-thumbnail","6":"pwb-brand-abib","7":"product_cat-nagu","8":"product_cat-naomaskid","9":"product_tag-abib","10":"product_tag-mask","12":"first","13":"instock","14":"sale","15":"shipping-taxable","16":"purchasable","17":"product-type-simple","18":"entry","19":"content-bg","20":"loop-entry"},"supplier_id":null,"supplier_sku":"","barcode":null,"atum_controlled":true,"out_stock_date":null,"out_stock_threshold":null,"inheritable":false,"inbound_stock":0,"stock_on_hold":0,"sold_today":0,"sales_last_days":0,"out_stock_days":0,"lost_sales":0,"has_location":false,"update_date":"2026-04-14T00:05:05","atum_locations":[],"atum_stock_status":"instock","restock_status":false,"low_stock_amount":"","sales_update_date":"2026-04-14T00:05:05","calc_backorders":null,"yoast_head":"<!-- This site is optimized with the Yoast SEO plugin v27.2 - https:\/\/yoast.com\/product\/yoast-seo-wordpress\/ -->\n<title>Abib Collagen Gel Mask Jericho Rose Jelly - IDA.KOREA<\/title>\n<meta name=\"description\" content=\"Abib Collagen Gel Mask Jericho Rose Jelly geelmask niisutab, toidab ja noorendab nahka, muutes selle elastseks ja siledaks. Kiire tarne!\" \/>\n<meta name=\"robots\" content=\"index, follow, max-snippet:-1, max-image-preview:large, max-video-preview:-1\" \/>\n<link rel=\"canonical\" href=\"https:\/\/idakorea.ee\/fi\/product\/geelmask-abib-collagen-gel-mask-jericho-rose-jelly\/\" \/>\n<meta property=\"og:locale\" content=\"fi_FI\" \/>\n<meta property=\"og:type\" content=\"article\" \/>\n<meta property=\"og:title\" content=\"Abib Collagen Gel Mask Jericho Rose Jelly - IDA.KOREA\" \/>\n<meta property=\"og:description\" content=\"Abib Collagen Gel Mask Jericho Rose Jelly geelmask niisutab, toidab ja noorendab nahka, muutes selle elastseks ja siledaks. Kiire tarne!\" \/>\n<meta property=\"og:url\" content=\"https:\/\/idakorea.ee\/fi\/product\/geelmask-abib-collagen-gel-mask-jericho-rose-jelly\/\" \/>\n<meta property=\"og:site_name\" content=\"IDA.KOREA\" \/>\n<meta property=\"article:modified_time\" content=\"2026-01-30T08:10:23+00:00\" \/>\n<meta property=\"og:image\" content=\"https:\/\/idakorea.ee\/wp-content\/uploads\/2025\/05\/abib_collagen_gel_mask_jericho_rose_jelly-idakorea.ee_.webp\" \/>\n\t<meta property=\"og:image:width\" content=\"950\" \/>\n\t<meta property=\"og:image:height\" content=\"950\" \/>\n\t<meta property=\"og:image:type\" content=\"image\/webp\" \/>\n<meta name=\"twitter:card\" content=\"summary_large_image\" \/>\n<meta name=\"twitter:label1\" content=\"Arvioitu lukuaika\" \/>\n\t<meta name=\"twitter:data1\" content=\"2 minuuttia\" \/>\n<script type=\"application\/ld+json\" class=\"yoast-schema-graph\">{\"@context\":\"https:\/\/schema.org\",\"@graph\":[{\"@type\":\"WebPage\",\"@id\":\"https:\/\/idakorea.ee\/product\/geelmask-abib-collagen-gel-mask-jericho-rose-jelly\/\",\"url\":\"https:\/\/idakorea.ee\/product\/geelmask-abib-collagen-gel-mask-jericho-rose-jelly\/\",\"name\":\"Abib Collagen Gel Mask Jericho Rose Jelly - IDA.KOREA\",\"isPartOf\":{\"@id\":\"https:\/\/idakorea.ee\/#website\"},\"primaryImageOfPage\":{\"@id\":\"https:\/\/idakorea.ee\/product\/geelmask-abib-collagen-gel-mask-jericho-rose-jelly\/#primaryimage\"},\"image\":{\"@id\":\"https:\/\/idakorea.ee\/product\/geelmask-abib-collagen-gel-mask-jericho-rose-jelly\/#primaryimage\"},\"thumbnailUrl\":\"https:\/\/idakorea.ee\/wp-content\/uploads\/2025\/05\/abib_collagen_gel_mask_jericho_rose_jelly-idakorea.ee_.webp\",\"datePublished\":\"2025-05-06T12:42:39+00:00\",\"dateModified\":\"2026-01-30T08:10:23+00:00\",\"description\":\"Abib Collagen Gel Mask Jericho Rose Jelly geelmask niisutab, toidab ja noorendab nahka, muutes selle elastseks ja siledaks. Kiire tarne!\",\"breadcrumb\":{\"@id\":\"https:\/\/idakorea.ee\/product\/geelmask-abib-collagen-gel-mask-jericho-rose-jelly\/#breadcrumb\"},\"inLanguage\":\"fi\",\"potentialAction\":[{\"@type\":\"ReadAction\",\"target\":[\"https:\/\/idakorea.ee\/product\/geelmask-abib-collagen-gel-mask-jericho-rose-jelly\/\"]}]},{\"@type\":\"ImageObject\",\"inLanguage\":\"fi\",\"@id\":\"https:\/\/idakorea.ee\/product\/geelmask-abib-collagen-gel-mask-jericho-rose-jelly\/#primaryimage\",\"url\":\"https:\/\/idakorea.ee\/wp-content\/uploads\/2025\/05\/abib_collagen_gel_mask_jericho_rose_jelly-idakorea.ee_.webp\",\"contentUrl\":\"https:\/\/idakorea.ee\/wp-content\/uploads\/2025\/05\/abib_collagen_gel_mask_jericho_rose_jelly-idakorea.ee_.webp\",\"width\":950,\"height\":950},{\"@type\":\"BreadcrumbList\",\"@id\":\"https:\/\/idakorea.ee\/product\/geelmask-abib-collagen-gel-mask-jericho-rose-jelly\/#breadcrumb\",\"itemListElement\":[{\"@type\":\"ListItem\",\"position\":1,\"name\":\"\u0413\u043b\u0430\u0432\u043d\u0430\u044f \u0441\u0442\u0440\u0430\u043d\u0438\u0446\u0430\",\"item\":\"https:\/\/idakorea.ee\/\"},{\"@type\":\"ListItem\",\"position\":2,\"name\":\"Shop\",\"item\":\"https:\/\/idakorea.ee\/shop-2\/\"},{\"@type\":\"ListItem\",\"position\":3,\"name\":\"Geelmask Abib Collagen Gel Mask Jericho Rose Jelly\"}]},{\"@type\":\"WebSite\",\"@id\":\"https:\/\/idakorea.ee\/#website\",\"url\":\"https:\/\/idakorea.ee\/\",\"name\":\"IDA.KOREA\",\"description\":\"Korea kosmeetika e-pood\",\"publisher\":{\"@id\":\"https:\/\/idakorea.ee\/#organization\"},\"alternateName\":\"Beauty Shop\",\"potentialAction\":[{\"@type\":\"SearchAction\",\"target\":{\"@type\":\"EntryPoint\",\"urlTemplate\":\"https:\/\/idakorea.ee\/?s={search_term_string}\"},\"query-input\":{\"@type\":\"PropertyValueSpecification\",\"valueRequired\":true,\"valueName\":\"search_term_string\"}}],\"inLanguage\":\"fi\"},{\"@type\":\"Organization\",\"@id\":\"https:\/\/idakorea.ee\/#organization\",\"name\":\"IDA.KOREA\",\"url\":\"https:\/\/idakorea.ee\/\",\"logo\":{\"@type\":\"ImageObject\",\"inLanguage\":\"fi\",\"@id\":\"https:\/\/idakorea.ee\/#\/schema\/logo\/image\/\",\"url\":\"https:\/\/idakorea.ee\/wp-content\/uploads\/2024\/05\/cropped-korea3.png\",\"contentUrl\":\"https:\/\/idakorea.ee\/wp-content\/uploads\/2024\/05\/cropped-korea3.png\",\"width\":688,\"height\":126,\"caption\":\"IDA.KOREA\"},\"image\":{\"@id\":\"https:\/\/idakorea.ee\/#\/schema\/logo\/image\/\"},\"sameAs\":[\"https:\/\/www.instagram.com\/ida.korea\/\"]}]}<\/script>\n<!-- \/ Yoast SEO plugin. -->","yoast_head_json":{"title":"Abib Collagen Gel Mask Jericho Rose Jelly - IDA.KOREA","description":"Abib Collagen Gel Mask Jericho Rose Jelly -geelinaamio kosteuttaa, ravitsee ja nuorentaa ihoa tehden siit\u00e4 joustavan ja sile\u00e4n. Nopea toimitus!","robots":{"index":"index","follow":"follow","max-snippet":"max-snippet:-1","max-image-preview":"max-image-preview:large","max-video-preview":"max-video-preview:-1"},"canonical":"https:\/\/idakorea.ee\/fi\/product\/geelmask-abib-collagen-gel-mask-jericho-rose-jelly\/","og_locale":"fi_FI","og_type":"article","og_title":"Abib Collagen Gel Mask Jericho Rose Jelly - IDA.KOREA","og_description":"Abib Collagen Gel Mask Jericho Rose Jelly geelmask niisutab, toidab ja noorendab nahka, muutes selle elastseks ja siledaks. Kiire tarne!","og_url":"https:\/\/idakorea.ee\/fi\/product\/geelmask-abib-collagen-gel-mask-jericho-rose-jelly\/","og_site_name":"IDA.KOREA","article_modified_time":"2026-01-30T08:10:23+00:00","og_image":[{"width":950,"height":950,"url":"https:\/\/idakorea.ee\/wp-content\/uploads\/2025\/05\/abib_collagen_gel_mask_jericho_rose_jelly-idakorea.ee_.webp","type":"image\/webp"}],"twitter_card":"summary_large_image","twitter_misc":{"Arvioitu lukuaika":"2 minuuttia"},"schema":{"@context":"https:\/\/schema.org","@graph":[{"@type":"WebPage","@id":"https:\/\/idakorea.ee\/product\/geelmask-abib-collagen-gel-mask-jericho-rose-jelly\/","url":"https:\/\/idakorea.ee\/product\/geelmask-abib-collagen-gel-mask-jericho-rose-jelly\/","name":"Abib Collagen Gel Mask Jericho Rose Jelly - IDA.KOREA","isPartOf":{"@id":"https:\/\/idakorea.ee\/#website"},"primaryImageOfPage":{"@id":"https:\/\/idakorea.ee\/product\/geelmask-abib-collagen-gel-mask-jericho-rose-jelly\/#primaryimage"},"image":{"@id":"https:\/\/idakorea.ee\/product\/geelmask-abib-collagen-gel-mask-jericho-rose-jelly\/#primaryimage"},"thumbnailUrl":"https:\/\/idakorea.ee\/wp-content\/uploads\/2025\/05\/abib_collagen_gel_mask_jericho_rose_jelly-idakorea.ee_.webp","datePublished":"2025-05-06T12:42:39+00:00","dateModified":"2026-01-30T08:10:23+00:00","description":"Abib Collagen Gel Mask Jericho Rose Jelly -geelinaamio kosteuttaa, ravitsee ja nuorentaa ihoa tehden siit\u00e4 joustavan ja sile\u00e4n. Nopea toimitus!","breadcrumb":{"@id":"https:\/\/idakorea.ee\/product\/geelmask-abib-collagen-gel-mask-jericho-rose-jelly\/#breadcrumb"},"inLanguage":"fi","potentialAction":[{"@type":"ReadAction","target":["https:\/\/idakorea.ee\/product\/geelmask-abib-collagen-gel-mask-jericho-rose-jelly\/"]}]},{"@type":"ImageObject","inLanguage":"fi","@id":"https:\/\/idakorea.ee\/product\/geelmask-abib-collagen-gel-mask-jericho-rose-jelly\/#primaryimage","url":"https:\/\/idakorea.ee\/wp-content\/uploads\/2025\/05\/abib_collagen_gel_mask_jericho_rose_jelly-idakorea.ee_.webp","contentUrl":"https:\/\/idakorea.ee\/wp-content\/uploads\/2025\/05\/abib_collagen_gel_mask_jericho_rose_jelly-idakorea.ee_.webp","width":950,"height":950},{"@type":"BreadcrumbList","@id":"https:\/\/idakorea.ee\/product\/geelmask-abib-collagen-gel-mask-jericho-rose-jelly\/#breadcrumb","itemListElement":[{"@type":"ListItem","position":1,"name":"\u0413\u043b\u0430\u0432\u043d\u0430\u044f \u0441\u0442\u0440\u0430\u043d\u0438\u0446\u0430","item":"https:\/\/idakorea.ee\/"},{"@type":"ListItem","position":2,"name":"Shop","item":"https:\/\/idakorea.ee\/shop-2\/"},{"@type":"ListItem","position":3,"name":"Geelmask Abib Collagen Gel Mask Jericho Rose Jelly"}]},{"@type":"WebSite","@id":"https:\/\/idakorea.ee\/#website","url":"https:\/\/idakorea.ee\/","name":"IDA.KOREA","description":"Korean kosmetiikan verkkokauppa","publisher":{"@id":"https:\/\/idakorea.ee\/#organization"},"alternateName":"Beauty Shop","potentialAction":[{"@type":"SearchAction","target":{"@type":"EntryPoint","urlTemplate":"https:\/\/idakorea.ee\/?s={search_term_string}"},"query-input":{"@type":"PropertyValueSpecification","valueRequired":true,"valueName":"search_term_string"}}],"inLanguage":"fi"},{"@type":"Organization","@id":"https:\/\/idakorea.ee\/#organization","name":"IDA.KOREA","url":"https:\/\/idakorea.ee\/","logo":{"@type":"ImageObject","inLanguage":"fi","@id":"https:\/\/idakorea.ee\/#\/schema\/logo\/image\/","url":"https:\/\/idakorea.ee\/wp-content\/uploads\/2024\/05\/cropped-korea3.png","contentUrl":"https:\/\/idakorea.ee\/wp-content\/uploads\/2024\/05\/cropped-korea3.png","width":688,"height":126,"caption":"IDA.KOREA"},"image":{"@id":"https:\/\/idakorea.ee\/#\/schema\/logo\/image\/"},"sameAs":["https:\/\/www.instagram.com\/ida.korea\/"]}]}},"jetpack_sharing_enabled":true,"brands":[{"id":883,"name":"ABIB","slug":"abib"}],"_links":{"self":[{"href":"https:\/\/idakorea.ee\/fi\/wp-json\/wp\/v2\/product\/13892","targetHints":{"allow":["GET"]}}],"collection":[{"href":"https:\/\/idakorea.ee\/fi\/wp-json\/wp\/v2\/product"}],"about":[{"href":"https:\/\/idakorea.ee\/fi\/wp-json\/wp\/v2\/types\/product"}],"replies":[{"embeddable":true,"href":"https:\/\/idakorea.ee\/fi\/wp-json\/wp\/v2\/comments?post=13892"}],"version-history":[{"count":2,"href":"https:\/\/idakorea.ee\/fi\/wp-json\/wp\/v2\/product\/13892\/revisions"}],"predecessor-version":[{"id":13897,"href":"https:\/\/idakorea.ee\/fi\/wp-json\/wp\/v2\/product\/13892\/revisions\/13897"}],"wp:featuredmedia":[{"embeddable":true,"href":"https:\/\/idakorea.ee\/fi\/wp-json\/wp\/v2\/media\/13893"}],"wp:attachment":[{"href":"https:\/\/idakorea.ee\/fi\/wp-json\/wp\/v2\/media?parent=13892"}],"wp:term":[{"taxonomy":"pwb-brand","embeddable":true,"href":"https:\/\/idakorea.ee\/fi\/wp-json\/wp\/v2\/pwb-brand?post=13892"},{"taxonomy":"product_brand","embeddable":true,"href":"https:\/\/idakorea.ee\/fi\/wp-json\/wp\/v2\/product_brand?post=13892"},{"taxonomy":"product_cat","embeddable":true,"href":"https:\/\/idakorea.ee\/fi\/wp-json\/wp\/v2\/product_cat?post=13892"},{"taxonomy":"product_tag","embeddable":true,"href":"https:\/\/idakorea.ee\/fi\/wp-json\/wp\/v2\/product_tag?post=13892"}],"curies":[{"name":"wp","href":"https:\/\/api.w.org\/{rel}","templated":true}]}}