{"id":13907,"date":"2025-05-07T09:51:37","date_gmt":"2025-05-07T07:51:37","guid":{"rendered":"https:\/\/idakorea.ee\/?post_type=product&#038;p=13907"},"modified":"2026-03-27T11:16:51","modified_gmt":"2026-03-27T09:16:51","slug":"celimax-pore-dark-spot-brightening-care-paikesekreem-spf50","status":"publish","type":"product","link":"https:\/\/idakorea.ee\/fi\/product\/celimax-pore-dark-spot-brightening-care-paikesekreem-spf50\/","title":{"rendered":"Aurinkovoide Celimax Pore+Dark Spot Brightening Care SPF50+ PA++++, 50ml, 50ml"},"content":{"rendered":"<p><strong>Celimax Pore+Dark Spot -aurinkovoide SPF50+ PA++++<\/strong> Yhdist\u00e4\u00e4 UV-suojan ja ihon s\u00e4vy\u00e4 iltaisin tasapainottavan hoidon, pH-taso 5,5\u20137,5.<\/p>\n<p>Tuote ei ainoastaan ehk\u00e4ise auringonpolttamia, pigmenttimuutoksia ja valoik\u00e4\u00e4ntymist\u00e4, vaan auttaa my\u00f6s vaalentamaan olemassa olevia l\u00e4iski\u00e4.<\/p>\n<p>Voide tasoittaa ihon s\u00e4vy\u00e4, v\u00e4hent\u00e4\u00e4 aknen j\u00e4lkeisi\u00e4 l\u00e4iski\u00e4 ja punoitusta sek\u00e4 supistaa laajentuneita ihohuokosia. Sen kevyt, tuoksun kaltainen koostumus ei j\u00e4t\u00e4 valkoisia j\u00e4lki\u00e4 eik\u00e4 se ole hajustettu.<\/p>\n<p>Sis\u00e4lt\u00e4\u00e4 seuraavan sukupolven fotostabiileja kemiallisia UV-suodattimia, jotka eiv\u00e4t vaadi vaihtoa jopa 8 tuntiin kaupunkiolosuhteissa:<\/p>\n<ul>\n<li><strong>Uvinul A Plus (dietyyliaminohydroksibentsoyyliheksyylibentsoaatti)<\/strong> suojaa UVA-s\u00e4teilylt\u00e4.<\/li>\n<li><strong>Uvinul T 150 (etyyliheksyylitriatsoni)<\/strong> suojaa UVB-s\u00e4teilylt\u00e4.<\/li>\n<li><strong>Tinosorb M (Methylene Bis-benzotriazolyl Tetramethylbutylphenol)<\/strong> \u2013 laajakirjoinen suodatin, suojaa sek\u00e4 UVA- ett\u00e4 UVB-s\u00e4teilt\u00e4.<\/li>\n<li><strong>Iskotritsinoli (dietyyliheksyylibutamidotriatsoni)<\/strong> absorboi UVB- ja UVA-s\u00e4teily\u00e4 ja on yksi kest\u00e4vimmist\u00e4 suodattimista.<\/li>\n<\/ul>\n<p><strong>T\u00e4rkeimm\u00e4t vaikuttavat aineet:<\/strong><\/p>\n<ul>\n<li><strong>5% Niasiiniamidi (B3-vitamiini)<\/strong> \u2013 tehokas koostumus, joka s\u00e4\u00e4telee talin erityst\u00e4, v\u00e4hent\u00e4\u00e4 rasvaista kiiltoa, kirkastaa ihoa ja ehk\u00e4isee pigmenttimuutoksia, stimuloi kollageenin tuotantoa sek\u00e4 parantaa ihon kimmoisuutta ja kiinteytt\u00e4.<\/li>\n<li><strong>1% traneksaamihappo<\/strong> \u2013 pigmenttimuutoksia ehk\u00e4isev\u00e4 aine, joka est\u00e4\u00e4 melaniinin tuotantoa k\u00e4ynnist\u00e4v\u00e4n tyrosinaasientsyymin toimintaa; ei aiheuta valoherkkyytt\u00e4, sopii p\u00e4iv\u00e4k\u00e4ytt\u00f6\u00f6n.<\/li>\n<li><strong>0,1% pantenoli (B5-vitamiini)<\/strong> \u2013 nopeuttaa mikrovaurioiden paranemista, pehment\u00e4\u00e4 ja rauhoittaa ihoa, v\u00e4hent\u00e4\u00e4 punoitusta ja vahvistaa ihon suojakerrosta.<\/li>\n<li><strong>Tokoferoli (E-vitamiini)<\/strong> \u2013 suojaa soluja vapaiden radikaalien aiheuttamilta vaurioilta, auttaa ehk\u00e4isem\u00e4\u00e4n ryppyj\u00e4 ja yll\u00e4pit\u00e4m\u00e4\u00e4n ihon kimmoisuutta ja sileytt\u00e4.<\/li>\n<li><strong>Kversetiini<\/strong> \u2013 parsakaalissa, mustikoissa ja punasipulissa esiintyv\u00e4 polyfenoli; sill\u00e4 on tulehdusta est\u00e4vi\u00e4 ja antioksidanttisia vaikutuksia ja se my\u00f6s stabiloi UV-suodattimia.<\/li>\n<\/ul>\n<p>&nbsp;<\/p>\n<p>Sopii kaikille ihotyypeille.<\/p>\n<p><strong>K\u00e4ytt\u00f6:<\/strong> Levit\u00e4 kaikkien p\u00e4ivitt\u00e4isten ihonhoitorutiinien j\u00e4lkeen noin 1,2 ml voidetta kasvoille ja kaulalle 15\u201320 minuuttia ennen ulos l\u00e4ht\u00f6\u00e4. Levit\u00e4 tasaisesti iholle. Jos olet suorassa auringonvalossa (esimerkiksi rannalla), levit\u00e4 voidetta uudelleen 2\u20133 tunnin v\u00e4lein.<\/p>\n<p>&nbsp;<\/p>","protected":false},"excerpt":{"rendered":"<p>Celimax Pore+Dark Spot Brightening Care Sunscreen SPF50+ PA++++ yhdist\u00e4\u00e4 UV-suojan ja ihon s\u00e4vy\u00e4 tasapainottavan hoidon, pH 5,5-7,5. Tuote ei ainoastaan ehk\u00e4ise auringonpolttamaa, pigmentaatiota ja valorappeutumista, vaan auttaa my\u00f6s vaalentamaan olemassa olevia pigmenttil\u00e4iski\u00e4. Voide tasoittaa ihon s\u00e4vy\u00e4, v\u00e4hent\u00e4\u00e4 aknen j\u00e4lkeisi\u00e4 l\u00e4iski\u00e4 ja punoitusta, supistaa laajentuneita ihohuokosia. Siin\u00e4 on kevyt essenssin kaltainen koostumus, joka ei j\u00e4t\u00e4 valkoista...<\/p>","protected":false},"featured_media":13908,"comment_status":"open","ping_status":"closed","template":"","meta":{"_uf_show_specific_survey":0,"_uf_disable_surveys":false,"_bst_post_transparent":"default","_bst_post_title":"","_bst_post_layout":"default","_bst_post_sidebar_id":"","_bst_post_content_style":"default","_bst_post_vertical_padding":"default","_bst_post_feature":"","_bst_post_feature_position":"","_bst_post_header":false,"_bst_post_footer":false},"pwb-brand":[885],"product_brand":[],"product_cat":[101],"product_tag":[886,875],"class_list":{"0":"post-13907","1":"product","2":"type-product","3":"status-publish","4":"has-post-thumbnail","6":"pwb-brand-celimax","7":"product_cat-paikesekaitse","8":"product_tag-celimax","9":"product_tag-spf50","11":"first","12":"instock","13":"sale","14":"shipping-taxable","15":"purchasable","16":"product-type-simple","17":"entry","18":"content-bg","19":"loop-entry"},"supplier_id":null,"supplier_sku":"","barcode":null,"atum_controlled":true,"out_stock_date":null,"out_stock_threshold":null,"inheritable":false,"inbound_stock":0,"stock_on_hold":0,"sold_today":0,"sales_last_days":2,"out_stock_days":0,"lost_sales":0,"has_location":false,"update_date":"2026-04-14T00:05:12","atum_locations":[],"atum_stock_status":"instock","restock_status":false,"low_stock_amount":"","sales_update_date":"2026-04-14T00:05:12","calc_backorders":null,"yoast_head":"<!-- This site is optimized with the Yoast SEO plugin v27.2 - https:\/\/yoast.com\/product\/yoast-seo-wordpress\/ -->\n<title>P\u00e4ikesekreem Celimax Pore+Dark Spot Brightening Care SPF50+ PA++++, 50ml - IDA.KOREA<\/title>\n<meta name=\"description\" content=\"Celimax Pore+Dark Spot Brightening Care p\u00e4ikesekreem SPF50+ PA++++ \u00fchendab endas UV-kaitse ja naha toonust \u00fchtlustava hoolduse, pH-tase on 5,5\u20137,5.\" \/>\n<meta name=\"robots\" content=\"index, follow, max-snippet:-1, max-image-preview:large, max-video-preview:-1\" \/>\n<link rel=\"canonical\" href=\"https:\/\/idakorea.ee\/fi\/product\/celimax-pore-dark-spot-brightening-care-paikesekreem-spf50\/\" \/>\n<meta property=\"og:locale\" content=\"fi_FI\" \/>\n<meta property=\"og:type\" content=\"article\" \/>\n<meta property=\"og:title\" content=\"P\u00e4ikesekreem Celimax Pore+Dark Spot Brightening Care SPF50+ PA++++, 50ml - IDA.KOREA\" \/>\n<meta property=\"og:description\" content=\"Celimax Pore+Dark Spot Brightening Care p\u00e4ikesekreem SPF50+ PA++++ \u00fchendab endas UV-kaitse ja naha toonust \u00fchtlustava hoolduse, pH-tase on 5,5\u20137,5.\" \/>\n<meta property=\"og:url\" content=\"https:\/\/idakorea.ee\/fi\/product\/celimax-pore-dark-spot-brightening-care-paikesekreem-spf50\/\" \/>\n<meta property=\"og:site_name\" content=\"IDA.KOREA\" \/>\n<meta property=\"article:modified_time\" content=\"2026-03-27T09:16:51+00:00\" \/>\n<meta property=\"og:image\" content=\"https:\/\/idakorea.ee\/wp-content\/uploads\/2025\/05\/celimax-pore_dark-spot-brightening-care-sunscreen-spf50_-pa_idakorea.ee_.jpg\" \/>\n\t<meta property=\"og:image:width\" content=\"1000\" \/>\n\t<meta property=\"og:image:height\" content=\"1000\" \/>\n\t<meta property=\"og:image:type\" content=\"image\/jpeg\" \/>\n<meta name=\"twitter:card\" content=\"summary_large_image\" \/>\n<meta name=\"twitter:label1\" content=\"Arvioitu lukuaika\" \/>\n\t<meta name=\"twitter:data1\" content=\"2 minuuttia\" \/>\n<script type=\"application\/ld+json\" class=\"yoast-schema-graph\">{\"@context\":\"https:\/\/schema.org\",\"@graph\":[{\"@type\":\"WebPage\",\"@id\":\"https:\/\/idakorea.ee\/product\/celimax-pore-dark-spot-brightening-care-paikesekreem-spf50\/\",\"url\":\"https:\/\/idakorea.ee\/product\/celimax-pore-dark-spot-brightening-care-paikesekreem-spf50\/\",\"name\":\"P\u00e4ikesekreem Celimax Pore+Dark Spot Brightening Care SPF50+ PA++++, 50ml - IDA.KOREA\",\"isPartOf\":{\"@id\":\"https:\/\/idakorea.ee\/#website\"},\"primaryImageOfPage\":{\"@id\":\"https:\/\/idakorea.ee\/product\/celimax-pore-dark-spot-brightening-care-paikesekreem-spf50\/#primaryimage\"},\"image\":{\"@id\":\"https:\/\/idakorea.ee\/product\/celimax-pore-dark-spot-brightening-care-paikesekreem-spf50\/#primaryimage\"},\"thumbnailUrl\":\"https:\/\/idakorea.ee\/wp-content\/uploads\/2025\/05\/celimax-pore_dark-spot-brightening-care-sunscreen-spf50_-pa_idakorea.ee_.jpg\",\"datePublished\":\"2025-05-07T07:51:37+00:00\",\"dateModified\":\"2026-03-27T09:16:51+00:00\",\"description\":\"Celimax Pore+Dark Spot Brightening Care p\u00e4ikesekreem SPF50+ PA++++ \u00fchendab endas UV-kaitse ja naha toonust \u00fchtlustava hoolduse, pH-tase on 5,5\u20137,5.\",\"breadcrumb\":{\"@id\":\"https:\/\/idakorea.ee\/product\/celimax-pore-dark-spot-brightening-care-paikesekreem-spf50\/#breadcrumb\"},\"inLanguage\":\"fi\",\"potentialAction\":[{\"@type\":\"ReadAction\",\"target\":[\"https:\/\/idakorea.ee\/product\/celimax-pore-dark-spot-brightening-care-paikesekreem-spf50\/\"]}]},{\"@type\":\"ImageObject\",\"inLanguage\":\"fi\",\"@id\":\"https:\/\/idakorea.ee\/product\/celimax-pore-dark-spot-brightening-care-paikesekreem-spf50\/#primaryimage\",\"url\":\"https:\/\/idakorea.ee\/wp-content\/uploads\/2025\/05\/celimax-pore_dark-spot-brightening-care-sunscreen-spf50_-pa_idakorea.ee_.jpg\",\"contentUrl\":\"https:\/\/idakorea.ee\/wp-content\/uploads\/2025\/05\/celimax-pore_dark-spot-brightening-care-sunscreen-spf50_-pa_idakorea.ee_.jpg\",\"width\":1000,\"height\":1000},{\"@type\":\"BreadcrumbList\",\"@id\":\"https:\/\/idakorea.ee\/product\/celimax-pore-dark-spot-brightening-care-paikesekreem-spf50\/#breadcrumb\",\"itemListElement\":[{\"@type\":\"ListItem\",\"position\":1,\"name\":\"\u0413\u043b\u0430\u0432\u043d\u0430\u044f \u0441\u0442\u0440\u0430\u043d\u0438\u0446\u0430\",\"item\":\"https:\/\/idakorea.ee\/\"},{\"@type\":\"ListItem\",\"position\":2,\"name\":\"Shop\",\"item\":\"https:\/\/idakorea.ee\/shop-2\/\"},{\"@type\":\"ListItem\",\"position\":3,\"name\":\"P\u00e4ikesekreem Celimax Pore+Dark Spot Brightening Care SPF50+ PA++++, 50ml\"}]},{\"@type\":\"WebSite\",\"@id\":\"https:\/\/idakorea.ee\/#website\",\"url\":\"https:\/\/idakorea.ee\/\",\"name\":\"IDA.KOREA\",\"description\":\"Korea kosmeetika e-pood\",\"publisher\":{\"@id\":\"https:\/\/idakorea.ee\/#organization\"},\"alternateName\":\"Beauty Shop\",\"potentialAction\":[{\"@type\":\"SearchAction\",\"target\":{\"@type\":\"EntryPoint\",\"urlTemplate\":\"https:\/\/idakorea.ee\/?s={search_term_string}\"},\"query-input\":{\"@type\":\"PropertyValueSpecification\",\"valueRequired\":true,\"valueName\":\"search_term_string\"}}],\"inLanguage\":\"fi\"},{\"@type\":\"Organization\",\"@id\":\"https:\/\/idakorea.ee\/#organization\",\"name\":\"IDA.KOREA\",\"url\":\"https:\/\/idakorea.ee\/\",\"logo\":{\"@type\":\"ImageObject\",\"inLanguage\":\"fi\",\"@id\":\"https:\/\/idakorea.ee\/#\/schema\/logo\/image\/\",\"url\":\"https:\/\/idakorea.ee\/wp-content\/uploads\/2024\/05\/cropped-korea3.png\",\"contentUrl\":\"https:\/\/idakorea.ee\/wp-content\/uploads\/2024\/05\/cropped-korea3.png\",\"width\":688,\"height\":126,\"caption\":\"IDA.KOREA\"},\"image\":{\"@id\":\"https:\/\/idakorea.ee\/#\/schema\/logo\/image\/\"},\"sameAs\":[\"https:\/\/www.instagram.com\/ida.korea\/\"]}]}<\/script>\n<!-- \/ Yoast SEO plugin. -->","yoast_head_json":{"title":"Celimax Pore+Dark Spot Brightening Care SPF50+ PA++++, 50ml - It\u00e4-Korea","description":"Celimax Pore+Dark Spot Brightening Care -aurinkosuoja SPF50+ PA++++ yhdist\u00e4\u00e4 UV-suojan ja ihons\u00e4vy\u00e4 tasoittavan iltahoidon, jonka pH-arvo on 5,5\u20137,5.","robots":{"index":"index","follow":"follow","max-snippet":"max-snippet:-1","max-image-preview":"max-image-preview:large","max-video-preview":"max-video-preview:-1"},"canonical":"https:\/\/idakorea.ee\/fi\/product\/celimax-pore-dark-spot-brightening-care-paikesekreem-spf50\/","og_locale":"fi_FI","og_type":"article","og_title":"P\u00e4ikesekreem Celimax Pore+Dark Spot Brightening Care SPF50+ PA++++, 50ml - IDA.KOREA","og_description":"Celimax Pore+Dark Spot Brightening Care p\u00e4ikesekreem SPF50+ PA++++ \u00fchendab endas UV-kaitse ja naha toonust \u00fchtlustava hoolduse, pH-tase on 5,5\u20137,5.","og_url":"https:\/\/idakorea.ee\/fi\/product\/celimax-pore-dark-spot-brightening-care-paikesekreem-spf50\/","og_site_name":"IDA.KOREA","article_modified_time":"2026-03-27T09:16:51+00:00","og_image":[{"width":1000,"height":1000,"url":"https:\/\/idakorea.ee\/wp-content\/uploads\/2025\/05\/celimax-pore_dark-spot-brightening-care-sunscreen-spf50_-pa_idakorea.ee_.jpg","type":"image\/jpeg"}],"twitter_card":"summary_large_image","twitter_misc":{"Arvioitu lukuaika":"2 minuuttia"},"schema":{"@context":"https:\/\/schema.org","@graph":[{"@type":"WebPage","@id":"https:\/\/idakorea.ee\/product\/celimax-pore-dark-spot-brightening-care-paikesekreem-spf50\/","url":"https:\/\/idakorea.ee\/product\/celimax-pore-dark-spot-brightening-care-paikesekreem-spf50\/","name":"Celimax Pore+Dark Spot Brightening Care SPF50+ PA++++, 50ml - It\u00e4-Korea","isPartOf":{"@id":"https:\/\/idakorea.ee\/#website"},"primaryImageOfPage":{"@id":"https:\/\/idakorea.ee\/product\/celimax-pore-dark-spot-brightening-care-paikesekreem-spf50\/#primaryimage"},"image":{"@id":"https:\/\/idakorea.ee\/product\/celimax-pore-dark-spot-brightening-care-paikesekreem-spf50\/#primaryimage"},"thumbnailUrl":"https:\/\/idakorea.ee\/wp-content\/uploads\/2025\/05\/celimax-pore_dark-spot-brightening-care-sunscreen-spf50_-pa_idakorea.ee_.jpg","datePublished":"2025-05-07T07:51:37+00:00","dateModified":"2026-03-27T09:16:51+00:00","description":"Celimax Pore+Dark Spot Brightening Care -aurinkosuoja SPF50+ PA++++ yhdist\u00e4\u00e4 UV-suojan ja ihons\u00e4vy\u00e4 tasoittavan iltahoidon, jonka pH-arvo on 5,5\u20137,5.","breadcrumb":{"@id":"https:\/\/idakorea.ee\/product\/celimax-pore-dark-spot-brightening-care-paikesekreem-spf50\/#breadcrumb"},"inLanguage":"fi","potentialAction":[{"@type":"ReadAction","target":["https:\/\/idakorea.ee\/product\/celimax-pore-dark-spot-brightening-care-paikesekreem-spf50\/"]}]},{"@type":"ImageObject","inLanguage":"fi","@id":"https:\/\/idakorea.ee\/product\/celimax-pore-dark-spot-brightening-care-paikesekreem-spf50\/#primaryimage","url":"https:\/\/idakorea.ee\/wp-content\/uploads\/2025\/05\/celimax-pore_dark-spot-brightening-care-sunscreen-spf50_-pa_idakorea.ee_.jpg","contentUrl":"https:\/\/idakorea.ee\/wp-content\/uploads\/2025\/05\/celimax-pore_dark-spot-brightening-care-sunscreen-spf50_-pa_idakorea.ee_.jpg","width":1000,"height":1000},{"@type":"BreadcrumbList","@id":"https:\/\/idakorea.ee\/product\/celimax-pore-dark-spot-brightening-care-paikesekreem-spf50\/#breadcrumb","itemListElement":[{"@type":"ListItem","position":1,"name":"\u0413\u043b\u0430\u0432\u043d\u0430\u044f \u0441\u0442\u0440\u0430\u043d\u0438\u0446\u0430","item":"https:\/\/idakorea.ee\/"},{"@type":"ListItem","position":2,"name":"Shop","item":"https:\/\/idakorea.ee\/shop-2\/"},{"@type":"ListItem","position":3,"name":"P\u00e4ikesekreem Celimax Pore+Dark Spot Brightening Care SPF50+ PA++++, 50ml"}]},{"@type":"WebSite","@id":"https:\/\/idakorea.ee\/#website","url":"https:\/\/idakorea.ee\/","name":"IDA.KOREA","description":"Korean kosmetiikan verkkokauppa","publisher":{"@id":"https:\/\/idakorea.ee\/#organization"},"alternateName":"Beauty Shop","potentialAction":[{"@type":"SearchAction","target":{"@type":"EntryPoint","urlTemplate":"https:\/\/idakorea.ee\/?s={search_term_string}"},"query-input":{"@type":"PropertyValueSpecification","valueRequired":true,"valueName":"search_term_string"}}],"inLanguage":"fi"},{"@type":"Organization","@id":"https:\/\/idakorea.ee\/#organization","name":"IDA.KOREA","url":"https:\/\/idakorea.ee\/","logo":{"@type":"ImageObject","inLanguage":"fi","@id":"https:\/\/idakorea.ee\/#\/schema\/logo\/image\/","url":"https:\/\/idakorea.ee\/wp-content\/uploads\/2024\/05\/cropped-korea3.png","contentUrl":"https:\/\/idakorea.ee\/wp-content\/uploads\/2024\/05\/cropped-korea3.png","width":688,"height":126,"caption":"IDA.KOREA"},"image":{"@id":"https:\/\/idakorea.ee\/#\/schema\/logo\/image\/"},"sameAs":["https:\/\/www.instagram.com\/ida.korea\/"]}]}},"jetpack_sharing_enabled":true,"brands":[{"id":885,"name":"CELIMAX","slug":"celimax"}],"_links":{"self":[{"href":"https:\/\/idakorea.ee\/fi\/wp-json\/wp\/v2\/product\/13907","targetHints":{"allow":["GET"]}}],"collection":[{"href":"https:\/\/idakorea.ee\/fi\/wp-json\/wp\/v2\/product"}],"about":[{"href":"https:\/\/idakorea.ee\/fi\/wp-json\/wp\/v2\/types\/product"}],"replies":[{"embeddable":true,"href":"https:\/\/idakorea.ee\/fi\/wp-json\/wp\/v2\/comments?post=13907"}],"version-history":[{"count":2,"href":"https:\/\/idakorea.ee\/fi\/wp-json\/wp\/v2\/product\/13907\/revisions"}],"predecessor-version":[{"id":13949,"href":"https:\/\/idakorea.ee\/fi\/wp-json\/wp\/v2\/product\/13907\/revisions\/13949"}],"wp:featuredmedia":[{"embeddable":true,"href":"https:\/\/idakorea.ee\/fi\/wp-json\/wp\/v2\/media\/13908"}],"wp:attachment":[{"href":"https:\/\/idakorea.ee\/fi\/wp-json\/wp\/v2\/media?parent=13907"}],"wp:term":[{"taxonomy":"pwb-brand","embeddable":true,"href":"https:\/\/idakorea.ee\/fi\/wp-json\/wp\/v2\/pwb-brand?post=13907"},{"taxonomy":"product_brand","embeddable":true,"href":"https:\/\/idakorea.ee\/fi\/wp-json\/wp\/v2\/product_brand?post=13907"},{"taxonomy":"product_cat","embeddable":true,"href":"https:\/\/idakorea.ee\/fi\/wp-json\/wp\/v2\/product_cat?post=13907"},{"taxonomy":"product_tag","embeddable":true,"href":"https:\/\/idakorea.ee\/fi\/wp-json\/wp\/v2\/product_tag?post=13907"}],"curies":[{"name":"wp","href":"https:\/\/api.w.org\/{rel}","templated":true}]}}