{"id":13929,"date":"2025-05-08T14:12:00","date_gmt":"2025-05-08T12:12:00","guid":{"rendered":"https:\/\/idakorea.ee\/?post_type=product&#038;p=13929"},"modified":"2026-04-12T18:27:03","modified_gmt":"2026-04-12T16:27:03","slug":"tooniv-paikesekaitsekreem-prettyskin-no-sebum-tone-up-sun-cream-spf-50-pa-70-ml","status":"publish","type":"product","link":"https:\/\/idakorea.ee\/fi\/product\/tooniv-paikesekaitsekreem-prettyskin-no-sebum-tone-up-sun-cream-spf-50-pa-70-ml\/","title":{"rendered":"PrettySkin No Sebum Tone Up -aurinkovoide SPF50+ PA++++, 70 ml"},"content":{"rendered":"<p>Voide kest\u00e4\u00e4 hike\u00e4 ja vett\u00e4, auttaa kosteuttamaan ihoa, tekee siit\u00e4 terveemm\u00e4n ja poistaa ylim\u00e4\u00e4r\u00e4isen \u00f6ljyn ja kiillon.<br \/>\nS\u00e4vytetty aurinkosuojavoide hoitaa ihoa ja luo vahvan suojan ultraviolettis\u00e4teiden haitallisilta vaikutuksilta sek\u00e4 toimii samalla pohjustajana ja pohjustajana tasoittaen ja viimeistellen ihon s\u00e4vy\u00e4.<\/p>\n<p>Voiteen violetti s\u00e4vy kirkastaa ihoa ja luo tasaisen mattapintaisen ihon ilman kiiltoa. Voide hillitsee \u00f6ljyntuotantoa ja auttaa ehk\u00e4isem\u00e4\u00e4n liiallista kiiltoa.<\/p>\n<p>Aurinkovoide suojaa luotettavasti UVA- ja UVB-s\u00e4teiden haitallisilta vaikutuksilta, jotka aiheuttavat ihotulehduksia ja ennenaikaista ik\u00e4\u00e4ntymist\u00e4. Se yll\u00e4pit\u00e4\u00e4 ihon kimmoisuutta ja kiinteytt\u00e4, parantaa ihon yleist\u00e4 kuntoa, ehk\u00e4isee ennenaikaista ik\u00e4\u00e4ntymist\u00e4 ja kuivumista, ehk\u00e4isee pigmenttil\u00e4iski\u00e4 ja takaa turvallisen rusketuksen my\u00f6s henkil\u00f6ille, joilla on hyvin vaalea ja herkk\u00e4 iho.<br \/>\nVoiteen koostumus on kevyt, se imeytyy nopeasti, ei j\u00e4t\u00e4 tahmeaa tunnetta ja j\u00e4tt\u00e4\u00e4 iholle raikkaan ja miellytt\u00e4v\u00e4n tunteen.<\/p>\n<p><strong>Ainesosien vaikutukset:<\/strong><\/p>\n<ul>\n<li><strong>Aasian vesikrassiuute<\/strong> lis\u00e4\u00e4 ihon kimmoisuutta ja kosteustasoa, luo suojaavan esteen UV-s\u00e4teilt\u00e4 ja ymp\u00e4rist\u00f6vaurioilta, sill\u00e4 on tulehdusta ehk\u00e4isevi\u00e4 ja haavoja parantavia ominaisuuksia ja se vahvistaa verisuonia, mik\u00e4 auttaa v\u00e4hent\u00e4m\u00e4\u00e4n couperoosia.<\/li>\n<li><strong>Kummeliekstrakt<\/strong> toimii tulehduskipul\u00e4\u00e4kkeen\u00e4 ja edist\u00e4\u00e4 pienten haavojen paranemista.<\/li>\n<li><strong>Makean veden hydrolysaatti<\/strong> kosteuttaa ja tekee ihosta samettisen pehme\u00e4n.<\/li>\n<li><strong>Aloe vera -uute<\/strong> kosteuttaa ja rauhoittaa ihoa, nopeuttaa pienten haavojen paranemista ja tukee hiusten ja kynsien terveytt\u00e4.<\/li>\n<li><strong>Vaahtouute<\/strong> rauhoittaa ja s\u00e4vytt\u00e4\u00e4 antibakteeristen ja sienil\u00e4\u00e4kkeiden ansiosta, v\u00e4hent\u00e4\u00e4 kutinaa ja \u00e4rsytyst\u00e4, vahvistaa kapillaareja, v\u00e4hent\u00e4\u00e4 turvotusta ja parantaa mikroverenkiertoa; luonnollisena antioksidanttina se taistelee vapaita radikaaleja vastaan ja hidastaa ik\u00e4\u00e4ntymisprosessia, korjaa rasvoittunutta ja ongelmallista ihoa.<\/li>\n<li><strong>Vihre\u00e4n teen uute<\/strong> s\u00e4vytt\u00e4\u00e4 ja silottaa ryppyj\u00e4, sopii nuorelle, ik\u00e4\u00e4ntyv\u00e4lle ja ongelmaiholle.<\/li>\n<li><strong>Kollaasit<\/strong> parantaa ihon yleist\u00e4 kuntoa: silottaa ja kirist\u00e4\u00e4 ihoa tehden siit\u00e4 kimmoisan ja virke\u00e4n, tukee haavojen paranemista ja kosteuden s\u00e4ilymist\u00e4 ihon syvemmiss\u00e4 kerroksissa.<\/li>\n<li><strong>Etanan limauute (mucin)<\/strong> v\u00e4hent\u00e4\u00e4 ryppyjen syvyytt\u00e4, stimuloi kollageenisynteesi\u00e4 ja sill\u00e4 on tulehdusta ehk\u00e4isevi\u00e4 ja uudistavia vaikutuksia.<\/li>\n<\/ul>\n<p>&nbsp;<\/p>\n<p>Sopii rasvaiselle ja sekaiholle.<\/p>\n<p><strong>K\u00e4ytt\u00f6:<\/strong><br \/>\nLevit\u00e4 voidetta iholle normaalin ihonhoitorutiinisi j\u00e4lkeen kevyin, pehmein liikkein.<\/p>","protected":false},"excerpt":{"rendered":"<p>Voide kest\u00e4\u00e4 hike\u00e4 ja vett\u00e4, auttaa kosteuttamaan ihoa, tekee siit\u00e4 terveemm\u00e4n ja poistaa ylim\u00e4\u00e4r\u00e4isen \u00f6ljyn ja kiillon. S\u00e4vytt\u00e4v\u00e4 aurinkovoide hoitaa ihoa ja luo vahvan suojan ultraviolettis\u00e4teiden haitallisilta vaikutuksilta, samalla kun se toimii meikinpoistajana ja pohjustajana, tasoittaa ja viimeistelee ihon s\u00e4vy\u00e4. Voiteen violetti s\u00e4vy kirkastaa ihoa ja luo tasaisen mattapintaisen ihon ilman kiiltoa. Voide...<\/p>","protected":false},"featured_media":13930,"comment_status":"open","ping_status":"closed","template":"","meta":{"_uf_show_specific_survey":0,"_uf_disable_surveys":false,"_bst_post_transparent":"default","_bst_post_title":"","_bst_post_layout":"default","_bst_post_sidebar_id":"","_bst_post_content_style":"default","_bst_post_vertical_padding":"default","_bst_post_feature":"","_bst_post_feature_position":"","_bst_post_header":false,"_bst_post_footer":false},"pwb-brand":[851],"product_brand":[],"product_cat":[92,101],"product_tag":[],"class_list":{"0":"post-13929","1":"product","2":"type-product","3":"status-publish","4":"has-post-thumbnail","6":"pwb-brand-prettyskin","7":"product_cat-nagu","8":"product_cat-paikesekaitse","10":"first","11":"outofstock","12":"sale","13":"shipping-taxable","14":"purchasable","15":"product-type-simple","16":"entry","17":"content-bg","18":"loop-entry"},"supplier_id":null,"supplier_sku":"","barcode":null,"atum_controlled":true,"out_stock_date":"2026-04-12 18:27:03","out_stock_threshold":null,"inheritable":false,"inbound_stock":0,"stock_on_hold":0,"sold_today":0,"sales_last_days":4,"out_stock_days":1,"lost_sales":3,"has_location":false,"update_date":"2026-04-14T12:04:18","atum_locations":[],"atum_stock_status":"outofstock","restock_status":false,"low_stock_amount":"","sales_update_date":"2026-04-14T12:04:18","calc_backorders":null,"yoast_head":"<!-- This site is optimized with the Yoast SEO plugin v27.2 - https:\/\/yoast.com\/product\/yoast-seo-wordpress\/ -->\n<title>Tooniv p\u00e4ikesekaitsekreem PrettySkin No Sebum Tone Up Sun Cream SPF50+ PA++++, 70 ml - IDA.KOREA<\/title>\n<meta name=\"description\" content=\"Tooniv p\u00e4ikesekaitsekreem hooldab n\u00e4onahka ja loob tugeva kaitsebarj\u00e4\u00e4ri ultraviolettkiirguse kahjuliku m\u00f5ju vastu, olles samal ajal ka jumestuskreemi ja primeri eest.\" \/>\n<meta name=\"robots\" content=\"index, follow, max-snippet:-1, max-image-preview:large, max-video-preview:-1\" \/>\n<link rel=\"canonical\" href=\"https:\/\/idakorea.ee\/fi\/product\/tooniv-paikesekaitsekreem-prettyskin-no-sebum-tone-up-sun-cream-spf-50-pa-70-ml\/\" \/>\n<meta property=\"og:locale\" content=\"fi_FI\" \/>\n<meta property=\"og:type\" content=\"article\" \/>\n<meta property=\"og:title\" content=\"Tooniv p\u00e4ikesekaitsekreem PrettySkin No Sebum Tone Up Sun Cream SPF50+ PA++++, 70 ml - IDA.KOREA\" \/>\n<meta property=\"og:description\" content=\"Tooniv p\u00e4ikesekaitsekreem hooldab n\u00e4onahka ja loob tugeva kaitsebarj\u00e4\u00e4ri ultraviolettkiirguse kahjuliku m\u00f5ju vastu, olles samal ajal ka jumestuskreemi ja primeri eest.\" \/>\n<meta property=\"og:url\" content=\"https:\/\/idakorea.ee\/fi\/product\/tooniv-paikesekaitsekreem-prettyskin-no-sebum-tone-up-sun-cream-spf-50-pa-70-ml\/\" \/>\n<meta property=\"og:site_name\" content=\"IDA.KOREA\" \/>\n<meta property=\"article:modified_time\" content=\"2026-04-12T16:27:03+00:00\" \/>\n<meta property=\"og:image\" content=\"https:\/\/idakorea.ee\/wp-content\/uploads\/2025\/05\/prettyskin-no-sebum-tone-up-sun-cream-spf50-idakorea.ee_.jpg\" \/>\n\t<meta property=\"og:image:width\" content=\"600\" \/>\n\t<meta property=\"og:image:height\" content=\"600\" \/>\n\t<meta property=\"og:image:type\" content=\"image\/jpeg\" \/>\n<meta name=\"twitter:card\" content=\"summary_large_image\" \/>\n<meta name=\"twitter:label1\" content=\"Arvioitu lukuaika\" \/>\n\t<meta name=\"twitter:data1\" content=\"2 minuuttia\" \/>\n<script type=\"application\/ld+json\" class=\"yoast-schema-graph\">{\"@context\":\"https:\/\/schema.org\",\"@graph\":[{\"@type\":\"WebPage\",\"@id\":\"https:\/\/idakorea.ee\/product\/tooniv-paikesekaitsekreem-prettyskin-no-sebum-tone-up-sun-cream-spf-50-pa-70-ml\/\",\"url\":\"https:\/\/idakorea.ee\/product\/tooniv-paikesekaitsekreem-prettyskin-no-sebum-tone-up-sun-cream-spf-50-pa-70-ml\/\",\"name\":\"Tooniv p\u00e4ikesekaitsekreem PrettySkin No Sebum Tone Up Sun Cream SPF50+ PA++++, 70 ml - IDA.KOREA\",\"isPartOf\":{\"@id\":\"https:\/\/idakorea.ee\/#website\"},\"primaryImageOfPage\":{\"@id\":\"https:\/\/idakorea.ee\/product\/tooniv-paikesekaitsekreem-prettyskin-no-sebum-tone-up-sun-cream-spf-50-pa-70-ml\/#primaryimage\"},\"image\":{\"@id\":\"https:\/\/idakorea.ee\/product\/tooniv-paikesekaitsekreem-prettyskin-no-sebum-tone-up-sun-cream-spf-50-pa-70-ml\/#primaryimage\"},\"thumbnailUrl\":\"https:\/\/idakorea.ee\/wp-content\/uploads\/2025\/05\/prettyskin-no-sebum-tone-up-sun-cream-spf50-idakorea.ee_.jpg\",\"datePublished\":\"2025-05-08T12:12:00+00:00\",\"dateModified\":\"2026-04-12T16:27:03+00:00\",\"description\":\"Tooniv p\u00e4ikesekaitsekreem hooldab n\u00e4onahka ja loob tugeva kaitsebarj\u00e4\u00e4ri ultraviolettkiirguse kahjuliku m\u00f5ju vastu, olles samal ajal ka jumestuskreemi ja primeri eest.\",\"breadcrumb\":{\"@id\":\"https:\/\/idakorea.ee\/product\/tooniv-paikesekaitsekreem-prettyskin-no-sebum-tone-up-sun-cream-spf-50-pa-70-ml\/#breadcrumb\"},\"inLanguage\":\"fi\",\"potentialAction\":[{\"@type\":\"ReadAction\",\"target\":[\"https:\/\/idakorea.ee\/product\/tooniv-paikesekaitsekreem-prettyskin-no-sebum-tone-up-sun-cream-spf-50-pa-70-ml\/\"]}]},{\"@type\":\"ImageObject\",\"inLanguage\":\"fi\",\"@id\":\"https:\/\/idakorea.ee\/product\/tooniv-paikesekaitsekreem-prettyskin-no-sebum-tone-up-sun-cream-spf-50-pa-70-ml\/#primaryimage\",\"url\":\"https:\/\/idakorea.ee\/wp-content\/uploads\/2025\/05\/prettyskin-no-sebum-tone-up-sun-cream-spf50-idakorea.ee_.jpg\",\"contentUrl\":\"https:\/\/idakorea.ee\/wp-content\/uploads\/2025\/05\/prettyskin-no-sebum-tone-up-sun-cream-spf50-idakorea.ee_.jpg\",\"width\":600,\"height\":600},{\"@type\":\"BreadcrumbList\",\"@id\":\"https:\/\/idakorea.ee\/product\/tooniv-paikesekaitsekreem-prettyskin-no-sebum-tone-up-sun-cream-spf-50-pa-70-ml\/#breadcrumb\",\"itemListElement\":[{\"@type\":\"ListItem\",\"position\":1,\"name\":\"\u0413\u043b\u0430\u0432\u043d\u0430\u044f \u0441\u0442\u0440\u0430\u043d\u0438\u0446\u0430\",\"item\":\"https:\/\/idakorea.ee\/\"},{\"@type\":\"ListItem\",\"position\":2,\"name\":\"Shop\",\"item\":\"https:\/\/idakorea.ee\/shop-2\/\"},{\"@type\":\"ListItem\",\"position\":3,\"name\":\"Tooniv p\u00e4ikesekaitsekreem PrettySkin No Sebum Tone Up Sun Cream SPF50+ PA++++, 70 ml\"}]},{\"@type\":\"WebSite\",\"@id\":\"https:\/\/idakorea.ee\/#website\",\"url\":\"https:\/\/idakorea.ee\/\",\"name\":\"IDA.KOREA\",\"description\":\"Korea kosmeetika e-pood\",\"publisher\":{\"@id\":\"https:\/\/idakorea.ee\/#organization\"},\"alternateName\":\"Beauty Shop\",\"potentialAction\":[{\"@type\":\"SearchAction\",\"target\":{\"@type\":\"EntryPoint\",\"urlTemplate\":\"https:\/\/idakorea.ee\/?s={search_term_string}\"},\"query-input\":{\"@type\":\"PropertyValueSpecification\",\"valueRequired\":true,\"valueName\":\"search_term_string\"}}],\"inLanguage\":\"fi\"},{\"@type\":\"Organization\",\"@id\":\"https:\/\/idakorea.ee\/#organization\",\"name\":\"IDA.KOREA\",\"url\":\"https:\/\/idakorea.ee\/\",\"logo\":{\"@type\":\"ImageObject\",\"inLanguage\":\"fi\",\"@id\":\"https:\/\/idakorea.ee\/#\/schema\/logo\/image\/\",\"url\":\"https:\/\/idakorea.ee\/wp-content\/uploads\/2024\/05\/cropped-korea3.png\",\"contentUrl\":\"https:\/\/idakorea.ee\/wp-content\/uploads\/2024\/05\/cropped-korea3.png\",\"width\":688,\"height\":126,\"caption\":\"IDA.KOREA\"},\"image\":{\"@id\":\"https:\/\/idakorea.ee\/#\/schema\/logo\/image\/\"},\"sameAs\":[\"https:\/\/www.instagram.com\/ida.korea\/\"]}]}<\/script>\n<!-- \/ Yoast SEO plugin. -->","yoast_head_json":{"title":"PrettySkin No Sebum Tone Up Sun Cream SPF50+ PA++++, 70 ml - IDA.KOREA","description":"S\u00e4vytetty aurinkosuojavoide ravitsee ihoa ja luo vahvan suojan ultraviolettis\u00e4teiden haitallisilta vaikutuksilta sek\u00e4 suojaa meikilt\u00e4 ja pohjamaalilta.","robots":{"index":"index","follow":"follow","max-snippet":"max-snippet:-1","max-image-preview":"max-image-preview:large","max-video-preview":"max-video-preview:-1"},"canonical":"https:\/\/idakorea.ee\/fi\/product\/tooniv-paikesekaitsekreem-prettyskin-no-sebum-tone-up-sun-cream-spf-50-pa-70-ml\/","og_locale":"fi_FI","og_type":"article","og_title":"Tooniv p\u00e4ikesekaitsekreem PrettySkin No Sebum Tone Up Sun Cream SPF50+ PA++++, 70 ml - IDA.KOREA","og_description":"Tooniv p\u00e4ikesekaitsekreem hooldab n\u00e4onahka ja loob tugeva kaitsebarj\u00e4\u00e4ri ultraviolettkiirguse kahjuliku m\u00f5ju vastu, olles samal ajal ka jumestuskreemi ja primeri eest.","og_url":"https:\/\/idakorea.ee\/fi\/product\/tooniv-paikesekaitsekreem-prettyskin-no-sebum-tone-up-sun-cream-spf-50-pa-70-ml\/","og_site_name":"IDA.KOREA","article_modified_time":"2026-04-12T16:27:03+00:00","og_image":[{"width":600,"height":600,"url":"https:\/\/idakorea.ee\/wp-content\/uploads\/2025\/05\/prettyskin-no-sebum-tone-up-sun-cream-spf50-idakorea.ee_.jpg","type":"image\/jpeg"}],"twitter_card":"summary_large_image","twitter_misc":{"Arvioitu lukuaika":"2 minuuttia"},"schema":{"@context":"https:\/\/schema.org","@graph":[{"@type":"WebPage","@id":"https:\/\/idakorea.ee\/product\/tooniv-paikesekaitsekreem-prettyskin-no-sebum-tone-up-sun-cream-spf-50-pa-70-ml\/","url":"https:\/\/idakorea.ee\/product\/tooniv-paikesekaitsekreem-prettyskin-no-sebum-tone-up-sun-cream-spf-50-pa-70-ml\/","name":"PrettySkin No Sebum Tone Up Sun Cream SPF50+ PA++++, 70 ml - IDA.KOREA","isPartOf":{"@id":"https:\/\/idakorea.ee\/#website"},"primaryImageOfPage":{"@id":"https:\/\/idakorea.ee\/product\/tooniv-paikesekaitsekreem-prettyskin-no-sebum-tone-up-sun-cream-spf-50-pa-70-ml\/#primaryimage"},"image":{"@id":"https:\/\/idakorea.ee\/product\/tooniv-paikesekaitsekreem-prettyskin-no-sebum-tone-up-sun-cream-spf-50-pa-70-ml\/#primaryimage"},"thumbnailUrl":"https:\/\/idakorea.ee\/wp-content\/uploads\/2025\/05\/prettyskin-no-sebum-tone-up-sun-cream-spf50-idakorea.ee_.jpg","datePublished":"2025-05-08T12:12:00+00:00","dateModified":"2026-04-12T16:27:03+00:00","description":"S\u00e4vytetty aurinkosuojavoide ravitsee ihoa ja luo vahvan suojan ultraviolettis\u00e4teiden haitallisilta vaikutuksilta sek\u00e4 suojaa meikilt\u00e4 ja pohjamaalilta.","breadcrumb":{"@id":"https:\/\/idakorea.ee\/product\/tooniv-paikesekaitsekreem-prettyskin-no-sebum-tone-up-sun-cream-spf-50-pa-70-ml\/#breadcrumb"},"inLanguage":"fi","potentialAction":[{"@type":"ReadAction","target":["https:\/\/idakorea.ee\/product\/tooniv-paikesekaitsekreem-prettyskin-no-sebum-tone-up-sun-cream-spf-50-pa-70-ml\/"]}]},{"@type":"ImageObject","inLanguage":"fi","@id":"https:\/\/idakorea.ee\/product\/tooniv-paikesekaitsekreem-prettyskin-no-sebum-tone-up-sun-cream-spf-50-pa-70-ml\/#primaryimage","url":"https:\/\/idakorea.ee\/wp-content\/uploads\/2025\/05\/prettyskin-no-sebum-tone-up-sun-cream-spf50-idakorea.ee_.jpg","contentUrl":"https:\/\/idakorea.ee\/wp-content\/uploads\/2025\/05\/prettyskin-no-sebum-tone-up-sun-cream-spf50-idakorea.ee_.jpg","width":600,"height":600},{"@type":"BreadcrumbList","@id":"https:\/\/idakorea.ee\/product\/tooniv-paikesekaitsekreem-prettyskin-no-sebum-tone-up-sun-cream-spf-50-pa-70-ml\/#breadcrumb","itemListElement":[{"@type":"ListItem","position":1,"name":"\u0413\u043b\u0430\u0432\u043d\u0430\u044f \u0441\u0442\u0440\u0430\u043d\u0438\u0446\u0430","item":"https:\/\/idakorea.ee\/"},{"@type":"ListItem","position":2,"name":"Shop","item":"https:\/\/idakorea.ee\/shop-2\/"},{"@type":"ListItem","position":3,"name":"Tooniv p\u00e4ikesekaitsekreem PrettySkin No Sebum Tone Up Sun Cream SPF50+ PA++++, 70 ml"}]},{"@type":"WebSite","@id":"https:\/\/idakorea.ee\/#website","url":"https:\/\/idakorea.ee\/","name":"IDA.KOREA","description":"Korean kosmetiikan verkkokauppa","publisher":{"@id":"https:\/\/idakorea.ee\/#organization"},"alternateName":"Beauty Shop","potentialAction":[{"@type":"SearchAction","target":{"@type":"EntryPoint","urlTemplate":"https:\/\/idakorea.ee\/?s={search_term_string}"},"query-input":{"@type":"PropertyValueSpecification","valueRequired":true,"valueName":"search_term_string"}}],"inLanguage":"fi"},{"@type":"Organization","@id":"https:\/\/idakorea.ee\/#organization","name":"IDA.KOREA","url":"https:\/\/idakorea.ee\/","logo":{"@type":"ImageObject","inLanguage":"fi","@id":"https:\/\/idakorea.ee\/#\/schema\/logo\/image\/","url":"https:\/\/idakorea.ee\/wp-content\/uploads\/2024\/05\/cropped-korea3.png","contentUrl":"https:\/\/idakorea.ee\/wp-content\/uploads\/2024\/05\/cropped-korea3.png","width":688,"height":126,"caption":"IDA.KOREA"},"image":{"@id":"https:\/\/idakorea.ee\/#\/schema\/logo\/image\/"},"sameAs":["https:\/\/www.instagram.com\/ida.korea\/"]}]}},"jetpack_sharing_enabled":true,"brands":[{"id":851,"name":"PRETTYSKIN.","slug":"prettyskin"}],"_links":{"self":[{"href":"https:\/\/idakorea.ee\/fi\/wp-json\/wp\/v2\/product\/13929","targetHints":{"allow":["GET"]}}],"collection":[{"href":"https:\/\/idakorea.ee\/fi\/wp-json\/wp\/v2\/product"}],"about":[{"href":"https:\/\/idakorea.ee\/fi\/wp-json\/wp\/v2\/types\/product"}],"replies":[{"embeddable":true,"href":"https:\/\/idakorea.ee\/fi\/wp-json\/wp\/v2\/comments?post=13929"}],"version-history":[{"count":3,"href":"https:\/\/idakorea.ee\/fi\/wp-json\/wp\/v2\/product\/13929\/revisions"}],"predecessor-version":[{"id":17502,"href":"https:\/\/idakorea.ee\/fi\/wp-json\/wp\/v2\/product\/13929\/revisions\/17502"}],"wp:featuredmedia":[{"embeddable":true,"href":"https:\/\/idakorea.ee\/fi\/wp-json\/wp\/v2\/media\/13930"}],"wp:attachment":[{"href":"https:\/\/idakorea.ee\/fi\/wp-json\/wp\/v2\/media?parent=13929"}],"wp:term":[{"taxonomy":"pwb-brand","embeddable":true,"href":"https:\/\/idakorea.ee\/fi\/wp-json\/wp\/v2\/pwb-brand?post=13929"},{"taxonomy":"product_brand","embeddable":true,"href":"https:\/\/idakorea.ee\/fi\/wp-json\/wp\/v2\/product_brand?post=13929"},{"taxonomy":"product_cat","embeddable":true,"href":"https:\/\/idakorea.ee\/fi\/wp-json\/wp\/v2\/product_cat?post=13929"},{"taxonomy":"product_tag","embeddable":true,"href":"https:\/\/idakorea.ee\/fi\/wp-json\/wp\/v2\/product_tag?post=13929"}],"curies":[{"name":"wp","href":"https:\/\/api.w.org\/{rel}","templated":true}]}}