{"id":14026,"date":"2025-05-11T18:26:55","date_gmt":"2025-05-11T16:26:55","guid":{"rendered":"https:\/\/idakorea.ee\/?post_type=product&#038;p=14026"},"modified":"2026-01-30T10:08:53","modified_gmt":"2026-01-30T08:08:53","slug":"purito-seoul-wonder-releaf-centella-daily-sun-lotion-50-pa-60-ml","status":"publish","type":"product","link":"https:\/\/idakorea.ee\/fi\/product\/purito-seoul-wonder-releaf-centella-daily-sun-lotion-50-pa-60-ml\/","title":{"rendered":"Purito Seoul Wonder Relief Centella Daily Sun Lotion SPF50+ PA++++, 60 ml, 60 ml"},"content":{"rendered":"<p><strong>Purito Soul<\/strong> Voide suojaa samanaikaisesti UV-s\u00e4teilt\u00e4 ja kaupunkien saasteilta, kuten hienoilta hiukkasilta, ja hoitaa samalla ihoa. Aktiivisten ainesosien, kuten rohtosammakon ja muiden luonnollisten ainesosien, ansiosta tuotteella on rauhoittavia ominaisuuksia, jotka auttavat v\u00e4hent\u00e4m\u00e4\u00e4n iho\u00e4rsytyst\u00e4 ja yll\u00e4pit\u00e4m\u00e4\u00e4n ihon terveytt\u00e4 auringonvalossa.<\/p>\n<p>Tuote levittyy helposti iholle ja imeytyy nopeasti, eik\u00e4 j\u00e4t\u00e4 rasvaista tai tahmeaa tunnetta. Sopii p\u00e4ivitt\u00e4iseen k\u00e4ytt\u00f6\u00f6n.<\/p>\n<p><strong>Aktiiviset ainesosat:<\/strong><\/p>\n<ul>\n<li><strong>Aasialainen centella (Centella asiatica)<\/strong> \u2013 rauhoittaa ihoa, tukee sen uusiutumista, stimuloi kollageenin tuotantoa ja v\u00e4hent\u00e4\u00e4 turvotusta ja tulehdusta.<\/li>\n<li><strong>Merilev\u00e4uute<\/strong> \u2013 puhdistaa, hidastaa ihon ik\u00e4\u00e4ntymist\u00e4, suojaa ihon suojakerrosta ja auttaa pit\u00e4m\u00e4\u00e4n kasvojen ihon terveen\u00e4 ja hehkuvana.<\/li>\n<li><strong>Hyaluronihappo<\/strong> \u2013 syv\u00e4kosteuttava vaikutus, sitoo kosteutta ja antaa iholle kimmoisuutta.<\/li>\n<\/ul>\n<p><strong>Ominaisuudet:<\/strong><\/p>\n<ul>\n<li>Kosteuttava koostumus<\/li>\n<li>Suojaa kaupunkien saasteilta ja kontaminaatiolta<\/li>\n<li>Ei j\u00e4t\u00e4 tahmeaa kerrosta<\/li>\n<li>Ei j\u00e4t\u00e4 valkoista tahraa iholle<\/li>\n<li>Sopii herk\u00e4lle iholle<\/li>\n<li>Hypoallergeeninen<\/li>\n<li>Dermatologisesti testattu<\/li>\n<\/ul>\n<p><strong>K\u00e4ytt\u00f6opas:<\/strong><br \/>\nLevit\u00e4 voide tasaisesti iholle 15 minuuttia ennen auringolle l\u00e4ht\u00f6\u00e4.<\/p>","protected":false},"excerpt":{"rendered":"<p>Purito Seoul -voide suojaa samanaikaisesti ultraviolettis\u00e4teilt\u00e4 ja kaupunkien saasteilta, kuten pienhiukkasilta, ja hoitaa samalla ihoa. Centella asiatican ja muiden luonnollisten ainesosien kaltaisten aktiivisten ainesosien ansiosta tuotteella on rauhoittavia ominaisuuksia, jotka auttavat v\u00e4hent\u00e4m\u00e4\u00e4n \u00e4rsytyst\u00e4 ja yll\u00e4pit\u00e4m\u00e4\u00e4n tervett\u00e4 ihoa auringolle altistumisen aikana. Tuote levittyy helposti iholle ja imeytyy nopeasti j\u00e4tt\u00e4m\u00e4tt\u00e4 rasvaista tai tahmeaa...<\/p>","protected":false},"featured_media":14027,"comment_status":"open","ping_status":"closed","template":"","meta":{"_uf_show_specific_survey":0,"_uf_disable_surveys":false,"_bst_post_transparent":"default","_bst_post_title":"","_bst_post_layout":"default","_bst_post_sidebar_id":"","_bst_post_content_style":"default","_bst_post_vertical_padding":"default","_bst_post_feature":"","_bst_post_feature_position":"","_bst_post_header":false,"_bst_post_footer":false},"pwb-brand":[491],"product_brand":[],"product_cat":[92,101],"product_tag":[677,864],"class_list":{"0":"post-14026","1":"product","2":"type-product","3":"status-publish","4":"has-post-thumbnail","6":"pwb-brand-purito","7":"product_cat-nagu","8":"product_cat-paikesekaitse","9":"product_tag-purito","10":"product_tag-spf","12":"first","13":"instock","14":"sale","15":"shipping-taxable","16":"purchasable","17":"product-type-simple","18":"entry","19":"content-bg","20":"loop-entry"},"supplier_id":null,"supplier_sku":"","barcode":null,"atum_controlled":true,"out_stock_date":null,"out_stock_threshold":null,"inheritable":false,"inbound_stock":0,"stock_on_hold":0,"sold_today":0,"sales_last_days":0,"out_stock_days":0,"lost_sales":0,"has_location":false,"update_date":"2026-04-15T00:05:13","atum_locations":[],"atum_stock_status":"instock","restock_status":false,"low_stock_amount":"","sales_update_date":"2026-04-15T00:05:13","calc_backorders":null,"yoast_head":"<!-- This site is optimized with the Yoast SEO plugin v27.2 - https:\/\/yoast.com\/product\/yoast-seo-wordpress\/ -->\n<title>Igap\u00e4evane p\u00e4ikesekaitselosjoon Purito Seoul Wonder Releaf Centella Daily Sun Lotion SPF50+ PA++++, 60 ml - IDA.KOREA<\/title>\n<meta name=\"description\" content=\"Purito Seoul losjoon kaitseb samaaegselt ultraviolettkiirguse ja linnareostuse, nagu peenosakeste eest, ning hooldab samal ajal nahka. Kiire tarne!\" \/>\n<meta name=\"robots\" content=\"index, follow, max-snippet:-1, max-image-preview:large, max-video-preview:-1\" \/>\n<link rel=\"canonical\" href=\"https:\/\/idakorea.ee\/fi\/product\/purito-seoul-wonder-releaf-centella-daily-sun-lotion-50-pa-60-ml\/\" \/>\n<meta property=\"og:locale\" content=\"fi_FI\" \/>\n<meta property=\"og:type\" content=\"article\" \/>\n<meta property=\"og:title\" content=\"Igap\u00e4evane p\u00e4ikesekaitselosjoon Purito Seoul Wonder Releaf Centella Daily Sun Lotion SPF50+ PA++++, 60 ml - IDA.KOREA\" \/>\n<meta property=\"og:description\" content=\"Purito Seoul losjoon kaitseb samaaegselt ultraviolettkiirguse ja linnareostuse, nagu peenosakeste eest, ning hooldab samal ajal nahka. Kiire tarne!\" \/>\n<meta property=\"og:url\" content=\"https:\/\/idakorea.ee\/fi\/product\/purito-seoul-wonder-releaf-centella-daily-sun-lotion-50-pa-60-ml\/\" \/>\n<meta property=\"og:site_name\" content=\"IDA.KOREA\" \/>\n<meta property=\"article:modified_time\" content=\"2026-01-30T08:08:53+00:00\" \/>\n<meta property=\"og:image\" content=\"https:\/\/idakorea.ee\/wp-content\/uploads\/2025\/05\/puritoseoulwonderreleafcentelladailysunlotion-idakorea.ee_.webp\" \/>\n\t<meta property=\"og:image:width\" content=\"950\" \/>\n\t<meta property=\"og:image:height\" content=\"950\" \/>\n\t<meta property=\"og:image:type\" content=\"image\/webp\" \/>\n<meta name=\"twitter:card\" content=\"summary_large_image\" \/>\n<meta name=\"twitter:label1\" content=\"Arvioitu lukuaika\" \/>\n\t<meta name=\"twitter:data1\" content=\"1 minuutti\" \/>\n<script type=\"application\/ld+json\" class=\"yoast-schema-graph\">{\"@context\":\"https:\/\/schema.org\",\"@graph\":[{\"@type\":\"WebPage\",\"@id\":\"https:\/\/idakorea.ee\/product\/purito-seoul-wonder-releaf-centella-daily-sun-lotion-50-pa-60-ml\/\",\"url\":\"https:\/\/idakorea.ee\/product\/purito-seoul-wonder-releaf-centella-daily-sun-lotion-50-pa-60-ml\/\",\"name\":\"Igap\u00e4evane p\u00e4ikesekaitselosjoon Purito Seoul Wonder Releaf Centella Daily Sun Lotion SPF50+ PA++++, 60 ml - IDA.KOREA\",\"isPartOf\":{\"@id\":\"https:\/\/idakorea.ee\/#website\"},\"primaryImageOfPage\":{\"@id\":\"https:\/\/idakorea.ee\/product\/purito-seoul-wonder-releaf-centella-daily-sun-lotion-50-pa-60-ml\/#primaryimage\"},\"image\":{\"@id\":\"https:\/\/idakorea.ee\/product\/purito-seoul-wonder-releaf-centella-daily-sun-lotion-50-pa-60-ml\/#primaryimage\"},\"thumbnailUrl\":\"https:\/\/idakorea.ee\/wp-content\/uploads\/2025\/05\/puritoseoulwonderreleafcentelladailysunlotion-idakorea.ee_.webp\",\"datePublished\":\"2025-05-11T16:26:55+00:00\",\"dateModified\":\"2026-01-30T08:08:53+00:00\",\"description\":\"Purito Seoul losjoon kaitseb samaaegselt ultraviolettkiirguse ja linnareostuse, nagu peenosakeste eest, ning hooldab samal ajal nahka. Kiire tarne!\",\"breadcrumb\":{\"@id\":\"https:\/\/idakorea.ee\/product\/purito-seoul-wonder-releaf-centella-daily-sun-lotion-50-pa-60-ml\/#breadcrumb\"},\"inLanguage\":\"fi\",\"potentialAction\":[{\"@type\":\"ReadAction\",\"target\":[\"https:\/\/idakorea.ee\/product\/purito-seoul-wonder-releaf-centella-daily-sun-lotion-50-pa-60-ml\/\"]}]},{\"@type\":\"ImageObject\",\"inLanguage\":\"fi\",\"@id\":\"https:\/\/idakorea.ee\/product\/purito-seoul-wonder-releaf-centella-daily-sun-lotion-50-pa-60-ml\/#primaryimage\",\"url\":\"https:\/\/idakorea.ee\/wp-content\/uploads\/2025\/05\/puritoseoulwonderreleafcentelladailysunlotion-idakorea.ee_.webp\",\"contentUrl\":\"https:\/\/idakorea.ee\/wp-content\/uploads\/2025\/05\/puritoseoulwonderreleafcentelladailysunlotion-idakorea.ee_.webp\",\"width\":950,\"height\":950},{\"@type\":\"BreadcrumbList\",\"@id\":\"https:\/\/idakorea.ee\/product\/purito-seoul-wonder-releaf-centella-daily-sun-lotion-50-pa-60-ml\/#breadcrumb\",\"itemListElement\":[{\"@type\":\"ListItem\",\"position\":1,\"name\":\"\u0413\u043b\u0430\u0432\u043d\u0430\u044f \u0441\u0442\u0440\u0430\u043d\u0438\u0446\u0430\",\"item\":\"https:\/\/idakorea.ee\/\"},{\"@type\":\"ListItem\",\"position\":2,\"name\":\"Shop\",\"item\":\"https:\/\/idakorea.ee\/shop-2\/\"},{\"@type\":\"ListItem\",\"position\":3,\"name\":\"Igap\u00e4evane p\u00e4ikesekaitselosjoon Purito Seoul Wonder Releaf Centella Daily Sun Lotion SPF50+ PA++++, 60 ml\"}]},{\"@type\":\"WebSite\",\"@id\":\"https:\/\/idakorea.ee\/#website\",\"url\":\"https:\/\/idakorea.ee\/\",\"name\":\"IDA.KOREA\",\"description\":\"Korea kosmeetika e-pood\",\"publisher\":{\"@id\":\"https:\/\/idakorea.ee\/#organization\"},\"alternateName\":\"Beauty Shop\",\"potentialAction\":[{\"@type\":\"SearchAction\",\"target\":{\"@type\":\"EntryPoint\",\"urlTemplate\":\"https:\/\/idakorea.ee\/?s={search_term_string}\"},\"query-input\":{\"@type\":\"PropertyValueSpecification\",\"valueRequired\":true,\"valueName\":\"search_term_string\"}}],\"inLanguage\":\"fi\"},{\"@type\":\"Organization\",\"@id\":\"https:\/\/idakorea.ee\/#organization\",\"name\":\"IDA.KOREA\",\"url\":\"https:\/\/idakorea.ee\/\",\"logo\":{\"@type\":\"ImageObject\",\"inLanguage\":\"fi\",\"@id\":\"https:\/\/idakorea.ee\/#\/schema\/logo\/image\/\",\"url\":\"https:\/\/idakorea.ee\/wp-content\/uploads\/2024\/05\/cropped-korea3.png\",\"contentUrl\":\"https:\/\/idakorea.ee\/wp-content\/uploads\/2024\/05\/cropped-korea3.png\",\"width\":688,\"height\":126,\"caption\":\"IDA.KOREA\"},\"image\":{\"@id\":\"https:\/\/idakorea.ee\/#\/schema\/logo\/image\/\"},\"sameAs\":[\"https:\/\/www.instagram.com\/ida.korea\/\"]}]}<\/script>\n<!-- \/ Yoast SEO plugin. -->","yoast_head_json":{"title":"Purito Seoul Wonder Releaf Centella Daily Sun Lotion SPF50+ PA++++, 60 ml - It\u00e4-Korea","description":"Purito Seoul -voide suojaa samanaikaisesti ultraviolettis\u00e4teilylt\u00e4 ja kaupunkien saasteilta, kuten hienoilta hiukkasilta, ja hoitaa samalla ihoa. Nopea toimitus!","robots":{"index":"index","follow":"follow","max-snippet":"max-snippet:-1","max-image-preview":"max-image-preview:large","max-video-preview":"max-video-preview:-1"},"canonical":"https:\/\/idakorea.ee\/fi\/product\/purito-seoul-wonder-releaf-centella-daily-sun-lotion-50-pa-60-ml\/","og_locale":"fi_FI","og_type":"article","og_title":"Igap\u00e4evane p\u00e4ikesekaitselosjoon Purito Seoul Wonder Releaf Centella Daily Sun Lotion SPF50+ PA++++, 60 ml - IDA.KOREA","og_description":"Purito Seoul losjoon kaitseb samaaegselt ultraviolettkiirguse ja linnareostuse, nagu peenosakeste eest, ning hooldab samal ajal nahka. Kiire tarne!","og_url":"https:\/\/idakorea.ee\/fi\/product\/purito-seoul-wonder-releaf-centella-daily-sun-lotion-50-pa-60-ml\/","og_site_name":"IDA.KOREA","article_modified_time":"2026-01-30T08:08:53+00:00","og_image":[{"width":950,"height":950,"url":"https:\/\/idakorea.ee\/wp-content\/uploads\/2025\/05\/puritoseoulwonderreleafcentelladailysunlotion-idakorea.ee_.webp","type":"image\/webp"}],"twitter_card":"summary_large_image","twitter_misc":{"Arvioitu lukuaika":"1 minuutti"},"schema":{"@context":"https:\/\/schema.org","@graph":[{"@type":"WebPage","@id":"https:\/\/idakorea.ee\/product\/purito-seoul-wonder-releaf-centella-daily-sun-lotion-50-pa-60-ml\/","url":"https:\/\/idakorea.ee\/product\/purito-seoul-wonder-releaf-centella-daily-sun-lotion-50-pa-60-ml\/","name":"Purito Seoul Wonder Releaf Centella Daily Sun Lotion SPF50+ PA++++, 60 ml - It\u00e4-Korea","isPartOf":{"@id":"https:\/\/idakorea.ee\/#website"},"primaryImageOfPage":{"@id":"https:\/\/idakorea.ee\/product\/purito-seoul-wonder-releaf-centella-daily-sun-lotion-50-pa-60-ml\/#primaryimage"},"image":{"@id":"https:\/\/idakorea.ee\/product\/purito-seoul-wonder-releaf-centella-daily-sun-lotion-50-pa-60-ml\/#primaryimage"},"thumbnailUrl":"https:\/\/idakorea.ee\/wp-content\/uploads\/2025\/05\/puritoseoulwonderreleafcentelladailysunlotion-idakorea.ee_.webp","datePublished":"2025-05-11T16:26:55+00:00","dateModified":"2026-01-30T08:08:53+00:00","description":"Purito Seoul -voide suojaa samanaikaisesti ultraviolettis\u00e4teilylt\u00e4 ja kaupunkien saasteilta, kuten hienoilta hiukkasilta, ja hoitaa samalla ihoa. Nopea toimitus!","breadcrumb":{"@id":"https:\/\/idakorea.ee\/product\/purito-seoul-wonder-releaf-centella-daily-sun-lotion-50-pa-60-ml\/#breadcrumb"},"inLanguage":"fi","potentialAction":[{"@type":"ReadAction","target":["https:\/\/idakorea.ee\/product\/purito-seoul-wonder-releaf-centella-daily-sun-lotion-50-pa-60-ml\/"]}]},{"@type":"ImageObject","inLanguage":"fi","@id":"https:\/\/idakorea.ee\/product\/purito-seoul-wonder-releaf-centella-daily-sun-lotion-50-pa-60-ml\/#primaryimage","url":"https:\/\/idakorea.ee\/wp-content\/uploads\/2025\/05\/puritoseoulwonderreleafcentelladailysunlotion-idakorea.ee_.webp","contentUrl":"https:\/\/idakorea.ee\/wp-content\/uploads\/2025\/05\/puritoseoulwonderreleafcentelladailysunlotion-idakorea.ee_.webp","width":950,"height":950},{"@type":"BreadcrumbList","@id":"https:\/\/idakorea.ee\/product\/purito-seoul-wonder-releaf-centella-daily-sun-lotion-50-pa-60-ml\/#breadcrumb","itemListElement":[{"@type":"ListItem","position":1,"name":"\u0413\u043b\u0430\u0432\u043d\u0430\u044f \u0441\u0442\u0440\u0430\u043d\u0438\u0446\u0430","item":"https:\/\/idakorea.ee\/"},{"@type":"ListItem","position":2,"name":"Shop","item":"https:\/\/idakorea.ee\/shop-2\/"},{"@type":"ListItem","position":3,"name":"Igap\u00e4evane p\u00e4ikesekaitselosjoon Purito Seoul Wonder Releaf Centella Daily Sun Lotion SPF50+ PA++++, 60 ml"}]},{"@type":"WebSite","@id":"https:\/\/idakorea.ee\/#website","url":"https:\/\/idakorea.ee\/","name":"IDA.KOREA","description":"Korean kosmetiikan verkkokauppa","publisher":{"@id":"https:\/\/idakorea.ee\/#organization"},"alternateName":"Beauty Shop","potentialAction":[{"@type":"SearchAction","target":{"@type":"EntryPoint","urlTemplate":"https:\/\/idakorea.ee\/?s={search_term_string}"},"query-input":{"@type":"PropertyValueSpecification","valueRequired":true,"valueName":"search_term_string"}}],"inLanguage":"fi"},{"@type":"Organization","@id":"https:\/\/idakorea.ee\/#organization","name":"IDA.KOREA","url":"https:\/\/idakorea.ee\/","logo":{"@type":"ImageObject","inLanguage":"fi","@id":"https:\/\/idakorea.ee\/#\/schema\/logo\/image\/","url":"https:\/\/idakorea.ee\/wp-content\/uploads\/2024\/05\/cropped-korea3.png","contentUrl":"https:\/\/idakorea.ee\/wp-content\/uploads\/2024\/05\/cropped-korea3.png","width":688,"height":126,"caption":"IDA.KOREA"},"image":{"@id":"https:\/\/idakorea.ee\/#\/schema\/logo\/image\/"},"sameAs":["https:\/\/www.instagram.com\/ida.korea\/"]}]}},"jetpack_sharing_enabled":true,"brands":[{"id":491,"name":"PURITO","slug":"purito"}],"_links":{"self":[{"href":"https:\/\/idakorea.ee\/fi\/wp-json\/wp\/v2\/product\/14026","targetHints":{"allow":["GET"]}}],"collection":[{"href":"https:\/\/idakorea.ee\/fi\/wp-json\/wp\/v2\/product"}],"about":[{"href":"https:\/\/idakorea.ee\/fi\/wp-json\/wp\/v2\/types\/product"}],"replies":[{"embeddable":true,"href":"https:\/\/idakorea.ee\/fi\/wp-json\/wp\/v2\/comments?post=14026"}],"version-history":[{"count":1,"href":"https:\/\/idakorea.ee\/fi\/wp-json\/wp\/v2\/product\/14026\/revisions"}],"predecessor-version":[{"id":14031,"href":"https:\/\/idakorea.ee\/fi\/wp-json\/wp\/v2\/product\/14026\/revisions\/14031"}],"wp:featuredmedia":[{"embeddable":true,"href":"https:\/\/idakorea.ee\/fi\/wp-json\/wp\/v2\/media\/14027"}],"wp:attachment":[{"href":"https:\/\/idakorea.ee\/fi\/wp-json\/wp\/v2\/media?parent=14026"}],"wp:term":[{"taxonomy":"pwb-brand","embeddable":true,"href":"https:\/\/idakorea.ee\/fi\/wp-json\/wp\/v2\/pwb-brand?post=14026"},{"taxonomy":"product_brand","embeddable":true,"href":"https:\/\/idakorea.ee\/fi\/wp-json\/wp\/v2\/product_brand?post=14026"},{"taxonomy":"product_cat","embeddable":true,"href":"https:\/\/idakorea.ee\/fi\/wp-json\/wp\/v2\/product_cat?post=14026"},{"taxonomy":"product_tag","embeddable":true,"href":"https:\/\/idakorea.ee\/fi\/wp-json\/wp\/v2\/product_tag?post=14026"}],"curies":[{"name":"wp","href":"https:\/\/api.w.org\/{rel}","templated":true}]}}