{"id":14040,"date":"2025-05-11T18:57:12","date_gmt":"2025-05-11T16:57:12","guid":{"rendered":"https:\/\/idakorea.ee\/?post_type=product&#038;p=14040"},"modified":"2026-03-19T22:35:36","modified_gmt":"2026-03-19T20:35:36","slug":"kangas-silmapadjad-prreti-real-cica-eye-zone-patch-30-tk","status":"publish","type":"product","link":"https:\/\/idakorea.ee\/fi\/product\/kangas-silmapadjad-prreti-real-cica-eye-zone-patch-30-tk\/","title":{"rendered":"Kangassilm\u00e4laastarit Prret Real Kitten Eye Zone Patch, 30 kpl"},"content":{"rendered":"<p><strong>Prreti Real Kitty Eye Zone Patch<\/strong> - Centella asiatica (aasialainen vesikrassi) -valmisteiset, turvotusta ehk\u00e4isev\u00e4t silm\u00e4laastarit virkist\u00e4v\u00e4t silm\u00e4nymp\u00e4rysihoa nopeasti.<\/p>\n<p>Laastarit tasoittavat hyvin ryppyj\u00e4, v\u00e4hent\u00e4v\u00e4t turvotusta ja tummia silm\u00e4nalusia. Kosteuttavat ja kiinteytt\u00e4v\u00e4t ihoa, jolloin se on joustavampi ja sile\u00e4mpi.<\/p>\n<p><strong>Aasian vesikrassiuute<\/strong> lievitt\u00e4\u00e4 punoitusta ja \u00e4rsytyst\u00e4, vahvistaa verisuonten sein\u00e4mi\u00e4, v\u00e4hent\u00e4\u00e4 couperoosin n\u00e4kyvyytt\u00e4 ja parantaa ihon kimmoisuutta.<br \/>\n<strong>Niasiiniamidi<\/strong> tasoittaa ihon s\u00e4vy\u00e4, antaa terveen ja s\u00e4teilev\u00e4n ihon, parantaa mikroverenkiertoa ja auttaa v\u00e4hent\u00e4m\u00e4\u00e4n pigmentaatiota.<br \/>\n<strong>Allantoiin<\/strong> vaikuttaa ihoa uudistavasti, nopeuttaa kudosten uusiutumista, vahvistaa ihon puolustuskyky\u00e4 sek\u00e4 kosteuttaa ja pehment\u00e4\u00e4 ihoa.<\/p>\n<p>&nbsp;<\/p>\n<p><strong>K\u00e4ytt\u00f6opas:<\/strong><br \/>\nLevit\u00e4 laastaria silmien ymp\u00e4rill\u00e4 olevalle, aiemmin puhdistetulle iholle 20-30 minuutiksi.<\/p>","protected":false},"excerpt":{"rendered":"<p>Prreti Real Cica Eye Zone Patch - Palauttavat kangassilm\u00e4laastarit turvotusta vastaan, jotka on muotoiltu centella asiatican (aasialaisen vesihyasintin) avulla, auttavat virkist\u00e4m\u00e4\u00e4n silm\u00e4nymp\u00e4rysihoa nopeasti. Laastarit tasoittavat hyvin mimisi\u00e4 ryppyj\u00e4, v\u00e4hent\u00e4v\u00e4t turvotusta ja tummia silm\u00e4nalusia. Kosteuttavat ja kiinteytt\u00e4v\u00e4t ihoa tehden siit\u00e4 joustavamman ja sile\u00e4mm\u00e4n. Aasialainen vesikrassiuute rauhoittaa punoitusta ja \u00e4rsytyst\u00e4, vahvistaa verisuonten sein\u00e4mi\u00e4, v\u00e4hent\u00e4\u00e4 couperoosin n\u00e4kyvyytt\u00e4....<\/p>","protected":false},"featured_media":14041,"comment_status":"open","ping_status":"closed","template":"","meta":{"_uf_show_specific_survey":0,"_uf_disable_surveys":false,"_bst_post_transparent":"default","_bst_post_title":"","_bst_post_layout":"default","_bst_post_sidebar_id":"","_bst_post_content_style":"default","_bst_post_vertical_padding":"default","_bst_post_feature":"","_bst_post_feature_position":"","_bst_post_header":false,"_bst_post_footer":false},"pwb-brand":[865],"product_brand":[],"product_cat":[92,99,385],"product_tag":[],"class_list":{"0":"post-14040","1":"product","2":"type-product","3":"status-publish","4":"has-post-thumbnail","6":"pwb-brand-prreti","7":"product_cat-nagu","8":"product_cat-silmad-ja-huuled-2","9":"product_cat-silmapadjad","11":"first","12":"instock","13":"sale","14":"shipping-taxable","15":"purchasable","16":"product-type-simple","17":"entry","18":"content-bg","19":"loop-entry"},"supplier_id":null,"supplier_sku":"","barcode":null,"atum_controlled":true,"out_stock_date":null,"out_stock_threshold":null,"inheritable":false,"inbound_stock":0,"stock_on_hold":0,"sold_today":0,"sales_last_days":2,"out_stock_days":0,"lost_sales":0,"has_location":false,"update_date":"2026-04-14T00:05:10","atum_locations":[],"atum_stock_status":"instock","restock_status":false,"low_stock_amount":"","sales_update_date":"2026-04-14T00:05:10","calc_backorders":null,"yoast_head":"<!-- This site is optimized with the Yoast SEO plugin v27.2 - https:\/\/yoast.com\/product\/yoast-seo-wordpress\/ -->\n<title>Kangas silmapadjad Prreti Real Cica Eye Zone Patch, 30 tk - IDA.KOREA<\/title>\n<meta name=\"description\" content=\"Prreti Real Cica Eye Zone Patch \u2013 taastavad kangas-silmaplaastrid tursete vastu, mille koostises on centella asiatica, aitavad kiiresti silma\u00fcmbruse ala v\u00e4rskendada.\" \/>\n<meta name=\"robots\" content=\"index, follow, max-snippet:-1, max-image-preview:large, max-video-preview:-1\" \/>\n<link rel=\"canonical\" href=\"https:\/\/idakorea.ee\/fi\/product\/kangas-silmapadjad-prreti-real-cica-eye-zone-patch-30-tk\/\" \/>\n<meta property=\"og:locale\" content=\"fi_FI\" \/>\n<meta property=\"og:type\" content=\"article\" \/>\n<meta property=\"og:title\" content=\"Kangas silmapadjad Prreti Real Cica Eye Zone Patch, 30 tk - IDA.KOREA\" \/>\n<meta property=\"og:description\" content=\"Prreti Real Cica Eye Zone Patch \u2013 taastavad kangas-silmaplaastrid tursete vastu, mille koostises on centella asiatica, aitavad kiiresti silma\u00fcmbruse ala v\u00e4rskendada.\" \/>\n<meta property=\"og:url\" content=\"https:\/\/idakorea.ee\/fi\/product\/kangas-silmapadjad-prreti-real-cica-eye-zone-patch-30-tk\/\" \/>\n<meta property=\"og:site_name\" content=\"IDA.KOREA\" \/>\n<meta property=\"article:modified_time\" content=\"2026-03-19T20:35:36+00:00\" \/>\n<meta property=\"og:image\" content=\"https:\/\/idakorea.ee\/wp-content\/uploads\/2025\/05\/pretti-realcica-eyepatch-idakorea.jpg\" \/>\n\t<meta property=\"og:image:width\" content=\"2048\" \/>\n\t<meta property=\"og:image:height\" content=\"2048\" \/>\n\t<meta property=\"og:image:type\" content=\"image\/jpeg\" \/>\n<meta name=\"twitter:card\" content=\"summary_large_image\" \/>\n<meta name=\"twitter:label1\" content=\"Arvioitu lukuaika\" \/>\n\t<meta name=\"twitter:data1\" content=\"1 minuutti\" \/>\n<script type=\"application\/ld+json\" class=\"yoast-schema-graph\">{\"@context\":\"https:\/\/schema.org\",\"@graph\":[{\"@type\":\"WebPage\",\"@id\":\"https:\/\/idakorea.ee\/product\/kangas-silmapadjad-prreti-real-cica-eye-zone-patch-30-tk\/\",\"url\":\"https:\/\/idakorea.ee\/product\/kangas-silmapadjad-prreti-real-cica-eye-zone-patch-30-tk\/\",\"name\":\"Kangas silmapadjad Prreti Real Cica Eye Zone Patch, 30 tk - IDA.KOREA\",\"isPartOf\":{\"@id\":\"https:\/\/idakorea.ee\/#website\"},\"primaryImageOfPage\":{\"@id\":\"https:\/\/idakorea.ee\/product\/kangas-silmapadjad-prreti-real-cica-eye-zone-patch-30-tk\/#primaryimage\"},\"image\":{\"@id\":\"https:\/\/idakorea.ee\/product\/kangas-silmapadjad-prreti-real-cica-eye-zone-patch-30-tk\/#primaryimage\"},\"thumbnailUrl\":\"https:\/\/idakorea.ee\/wp-content\/uploads\/2025\/05\/pretti-realcica-eyepatch-idakorea.jpg\",\"datePublished\":\"2025-05-11T16:57:12+00:00\",\"dateModified\":\"2026-03-19T20:35:36+00:00\",\"description\":\"Prreti Real Cica Eye Zone Patch \u2013 taastavad kangas-silmaplaastrid tursete vastu, mille koostises on centella asiatica, aitavad kiiresti silma\u00fcmbruse ala v\u00e4rskendada.\",\"breadcrumb\":{\"@id\":\"https:\/\/idakorea.ee\/product\/kangas-silmapadjad-prreti-real-cica-eye-zone-patch-30-tk\/#breadcrumb\"},\"inLanguage\":\"fi\",\"potentialAction\":[{\"@type\":\"ReadAction\",\"target\":[\"https:\/\/idakorea.ee\/product\/kangas-silmapadjad-prreti-real-cica-eye-zone-patch-30-tk\/\"]}]},{\"@type\":\"ImageObject\",\"inLanguage\":\"fi\",\"@id\":\"https:\/\/idakorea.ee\/product\/kangas-silmapadjad-prreti-real-cica-eye-zone-patch-30-tk\/#primaryimage\",\"url\":\"https:\/\/idakorea.ee\/wp-content\/uploads\/2025\/05\/pretti-realcica-eyepatch-idakorea.jpg\",\"contentUrl\":\"https:\/\/idakorea.ee\/wp-content\/uploads\/2025\/05\/pretti-realcica-eyepatch-idakorea.jpg\",\"width\":2048,\"height\":2048},{\"@type\":\"BreadcrumbList\",\"@id\":\"https:\/\/idakorea.ee\/product\/kangas-silmapadjad-prreti-real-cica-eye-zone-patch-30-tk\/#breadcrumb\",\"itemListElement\":[{\"@type\":\"ListItem\",\"position\":1,\"name\":\"\u0413\u043b\u0430\u0432\u043d\u0430\u044f \u0441\u0442\u0440\u0430\u043d\u0438\u0446\u0430\",\"item\":\"https:\/\/idakorea.ee\/\"},{\"@type\":\"ListItem\",\"position\":2,\"name\":\"Shop\",\"item\":\"https:\/\/idakorea.ee\/shop-2\/\"},{\"@type\":\"ListItem\",\"position\":3,\"name\":\"Kangas silmapadjad Prreti Real Cica Eye Zone Patch, 30 tk\"}]},{\"@type\":\"WebSite\",\"@id\":\"https:\/\/idakorea.ee\/#website\",\"url\":\"https:\/\/idakorea.ee\/\",\"name\":\"IDA.KOREA\",\"description\":\"Korea kosmeetika e-pood\",\"publisher\":{\"@id\":\"https:\/\/idakorea.ee\/#organization\"},\"alternateName\":\"Beauty Shop\",\"potentialAction\":[{\"@type\":\"SearchAction\",\"target\":{\"@type\":\"EntryPoint\",\"urlTemplate\":\"https:\/\/idakorea.ee\/?s={search_term_string}\"},\"query-input\":{\"@type\":\"PropertyValueSpecification\",\"valueRequired\":true,\"valueName\":\"search_term_string\"}}],\"inLanguage\":\"fi\"},{\"@type\":\"Organization\",\"@id\":\"https:\/\/idakorea.ee\/#organization\",\"name\":\"IDA.KOREA\",\"url\":\"https:\/\/idakorea.ee\/\",\"logo\":{\"@type\":\"ImageObject\",\"inLanguage\":\"fi\",\"@id\":\"https:\/\/idakorea.ee\/#\/schema\/logo\/image\/\",\"url\":\"https:\/\/idakorea.ee\/wp-content\/uploads\/2024\/05\/cropped-korea3.png\",\"contentUrl\":\"https:\/\/idakorea.ee\/wp-content\/uploads\/2024\/05\/cropped-korea3.png\",\"width\":688,\"height\":126,\"caption\":\"IDA.KOREA\"},\"image\":{\"@id\":\"https:\/\/idakorea.ee\/#\/schema\/logo\/image\/\"},\"sameAs\":[\"https:\/\/www.instagram.com\/ida.korea\/\"]}]}<\/script>\n<!-- \/ Yoast SEO plugin. -->","yoast_head_json":{"title":"Kangassilm\u00e4laastarit Prreti Real Kitten Eye Zone Patch, 30 kpl - IDA.KOREA","description":"Prreti Real Cica silm\u00e4nymp\u00e4rysalueen laastari - Centella asiatica -kasvirohdoksella muotoillut silm\u00e4nymp\u00e4ryslaastarit auttavat virkist\u00e4m\u00e4\u00e4n silm\u00e4nymp\u00e4rysihoa nopeasti.","robots":{"index":"index","follow":"follow","max-snippet":"max-snippet:-1","max-image-preview":"max-image-preview:large","max-video-preview":"max-video-preview:-1"},"canonical":"https:\/\/idakorea.ee\/fi\/product\/kangas-silmapadjad-prreti-real-cica-eye-zone-patch-30-tk\/","og_locale":"fi_FI","og_type":"article","og_title":"Kangas silmapadjad Prreti Real Cica Eye Zone Patch, 30 tk - IDA.KOREA","og_description":"Prreti Real Cica Eye Zone Patch \u2013 taastavad kangas-silmaplaastrid tursete vastu, mille koostises on centella asiatica, aitavad kiiresti silma\u00fcmbruse ala v\u00e4rskendada.","og_url":"https:\/\/idakorea.ee\/fi\/product\/kangas-silmapadjad-prreti-real-cica-eye-zone-patch-30-tk\/","og_site_name":"IDA.KOREA","article_modified_time":"2026-03-19T20:35:36+00:00","og_image":[{"width":2048,"height":2048,"url":"https:\/\/idakorea.ee\/wp-content\/uploads\/2025\/05\/pretti-realcica-eyepatch-idakorea.jpg","type":"image\/jpeg"}],"twitter_card":"summary_large_image","twitter_misc":{"Arvioitu lukuaika":"1 minuutti"},"schema":{"@context":"https:\/\/schema.org","@graph":[{"@type":"WebPage","@id":"https:\/\/idakorea.ee\/product\/kangas-silmapadjad-prreti-real-cica-eye-zone-patch-30-tk\/","url":"https:\/\/idakorea.ee\/product\/kangas-silmapadjad-prreti-real-cica-eye-zone-patch-30-tk\/","name":"Kangassilm\u00e4laastarit Prreti Real Kitten Eye Zone Patch, 30 kpl - IDA.KOREA","isPartOf":{"@id":"https:\/\/idakorea.ee\/#website"},"primaryImageOfPage":{"@id":"https:\/\/idakorea.ee\/product\/kangas-silmapadjad-prreti-real-cica-eye-zone-patch-30-tk\/#primaryimage"},"image":{"@id":"https:\/\/idakorea.ee\/product\/kangas-silmapadjad-prreti-real-cica-eye-zone-patch-30-tk\/#primaryimage"},"thumbnailUrl":"https:\/\/idakorea.ee\/wp-content\/uploads\/2025\/05\/pretti-realcica-eyepatch-idakorea.jpg","datePublished":"2025-05-11T16:57:12+00:00","dateModified":"2026-03-19T20:35:36+00:00","description":"Prreti Real Cica silm\u00e4nymp\u00e4rysalueen laastari - Centella asiatica -kasvirohdoksella muotoillut silm\u00e4nymp\u00e4ryslaastarit auttavat virkist\u00e4m\u00e4\u00e4n silm\u00e4nymp\u00e4rysihoa nopeasti.","breadcrumb":{"@id":"https:\/\/idakorea.ee\/product\/kangas-silmapadjad-prreti-real-cica-eye-zone-patch-30-tk\/#breadcrumb"},"inLanguage":"fi","potentialAction":[{"@type":"ReadAction","target":["https:\/\/idakorea.ee\/product\/kangas-silmapadjad-prreti-real-cica-eye-zone-patch-30-tk\/"]}]},{"@type":"ImageObject","inLanguage":"fi","@id":"https:\/\/idakorea.ee\/product\/kangas-silmapadjad-prreti-real-cica-eye-zone-patch-30-tk\/#primaryimage","url":"https:\/\/idakorea.ee\/wp-content\/uploads\/2025\/05\/pretti-realcica-eyepatch-idakorea.jpg","contentUrl":"https:\/\/idakorea.ee\/wp-content\/uploads\/2025\/05\/pretti-realcica-eyepatch-idakorea.jpg","width":2048,"height":2048},{"@type":"BreadcrumbList","@id":"https:\/\/idakorea.ee\/product\/kangas-silmapadjad-prreti-real-cica-eye-zone-patch-30-tk\/#breadcrumb","itemListElement":[{"@type":"ListItem","position":1,"name":"\u0413\u043b\u0430\u0432\u043d\u0430\u044f \u0441\u0442\u0440\u0430\u043d\u0438\u0446\u0430","item":"https:\/\/idakorea.ee\/"},{"@type":"ListItem","position":2,"name":"Shop","item":"https:\/\/idakorea.ee\/shop-2\/"},{"@type":"ListItem","position":3,"name":"Kangas silmapadjad Prreti Real Cica Eye Zone Patch, 30 tk"}]},{"@type":"WebSite","@id":"https:\/\/idakorea.ee\/#website","url":"https:\/\/idakorea.ee\/","name":"IDA.KOREA","description":"Korean kosmetiikan verkkokauppa","publisher":{"@id":"https:\/\/idakorea.ee\/#organization"},"alternateName":"Beauty Shop","potentialAction":[{"@type":"SearchAction","target":{"@type":"EntryPoint","urlTemplate":"https:\/\/idakorea.ee\/?s={search_term_string}"},"query-input":{"@type":"PropertyValueSpecification","valueRequired":true,"valueName":"search_term_string"}}],"inLanguage":"fi"},{"@type":"Organization","@id":"https:\/\/idakorea.ee\/#organization","name":"IDA.KOREA","url":"https:\/\/idakorea.ee\/","logo":{"@type":"ImageObject","inLanguage":"fi","@id":"https:\/\/idakorea.ee\/#\/schema\/logo\/image\/","url":"https:\/\/idakorea.ee\/wp-content\/uploads\/2024\/05\/cropped-korea3.png","contentUrl":"https:\/\/idakorea.ee\/wp-content\/uploads\/2024\/05\/cropped-korea3.png","width":688,"height":126,"caption":"IDA.KOREA"},"image":{"@id":"https:\/\/idakorea.ee\/#\/schema\/logo\/image\/"},"sameAs":["https:\/\/www.instagram.com\/ida.korea\/"]}]}},"jetpack_sharing_enabled":true,"brands":[{"id":865,"name":"PRRETI","slug":"prreti"}],"_links":{"self":[{"href":"https:\/\/idakorea.ee\/fi\/wp-json\/wp\/v2\/product\/14040","targetHints":{"allow":["GET"]}}],"collection":[{"href":"https:\/\/idakorea.ee\/fi\/wp-json\/wp\/v2\/product"}],"about":[{"href":"https:\/\/idakorea.ee\/fi\/wp-json\/wp\/v2\/types\/product"}],"replies":[{"embeddable":true,"href":"https:\/\/idakorea.ee\/fi\/wp-json\/wp\/v2\/comments?post=14040"}],"version-history":[{"count":2,"href":"https:\/\/idakorea.ee\/fi\/wp-json\/wp\/v2\/product\/14040\/revisions"}],"predecessor-version":[{"id":15024,"href":"https:\/\/idakorea.ee\/fi\/wp-json\/wp\/v2\/product\/14040\/revisions\/15024"}],"wp:featuredmedia":[{"embeddable":true,"href":"https:\/\/idakorea.ee\/fi\/wp-json\/wp\/v2\/media\/14041"}],"wp:attachment":[{"href":"https:\/\/idakorea.ee\/fi\/wp-json\/wp\/v2\/media?parent=14040"}],"wp:term":[{"taxonomy":"pwb-brand","embeddable":true,"href":"https:\/\/idakorea.ee\/fi\/wp-json\/wp\/v2\/pwb-brand?post=14040"},{"taxonomy":"product_brand","embeddable":true,"href":"https:\/\/idakorea.ee\/fi\/wp-json\/wp\/v2\/product_brand?post=14040"},{"taxonomy":"product_cat","embeddable":true,"href":"https:\/\/idakorea.ee\/fi\/wp-json\/wp\/v2\/product_cat?post=14040"},{"taxonomy":"product_tag","embeddable":true,"href":"https:\/\/idakorea.ee\/fi\/wp-json\/wp\/v2\/product_tag?post=14040"}],"curies":[{"name":"wp","href":"https:\/\/api.w.org\/{rel}","templated":true}]}}