{"id":14131,"date":"2025-05-17T19:39:15","date_gmt":"2025-05-17T17:39:15","guid":{"rendered":"https:\/\/idakorea.ee\/?post_type=product&#038;p=14131"},"modified":"2026-03-05T11:08:27","modified_gmt":"2026-03-05T09:08:27","slug":"axis-y-the-mini-glow-set","status":"publish","type":"product","link":"https:\/\/idakorea.ee\/fi\/product\/axis-y-the-mini-glow-set\/","title":{"rendered":"Rauhoittava minisarja AXIS-Y The Mini Glow Set - Mini Glow-sarja"},"content":{"rendered":"<p><strong>Rauhoittava minisarja AXIS-Y The Mini Glow Set - Mini Glow-sarja<\/strong> - mukava lahja l\u00e4heisille tai mahdollisuus tutustua AXIS-Y-merkkiin ja l\u00f6yt\u00e4\u00e4 omat suosikkisi.<\/p>\n<p><strong>Pakkaus sis\u00e4lt\u00e4\u00e4:<\/strong><\/p>\n<ol>\n<li><strong>AXIS-Y Quinoa One Step Balanced Gel Cleanser -puhdistusgeeli (8 ml)<\/strong> - hell\u00e4varainen puhdistusgeeli, joka poistaa tehokkaasti kaiken lian ja puhdistaa huokoset yhdess\u00e4 vaiheessa. Antaa iholle pehmeytt\u00e4 ja kosteutta, kun taas kvinoa- ja ravinteiden yhdistelm\u00e4 auttaa ihoa olemaan terve ja \"el\u00e4v\u00e4\".<\/li>\n<li><strong>AXIS-Y Daily Purifying Treatment Toner (5 ml)<\/strong> - p\u00e4ivitt\u00e4inen kasvovesi, joka kuorii ihoa hell\u00e4varaisesti ja poistaa kuolleet ihosolut, ylim\u00e4\u00e4r\u00e4isen \u00f6ljyn ja muut ep\u00e4puhtaudet. Syv\u00e4puhdistaa huokoset, s\u00e4\u00e4telee \u00f6ljynerityst\u00e4, rauhoittaa ihoa ja lievitt\u00e4\u00e4 nopeasti \u00e4rsytyst\u00e4 ja tulehdusta.<\/li>\n<li><strong>AXIS-Y Artisokka Intensiivinen ihoesteampulli (5 ml)<\/strong> - rauhoittava ja kosteuttava ampulli, jossa on artisokka- ja aloeuutetta. Auttaa lievitt\u00e4m\u00e4\u00e4n tulehdusta, punoitusta ja \u00e4rsytyst\u00e4, ja sen anti-inflammatoriset ominaisuudet auttavat hoitamaan tehokkaasti aknea ja n\u00e4ppyl\u00f6it\u00e4.<\/li>\n<li><strong>AXIS-Y Tummia t\u00e4pli\u00e4 korjaava hehkuseerumi (5 ml)<\/strong> - tummia t\u00e4pli\u00e4 korjaava seerumi, joka kiinteytt\u00e4\u00e4 ihoa sis\u00e4lt\u00e4p\u00e4in, kirkastaa ja tasoittaa ihon s\u00e4vy\u00e4, parantaa ihon ulkon\u00e4k\u00f6\u00e4 ja auttaa v\u00e4hent\u00e4m\u00e4\u00e4n tummia silm\u00e4nalusia.<\/li>\n<\/ol>\n<p>&nbsp;<\/p>\n<p><strong>T\u00e4rkeimm\u00e4t vaikuttavat aineet:<\/strong><\/p>\n<ul>\n<li><strong>Betaiini<\/strong> - rauhoittaa punoitusta ja \u00e4rsytyst\u00e4, suojaa pinta-aktiivisilta aineilta ja hapoilta, nopeuttaa kudosten uusiutumista, tekee ihosta silkkisen ja ravitsevan. V\u00e4hent\u00e4\u00e4 kosteuden menetyst\u00e4 ja suojaa kuivumiselta.<\/li>\n<li><strong>Teepuuuute<\/strong> - vaikuttaa voimakkaasti tulehdusta ehk\u00e4isev\u00e4sti ja antiseptisesti, lievitt\u00e4\u00e4 punoitusta, hoitaa aknea, edist\u00e4\u00e4 ihon paranemista, v\u00e4hent\u00e4\u00e4 turvotusta ja \u00e4rsytyst\u00e4, tasoittaa ihon rakennetta, s\u00e4\u00e4telee \u00f6ljyntuotantoa, palauttaa kosteuden ja \u00f6ljytasapainon, v\u00e4hent\u00e4\u00e4 rasvoittumista.<\/li>\n<li><strong>Aasian vesikrassiuute<\/strong> - rauhoittaa, kosteuttaa, vahvistaa verisuonia, palauttaa ihoesteen toimintaa, edist\u00e4\u00e4 paranemista ja v\u00e4hent\u00e4\u00e4 tulehdusta.<\/li>\n<li><strong>Saialilla-uute<\/strong> - ravitsee ihosoluja antioksidanteilla, vahvistaa muiden komponenttien vaikutusta, antibakteerisia ominaisuuksia, uudistaa ihoa, v\u00e4hent\u00e4\u00e4 kutinaa, punoitusta ja \u00e4rsytyst\u00e4, sopii couperoosille, s\u00e4\u00e4telee hydrolipiditasapainoa, poistaa ylim\u00e4\u00e4r\u00e4isen kiillon.<\/li>\n<li><strong>Aloe-lehtien hydrolysaatti<\/strong> - antioksidanttisia, rauhoittavia ja tulehdusta ehk\u00e4isevi\u00e4 ominaisuuksia, edist\u00e4\u00e4 vaurioituneiden ihosolujen uudistumista ja kosteuden s\u00e4ilymist\u00e4.<\/li>\n<li><strong>Glyseroli<\/strong> - samanlainen kosteuttava vaikutus kuin hyaluronihapolla. Se imee vett\u00e4 ilmasta ihon pinnalle ja muodostaa suojakalvon, joka s\u00e4ilytt\u00e4\u00e4 kosteuden ihon syvemmiss\u00e4 kerroksissa.<\/li>\n<li><strong>Allantoiin<\/strong> - jolla on rauhoittavia ja suojaavia ominaisuuksia, pehment\u00e4\u00e4 karheita kohtia ja pehment\u00e4\u00e4 ihoa. Auttaa pienent\u00e4m\u00e4\u00e4n ihohuokosia, s\u00e4\u00e4telee \u00f6ljynerityst\u00e4 ja edist\u00e4\u00e4 solujen uusiutumista ja haavojen paranemista.<\/li>\n<li><strong>Hyaluronihappo<\/strong> - tunkeutuu syv\u00e4lle ihoon, kosteuttaa intensiivisesti ja auttaa s\u00e4ilytt\u00e4m\u00e4\u00e4n kosteuden muodostamalla suojakerroksen, joka est\u00e4\u00e4 kosteuden haihtumisen.<\/li>\n<\/ul>\n<p>&nbsp;<\/p>","protected":false},"excerpt":{"rendered":"<p>Rauhoittava AXIS-Y The Mini Glow Set on loistava lahja l\u00e4heisille tai tapa tutustua AXIS-Y-tuotemerkkiin ja l\u00f6yt\u00e4\u00e4 omat suosikkisi. Setti sis\u00e4lt\u00e4\u00e4: AXIS-Y Quinoa One Step Balanced Gel Cleanser (8 ml) - hell\u00e4varainen puhdistusgeeli, joka poistaa tehokkaasti kaiken lian ja puhdistaa huokoset yhdess\u00e4 vaiheessa. Se j\u00e4tt\u00e4\u00e4 ihon pehme\u00e4ksi ja kosteutetuksi samalla kun kvinoa ja ravinteet...<\/p>","protected":false},"featured_media":14133,"comment_status":"open","ping_status":"closed","template":"","meta":{"_uf_show_specific_survey":0,"_uf_disable_surveys":false,"_bst_post_transparent":"default","_bst_post_title":"","_bst_post_layout":"default","_bst_post_sidebar_id":"","_bst_post_content_style":"default","_bst_post_vertical_padding":"default","_bst_post_feature":"","_bst_post_feature_position":"","_bst_post_header":false,"_bst_post_footer":false},"pwb-brand":[565],"product_brand":[],"product_cat":[95],"product_tag":[567],"class_list":{"0":"post-14131","1":"product","2":"type-product","3":"status-publish","4":"has-post-thumbnail","6":"pwb-brand-axis-y","7":"product_cat-komplektid","8":"product_tag-glow","10":"first","11":"instock","12":"sale","13":"shipping-taxable","14":"purchasable","15":"product-type-simple","16":"entry","17":"content-bg","18":"loop-entry"},"supplier_id":null,"supplier_sku":"","barcode":null,"atum_controlled":true,"out_stock_date":null,"out_stock_threshold":null,"inheritable":false,"inbound_stock":0,"stock_on_hold":0,"sold_today":0,"sales_last_days":0,"out_stock_days":0,"lost_sales":0,"has_location":false,"update_date":"2026-04-14T00:05:07","atum_locations":[],"atum_stock_status":"instock","restock_status":false,"low_stock_amount":"","sales_update_date":"2026-04-14T00:05:07","calc_backorders":null,"yoast_head":"<!-- This site is optimized with the Yoast SEO plugin v27.2 - https:\/\/yoast.com\/product\/yoast-seo-wordpress\/ -->\n<title>Rahustav miniatuuride komplekt AXIS-Y The Mini Glow Set - IDA.KOREA<\/title>\n<meta name=\"description\" content=\"Rahustav miniatuuride komplekt AXIS-Y The Mini Glow Set \u2013 meeldiv kingitus l\u00e4hedastele v\u00f5i v\u00f5imalus tutvuda AXIS-Y kaubam\u00e4rgiga ja leida oma lemmikud.\" \/>\n<meta name=\"robots\" content=\"index, follow, max-snippet:-1, max-image-preview:large, max-video-preview:-1\" \/>\n<link rel=\"canonical\" href=\"https:\/\/idakorea.ee\/fi\/product\/axis-y-the-mini-glow-set\/\" \/>\n<meta property=\"og:locale\" content=\"fi_FI\" \/>\n<meta property=\"og:type\" content=\"article\" \/>\n<meta property=\"og:title\" content=\"Rahustav miniatuuride komplekt AXIS-Y The Mini Glow Set - IDA.KOREA\" \/>\n<meta property=\"og:description\" content=\"Rahustav miniatuuride komplekt AXIS-Y The Mini Glow Set \u2013 meeldiv kingitus l\u00e4hedastele v\u00f5i v\u00f5imalus tutvuda AXIS-Y kaubam\u00e4rgiga ja leida oma lemmikud.\" \/>\n<meta property=\"og:url\" content=\"https:\/\/idakorea.ee\/fi\/product\/axis-y-the-mini-glow-set\/\" \/>\n<meta property=\"og:site_name\" content=\"IDA.KOREA\" \/>\n<meta property=\"article:modified_time\" content=\"2026-03-05T09:08:27+00:00\" \/>\n<meta property=\"og:image\" content=\"https:\/\/idakorea.ee\/wp-content\/uploads\/2025\/05\/axis-y-the-mini-glow-set-idakorea.ee_.webp\" \/>\n\t<meta property=\"og:image:width\" content=\"1080\" \/>\n\t<meta property=\"og:image:height\" content=\"1080\" \/>\n\t<meta property=\"og:image:type\" content=\"image\/webp\" \/>\n<meta name=\"twitter:card\" content=\"summary_large_image\" \/>\n<meta name=\"twitter:label1\" content=\"Arvioitu lukuaika\" \/>\n\t<meta name=\"twitter:data1\" content=\"3 minuuttia\" \/>\n<script type=\"application\/ld+json\" class=\"yoast-schema-graph\">{\"@context\":\"https:\/\/schema.org\",\"@graph\":[{\"@type\":\"WebPage\",\"@id\":\"https:\/\/idakorea.ee\/product\/axis-y-the-mini-glow-set\/\",\"url\":\"https:\/\/idakorea.ee\/product\/axis-y-the-mini-glow-set\/\",\"name\":\"Rahustav miniatuuride komplekt AXIS-Y The Mini Glow Set - IDA.KOREA\",\"isPartOf\":{\"@id\":\"https:\/\/idakorea.ee\/#website\"},\"primaryImageOfPage\":{\"@id\":\"https:\/\/idakorea.ee\/product\/axis-y-the-mini-glow-set\/#primaryimage\"},\"image\":{\"@id\":\"https:\/\/idakorea.ee\/product\/axis-y-the-mini-glow-set\/#primaryimage\"},\"thumbnailUrl\":\"https:\/\/idakorea.ee\/wp-content\/uploads\/2025\/05\/axis-y-the-mini-glow-set-idakorea.ee_.webp\",\"datePublished\":\"2025-05-17T17:39:15+00:00\",\"dateModified\":\"2026-03-05T09:08:27+00:00\",\"description\":\"Rahustav miniatuuride komplekt AXIS-Y The Mini Glow Set \u2013 meeldiv kingitus l\u00e4hedastele v\u00f5i v\u00f5imalus tutvuda AXIS-Y kaubam\u00e4rgiga ja leida oma lemmikud.\",\"breadcrumb\":{\"@id\":\"https:\/\/idakorea.ee\/product\/axis-y-the-mini-glow-set\/#breadcrumb\"},\"inLanguage\":\"fi\",\"potentialAction\":[{\"@type\":\"ReadAction\",\"target\":[\"https:\/\/idakorea.ee\/product\/axis-y-the-mini-glow-set\/\"]}]},{\"@type\":\"ImageObject\",\"inLanguage\":\"fi\",\"@id\":\"https:\/\/idakorea.ee\/product\/axis-y-the-mini-glow-set\/#primaryimage\",\"url\":\"https:\/\/idakorea.ee\/wp-content\/uploads\/2025\/05\/axis-y-the-mini-glow-set-idakorea.ee_.webp\",\"contentUrl\":\"https:\/\/idakorea.ee\/wp-content\/uploads\/2025\/05\/axis-y-the-mini-glow-set-idakorea.ee_.webp\",\"width\":1080,\"height\":1080},{\"@type\":\"BreadcrumbList\",\"@id\":\"https:\/\/idakorea.ee\/product\/axis-y-the-mini-glow-set\/#breadcrumb\",\"itemListElement\":[{\"@type\":\"ListItem\",\"position\":1,\"name\":\"\u0413\u043b\u0430\u0432\u043d\u0430\u044f \u0441\u0442\u0440\u0430\u043d\u0438\u0446\u0430\",\"item\":\"https:\/\/idakorea.ee\/\"},{\"@type\":\"ListItem\",\"position\":2,\"name\":\"Shop\",\"item\":\"https:\/\/idakorea.ee\/shop-2\/\"},{\"@type\":\"ListItem\",\"position\":3,\"name\":\"Rahustav miniatuuride komplekt AXIS-Y The Mini Glow Set\"}]},{\"@type\":\"WebSite\",\"@id\":\"https:\/\/idakorea.ee\/#website\",\"url\":\"https:\/\/idakorea.ee\/\",\"name\":\"IDA.KOREA\",\"description\":\"Korea kosmeetika e-pood\",\"publisher\":{\"@id\":\"https:\/\/idakorea.ee\/#organization\"},\"alternateName\":\"Beauty Shop\",\"potentialAction\":[{\"@type\":\"SearchAction\",\"target\":{\"@type\":\"EntryPoint\",\"urlTemplate\":\"https:\/\/idakorea.ee\/?s={search_term_string}\"},\"query-input\":{\"@type\":\"PropertyValueSpecification\",\"valueRequired\":true,\"valueName\":\"search_term_string\"}}],\"inLanguage\":\"fi\"},{\"@type\":\"Organization\",\"@id\":\"https:\/\/idakorea.ee\/#organization\",\"name\":\"IDA.KOREA\",\"url\":\"https:\/\/idakorea.ee\/\",\"logo\":{\"@type\":\"ImageObject\",\"inLanguage\":\"fi\",\"@id\":\"https:\/\/idakorea.ee\/#\/schema\/logo\/image\/\",\"url\":\"https:\/\/idakorea.ee\/wp-content\/uploads\/2024\/05\/cropped-korea3.png\",\"contentUrl\":\"https:\/\/idakorea.ee\/wp-content\/uploads\/2024\/05\/cropped-korea3.png\",\"width\":688,\"height\":126,\"caption\":\"IDA.KOREA\"},\"image\":{\"@id\":\"https:\/\/idakorea.ee\/#\/schema\/logo\/image\/\"},\"sameAs\":[\"https:\/\/www.instagram.com\/ida.korea\/\"]}]}<\/script>\n<!-- \/ Yoast SEO plugin. -->","yoast_head_json":{"title":"Rauhoittava minisarja AXIS-Y The Mini Glow Set - IDA.KOREA","description":"Rauhoittava AXIS-Y The Mini Glow Set on loistava lahja l\u00e4heisille tai tapa tutustua AXIS-Y-tuotemerkkiin ja l\u00f6yt\u00e4\u00e4 omat suosikkisi.","robots":{"index":"index","follow":"follow","max-snippet":"max-snippet:-1","max-image-preview":"max-image-preview:large","max-video-preview":"max-video-preview:-1"},"canonical":"https:\/\/idakorea.ee\/fi\/product\/axis-y-the-mini-glow-set\/","og_locale":"fi_FI","og_type":"article","og_title":"Rahustav miniatuuride komplekt AXIS-Y The Mini Glow Set - IDA.KOREA","og_description":"Rahustav miniatuuride komplekt AXIS-Y The Mini Glow Set \u2013 meeldiv kingitus l\u00e4hedastele v\u00f5i v\u00f5imalus tutvuda AXIS-Y kaubam\u00e4rgiga ja leida oma lemmikud.","og_url":"https:\/\/idakorea.ee\/fi\/product\/axis-y-the-mini-glow-set\/","og_site_name":"IDA.KOREA","article_modified_time":"2026-03-05T09:08:27+00:00","og_image":[{"width":1080,"height":1080,"url":"https:\/\/idakorea.ee\/wp-content\/uploads\/2025\/05\/axis-y-the-mini-glow-set-idakorea.ee_.webp","type":"image\/webp"}],"twitter_card":"summary_large_image","twitter_misc":{"Arvioitu lukuaika":"3 minuuttia"},"schema":{"@context":"https:\/\/schema.org","@graph":[{"@type":"WebPage","@id":"https:\/\/idakorea.ee\/product\/axis-y-the-mini-glow-set\/","url":"https:\/\/idakorea.ee\/product\/axis-y-the-mini-glow-set\/","name":"Rauhoittava minisarja AXIS-Y The Mini Glow Set - IDA.KOREA","isPartOf":{"@id":"https:\/\/idakorea.ee\/#website"},"primaryImageOfPage":{"@id":"https:\/\/idakorea.ee\/product\/axis-y-the-mini-glow-set\/#primaryimage"},"image":{"@id":"https:\/\/idakorea.ee\/product\/axis-y-the-mini-glow-set\/#primaryimage"},"thumbnailUrl":"https:\/\/idakorea.ee\/wp-content\/uploads\/2025\/05\/axis-y-the-mini-glow-set-idakorea.ee_.webp","datePublished":"2025-05-17T17:39:15+00:00","dateModified":"2026-03-05T09:08:27+00:00","description":"Rauhoittava AXIS-Y The Mini Glow Set on loistava lahja l\u00e4heisille tai tapa tutustua AXIS-Y-tuotemerkkiin ja l\u00f6yt\u00e4\u00e4 omat suosikkisi.","breadcrumb":{"@id":"https:\/\/idakorea.ee\/product\/axis-y-the-mini-glow-set\/#breadcrumb"},"inLanguage":"fi","potentialAction":[{"@type":"ReadAction","target":["https:\/\/idakorea.ee\/product\/axis-y-the-mini-glow-set\/"]}]},{"@type":"ImageObject","inLanguage":"fi","@id":"https:\/\/idakorea.ee\/product\/axis-y-the-mini-glow-set\/#primaryimage","url":"https:\/\/idakorea.ee\/wp-content\/uploads\/2025\/05\/axis-y-the-mini-glow-set-idakorea.ee_.webp","contentUrl":"https:\/\/idakorea.ee\/wp-content\/uploads\/2025\/05\/axis-y-the-mini-glow-set-idakorea.ee_.webp","width":1080,"height":1080},{"@type":"BreadcrumbList","@id":"https:\/\/idakorea.ee\/product\/axis-y-the-mini-glow-set\/#breadcrumb","itemListElement":[{"@type":"ListItem","position":1,"name":"\u0413\u043b\u0430\u0432\u043d\u0430\u044f \u0441\u0442\u0440\u0430\u043d\u0438\u0446\u0430","item":"https:\/\/idakorea.ee\/"},{"@type":"ListItem","position":2,"name":"Shop","item":"https:\/\/idakorea.ee\/shop-2\/"},{"@type":"ListItem","position":3,"name":"Rahustav miniatuuride komplekt AXIS-Y The Mini Glow Set"}]},{"@type":"WebSite","@id":"https:\/\/idakorea.ee\/#website","url":"https:\/\/idakorea.ee\/","name":"IDA.KOREA","description":"Korean kosmetiikan verkkokauppa","publisher":{"@id":"https:\/\/idakorea.ee\/#organization"},"alternateName":"Beauty Shop","potentialAction":[{"@type":"SearchAction","target":{"@type":"EntryPoint","urlTemplate":"https:\/\/idakorea.ee\/?s={search_term_string}"},"query-input":{"@type":"PropertyValueSpecification","valueRequired":true,"valueName":"search_term_string"}}],"inLanguage":"fi"},{"@type":"Organization","@id":"https:\/\/idakorea.ee\/#organization","name":"IDA.KOREA","url":"https:\/\/idakorea.ee\/","logo":{"@type":"ImageObject","inLanguage":"fi","@id":"https:\/\/idakorea.ee\/#\/schema\/logo\/image\/","url":"https:\/\/idakorea.ee\/wp-content\/uploads\/2024\/05\/cropped-korea3.png","contentUrl":"https:\/\/idakorea.ee\/wp-content\/uploads\/2024\/05\/cropped-korea3.png","width":688,"height":126,"caption":"IDA.KOREA"},"image":{"@id":"https:\/\/idakorea.ee\/#\/schema\/logo\/image\/"},"sameAs":["https:\/\/www.instagram.com\/ida.korea\/"]}]}},"jetpack_sharing_enabled":true,"brands":[{"id":565,"name":"AXIS-Y","slug":"axis-y"}],"_links":{"self":[{"href":"https:\/\/idakorea.ee\/fi\/wp-json\/wp\/v2\/product\/14131","targetHints":{"allow":["GET"]}}],"collection":[{"href":"https:\/\/idakorea.ee\/fi\/wp-json\/wp\/v2\/product"}],"about":[{"href":"https:\/\/idakorea.ee\/fi\/wp-json\/wp\/v2\/types\/product"}],"replies":[{"embeddable":true,"href":"https:\/\/idakorea.ee\/fi\/wp-json\/wp\/v2\/comments?post=14131"}],"version-history":[{"count":2,"href":"https:\/\/idakorea.ee\/fi\/wp-json\/wp\/v2\/product\/14131\/revisions"}],"predecessor-version":[{"id":15025,"href":"https:\/\/idakorea.ee\/fi\/wp-json\/wp\/v2\/product\/14131\/revisions\/15025"}],"wp:featuredmedia":[{"embeddable":true,"href":"https:\/\/idakorea.ee\/fi\/wp-json\/wp\/v2\/media\/14133"}],"wp:attachment":[{"href":"https:\/\/idakorea.ee\/fi\/wp-json\/wp\/v2\/media?parent=14131"}],"wp:term":[{"taxonomy":"pwb-brand","embeddable":true,"href":"https:\/\/idakorea.ee\/fi\/wp-json\/wp\/v2\/pwb-brand?post=14131"},{"taxonomy":"product_brand","embeddable":true,"href":"https:\/\/idakorea.ee\/fi\/wp-json\/wp\/v2\/product_brand?post=14131"},{"taxonomy":"product_cat","embeddable":true,"href":"https:\/\/idakorea.ee\/fi\/wp-json\/wp\/v2\/product_cat?post=14131"},{"taxonomy":"product_tag","embeddable":true,"href":"https:\/\/idakorea.ee\/fi\/wp-json\/wp\/v2\/product_tag?post=14131"}],"curies":[{"name":"wp","href":"https:\/\/api.w.org\/{rel}","templated":true}]}}