{"id":14143,"date":"2025-05-18T12:06:40","date_gmt":"2025-05-18T10:06:40","guid":{"rendered":"https:\/\/idakorea.ee\/?post_type=product&#038;p=14143"},"modified":"2026-03-25T10:21:02","modified_gmt":"2026-03-25T08:21:02","slug":"fation-nosca9-trouble-serum","status":"publish","type":"product","link":"https:\/\/idakorea.ee\/fi\/product\/fation-nosca9-trouble-serum\/","title":{"rendered":"Fation NOSCA9 Trouble Serum ongelmaiholle, 30ml"},"content":{"rendered":"<p><strong>Fation NOSCA9 Trouble -seerumi<\/strong> - tehohoito ongelmalliselle ja herk\u00e4lle iholle, joka torjuu tehokkaasti tulehduksia, n\u00e4ppyl\u00f6it\u00e4 ja punoitusta. Seerumi sis\u00e4lt\u00e4\u00e4 ainutlaatuista <strong>NOSCA\u2122-kompleksi<\/strong>, jossa yhdistyv\u00e4t 9 huolellisesti valittua ainesosaa, jotka rauhoittavat \u00e4rtynytt\u00e4 ihoa, tasapainottavat \u00f6ljyntuotantoa ja vahvistavat ihon luonnollista suojaverkkoa.<\/p>\n<p>Seerumin koostumus on kevyt ja nopeasti imeytyv\u00e4, eik\u00e4 se j\u00e4t\u00e4 tahmeaa tunnetta, ja se sopii sek\u00e4 aamu- ett\u00e4 iltak\u00e4ytt\u00f6\u00f6n.<\/p>\n<p><strong>Toiminta:<\/strong><\/p>\n<ul>\n<li>Lievitt\u00e4\u00e4 tulehdusta ja \u00e4rsytyst\u00e4<\/li>\n<li>Rauhoittaa herkk\u00e4\u00e4 ja akneen taipuvaista ihoa.<\/li>\n<li>S\u00e4\u00e4telee \u00f6ljyntuotantoa<\/li>\n<li>Parantaa ihon rakennetta ja tasoittaa ihon s\u00e4vy\u00e4.<\/li>\n<li>Est\u00e4\u00e4 uusien n\u00e4ppyl\u00f6iden muodostumista<\/li>\n<\/ul>\n<p><strong>T\u00e4rkeimm\u00e4t ainesosat:<\/strong><\/p>\n<ul>\n<li><strong>Centella asiatica<\/strong>\u00a0- rauhoittaa ja nopeuttaa ihon palautumista<\/li>\n<li><strong>Teepuuuute<\/strong>\u00a0- anti-inflammatoriset ja antibakteeriset vaikutukset<\/li>\n<li><strong>Niasiiniamidi<\/strong>\u00a0- kirkastaa ja tasoittaa ihon s\u00e4vy\u00e4<\/li>\n<li><strong>Pantenol<\/strong>\u00a0- kosteuttaa ja vahvistaa ihoa<\/li>\n<li><strong>Allantoiin<\/strong>\u00a0- rauhoittaa ja rauhoittaa<\/li>\n<li><strong>Lactobacillus fermentti<\/strong>\u00a0- tukee ihon mikrobiomia<\/li>\n<\/ul>\n<p>&nbsp;<\/p>\n<p><strong>Sopii:<\/strong> ongelmalliselle, herk\u00e4lle ja sekaiholle.<\/p>\n<p><strong>K\u00e4ytt\u00f6:<\/strong><br \/>\nLevit\u00e4 puhdistetulle iholle kasvoveden j\u00e4lkeen, ennen voidetta. Voidaan k\u00e4ytt\u00e4\u00e4 koko kasvoille tai paikallisesti ongelma-alueille.<\/p>","protected":false},"excerpt":{"rendered":"<p>Fation NOSCA9 Trouble Serum - tehohoito ongelmalliselle ja herk\u00e4lle iholle, joka torjuu tehokkaasti tulehduksia, n\u00e4ppyl\u00f6it\u00e4 ja punoitusta. Seerumi sis\u00e4lt\u00e4\u00e4 ainutlaatuisen NOSCA\u2122-kompleksin, jossa yhdistyv\u00e4t 9 huolellisesti valittua ainesosaa, jotka rauhoittavat \u00e4rtynytt\u00e4 ihoa, tasapainottavat \u00f6ljyntuotantoa ja vahvistavat ihon luonnollista suojaverkkoa. Seerumissa on kevyt, nopeasti imeytyv\u00e4 koostumus, joka ei j\u00e4t\u00e4 tahmeaa tunnetta, sopii k\u00e4ytett\u00e4v\u00e4ksi aamulla,...<\/p>","protected":false},"featured_media":14144,"comment_status":"open","ping_status":"closed","template":"","meta":{"_uf_show_specific_survey":0,"_uf_disable_surveys":false,"_bst_post_transparent":"default","_bst_post_title":"","_bst_post_layout":"default","_bst_post_sidebar_id":"","_bst_post_content_style":"default","_bst_post_vertical_padding":"default","_bst_post_feature":"","_bst_post_feature_position":"","_bst_post_header":false,"_bst_post_footer":false},"pwb-brand":[887],"product_brand":[],"product_cat":[92,97],"product_tag":[568,888],"class_list":{"0":"post-14143","1":"product","2":"type-product","3":"status-publish","4":"has-post-thumbnail","6":"pwb-brand-fation","7":"product_cat-nagu","8":"product_cat-naoseerumid-ja-olid","9":"product_tag-korea","10":"product_tag-trouble-serum-sensitive","12":"first","13":"outofstock","14":"sale","15":"shipping-taxable","16":"purchasable","17":"product-type-simple","18":"entry","19":"content-bg","20":"loop-entry"},"supplier_id":null,"supplier_sku":"","barcode":null,"atum_controlled":true,"out_stock_date":"2025-12-10 22:43:01","out_stock_threshold":null,"inheritable":false,"inbound_stock":0,"stock_on_hold":0,"sold_today":0,"sales_last_days":0,"out_stock_days":124,"lost_sales":423,"has_location":false,"update_date":"2026-04-14T00:05:09","atum_locations":[],"atum_stock_status":"outofstock","restock_status":false,"low_stock_amount":"","sales_update_date":"2026-04-14T00:05:09","calc_backorders":null,"yoast_head":"<!-- This site is optimized with the Yoast SEO plugin v27.2 - https:\/\/yoast.com\/product\/yoast-seo-wordpress\/ -->\n<title>Intensiivne seerum probleemsele nahale Fation NOSCA9 Trouble Serum, 30ml<\/title>\n<meta name=\"description\" content=\"Fation NOSCA9 Trouble Serum \u2013 intensiivne hooldusprobleemsele ja tundlikule nahale, mis aitab t\u00f5husalt v\u00f5idelda p\u00f5letike, vistrike ja punetusega.\" \/>\n<meta name=\"robots\" content=\"index, follow, max-snippet:-1, max-image-preview:large, max-video-preview:-1\" \/>\n<link rel=\"canonical\" href=\"https:\/\/idakorea.ee\/fi\/product\/fation-nosca9-trouble-serum\/\" \/>\n<meta property=\"og:locale\" content=\"fi_FI\" \/>\n<meta property=\"og:type\" content=\"article\" \/>\n<meta property=\"og:title\" content=\"Intensiivne seerum probleemsele nahale Fation NOSCA9 Trouble Serum, 30ml\" \/>\n<meta property=\"og:description\" content=\"Fation NOSCA9 Trouble Serum \u2013 intensiivne hooldusprobleemsele ja tundlikule nahale, mis aitab t\u00f5husalt v\u00f5idelda p\u00f5letike, vistrike ja punetusega.\" \/>\n<meta property=\"og:url\" content=\"https:\/\/idakorea.ee\/fi\/product\/fation-nosca9-trouble-serum\/\" \/>\n<meta property=\"og:site_name\" content=\"IDA.KOREA\" \/>\n<meta property=\"article:modified_time\" content=\"2026-03-25T08:21:02+00:00\" \/>\n<meta property=\"og:image\" content=\"https:\/\/idakorea.ee\/wp-content\/uploads\/2025\/05\/fation-nosca9-trouble-serum-idakorea.webp\" \/>\n\t<meta property=\"og:image:width\" content=\"500\" \/>\n\t<meta property=\"og:image:height\" content=\"500\" \/>\n\t<meta property=\"og:image:type\" content=\"image\/webp\" \/>\n<meta name=\"twitter:card\" content=\"summary_large_image\" \/>\n<meta name=\"twitter:label1\" content=\"Arvioitu lukuaika\" \/>\n\t<meta name=\"twitter:data1\" content=\"1 minuutti\" \/>\n<script type=\"application\/ld+json\" class=\"yoast-schema-graph\">{\"@context\":\"https:\/\/schema.org\",\"@graph\":[{\"@type\":\"WebPage\",\"@id\":\"https:\/\/idakorea.ee\/product\/fation-nosca9-trouble-serum\/\",\"url\":\"https:\/\/idakorea.ee\/product\/fation-nosca9-trouble-serum\/\",\"name\":\"Intensiivne seerum probleemsele nahale Fation NOSCA9 Trouble Serum, 30ml\",\"isPartOf\":{\"@id\":\"https:\/\/idakorea.ee\/#website\"},\"primaryImageOfPage\":{\"@id\":\"https:\/\/idakorea.ee\/product\/fation-nosca9-trouble-serum\/#primaryimage\"},\"image\":{\"@id\":\"https:\/\/idakorea.ee\/product\/fation-nosca9-trouble-serum\/#primaryimage\"},\"thumbnailUrl\":\"https:\/\/idakorea.ee\/wp-content\/uploads\/2025\/05\/fation-nosca9-trouble-serum-idakorea.webp\",\"datePublished\":\"2025-05-18T10:06:40+00:00\",\"dateModified\":\"2026-03-25T08:21:02+00:00\",\"description\":\"Fation NOSCA9 Trouble Serum \u2013 intensiivne hooldusprobleemsele ja tundlikule nahale, mis aitab t\u00f5husalt v\u00f5idelda p\u00f5letike, vistrike ja punetusega.\",\"breadcrumb\":{\"@id\":\"https:\/\/idakorea.ee\/product\/fation-nosca9-trouble-serum\/#breadcrumb\"},\"inLanguage\":\"fi\",\"potentialAction\":[{\"@type\":\"ReadAction\",\"target\":[\"https:\/\/idakorea.ee\/product\/fation-nosca9-trouble-serum\/\"]}]},{\"@type\":\"ImageObject\",\"inLanguage\":\"fi\",\"@id\":\"https:\/\/idakorea.ee\/product\/fation-nosca9-trouble-serum\/#primaryimage\",\"url\":\"https:\/\/idakorea.ee\/wp-content\/uploads\/2025\/05\/fation-nosca9-trouble-serum-idakorea.webp\",\"contentUrl\":\"https:\/\/idakorea.ee\/wp-content\/uploads\/2025\/05\/fation-nosca9-trouble-serum-idakorea.webp\",\"width\":500,\"height\":500},{\"@type\":\"BreadcrumbList\",\"@id\":\"https:\/\/idakorea.ee\/product\/fation-nosca9-trouble-serum\/#breadcrumb\",\"itemListElement\":[{\"@type\":\"ListItem\",\"position\":1,\"name\":\"\u0413\u043b\u0430\u0432\u043d\u0430\u044f \u0441\u0442\u0440\u0430\u043d\u0438\u0446\u0430\",\"item\":\"https:\/\/idakorea.ee\/\"},{\"@type\":\"ListItem\",\"position\":2,\"name\":\"Shop\",\"item\":\"https:\/\/idakorea.ee\/shop-2\/\"},{\"@type\":\"ListItem\",\"position\":3,\"name\":\"Intensiivne seerum probleemsele nahale Fation NOSCA9 Trouble Serum, 30ml\"}]},{\"@type\":\"WebSite\",\"@id\":\"https:\/\/idakorea.ee\/#website\",\"url\":\"https:\/\/idakorea.ee\/\",\"name\":\"IDA.KOREA\",\"description\":\"Korea kosmeetika e-pood\",\"publisher\":{\"@id\":\"https:\/\/idakorea.ee\/#organization\"},\"alternateName\":\"Beauty Shop\",\"potentialAction\":[{\"@type\":\"SearchAction\",\"target\":{\"@type\":\"EntryPoint\",\"urlTemplate\":\"https:\/\/idakorea.ee\/?s={search_term_string}\"},\"query-input\":{\"@type\":\"PropertyValueSpecification\",\"valueRequired\":true,\"valueName\":\"search_term_string\"}}],\"inLanguage\":\"fi\"},{\"@type\":\"Organization\",\"@id\":\"https:\/\/idakorea.ee\/#organization\",\"name\":\"IDA.KOREA\",\"url\":\"https:\/\/idakorea.ee\/\",\"logo\":{\"@type\":\"ImageObject\",\"inLanguage\":\"fi\",\"@id\":\"https:\/\/idakorea.ee\/#\/schema\/logo\/image\/\",\"url\":\"https:\/\/idakorea.ee\/wp-content\/uploads\/2024\/05\/cropped-korea3.png\",\"contentUrl\":\"https:\/\/idakorea.ee\/wp-content\/uploads\/2024\/05\/cropped-korea3.png\",\"width\":688,\"height\":126,\"caption\":\"IDA.KOREA\"},\"image\":{\"@id\":\"https:\/\/idakorea.ee\/#\/schema\/logo\/image\/\"},\"sameAs\":[\"https:\/\/www.instagram.com\/ida.korea\/\"]}]}<\/script>\n<!-- \/ Yoast SEO plugin. -->","yoast_head_json":{"title":"Fation NOSCA9 Trouble Serum ongelmaiholle, 30ml","description":"Fation NOSCA9 Trouble Serum - tehohoito ongelmalliselle ja herk\u00e4lle iholle, joka torjuu tehokkaasti tulehduksia, n\u00e4ppyl\u00f6it\u00e4 ja punoitusta.","robots":{"index":"index","follow":"follow","max-snippet":"max-snippet:-1","max-image-preview":"max-image-preview:large","max-video-preview":"max-video-preview:-1"},"canonical":"https:\/\/idakorea.ee\/fi\/product\/fation-nosca9-trouble-serum\/","og_locale":"fi_FI","og_type":"article","og_title":"Intensiivne seerum probleemsele nahale Fation NOSCA9 Trouble Serum, 30ml","og_description":"Fation NOSCA9 Trouble Serum \u2013 intensiivne hooldusprobleemsele ja tundlikule nahale, mis aitab t\u00f5husalt v\u00f5idelda p\u00f5letike, vistrike ja punetusega.","og_url":"https:\/\/idakorea.ee\/fi\/product\/fation-nosca9-trouble-serum\/","og_site_name":"IDA.KOREA","article_modified_time":"2026-03-25T08:21:02+00:00","og_image":[{"width":500,"height":500,"url":"https:\/\/idakorea.ee\/wp-content\/uploads\/2025\/05\/fation-nosca9-trouble-serum-idakorea.webp","type":"image\/webp"}],"twitter_card":"summary_large_image","twitter_misc":{"Arvioitu lukuaika":"1 minuutti"},"schema":{"@context":"https:\/\/schema.org","@graph":[{"@type":"WebPage","@id":"https:\/\/idakorea.ee\/product\/fation-nosca9-trouble-serum\/","url":"https:\/\/idakorea.ee\/product\/fation-nosca9-trouble-serum\/","name":"Fation NOSCA9 Trouble Serum ongelmaiholle, 30ml","isPartOf":{"@id":"https:\/\/idakorea.ee\/#website"},"primaryImageOfPage":{"@id":"https:\/\/idakorea.ee\/product\/fation-nosca9-trouble-serum\/#primaryimage"},"image":{"@id":"https:\/\/idakorea.ee\/product\/fation-nosca9-trouble-serum\/#primaryimage"},"thumbnailUrl":"https:\/\/idakorea.ee\/wp-content\/uploads\/2025\/05\/fation-nosca9-trouble-serum-idakorea.webp","datePublished":"2025-05-18T10:06:40+00:00","dateModified":"2026-03-25T08:21:02+00:00","description":"Fation NOSCA9 Trouble Serum - tehohoito ongelmalliselle ja herk\u00e4lle iholle, joka torjuu tehokkaasti tulehduksia, n\u00e4ppyl\u00f6it\u00e4 ja punoitusta.","breadcrumb":{"@id":"https:\/\/idakorea.ee\/product\/fation-nosca9-trouble-serum\/#breadcrumb"},"inLanguage":"fi","potentialAction":[{"@type":"ReadAction","target":["https:\/\/idakorea.ee\/product\/fation-nosca9-trouble-serum\/"]}]},{"@type":"ImageObject","inLanguage":"fi","@id":"https:\/\/idakorea.ee\/product\/fation-nosca9-trouble-serum\/#primaryimage","url":"https:\/\/idakorea.ee\/wp-content\/uploads\/2025\/05\/fation-nosca9-trouble-serum-idakorea.webp","contentUrl":"https:\/\/idakorea.ee\/wp-content\/uploads\/2025\/05\/fation-nosca9-trouble-serum-idakorea.webp","width":500,"height":500},{"@type":"BreadcrumbList","@id":"https:\/\/idakorea.ee\/product\/fation-nosca9-trouble-serum\/#breadcrumb","itemListElement":[{"@type":"ListItem","position":1,"name":"\u0413\u043b\u0430\u0432\u043d\u0430\u044f \u0441\u0442\u0440\u0430\u043d\u0438\u0446\u0430","item":"https:\/\/idakorea.ee\/"},{"@type":"ListItem","position":2,"name":"Shop","item":"https:\/\/idakorea.ee\/shop-2\/"},{"@type":"ListItem","position":3,"name":"Intensiivne seerum probleemsele nahale Fation NOSCA9 Trouble Serum, 30ml"}]},{"@type":"WebSite","@id":"https:\/\/idakorea.ee\/#website","url":"https:\/\/idakorea.ee\/","name":"IDA.KOREA","description":"Korean kosmetiikan verkkokauppa","publisher":{"@id":"https:\/\/idakorea.ee\/#organization"},"alternateName":"Beauty Shop","potentialAction":[{"@type":"SearchAction","target":{"@type":"EntryPoint","urlTemplate":"https:\/\/idakorea.ee\/?s={search_term_string}"},"query-input":{"@type":"PropertyValueSpecification","valueRequired":true,"valueName":"search_term_string"}}],"inLanguage":"fi"},{"@type":"Organization","@id":"https:\/\/idakorea.ee\/#organization","name":"IDA.KOREA","url":"https:\/\/idakorea.ee\/","logo":{"@type":"ImageObject","inLanguage":"fi","@id":"https:\/\/idakorea.ee\/#\/schema\/logo\/image\/","url":"https:\/\/idakorea.ee\/wp-content\/uploads\/2024\/05\/cropped-korea3.png","contentUrl":"https:\/\/idakorea.ee\/wp-content\/uploads\/2024\/05\/cropped-korea3.png","width":688,"height":126,"caption":"IDA.KOREA"},"image":{"@id":"https:\/\/idakorea.ee\/#\/schema\/logo\/image\/"},"sameAs":["https:\/\/www.instagram.com\/ida.korea\/"]}]}},"jetpack_sharing_enabled":true,"brands":[{"id":887,"name":"FATION","slug":"fation"}],"_links":{"self":[{"href":"https:\/\/idakorea.ee\/fi\/wp-json\/wp\/v2\/product\/14143","targetHints":{"allow":["GET"]}}],"collection":[{"href":"https:\/\/idakorea.ee\/fi\/wp-json\/wp\/v2\/product"}],"about":[{"href":"https:\/\/idakorea.ee\/fi\/wp-json\/wp\/v2\/types\/product"}],"replies":[{"embeddable":true,"href":"https:\/\/idakorea.ee\/fi\/wp-json\/wp\/v2\/comments?post=14143"}],"version-history":[{"count":1,"href":"https:\/\/idakorea.ee\/fi\/wp-json\/wp\/v2\/product\/14143\/revisions"}],"predecessor-version":[{"id":14147,"href":"https:\/\/idakorea.ee\/fi\/wp-json\/wp\/v2\/product\/14143\/revisions\/14147"}],"wp:featuredmedia":[{"embeddable":true,"href":"https:\/\/idakorea.ee\/fi\/wp-json\/wp\/v2\/media\/14144"}],"wp:attachment":[{"href":"https:\/\/idakorea.ee\/fi\/wp-json\/wp\/v2\/media?parent=14143"}],"wp:term":[{"taxonomy":"pwb-brand","embeddable":true,"href":"https:\/\/idakorea.ee\/fi\/wp-json\/wp\/v2\/pwb-brand?post=14143"},{"taxonomy":"product_brand","embeddable":true,"href":"https:\/\/idakorea.ee\/fi\/wp-json\/wp\/v2\/product_brand?post=14143"},{"taxonomy":"product_cat","embeddable":true,"href":"https:\/\/idakorea.ee\/fi\/wp-json\/wp\/v2\/product_cat?post=14143"},{"taxonomy":"product_tag","embeddable":true,"href":"https:\/\/idakorea.ee\/fi\/wp-json\/wp\/v2\/product_tag?post=14143"}],"curies":[{"name":"wp","href":"https:\/\/api.w.org\/{rel}","templated":true}]}}