{"id":1416,"date":"2024-05-28T07:55:39","date_gmt":"2024-05-28T07:55:39","guid":{"rendered":"https:\/\/idakorea.ee\/?post_type=product&#038;p=1416"},"modified":"2026-04-13T20:27:26","modified_gmt":"2026-04-13T18:27:26","slug":"medi-peel-red-lacto-collagen-wrapping-mask","status":"publish","type":"product","link":"https:\/\/idakorea.ee\/fi\/product\/medi-peel-red-lacto-collagen-wrapping-mask\/","title":{"rendered":"Huokosia tyhjent\u00e4v\u00e4 kollageenikalvonaamio Medipeel+ Red Lacto Collagen Wrapping Naamio, punainen laktokollageeni"},"content":{"rendered":"<p><strong>Medi-Peel Red Lacto Collagen Wrapping Mask -laktokollageeninaamio<\/strong>\u00a0on hell\u00e4varainen geeli, joka kovettuu iholla, kirist\u00e4\u00e4 ja supistaa laajentuneita ihohuokosia tehden niist\u00e4 v\u00e4hemm\u00e4n n\u00e4kyvi\u00e4. Naamio pienent\u00e4\u00e4 huokosten kokoa ja syvyytt\u00e4 tasoittaen mikrohuokosia.<\/p>\n<p>Se poistaa rasvaista kiiltoa, normalisoi talirauhasten toimintaa, parantaa ihon kimmoisuutta ja kiinteytt\u00e4, silottaa ja antaa terveen hehkun. Ravitseva kermainen koostumus tarttuu tiiviisti ihoon muodostaen hengitt\u00e4v\u00e4n kollageenikalvon, joka mahdollistaa ainesosien imeytymisen ihoon.<\/p>\n<p>Koostumus ei perustu veteen, vaan 70.2% hydrolysoituun kollageeniin (702.278 ppm), jonka molekyylipaino on pieni, 300 Da (Dalton). T\u00e4m\u00e4 mahdollistaa vaikuttavan aineosan tunkeutumisen syv\u00e4lle ihoon, kosteuttaa ja nuorentaa. Kollageeni lis\u00e4\u00e4 kudosten lujuutta, vahvistaa, stimuloi sen omaa hyaluronihapon tuotantoa ja v\u00e4hent\u00e4\u00e4 ik\u00e4\u00e4n liittyvien muutosten n\u00e4kymist\u00e4.<\/p>\n<p><strong>Muita vaikuttavia aineita:\u00a0<\/strong><\/p>\n<ul>\n<li>Tannin\u2122 (kaki-, viiniryp\u00e4le-, kahvi-, sahrami-, alppiruusu-, vihre\u00e4n teen, saflorin ja krysanteemin uutteet) \u2013 yrttiyhdistelm\u00e4, joka lievitt\u00e4\u00e4 kutinaa, \u00e4rsytyst\u00e4 ja hilseily\u00e4, jolla on supistava ja antioksidanttinen vaikutus ja joka supistaa ihohuokosia.<\/li>\n<li>Anti Sebum P\u2122 \u2013 kasviyhdiste, joka sis\u00e4lt\u00e4\u00e4 m\u00e4nnyn, jalavan, oslinnikin ja pueraria-uutteita. Yhdistelm\u00e4 est\u00e4\u00e4 talirauhasten liikatoimintaa, normalisoi ihon talirauhasten erityst\u00e4 ja poistaa rasvaista kiiltoa.<\/li>\n<li>Lactobacillus-entsyymit (1000 ppm) tukevat ihon luonnollista mikrobistoa, parantavat kollageenin rakennetta ja lis\u00e4\u00e4v\u00e4t ihon kimmoisuutta. Niill\u00e4 on kirkastava vaikutus, joka v\u00e4hent\u00e4\u00e4 pigmenttimuutoksia.<\/li>\n<li>Aminohapot palauttavat epidermiksen kudosten rakenteen, vahvistavat kuituja ja tekev\u00e4t ihosta tihe\u00e4mm\u00e4n. Ne yll\u00e4pit\u00e4v\u00e4t epidermiksen eheytt\u00e4 antaen sille elastisuutta ja vahvuutta.<\/li>\n<li>Kolme erilaista hyaluronihappoa kosteuttavat, pehment\u00e4v\u00e4t, vahvistavat hydrolipidikerrosta ja est\u00e4v\u00e4t kosteuden haihtumista.<\/li>\n<\/ul>\n<p>Sopii sekaiholle ja rasvaiselle iholle.<\/p>\n<p><strong>K\u00e4ytt\u00f6:\u00a0<\/strong>Puhdistuksen, kasvoveden ja kosteutuksen j\u00e4lkeen levit\u00e4 ohut kerros naamiota kasvoille ja levit\u00e4 se k\u00e4sin tai siveltimell\u00e4 v\u00e4ltt\u00e4en silm\u00e4nymp\u00e4rysihoa ja huulia. 20\u201330 minuutin kuluttua, kun naamio on kovettunut, nosta se varovasti yl\u00f6s ja poista. On suositeltavaa k\u00e4ytt\u00e4\u00e4 2\u20133 kertaa viikossa.<\/p>","protected":false},"excerpt":{"rendered":"<p>Medi-Peel Red Lacto Collagen Wrapping Mask on hell\u00e4varainen geeli, joka kovettuu iholla, supistaa ja kaventaa laajentuneita ihohuokosia tehden niist\u00e4 v\u00e4hemm\u00e4n n\u00e4kyvi\u00e4. Naamio pienent\u00e4\u00e4 ihohuokosten kokoa, v\u00e4hent\u00e4\u00e4 niiden syvyytt\u00e4 ja tasoittaa mikropainetta. Se poistaa rasvaista kiiltoa, normalisoi talirauhasten toimintaa, parantaa ihon kimmoisuutta ja kiinteytt\u00e4, silottaa ja antaa terveen hehkun. Ravitseva kermainen koostumus tarttuu tiiviisti ihoon muodostaen hengitt\u00e4v\u00e4n kollageenikalvon, joka\u2026<\/p>","protected":false},"featured_media":1417,"comment_status":"open","ping_status":"closed","template":"","meta":{"_uf_show_specific_survey":0,"_uf_disable_surveys":false,"_bst_post_transparent":"default","_bst_post_title":"","_bst_post_layout":"default","_bst_post_sidebar_id":"","_bst_post_content_style":"default","_bst_post_vertical_padding":"default","_bst_post_feature":"","_bst_post_feature_position":"","_bst_post_header":false,"_bst_post_footer":false},"pwb-brand":[107],"product_brand":[],"product_cat":[92,98],"product_tag":[614,381,896],"class_list":{"0":"post-1416","1":"product","2":"type-product","3":"status-publish","4":"has-post-thumbnail","6":"pwb-brand-medipeel","7":"product_cat-nagu","8":"product_cat-naomaskid","9":"product_tag-mask","10":"product_tag-medipeel","11":"product_tag-wrapping","13":"first","14":"instock","15":"sale","16":"shipping-taxable","17":"purchasable","18":"product-type-variable","19":"has-default-attributes","20":"entry","21":"content-bg","22":"loop-entry"},"supplier_id":null,"supplier_sku":"","barcode":null,"atum_controlled":true,"out_stock_date":null,"out_stock_threshold":null,"inheritable":true,"inbound_stock":0,"stock_on_hold":2,"sold_today":0,"sales_last_days":4,"out_stock_days":0,"lost_sales":0,"has_location":false,"update_date":"2026-04-14T00:05:14","atum_locations":[],"atum_stock_status":"instock","restock_status":false,"low_stock_amount":"","sales_update_date":"2026-04-14T00:05:14","calc_backorders":null,"yoast_head":"<!-- This site is optimized with the Yoast SEO plugin v27.2 - https:\/\/yoast.com\/product\/yoast-seo-wordpress\/ -->\n<title>Medi-Peel Red Lacto Collagen Wrapping Mask - IDA.KOREA<\/title>\n<meta name=\"description\" content=\"Medi-Peel Red Lacto Collagen Wrapping Mask\u00a0on \u00f5rn geel, mis k\u00f5veneb nahal, pinguldab ja ahendab laienenud poore, muutes need v\u00e4hem n\u00e4htavaks.\" \/>\n<meta name=\"robots\" content=\"index, follow, max-snippet:-1, max-image-preview:large, max-video-preview:-1\" \/>\n<link rel=\"canonical\" href=\"https:\/\/idakorea.ee\/fi\/product\/medi-peel-red-lacto-collagen-wrapping-mask\/\" \/>\n<meta property=\"og:locale\" content=\"fi_FI\" \/>\n<meta property=\"og:type\" content=\"article\" \/>\n<meta property=\"og:title\" content=\"Medi-Peel Red Lacto Collagen Wrapping Mask - IDA.KOREA\" \/>\n<meta property=\"og:description\" content=\"Medi-Peel Red Lacto Collagen Wrapping Mask\u00a0on \u00f5rn geel, mis k\u00f5veneb nahal, pinguldab ja ahendab laienenud poore, muutes need v\u00e4hem n\u00e4htavaks.\" \/>\n<meta property=\"og:url\" content=\"https:\/\/idakorea.ee\/fi\/product\/medi-peel-red-lacto-collagen-wrapping-mask\/\" \/>\n<meta property=\"og:site_name\" content=\"IDA.KOREA\" \/>\n<meta property=\"article:modified_time\" content=\"2026-04-13T18:27:26+00:00\" \/>\n<meta property=\"og:image\" content=\"https:\/\/idakorea.ee\/wp-content\/uploads\/2024\/05\/Medi_Peel_-Red-Lacto-Collagen-Wrapping-Mask.jpg\" \/>\n\t<meta property=\"og:image:width\" content=\"1000\" \/>\n\t<meta property=\"og:image:height\" content=\"1000\" \/>\n\t<meta property=\"og:image:type\" content=\"image\/jpeg\" \/>\n<meta name=\"twitter:card\" content=\"summary_large_image\" \/>\n<meta name=\"twitter:label1\" content=\"Arvioitu lukuaika\" \/>\n\t<meta name=\"twitter:data1\" content=\"2 minuuttia\" \/>\n<script type=\"application\/ld+json\" class=\"yoast-schema-graph\">{\"@context\":\"https:\/\/schema.org\",\"@graph\":[{\"@type\":\"WebPage\",\"@id\":\"https:\/\/idakorea.ee\/product\/medi-peel-red-lacto-collagen-wrapping-mask\/\",\"url\":\"https:\/\/idakorea.ee\/product\/medi-peel-red-lacto-collagen-wrapping-mask\/\",\"name\":\"Medi-Peel Red Lacto Collagen Wrapping Mask - IDA.KOREA\",\"isPartOf\":{\"@id\":\"https:\/\/idakorea.ee\/#website\"},\"primaryImageOfPage\":{\"@id\":\"https:\/\/idakorea.ee\/product\/medi-peel-red-lacto-collagen-wrapping-mask\/#primaryimage\"},\"image\":{\"@id\":\"https:\/\/idakorea.ee\/product\/medi-peel-red-lacto-collagen-wrapping-mask\/#primaryimage\"},\"thumbnailUrl\":\"https:\/\/idakorea.ee\/wp-content\/uploads\/2024\/05\/Medi_Peel_-Red-Lacto-Collagen-Wrapping-Mask.jpg\",\"datePublished\":\"2024-05-28T07:55:39+00:00\",\"dateModified\":\"2026-04-13T18:27:26+00:00\",\"description\":\"Medi-Peel Red Lacto Collagen Wrapping Mask\u00a0on \u00f5rn geel, mis k\u00f5veneb nahal, pinguldab ja ahendab laienenud poore, muutes need v\u00e4hem n\u00e4htavaks.\",\"breadcrumb\":{\"@id\":\"https:\/\/idakorea.ee\/product\/medi-peel-red-lacto-collagen-wrapping-mask\/#breadcrumb\"},\"inLanguage\":\"fi\",\"potentialAction\":[{\"@type\":\"ReadAction\",\"target\":[\"https:\/\/idakorea.ee\/product\/medi-peel-red-lacto-collagen-wrapping-mask\/\"]}]},{\"@type\":\"ImageObject\",\"inLanguage\":\"fi\",\"@id\":\"https:\/\/idakorea.ee\/product\/medi-peel-red-lacto-collagen-wrapping-mask\/#primaryimage\",\"url\":\"https:\/\/idakorea.ee\/wp-content\/uploads\/2024\/05\/Medi_Peel_-Red-Lacto-Collagen-Wrapping-Mask.jpg\",\"contentUrl\":\"https:\/\/idakorea.ee\/wp-content\/uploads\/2024\/05\/Medi_Peel_-Red-Lacto-Collagen-Wrapping-Mask.jpg\",\"width\":1000,\"height\":1000},{\"@type\":\"BreadcrumbList\",\"@id\":\"https:\/\/idakorea.ee\/product\/medi-peel-red-lacto-collagen-wrapping-mask\/#breadcrumb\",\"itemListElement\":[{\"@type\":\"ListItem\",\"position\":1,\"name\":\"\u0413\u043b\u0430\u0432\u043d\u0430\u044f \u0441\u0442\u0440\u0430\u043d\u0438\u0446\u0430\",\"item\":\"https:\/\/idakorea.ee\/\"},{\"@type\":\"ListItem\",\"position\":2,\"name\":\"Shop\",\"item\":\"https:\/\/idakorea.ee\/shop-2\/\"},{\"@type\":\"ListItem\",\"position\":3,\"name\":\"Poore kahandav kollageeni kilemask Medipeel+ Red Lacto Collagen Wrapping Mask\"}]},{\"@type\":\"WebSite\",\"@id\":\"https:\/\/idakorea.ee\/#website\",\"url\":\"https:\/\/idakorea.ee\/\",\"name\":\"IDA.KOREA\",\"description\":\"Korea kosmeetika e-pood\",\"publisher\":{\"@id\":\"https:\/\/idakorea.ee\/#organization\"},\"alternateName\":\"Beauty Shop\",\"potentialAction\":[{\"@type\":\"SearchAction\",\"target\":{\"@type\":\"EntryPoint\",\"urlTemplate\":\"https:\/\/idakorea.ee\/?s={search_term_string}\"},\"query-input\":{\"@type\":\"PropertyValueSpecification\",\"valueRequired\":true,\"valueName\":\"search_term_string\"}}],\"inLanguage\":\"fi\"},{\"@type\":\"Organization\",\"@id\":\"https:\/\/idakorea.ee\/#organization\",\"name\":\"IDA.KOREA\",\"url\":\"https:\/\/idakorea.ee\/\",\"logo\":{\"@type\":\"ImageObject\",\"inLanguage\":\"fi\",\"@id\":\"https:\/\/idakorea.ee\/#\/schema\/logo\/image\/\",\"url\":\"https:\/\/idakorea.ee\/wp-content\/uploads\/2024\/05\/cropped-korea3.png\",\"contentUrl\":\"https:\/\/idakorea.ee\/wp-content\/uploads\/2024\/05\/cropped-korea3.png\",\"width\":688,\"height\":126,\"caption\":\"IDA.KOREA\"},\"image\":{\"@id\":\"https:\/\/idakorea.ee\/#\/schema\/logo\/image\/\"},\"sameAs\":[\"https:\/\/www.instagram.com\/ida.korea\/\"]}]}<\/script>\n<!-- \/ Yoast SEO plugin. -->","yoast_head_json":{"title":"Medi-Peel Red Lacto Collagen -k\u00e4\u00e4renaamio - IDA.KOREA","description":"Medi-Peel Red Lacto Collagen Wrapping Mask on hell\u00e4varainen geeli, joka kovettuu iholla, supistaa ja kaventaa laajentuneita ihohuokosia tehden niist\u00e4 v\u00e4hemm\u00e4n n\u00e4kyvi\u00e4.","robots":{"index":"index","follow":"follow","max-snippet":"max-snippet:-1","max-image-preview":"max-image-preview:large","max-video-preview":"max-video-preview:-1"},"canonical":"https:\/\/idakorea.ee\/fi\/product\/medi-peel-red-lacto-collagen-wrapping-mask\/","og_locale":"fi_FI","og_type":"article","og_title":"Medi-Peel Red Lacto Collagen Wrapping Mask - IDA.KOREA","og_description":"Medi-Peel Red Lacto Collagen Wrapping Mask\u00a0on \u00f5rn geel, mis k\u00f5veneb nahal, pinguldab ja ahendab laienenud poore, muutes need v\u00e4hem n\u00e4htavaks.","og_url":"https:\/\/idakorea.ee\/fi\/product\/medi-peel-red-lacto-collagen-wrapping-mask\/","og_site_name":"IDA.KOREA","article_modified_time":"2026-04-13T18:27:26+00:00","og_image":[{"width":1000,"height":1000,"url":"https:\/\/idakorea.ee\/wp-content\/uploads\/2024\/05\/Medi_Peel_-Red-Lacto-Collagen-Wrapping-Mask.jpg","type":"image\/jpeg"}],"twitter_card":"summary_large_image","twitter_misc":{"Arvioitu lukuaika":"2 minuuttia"},"schema":{"@context":"https:\/\/schema.org","@graph":[{"@type":"WebPage","@id":"https:\/\/idakorea.ee\/product\/medi-peel-red-lacto-collagen-wrapping-mask\/","url":"https:\/\/idakorea.ee\/product\/medi-peel-red-lacto-collagen-wrapping-mask\/","name":"Medi-Peel Red Lacto Collagen -k\u00e4\u00e4renaamio - IDA.KOREA","isPartOf":{"@id":"https:\/\/idakorea.ee\/#website"},"primaryImageOfPage":{"@id":"https:\/\/idakorea.ee\/product\/medi-peel-red-lacto-collagen-wrapping-mask\/#primaryimage"},"image":{"@id":"https:\/\/idakorea.ee\/product\/medi-peel-red-lacto-collagen-wrapping-mask\/#primaryimage"},"thumbnailUrl":"https:\/\/idakorea.ee\/wp-content\/uploads\/2024\/05\/Medi_Peel_-Red-Lacto-Collagen-Wrapping-Mask.jpg","datePublished":"2024-05-28T07:55:39+00:00","dateModified":"2026-04-13T18:27:26+00:00","description":"Medi-Peel Red Lacto Collagen Wrapping Mask on hell\u00e4varainen geeli, joka kovettuu iholla, supistaa ja kaventaa laajentuneita ihohuokosia tehden niist\u00e4 v\u00e4hemm\u00e4n n\u00e4kyvi\u00e4.","breadcrumb":{"@id":"https:\/\/idakorea.ee\/product\/medi-peel-red-lacto-collagen-wrapping-mask\/#breadcrumb"},"inLanguage":"fi","potentialAction":[{"@type":"ReadAction","target":["https:\/\/idakorea.ee\/product\/medi-peel-red-lacto-collagen-wrapping-mask\/"]}]},{"@type":"ImageObject","inLanguage":"fi","@id":"https:\/\/idakorea.ee\/product\/medi-peel-red-lacto-collagen-wrapping-mask\/#primaryimage","url":"https:\/\/idakorea.ee\/wp-content\/uploads\/2024\/05\/Medi_Peel_-Red-Lacto-Collagen-Wrapping-Mask.jpg","contentUrl":"https:\/\/idakorea.ee\/wp-content\/uploads\/2024\/05\/Medi_Peel_-Red-Lacto-Collagen-Wrapping-Mask.jpg","width":1000,"height":1000},{"@type":"BreadcrumbList","@id":"https:\/\/idakorea.ee\/product\/medi-peel-red-lacto-collagen-wrapping-mask\/#breadcrumb","itemListElement":[{"@type":"ListItem","position":1,"name":"\u0413\u043b\u0430\u0432\u043d\u0430\u044f \u0441\u0442\u0440\u0430\u043d\u0438\u0446\u0430","item":"https:\/\/idakorea.ee\/"},{"@type":"ListItem","position":2,"name":"Shop","item":"https:\/\/idakorea.ee\/shop-2\/"},{"@type":"ListItem","position":3,"name":"Poore kahandav kollageeni kilemask Medipeel+ Red Lacto Collagen Wrapping Mask"}]},{"@type":"WebSite","@id":"https:\/\/idakorea.ee\/#website","url":"https:\/\/idakorea.ee\/","name":"IDA.KOREA","description":"Korean kosmetiikan verkkokauppa","publisher":{"@id":"https:\/\/idakorea.ee\/#organization"},"alternateName":"Beauty Shop","potentialAction":[{"@type":"SearchAction","target":{"@type":"EntryPoint","urlTemplate":"https:\/\/idakorea.ee\/?s={search_term_string}"},"query-input":{"@type":"PropertyValueSpecification","valueRequired":true,"valueName":"search_term_string"}}],"inLanguage":"fi"},{"@type":"Organization","@id":"https:\/\/idakorea.ee\/#organization","name":"IDA.KOREA","url":"https:\/\/idakorea.ee\/","logo":{"@type":"ImageObject","inLanguage":"fi","@id":"https:\/\/idakorea.ee\/#\/schema\/logo\/image\/","url":"https:\/\/idakorea.ee\/wp-content\/uploads\/2024\/05\/cropped-korea3.png","contentUrl":"https:\/\/idakorea.ee\/wp-content\/uploads\/2024\/05\/cropped-korea3.png","width":688,"height":126,"caption":"IDA.KOREA"},"image":{"@id":"https:\/\/idakorea.ee\/#\/schema\/logo\/image\/"},"sameAs":["https:\/\/www.instagram.com\/ida.korea\/"]}]}},"jetpack_sharing_enabled":true,"brands":[{"id":107,"name":"MEDIPEEL+","slug":"medipeel"}],"_links":{"self":[{"href":"https:\/\/idakorea.ee\/fi\/wp-json\/wp\/v2\/product\/1416","targetHints":{"allow":["GET"]}}],"collection":[{"href":"https:\/\/idakorea.ee\/fi\/wp-json\/wp\/v2\/product"}],"about":[{"href":"https:\/\/idakorea.ee\/fi\/wp-json\/wp\/v2\/types\/product"}],"replies":[{"embeddable":true,"href":"https:\/\/idakorea.ee\/fi\/wp-json\/wp\/v2\/comments?post=1416"}],"version-history":[{"count":2,"href":"https:\/\/idakorea.ee\/fi\/wp-json\/wp\/v2\/product\/1416\/revisions"}],"predecessor-version":[{"id":14888,"href":"https:\/\/idakorea.ee\/fi\/wp-json\/wp\/v2\/product\/1416\/revisions\/14888"}],"wp:featuredmedia":[{"embeddable":true,"href":"https:\/\/idakorea.ee\/fi\/wp-json\/wp\/v2\/media\/1417"}],"wp:attachment":[{"href":"https:\/\/idakorea.ee\/fi\/wp-json\/wp\/v2\/media?parent=1416"}],"wp:term":[{"taxonomy":"pwb-brand","embeddable":true,"href":"https:\/\/idakorea.ee\/fi\/wp-json\/wp\/v2\/pwb-brand?post=1416"},{"taxonomy":"product_brand","embeddable":true,"href":"https:\/\/idakorea.ee\/fi\/wp-json\/wp\/v2\/product_brand?post=1416"},{"taxonomy":"product_cat","embeddable":true,"href":"https:\/\/idakorea.ee\/fi\/wp-json\/wp\/v2\/product_cat?post=1416"},{"taxonomy":"product_tag","embeddable":true,"href":"https:\/\/idakorea.ee\/fi\/wp-json\/wp\/v2\/product_tag?post=1416"}],"curies":[{"name":"wp","href":"https:\/\/api.w.org\/{rel}","templated":true}]}}