{"id":14163,"date":"2025-05-19T13:28:46","date_gmt":"2025-05-19T11:28:46","guid":{"rendered":"https:\/\/idakorea.ee\/?post_type=product&#038;p=14163"},"modified":"2026-01-30T10:07:28","modified_gmt":"2026-01-30T08:07:28","slug":"cleaderm-small-molecule-collagen-glow-ampoule-mist","status":"publish","type":"product","link":"https:\/\/idakorea.ee\/fi\/product\/cleaderm-small-molecule-collagen-glow-ampoule-mist\/","title":{"rendered":"Cleaderm Small Molecule Collagen Glow Ampoule Face Mist, 100ml"},"content":{"rendered":"<p><strong>Cleaderm Pienimolekyylinen kollageenin hehkuampullisisuite<\/strong> on ylellinen kasvosuihke, joka yhdist\u00e4\u00e4 ampullin tehohoidon hienojakoisen sumun k\u00e4tevyyteen. Matalamolekyylipainoisen kollageenin ansiosta tuote imeytyy syv\u00e4lle ihokerroksiin parantaen ihon kimmoisuutta ja siloittaen sen rakennetta.<\/p>\n<p>Tuote kosteuttaa tehokkaasti, antaa iholle v\u00e4litt\u00f6m\u00e4n hehkun ja luo sile\u00e4n, raikkaan s\u00e4vyn. Se sopii t\u00e4ydellisesti k\u00e4ytett\u00e4v\u00e4ksi aamulla ennen meikki\u00e4 tai p\u00e4iv\u00e4n aikana ihon kirkastamiseen.<\/p>\n<p><strong>T\u00e4rkeimm\u00e4t ominaisuudet:<\/strong><\/p>\n<ul>\n<li>Pienimolekyylinen kollageeni syv\u00e4kosteutukseen ja ihon kiinteytt\u00e4miseen<\/li>\n<li>Nopea imeytyminen ja kevyt koostumus<\/li>\n<li>Elvytt\u00e4\u00e4 v\u00e4synytt\u00e4 ja sameaa ihoa<\/li>\n<\/ul>\n<p>&nbsp;<\/p>\n<p>Sopii kaikille ihotyypeille, my\u00f6s herk\u00e4lle iholle<\/p>\n<p>&nbsp;<\/p>","protected":false},"excerpt":{"rendered":"<p>Cleaderm Small Molecule Collagen Glow Ampoule Mist on ylellinen kasvosuihke, jossa yhdistyv\u00e4t ampullin intensiivinen hoito ja sumua levitt\u00e4v\u00e4n suihkeen mukavuus. Pienimolekyylisen kollageenin ansiosta tuote imeytyy syv\u00e4lle ihokerroksiin parantaen ihon kimmoisuutta ja tasoittaen sen rakennetta. Tuote kosteuttaa intensiivisesti, antaa iholle v\u00e4litt\u00f6m\u00e4n hehkun ja luo sile\u00e4n, raikkaan ihon. Ihanteellinen k\u00e4ytett\u00e4v\u00e4ksi aamulla ennen meikki\u00e4 tai...<\/p>","protected":false},"featured_media":14164,"comment_status":"open","ping_status":"closed","template":"","meta":{"_uf_show_specific_survey":0,"_uf_disable_surveys":false,"_bst_post_transparent":"default","_bst_post_title":"","_bst_post_layout":"default","_bst_post_sidebar_id":"","_bst_post_content_style":"default","_bst_post_vertical_padding":"default","_bst_post_feature":"","_bst_post_feature_position":"","_bst_post_header":false,"_bst_post_footer":false},"pwb-brand":[889],"product_brand":[],"product_cat":[92,97],"product_tag":[890,568],"class_list":{"0":"post-14163","1":"product","2":"type-product","3":"status-publish","4":"has-post-thumbnail","6":"pwb-brand-cleaderm","7":"product_cat-nagu","8":"product_cat-naoseerumid-ja-olid","9":"product_tag-cleaderm","10":"product_tag-korea","12":"first","13":"instock","14":"sale","15":"shipping-taxable","16":"purchasable","17":"product-type-simple","18":"entry","19":"content-bg","20":"loop-entry"},"supplier_id":null,"supplier_sku":"","barcode":null,"atum_controlled":true,"out_stock_date":null,"out_stock_threshold":null,"inheritable":false,"inbound_stock":0,"stock_on_hold":0,"sold_today":0,"sales_last_days":0,"out_stock_days":0,"lost_sales":0,"has_location":false,"update_date":"2026-04-14T00:05:07","atum_locations":[],"atum_stock_status":"instock","restock_status":false,"low_stock_amount":"","sales_update_date":"2026-04-14T00:05:07","calc_backorders":null,"yoast_head":"<!-- This site is optimized with the Yoast SEO plugin v27.2 - https:\/\/yoast.com\/product\/yoast-seo-wordpress\/ -->\n<title>N\u00e4osprei Cleaderm Small Molecule Collagen Glow Ampoule Mist, 100ml - IDA.KOREA<\/title>\n<meta name=\"description\" content=\"Cleaderm Small Molecule Collagen Glow Ampoule Mist on luksuslik n\u00e4osprei, mis \u00fchendab ampulli intensiivse hoolduse ja udukergelt hajutatava pihustuse mugavuse.\" \/>\n<meta name=\"robots\" content=\"index, follow, max-snippet:-1, max-image-preview:large, max-video-preview:-1\" \/>\n<link rel=\"canonical\" href=\"https:\/\/idakorea.ee\/fi\/product\/cleaderm-small-molecule-collagen-glow-ampoule-mist\/\" \/>\n<meta property=\"og:locale\" content=\"fi_FI\" \/>\n<meta property=\"og:type\" content=\"article\" \/>\n<meta property=\"og:title\" content=\"N\u00e4osprei Cleaderm Small Molecule Collagen Glow Ampoule Mist, 100ml - IDA.KOREA\" \/>\n<meta property=\"og:description\" content=\"Cleaderm Small Molecule Collagen Glow Ampoule Mist on luksuslik n\u00e4osprei, mis \u00fchendab ampulli intensiivse hoolduse ja udukergelt hajutatava pihustuse mugavuse.\" \/>\n<meta property=\"og:url\" content=\"https:\/\/idakorea.ee\/fi\/product\/cleaderm-small-molecule-collagen-glow-ampoule-mist\/\" \/>\n<meta property=\"og:site_name\" content=\"IDA.KOREA\" \/>\n<meta property=\"article:modified_time\" content=\"2026-01-30T08:07:28+00:00\" \/>\n<meta property=\"og:image\" content=\"https:\/\/idakorea.ee\/wp-content\/uploads\/2025\/05\/cleaderm-collagen-mist-\u2014idakorea.png\" \/>\n\t<meta property=\"og:image:width\" content=\"800\" \/>\n\t<meta property=\"og:image:height\" content=\"800\" \/>\n\t<meta property=\"og:image:type\" content=\"image\/png\" \/>\n<meta name=\"twitter:card\" content=\"summary_large_image\" \/>\n<meta name=\"twitter:label1\" content=\"Arvioitu lukuaika\" \/>\n\t<meta name=\"twitter:data1\" content=\"1 minuutti\" \/>\n<script type=\"application\/ld+json\" class=\"yoast-schema-graph\">{\"@context\":\"https:\/\/schema.org\",\"@graph\":[{\"@type\":\"WebPage\",\"@id\":\"https:\/\/idakorea.ee\/product\/cleaderm-small-molecule-collagen-glow-ampoule-mist\/\",\"url\":\"https:\/\/idakorea.ee\/product\/cleaderm-small-molecule-collagen-glow-ampoule-mist\/\",\"name\":\"N\u00e4osprei Cleaderm Small Molecule Collagen Glow Ampoule Mist, 100ml - IDA.KOREA\",\"isPartOf\":{\"@id\":\"https:\/\/idakorea.ee\/#website\"},\"primaryImageOfPage\":{\"@id\":\"https:\/\/idakorea.ee\/product\/cleaderm-small-molecule-collagen-glow-ampoule-mist\/#primaryimage\"},\"image\":{\"@id\":\"https:\/\/idakorea.ee\/product\/cleaderm-small-molecule-collagen-glow-ampoule-mist\/#primaryimage\"},\"thumbnailUrl\":\"https:\/\/idakorea.ee\/wp-content\/uploads\/2025\/05\/cleaderm-collagen-mist-\u2014idakorea.png\",\"datePublished\":\"2025-05-19T11:28:46+00:00\",\"dateModified\":\"2026-01-30T08:07:28+00:00\",\"description\":\"Cleaderm Small Molecule Collagen Glow Ampoule Mist on luksuslik n\u00e4osprei, mis \u00fchendab ampulli intensiivse hoolduse ja udukergelt hajutatava pihustuse mugavuse.\",\"breadcrumb\":{\"@id\":\"https:\/\/idakorea.ee\/product\/cleaderm-small-molecule-collagen-glow-ampoule-mist\/#breadcrumb\"},\"inLanguage\":\"fi\",\"potentialAction\":[{\"@type\":\"ReadAction\",\"target\":[\"https:\/\/idakorea.ee\/product\/cleaderm-small-molecule-collagen-glow-ampoule-mist\/\"]}]},{\"@type\":\"ImageObject\",\"inLanguage\":\"fi\",\"@id\":\"https:\/\/idakorea.ee\/product\/cleaderm-small-molecule-collagen-glow-ampoule-mist\/#primaryimage\",\"url\":\"https:\/\/idakorea.ee\/wp-content\/uploads\/2025\/05\/cleaderm-collagen-mist-\u2014idakorea.png\",\"contentUrl\":\"https:\/\/idakorea.ee\/wp-content\/uploads\/2025\/05\/cleaderm-collagen-mist-\u2014idakorea.png\",\"width\":800,\"height\":800},{\"@type\":\"BreadcrumbList\",\"@id\":\"https:\/\/idakorea.ee\/product\/cleaderm-small-molecule-collagen-glow-ampoule-mist\/#breadcrumb\",\"itemListElement\":[{\"@type\":\"ListItem\",\"position\":1,\"name\":\"\u0413\u043b\u0430\u0432\u043d\u0430\u044f \u0441\u0442\u0440\u0430\u043d\u0438\u0446\u0430\",\"item\":\"https:\/\/idakorea.ee\/\"},{\"@type\":\"ListItem\",\"position\":2,\"name\":\"Shop\",\"item\":\"https:\/\/idakorea.ee\/shop-2\/\"},{\"@type\":\"ListItem\",\"position\":3,\"name\":\"N\u00e4osprei Cleaderm Small Molecule Collagen Glow Ampoule Mist, 100ml\"}]},{\"@type\":\"WebSite\",\"@id\":\"https:\/\/idakorea.ee\/#website\",\"url\":\"https:\/\/idakorea.ee\/\",\"name\":\"IDA.KOREA\",\"description\":\"Korea kosmeetika e-pood\",\"publisher\":{\"@id\":\"https:\/\/idakorea.ee\/#organization\"},\"alternateName\":\"Beauty Shop\",\"potentialAction\":[{\"@type\":\"SearchAction\",\"target\":{\"@type\":\"EntryPoint\",\"urlTemplate\":\"https:\/\/idakorea.ee\/?s={search_term_string}\"},\"query-input\":{\"@type\":\"PropertyValueSpecification\",\"valueRequired\":true,\"valueName\":\"search_term_string\"}}],\"inLanguage\":\"fi\"},{\"@type\":\"Organization\",\"@id\":\"https:\/\/idakorea.ee\/#organization\",\"name\":\"IDA.KOREA\",\"url\":\"https:\/\/idakorea.ee\/\",\"logo\":{\"@type\":\"ImageObject\",\"inLanguage\":\"fi\",\"@id\":\"https:\/\/idakorea.ee\/#\/schema\/logo\/image\/\",\"url\":\"https:\/\/idakorea.ee\/wp-content\/uploads\/2024\/05\/cropped-korea3.png\",\"contentUrl\":\"https:\/\/idakorea.ee\/wp-content\/uploads\/2024\/05\/cropped-korea3.png\",\"width\":688,\"height\":126,\"caption\":\"IDA.KOREA\"},\"image\":{\"@id\":\"https:\/\/idakorea.ee\/#\/schema\/logo\/image\/\"},\"sameAs\":[\"https:\/\/www.instagram.com\/ida.korea\/\"]}]}<\/script>\n<!-- \/ Yoast SEO plugin. -->","yoast_head_json":{"title":"Kasvosuihke Cleaderm Small Molecule Collagen Glow Ampoule Mist, 100ml - IDA.KOREA","description":"Cleaderm Small Molecule Collagen Glow Ampoule Mist on ylellinen kasvosuihke, joka yhdist\u00e4\u00e4 ampullin tehohoidon hienojakoisen suihkeen k\u00e4tevyyteen.","robots":{"index":"index","follow":"follow","max-snippet":"max-snippet:-1","max-image-preview":"max-image-preview:large","max-video-preview":"max-video-preview:-1"},"canonical":"https:\/\/idakorea.ee\/fi\/product\/cleaderm-small-molecule-collagen-glow-ampoule-mist\/","og_locale":"fi_FI","og_type":"article","og_title":"N\u00e4osprei Cleaderm Small Molecule Collagen Glow Ampoule Mist, 100ml - IDA.KOREA","og_description":"Cleaderm Small Molecule Collagen Glow Ampoule Mist on luksuslik n\u00e4osprei, mis \u00fchendab ampulli intensiivse hoolduse ja udukergelt hajutatava pihustuse mugavuse.","og_url":"https:\/\/idakorea.ee\/fi\/product\/cleaderm-small-molecule-collagen-glow-ampoule-mist\/","og_site_name":"IDA.KOREA","article_modified_time":"2026-01-30T08:07:28+00:00","og_image":[{"width":800,"height":800,"url":"https:\/\/idakorea.ee\/wp-content\/uploads\/2025\/05\/cleaderm-collagen-mist-\u2014idakorea.png","type":"image\/png"}],"twitter_card":"summary_large_image","twitter_misc":{"Arvioitu lukuaika":"1 minuutti"},"schema":{"@context":"https:\/\/schema.org","@graph":[{"@type":"WebPage","@id":"https:\/\/idakorea.ee\/product\/cleaderm-small-molecule-collagen-glow-ampoule-mist\/","url":"https:\/\/idakorea.ee\/product\/cleaderm-small-molecule-collagen-glow-ampoule-mist\/","name":"Kasvosuihke Cleaderm Small Molecule Collagen Glow Ampoule Mist, 100ml - IDA.KOREA","isPartOf":{"@id":"https:\/\/idakorea.ee\/#website"},"primaryImageOfPage":{"@id":"https:\/\/idakorea.ee\/product\/cleaderm-small-molecule-collagen-glow-ampoule-mist\/#primaryimage"},"image":{"@id":"https:\/\/idakorea.ee\/product\/cleaderm-small-molecule-collagen-glow-ampoule-mist\/#primaryimage"},"thumbnailUrl":"https:\/\/idakorea.ee\/wp-content\/uploads\/2025\/05\/cleaderm-collagen-mist-\u2014idakorea.png","datePublished":"2025-05-19T11:28:46+00:00","dateModified":"2026-01-30T08:07:28+00:00","description":"Cleaderm Small Molecule Collagen Glow Ampoule Mist on ylellinen kasvosuihke, joka yhdist\u00e4\u00e4 ampullin tehohoidon hienojakoisen suihkeen k\u00e4tevyyteen.","breadcrumb":{"@id":"https:\/\/idakorea.ee\/product\/cleaderm-small-molecule-collagen-glow-ampoule-mist\/#breadcrumb"},"inLanguage":"fi","potentialAction":[{"@type":"ReadAction","target":["https:\/\/idakorea.ee\/product\/cleaderm-small-molecule-collagen-glow-ampoule-mist\/"]}]},{"@type":"ImageObject","inLanguage":"fi","@id":"https:\/\/idakorea.ee\/product\/cleaderm-small-molecule-collagen-glow-ampoule-mist\/#primaryimage","url":"https:\/\/idakorea.ee\/wp-content\/uploads\/2025\/05\/cleaderm-collagen-mist-\u2014idakorea.png","contentUrl":"https:\/\/idakorea.ee\/wp-content\/uploads\/2025\/05\/cleaderm-collagen-mist-\u2014idakorea.png","width":800,"height":800},{"@type":"BreadcrumbList","@id":"https:\/\/idakorea.ee\/product\/cleaderm-small-molecule-collagen-glow-ampoule-mist\/#breadcrumb","itemListElement":[{"@type":"ListItem","position":1,"name":"\u0413\u043b\u0430\u0432\u043d\u0430\u044f \u0441\u0442\u0440\u0430\u043d\u0438\u0446\u0430","item":"https:\/\/idakorea.ee\/"},{"@type":"ListItem","position":2,"name":"Shop","item":"https:\/\/idakorea.ee\/shop-2\/"},{"@type":"ListItem","position":3,"name":"N\u00e4osprei Cleaderm Small Molecule Collagen Glow Ampoule Mist, 100ml"}]},{"@type":"WebSite","@id":"https:\/\/idakorea.ee\/#website","url":"https:\/\/idakorea.ee\/","name":"IDA.KOREA","description":"Korean kosmetiikan verkkokauppa","publisher":{"@id":"https:\/\/idakorea.ee\/#organization"},"alternateName":"Beauty Shop","potentialAction":[{"@type":"SearchAction","target":{"@type":"EntryPoint","urlTemplate":"https:\/\/idakorea.ee\/?s={search_term_string}"},"query-input":{"@type":"PropertyValueSpecification","valueRequired":true,"valueName":"search_term_string"}}],"inLanguage":"fi"},{"@type":"Organization","@id":"https:\/\/idakorea.ee\/#organization","name":"IDA.KOREA","url":"https:\/\/idakorea.ee\/","logo":{"@type":"ImageObject","inLanguage":"fi","@id":"https:\/\/idakorea.ee\/#\/schema\/logo\/image\/","url":"https:\/\/idakorea.ee\/wp-content\/uploads\/2024\/05\/cropped-korea3.png","contentUrl":"https:\/\/idakorea.ee\/wp-content\/uploads\/2024\/05\/cropped-korea3.png","width":688,"height":126,"caption":"IDA.KOREA"},"image":{"@id":"https:\/\/idakorea.ee\/#\/schema\/logo\/image\/"},"sameAs":["https:\/\/www.instagram.com\/ida.korea\/"]}]}},"jetpack_sharing_enabled":true,"brands":[{"id":889,"name":"CLEADERM","slug":"cleaderm"}],"_links":{"self":[{"href":"https:\/\/idakorea.ee\/fi\/wp-json\/wp\/v2\/product\/14163","targetHints":{"allow":["GET"]}}],"collection":[{"href":"https:\/\/idakorea.ee\/fi\/wp-json\/wp\/v2\/product"}],"about":[{"href":"https:\/\/idakorea.ee\/fi\/wp-json\/wp\/v2\/types\/product"}],"replies":[{"embeddable":true,"href":"https:\/\/idakorea.ee\/fi\/wp-json\/wp\/v2\/comments?post=14163"}],"version-history":[{"count":1,"href":"https:\/\/idakorea.ee\/fi\/wp-json\/wp\/v2\/product\/14163\/revisions"}],"predecessor-version":[{"id":14165,"href":"https:\/\/idakorea.ee\/fi\/wp-json\/wp\/v2\/product\/14163\/revisions\/14165"}],"wp:featuredmedia":[{"embeddable":true,"href":"https:\/\/idakorea.ee\/fi\/wp-json\/wp\/v2\/media\/14164"}],"wp:attachment":[{"href":"https:\/\/idakorea.ee\/fi\/wp-json\/wp\/v2\/media?parent=14163"}],"wp:term":[{"taxonomy":"pwb-brand","embeddable":true,"href":"https:\/\/idakorea.ee\/fi\/wp-json\/wp\/v2\/pwb-brand?post=14163"},{"taxonomy":"product_brand","embeddable":true,"href":"https:\/\/idakorea.ee\/fi\/wp-json\/wp\/v2\/product_brand?post=14163"},{"taxonomy":"product_cat","embeddable":true,"href":"https:\/\/idakorea.ee\/fi\/wp-json\/wp\/v2\/product_cat?post=14163"},{"taxonomy":"product_tag","embeddable":true,"href":"https:\/\/idakorea.ee\/fi\/wp-json\/wp\/v2\/product_tag?post=14163"}],"curies":[{"name":"wp","href":"https:\/\/api.w.org\/{rel}","templated":true}]}}