{"id":14167,"date":"2025-05-20T08:31:55","date_gmt":"2025-05-20T06:31:55","guid":{"rendered":"https:\/\/idakorea.ee\/?post_type=product&#038;p=14167"},"modified":"2026-04-14T00:24:07","modified_gmt":"2026-04-13T22:24:07","slug":"dear-klairs-maple-energy-infusing-cream-60ml","status":"publish","type":"product","link":"https:\/\/idakorea.ee\/fi\/product\/dear-klairs-maple-energy-infusing-cream-60ml\/","title":{"rendered":"Kosteusvoide kuivalle iholle Dear, Klairs Maple Energy Infusing Cream, 60ml"},"content":{"rendered":"<p><strong>Kosteusvoide kuivalle iholle Dear, Klairs Maple Energy Infusing Cream, Klairs Maple Energy Infusing Cream<\/strong> pehment\u00e4\u00e4 karheaa ihoa, poistaa kuivuutta ja kuorintaa. Vahvistaa ihon lipidibarrieria, parantaa mikrovammoja ja lis\u00e4\u00e4 ihon puolustuskyky\u00e4.<\/p>\n<p>T\u00e4rkein ainesosa on patentoitu kompleksi. <strong>Maple Syrop Revitalizer\u2122 (528 960 ppm)<\/strong>, joka sis\u00e4lt\u00e4\u00e4 kanadalaista vaahterauutetta. Se auttaa s\u00e4ilytt\u00e4m\u00e4\u00e4n kosteutta, stimuloi kollageenin tuotantoa ja tukee ihon kimmoisuutta. Korkean antioksidanttivaikutuksensa ansiosta se neutraloi vapaiden radikaalien vaikutuksia ja kiinteytt\u00e4\u00e4 ihoa.<\/p>\n<p>Tuote ehk\u00e4isee tehokkaasti ensimm\u00e4isi\u00e4 ik\u00e4\u00e4ntymisen merkkej\u00e4 - se palauttaa ihon kimmoisuuden ja s\u00e4vyn, ehk\u00e4isee ryppyj\u00e4 ja juonteita. V\u00e4hent\u00e4\u00e4 sameaa ihonv\u00e4ri\u00e4 ja antaa iholle terveen hehkun. Samettinen ja t\u00e4ytel\u00e4inen koostumus, eik\u00e4 j\u00e4t\u00e4 tahmeaa tunnetta.<\/p>\n<p><strong>Muita vaikuttavia aineita:<\/strong><\/p>\n<ul>\n<li><strong>3 erilaista peptidi\u00e4<\/strong>: stimuloi solujen uusiutumista, tasoittaa ja kiinteytt\u00e4\u00e4 ihoa, v\u00e4hent\u00e4\u00e4 ryppyjen syvyytt\u00e4.<\/li>\n<li><strong>Argireline<\/strong> - botoxin kaltainen peptidi, joka rentouttaa kasvojen lihaksia ja ehk\u00e4isee ryppyjen muodostumista.<\/li>\n<li><strong>Rutiinitoimenpiteet<\/strong> - flavonoidi, joka suojaa vapailta radikaaleilta, parantaa mikroverenkiertoa, lievitt\u00e4\u00e4 turvotusta, vahvistaa kapillaarien sein\u00e4mi\u00e4 ja sopii ruusufinnille ja couperosalle.<\/li>\n<li><strong>Tokoferoli (E-vitamiini)<\/strong> - stimuloi solujen uusiutumista, lis\u00e4\u00e4 ihon s\u00e4vy\u00e4, kosteuttaa ja tasoittaa ihon s\u00e4vy\u00e4.<\/li>\n<li><strong>Adenos<\/strong> - aktivoi kollageenin ja elastiinin synteesi\u00e4, v\u00e4hent\u00e4\u00e4 ik\u00e4\u00e4n liittyvien ryppyjen m\u00e4\u00e4r\u00e4\u00e4 ja syvyytt\u00e4.<\/li>\n<li><strong>Arginia<\/strong> - aminohappo, jolla on uudistavia ja kiinteytt\u00e4vi\u00e4 ominaisuuksia, parantaa mikroverenkiertoa ja antaa iholle s\u00e4teilev\u00e4n hehkun.<\/li>\n<li><strong>Hibiscus-uute<\/strong> - suojaa hapetusstressilt\u00e4, vahvistaa kapillaareja, v\u00e4hent\u00e4\u00e4 aknea, sill\u00e4 on antiseptisi\u00e4 ja tulehdusta ehk\u00e4isevi\u00e4 ominaisuuksia.<\/li>\n<li><strong>Pellavansiemenuute<\/strong> - Syv\u00e4kosteuttava, ehk\u00e4isee kuivumista, kuoriutumista ja kuivumista.<\/li>\n<\/ul>\n<p>&nbsp;<\/p>\n<p>Sopii kuivalle, normaalille ja sekaiholle.<\/p>\n<p><strong>K\u00e4ytt\u00f6:<\/strong> Kun kasvot on puhdistettu, kasvovesi ja seerumi levitet\u00e4\u00e4n kasvoille ja hierotaan tasaisesti.<\/p>","protected":false},"excerpt":{"rendered":"<p>Ravitseva voide kuivalle iholle Rakas, Klairs Maple Energy Infusing Cream pehment\u00e4\u00e4 karheaa ihoa, poistaa kuivuutta ja kuorintaa. Vahvistaa ihon lipidibarrieria, korjaa mikrovammoja ja lis\u00e4\u00e4 ihon puolustuskyky\u00e4. T\u00e4rkein ainesosa on patentoitu Maple Syrop Revitalizer\u2122 Complex (528 960 ppm), joka sis\u00e4lt\u00e4\u00e4 kanadalaista vaahterauutetta. Se auttaa s\u00e4ilytt\u00e4m\u00e4\u00e4n kosteutta, stimuloi kollageenin tuotantoa ja tukee ihon kimmoisuutta. Sen korkean...<\/p>","protected":false},"featured_media":14168,"comment_status":"open","ping_status":"closed","template":"","meta":{"_uf_show_specific_survey":0,"_uf_disable_surveys":false,"_bst_post_transparent":"default","_bst_post_title":"","_bst_post_layout":"default","_bst_post_sidebar_id":"","_bst_post_content_style":"default","_bst_post_vertical_padding":"default","_bst_post_feature":"","_bst_post_feature_position":"","_bst_post_header":false,"_bst_post_footer":false},"pwb-brand":[891],"product_brand":[],"product_cat":[92,96],"product_tag":[568,830],"class_list":{"0":"post-14167","1":"product","2":"type-product","3":"status-publish","4":"has-post-thumbnail","6":"pwb-brand-dear","7":"product_cat-nagu","8":"product_cat-naokreemid","9":"product_tag-korea","10":"product_tag-peptide","12":"first","13":"instock","14":"sale","15":"shipping-taxable","16":"purchasable","17":"product-type-simple","18":"entry","19":"content-bg","20":"loop-entry"},"supplier_id":null,"supplier_sku":"","barcode":null,"atum_controlled":true,"out_stock_date":null,"out_stock_threshold":null,"inheritable":false,"inbound_stock":0,"stock_on_hold":0,"sold_today":0,"sales_last_days":1,"out_stock_days":0,"lost_sales":0,"has_location":false,"update_date":"2026-04-13T22:24:08","atum_locations":[],"atum_stock_status":"instock","restock_status":false,"low_stock_amount":"","sales_update_date":"2026-04-05T00:02:09","calc_backorders":null,"yoast_head":"<!-- This site is optimized with the Yoast SEO plugin v27.2 - https:\/\/yoast.com\/product\/yoast-seo-wordpress\/ -->\n<title>Dear, Klairs Maple Energy Infusing Cream, 60ml - IDA.KOREA<\/title>\n<meta name=\"description\" content=\"Toitev kreem kuivale nahale Dear, Klairs Maple Energy Infusing Cream pehmendab karedat nahka, k\u00f5rvaldab kuivuse ja kestenduse. Kiire tarne!\" \/>\n<meta name=\"robots\" content=\"index, follow, max-snippet:-1, max-image-preview:large, max-video-preview:-1\" \/>\n<link rel=\"canonical\" href=\"https:\/\/idakorea.ee\/fi\/product\/dear-klairs-maple-energy-infusing-cream-60ml\/\" \/>\n<meta property=\"og:locale\" content=\"fi_FI\" \/>\n<meta property=\"og:type\" content=\"article\" \/>\n<meta property=\"og:title\" content=\"Dear, Klairs Maple Energy Infusing Cream, 60ml - IDA.KOREA\" \/>\n<meta property=\"og:description\" content=\"Toitev kreem kuivale nahale Dear, Klairs Maple Energy Infusing Cream pehmendab karedat nahka, k\u00f5rvaldab kuivuse ja kestenduse. Kiire tarne!\" \/>\n<meta property=\"og:url\" content=\"https:\/\/idakorea.ee\/fi\/product\/dear-klairs-maple-energy-infusing-cream-60ml\/\" \/>\n<meta property=\"og:site_name\" content=\"IDA.KOREA\" \/>\n<meta property=\"article:modified_time\" content=\"2026-04-13T22:24:07+00:00\" \/>\n<meta property=\"og:image\" content=\"https:\/\/idakorea.ee\/wp-content\/uploads\/2025\/05\/dear-klairs-maple-energy-infusing-cream-idakorea.ee_.jpg\" \/>\n\t<meta property=\"og:image:width\" content=\"1000\" \/>\n\t<meta property=\"og:image:height\" content=\"1000\" \/>\n\t<meta property=\"og:image:type\" content=\"image\/jpeg\" \/>\n<meta name=\"twitter:card\" content=\"summary_large_image\" \/>\n<meta name=\"twitter:label1\" content=\"Arvioitu lukuaika\" \/>\n\t<meta name=\"twitter:data1\" content=\"2 minuuttia\" \/>\n<script type=\"application\/ld+json\" class=\"yoast-schema-graph\">{\"@context\":\"https:\/\/schema.org\",\"@graph\":[{\"@type\":\"WebPage\",\"@id\":\"https:\/\/idakorea.ee\/product\/dear-klairs-maple-energy-infusing-cream-60ml\/\",\"url\":\"https:\/\/idakorea.ee\/product\/dear-klairs-maple-energy-infusing-cream-60ml\/\",\"name\":\"Dear, Klairs Maple Energy Infusing Cream, 60ml - IDA.KOREA\",\"isPartOf\":{\"@id\":\"https:\/\/idakorea.ee\/#website\"},\"primaryImageOfPage\":{\"@id\":\"https:\/\/idakorea.ee\/product\/dear-klairs-maple-energy-infusing-cream-60ml\/#primaryimage\"},\"image\":{\"@id\":\"https:\/\/idakorea.ee\/product\/dear-klairs-maple-energy-infusing-cream-60ml\/#primaryimage\"},\"thumbnailUrl\":\"https:\/\/idakorea.ee\/wp-content\/uploads\/2025\/05\/dear-klairs-maple-energy-infusing-cream-idakorea.ee_.jpg\",\"datePublished\":\"2025-05-20T06:31:55+00:00\",\"dateModified\":\"2026-04-13T22:24:07+00:00\",\"description\":\"Toitev kreem kuivale nahale Dear, Klairs Maple Energy Infusing Cream pehmendab karedat nahka, k\u00f5rvaldab kuivuse ja kestenduse. Kiire tarne!\",\"breadcrumb\":{\"@id\":\"https:\/\/idakorea.ee\/product\/dear-klairs-maple-energy-infusing-cream-60ml\/#breadcrumb\"},\"inLanguage\":\"fi\",\"potentialAction\":[{\"@type\":\"ReadAction\",\"target\":[\"https:\/\/idakorea.ee\/product\/dear-klairs-maple-energy-infusing-cream-60ml\/\"]}]},{\"@type\":\"ImageObject\",\"inLanguage\":\"fi\",\"@id\":\"https:\/\/idakorea.ee\/product\/dear-klairs-maple-energy-infusing-cream-60ml\/#primaryimage\",\"url\":\"https:\/\/idakorea.ee\/wp-content\/uploads\/2025\/05\/dear-klairs-maple-energy-infusing-cream-idakorea.ee_.jpg\",\"contentUrl\":\"https:\/\/idakorea.ee\/wp-content\/uploads\/2025\/05\/dear-klairs-maple-energy-infusing-cream-idakorea.ee_.jpg\",\"width\":1000,\"height\":1000},{\"@type\":\"BreadcrumbList\",\"@id\":\"https:\/\/idakorea.ee\/product\/dear-klairs-maple-energy-infusing-cream-60ml\/#breadcrumb\",\"itemListElement\":[{\"@type\":\"ListItem\",\"position\":1,\"name\":\"\u0413\u043b\u0430\u0432\u043d\u0430\u044f \u0441\u0442\u0440\u0430\u043d\u0438\u0446\u0430\",\"item\":\"https:\/\/idakorea.ee\/\"},{\"@type\":\"ListItem\",\"position\":2,\"name\":\"Shop\",\"item\":\"https:\/\/idakorea.ee\/shop-2\/\"},{\"@type\":\"ListItem\",\"position\":3,\"name\":\"Toitev kreem kuivale nahale Dear, Klairs Maple Energy Infusing Cream, 60ml\"}]},{\"@type\":\"WebSite\",\"@id\":\"https:\/\/idakorea.ee\/#website\",\"url\":\"https:\/\/idakorea.ee\/\",\"name\":\"IDA.KOREA\",\"description\":\"Korea kosmeetika e-pood\",\"publisher\":{\"@id\":\"https:\/\/idakorea.ee\/#organization\"},\"alternateName\":\"Beauty Shop\",\"potentialAction\":[{\"@type\":\"SearchAction\",\"target\":{\"@type\":\"EntryPoint\",\"urlTemplate\":\"https:\/\/idakorea.ee\/?s={search_term_string}\"},\"query-input\":{\"@type\":\"PropertyValueSpecification\",\"valueRequired\":true,\"valueName\":\"search_term_string\"}}],\"inLanguage\":\"fi\"},{\"@type\":\"Organization\",\"@id\":\"https:\/\/idakorea.ee\/#organization\",\"name\":\"IDA.KOREA\",\"url\":\"https:\/\/idakorea.ee\/\",\"logo\":{\"@type\":\"ImageObject\",\"inLanguage\":\"fi\",\"@id\":\"https:\/\/idakorea.ee\/#\/schema\/logo\/image\/\",\"url\":\"https:\/\/idakorea.ee\/wp-content\/uploads\/2024\/05\/cropped-korea3.png\",\"contentUrl\":\"https:\/\/idakorea.ee\/wp-content\/uploads\/2024\/05\/cropped-korea3.png\",\"width\":688,\"height\":126,\"caption\":\"IDA.KOREA\"},\"image\":{\"@id\":\"https:\/\/idakorea.ee\/#\/schema\/logo\/image\/\"},\"sameAs\":[\"https:\/\/www.instagram.com\/ida.korea\/\"]}]}<\/script>\n<!-- \/ Yoast SEO plugin. -->","yoast_head_json":{"title":"Klairs Maple Energy -voide, 60ml - IDA.KOREA","description":"Ravitseva voide kuivalle iholle Rakas, Klairs Maple Energy Infusing Cream pehment\u00e4\u00e4 karheaa ihoa, poistaa kuivuutta ja kuorintaa. Nopea toimitus!","robots":{"index":"index","follow":"follow","max-snippet":"max-snippet:-1","max-image-preview":"max-image-preview:large","max-video-preview":"max-video-preview:-1"},"canonical":"https:\/\/idakorea.ee\/fi\/product\/dear-klairs-maple-energy-infusing-cream-60ml\/","og_locale":"fi_FI","og_type":"article","og_title":"Dear, Klairs Maple Energy Infusing Cream, 60ml - IDA.KOREA","og_description":"Toitev kreem kuivale nahale Dear, Klairs Maple Energy Infusing Cream pehmendab karedat nahka, k\u00f5rvaldab kuivuse ja kestenduse. Kiire tarne!","og_url":"https:\/\/idakorea.ee\/fi\/product\/dear-klairs-maple-energy-infusing-cream-60ml\/","og_site_name":"IDA.KOREA","article_modified_time":"2026-04-13T22:24:07+00:00","og_image":[{"width":1000,"height":1000,"url":"https:\/\/idakorea.ee\/wp-content\/uploads\/2025\/05\/dear-klairs-maple-energy-infusing-cream-idakorea.ee_.jpg","type":"image\/jpeg"}],"twitter_card":"summary_large_image","twitter_misc":{"Arvioitu lukuaika":"2 minuuttia"},"schema":{"@context":"https:\/\/schema.org","@graph":[{"@type":"WebPage","@id":"https:\/\/idakorea.ee\/product\/dear-klairs-maple-energy-infusing-cream-60ml\/","url":"https:\/\/idakorea.ee\/product\/dear-klairs-maple-energy-infusing-cream-60ml\/","name":"Klairs Maple Energy -voide, 60ml - IDA.KOREA","isPartOf":{"@id":"https:\/\/idakorea.ee\/#website"},"primaryImageOfPage":{"@id":"https:\/\/idakorea.ee\/product\/dear-klairs-maple-energy-infusing-cream-60ml\/#primaryimage"},"image":{"@id":"https:\/\/idakorea.ee\/product\/dear-klairs-maple-energy-infusing-cream-60ml\/#primaryimage"},"thumbnailUrl":"https:\/\/idakorea.ee\/wp-content\/uploads\/2025\/05\/dear-klairs-maple-energy-infusing-cream-idakorea.ee_.jpg","datePublished":"2025-05-20T06:31:55+00:00","dateModified":"2026-04-13T22:24:07+00:00","description":"Ravitseva voide kuivalle iholle Rakas, Klairs Maple Energy Infusing Cream pehment\u00e4\u00e4 karheaa ihoa, poistaa kuivuutta ja kuorintaa. Nopea toimitus!","breadcrumb":{"@id":"https:\/\/idakorea.ee\/product\/dear-klairs-maple-energy-infusing-cream-60ml\/#breadcrumb"},"inLanguage":"fi","potentialAction":[{"@type":"ReadAction","target":["https:\/\/idakorea.ee\/product\/dear-klairs-maple-energy-infusing-cream-60ml\/"]}]},{"@type":"ImageObject","inLanguage":"fi","@id":"https:\/\/idakorea.ee\/product\/dear-klairs-maple-energy-infusing-cream-60ml\/#primaryimage","url":"https:\/\/idakorea.ee\/wp-content\/uploads\/2025\/05\/dear-klairs-maple-energy-infusing-cream-idakorea.ee_.jpg","contentUrl":"https:\/\/idakorea.ee\/wp-content\/uploads\/2025\/05\/dear-klairs-maple-energy-infusing-cream-idakorea.ee_.jpg","width":1000,"height":1000},{"@type":"BreadcrumbList","@id":"https:\/\/idakorea.ee\/product\/dear-klairs-maple-energy-infusing-cream-60ml\/#breadcrumb","itemListElement":[{"@type":"ListItem","position":1,"name":"\u0413\u043b\u0430\u0432\u043d\u0430\u044f \u0441\u0442\u0440\u0430\u043d\u0438\u0446\u0430","item":"https:\/\/idakorea.ee\/"},{"@type":"ListItem","position":2,"name":"Shop","item":"https:\/\/idakorea.ee\/shop-2\/"},{"@type":"ListItem","position":3,"name":"Toitev kreem kuivale nahale Dear, Klairs Maple Energy Infusing Cream, 60ml"}]},{"@type":"WebSite","@id":"https:\/\/idakorea.ee\/#website","url":"https:\/\/idakorea.ee\/","name":"IDA.KOREA","description":"Korean kosmetiikan verkkokauppa","publisher":{"@id":"https:\/\/idakorea.ee\/#organization"},"alternateName":"Beauty Shop","potentialAction":[{"@type":"SearchAction","target":{"@type":"EntryPoint","urlTemplate":"https:\/\/idakorea.ee\/?s={search_term_string}"},"query-input":{"@type":"PropertyValueSpecification","valueRequired":true,"valueName":"search_term_string"}}],"inLanguage":"fi"},{"@type":"Organization","@id":"https:\/\/idakorea.ee\/#organization","name":"IDA.KOREA","url":"https:\/\/idakorea.ee\/","logo":{"@type":"ImageObject","inLanguage":"fi","@id":"https:\/\/idakorea.ee\/#\/schema\/logo\/image\/","url":"https:\/\/idakorea.ee\/wp-content\/uploads\/2024\/05\/cropped-korea3.png","contentUrl":"https:\/\/idakorea.ee\/wp-content\/uploads\/2024\/05\/cropped-korea3.png","width":688,"height":126,"caption":"IDA.KOREA"},"image":{"@id":"https:\/\/idakorea.ee\/#\/schema\/logo\/image\/"},"sameAs":["https:\/\/www.instagram.com\/ida.korea\/"]}]}},"jetpack_sharing_enabled":true,"brands":[{"id":891,"name":"DEAR, KLAIRS","slug":"dear"}],"_links":{"self":[{"href":"https:\/\/idakorea.ee\/fi\/wp-json\/wp\/v2\/product\/14167","targetHints":{"allow":["GET"]}}],"collection":[{"href":"https:\/\/idakorea.ee\/fi\/wp-json\/wp\/v2\/product"}],"about":[{"href":"https:\/\/idakorea.ee\/fi\/wp-json\/wp\/v2\/types\/product"}],"replies":[{"embeddable":true,"href":"https:\/\/idakorea.ee\/fi\/wp-json\/wp\/v2\/comments?post=14167"}],"version-history":[{"count":1,"href":"https:\/\/idakorea.ee\/fi\/wp-json\/wp\/v2\/product\/14167\/revisions"}],"predecessor-version":[{"id":14172,"href":"https:\/\/idakorea.ee\/fi\/wp-json\/wp\/v2\/product\/14167\/revisions\/14172"}],"wp:featuredmedia":[{"embeddable":true,"href":"https:\/\/idakorea.ee\/fi\/wp-json\/wp\/v2\/media\/14168"}],"wp:attachment":[{"href":"https:\/\/idakorea.ee\/fi\/wp-json\/wp\/v2\/media?parent=14167"}],"wp:term":[{"taxonomy":"pwb-brand","embeddable":true,"href":"https:\/\/idakorea.ee\/fi\/wp-json\/wp\/v2\/pwb-brand?post=14167"},{"taxonomy":"product_brand","embeddable":true,"href":"https:\/\/idakorea.ee\/fi\/wp-json\/wp\/v2\/product_brand?post=14167"},{"taxonomy":"product_cat","embeddable":true,"href":"https:\/\/idakorea.ee\/fi\/wp-json\/wp\/v2\/product_cat?post=14167"},{"taxonomy":"product_tag","embeddable":true,"href":"https:\/\/idakorea.ee\/fi\/wp-json\/wp\/v2\/product_tag?post=14167"}],"curies":[{"name":"wp","href":"https:\/\/api.w.org\/{rel}","templated":true}]}}