{"id":14173,"date":"2025-05-22T19:28:58","date_gmt":"2025-05-22T17:28:58","guid":{"rendered":"https:\/\/idakorea.ee\/?post_type=product&#038;p=14173"},"modified":"2026-04-03T14:31:53","modified_gmt":"2026-04-03T12:31:53","slug":"medi-peel-hyal-kombucha-tea-tox-cream","status":"publish","type":"product","link":"https:\/\/idakorea.ee\/fi\/product\/medi-peel-hyal-kombucha-tea-tox-cream\/","title":{"rendered":"Kaksoiskerma MediPeel Hyal Kombucha Tea-Tox -voide, 50ml"},"content":{"rendered":"<p><strong>Medi-Peel Hyal Kombucha Tea-Tox -voide<\/strong> Palauttaa, kosteuttaa ja ravitsee ihoa, v\u00e4hent\u00e4\u00e4 ryppyjen n\u00e4kymist\u00e4 ja tekee ihosta kimmoisan ja vahvan. Taistelee kuivuutta ja hilseily\u00e4 vastaan, poistaa samean ihon ja tekee ihosta sile\u00e4n ja s\u00e4teilev\u00e4n.<\/p>\n<p>Tuote vahvistaa ihon luonnollista suojakerrosta, parantaa paikallista vastustuskyky\u00e4 ja nopeuttaa mikrovaurioiden paranemista.<\/p>\n<p>Kaksivaiheisen koostumuksen ansiosta voit s\u00e4\u00e4t\u00e4\u00e4 voiteen tiheytt\u00e4: rasvaiselle ja sekaiholle voit lis\u00e4t\u00e4 enemm\u00e4n geeli\u00e4, kuivemmalle iholle kermaisempaa osaa.<\/p>\n<p>Tuote ei ole vesipohjainen, vaan sis\u00e4lt\u00e4\u00e4 Isossa-Britanniassa tuotettua 50%-kombuchaa, jota on fermentoitu 336 tuntia 29 \u00b0C:ssa. Kombucha on rikastettu polyfenoleilla, vitamiineilla, aminohapoilla ja mineraaleilla, jotka tarjoavat vahvan antioksidanttisuojan, kiinteytt\u00e4v\u00e4t ihoa ja hidastavat ik\u00e4\u00e4ntymist\u00e4.<\/p>\n<p>Viisi erilaista keramidia auttavat tasoittamaan ihon rakennetta ja vahvistamaan hydrolipidikalvoa. Keramidit muistuttavat ihon luonnollisia lipidej\u00e4, mink\u00e4 ansiosta ne sulautuvat ihosuojaan, palauttavat kosteustasapainon ja v\u00e4hent\u00e4v\u00e4t kuivuutta ja hilseily\u00e4.<\/p>\n<p>Voiteessa keramidit toimivat my\u00f6s liposomeina, jotka auttavat vaikuttavien aineiden \u2013 kombuchan ja hyaluronihapon \u2013 kulkeutumisessa ihon syvempiin kerroksiin, mik\u00e4 tekee tuotteesta tehokkaamman ja nopeammin vaikuttavan.<\/p>\n<p>Tuotteella on kansainv\u00e4linen vegaanisertifikaatti V-Label\u00ae.<\/p>\n<p><strong>Lis\u00e4komponentit:<\/strong><\/p>\n<ul>\n<li><strong>6 erilaista hyaluronihappoa<\/strong> \u2013 eri molekyylipainoilla kosteuttavat sek\u00e4 ihon pintaa ett\u00e4 syvempi\u00e4 kerroksia, pehment\u00e4v\u00e4t ja luovat kosteutta sitovan suojakerroksen.<\/li>\n<li><strong>MadeWhite\u2122<\/strong> \u2013 Centella asiatica -johdannaisten ja pentyleeniglykolin yhdistelm\u00e4, joka hillitsee tulehdusta ja v\u00e4hent\u00e4\u00e4 aknen j\u00e4lkeisi\u00e4 arpia.<\/li>\n<li><strong>Niasiiniamidi (B3-vitamiini)<\/strong> \u2013 kirkastaa pigmentti\u00e4, tasapainottaa talin erityst\u00e4, v\u00e4hent\u00e4\u00e4 T-alueen kiiltoa ja vahvistaa ihon puolustuskyky\u00e4.<\/li>\n<li><strong>Redsnow<\/strong> \u2013 japanilaisen kamelian uute Jejun saarelta, stimuloi kollageenin tuotantoa, est\u00e4\u00e4 ik\u00e4\u00e4ntymisprosesseja ja oksidatiivista stressi\u00e4.<\/li>\n<li><strong>Syanokobalamiini (B12-vitamiini)<\/strong> \u2013 kosteuttaa, rauhoittaa, v\u00e4hent\u00e4\u00e4 tulehdusta, vahvistaa kapillaareja ja tukee aknen hoitoa.<\/li>\n<li><strong>Eosidin\u2122<\/strong> \u2013 unshiu-mandariinista johdettu, parantaa ihon vastustuskyky\u00e4 ja v\u00e4hent\u00e4\u00e4 herkkyytt\u00e4.<\/li>\n<li><strong>Pantenoli (B5-vitamiini)<\/strong> \u2013 lievitt\u00e4\u00e4 punoitusta ja kutinaa, vahvistaa ihon suojakerrosta ja est\u00e4\u00e4 kosteuden haihtumista.<\/li>\n<li><strong>Beetaglukaani<\/strong> \u2013 palauttaa ihoa, sill\u00e4 on tulehdusta ja ik\u00e4\u00e4ntymist\u00e4 ehk\u00e4isevi\u00e4 vaikutuksia, kosteuttaa tehokkaasti ja suojaa vapailta radikaaleilta.<\/li>\n<\/ul>\n<p>&nbsp;<\/p>\n<p>Sopii kaikille ihotyypeille.<\/p>\n<p><strong>K\u00e4ytt\u00f6:<\/strong> Ota lastalla sopiva m\u00e4\u00e4r\u00e4 voidetta ja geeli\u00e4. Levit\u00e4 tuote tasaisesti iholle puhdistuksen, kasvoveden ja seerumin j\u00e4lkeen.<\/p>","protected":false},"excerpt":{"rendered":"<p>Medi-Peel Hyal Kombucha Tea-Tox Cream -voide palauttaa, kosteuttaa ja ravitsee ihoa, v\u00e4hent\u00e4\u00e4 ryppyj\u00e4 ja tekee ihosta joustavan ja kiinte\u00e4n. Torjuu kuivuutta ja kuoriutumista, poistaa samean ihon ja j\u00e4tt\u00e4\u00e4 ihon sile\u00e4ksi ja s\u00e4teilev\u00e4ksi. Tuote vahvistaa ihon luonnollista suojaverkkoa, parantaa paikallista vastustuskyky\u00e4 ja nopeuttaa mikrovaurioiden paranemista. Kaksivaiheinen koostumus mahdollistaa voiteen tiheyden s\u00e4\u00e4t\u00e4misen: rasvaiselle ja sekaiholle...<\/p>","protected":false},"featured_media":14174,"comment_status":"open","ping_status":"closed","template":"","meta":{"_uf_show_specific_survey":0,"_uf_disable_surveys":false,"_bst_post_transparent":"default","_bst_post_title":"","_bst_post_layout":"default","_bst_post_sidebar_id":"","_bst_post_content_style":"default","_bst_post_vertical_padding":"default","_bst_post_feature":"","_bst_post_feature_position":"","_bst_post_header":false,"_bst_post_footer":false},"pwb-brand":[107],"product_brand":[],"product_cat":[92,96],"product_tag":[834,568,381],"class_list":{"0":"post-14173","1":"product","2":"type-product","3":"status-publish","4":"has-post-thumbnail","6":"pwb-brand-medipeel","7":"product_cat-nagu","8":"product_cat-naokreemid","9":"product_tag-kombucha","10":"product_tag-korea","11":"product_tag-medipeel","13":"first","14":"instock","15":"sale","16":"shipping-taxable","17":"purchasable","18":"product-type-simple","19":"entry","20":"content-bg","21":"loop-entry"},"supplier_id":null,"supplier_sku":"","barcode":null,"atum_controlled":true,"out_stock_date":null,"out_stock_threshold":null,"inheritable":false,"inbound_stock":0,"stock_on_hold":0,"sold_today":0,"sales_last_days":0,"out_stock_days":0,"lost_sales":0,"has_location":false,"update_date":"2026-04-14T00:05:09","atum_locations":[],"atum_stock_status":"instock","restock_status":false,"low_stock_amount":"","sales_update_date":"2026-04-14T00:05:09","calc_backorders":null,"yoast_head":"<!-- This site is optimized with the Yoast SEO plugin v27.2 - https:\/\/yoast.com\/product\/yoast-seo-wordpress\/ -->\n<title>MediPeel Hyal Kombucha Tea-Tox Cream, 50ml - IDA.KOREA<\/title>\n<meta name=\"description\" content=\"Topeltkreem Medi-Peel Hyal Kombucha Tea-Tox Cream taastab, niisutab ja toidab nahka, v\u00e4hendab kortsude n\u00e4htavust ning muudab naha elastseks ja tugevaks.\" \/>\n<meta name=\"robots\" content=\"index, follow, max-snippet:-1, max-image-preview:large, max-video-preview:-1\" \/>\n<link rel=\"canonical\" href=\"https:\/\/idakorea.ee\/fi\/product\/medi-peel-hyal-kombucha-tea-tox-cream\/\" \/>\n<meta property=\"og:locale\" content=\"fi_FI\" \/>\n<meta property=\"og:type\" content=\"article\" \/>\n<meta property=\"og:title\" content=\"MediPeel Hyal Kombucha Tea-Tox Cream, 50ml - IDA.KOREA\" \/>\n<meta property=\"og:description\" content=\"Topeltkreem Medi-Peel Hyal Kombucha Tea-Tox Cream taastab, niisutab ja toidab nahka, v\u00e4hendab kortsude n\u00e4htavust ning muudab naha elastseks ja tugevaks.\" \/>\n<meta property=\"og:url\" content=\"https:\/\/idakorea.ee\/fi\/product\/medi-peel-hyal-kombucha-tea-tox-cream\/\" \/>\n<meta property=\"og:site_name\" content=\"IDA.KOREA\" \/>\n<meta property=\"article:modified_time\" content=\"2026-04-03T12:31:53+00:00\" \/>\n<meta property=\"og:image\" content=\"https:\/\/idakorea.ee\/wp-content\/uploads\/2025\/05\/medi-peelhyalkombuchatea-toxcream-idakorea.ee_.webp\" \/>\n\t<meta property=\"og:image:width\" content=\"1000\" \/>\n\t<meta property=\"og:image:height\" content=\"1000\" \/>\n\t<meta property=\"og:image:type\" content=\"image\/webp\" \/>\n<meta name=\"twitter:card\" content=\"summary_large_image\" \/>\n<meta name=\"twitter:label1\" content=\"Arvioitu lukuaika\" \/>\n\t<meta name=\"twitter:data1\" content=\"2 minuuttia\" \/>\n<script type=\"application\/ld+json\" class=\"yoast-schema-graph\">{\"@context\":\"https:\/\/schema.org\",\"@graph\":[{\"@type\":\"WebPage\",\"@id\":\"https:\/\/idakorea.ee\/product\/medi-peel-hyal-kombucha-tea-tox-cream\/\",\"url\":\"https:\/\/idakorea.ee\/product\/medi-peel-hyal-kombucha-tea-tox-cream\/\",\"name\":\"MediPeel Hyal Kombucha Tea-Tox Cream, 50ml - IDA.KOREA\",\"isPartOf\":{\"@id\":\"https:\/\/idakorea.ee\/#website\"},\"primaryImageOfPage\":{\"@id\":\"https:\/\/idakorea.ee\/product\/medi-peel-hyal-kombucha-tea-tox-cream\/#primaryimage\"},\"image\":{\"@id\":\"https:\/\/idakorea.ee\/product\/medi-peel-hyal-kombucha-tea-tox-cream\/#primaryimage\"},\"thumbnailUrl\":\"https:\/\/idakorea.ee\/wp-content\/uploads\/2025\/05\/medi-peelhyalkombuchatea-toxcream-idakorea.ee_.webp\",\"datePublished\":\"2025-05-22T17:28:58+00:00\",\"dateModified\":\"2026-04-03T12:31:53+00:00\",\"description\":\"Topeltkreem Medi-Peel Hyal Kombucha Tea-Tox Cream taastab, niisutab ja toidab nahka, v\u00e4hendab kortsude n\u00e4htavust ning muudab naha elastseks ja tugevaks.\",\"breadcrumb\":{\"@id\":\"https:\/\/idakorea.ee\/product\/medi-peel-hyal-kombucha-tea-tox-cream\/#breadcrumb\"},\"inLanguage\":\"fi\",\"potentialAction\":[{\"@type\":\"ReadAction\",\"target\":[\"https:\/\/idakorea.ee\/product\/medi-peel-hyal-kombucha-tea-tox-cream\/\"]}]},{\"@type\":\"ImageObject\",\"inLanguage\":\"fi\",\"@id\":\"https:\/\/idakorea.ee\/product\/medi-peel-hyal-kombucha-tea-tox-cream\/#primaryimage\",\"url\":\"https:\/\/idakorea.ee\/wp-content\/uploads\/2025\/05\/medi-peelhyalkombuchatea-toxcream-idakorea.ee_.webp\",\"contentUrl\":\"https:\/\/idakorea.ee\/wp-content\/uploads\/2025\/05\/medi-peelhyalkombuchatea-toxcream-idakorea.ee_.webp\",\"width\":1000,\"height\":1000},{\"@type\":\"BreadcrumbList\",\"@id\":\"https:\/\/idakorea.ee\/product\/medi-peel-hyal-kombucha-tea-tox-cream\/#breadcrumb\",\"itemListElement\":[{\"@type\":\"ListItem\",\"position\":1,\"name\":\"\u0413\u043b\u0430\u0432\u043d\u0430\u044f \u0441\u0442\u0440\u0430\u043d\u0438\u0446\u0430\",\"item\":\"https:\/\/idakorea.ee\/\"},{\"@type\":\"ListItem\",\"position\":2,\"name\":\"Shop\",\"item\":\"https:\/\/idakorea.ee\/shop-2\/\"},{\"@type\":\"ListItem\",\"position\":3,\"name\":\"Topeltkreem MediPeel Hyal Kombucha Tea-Tox Cream, 50ml\"}]},{\"@type\":\"WebSite\",\"@id\":\"https:\/\/idakorea.ee\/#website\",\"url\":\"https:\/\/idakorea.ee\/\",\"name\":\"IDA.KOREA\",\"description\":\"Korea kosmeetika e-pood\",\"publisher\":{\"@id\":\"https:\/\/idakorea.ee\/#organization\"},\"alternateName\":\"Beauty Shop\",\"potentialAction\":[{\"@type\":\"SearchAction\",\"target\":{\"@type\":\"EntryPoint\",\"urlTemplate\":\"https:\/\/idakorea.ee\/?s={search_term_string}\"},\"query-input\":{\"@type\":\"PropertyValueSpecification\",\"valueRequired\":true,\"valueName\":\"search_term_string\"}}],\"inLanguage\":\"fi\"},{\"@type\":\"Organization\",\"@id\":\"https:\/\/idakorea.ee\/#organization\",\"name\":\"IDA.KOREA\",\"url\":\"https:\/\/idakorea.ee\/\",\"logo\":{\"@type\":\"ImageObject\",\"inLanguage\":\"fi\",\"@id\":\"https:\/\/idakorea.ee\/#\/schema\/logo\/image\/\",\"url\":\"https:\/\/idakorea.ee\/wp-content\/uploads\/2024\/05\/cropped-korea3.png\",\"contentUrl\":\"https:\/\/idakorea.ee\/wp-content\/uploads\/2024\/05\/cropped-korea3.png\",\"width\":688,\"height\":126,\"caption\":\"IDA.KOREA\"},\"image\":{\"@id\":\"https:\/\/idakorea.ee\/#\/schema\/logo\/image\/\"},\"sameAs\":[\"https:\/\/www.instagram.com\/ida.korea\/\"]}]}<\/script>\n<!-- \/ Yoast SEO plugin. -->","yoast_head_json":{"title":"MediPeel Hyal Kombucha Tea-Tox -voide, 50ml - IDA.KOREA","description":"Medi-Peel Hyal Kombucha Tea-Tox Cream -kaksoisvoide palauttaa, kosteuttaa ja ravitsee ihoa, v\u00e4hent\u00e4\u00e4 ryppyjen n\u00e4kymist\u00e4 ja tekee ihosta kimmoisan ja vahvan.","robots":{"index":"index","follow":"follow","max-snippet":"max-snippet:-1","max-image-preview":"max-image-preview:large","max-video-preview":"max-video-preview:-1"},"canonical":"https:\/\/idakorea.ee\/fi\/product\/medi-peel-hyal-kombucha-tea-tox-cream\/","og_locale":"fi_FI","og_type":"article","og_title":"MediPeel Hyal Kombucha Tea-Tox Cream, 50ml - IDA.KOREA","og_description":"Topeltkreem Medi-Peel Hyal Kombucha Tea-Tox Cream taastab, niisutab ja toidab nahka, v\u00e4hendab kortsude n\u00e4htavust ning muudab naha elastseks ja tugevaks.","og_url":"https:\/\/idakorea.ee\/fi\/product\/medi-peel-hyal-kombucha-tea-tox-cream\/","og_site_name":"IDA.KOREA","article_modified_time":"2026-04-03T12:31:53+00:00","og_image":[{"width":1000,"height":1000,"url":"https:\/\/idakorea.ee\/wp-content\/uploads\/2025\/05\/medi-peelhyalkombuchatea-toxcream-idakorea.ee_.webp","type":"image\/webp"}],"twitter_card":"summary_large_image","twitter_misc":{"Arvioitu lukuaika":"2 minuuttia"},"schema":{"@context":"https:\/\/schema.org","@graph":[{"@type":"WebPage","@id":"https:\/\/idakorea.ee\/product\/medi-peel-hyal-kombucha-tea-tox-cream\/","url":"https:\/\/idakorea.ee\/product\/medi-peel-hyal-kombucha-tea-tox-cream\/","name":"MediPeel Hyal Kombucha Tea-Tox -voide, 50ml - IDA.KOREA","isPartOf":{"@id":"https:\/\/idakorea.ee\/#website"},"primaryImageOfPage":{"@id":"https:\/\/idakorea.ee\/product\/medi-peel-hyal-kombucha-tea-tox-cream\/#primaryimage"},"image":{"@id":"https:\/\/idakorea.ee\/product\/medi-peel-hyal-kombucha-tea-tox-cream\/#primaryimage"},"thumbnailUrl":"https:\/\/idakorea.ee\/wp-content\/uploads\/2025\/05\/medi-peelhyalkombuchatea-toxcream-idakorea.ee_.webp","datePublished":"2025-05-22T17:28:58+00:00","dateModified":"2026-04-03T12:31:53+00:00","description":"Medi-Peel Hyal Kombucha Tea-Tox Cream -kaksoisvoide palauttaa, kosteuttaa ja ravitsee ihoa, v\u00e4hent\u00e4\u00e4 ryppyjen n\u00e4kymist\u00e4 ja tekee ihosta kimmoisan ja vahvan.","breadcrumb":{"@id":"https:\/\/idakorea.ee\/product\/medi-peel-hyal-kombucha-tea-tox-cream\/#breadcrumb"},"inLanguage":"fi","potentialAction":[{"@type":"ReadAction","target":["https:\/\/idakorea.ee\/product\/medi-peel-hyal-kombucha-tea-tox-cream\/"]}]},{"@type":"ImageObject","inLanguage":"fi","@id":"https:\/\/idakorea.ee\/product\/medi-peel-hyal-kombucha-tea-tox-cream\/#primaryimage","url":"https:\/\/idakorea.ee\/wp-content\/uploads\/2025\/05\/medi-peelhyalkombuchatea-toxcream-idakorea.ee_.webp","contentUrl":"https:\/\/idakorea.ee\/wp-content\/uploads\/2025\/05\/medi-peelhyalkombuchatea-toxcream-idakorea.ee_.webp","width":1000,"height":1000},{"@type":"BreadcrumbList","@id":"https:\/\/idakorea.ee\/product\/medi-peel-hyal-kombucha-tea-tox-cream\/#breadcrumb","itemListElement":[{"@type":"ListItem","position":1,"name":"\u0413\u043b\u0430\u0432\u043d\u0430\u044f \u0441\u0442\u0440\u0430\u043d\u0438\u0446\u0430","item":"https:\/\/idakorea.ee\/"},{"@type":"ListItem","position":2,"name":"Shop","item":"https:\/\/idakorea.ee\/shop-2\/"},{"@type":"ListItem","position":3,"name":"Topeltkreem MediPeel Hyal Kombucha Tea-Tox Cream, 50ml"}]},{"@type":"WebSite","@id":"https:\/\/idakorea.ee\/#website","url":"https:\/\/idakorea.ee\/","name":"IDA.KOREA","description":"Korean kosmetiikan verkkokauppa","publisher":{"@id":"https:\/\/idakorea.ee\/#organization"},"alternateName":"Beauty Shop","potentialAction":[{"@type":"SearchAction","target":{"@type":"EntryPoint","urlTemplate":"https:\/\/idakorea.ee\/?s={search_term_string}"},"query-input":{"@type":"PropertyValueSpecification","valueRequired":true,"valueName":"search_term_string"}}],"inLanguage":"fi"},{"@type":"Organization","@id":"https:\/\/idakorea.ee\/#organization","name":"IDA.KOREA","url":"https:\/\/idakorea.ee\/","logo":{"@type":"ImageObject","inLanguage":"fi","@id":"https:\/\/idakorea.ee\/#\/schema\/logo\/image\/","url":"https:\/\/idakorea.ee\/wp-content\/uploads\/2024\/05\/cropped-korea3.png","contentUrl":"https:\/\/idakorea.ee\/wp-content\/uploads\/2024\/05\/cropped-korea3.png","width":688,"height":126,"caption":"IDA.KOREA"},"image":{"@id":"https:\/\/idakorea.ee\/#\/schema\/logo\/image\/"},"sameAs":["https:\/\/www.instagram.com\/ida.korea\/"]}]}},"jetpack_sharing_enabled":true,"brands":[{"id":107,"name":"MEDIPEEL+","slug":"medipeel"}],"_links":{"self":[{"href":"https:\/\/idakorea.ee\/fi\/wp-json\/wp\/v2\/product\/14173","targetHints":{"allow":["GET"]}}],"collection":[{"href":"https:\/\/idakorea.ee\/fi\/wp-json\/wp\/v2\/product"}],"about":[{"href":"https:\/\/idakorea.ee\/fi\/wp-json\/wp\/v2\/types\/product"}],"replies":[{"embeddable":true,"href":"https:\/\/idakorea.ee\/fi\/wp-json\/wp\/v2\/comments?post=14173"}],"version-history":[{"count":2,"href":"https:\/\/idakorea.ee\/fi\/wp-json\/wp\/v2\/product\/14173\/revisions"}],"predecessor-version":[{"id":14194,"href":"https:\/\/idakorea.ee\/fi\/wp-json\/wp\/v2\/product\/14173\/revisions\/14194"}],"wp:featuredmedia":[{"embeddable":true,"href":"https:\/\/idakorea.ee\/fi\/wp-json\/wp\/v2\/media\/14174"}],"wp:attachment":[{"href":"https:\/\/idakorea.ee\/fi\/wp-json\/wp\/v2\/media?parent=14173"}],"wp:term":[{"taxonomy":"pwb-brand","embeddable":true,"href":"https:\/\/idakorea.ee\/fi\/wp-json\/wp\/v2\/pwb-brand?post=14173"},{"taxonomy":"product_brand","embeddable":true,"href":"https:\/\/idakorea.ee\/fi\/wp-json\/wp\/v2\/product_brand?post=14173"},{"taxonomy":"product_cat","embeddable":true,"href":"https:\/\/idakorea.ee\/fi\/wp-json\/wp\/v2\/product_cat?post=14173"},{"taxonomy":"product_tag","embeddable":true,"href":"https:\/\/idakorea.ee\/fi\/wp-json\/wp\/v2\/product_tag?post=14173"}],"curies":[{"name":"wp","href":"https:\/\/api.w.org\/{rel}","templated":true}]}}