{"id":14182,"date":"2025-05-20T12:30:14","date_gmt":"2025-05-20T10:30:14","guid":{"rendered":"https:\/\/idakorea.ee\/?post_type=product&#038;p=14182"},"modified":"2026-04-08T11:38:56","modified_gmt":"2026-04-08T09:38:56","slug":"beauty-of-joseon-centella-asiatica-calming-mask","status":"publish","type":"product","link":"https:\/\/idakorea.ee\/fi\/product\/beauty-of-joseon-centella-asiatica-calming-mask\/","title":{"rendered":"Rauhoittava kangasnaamio Beauty of Joseon Centella Asiatica rauhoittava naamio"},"content":{"rendered":"<p><strong>Joseon Centella Asiatica Calming Mask -kasvonaamion kauneus<\/strong> rauhoittaa ja kosteuttaa ihoa, lievitt\u00e4\u00e4 \u00e4rsytyst\u00e4 ja punoitusta, auttaa paranemisprosessia ja tarjoaa mukavuutta ja hoitoa herk\u00e4lle iholle. Palauttaa kosteustasapainon ja ehk\u00e4isee kuivumista.<\/p>\n<p>Tihe\u00e4 kangas istuu tiiviisti kasvojen \u00e4\u00e4riviivoihin, antaa ihon hengitt\u00e4\u00e4 ja kuljettaa aktiiviset ainesosat syv\u00e4lle epidermikseen.<\/p>\n<p><strong>Sis\u00e4lt\u00e4\u00e4 15% acacia acephala -uutetta.<\/strong>, joka vahvistaa kapillaarien sein\u00e4mi\u00e4, ehk\u00e4isee couperoosin muodostumista ja on ihanteellinen herk\u00e4lle ja punoittavalle iholle. Aasialainen vesililja rauhoittaa tulehdusta, v\u00e4hent\u00e4\u00e4 kutinaa ja punoitusta sek\u00e4 parantaa ihon kimmoisuutta ja uudistumista.<\/p>\n<p><strong>Muita vaikuttavia aineita:<\/strong><\/p>\n<ul>\n<li><strong>Vihre\u00e4n teen uute<\/strong> s\u00e4vytt\u00e4\u00e4, suojaa soluja hapettumisstressilt\u00e4, v\u00e4hent\u00e4\u00e4 turvotusta ja tasapainottaa \u00f6ljyntuotantoa.<\/li>\n<li><strong>Ginseng-uute<\/strong> sis\u00e4lt\u00e4\u00e4 saponiineja, joilla on voimakas uudistava ja ik\u00e4\u00e4ntymist\u00e4 ehk\u00e4isev\u00e4 vaikutus - ne tasoittavat ik\u00e4\u00e4ntymist\u00e4 ja ik\u00e4\u00e4ntymiseen liittyvi\u00e4 ryppyj\u00e4 ja vahvistavat ihon suojaavia toimintoja.<\/li>\n<li><strong>Goji-marjauute<\/strong> on antioksidantti, kosteuttava ja tulehdusta ehk\u00e4isev\u00e4, auttaa hidastamaan ihon ik\u00e4\u00e4ntymist\u00e4 ja vahvistamaan suojarakennetta.<\/li>\n<li><strong>Pantenoli (B5-vitamiini)<\/strong> nopeuttaa ihon paranemista, rauhoittaa ja v\u00e4hent\u00e4\u00e4 \u00e4rsytyst\u00e4, palauttaa ihon suojaavan suojakerroksen.<\/li>\n<li><strong>Niasiiniamidi (B3-vitamiini)<\/strong> Stimuloi kollageenin tuotantoa, parantaa ihon puolustuskyky\u00e4, v\u00e4hent\u00e4\u00e4 pigmenttil\u00e4iski\u00e4, supistaa huokosia ja kosteuttaa.<\/li>\n<li><strong>Irlanninsammaluute (karrageeni)<\/strong> on voimakas antioksidantti, joka suojaa ihosoluja vapailta radikaaleilta ja tukee ihon nuorekkuutta.<\/li>\n<li><strong>3 erilaista hyaluronihappoa<\/strong> kosteuttavat syv\u00e4kosteutta, auttavat s\u00e4ilytt\u00e4m\u00e4\u00e4n kosteutta, tasoittavat rakennetta ja v\u00e4hent\u00e4v\u00e4t kuivuutta ja kiristyst\u00e4.<\/li>\n<\/ul>\n<p>&nbsp;<\/p>\n<p>Sopii normaalille, sekaiholle, kuivalle ja herk\u00e4lle iholle.<\/p>\n<p><strong>K\u00e4ytt\u00f6:<\/strong> Kun kasvot on puhdistettu ja s\u00e4vytetty, levit\u00e4 naamio kasvoille 15-20 minuutiksi. Poista sitten naamio ja painele j\u00e4ljell\u00e4 oleva ydinaines varovasti ihoon.<\/p>","protected":false},"excerpt":{"rendered":"<p>Beauty of Joseon Centella Asiatica Calming Mask rauhoittaa ja kosteuttaa ihoa, lievitt\u00e4\u00e4 \u00e4rsytyst\u00e4 ja punoitusta, auttaa paranemisprosessissa ja tarjoaa mukavuutta ja hoitoa herk\u00e4lle iholle. Palauttaa kosteustasapainon ja ehk\u00e4isee kuivumista. Kire\u00e4sti kudottu kangas istuu tiiviisti kasvojen \u00e4\u00e4riviivoihin antaen ihon hengitt\u00e4\u00e4 ja siirt\u00e4\u00e4 aktiiviset ainesosat syv\u00e4lle epidermikseen. Sis\u00e4lt\u00e4\u00e4 15% Aasian vesiuutetta, joka vahvistaa kapillaarien sein\u00e4mi\u00e4, pit\u00e4\u00e4...<\/p>","protected":false},"featured_media":14183,"comment_status":"open","ping_status":"closed","template":"","meta":{"_uf_show_specific_survey":0,"_uf_disable_surveys":false,"_bst_post_transparent":"default","_bst_post_title":"","_bst_post_layout":"default","_bst_post_sidebar_id":"","_bst_post_content_style":"default","_bst_post_vertical_padding":"default","_bst_post_feature":"","_bst_post_feature_position":"","_bst_post_header":false,"_bst_post_footer":false},"pwb-brand":[880],"product_brand":[],"product_cat":[92,98],"product_tag":[546,568,614],"class_list":{"0":"post-14182","1":"product","2":"type-product","3":"status-publish","4":"has-post-thumbnail","6":"pwb-brand-beauty-of-joseon","7":"product_cat-nagu","8":"product_cat-naomaskid","9":"product_tag-centella","10":"product_tag-korea","11":"product_tag-mask","13":"first","14":"instock","15":"sale","16":"shipping-taxable","17":"purchasable","18":"product-type-simple","19":"entry","20":"content-bg","21":"loop-entry"},"supplier_id":null,"supplier_sku":"","barcode":null,"atum_controlled":true,"out_stock_date":null,"out_stock_threshold":null,"inheritable":false,"inbound_stock":0,"stock_on_hold":0,"sold_today":0,"sales_last_days":2,"out_stock_days":0,"lost_sales":0,"has_location":false,"update_date":"2026-04-14T00:05:04","atum_locations":[],"atum_stock_status":"instock","restock_status":false,"low_stock_amount":"","sales_update_date":"2026-04-14T00:05:04","calc_backorders":null,"yoast_head":"<!-- This site is optimized with the Yoast SEO plugin v27.2 - https:\/\/yoast.com\/product\/yoast-seo-wordpress\/ -->\n<title>Beauty of Joseon Centella Asiatica Calming Mask - IDA.KOREA<\/title>\n<meta name=\"description\" content=\"Beauty of Joseon Centella Asiatica Calming Mask rahustab ja niisutab nahka, leevendab \u00e4rritust ja punetust, aitab paranemisprotsessis. Kiire tarne!\" \/>\n<meta name=\"robots\" content=\"index, follow, max-snippet:-1, max-image-preview:large, max-video-preview:-1\" \/>\n<link rel=\"canonical\" href=\"https:\/\/idakorea.ee\/fi\/product\/beauty-of-joseon-centella-asiatica-calming-mask\/\" \/>\n<meta property=\"og:locale\" content=\"fi_FI\" \/>\n<meta property=\"og:type\" content=\"article\" \/>\n<meta property=\"og:title\" content=\"Beauty of Joseon Centella Asiatica Calming Mask - IDA.KOREA\" \/>\n<meta property=\"og:description\" content=\"Beauty of Joseon Centella Asiatica Calming Mask rahustab ja niisutab nahka, leevendab \u00e4rritust ja punetust, aitab paranemisprotsessis. Kiire tarne!\" \/>\n<meta property=\"og:url\" content=\"https:\/\/idakorea.ee\/fi\/product\/beauty-of-joseon-centella-asiatica-calming-mask\/\" \/>\n<meta property=\"og:site_name\" content=\"IDA.KOREA\" \/>\n<meta property=\"article:modified_time\" content=\"2026-04-08T09:38:56+00:00\" \/>\n<meta property=\"og:image\" content=\"https:\/\/idakorea.ee\/wp-content\/uploads\/2025\/05\/beauty-of-joseon-centella-asiatica-calming-mask-idakorea.ee_.jpg\" \/>\n\t<meta property=\"og:image:width\" content=\"1000\" \/>\n\t<meta property=\"og:image:height\" content=\"1000\" \/>\n\t<meta property=\"og:image:type\" content=\"image\/jpeg\" \/>\n<meta name=\"twitter:card\" content=\"summary_large_image\" \/>\n<meta name=\"twitter:label1\" content=\"Arvioitu lukuaika\" \/>\n\t<meta name=\"twitter:data1\" content=\"2 minuuttia\" \/>\n<script type=\"application\/ld+json\" class=\"yoast-schema-graph\">{\"@context\":\"https:\/\/schema.org\",\"@graph\":[{\"@type\":\"WebPage\",\"@id\":\"https:\/\/idakorea.ee\/product\/beauty-of-joseon-centella-asiatica-calming-mask\/\",\"url\":\"https:\/\/idakorea.ee\/product\/beauty-of-joseon-centella-asiatica-calming-mask\/\",\"name\":\"Beauty of Joseon Centella Asiatica Calming Mask - IDA.KOREA\",\"isPartOf\":{\"@id\":\"https:\/\/idakorea.ee\/#website\"},\"primaryImageOfPage\":{\"@id\":\"https:\/\/idakorea.ee\/product\/beauty-of-joseon-centella-asiatica-calming-mask\/#primaryimage\"},\"image\":{\"@id\":\"https:\/\/idakorea.ee\/product\/beauty-of-joseon-centella-asiatica-calming-mask\/#primaryimage\"},\"thumbnailUrl\":\"https:\/\/idakorea.ee\/wp-content\/uploads\/2025\/05\/beauty-of-joseon-centella-asiatica-calming-mask-idakorea.ee_.jpg\",\"datePublished\":\"2025-05-20T10:30:14+00:00\",\"dateModified\":\"2026-04-08T09:38:56+00:00\",\"description\":\"Beauty of Joseon Centella Asiatica Calming Mask rahustab ja niisutab nahka, leevendab \u00e4rritust ja punetust, aitab paranemisprotsessis. Kiire tarne!\",\"breadcrumb\":{\"@id\":\"https:\/\/idakorea.ee\/product\/beauty-of-joseon-centella-asiatica-calming-mask\/#breadcrumb\"},\"inLanguage\":\"fi\",\"potentialAction\":[{\"@type\":\"ReadAction\",\"target\":[\"https:\/\/idakorea.ee\/product\/beauty-of-joseon-centella-asiatica-calming-mask\/\"]}]},{\"@type\":\"ImageObject\",\"inLanguage\":\"fi\",\"@id\":\"https:\/\/idakorea.ee\/product\/beauty-of-joseon-centella-asiatica-calming-mask\/#primaryimage\",\"url\":\"https:\/\/idakorea.ee\/wp-content\/uploads\/2025\/05\/beauty-of-joseon-centella-asiatica-calming-mask-idakorea.ee_.jpg\",\"contentUrl\":\"https:\/\/idakorea.ee\/wp-content\/uploads\/2025\/05\/beauty-of-joseon-centella-asiatica-calming-mask-idakorea.ee_.jpg\",\"width\":1000,\"height\":1000},{\"@type\":\"BreadcrumbList\",\"@id\":\"https:\/\/idakorea.ee\/product\/beauty-of-joseon-centella-asiatica-calming-mask\/#breadcrumb\",\"itemListElement\":[{\"@type\":\"ListItem\",\"position\":1,\"name\":\"\u0413\u043b\u0430\u0432\u043d\u0430\u044f \u0441\u0442\u0440\u0430\u043d\u0438\u0446\u0430\",\"item\":\"https:\/\/idakorea.ee\/\"},{\"@type\":\"ListItem\",\"position\":2,\"name\":\"Shop\",\"item\":\"https:\/\/idakorea.ee\/shop-2\/\"},{\"@type\":\"ListItem\",\"position\":3,\"name\":\"Rahustav kangasmask Beauty of Joseon Centella Asiatica Calming Mask\"}]},{\"@type\":\"WebSite\",\"@id\":\"https:\/\/idakorea.ee\/#website\",\"url\":\"https:\/\/idakorea.ee\/\",\"name\":\"IDA.KOREA\",\"description\":\"Korea kosmeetika e-pood\",\"publisher\":{\"@id\":\"https:\/\/idakorea.ee\/#organization\"},\"alternateName\":\"Beauty Shop\",\"potentialAction\":[{\"@type\":\"SearchAction\",\"target\":{\"@type\":\"EntryPoint\",\"urlTemplate\":\"https:\/\/idakorea.ee\/?s={search_term_string}\"},\"query-input\":{\"@type\":\"PropertyValueSpecification\",\"valueRequired\":true,\"valueName\":\"search_term_string\"}}],\"inLanguage\":\"fi\"},{\"@type\":\"Organization\",\"@id\":\"https:\/\/idakorea.ee\/#organization\",\"name\":\"IDA.KOREA\",\"url\":\"https:\/\/idakorea.ee\/\",\"logo\":{\"@type\":\"ImageObject\",\"inLanguage\":\"fi\",\"@id\":\"https:\/\/idakorea.ee\/#\/schema\/logo\/image\/\",\"url\":\"https:\/\/idakorea.ee\/wp-content\/uploads\/2024\/05\/cropped-korea3.png\",\"contentUrl\":\"https:\/\/idakorea.ee\/wp-content\/uploads\/2024\/05\/cropped-korea3.png\",\"width\":688,\"height\":126,\"caption\":\"IDA.KOREA\"},\"image\":{\"@id\":\"https:\/\/idakorea.ee\/#\/schema\/logo\/image\/\"},\"sameAs\":[\"https:\/\/www.instagram.com\/ida.korea\/\"]}]}<\/script>\n<!-- \/ Yoast SEO plugin. -->","yoast_head_json":{"title":"Beauty of Joseon Centella Asiatica -rauhoittava naamio - IDA.KOREA","description":"Beauty of Joseon Centella Asiatica Calming Mask rauhoittaa ja kosteuttaa ihoa, lievitt\u00e4\u00e4 \u00e4rsytyst\u00e4 ja punoitusta, auttaa paranemisprosessissa. Nopea toimitus!","robots":{"index":"index","follow":"follow","max-snippet":"max-snippet:-1","max-image-preview":"max-image-preview:large","max-video-preview":"max-video-preview:-1"},"canonical":"https:\/\/idakorea.ee\/fi\/product\/beauty-of-joseon-centella-asiatica-calming-mask\/","og_locale":"fi_FI","og_type":"article","og_title":"Beauty of Joseon Centella Asiatica Calming Mask - IDA.KOREA","og_description":"Beauty of Joseon Centella Asiatica Calming Mask rahustab ja niisutab nahka, leevendab \u00e4rritust ja punetust, aitab paranemisprotsessis. Kiire tarne!","og_url":"https:\/\/idakorea.ee\/fi\/product\/beauty-of-joseon-centella-asiatica-calming-mask\/","og_site_name":"IDA.KOREA","article_modified_time":"2026-04-08T09:38:56+00:00","og_image":[{"width":1000,"height":1000,"url":"https:\/\/idakorea.ee\/wp-content\/uploads\/2025\/05\/beauty-of-joseon-centella-asiatica-calming-mask-idakorea.ee_.jpg","type":"image\/jpeg"}],"twitter_card":"summary_large_image","twitter_misc":{"Arvioitu lukuaika":"2 minuuttia"},"schema":{"@context":"https:\/\/schema.org","@graph":[{"@type":"WebPage","@id":"https:\/\/idakorea.ee\/product\/beauty-of-joseon-centella-asiatica-calming-mask\/","url":"https:\/\/idakorea.ee\/product\/beauty-of-joseon-centella-asiatica-calming-mask\/","name":"Beauty of Joseon Centella Asiatica -rauhoittava naamio - IDA.KOREA","isPartOf":{"@id":"https:\/\/idakorea.ee\/#website"},"primaryImageOfPage":{"@id":"https:\/\/idakorea.ee\/product\/beauty-of-joseon-centella-asiatica-calming-mask\/#primaryimage"},"image":{"@id":"https:\/\/idakorea.ee\/product\/beauty-of-joseon-centella-asiatica-calming-mask\/#primaryimage"},"thumbnailUrl":"https:\/\/idakorea.ee\/wp-content\/uploads\/2025\/05\/beauty-of-joseon-centella-asiatica-calming-mask-idakorea.ee_.jpg","datePublished":"2025-05-20T10:30:14+00:00","dateModified":"2026-04-08T09:38:56+00:00","description":"Beauty of Joseon Centella Asiatica Calming Mask rauhoittaa ja kosteuttaa ihoa, lievitt\u00e4\u00e4 \u00e4rsytyst\u00e4 ja punoitusta, auttaa paranemisprosessissa. Nopea toimitus!","breadcrumb":{"@id":"https:\/\/idakorea.ee\/product\/beauty-of-joseon-centella-asiatica-calming-mask\/#breadcrumb"},"inLanguage":"fi","potentialAction":[{"@type":"ReadAction","target":["https:\/\/idakorea.ee\/product\/beauty-of-joseon-centella-asiatica-calming-mask\/"]}]},{"@type":"ImageObject","inLanguage":"fi","@id":"https:\/\/idakorea.ee\/product\/beauty-of-joseon-centella-asiatica-calming-mask\/#primaryimage","url":"https:\/\/idakorea.ee\/wp-content\/uploads\/2025\/05\/beauty-of-joseon-centella-asiatica-calming-mask-idakorea.ee_.jpg","contentUrl":"https:\/\/idakorea.ee\/wp-content\/uploads\/2025\/05\/beauty-of-joseon-centella-asiatica-calming-mask-idakorea.ee_.jpg","width":1000,"height":1000},{"@type":"BreadcrumbList","@id":"https:\/\/idakorea.ee\/product\/beauty-of-joseon-centella-asiatica-calming-mask\/#breadcrumb","itemListElement":[{"@type":"ListItem","position":1,"name":"\u0413\u043b\u0430\u0432\u043d\u0430\u044f \u0441\u0442\u0440\u0430\u043d\u0438\u0446\u0430","item":"https:\/\/idakorea.ee\/"},{"@type":"ListItem","position":2,"name":"Shop","item":"https:\/\/idakorea.ee\/shop-2\/"},{"@type":"ListItem","position":3,"name":"Rahustav kangasmask Beauty of Joseon Centella Asiatica Calming Mask"}]},{"@type":"WebSite","@id":"https:\/\/idakorea.ee\/#website","url":"https:\/\/idakorea.ee\/","name":"IDA.KOREA","description":"Korean kosmetiikan verkkokauppa","publisher":{"@id":"https:\/\/idakorea.ee\/#organization"},"alternateName":"Beauty Shop","potentialAction":[{"@type":"SearchAction","target":{"@type":"EntryPoint","urlTemplate":"https:\/\/idakorea.ee\/?s={search_term_string}"},"query-input":{"@type":"PropertyValueSpecification","valueRequired":true,"valueName":"search_term_string"}}],"inLanguage":"fi"},{"@type":"Organization","@id":"https:\/\/idakorea.ee\/#organization","name":"IDA.KOREA","url":"https:\/\/idakorea.ee\/","logo":{"@type":"ImageObject","inLanguage":"fi","@id":"https:\/\/idakorea.ee\/#\/schema\/logo\/image\/","url":"https:\/\/idakorea.ee\/wp-content\/uploads\/2024\/05\/cropped-korea3.png","contentUrl":"https:\/\/idakorea.ee\/wp-content\/uploads\/2024\/05\/cropped-korea3.png","width":688,"height":126,"caption":"IDA.KOREA"},"image":{"@id":"https:\/\/idakorea.ee\/#\/schema\/logo\/image\/"},"sameAs":["https:\/\/www.instagram.com\/ida.korea\/"]}]}},"jetpack_sharing_enabled":true,"brands":[{"id":880,"name":"JOSEONIN KAUNEUS","slug":"beauty-of-joseon"}],"_links":{"self":[{"href":"https:\/\/idakorea.ee\/fi\/wp-json\/wp\/v2\/product\/14182","targetHints":{"allow":["GET"]}}],"collection":[{"href":"https:\/\/idakorea.ee\/fi\/wp-json\/wp\/v2\/product"}],"about":[{"href":"https:\/\/idakorea.ee\/fi\/wp-json\/wp\/v2\/types\/product"}],"replies":[{"embeddable":true,"href":"https:\/\/idakorea.ee\/fi\/wp-json\/wp\/v2\/comments?post=14182"}],"version-history":[{"count":1,"href":"https:\/\/idakorea.ee\/fi\/wp-json\/wp\/v2\/product\/14182\/revisions"}],"predecessor-version":[{"id":14186,"href":"https:\/\/idakorea.ee\/fi\/wp-json\/wp\/v2\/product\/14182\/revisions\/14186"}],"wp:featuredmedia":[{"embeddable":true,"href":"https:\/\/idakorea.ee\/fi\/wp-json\/wp\/v2\/media\/14183"}],"wp:attachment":[{"href":"https:\/\/idakorea.ee\/fi\/wp-json\/wp\/v2\/media?parent=14182"}],"wp:term":[{"taxonomy":"pwb-brand","embeddable":true,"href":"https:\/\/idakorea.ee\/fi\/wp-json\/wp\/v2\/pwb-brand?post=14182"},{"taxonomy":"product_brand","embeddable":true,"href":"https:\/\/idakorea.ee\/fi\/wp-json\/wp\/v2\/product_brand?post=14182"},{"taxonomy":"product_cat","embeddable":true,"href":"https:\/\/idakorea.ee\/fi\/wp-json\/wp\/v2\/product_cat?post=14182"},{"taxonomy":"product_tag","embeddable":true,"href":"https:\/\/idakorea.ee\/fi\/wp-json\/wp\/v2\/product_tag?post=14182"}],"curies":[{"name":"wp","href":"https:\/\/api.w.org\/{rel}","templated":true}]}}