{"id":14187,"date":"2025-05-20T14:17:54","date_gmt":"2025-05-20T12:17:54","guid":{"rendered":"https:\/\/idakorea.ee\/?post_type=product&#038;p=14187"},"modified":"2026-01-30T10:05:27","modified_gmt":"2026-01-30T08:05:27","slug":"medipeel-glutathione-hyal-aqua-trial-kit","status":"publish","type":"product","link":"https:\/\/idakorea.ee\/fi\/product\/medipeel-glutathione-hyal-aqua-trial-kit\/","title":{"rendered":"Kosteuttava minipakkaus MEDIPEEL Glutathione Hyal Aqua -kokeilupakkaus"},"content":{"rendered":"<p><strong>MEDIPEEL Glutationi Hyal Aqua -kokeilupakkaus<\/strong> on ihanteellinen valinta sarjan ensimm\u00e4iseen tutustumiseen \u2013 kaikilla tuotteilla on kevyt koostumus ja ne sopivat kaikille ihotyypeille. Setti auttaa palauttamaan kosteustasapainon, ravitsee ja antaa iholle terveen s\u00e4vyn. V\u00e4hent\u00e4\u00e4 sameutta, kuivuutta ja hilseily\u00e4. Peptidikompleksilla on ik\u00e4\u00e4ntymist\u00e4 ehk\u00e4isev\u00e4 vaikutus ja se hidastaa ihon ik\u00e4\u00e4ntymisprosesseja.<\/p>\n<p>Setti sopii t\u00e4ydellisesti matkalle, kuntosalikassiin tai jokap\u00e4iv\u00e4iseen k\u00e4ytt\u00f6\u00f6n \u2013 kaikki tuotteet ovat kompakteja ja mahtuvat pienelle pinnalle. Sarja tasoittaa ihon s\u00e4vy\u00e4 hell\u00e4varaisesti, auttaa hyperpigmentaatioon ja est\u00e4\u00e4 melaniinin tuotantoa. Silottaa kuivuudesta johtuvia ryppyj\u00e4 ja parantaa ihon s\u00e4vy\u00e4.<\/p>\n<p><strong>Pakkaus sis\u00e4lt\u00e4\u00e4:<\/strong><\/p>\n<ul>\n<li><strong>Glutathione Hyal Aqua vaahtoava geelipuhdistusaine (15 ml)<\/strong> \u2013 sopii kuivalle ja kosteusk\u00f6yh\u00e4lle iholle. Poistaa hell\u00e4varaisesti lian, ylim\u00e4\u00e4r\u00e4isen rasvan ja meikkij\u00e4\u00e4m\u00e4t vahingoittamatta ihon suojakerrosta. Hieman hapan koostumus puhdistaa perusteellisesti kuivattamatta, j\u00e4tt\u00e4en ihon raikkaaksi ja kosteutetuksi.<\/li>\n<li><strong>Glutationi Hyal Aqua -ampulli (4 ml)<\/strong> \u2013 kosteuttaa tehokkaasti, rauhoittaa ja antaa iholle s\u00e4teilev\u00e4n s\u00e4vyn. Auttaa v\u00e4hent\u00e4m\u00e4\u00e4n pigmenttimuutoksia ja ehk\u00e4isee uusien finnien muodostumista, vahvistaa ihon sileytt\u00e4 ja kimmoisuutta.<\/li>\n<li><strong>Glutationi Hyal Aqua -voide (15 g)<\/strong> \u2013 poistaa sameutta ja kuivuutta, silottaa ihoa ja ehk\u00e4isee ryppyjen muodostumista. Tasoittaa ihon s\u00e4vy\u00e4, hidastaa ik\u00e4\u00e4ntymist\u00e4, vahvistaa ihon puolustuskyky\u00e4 ja s\u00e4ilytt\u00e4\u00e4 kosteuden pitk\u00e4\u00e4n.<\/li>\n<li><strong>Glutationi Hyal Aqua -aurinkoseerumi SPF50+ PA++++ (4 ml)<\/strong> \u2013 aurinkosuoja, joka perustuu nykyaikaisiin kemiallisiin suodattimiin, jotka suojaavat UV-s\u00e4teilt\u00e4, est\u00e4v\u00e4t melaniinisynteesi\u00e4 ja ehk\u00e4isev\u00e4t kollageenin ja elastiinin hajoamista. Kosteuttaa ja yll\u00e4pit\u00e4\u00e4 ihon kosteustasoja koko p\u00e4iv\u00e4n.<\/li>\n<\/ul>\n<p><strong>T\u00e4rkeimm\u00e4t vaikuttavat aineet:<\/strong><\/p>\n<ul>\n<li><strong>Glutationi<\/strong> \u2013 luonnollinen tripeptidi, joka vahvistaa ihon kimmoisuutta, suojaa oksidatiiviselta stressilt\u00e4 ja auttaa ehk\u00e4isem\u00e4\u00e4n ik\u00e4l\u00e4iski\u00e4.<\/li>\n<li><strong>B-vitamiinit (B2, B3, B6, B12)<\/strong> \u2013 vahvistaa ihon puolustuskyky\u00e4, tasapainottaa talin erityst\u00e4 ja tukee tasaista ihoa.<\/li>\n<li><strong>5 peptidi\u00e4 (mukaan lukien kuparipeptidi, argireliini, palmitoyylipentapeptidi-4, palmitoyylitetrapeptidi-7 ja palmitoyylitripeptidi-1)<\/strong> \u2013 silottaa ryppyj\u00e4, parantaa kimmoisuutta, stimuloi kollageenin tuotantoa ja ihon uusiutumista. Argireliini rentouttaa kasvolihaksia ja ehk\u00e4isee miimisten ryppyjen muodostumista.<\/li>\n<li><strong>7 erilaista hyaluronihappoa<\/strong> \u2013 eri molekyylipainoilla, varmistaen syv\u00e4n ja pinnallisen kosteutuksen, v\u00e4hent\u00e4en kuivuutta ja kirist\u00e4v\u00e4\u00e4 tunnetta ihossa.<\/li>\n<li><strong>Sininen vesilukko\u2122<\/strong> \u2013 intensiivisesti kosteuttava kompleksi, joka sis\u00e4lt\u00e4\u00e4 mineraalivett\u00e4, aminohappoja, hyaluronihappoja, ektoiinia ja akvaporiineja. Tukee ihon luonnollista suojakerrosta ja tasoittaa sen rakennetta.<\/li>\n<li><strong>BL-t\u00e4ytt\u00f6<\/strong> \u2013 kasviyhdiste (merilev\u00e4\u00e4, mustap\u00e4\u00e4uutetta ja merilev\u00e4\u00e4), joka ravitsee, kosteuttaa ja suojaa oksidatiiviselta stressilt\u00e4.<\/li>\n<\/ul>\n<p>&nbsp;<\/p>\n<p>Sopii kaikille ihotyypeille.<\/p>\n<p><strong>K\u00e4ytt\u00f6:<\/strong><br \/>\nPuhdista kasvosi geelim\u00e4isell\u00e4 puhdistusaineella, levit\u00e4 ampulli kasvoillesi hierovin liikkein ja viimeistele hoitovoiteella. Muista k\u00e4ytt\u00e4\u00e4 aurinkovoidetta p\u00e4iv\u00e4ll\u00e4.<\/p>","protected":false},"excerpt":{"rendered":"<p>MEDIPEEL Glutathione Hyal Aqua Trial Kit on t\u00e4ydellinen ensimm\u00e4inen tutustuminen sarjaan - kaikki tuotteet ovat kevyit\u00e4 ja sopivat kaikille ihotyypeille. Pakkaus auttaa palauttamaan kosteustasapainon, ravitsee ja antaa iholle terveen ihon. V\u00e4hent\u00e4\u00e4 sameutta, kuivuutta ja hilseily\u00e4. Peptidikompleksi toimii anti-ageing-vaikutteisesti ja hidastaa ihon ik\u00e4\u00e4ntymisprosessia. Ihanteellinen matkalle, urheilulaukkuun tai jokap\u00e4iv\u00e4iseen k\u00e4ytt\u00f6\u00f6n - pakkaus on...<\/p>","protected":false},"featured_media":14188,"comment_status":"open","ping_status":"closed","template":"","meta":{"_uf_show_specific_survey":0,"_uf_disable_surveys":false,"_bst_post_transparent":"default","_bst_post_title":"","_bst_post_layout":"default","_bst_post_sidebar_id":"","_bst_post_content_style":"default","_bst_post_vertical_padding":"default","_bst_post_feature":"","_bst_post_feature_position":"","_bst_post_header":false,"_bst_post_footer":false},"pwb-brand":[107],"product_brand":[],"product_cat":[95],"product_tag":[568,381],"class_list":{"0":"post-14187","1":"product","2":"type-product","3":"status-publish","4":"has-post-thumbnail","6":"pwb-brand-medipeel","7":"product_cat-komplektid","8":"product_tag-korea","9":"product_tag-medipeel","11":"first","12":"outofstock","13":"sale","14":"shipping-taxable","15":"purchasable","16":"product-type-simple","17":"entry","18":"content-bg","19":"loop-entry"},"supplier_id":null,"supplier_sku":"","barcode":null,"atum_controlled":true,"out_stock_date":"2025-08-18 12:56:26","out_stock_threshold":null,"inheritable":false,"inbound_stock":0,"stock_on_hold":0,"sold_today":0,"sales_last_days":0,"out_stock_days":238,"lost_sales":0,"has_location":false,"update_date":"2026-04-14T00:05:04","atum_locations":[],"atum_stock_status":"outofstock","restock_status":false,"low_stock_amount":"","sales_update_date":"2026-04-14T00:05:04","calc_backorders":null,"yoast_head":"<!-- This site is optimized with the Yoast SEO plugin v27.2 - https:\/\/yoast.com\/product\/yoast-seo-wordpress\/ -->\n<title>Niisutav minikomplekt MEDIPEEL Glutathione Hyal Aqua Trial Kit - IDA.KOREA<\/title>\n<meta name=\"description\" content=\"MEDIPEEL Glutathione Hyal Aqua Trial Kit on ideaalne valik esimeseks tutvumiseks sarjaga \u2013 k\u00f5ik tooted on kerge tekstuuriga ning sobivad igat t\u00fc\u00fcpi nahale.\" \/>\n<meta name=\"robots\" content=\"index, follow, max-snippet:-1, max-image-preview:large, max-video-preview:-1\" \/>\n<link rel=\"canonical\" href=\"https:\/\/idakorea.ee\/fi\/product\/medipeel-glutathione-hyal-aqua-trial-kit\/\" \/>\n<meta property=\"og:locale\" content=\"fi_FI\" \/>\n<meta property=\"og:type\" content=\"article\" \/>\n<meta property=\"og:title\" content=\"Niisutav minikomplekt MEDIPEEL Glutathione Hyal Aqua Trial Kit - IDA.KOREA\" \/>\n<meta property=\"og:description\" content=\"MEDIPEEL Glutathione Hyal Aqua Trial Kit on ideaalne valik esimeseks tutvumiseks sarjaga \u2013 k\u00f5ik tooted on kerge tekstuuriga ning sobivad igat t\u00fc\u00fcpi nahale.\" \/>\n<meta property=\"og:url\" content=\"https:\/\/idakorea.ee\/fi\/product\/medipeel-glutathione-hyal-aqua-trial-kit\/\" \/>\n<meta property=\"og:site_name\" content=\"IDA.KOREA\" \/>\n<meta property=\"article:modified_time\" content=\"2026-01-30T08:05:27+00:00\" \/>\n<meta property=\"og:image\" content=\"https:\/\/idakorea.ee\/wp-content\/uploads\/2025\/05\/medipeel-glutathione-hyal-aqua-trial-kit-idakorea.jpg\" \/>\n\t<meta property=\"og:image:width\" content=\"1000\" \/>\n\t<meta property=\"og:image:height\" content=\"1000\" \/>\n\t<meta property=\"og:image:type\" content=\"image\/jpeg\" \/>\n<meta name=\"twitter:card\" content=\"summary_large_image\" \/>\n<meta name=\"twitter:label1\" content=\"Arvioitu lukuaika\" \/>\n\t<meta name=\"twitter:data1\" content=\"3 minuuttia\" \/>\n<script type=\"application\/ld+json\" class=\"yoast-schema-graph\">{\"@context\":\"https:\/\/schema.org\",\"@graph\":[{\"@type\":\"WebPage\",\"@id\":\"https:\/\/idakorea.ee\/product\/medipeel-glutathione-hyal-aqua-trial-kit\/\",\"url\":\"https:\/\/idakorea.ee\/product\/medipeel-glutathione-hyal-aqua-trial-kit\/\",\"name\":\"Niisutav minikomplekt MEDIPEEL Glutathione Hyal Aqua Trial Kit - IDA.KOREA\",\"isPartOf\":{\"@id\":\"https:\/\/idakorea.ee\/#website\"},\"primaryImageOfPage\":{\"@id\":\"https:\/\/idakorea.ee\/product\/medipeel-glutathione-hyal-aqua-trial-kit\/#primaryimage\"},\"image\":{\"@id\":\"https:\/\/idakorea.ee\/product\/medipeel-glutathione-hyal-aqua-trial-kit\/#primaryimage\"},\"thumbnailUrl\":\"https:\/\/idakorea.ee\/wp-content\/uploads\/2025\/05\/medipeel-glutathione-hyal-aqua-trial-kit-idakorea.jpg\",\"datePublished\":\"2025-05-20T12:17:54+00:00\",\"dateModified\":\"2026-01-30T08:05:27+00:00\",\"description\":\"MEDIPEEL Glutathione Hyal Aqua Trial Kit on ideaalne valik esimeseks tutvumiseks sarjaga \u2013 k\u00f5ik tooted on kerge tekstuuriga ning sobivad igat t\u00fc\u00fcpi nahale.\",\"breadcrumb\":{\"@id\":\"https:\/\/idakorea.ee\/product\/medipeel-glutathione-hyal-aqua-trial-kit\/#breadcrumb\"},\"inLanguage\":\"fi\",\"potentialAction\":[{\"@type\":\"ReadAction\",\"target\":[\"https:\/\/idakorea.ee\/product\/medipeel-glutathione-hyal-aqua-trial-kit\/\"]}]},{\"@type\":\"ImageObject\",\"inLanguage\":\"fi\",\"@id\":\"https:\/\/idakorea.ee\/product\/medipeel-glutathione-hyal-aqua-trial-kit\/#primaryimage\",\"url\":\"https:\/\/idakorea.ee\/wp-content\/uploads\/2025\/05\/medipeel-glutathione-hyal-aqua-trial-kit-idakorea.jpg\",\"contentUrl\":\"https:\/\/idakorea.ee\/wp-content\/uploads\/2025\/05\/medipeel-glutathione-hyal-aqua-trial-kit-idakorea.jpg\",\"width\":1000,\"height\":1000},{\"@type\":\"BreadcrumbList\",\"@id\":\"https:\/\/idakorea.ee\/product\/medipeel-glutathione-hyal-aqua-trial-kit\/#breadcrumb\",\"itemListElement\":[{\"@type\":\"ListItem\",\"position\":1,\"name\":\"\u0413\u043b\u0430\u0432\u043d\u0430\u044f \u0441\u0442\u0440\u0430\u043d\u0438\u0446\u0430\",\"item\":\"https:\/\/idakorea.ee\/\"},{\"@type\":\"ListItem\",\"position\":2,\"name\":\"Shop\",\"item\":\"https:\/\/idakorea.ee\/shop-2\/\"},{\"@type\":\"ListItem\",\"position\":3,\"name\":\"Niisutav minikomplekt MEDIPEEL Glutathione Hyal Aqua Trial Kit\"}]},{\"@type\":\"WebSite\",\"@id\":\"https:\/\/idakorea.ee\/#website\",\"url\":\"https:\/\/idakorea.ee\/\",\"name\":\"IDA.KOREA\",\"description\":\"Korea kosmeetika e-pood\",\"publisher\":{\"@id\":\"https:\/\/idakorea.ee\/#organization\"},\"alternateName\":\"Beauty Shop\",\"potentialAction\":[{\"@type\":\"SearchAction\",\"target\":{\"@type\":\"EntryPoint\",\"urlTemplate\":\"https:\/\/idakorea.ee\/?s={search_term_string}\"},\"query-input\":{\"@type\":\"PropertyValueSpecification\",\"valueRequired\":true,\"valueName\":\"search_term_string\"}}],\"inLanguage\":\"fi\"},{\"@type\":\"Organization\",\"@id\":\"https:\/\/idakorea.ee\/#organization\",\"name\":\"IDA.KOREA\",\"url\":\"https:\/\/idakorea.ee\/\",\"logo\":{\"@type\":\"ImageObject\",\"inLanguage\":\"fi\",\"@id\":\"https:\/\/idakorea.ee\/#\/schema\/logo\/image\/\",\"url\":\"https:\/\/idakorea.ee\/wp-content\/uploads\/2024\/05\/cropped-korea3.png\",\"contentUrl\":\"https:\/\/idakorea.ee\/wp-content\/uploads\/2024\/05\/cropped-korea3.png\",\"width\":688,\"height\":126,\"caption\":\"IDA.KOREA\"},\"image\":{\"@id\":\"https:\/\/idakorea.ee\/#\/schema\/logo\/image\/\"},\"sameAs\":[\"https:\/\/www.instagram.com\/ida.korea\/\"]}]}<\/script>\n<!-- \/ Yoast SEO plugin. -->","yoast_head_json":{"title":"Kosteuttava minipakkaus MEDIPEEL Glutathione Hyal Aqua -kokeilupakkaus - IT\u00c4-KOREA","description":"MEDIPEEL Glutathione Hyal Aqua -kokeilupakkaus on t\u00e4ydellinen valinta sarjan ensimm\u00e4iseen kokeilukertaan \u2013 kaikki tuotteet ovat kevyen koostumukseltaan ja sopivat kaikille ihotyypeille.","robots":{"index":"index","follow":"follow","max-snippet":"max-snippet:-1","max-image-preview":"max-image-preview:large","max-video-preview":"max-video-preview:-1"},"canonical":"https:\/\/idakorea.ee\/fi\/product\/medipeel-glutathione-hyal-aqua-trial-kit\/","og_locale":"fi_FI","og_type":"article","og_title":"Niisutav minikomplekt MEDIPEEL Glutathione Hyal Aqua Trial Kit - IDA.KOREA","og_description":"MEDIPEEL Glutathione Hyal Aqua Trial Kit on ideaalne valik esimeseks tutvumiseks sarjaga \u2013 k\u00f5ik tooted on kerge tekstuuriga ning sobivad igat t\u00fc\u00fcpi nahale.","og_url":"https:\/\/idakorea.ee\/fi\/product\/medipeel-glutathione-hyal-aqua-trial-kit\/","og_site_name":"IDA.KOREA","article_modified_time":"2026-01-30T08:05:27+00:00","og_image":[{"width":1000,"height":1000,"url":"https:\/\/idakorea.ee\/wp-content\/uploads\/2025\/05\/medipeel-glutathione-hyal-aqua-trial-kit-idakorea.jpg","type":"image\/jpeg"}],"twitter_card":"summary_large_image","twitter_misc":{"Arvioitu lukuaika":"3 minuuttia"},"schema":{"@context":"https:\/\/schema.org","@graph":[{"@type":"WebPage","@id":"https:\/\/idakorea.ee\/product\/medipeel-glutathione-hyal-aqua-trial-kit\/","url":"https:\/\/idakorea.ee\/product\/medipeel-glutathione-hyal-aqua-trial-kit\/","name":"Kosteuttava minipakkaus MEDIPEEL Glutathione Hyal Aqua -kokeilupakkaus - IT\u00c4-KOREA","isPartOf":{"@id":"https:\/\/idakorea.ee\/#website"},"primaryImageOfPage":{"@id":"https:\/\/idakorea.ee\/product\/medipeel-glutathione-hyal-aqua-trial-kit\/#primaryimage"},"image":{"@id":"https:\/\/idakorea.ee\/product\/medipeel-glutathione-hyal-aqua-trial-kit\/#primaryimage"},"thumbnailUrl":"https:\/\/idakorea.ee\/wp-content\/uploads\/2025\/05\/medipeel-glutathione-hyal-aqua-trial-kit-idakorea.jpg","datePublished":"2025-05-20T12:17:54+00:00","dateModified":"2026-01-30T08:05:27+00:00","description":"MEDIPEEL Glutathione Hyal Aqua -kokeilupakkaus on t\u00e4ydellinen valinta sarjan ensimm\u00e4iseen kokeilukertaan \u2013 kaikki tuotteet ovat kevyen koostumukseltaan ja sopivat kaikille ihotyypeille.","breadcrumb":{"@id":"https:\/\/idakorea.ee\/product\/medipeel-glutathione-hyal-aqua-trial-kit\/#breadcrumb"},"inLanguage":"fi","potentialAction":[{"@type":"ReadAction","target":["https:\/\/idakorea.ee\/product\/medipeel-glutathione-hyal-aqua-trial-kit\/"]}]},{"@type":"ImageObject","inLanguage":"fi","@id":"https:\/\/idakorea.ee\/product\/medipeel-glutathione-hyal-aqua-trial-kit\/#primaryimage","url":"https:\/\/idakorea.ee\/wp-content\/uploads\/2025\/05\/medipeel-glutathione-hyal-aqua-trial-kit-idakorea.jpg","contentUrl":"https:\/\/idakorea.ee\/wp-content\/uploads\/2025\/05\/medipeel-glutathione-hyal-aqua-trial-kit-idakorea.jpg","width":1000,"height":1000},{"@type":"BreadcrumbList","@id":"https:\/\/idakorea.ee\/product\/medipeel-glutathione-hyal-aqua-trial-kit\/#breadcrumb","itemListElement":[{"@type":"ListItem","position":1,"name":"\u0413\u043b\u0430\u0432\u043d\u0430\u044f \u0441\u0442\u0440\u0430\u043d\u0438\u0446\u0430","item":"https:\/\/idakorea.ee\/"},{"@type":"ListItem","position":2,"name":"Shop","item":"https:\/\/idakorea.ee\/shop-2\/"},{"@type":"ListItem","position":3,"name":"Niisutav minikomplekt MEDIPEEL Glutathione Hyal Aqua Trial Kit"}]},{"@type":"WebSite","@id":"https:\/\/idakorea.ee\/#website","url":"https:\/\/idakorea.ee\/","name":"IDA.KOREA","description":"Korean kosmetiikan verkkokauppa","publisher":{"@id":"https:\/\/idakorea.ee\/#organization"},"alternateName":"Beauty Shop","potentialAction":[{"@type":"SearchAction","target":{"@type":"EntryPoint","urlTemplate":"https:\/\/idakorea.ee\/?s={search_term_string}"},"query-input":{"@type":"PropertyValueSpecification","valueRequired":true,"valueName":"search_term_string"}}],"inLanguage":"fi"},{"@type":"Organization","@id":"https:\/\/idakorea.ee\/#organization","name":"IDA.KOREA","url":"https:\/\/idakorea.ee\/","logo":{"@type":"ImageObject","inLanguage":"fi","@id":"https:\/\/idakorea.ee\/#\/schema\/logo\/image\/","url":"https:\/\/idakorea.ee\/wp-content\/uploads\/2024\/05\/cropped-korea3.png","contentUrl":"https:\/\/idakorea.ee\/wp-content\/uploads\/2024\/05\/cropped-korea3.png","width":688,"height":126,"caption":"IDA.KOREA"},"image":{"@id":"https:\/\/idakorea.ee\/#\/schema\/logo\/image\/"},"sameAs":["https:\/\/www.instagram.com\/ida.korea\/"]}]}},"jetpack_sharing_enabled":true,"brands":[{"id":107,"name":"MEDIPEEL+","slug":"medipeel"}],"_links":{"self":[{"href":"https:\/\/idakorea.ee\/fi\/wp-json\/wp\/v2\/product\/14187","targetHints":{"allow":["GET"]}}],"collection":[{"href":"https:\/\/idakorea.ee\/fi\/wp-json\/wp\/v2\/product"}],"about":[{"href":"https:\/\/idakorea.ee\/fi\/wp-json\/wp\/v2\/types\/product"}],"replies":[{"embeddable":true,"href":"https:\/\/idakorea.ee\/fi\/wp-json\/wp\/v2\/comments?post=14187"}],"version-history":[{"count":3,"href":"https:\/\/idakorea.ee\/fi\/wp-json\/wp\/v2\/product\/14187\/revisions"}],"predecessor-version":[{"id":15599,"href":"https:\/\/idakorea.ee\/fi\/wp-json\/wp\/v2\/product\/14187\/revisions\/15599"}],"wp:featuredmedia":[{"embeddable":true,"href":"https:\/\/idakorea.ee\/fi\/wp-json\/wp\/v2\/media\/14188"}],"wp:attachment":[{"href":"https:\/\/idakorea.ee\/fi\/wp-json\/wp\/v2\/media?parent=14187"}],"wp:term":[{"taxonomy":"pwb-brand","embeddable":true,"href":"https:\/\/idakorea.ee\/fi\/wp-json\/wp\/v2\/pwb-brand?post=14187"},{"taxonomy":"product_brand","embeddable":true,"href":"https:\/\/idakorea.ee\/fi\/wp-json\/wp\/v2\/product_brand?post=14187"},{"taxonomy":"product_cat","embeddable":true,"href":"https:\/\/idakorea.ee\/fi\/wp-json\/wp\/v2\/product_cat?post=14187"},{"taxonomy":"product_tag","embeddable":true,"href":"https:\/\/idakorea.ee\/fi\/wp-json\/wp\/v2\/product_tag?post=14187"}],"curies":[{"name":"wp","href":"https:\/\/api.w.org\/{rel}","templated":true}]}}