{"id":14205,"date":"2025-05-23T08:23:50","date_gmt":"2025-05-23T06:23:50","guid":{"rendered":"https:\/\/idakorea.ee\/?post_type=product&#038;p=14205"},"modified":"2026-04-08T13:06:24","modified_gmt":"2026-04-08T11:06:24","slug":"joogivatamiinilisand-il-yang-pharm-premium-vita-c-b2-2g20tk","status":"publish","type":"product","link":"https:\/\/idakorea.ee\/fi\/product\/joogivatamiinilisand-il-yang-pharm-premium-vita-c-b2-2g20tk\/","title":{"rendered":"Elintarvikevitamiinilis\u00e4 IL-YANG PHARM Premium Vita C + B2, 2g*20kpl"},"content":{"rendered":"<p><strong>IL-YANG PHARM Premium-C-vitamiini<\/strong> on korealainen juoma-vitamiinilis\u00e4, joka on rikastettu C- ja B2-vitamiineilla. C-vitamiini on v\u00e4ltt\u00e4m\u00e4t\u00f6n solunsis\u00e4isen kollageenin muodostumiselle sek\u00e4 hampaiden, luiden ja kapillaarien sein\u00e4mien rakenteen vahvistamiselle.<\/p>\n<p>Osallistuu seuraaviin prosesseihin:<\/p>\n<p>redox-reaktiot ja tyrosiinin aineenvaihdunta;<\/p>\n<ul>\n<li>foolihapon muuttuminen folinaatiksi;<\/li>\n<li>hiilihydraattien aineenvaihdunta;<\/li>\n<li>lipidien ja proteiinien synteesi;<\/li>\n<li>raudan aineenvaihdunta;<\/li>\n<li>soluhengitys;<\/li>\n<li>steroidihormonien synteesin aktivointi.<\/li>\n<\/ul>\n<p><strong>B2-vitamiini<\/strong> Riboflaviinilla, kuten muillakin B-vitamiineilla, on t\u00e4rke\u00e4 rooli keskus- ja \u00e4\u00e4reishermoston toiminnassa.<\/p>\n<p>Muita t\u00e4rkeit\u00e4 ominaisuuksia:<\/p>\n<ul>\n<li>hy\u00f6dyllinen vaikutus n\u00e4k\u00f6toimintoihin, silmien akkommodaatioon ja kaihien ehk\u00e4isyyn;<\/li>\n<li>hermosolujen aineenvaihdunnan s\u00e4\u00e4tely ja stressin kielteisten vaikutusten v\u00e4hent\u00e4minen;<\/li>\n<li>rasvan aineenvaihdunnan s\u00e4\u00e4tely ja sapen ulosvirtauksen normalisointi;<\/li>\n<li>B6-vitamiinin (pyridoksiinin) imeytymisen parantaminen;<\/li>\n<li>veren hyytymisprosessin normalisointi ja verihyytymien ehk\u00e4isy;<\/li>\n<li>parantaen ihon ja hiustuppien aineenvaihduntaa, ehk\u00e4isten varhaisten ryppyjen muodostumista.<\/li>\n<\/ul>\n<p>&nbsp;<\/p>\n<p><strong>K\u00e4ytt\u00f6:<\/strong> Ota yksi tikku 1-2 kertaa p\u00e4iv\u00e4ss\u00e4 ja ripottele sis\u00e4lt\u00f6 suoraan suuhun. Voidaan lis\u00e4t\u00e4 my\u00f6s veteen tai huoneenl\u00e4mp\u00f6isiin alkoholittomiin juomiin.<\/p>\n<p>P\u00e4ivitt\u00e4inen annos (2 pussia, 4 g) \u2013 C-vitamiini: 500 mg (500% p\u00e4ivitt\u00e4isest\u00e4 tarpeesta) B2-vitamiini: 1,6 mg (114% p\u00e4ivitt\u00e4isest\u00e4 tarpeesta)<\/p>\n<p><strong>Suositellaan nautittavaksi aterioiden j\u00e4lkeen.<\/strong><\/p>","protected":false},"excerpt":{"rendered":"<p>IL-YANG PHARM Premium Vita C on korealainen juomavitamiinilis\u00e4, joka on rikastettu C- ja B2-vitamiineilla. C-vitamiini on v\u00e4ltt\u00e4m\u00e4t\u00f6n solunsis\u00e4isen kollageenin muodostumiselle sek\u00e4 hampaiden, luiden ja kapillaarien sein\u00e4mien rakenteen vahvistamiselle. Se osallistuu: redox-reaktioihin ja tyrosiiniaineenvaihduntaan; foolihapon muuntamiseen foliiniksi; hiilihydraattiaineenvaihduntaan; rasva- ja proteiinisynteesiin; rautaaineenvaihduntaan; soluhengitykseen; steroidihormonisynteesin aktivointiin. B2-vitamiinilla eli riboflaviinilla on...<\/p>","protected":false},"featured_media":14206,"comment_status":"open","ping_status":"closed","template":"","meta":{"_uf_show_specific_survey":0,"_uf_disable_surveys":false,"_bst_post_transparent":"default","_bst_post_title":"","_bst_post_layout":"default","_bst_post_sidebar_id":"","_bst_post_content_style":"default","_bst_post_vertical_padding":"default","_bst_post_feature":"","_bst_post_feature_position":"","_bst_post_header":false,"_bst_post_footer":false},"pwb-brand":[894],"product_brand":[],"product_cat":[370],"product_tag":[568,633],"class_list":{"0":"post-14205","1":"product","2":"type-product","3":"status-publish","4":"has-post-thumbnail","6":"pwb-brand-il-yang-pharm","7":"product_cat-toidulisandid","8":"product_tag-korea","9":"product_tag-vita-c","11":"first","12":"outofstock","13":"sale","14":"shipping-taxable","15":"purchasable","16":"product-type-simple","17":"entry","18":"content-bg","19":"loop-entry"},"supplier_id":null,"supplier_sku":"","barcode":null,"atum_controlled":true,"out_stock_date":"2026-04-08 13:06:24","out_stock_threshold":null,"inheritable":false,"inbound_stock":0,"stock_on_hold":0,"sold_today":0,"sales_last_days":1,"out_stock_days":5,"lost_sales":3,"has_location":false,"update_date":"2026-04-14T00:05:12","atum_locations":[],"atum_stock_status":"outofstock","restock_status":false,"low_stock_amount":"","sales_update_date":"2026-04-14T00:05:12","calc_backorders":null,"yoast_head":"<!-- This site is optimized with the Yoast SEO plugin v27.2 - https:\/\/yoast.com\/product\/yoast-seo-wordpress\/ -->\n<title>IL-YANG PHARM Premium Vita C<\/title>\n<meta name=\"description\" content=\"IL-YANG PHARM Premium Vita C on Korea joogivitamiinilisand, mis on rikastatud C- ja B2-vitamiinidega. Kiire tarne!\" \/>\n<meta name=\"robots\" content=\"index, follow, max-snippet:-1, max-image-preview:large, max-video-preview:-1\" \/>\n<link rel=\"canonical\" href=\"https:\/\/idakorea.ee\/fi\/product\/joogivatamiinilisand-il-yang-pharm-premium-vita-c-b2-2g20tk\/\" \/>\n<meta property=\"og:locale\" content=\"fi_FI\" \/>\n<meta property=\"og:type\" content=\"article\" \/>\n<meta property=\"og:title\" content=\"IL-YANG PHARM Premium Vita C\" \/>\n<meta property=\"og:description\" content=\"IL-YANG PHARM Premium Vita C on Korea joogivitamiinilisand, mis on rikastatud C- ja B2-vitamiinidega. Kiire tarne!\" \/>\n<meta property=\"og:url\" content=\"https:\/\/idakorea.ee\/fi\/product\/joogivatamiinilisand-il-yang-pharm-premium-vita-c-b2-2g20tk\/\" \/>\n<meta property=\"og:site_name\" content=\"IDA.KOREA\" \/>\n<meta property=\"article:modified_time\" content=\"2026-04-08T11:06:24+00:00\" \/>\n<meta property=\"og:image\" content=\"https:\/\/idakorea.ee\/wp-content\/uploads\/2025\/05\/ilyang-premium-vitac-idakorea.webp\" \/>\n\t<meta property=\"og:image:width\" content=\"789\" \/>\n\t<meta property=\"og:image:height\" content=\"778\" \/>\n\t<meta property=\"og:image:type\" content=\"image\/webp\" \/>\n<meta name=\"twitter:card\" content=\"summary_large_image\" \/>\n<meta name=\"twitter:label1\" content=\"Arvioitu lukuaika\" \/>\n\t<meta name=\"twitter:data1\" content=\"2 minuuttia\" \/>\n<script type=\"application\/ld+json\" class=\"yoast-schema-graph\">{\"@context\":\"https:\/\/schema.org\",\"@graph\":[{\"@type\":\"WebPage\",\"@id\":\"https:\/\/idakorea.ee\/product\/joogivatamiinilisand-il-yang-pharm-premium-vita-c-b2-2g20tk\/\",\"url\":\"https:\/\/idakorea.ee\/product\/joogivatamiinilisand-il-yang-pharm-premium-vita-c-b2-2g20tk\/\",\"name\":\"IL-YANG PHARM Premium Vita C\",\"isPartOf\":{\"@id\":\"https:\/\/idakorea.ee\/#website\"},\"primaryImageOfPage\":{\"@id\":\"https:\/\/idakorea.ee\/product\/joogivatamiinilisand-il-yang-pharm-premium-vita-c-b2-2g20tk\/#primaryimage\"},\"image\":{\"@id\":\"https:\/\/idakorea.ee\/product\/joogivatamiinilisand-il-yang-pharm-premium-vita-c-b2-2g20tk\/#primaryimage\"},\"thumbnailUrl\":\"https:\/\/idakorea.ee\/wp-content\/uploads\/2025\/05\/ilyang-premium-vitac-idakorea.webp\",\"datePublished\":\"2025-05-23T06:23:50+00:00\",\"dateModified\":\"2026-04-08T11:06:24+00:00\",\"description\":\"IL-YANG PHARM Premium Vita C on Korea joogivitamiinilisand, mis on rikastatud C- ja B2-vitamiinidega. Kiire tarne!\",\"breadcrumb\":{\"@id\":\"https:\/\/idakorea.ee\/product\/joogivatamiinilisand-il-yang-pharm-premium-vita-c-b2-2g20tk\/#breadcrumb\"},\"inLanguage\":\"fi\",\"potentialAction\":[{\"@type\":\"ReadAction\",\"target\":[\"https:\/\/idakorea.ee\/product\/joogivatamiinilisand-il-yang-pharm-premium-vita-c-b2-2g20tk\/\"]}]},{\"@type\":\"ImageObject\",\"inLanguage\":\"fi\",\"@id\":\"https:\/\/idakorea.ee\/product\/joogivatamiinilisand-il-yang-pharm-premium-vita-c-b2-2g20tk\/#primaryimage\",\"url\":\"https:\/\/idakorea.ee\/wp-content\/uploads\/2025\/05\/ilyang-premium-vitac-idakorea.webp\",\"contentUrl\":\"https:\/\/idakorea.ee\/wp-content\/uploads\/2025\/05\/ilyang-premium-vitac-idakorea.webp\",\"width\":789,\"height\":778},{\"@type\":\"BreadcrumbList\",\"@id\":\"https:\/\/idakorea.ee\/product\/joogivatamiinilisand-il-yang-pharm-premium-vita-c-b2-2g20tk\/#breadcrumb\",\"itemListElement\":[{\"@type\":\"ListItem\",\"position\":1,\"name\":\"\u0413\u043b\u0430\u0432\u043d\u0430\u044f \u0441\u0442\u0440\u0430\u043d\u0438\u0446\u0430\",\"item\":\"https:\/\/idakorea.ee\/\"},{\"@type\":\"ListItem\",\"position\":2,\"name\":\"Shop\",\"item\":\"https:\/\/idakorea.ee\/shop-2\/\"},{\"@type\":\"ListItem\",\"position\":3,\"name\":\"Joogivitamiinilisand IL-YANG PHARM Premium Vita C + B2, 2g*20tk\"}]},{\"@type\":\"WebSite\",\"@id\":\"https:\/\/idakorea.ee\/#website\",\"url\":\"https:\/\/idakorea.ee\/\",\"name\":\"IDA.KOREA\",\"description\":\"Korea kosmeetika e-pood\",\"publisher\":{\"@id\":\"https:\/\/idakorea.ee\/#organization\"},\"alternateName\":\"Beauty Shop\",\"potentialAction\":[{\"@type\":\"SearchAction\",\"target\":{\"@type\":\"EntryPoint\",\"urlTemplate\":\"https:\/\/idakorea.ee\/?s={search_term_string}\"},\"query-input\":{\"@type\":\"PropertyValueSpecification\",\"valueRequired\":true,\"valueName\":\"search_term_string\"}}],\"inLanguage\":\"fi\"},{\"@type\":\"Organization\",\"@id\":\"https:\/\/idakorea.ee\/#organization\",\"name\":\"IDA.KOREA\",\"url\":\"https:\/\/idakorea.ee\/\",\"logo\":{\"@type\":\"ImageObject\",\"inLanguage\":\"fi\",\"@id\":\"https:\/\/idakorea.ee\/#\/schema\/logo\/image\/\",\"url\":\"https:\/\/idakorea.ee\/wp-content\/uploads\/2024\/05\/cropped-korea3.png\",\"contentUrl\":\"https:\/\/idakorea.ee\/wp-content\/uploads\/2024\/05\/cropped-korea3.png\",\"width\":688,\"height\":126,\"caption\":\"IDA.KOREA\"},\"image\":{\"@id\":\"https:\/\/idakorea.ee\/#\/schema\/logo\/image\/\"},\"sameAs\":[\"https:\/\/www.instagram.com\/ida.korea\/\"]}]}<\/script>\n<!-- \/ Yoast SEO plugin. -->","yoast_head_json":{"title":"IL-YANG PHARM Premium-C-vitamiini","description":"IL-YANG PHARM Premium Vita C on korealainen vitamiinilis\u00e4juoma, joka on rikastettu C- ja B2-vitamiineilla. Nopea toimitus!","robots":{"index":"index","follow":"follow","max-snippet":"max-snippet:-1","max-image-preview":"max-image-preview:large","max-video-preview":"max-video-preview:-1"},"canonical":"https:\/\/idakorea.ee\/fi\/product\/joogivatamiinilisand-il-yang-pharm-premium-vita-c-b2-2g20tk\/","og_locale":"fi_FI","og_type":"article","og_title":"IL-YANG PHARM Premium Vita C","og_description":"IL-YANG PHARM Premium Vita C on Korea joogivitamiinilisand, mis on rikastatud C- ja B2-vitamiinidega. Kiire tarne!","og_url":"https:\/\/idakorea.ee\/fi\/product\/joogivatamiinilisand-il-yang-pharm-premium-vita-c-b2-2g20tk\/","og_site_name":"IDA.KOREA","article_modified_time":"2026-04-08T11:06:24+00:00","og_image":[{"width":789,"height":778,"url":"https:\/\/idakorea.ee\/wp-content\/uploads\/2025\/05\/ilyang-premium-vitac-idakorea.webp","type":"image\/webp"}],"twitter_card":"summary_large_image","twitter_misc":{"Arvioitu lukuaika":"2 minuuttia"},"schema":{"@context":"https:\/\/schema.org","@graph":[{"@type":"WebPage","@id":"https:\/\/idakorea.ee\/product\/joogivatamiinilisand-il-yang-pharm-premium-vita-c-b2-2g20tk\/","url":"https:\/\/idakorea.ee\/product\/joogivatamiinilisand-il-yang-pharm-premium-vita-c-b2-2g20tk\/","name":"IL-YANG PHARM Premium-C-vitamiini","isPartOf":{"@id":"https:\/\/idakorea.ee\/#website"},"primaryImageOfPage":{"@id":"https:\/\/idakorea.ee\/product\/joogivatamiinilisand-il-yang-pharm-premium-vita-c-b2-2g20tk\/#primaryimage"},"image":{"@id":"https:\/\/idakorea.ee\/product\/joogivatamiinilisand-il-yang-pharm-premium-vita-c-b2-2g20tk\/#primaryimage"},"thumbnailUrl":"https:\/\/idakorea.ee\/wp-content\/uploads\/2025\/05\/ilyang-premium-vitac-idakorea.webp","datePublished":"2025-05-23T06:23:50+00:00","dateModified":"2026-04-08T11:06:24+00:00","description":"IL-YANG PHARM Premium Vita C on korealainen vitamiinilis\u00e4juoma, joka on rikastettu C- ja B2-vitamiineilla. Nopea toimitus!","breadcrumb":{"@id":"https:\/\/idakorea.ee\/product\/joogivatamiinilisand-il-yang-pharm-premium-vita-c-b2-2g20tk\/#breadcrumb"},"inLanguage":"fi","potentialAction":[{"@type":"ReadAction","target":["https:\/\/idakorea.ee\/product\/joogivatamiinilisand-il-yang-pharm-premium-vita-c-b2-2g20tk\/"]}]},{"@type":"ImageObject","inLanguage":"fi","@id":"https:\/\/idakorea.ee\/product\/joogivatamiinilisand-il-yang-pharm-premium-vita-c-b2-2g20tk\/#primaryimage","url":"https:\/\/idakorea.ee\/wp-content\/uploads\/2025\/05\/ilyang-premium-vitac-idakorea.webp","contentUrl":"https:\/\/idakorea.ee\/wp-content\/uploads\/2025\/05\/ilyang-premium-vitac-idakorea.webp","width":789,"height":778},{"@type":"BreadcrumbList","@id":"https:\/\/idakorea.ee\/product\/joogivatamiinilisand-il-yang-pharm-premium-vita-c-b2-2g20tk\/#breadcrumb","itemListElement":[{"@type":"ListItem","position":1,"name":"\u0413\u043b\u0430\u0432\u043d\u0430\u044f \u0441\u0442\u0440\u0430\u043d\u0438\u0446\u0430","item":"https:\/\/idakorea.ee\/"},{"@type":"ListItem","position":2,"name":"Shop","item":"https:\/\/idakorea.ee\/shop-2\/"},{"@type":"ListItem","position":3,"name":"Joogivitamiinilisand IL-YANG PHARM Premium Vita C + B2, 2g*20tk"}]},{"@type":"WebSite","@id":"https:\/\/idakorea.ee\/#website","url":"https:\/\/idakorea.ee\/","name":"IDA.KOREA","description":"Korean kosmetiikan verkkokauppa","publisher":{"@id":"https:\/\/idakorea.ee\/#organization"},"alternateName":"Beauty Shop","potentialAction":[{"@type":"SearchAction","target":{"@type":"EntryPoint","urlTemplate":"https:\/\/idakorea.ee\/?s={search_term_string}"},"query-input":{"@type":"PropertyValueSpecification","valueRequired":true,"valueName":"search_term_string"}}],"inLanguage":"fi"},{"@type":"Organization","@id":"https:\/\/idakorea.ee\/#organization","name":"IDA.KOREA","url":"https:\/\/idakorea.ee\/","logo":{"@type":"ImageObject","inLanguage":"fi","@id":"https:\/\/idakorea.ee\/#\/schema\/logo\/image\/","url":"https:\/\/idakorea.ee\/wp-content\/uploads\/2024\/05\/cropped-korea3.png","contentUrl":"https:\/\/idakorea.ee\/wp-content\/uploads\/2024\/05\/cropped-korea3.png","width":688,"height":126,"caption":"IDA.KOREA"},"image":{"@id":"https:\/\/idakorea.ee\/#\/schema\/logo\/image\/"},"sameAs":["https:\/\/www.instagram.com\/ida.korea\/"]}]}},"jetpack_sharing_enabled":true,"brands":[{"id":894,"name":"IL-YANG APTEEKKI","slug":"il-yang-pharm"}],"_links":{"self":[{"href":"https:\/\/idakorea.ee\/fi\/wp-json\/wp\/v2\/product\/14205","targetHints":{"allow":["GET"]}}],"collection":[{"href":"https:\/\/idakorea.ee\/fi\/wp-json\/wp\/v2\/product"}],"about":[{"href":"https:\/\/idakorea.ee\/fi\/wp-json\/wp\/v2\/types\/product"}],"replies":[{"embeddable":true,"href":"https:\/\/idakorea.ee\/fi\/wp-json\/wp\/v2\/comments?post=14205"}],"version-history":[{"count":4,"href":"https:\/\/idakorea.ee\/fi\/wp-json\/wp\/v2\/product\/14205\/revisions"}],"predecessor-version":[{"id":16029,"href":"https:\/\/idakorea.ee\/fi\/wp-json\/wp\/v2\/product\/14205\/revisions\/16029"}],"wp:featuredmedia":[{"embeddable":true,"href":"https:\/\/idakorea.ee\/fi\/wp-json\/wp\/v2\/media\/14206"}],"wp:attachment":[{"href":"https:\/\/idakorea.ee\/fi\/wp-json\/wp\/v2\/media?parent=14205"}],"wp:term":[{"taxonomy":"pwb-brand","embeddable":true,"href":"https:\/\/idakorea.ee\/fi\/wp-json\/wp\/v2\/pwb-brand?post=14205"},{"taxonomy":"product_brand","embeddable":true,"href":"https:\/\/idakorea.ee\/fi\/wp-json\/wp\/v2\/product_brand?post=14205"},{"taxonomy":"product_cat","embeddable":true,"href":"https:\/\/idakorea.ee\/fi\/wp-json\/wp\/v2\/product_cat?post=14205"},{"taxonomy":"product_tag","embeddable":true,"href":"https:\/\/idakorea.ee\/fi\/wp-json\/wp\/v2\/product_tag?post=14205"}],"curies":[{"name":"wp","href":"https:\/\/api.w.org\/{rel}","templated":true}]}}