{"id":14212,"date":"2025-05-23T09:27:00","date_gmt":"2025-05-23T07:27:00","guid":{"rendered":"https:\/\/idakorea.ee\/?post_type=product&#038;p=14212"},"modified":"2026-04-06T08:09:07","modified_gmt":"2026-04-06T06:09:07","slug":"niisutav-hudrofiilne-oli-sulwhasoo-gentle-cleansing-oil-50ml","status":"publish","type":"product","link":"https:\/\/idakorea.ee\/fi\/product\/niisutav-hudrofiilne-oli-sulwhasoo-gentle-cleansing-oil-50ml\/","title":{"rendered":"Kosteuttava hydrofiilinen \u00f6ljy Sulwhasoo Gentle Cleansing Oil, 50ml"},"content":{"rendered":"<p><strong>Sulwhasoo Hell\u00e4varainen puhdistus\u00f6ljy<\/strong> on kevyt kosteuttava hydrofiilinen \u00f6ljy, joka puhdistaa ihon hell\u00e4varaisesti ja tehokkaasti. Se poistaa ylim\u00e4\u00e4r\u00e4isen \u00f6ljyn ja kaikki likapartikkelit, poistaa rasvaisen kiillon ja virkist\u00e4\u00e4 ihoa. Ehk\u00e4isee huokosten tukkeutumista ja tulehduksia ja auttaa yll\u00e4pit\u00e4m\u00e4\u00e4n ihon optimaalista kosteus- ja lipiditasapainoa.<\/p>\n<p>Hydrofiilinen \u00f6ljy liuottaa hell\u00e4varaisesti ja perusteellisesti vedenkest\u00e4v\u00e4\u00e4 meikki\u00e4 ja talia, s\u00e4\u00e4telee talirauhasia ja pit\u00e4\u00e4 ihon kosteutettuna. Vahvistaa ihon suojakerrosta, suojaa ymp\u00e4rist\u00f6n aggressiivisilta tekij\u00f6ilt\u00e4 ja pehment\u00e4\u00e4 kuivia alueita. Lievitt\u00e4\u00e4 \u00e4rsytyst\u00e4 ja punoitusta, parantaa ihon kimmoisuutta ja tasoittaa ihon rakennetta.<\/p>\n<p>Kun \u00f6ljy joutuu kosketuksiin veden kanssa, se muuttuu kevyeksi, maitomaiseksi emulsioksi, joka huuhtoutuu helposti pois eik\u00e4 j\u00e4t\u00e4 iholle halkeamia.<\/p>\n<p><strong>T\u00e4rkeimm\u00e4t vaikuttavat aineet:<\/strong><\/p>\n<ul>\n<li><strong>Kamelia\u00f6ljy<\/strong> Palauttaa ihoa syv\u00e4sti, parantaa barrier-toimintaa ja vahvistaa barrier-kerrosta, joka est\u00e4\u00e4 kosteuden haihtumista ja suojaa ihoa ymp\u00e4rist\u00f6n aggressiivisilta tekij\u00f6ilt\u00e4. Auttaa korjaamaan vaurioituneita epidermaalisia kuituja, stimuloi kollageenin ja elastiinin synteesi\u00e4 ja yll\u00e4pit\u00e4\u00e4 ihon tiheytt\u00e4 ja kimmoisuutta.<\/li>\n<li><strong>Aprikoosinydin\u00f6ljy<\/strong> rikastuttaa ihoa vitamiinikompleksilla, s\u00e4vytt\u00e4\u00e4, rauhoittaa punoitusta ja \u00e4rsytyst\u00e4. Tekee ihosta sile\u00e4mm\u00e4n ja kimmoisamman, v\u00e4hent\u00e4\u00e4 l\u00f6ysyytt\u00e4.<\/li>\n<li><strong>Lotusuute<\/strong> s\u00e4vytt\u00e4\u00e4, virkist\u00e4\u00e4 ja stimuloi ihoa. Kirkastaa ihon s\u00e4vy\u00e4, vaalentaa pigmenttil\u00e4iski\u00e4 ja v\u00e4hent\u00e4\u00e4 tummien l\u00e4iskien n\u00e4kyvyytt\u00e4.<\/li>\n<li><strong>Hobukastani-uute<\/strong> v\u00e4hent\u00e4\u00e4 turvotusta, pys\u00e4ytt\u00e4\u00e4 tulehdusprosessit ja auttaa ehk\u00e4isem\u00e4\u00e4n aknea. Parantaa mikroverenkiertoa, tukee ihon s\u00e4vy\u00e4 ja v\u00e4hent\u00e4\u00e4 couperoosin n\u00e4kyvyytt\u00e4.<\/li>\n<li><strong>Skvala<\/strong> rauhoittaa \u00e4rtynytt\u00e4 ja vaurioitunutta ihoa, toimii antioksidanttina, kosteuttaa ja suojaa ihoa ulkoisilta tekij\u00f6ilt\u00e4.<\/li>\n<\/ul>\n<p>&nbsp;<\/p>\n<p>Sopii kaikille ihotyypeille.<\/p>\n<p><strong>K\u00e4ytt\u00f6:<\/strong> Levit\u00e4 pieni m\u00e4\u00e4r\u00e4 \u00f6ljy\u00e4 kuivalle iholle, hiero kevyesti ja huuhtele pois l\u00e4mpim\u00e4ll\u00e4 vedell\u00e4.<\/p>","protected":false},"excerpt":{"rendered":"<p>Sulwhasoo Gentle Cleansing Oil on kevyesti kosteuttava hydrofiilinen \u00f6ljy, joka puhdistaa ihon hell\u00e4varaisesti ja tehokkaasti. Se poistaa ylim\u00e4\u00e4r\u00e4isen \u00f6ljyn ja kaikki likapartikkelit, poistaa rasvaisen kiillon ja virkist\u00e4\u00e4 ihoa. Ehk\u00e4isee huokosten tukkeutumista ja tulehduksia sek\u00e4 auttaa yll\u00e4pit\u00e4m\u00e4\u00e4n ihon optimaalista kosteus- ja lipiditasapainoa. Hydrofiilinen \u00f6ljy liuottaa hell\u00e4varaisesti ja perusteellisesti vedenkest\u00e4v\u00e4\u00e4 meikki\u00e4 ja talia, s\u00e4\u00e4telee talirauhasia.....<\/p>","protected":false},"featured_media":14214,"comment_status":"open","ping_status":"closed","template":"","meta":{"_uf_show_specific_survey":0,"_uf_disable_surveys":false,"_bst_post_transparent":"default","_bst_post_title":"","_bst_post_layout":"default","_bst_post_sidebar_id":"","_bst_post_content_style":"default","_bst_post_vertical_padding":"default","_bst_post_feature":"","_bst_post_feature_position":"","_bst_post_header":false,"_bst_post_footer":false},"pwb-brand":[106],"product_brand":[],"product_cat":[92,452,100],"product_tag":[568,671,464],"class_list":{"0":"post-14212","1":"product","2":"type-product","3":"status-publish","4":"has-post-thumbnail","6":"pwb-brand-sulwhasoo","7":"product_cat-nagu","8":"product_cat-naopuhastusgeelid","9":"product_cat-puhastusvahendid","10":"product_tag-korea","11":"product_tag-oil","12":"product_tag-sulwhasoo","14":"first","15":"instock","16":"sale","17":"shipping-taxable","18":"purchasable","19":"product-type-simple","20":"entry","21":"content-bg","22":"loop-entry"},"supplier_id":null,"supplier_sku":"","barcode":null,"atum_controlled":true,"out_stock_date":null,"out_stock_threshold":null,"inheritable":false,"inbound_stock":0,"stock_on_hold":0,"sold_today":0,"sales_last_days":3,"out_stock_days":0,"lost_sales":0,"has_location":false,"update_date":"2026-04-14T00:05:04","atum_locations":[],"atum_stock_status":"instock","restock_status":false,"low_stock_amount":"","sales_update_date":"2026-04-14T00:05:04","calc_backorders":null,"yoast_head":"<!-- This site is optimized with the Yoast SEO plugin v27.2 - https:\/\/yoast.com\/product\/yoast-seo-wordpress\/ -->\n<title>Sulwhasoo Gentle Cleansing Oil<\/title>\n<meta name=\"description\" content=\"Sulwhasoo Gentle Cleansing Oil on kerge niisutav h\u00fcdrofiilne \u00f5li, mis puhastab nahka \u00f5rnalt ja t\u00f5husalt. Eemaldab liigse rasu ja k\u00f5ik mustuseosakesed.\" \/>\n<meta name=\"robots\" content=\"index, follow, max-snippet:-1, max-image-preview:large, max-video-preview:-1\" \/>\n<link rel=\"canonical\" href=\"https:\/\/idakorea.ee\/fi\/product\/niisutav-hudrofiilne-oli-sulwhasoo-gentle-cleansing-oil-50ml\/\" \/>\n<meta property=\"og:locale\" content=\"fi_FI\" \/>\n<meta property=\"og:type\" content=\"article\" \/>\n<meta property=\"og:title\" content=\"Sulwhasoo Gentle Cleansing Oil\" \/>\n<meta property=\"og:description\" content=\"Sulwhasoo Gentle Cleansing Oil on kerge niisutav h\u00fcdrofiilne \u00f5li, mis puhastab nahka \u00f5rnalt ja t\u00f5husalt. Eemaldab liigse rasu ja k\u00f5ik mustuseosakesed.\" \/>\n<meta property=\"og:url\" content=\"https:\/\/idakorea.ee\/fi\/product\/niisutav-hudrofiilne-oli-sulwhasoo-gentle-cleansing-oil-50ml\/\" \/>\n<meta property=\"og:site_name\" content=\"IDA.KOREA\" \/>\n<meta property=\"article:modified_time\" content=\"2026-04-06T06:09:07+00:00\" \/>\n<meta property=\"og:image\" content=\"https:\/\/idakorea.ee\/wp-content\/uploads\/2025\/05\/sulwhasoo-gentle-cleansing-oil-idakorea.ee_.jpg\" \/>\n\t<meta property=\"og:image:width\" content=\"1500\" \/>\n\t<meta property=\"og:image:height\" content=\"1500\" \/>\n\t<meta property=\"og:image:type\" content=\"image\/jpeg\" \/>\n<meta name=\"twitter:card\" content=\"summary_large_image\" \/>\n<meta name=\"twitter:label1\" content=\"Arvioitu lukuaika\" \/>\n\t<meta name=\"twitter:data1\" content=\"2 minuuttia\" \/>\n<script type=\"application\/ld+json\" class=\"yoast-schema-graph\">{\"@context\":\"https:\/\/schema.org\",\"@graph\":[{\"@type\":\"WebPage\",\"@id\":\"https:\/\/idakorea.ee\/product\/niisutav-hudrofiilne-oli-sulwhasoo-gentle-cleansing-oil-50ml\/\",\"url\":\"https:\/\/idakorea.ee\/product\/niisutav-hudrofiilne-oli-sulwhasoo-gentle-cleansing-oil-50ml\/\",\"name\":\"Sulwhasoo Gentle Cleansing Oil\",\"isPartOf\":{\"@id\":\"https:\/\/idakorea.ee\/#website\"},\"primaryImageOfPage\":{\"@id\":\"https:\/\/idakorea.ee\/product\/niisutav-hudrofiilne-oli-sulwhasoo-gentle-cleansing-oil-50ml\/#primaryimage\"},\"image\":{\"@id\":\"https:\/\/idakorea.ee\/product\/niisutav-hudrofiilne-oli-sulwhasoo-gentle-cleansing-oil-50ml\/#primaryimage\"},\"thumbnailUrl\":\"https:\/\/idakorea.ee\/wp-content\/uploads\/2025\/05\/sulwhasoo-gentle-cleansing-oil-idakorea.ee_.jpg\",\"datePublished\":\"2025-05-23T07:27:00+00:00\",\"dateModified\":\"2026-04-06T06:09:07+00:00\",\"description\":\"Sulwhasoo Gentle Cleansing Oil on kerge niisutav h\u00fcdrofiilne \u00f5li, mis puhastab nahka \u00f5rnalt ja t\u00f5husalt. Eemaldab liigse rasu ja k\u00f5ik mustuseosakesed.\",\"breadcrumb\":{\"@id\":\"https:\/\/idakorea.ee\/product\/niisutav-hudrofiilne-oli-sulwhasoo-gentle-cleansing-oil-50ml\/#breadcrumb\"},\"inLanguage\":\"fi\",\"potentialAction\":[{\"@type\":\"ReadAction\",\"target\":[\"https:\/\/idakorea.ee\/product\/niisutav-hudrofiilne-oli-sulwhasoo-gentle-cleansing-oil-50ml\/\"]}]},{\"@type\":\"ImageObject\",\"inLanguage\":\"fi\",\"@id\":\"https:\/\/idakorea.ee\/product\/niisutav-hudrofiilne-oli-sulwhasoo-gentle-cleansing-oil-50ml\/#primaryimage\",\"url\":\"https:\/\/idakorea.ee\/wp-content\/uploads\/2025\/05\/sulwhasoo-gentle-cleansing-oil-idakorea.ee_.jpg\",\"contentUrl\":\"https:\/\/idakorea.ee\/wp-content\/uploads\/2025\/05\/sulwhasoo-gentle-cleansing-oil-idakorea.ee_.jpg\",\"width\":1500,\"height\":1500},{\"@type\":\"BreadcrumbList\",\"@id\":\"https:\/\/idakorea.ee\/product\/niisutav-hudrofiilne-oli-sulwhasoo-gentle-cleansing-oil-50ml\/#breadcrumb\",\"itemListElement\":[{\"@type\":\"ListItem\",\"position\":1,\"name\":\"\u0413\u043b\u0430\u0432\u043d\u0430\u044f \u0441\u0442\u0440\u0430\u043d\u0438\u0446\u0430\",\"item\":\"https:\/\/idakorea.ee\/\"},{\"@type\":\"ListItem\",\"position\":2,\"name\":\"Shop\",\"item\":\"https:\/\/idakorea.ee\/shop-2\/\"},{\"@type\":\"ListItem\",\"position\":3,\"name\":\"Niisutav h\u00fcdrofiilne \u00f5li Sulwhasoo Gentle Cleansing Oil, 50ml\"}]},{\"@type\":\"WebSite\",\"@id\":\"https:\/\/idakorea.ee\/#website\",\"url\":\"https:\/\/idakorea.ee\/\",\"name\":\"IDA.KOREA\",\"description\":\"Korea kosmeetika e-pood\",\"publisher\":{\"@id\":\"https:\/\/idakorea.ee\/#organization\"},\"alternateName\":\"Beauty Shop\",\"potentialAction\":[{\"@type\":\"SearchAction\",\"target\":{\"@type\":\"EntryPoint\",\"urlTemplate\":\"https:\/\/idakorea.ee\/?s={search_term_string}\"},\"query-input\":{\"@type\":\"PropertyValueSpecification\",\"valueRequired\":true,\"valueName\":\"search_term_string\"}}],\"inLanguage\":\"fi\"},{\"@type\":\"Organization\",\"@id\":\"https:\/\/idakorea.ee\/#organization\",\"name\":\"IDA.KOREA\",\"url\":\"https:\/\/idakorea.ee\/\",\"logo\":{\"@type\":\"ImageObject\",\"inLanguage\":\"fi\",\"@id\":\"https:\/\/idakorea.ee\/#\/schema\/logo\/image\/\",\"url\":\"https:\/\/idakorea.ee\/wp-content\/uploads\/2024\/05\/cropped-korea3.png\",\"contentUrl\":\"https:\/\/idakorea.ee\/wp-content\/uploads\/2024\/05\/cropped-korea3.png\",\"width\":688,\"height\":126,\"caption\":\"IDA.KOREA\"},\"image\":{\"@id\":\"https:\/\/idakorea.ee\/#\/schema\/logo\/image\/\"},\"sameAs\":[\"https:\/\/www.instagram.com\/ida.korea\/\"]}]}<\/script>\n<!-- \/ Yoast SEO plugin. -->","yoast_head_json":{"title":"Sulwhasoo Hell\u00e4varainen puhdistus\u00f6ljy","description":"Sulwhasoo Gentle Cleansing Oil on kevyesti kosteuttava hydrofiilinen \u00f6ljy, joka puhdistaa ihon hell\u00e4varaisesti ja tehokkaasti. Poistaa ylim\u00e4\u00e4r\u00e4isen \u00f6ljyn ja kaikki likapartikkelit.","robots":{"index":"index","follow":"follow","max-snippet":"max-snippet:-1","max-image-preview":"max-image-preview:large","max-video-preview":"max-video-preview:-1"},"canonical":"https:\/\/idakorea.ee\/fi\/product\/niisutav-hudrofiilne-oli-sulwhasoo-gentle-cleansing-oil-50ml\/","og_locale":"fi_FI","og_type":"article","og_title":"Sulwhasoo Gentle Cleansing Oil","og_description":"Sulwhasoo Gentle Cleansing Oil on kerge niisutav h\u00fcdrofiilne \u00f5li, mis puhastab nahka \u00f5rnalt ja t\u00f5husalt. Eemaldab liigse rasu ja k\u00f5ik mustuseosakesed.","og_url":"https:\/\/idakorea.ee\/fi\/product\/niisutav-hudrofiilne-oli-sulwhasoo-gentle-cleansing-oil-50ml\/","og_site_name":"IDA.KOREA","article_modified_time":"2026-04-06T06:09:07+00:00","og_image":[{"width":1500,"height":1500,"url":"https:\/\/idakorea.ee\/wp-content\/uploads\/2025\/05\/sulwhasoo-gentle-cleansing-oil-idakorea.ee_.jpg","type":"image\/jpeg"}],"twitter_card":"summary_large_image","twitter_misc":{"Arvioitu lukuaika":"2 minuuttia"},"schema":{"@context":"https:\/\/schema.org","@graph":[{"@type":"WebPage","@id":"https:\/\/idakorea.ee\/product\/niisutav-hudrofiilne-oli-sulwhasoo-gentle-cleansing-oil-50ml\/","url":"https:\/\/idakorea.ee\/product\/niisutav-hudrofiilne-oli-sulwhasoo-gentle-cleansing-oil-50ml\/","name":"Sulwhasoo Hell\u00e4varainen puhdistus\u00f6ljy","isPartOf":{"@id":"https:\/\/idakorea.ee\/#website"},"primaryImageOfPage":{"@id":"https:\/\/idakorea.ee\/product\/niisutav-hudrofiilne-oli-sulwhasoo-gentle-cleansing-oil-50ml\/#primaryimage"},"image":{"@id":"https:\/\/idakorea.ee\/product\/niisutav-hudrofiilne-oli-sulwhasoo-gentle-cleansing-oil-50ml\/#primaryimage"},"thumbnailUrl":"https:\/\/idakorea.ee\/wp-content\/uploads\/2025\/05\/sulwhasoo-gentle-cleansing-oil-idakorea.ee_.jpg","datePublished":"2025-05-23T07:27:00+00:00","dateModified":"2026-04-06T06:09:07+00:00","description":"Sulwhasoo Gentle Cleansing Oil on kevyesti kosteuttava hydrofiilinen \u00f6ljy, joka puhdistaa ihon hell\u00e4varaisesti ja tehokkaasti. Poistaa ylim\u00e4\u00e4r\u00e4isen \u00f6ljyn ja kaikki likapartikkelit.","breadcrumb":{"@id":"https:\/\/idakorea.ee\/product\/niisutav-hudrofiilne-oli-sulwhasoo-gentle-cleansing-oil-50ml\/#breadcrumb"},"inLanguage":"fi","potentialAction":[{"@type":"ReadAction","target":["https:\/\/idakorea.ee\/product\/niisutav-hudrofiilne-oli-sulwhasoo-gentle-cleansing-oil-50ml\/"]}]},{"@type":"ImageObject","inLanguage":"fi","@id":"https:\/\/idakorea.ee\/product\/niisutav-hudrofiilne-oli-sulwhasoo-gentle-cleansing-oil-50ml\/#primaryimage","url":"https:\/\/idakorea.ee\/wp-content\/uploads\/2025\/05\/sulwhasoo-gentle-cleansing-oil-idakorea.ee_.jpg","contentUrl":"https:\/\/idakorea.ee\/wp-content\/uploads\/2025\/05\/sulwhasoo-gentle-cleansing-oil-idakorea.ee_.jpg","width":1500,"height":1500},{"@type":"BreadcrumbList","@id":"https:\/\/idakorea.ee\/product\/niisutav-hudrofiilne-oli-sulwhasoo-gentle-cleansing-oil-50ml\/#breadcrumb","itemListElement":[{"@type":"ListItem","position":1,"name":"\u0413\u043b\u0430\u0432\u043d\u0430\u044f \u0441\u0442\u0440\u0430\u043d\u0438\u0446\u0430","item":"https:\/\/idakorea.ee\/"},{"@type":"ListItem","position":2,"name":"Shop","item":"https:\/\/idakorea.ee\/shop-2\/"},{"@type":"ListItem","position":3,"name":"Niisutav h\u00fcdrofiilne \u00f5li Sulwhasoo Gentle Cleansing Oil, 50ml"}]},{"@type":"WebSite","@id":"https:\/\/idakorea.ee\/#website","url":"https:\/\/idakorea.ee\/","name":"IDA.KOREA","description":"Korean kosmetiikan verkkokauppa","publisher":{"@id":"https:\/\/idakorea.ee\/#organization"},"alternateName":"Beauty Shop","potentialAction":[{"@type":"SearchAction","target":{"@type":"EntryPoint","urlTemplate":"https:\/\/idakorea.ee\/?s={search_term_string}"},"query-input":{"@type":"PropertyValueSpecification","valueRequired":true,"valueName":"search_term_string"}}],"inLanguage":"fi"},{"@type":"Organization","@id":"https:\/\/idakorea.ee\/#organization","name":"IDA.KOREA","url":"https:\/\/idakorea.ee\/","logo":{"@type":"ImageObject","inLanguage":"fi","@id":"https:\/\/idakorea.ee\/#\/schema\/logo\/image\/","url":"https:\/\/idakorea.ee\/wp-content\/uploads\/2024\/05\/cropped-korea3.png","contentUrl":"https:\/\/idakorea.ee\/wp-content\/uploads\/2024\/05\/cropped-korea3.png","width":688,"height":126,"caption":"IDA.KOREA"},"image":{"@id":"https:\/\/idakorea.ee\/#\/schema\/logo\/image\/"},"sameAs":["https:\/\/www.instagram.com\/ida.korea\/"]}]}},"jetpack_sharing_enabled":true,"brands":[{"id":106,"name":"SULWHASOO","slug":"sulwhasoo"}],"_links":{"self":[{"href":"https:\/\/idakorea.ee\/fi\/wp-json\/wp\/v2\/product\/14212","targetHints":{"allow":["GET"]}}],"collection":[{"href":"https:\/\/idakorea.ee\/fi\/wp-json\/wp\/v2\/product"}],"about":[{"href":"https:\/\/idakorea.ee\/fi\/wp-json\/wp\/v2\/types\/product"}],"replies":[{"embeddable":true,"href":"https:\/\/idakorea.ee\/fi\/wp-json\/wp\/v2\/comments?post=14212"}],"version-history":[{"count":6,"href":"https:\/\/idakorea.ee\/fi\/wp-json\/wp\/v2\/product\/14212\/revisions"}],"predecessor-version":[{"id":18364,"href":"https:\/\/idakorea.ee\/fi\/wp-json\/wp\/v2\/product\/14212\/revisions\/18364"}],"wp:featuredmedia":[{"embeddable":true,"href":"https:\/\/idakorea.ee\/fi\/wp-json\/wp\/v2\/media\/14214"}],"wp:attachment":[{"href":"https:\/\/idakorea.ee\/fi\/wp-json\/wp\/v2\/media?parent=14212"}],"wp:term":[{"taxonomy":"pwb-brand","embeddable":true,"href":"https:\/\/idakorea.ee\/fi\/wp-json\/wp\/v2\/pwb-brand?post=14212"},{"taxonomy":"product_brand","embeddable":true,"href":"https:\/\/idakorea.ee\/fi\/wp-json\/wp\/v2\/product_brand?post=14212"},{"taxonomy":"product_cat","embeddable":true,"href":"https:\/\/idakorea.ee\/fi\/wp-json\/wp\/v2\/product_cat?post=14212"},{"taxonomy":"product_tag","embeddable":true,"href":"https:\/\/idakorea.ee\/fi\/wp-json\/wp\/v2\/product_tag?post=14212"}],"curies":[{"name":"wp","href":"https:\/\/api.w.org\/{rel}","templated":true}]}}