{"id":14224,"date":"2025-05-25T17:13:04","date_gmt":"2025-05-25T14:13:04","guid":{"rendered":"https:\/\/idakorea.ee\/?post_type=product&#038;p=14224"},"modified":"2026-04-13T20:41:14","modified_gmt":"2026-04-13T18:41:14","slug":"tenzero-heartleaf-mild-soothing-sun-spf-50-pa","status":"publish","type":"product","link":"https:\/\/idakorea.ee\/fi\/product\/tenzero-heartleaf-mild-soothing-sun-spf-50-pa\/","title":{"rendered":"Rauhoittava aurinkovoide Tenzero Heartleaf Mild Soothing Sun SPF 50+\/PA++++, 50 ml"},"content":{"rendered":"<p><strong>Rauhoittava aurinkovoide Heartleaf Mild Soothing Sun SPF 50+\/PA++++<\/strong> Korealaiselta kosmetiikkamerkilt\u00e4 <strong>Tenzero<\/strong> suojaa ihoa tehokkaasti ultraviolettis\u00e4teiden haitallisilta vaikutuksilta, hidastaa ik\u00e4\u00e4ntymisprosessia ja vaikuttaa rauhoittavasti.<\/p>\n<p>Voide sis\u00e4lt\u00e4\u00e4 sek\u00e4 fyysisi\u00e4 ett\u00e4 orgaanisia suodattimia, jotka takaavat maksimaalisen ja pitk\u00e4kestoisen suojan UVA- ja UVB-s\u00e4teilt\u00e4. Korkea suojakerroin SPF50+ suojaa ihoa auringon aiheuttamilta vaurioilta ja ei-toivotulta pigmentaatiolta. Centella asiatica -uute rauhoittaa, edist\u00e4\u00e4 ihon uudistumista, vahvistaa ihon suojamuuria ja auttaa torjumaan ymp\u00e4rist\u00f6n aggressiivisia tekij\u00f6it\u00e4. Niasiiniamidi tasoittaa ihon s\u00e4vy\u00e4 ja parantaa ihon s\u00e4vy\u00e4.<\/p>\n<p>Voiteen koostumus on kevyt ja ilmava, se imeytyy nopeasti eik\u00e4 j\u00e4t\u00e4 ihoa tahmeaksi tai kiilt\u00e4v\u00e4ksi. Sopii my\u00f6s meikkivoiteeksi.<\/p>\n<p>Suositellaan normaalille ja sekaiholle, my\u00f6s herk\u00e4lle iholle.<\/p>\n<p><strong>K\u00e4ytt\u00f6: <\/strong>Levit\u00e4 aurinkovoidetta kasvoille, kaulalle, korville ja muille alttiille kehon alueille 15-20 minuuttia ennen auringonottoa. Jos olet suorassa auringonvalossa, levit\u00e4 uudelleen 2-3 tunnin v\u00e4lein.<\/p>","protected":false},"excerpt":{"rendered":"<p>Soothing Sunscreen Heartleaf Mild Soothing Sun SPF 50+\/PA++++ korealaiselta kosmetiikkabr\u00e4ndilt\u00e4 Tenzero suojaa ihoa tehokkaasti ultraviolettis\u00e4teiden haitallisilta vaikutuksilta, hidastaa ik\u00e4\u00e4ntymisprosessia ja vaikuttaa rauhoittavasti. Voide sis\u00e4lt\u00e4\u00e4 sek\u00e4 fysikaalisia ett\u00e4 orgaanisia suodattimia, jotka antavat maksimaalisen ja pitk\u00e4kestoisen suojan UVA- ja UVB-s\u00e4teit\u00e4 vastaan. Korkea suojakerroin SPF50+ suojaa ihoa auringon aiheuttamilta vaurioilta ja ei-toivotulta pigmentaatiolta. Aasialainen vesipitoinen...<\/p>","protected":false},"featured_media":14225,"comment_status":"open","ping_status":"closed","template":"","meta":{"_uf_show_specific_survey":0,"_uf_disable_surveys":false,"_bst_post_transparent":"default","_bst_post_title":"","_bst_post_layout":"default","_bst_post_sidebar_id":"","_bst_post_content_style":"default","_bst_post_vertical_padding":"default","_bst_post_feature":"","_bst_post_feature_position":"","_bst_post_header":false,"_bst_post_footer":false},"pwb-brand":[519],"product_brand":[],"product_cat":[92,101],"product_tag":[864,849,898],"class_list":{"0":"post-14224","1":"product","2":"type-product","3":"status-publish","4":"has-post-thumbnail","6":"pwb-brand-tenzero","7":"product_cat-nagu","8":"product_cat-paikesekaitse","9":"product_tag-spf","10":"product_tag-sun","11":"product_tag-tenzero","13":"first","14":"instock","15":"sale","16":"shipping-taxable","17":"purchasable","18":"product-type-simple","19":"entry","20":"content-bg","21":"loop-entry"},"supplier_id":null,"supplier_sku":"","barcode":null,"atum_controlled":true,"out_stock_date":null,"out_stock_threshold":null,"inheritable":false,"inbound_stock":0,"stock_on_hold":0,"sold_today":0,"sales_last_days":1,"out_stock_days":0,"lost_sales":0,"has_location":false,"update_date":"2026-04-15T00:51:20","atum_locations":[],"atum_stock_status":"instock","restock_status":false,"low_stock_amount":"","sales_update_date":"2026-04-15T00:51:20","calc_backorders":null,"yoast_head":"<!-- This site is optimized with the Yoast SEO plugin v27.2 - https:\/\/yoast.com\/product\/yoast-seo-wordpress\/ -->\n<title>Tenzero Heartleaf Mild Soothing Sun SPF 50+\/PA++++<\/title>\n<meta name=\"description\" content=\"Rahustav p\u00e4ikesekaitsekreem Tenzero Heartleaf Mild Soothing Sun kaitseb UV kahjuliku m\u00f5ju eest, aeglustab vananemisprotsesse ning omab rahustavat toimet.\" \/>\n<meta name=\"robots\" content=\"index, follow, max-snippet:-1, max-image-preview:large, max-video-preview:-1\" \/>\n<link rel=\"canonical\" href=\"https:\/\/idakorea.ee\/fi\/product\/tenzero-heartleaf-mild-soothing-sun-spf-50-pa\/\" \/>\n<meta property=\"og:locale\" content=\"fi_FI\" \/>\n<meta property=\"og:type\" content=\"article\" \/>\n<meta property=\"og:title\" content=\"Tenzero Heartleaf Mild Soothing Sun SPF 50+\/PA++++\" \/>\n<meta property=\"og:description\" content=\"Rahustav p\u00e4ikesekaitsekreem Tenzero Heartleaf Mild Soothing Sun kaitseb UV kahjuliku m\u00f5ju eest, aeglustab vananemisprotsesse ning omab rahustavat toimet.\" \/>\n<meta property=\"og:url\" content=\"https:\/\/idakorea.ee\/fi\/product\/tenzero-heartleaf-mild-soothing-sun-spf-50-pa\/\" \/>\n<meta property=\"og:site_name\" content=\"IDA.KOREA\" \/>\n<meta property=\"article:modified_time\" content=\"2026-04-13T18:41:14+00:00\" \/>\n<meta property=\"og:image\" content=\"https:\/\/idakorea.ee\/wp-content\/uploads\/2025\/05\/tenzero-heartleaf-mild-soothing-sun-idakorea.jpg\" \/>\n\t<meta property=\"og:image:width\" content=\"1000\" \/>\n\t<meta property=\"og:image:height\" content=\"1000\" \/>\n\t<meta property=\"og:image:type\" content=\"image\/jpeg\" \/>\n<meta name=\"twitter:card\" content=\"summary_large_image\" \/>\n<meta name=\"twitter:label1\" content=\"Arvioitu lukuaika\" \/>\n\t<meta name=\"twitter:data1\" content=\"1 minuutti\" \/>\n<script type=\"application\/ld+json\" class=\"yoast-schema-graph\">{\"@context\":\"https:\/\/schema.org\",\"@graph\":[{\"@type\":\"WebPage\",\"@id\":\"https:\/\/idakorea.ee\/product\/tenzero-heartleaf-mild-soothing-sun-spf-50-pa\/\",\"url\":\"https:\/\/idakorea.ee\/product\/tenzero-heartleaf-mild-soothing-sun-spf-50-pa\/\",\"name\":\"Tenzero Heartleaf Mild Soothing Sun SPF 50+\/PA++++\",\"isPartOf\":{\"@id\":\"https:\/\/idakorea.ee\/#website\"},\"primaryImageOfPage\":{\"@id\":\"https:\/\/idakorea.ee\/product\/tenzero-heartleaf-mild-soothing-sun-spf-50-pa\/#primaryimage\"},\"image\":{\"@id\":\"https:\/\/idakorea.ee\/product\/tenzero-heartleaf-mild-soothing-sun-spf-50-pa\/#primaryimage\"},\"thumbnailUrl\":\"https:\/\/idakorea.ee\/wp-content\/uploads\/2025\/05\/tenzero-heartleaf-mild-soothing-sun-idakorea.jpg\",\"datePublished\":\"2025-05-25T14:13:04+00:00\",\"dateModified\":\"2026-04-13T18:41:14+00:00\",\"description\":\"Rahustav p\u00e4ikesekaitsekreem Tenzero Heartleaf Mild Soothing Sun kaitseb UV kahjuliku m\u00f5ju eest, aeglustab vananemisprotsesse ning omab rahustavat toimet.\",\"breadcrumb\":{\"@id\":\"https:\/\/idakorea.ee\/product\/tenzero-heartleaf-mild-soothing-sun-spf-50-pa\/#breadcrumb\"},\"inLanguage\":\"fi\",\"potentialAction\":[{\"@type\":\"ReadAction\",\"target\":[\"https:\/\/idakorea.ee\/product\/tenzero-heartleaf-mild-soothing-sun-spf-50-pa\/\"]}]},{\"@type\":\"ImageObject\",\"inLanguage\":\"fi\",\"@id\":\"https:\/\/idakorea.ee\/product\/tenzero-heartleaf-mild-soothing-sun-spf-50-pa\/#primaryimage\",\"url\":\"https:\/\/idakorea.ee\/wp-content\/uploads\/2025\/05\/tenzero-heartleaf-mild-soothing-sun-idakorea.jpg\",\"contentUrl\":\"https:\/\/idakorea.ee\/wp-content\/uploads\/2025\/05\/tenzero-heartleaf-mild-soothing-sun-idakorea.jpg\",\"width\":1000,\"height\":1000},{\"@type\":\"BreadcrumbList\",\"@id\":\"https:\/\/idakorea.ee\/product\/tenzero-heartleaf-mild-soothing-sun-spf-50-pa\/#breadcrumb\",\"itemListElement\":[{\"@type\":\"ListItem\",\"position\":1,\"name\":\"\u0413\u043b\u0430\u0432\u043d\u0430\u044f \u0441\u0442\u0440\u0430\u043d\u0438\u0446\u0430\",\"item\":\"https:\/\/idakorea.ee\/\"},{\"@type\":\"ListItem\",\"position\":2,\"name\":\"Shop\",\"item\":\"https:\/\/idakorea.ee\/shop-2\/\"},{\"@type\":\"ListItem\",\"position\":3,\"name\":\"Rahustav p\u00e4ikesekaitsekreem Tenzero Heartleaf Mild Soothing Sun SPF 50+\/PA++++, 50 ml\"}]},{\"@type\":\"WebSite\",\"@id\":\"https:\/\/idakorea.ee\/#website\",\"url\":\"https:\/\/idakorea.ee\/\",\"name\":\"IDA.KOREA\",\"description\":\"Korea kosmeetika e-pood\",\"publisher\":{\"@id\":\"https:\/\/idakorea.ee\/#organization\"},\"alternateName\":\"Beauty Shop\",\"potentialAction\":[{\"@type\":\"SearchAction\",\"target\":{\"@type\":\"EntryPoint\",\"urlTemplate\":\"https:\/\/idakorea.ee\/?s={search_term_string}\"},\"query-input\":{\"@type\":\"PropertyValueSpecification\",\"valueRequired\":true,\"valueName\":\"search_term_string\"}}],\"inLanguage\":\"fi\"},{\"@type\":\"Organization\",\"@id\":\"https:\/\/idakorea.ee\/#organization\",\"name\":\"IDA.KOREA\",\"url\":\"https:\/\/idakorea.ee\/\",\"logo\":{\"@type\":\"ImageObject\",\"inLanguage\":\"fi\",\"@id\":\"https:\/\/idakorea.ee\/#\/schema\/logo\/image\/\",\"url\":\"https:\/\/idakorea.ee\/wp-content\/uploads\/2024\/05\/cropped-korea3.png\",\"contentUrl\":\"https:\/\/idakorea.ee\/wp-content\/uploads\/2024\/05\/cropped-korea3.png\",\"width\":688,\"height\":126,\"caption\":\"IDA.KOREA\"},\"image\":{\"@id\":\"https:\/\/idakorea.ee\/#\/schema\/logo\/image\/\"},\"sameAs\":[\"https:\/\/www.instagram.com\/ida.korea\/\"]}]}<\/script>\n<!-- \/ Yoast SEO plugin. -->","yoast_head_json":{"title":"Tenzero Heartleaf Mild Soothing Sun SPF 50+\/PA ++++","description":"Rauhoittava Tenzero Heartleaf Mild Soothing Sun Protector suojaa UV-s\u00e4teiden haitallisilta vaikutuksilta, hidastaa ik\u00e4\u00e4ntymisprosessia ja vaikuttaa rauhoittavasti.","robots":{"index":"index","follow":"follow","max-snippet":"max-snippet:-1","max-image-preview":"max-image-preview:large","max-video-preview":"max-video-preview:-1"},"canonical":"https:\/\/idakorea.ee\/fi\/product\/tenzero-heartleaf-mild-soothing-sun-spf-50-pa\/","og_locale":"fi_FI","og_type":"article","og_title":"Tenzero Heartleaf Mild Soothing Sun SPF 50+\/PA++++","og_description":"Rahustav p\u00e4ikesekaitsekreem Tenzero Heartleaf Mild Soothing Sun kaitseb UV kahjuliku m\u00f5ju eest, aeglustab vananemisprotsesse ning omab rahustavat toimet.","og_url":"https:\/\/idakorea.ee\/fi\/product\/tenzero-heartleaf-mild-soothing-sun-spf-50-pa\/","og_site_name":"IDA.KOREA","article_modified_time":"2026-04-13T18:41:14+00:00","og_image":[{"width":1000,"height":1000,"url":"https:\/\/idakorea.ee\/wp-content\/uploads\/2025\/05\/tenzero-heartleaf-mild-soothing-sun-idakorea.jpg","type":"image\/jpeg"}],"twitter_card":"summary_large_image","twitter_misc":{"Arvioitu lukuaika":"1 minuutti"},"schema":{"@context":"https:\/\/schema.org","@graph":[{"@type":"WebPage","@id":"https:\/\/idakorea.ee\/product\/tenzero-heartleaf-mild-soothing-sun-spf-50-pa\/","url":"https:\/\/idakorea.ee\/product\/tenzero-heartleaf-mild-soothing-sun-spf-50-pa\/","name":"Tenzero Heartleaf Mild Soothing Sun SPF 50+\/PA ++++","isPartOf":{"@id":"https:\/\/idakorea.ee\/#website"},"primaryImageOfPage":{"@id":"https:\/\/idakorea.ee\/product\/tenzero-heartleaf-mild-soothing-sun-spf-50-pa\/#primaryimage"},"image":{"@id":"https:\/\/idakorea.ee\/product\/tenzero-heartleaf-mild-soothing-sun-spf-50-pa\/#primaryimage"},"thumbnailUrl":"https:\/\/idakorea.ee\/wp-content\/uploads\/2025\/05\/tenzero-heartleaf-mild-soothing-sun-idakorea.jpg","datePublished":"2025-05-25T14:13:04+00:00","dateModified":"2026-04-13T18:41:14+00:00","description":"Rauhoittava Tenzero Heartleaf Mild Soothing Sun Protector suojaa UV-s\u00e4teiden haitallisilta vaikutuksilta, hidastaa ik\u00e4\u00e4ntymisprosessia ja vaikuttaa rauhoittavasti.","breadcrumb":{"@id":"https:\/\/idakorea.ee\/product\/tenzero-heartleaf-mild-soothing-sun-spf-50-pa\/#breadcrumb"},"inLanguage":"fi","potentialAction":[{"@type":"ReadAction","target":["https:\/\/idakorea.ee\/product\/tenzero-heartleaf-mild-soothing-sun-spf-50-pa\/"]}]},{"@type":"ImageObject","inLanguage":"fi","@id":"https:\/\/idakorea.ee\/product\/tenzero-heartleaf-mild-soothing-sun-spf-50-pa\/#primaryimage","url":"https:\/\/idakorea.ee\/wp-content\/uploads\/2025\/05\/tenzero-heartleaf-mild-soothing-sun-idakorea.jpg","contentUrl":"https:\/\/idakorea.ee\/wp-content\/uploads\/2025\/05\/tenzero-heartleaf-mild-soothing-sun-idakorea.jpg","width":1000,"height":1000},{"@type":"BreadcrumbList","@id":"https:\/\/idakorea.ee\/product\/tenzero-heartleaf-mild-soothing-sun-spf-50-pa\/#breadcrumb","itemListElement":[{"@type":"ListItem","position":1,"name":"\u0413\u043b\u0430\u0432\u043d\u0430\u044f \u0441\u0442\u0440\u0430\u043d\u0438\u0446\u0430","item":"https:\/\/idakorea.ee\/"},{"@type":"ListItem","position":2,"name":"Shop","item":"https:\/\/idakorea.ee\/shop-2\/"},{"@type":"ListItem","position":3,"name":"Rahustav p\u00e4ikesekaitsekreem Tenzero Heartleaf Mild Soothing Sun SPF 50+\/PA++++, 50 ml"}]},{"@type":"WebSite","@id":"https:\/\/idakorea.ee\/#website","url":"https:\/\/idakorea.ee\/","name":"IDA.KOREA","description":"Korean kosmetiikan verkkokauppa","publisher":{"@id":"https:\/\/idakorea.ee\/#organization"},"alternateName":"Beauty Shop","potentialAction":[{"@type":"SearchAction","target":{"@type":"EntryPoint","urlTemplate":"https:\/\/idakorea.ee\/?s={search_term_string}"},"query-input":{"@type":"PropertyValueSpecification","valueRequired":true,"valueName":"search_term_string"}}],"inLanguage":"fi"},{"@type":"Organization","@id":"https:\/\/idakorea.ee\/#organization","name":"IDA.KOREA","url":"https:\/\/idakorea.ee\/","logo":{"@type":"ImageObject","inLanguage":"fi","@id":"https:\/\/idakorea.ee\/#\/schema\/logo\/image\/","url":"https:\/\/idakorea.ee\/wp-content\/uploads\/2024\/05\/cropped-korea3.png","contentUrl":"https:\/\/idakorea.ee\/wp-content\/uploads\/2024\/05\/cropped-korea3.png","width":688,"height":126,"caption":"IDA.KOREA"},"image":{"@id":"https:\/\/idakorea.ee\/#\/schema\/logo\/image\/"},"sameAs":["https:\/\/www.instagram.com\/ida.korea\/"]}]}},"jetpack_sharing_enabled":true,"brands":[{"id":519,"name":"TENZERO","slug":"tenzero"}],"_links":{"self":[{"href":"https:\/\/idakorea.ee\/fi\/wp-json\/wp\/v2\/product\/14224","targetHints":{"allow":["GET"]}}],"collection":[{"href":"https:\/\/idakorea.ee\/fi\/wp-json\/wp\/v2\/product"}],"about":[{"href":"https:\/\/idakorea.ee\/fi\/wp-json\/wp\/v2\/types\/product"}],"replies":[{"embeddable":true,"href":"https:\/\/idakorea.ee\/fi\/wp-json\/wp\/v2\/comments?post=14224"}],"version-history":[{"count":2,"href":"https:\/\/idakorea.ee\/fi\/wp-json\/wp\/v2\/product\/14224\/revisions"}],"predecessor-version":[{"id":14229,"href":"https:\/\/idakorea.ee\/fi\/wp-json\/wp\/v2\/product\/14224\/revisions\/14229"}],"wp:featuredmedia":[{"embeddable":true,"href":"https:\/\/idakorea.ee\/fi\/wp-json\/wp\/v2\/media\/14225"}],"wp:attachment":[{"href":"https:\/\/idakorea.ee\/fi\/wp-json\/wp\/v2\/media?parent=14224"}],"wp:term":[{"taxonomy":"pwb-brand","embeddable":true,"href":"https:\/\/idakorea.ee\/fi\/wp-json\/wp\/v2\/pwb-brand?post=14224"},{"taxonomy":"product_brand","embeddable":true,"href":"https:\/\/idakorea.ee\/fi\/wp-json\/wp\/v2\/product_brand?post=14224"},{"taxonomy":"product_cat","embeddable":true,"href":"https:\/\/idakorea.ee\/fi\/wp-json\/wp\/v2\/product_cat?post=14224"},{"taxonomy":"product_tag","embeddable":true,"href":"https:\/\/idakorea.ee\/fi\/wp-json\/wp\/v2\/product_tag?post=14224"}],"curies":[{"name":"wp","href":"https:\/\/api.w.org\/{rel}","templated":true}]}}